{"id":4830,"date":"2022-02-20T16:34:51","date_gmt":"2022-02-20T16:34:51","guid":{"rendered":"https:\/\/medicinasinc.com\/es\/?post_type=product&#038;p=4830"},"modified":"2022-03-22T01:03:11","modified_gmt":"2022-03-22T01:03:11","slug":"comprar-cristal-metanfetamina","status":"publish","type":"product","link":"https:\/\/medicinasinc.com\/es\/product\/comprar-cristal-metanfetamina\/","title":{"rendered":"Comprar metanfetamina cristalina"},"content":{"rendered":"<p>D\u00f3nde comprar Crystal Meth: metanfetamina<\/p>\n<p>Dispuesto a comprar Crystal Meth, tambi\u00e9n conocida como metanfetamina de piedra preciosa, es un medicamento estimulante del Sistema Nervioso Central (SNC) que tiene numerosas similitudes con las anfetaminas, el segundo clase m\u00e1s popular de medicamentos ilegales, detr\u00e1s de maryjane.<br \/> Al igual que con la anfetamina, promueve una mayor actividad, disminuye el hambre y una sensaci\u00f3n general de bienestar.<\/p>\n<p>Hay algunos usos medicinales reconocidos para Crystal Meth: metanfetamina, incluido el tratamiento de la narcolepsia, la falta de capacidad para concentrarse constantemente y para uso moment\u00e1neo, como la corpulencia; sin embargo, estos usos medicinales son limitados.<\/p>\n<p>Crystal Meth, como la coca\u00edna, se puede fumar. Chemical Inc. vende Crystal Meth: metanfetamina.<\/p>\n<p>Las metanfetaminas se usan para tratar las siguientes afecciones:<\/p>\n<p>ADHDsNarcolepsia<\/p>\n<p>Las aplicaciones m\u00e9dicas son limitadas.<\/p>\n<p>Crystal Meth: la metanfetamina, como la coca\u00edna, se puede fumar.<\/p>\n<p>Compre Crystal Meth usando Bitcoins<\/p>\n<p>Crystal Meth: la metanfetamina se usa para tratar las siguientes afecciones:<\/p>\n<p>Obesidad Hiperactividad Trastorno Narcolepsia Como resultado, promueve una mayor acci\u00f3n, disminuci\u00f3n del hambre y una sensaci\u00f3n general de prosperidad. Cuando se usa en exceso, tiene efectos progresivamente destructivos en el sistema sensorial primario.<br \/> Si cree que puede haberse quedado embarazada mientras tomaba el medicamento, comun\u00edquese con su especialista de inmediato para evitar complicaciones.<br \/> Si sufre de problemas card\u00edacos,<\/p>\n<p>Las metanfetaminas tienen una serie de consecuencias negativas, incluidas las siguientes:<\/p>\n<p>Aumento del pulso<br \/> Aumento de la temperatura corporal<br \/> Aumento del ritmo al cual se relaja<br \/> Estudiantes con pupilas dilatadas<br \/> Temblores Emociones de \u00e9xtasis<br \/> Ansiedad aumentada<br \/> Irritabilidad<br \/> Paranoia<br \/> Comportamiento violento y evasivo<br \/> Hiperactividad en de forma temporal Consulte a un especialista sobre las opciones terap\u00e9uticas.<\/p>\n<p>Evitar una porci\u00f3n de Metanfetaminas no es dif\u00edcil, pero debe evitar tomar medidas dobles.<\/p>\n<p>&nbsp;<\/p>\n<p> &nbsp;<\/p>\n<p>&nbsp;<\/p>\n<p>&nbsp;<\/p>\n<p>&nbsp;<\/p>\n<p>&nbsp;<\/p>\n<p>Si bien la metanfetamina est\u00e1 destinada a mantener el enfoque, qu Si se abusa de \u00e9l, puede provocar f\u00e1cilmente problemas m\u00e9dicos graves, por lo que buscar asistencia de crisis de profesionales de la salud calificados es el mejor curso de acci\u00f3n.<\/p>\n<p>&nbsp;<\/p>\n<p>&nbsp;<\/p>\n<p>&nbsp;<\/p>\n<p>&nbsp;<\/p>\n<p>&nbsp;<\/p>\n<p>&nbsp;<\/p>\n<p>Los mejores medicamentos globales. ofrece Crystal Meth \u2013 metanfetamina a la venta en l\u00ednea.<\/p>\n<p>Adem\u00e1s, mantenga las metanfetaminas a temperatura ambiente en \u00e1reas sin luz ni calor. Del mismo modo, no deseche este medicamento. Sus hijos y mascotas no deben estar expuestos a este medicamento de ninguna manera.<\/p>\n<p>Sin embargo, puede comprar Crystal Meth \u2013 Metanfetamina en l\u00ednea del minorista en l\u00ednea de mayor reputaci\u00f3n: Chemical Inc.<\/p>\n<p> Compre metanfetaminas sin receta, las metanfetaminas est\u00e1n disponibles para comprar en l\u00ednea al mejor precio posible.<br \/> \u00a1Compre los medicamentos m\u00e1s efectivos ahora mismo!<br \/> Compra en l\u00ednea de Crystal Meth<\/p>\n<p>Los usuarios de metanfetamina deben buscar tratamiento inmediato.<\/p>\n<p>Si bien muchos s\u00edntomas f\u00edsicos pueden revertirse con el tratamiento adecuado, el envejecimiento avanzado y las caries dentales son m\u00e1s dif\u00edciles de revertir, y el da\u00f1o suele ser irreversible.<\/p>\n<p>Adem\u00e1s, el uso de metanfetamina puede resultar en psicosis, o comportamiento psic\u00f3tico, en el cual los usuarios pierden el contacto con la realidad y experimentan delirios severos, paranoia, alucinaciones y comportamiento obsesivo que les impide comprender verdaderamente el da\u00f1o que se est\u00e1n causando a s\u00ed mismos.<\/p>\n<p>Eso es fundamental para que el adicto busque ayuda de inmediato, o de lo contrario sufrir\u00e1 estas consecuencias f\u00edsicas y psicol\u00f3gicas, as\u00ed como otros s\u00edntomas comunes, como relaciones destruidas, indigencia financiera y cargos penales.<\/p>\n<p>Casi todas las familias se ven afectadas por la adicci\u00f3n, que causa estragos en la salud f\u00edsica y mental, las relaciones y las finanzas personales. madres, padres, hermanos, hermanas, hijas e hijos est\u00e1n todos incluidos en esta categor\u00eda.<\/p>\n<p>Nadie es inmune a las terribles consecuencias a largo plazo del abuso de drogas duras.<br \/> Lo que sigue es una descripci\u00f3n aleccionadora de Personas REALES.<\/p>\n<p>Hemos sucumbido al encanto del consumo de drogas, en este caso, la metanfetamina, y sus consecuencias devastadoras son muy evidentes.<br \/> Si usted o un ser querido est\u00e1 luchando con una adicci\u00f3n a la metanfetamina, o si est\u00e1 interesado en obtener m\u00e1s informaci\u00f3n, visite los siguientes sitios web para obtener ayuda con la recuperaci\u00f3n.<\/p>\n<p>&nbsp;<\/p>\n<p>efectos secundarios de la metanfetamina, estructura de la metanfetamina, cu\u00e1nto dura la metanfetamina permanecer en su sistema, c\u00f3mo fumar metanfetamina, hero\u00edna, coca\u00edna, metanfetamina, cigarrillos y alcohol son todos ejemplos de ________., metanfetamina rosa, inhalaci\u00f3n de metanfetamina cristalina, precios de la metanfetamina \u00bfQu\u00e9 sabor tiene la metanfetamina, cu\u00e1nto tiempo permanece en la orina? , y \u00bfc\u00f3mo se ve la metanfetamina? s\u00faper metanfetamina, efectos secundarios de la metanfetamina, estructura de la metanfetamina, cu\u00e1nto tiempo permanece la metanfetamina en su sistema, c\u00f3mo fumar metanfetamina, hero\u00edna, coca\u00edna, metanfetamina, cigarrillos y alcohol son todos ejemplos de ________., metanfetamina rosa, metanfetamina de cristal inhalada, precios de la metanfetamina \u00bfA qu\u00e9 sabe la metanfetamina, cu\u00e1nto tiempo permanece en la orina y c\u00f3mo se ve la metanfetamina? metanfetamina suprema<\/p>\n","protected":false},"excerpt":{"rendered":"<p>Compre Crystal Meth para la venta Reino Unido, Europa Asia, metanfetamina en l\u00ednea compre metanfetamina con nosotros, podemos enviarle desde cualquier lugar del mundo.<\/p>\n<p>Compre crystal meth en l\u00ednea P\u00edldoras: compre metanfetamina cristalina pura al 96,8 por ciento \u2013 D\u00f3nde comprar metanfetamina en l\u00ednea \u2013 Compre metanfetamina pura al 96,8 % \u2013 Compre metanfetamina en l\u00ednea<\/p>\n","protected":false},"featured_media":4844,"comment_status":"open","ping_status":"closed","template":"","meta":[],"product_brand":[],"product_cat":[703],"product_tag":[720,704,705,706,707,709,712,714,715,716,710,711,723,713,722,708,719,721,718,717,724],"class_list":{"0":"post-4830","1":"product","2":"type-product","3":"status-publish","4":"has-post-thumbnail","6":"product_cat-comprar-drogas-psicodelicas","7":"product_tag-cmo-se-fuma-la-metanfetamina","8":"product_tag-buy-crystal-meth-in-australia","9":"product_tag-buy-crystal-meth-in-france","10":"product_tag-buy-crystal-meth-in-germany","11":"product_tag-buy-crystal-meth-in-spain","12":"product_tag-crystal-meth-australia","13":"product_tag-crystal-meth-alemania","14":"product_tag-crystal-meth-pipe","15":"product_tag-crystal-meth-spain","16":"product_tag-crystal-meth-suecia","17":"product_tag-cristal-meth-drogas","18":"product_tag-efectos-de-la-metanfetamina","19":"product_tag-inhalar-metanfetamina","20":"product_tag-imagen-de-metanfetamina-de-cristal","21":"product_tag-fotos-de-metanfetamina-de-cristal","22":"product_tag-metanfetamina-de-cristal","23":"product_tag-metanfetamina-de-cristal-falso","24":"product_tag-meth-crystal","25":"product_tag-crystal-meth-vendor-usa","26":"product_tag-crystal-meth-vendor-francia","27":"product_tag-qu-es-la-metanfetamina","29":"first","30":"instock","31":"shipping-taxable","32":"purchasable","33":"product-type-variable"},"yoast_head":"<!-- This site is optimized with the Yoast SEO plugin v27.3 - https:\/\/yoast.com\/product\/yoast-seo-wordpress\/ -->\n<title>Comprar Crystal Meth - Metanfetamina - Best Best Global Meds<\/title>\n<meta name=\"description\" content=\"Compre Crystal Meth a la venta en el Reino Unido, Europa, Asia, metanfetamina en l\u00ednea. Compre metanfetamina con nosotros, podemos entregarlo desde cualquier lugar del mundo.\" \/>\n<meta name=\"robots\" content=\"index, follow, max-snippet:-1, max-image-preview:large, max-video-preview:-1\" \/>\n<link rel=\"canonical\" href=\"https:\/\/medicinasinc.com\/es\/product\/comprar-cristal-metanfetamina\/\" \/>\n<meta property=\"og:locale\" content=\"es_ES\" \/>\n<meta property=\"og:type\" content=\"article\" \/>\n<meta property=\"og:title\" content=\"Comprar Crystal Meth - Metanfetamina - Best Best Global Meds\" \/>\n<meta property=\"og:description\" content=\"Compre Crystal Meth a la venta en el Reino Unido, Europa, Asia, metanfetamina en l\u00ednea. Compre metanfetamina con nosotros, podemos entregarlo desde cualquier lugar del mundo.\" \/>\n<meta property=\"og:url\" content=\"https:\/\/medicinasinc.com\/es\/product\/comprar-cristal-metanfetamina\/\" \/>\n<meta property=\"og:site_name\" content=\"Medicinas Inc\" \/>\n<meta property=\"article:modified_time\" content=\"2022-03-22T01:03:11+00:00\" \/>\n<meta property=\"og:image\" content=\"https:\/\/medicinasinc.com\/es\/wp-content\/uploads\/sites\/15\/2022\/02\/Buy-Crystal-Meth-1.jpg\" \/>\n\t<meta property=\"og:image:width\" content=\"1024\" \/>\n\t<meta property=\"og:image:height\" content=\"768\" \/>\n\t<meta property=\"og:image:type\" content=\"image\/jpeg\" \/>\n<meta name=\"twitter:card\" content=\"summary_large_image\" \/>\n<meta name=\"twitter:label1\" content=\"Tiempo de lectura\" \/>\n\t<meta name=\"twitter:data1\" content=\"4 minutos\" \/>\n<script type=\"application\/ld+json\" class=\"yoast-schema-graph\">{\"@context\":\"https:\\\/\\\/schema.org\",\"@graph\":[{\"@type\":\"WebPage\",\"@id\":\"https:\\\/\\\/medicinasinc.com\\\/es\\\/product\\\/comprar-cristal-metanfetamina\\\/\",\"url\":\"https:\\\/\\\/medicinasinc.com\\\/es\\\/product\\\/comprar-cristal-metanfetamina\\\/\",\"name\":\"Comprar Crystal Meth - Metanfetamina - Best Best Global Meds\",\"isPartOf\":{\"@id\":\"https:\\\/\\\/medicinasinc.com\\\/es\\\/#website\"},\"primaryImageOfPage\":{\"@id\":\"https:\\\/\\\/medicinasinc.com\\\/es\\\/product\\\/comprar-cristal-metanfetamina\\\/#primaryimage\"},\"image\":{\"@id\":\"https:\\\/\\\/medicinasinc.com\\\/es\\\/product\\\/comprar-cristal-metanfetamina\\\/#primaryimage\"},\"thumbnailUrl\":\"https:\\\/\\\/medicinasinc.com\\\/es\\\/wp-content\\\/uploads\\\/sites\\\/15\\\/2022\\\/02\\\/Buy-Crystal-Meth-1.jpg\",\"datePublished\":\"2022-02-20T16:34:51+00:00\",\"dateModified\":\"2022-03-22T01:03:11+00:00\",\"description\":\"Compre Crystal Meth a la venta en el Reino Unido, Europa, Asia, metanfetamina en l\u00ednea. Compre metanfetamina con nosotros, podemos entregarlo desde cualquier lugar del mundo.\",\"breadcrumb\":{\"@id\":\"https:\\\/\\\/medicinasinc.com\\\/es\\\/product\\\/comprar-cristal-metanfetamina\\\/#breadcrumb\"},\"inLanguage\":\"es\",\"potentialAction\":[{\"@type\":\"ReadAction\",\"target\":[\"https:\\\/\\\/medicinasinc.com\\\/es\\\/product\\\/comprar-cristal-metanfetamina\\\/\"]}]},{\"@type\":\"ImageObject\",\"inLanguage\":\"es\",\"@id\":\"https:\\\/\\\/medicinasinc.com\\\/es\\\/product\\\/comprar-cristal-metanfetamina\\\/#primaryimage\",\"url\":\"https:\\\/\\\/medicinasinc.com\\\/es\\\/wp-content\\\/uploads\\\/sites\\\/15\\\/2022\\\/02\\\/Buy-Crystal-Meth-1.jpg\",\"contentUrl\":\"https:\\\/\\\/medicinasinc.com\\\/es\\\/wp-content\\\/uploads\\\/sites\\\/15\\\/2022\\\/02\\\/Buy-Crystal-Meth-1.jpg\",\"width\":1024,\"height\":768},{\"@type\":\"BreadcrumbList\",\"@id\":\"https:\\\/\\\/medicinasinc.com\\\/es\\\/product\\\/comprar-cristal-metanfetamina\\\/#breadcrumb\",\"itemListElement\":[{\"@type\":\"ListItem\",\"position\":1,\"name\":\"Tienda\",\"item\":\"https:\\\/\\\/medicinasinc.com\\\/es\\\/tienda\\\/\"},{\"@type\":\"ListItem\",\"position\":2,\"name\":\"Comprar metanfetamina cristalina\"}]},{\"@type\":\"WebSite\",\"@id\":\"https:\\\/\\\/medicinasinc.com\\\/es\\\/#website\",\"url\":\"https:\\\/\\\/medicinasinc.com\\\/es\\\/\",\"name\":\"Medicinas Inc\",\"description\":\"Cl\u00ednica M\u00e9dica de Salud\",\"potentialAction\":[{\"@type\":\"SearchAction\",\"target\":{\"@type\":\"EntryPoint\",\"urlTemplate\":\"https:\\\/\\\/medicinasinc.com\\\/es\\\/?s={search_term_string}\"},\"query-input\":{\"@type\":\"PropertyValueSpecification\",\"valueRequired\":true,\"valueName\":\"search_term_string\"}}],\"inLanguage\":\"es\"}]}<\/script>\n<!-- \/ Yoast SEO plugin. -->","yoast_head_json":{"title":"Comprar Crystal Meth - Metanfetamina - Best Best Global Meds","description":"Compre Crystal Meth a la venta en el Reino Unido, Europa, Asia, metanfetamina en l\u00ednea. Compre metanfetamina con nosotros, podemos entregarlo desde cualquier lugar del mundo.","robots":{"index":"index","follow":"follow","max-snippet":"max-snippet:-1","max-image-preview":"max-image-preview:large","max-video-preview":"max-video-preview:-1"},"canonical":"https:\/\/medicinasinc.com\/es\/product\/comprar-cristal-metanfetamina\/","og_locale":"es_ES","og_type":"article","og_title":"Comprar Crystal Meth - Metanfetamina - Best Best Global Meds","og_description":"Compre Crystal Meth a la venta en el Reino Unido, Europa, Asia, metanfetamina en l\u00ednea. Compre metanfetamina con nosotros, podemos entregarlo desde cualquier lugar del mundo.","og_url":"https:\/\/medicinasinc.com\/es\/product\/comprar-cristal-metanfetamina\/","og_site_name":"Medicinas Inc","article_modified_time":"2022-03-22T01:03:11+00:00","og_image":[{"width":1024,"height":768,"url":"https:\/\/medicinasinc.com\/es\/wp-content\/uploads\/sites\/15\/2022\/02\/Buy-Crystal-Meth-1.jpg","type":"image\/jpeg"}],"twitter_card":"summary_large_image","twitter_misc":{"Tiempo de lectura":"4 minutos"},"schema":{"@context":"https:\/\/schema.org","@graph":[{"@type":"WebPage","@id":"https:\/\/medicinasinc.com\/es\/product\/comprar-cristal-metanfetamina\/","url":"https:\/\/medicinasinc.com\/es\/product\/comprar-cristal-metanfetamina\/","name":"Comprar Crystal Meth - Metanfetamina - Best Best Global Meds","isPartOf":{"@id":"https:\/\/medicinasinc.com\/es\/#website"},"primaryImageOfPage":{"@id":"https:\/\/medicinasinc.com\/es\/product\/comprar-cristal-metanfetamina\/#primaryimage"},"image":{"@id":"https:\/\/medicinasinc.com\/es\/product\/comprar-cristal-metanfetamina\/#primaryimage"},"thumbnailUrl":"https:\/\/medicinasinc.com\/es\/wp-content\/uploads\/sites\/15\/2022\/02\/Buy-Crystal-Meth-1.jpg","datePublished":"2022-02-20T16:34:51+00:00","dateModified":"2022-03-22T01:03:11+00:00","description":"Compre Crystal Meth a la venta en el Reino Unido, Europa, Asia, metanfetamina en l\u00ednea. Compre metanfetamina con nosotros, podemos entregarlo desde cualquier lugar del mundo.","breadcrumb":{"@id":"https:\/\/medicinasinc.com\/es\/product\/comprar-cristal-metanfetamina\/#breadcrumb"},"inLanguage":"es","potentialAction":[{"@type":"ReadAction","target":["https:\/\/medicinasinc.com\/es\/product\/comprar-cristal-metanfetamina\/"]}]},{"@type":"ImageObject","inLanguage":"es","@id":"https:\/\/medicinasinc.com\/es\/product\/comprar-cristal-metanfetamina\/#primaryimage","url":"https:\/\/medicinasinc.com\/es\/wp-content\/uploads\/sites\/15\/2022\/02\/Buy-Crystal-Meth-1.jpg","contentUrl":"https:\/\/medicinasinc.com\/es\/wp-content\/uploads\/sites\/15\/2022\/02\/Buy-Crystal-Meth-1.jpg","width":1024,"height":768},{"@type":"BreadcrumbList","@id":"https:\/\/medicinasinc.com\/es\/product\/comprar-cristal-metanfetamina\/#breadcrumb","itemListElement":[{"@type":"ListItem","position":1,"name":"Tienda","item":"https:\/\/medicinasinc.com\/es\/tienda\/"},{"@type":"ListItem","position":2,"name":"Comprar metanfetamina cristalina"}]},{"@type":"WebSite","@id":"https:\/\/medicinasinc.com\/es\/#website","url":"https:\/\/medicinasinc.com\/es\/","name":"Medicinas Inc","description":"Cl\u00ednica M\u00e9dica de Salud","potentialAction":[{"@type":"SearchAction","target":{"@type":"EntryPoint","urlTemplate":"https:\/\/medicinasinc.com\/es\/?s={search_term_string}"},"query-input":{"@type":"PropertyValueSpecification","valueRequired":true,"valueName":"search_term_string"}}],"inLanguage":"es"}]}},"_links":{"self":[{"href":"https:\/\/medicinasinc.com\/es\/wp-json\/wp\/v2\/product\/4830","targetHints":{"allow":["GET"]}}],"collection":[{"href":"https:\/\/medicinasinc.com\/es\/wp-json\/wp\/v2\/product"}],"about":[{"href":"https:\/\/medicinasinc.com\/es\/wp-json\/wp\/v2\/types\/product"}],"replies":[{"embeddable":true,"href":"https:\/\/medicinasinc.com\/es\/wp-json\/wp\/v2\/comments?post=4830"}],"wp:featuredmedia":[{"embeddable":true,"href":"https:\/\/medicinasinc.com\/es\/wp-json\/wp\/v2\/media\/4844"}],"wp:attachment":[{"href":"https:\/\/medicinasinc.com\/es\/wp-json\/wp\/v2\/media?parent=4830"}],"wp:term":[{"taxonomy":"product_brand","embeddable":true,"href":"https:\/\/medicinasinc.com\/es\/wp-json\/wp\/v2\/product_brand?post=4830"},{"taxonomy":"product_cat","embeddable":true,"href":"https:\/\/medicinasinc.com\/es\/wp-json\/wp\/v2\/product_cat?post=4830"},{"taxonomy":"product_tag","embeddable":true,"href":"https:\/\/medicinasinc.com\/es\/wp-json\/wp\/v2\/product_tag?post=4830"}],"curies":[{"name":"wp","href":"https:\/\/api.w.org\/{rel}","templated":true}]}}