{"id":4829,"date":"2022-02-20T16:33:58","date_gmt":"2022-02-20T16:33:58","guid":{"rendered":"https:\/\/medicinasinc.com\/es\/?post_type=product&#038;p=4829"},"modified":"2022-03-22T01:03:21","modified_gmt":"2022-03-22T01:03:21","slug":"comprar-liquido-lsd","status":"publish","type":"product","link":"https:\/\/medicinasinc.com\/es\/product\/comprar-liquido-lsd\/","title":{"rendered":"Comprar LSD L\u00edquido"},"content":{"rendered":"<p>Compre LSD l\u00edquido con descuento en l\u00ednea<\/p>\n<p>Al igual que Green Crack (y no debe confundirse con LSD), Acid es una cepa que lleva el nombre de una sustancia ligeramente psicoactiva. A fin de cuentas, Acid posee fuerza, combinando efectos contrarios a la intuici\u00f3n con una fragancia desconcertante. Acid es una variedad desarrollada por Paradise Seeds, los criadores de Delahaze y Sensi Star. Se deriva de las caracter\u00edsticas hereditarias de la cepa New York Sour Diesel m\u00e1s popular. Su encanto le vali\u00f3 el tercer puesto en la Copa THC Valencia 2016 de Espa\u00f1a a la mejor flor cultivada en interior. Se ha estimado que el contenido de THC de Corrosive est\u00e1 entre el 16 y el 23 %.<\/p>\n<p>Corrosive deslumbra con flores estimadas de medianas a enormes que tienen una forma articulada en forma de pala, que se asemeja a \u00e1rboles de Navidad en miniatura, apret\u00e1ndose desde una base redonda ancha hasta una punta puntiaguda. Con su estructura compacta y densa, estos cogollos son inequ\u00edvocamente de dominancia \u00edndica. Las hojas son de un verde oscuro y est\u00e1n retorcidas con pistilos ondulados de color tierra. Por \u00faltimo, los tricomas blancos y brillantes cubren las superficies interna y externa de las flores de Acid, impartiendo las propiedades psicoactivas de la variedad y haciendo que los cogollos sean extremadamente dif\u00edciles de separar sin la ayuda de un procesador.<\/p>\n<p>Cuando se alivia adecuadamente, Acid tiene una Fragancia ligeramente \u00e1cida, que se compensa con un fuerte sabor a c\u00edtricos. Del mismo modo, hay notas de fondo s\u00f3lidas y almizcladas que recuerdan a la tierra h\u00fameda y al incienso. Mientras tanto, la separaci\u00f3n o la granulaci\u00f3n de estos cogollos densos produce el gas de escape astringente que le da a la variedad original New York Sour Diesel su sabor fuerte y conocido. Cuando los combustibles se encienden en una l\u00ednea o en un empalme, Acid produce un humo suave y f\u00e1cil de ingerir. Al exhalar, este humo denso deja un regusto a lim\u00f3n y diesel.<\/p>\n<p>El subid\u00f3n de Corrosive comienza gradualmente y distorsiona la percepci\u00f3n del fumador de sus mejoras exteriores. Ciertos sonidos pueden amplificarse, como si se generaran dentro de una c\u00e1mara de reverberaci\u00f3n. Adem\u00e1s, los tonos distintos y las luces brillantes pueden adquirir un nuevo significado. Cuando estos efectos tangibles se vuelven abrumadores, comienzan a manifestarse maravillas alucin\u00f3genas m\u00e1s v\u00edvidas, similares a contorsiones internas y externas de percepci\u00f3n y una s\u00f3lida sensaci\u00f3n de expansi\u00f3n del tiempo. Los fumadores pueden experimentar un peso deliberado alrededor de los santuarios y los \u00f3rganos linf\u00e1ticos con el tiempo, as\u00ed como un ligero aumento de la salivaci\u00f3n. Estos escalofr\u00edos se convierten en oleadas de relajaci\u00f3n que recorren la columna vertebral y salen a trav\u00e9s del sistema nervioso central y sus ap\u00e9ndices. Si bien es posible que estos efectos de alivio no inmovilicen por completo a los clientes, es posible que se sientan obligados a relajarse en los factores ambientales agradables m\u00e1s cercanos.<\/p>\n<p>El subid\u00f3n de Corrosive tambi\u00e9n se caracteriza por una mentalidad cerebral en la que el fumador puede conectarse con pensamientos o ideas inusuales. , encontr\u00e1ndolos m\u00e1s fascinantes de lo que son en cualquier caso. Tal razonamiento conocido abiertamente puede ser un m\u00e9todo eficaz para descubrir soluciones novedosas a problemas desconcertantes o para gestionar mandados de trabajo espec\u00edficos. Con el tiempo, o a medida que aumenta la medida, los efectos psicol\u00f3gicos del \u00e1cido se vuelven m\u00e1s maravillosos que obvios, lo que hace que cualquier eficiencia anterior sea nula e inv\u00e1lida. Debido a su p\u00e9rdida progresiva de energ\u00eda, esta variedad se disfruta mejor al final de la tarde o por la noche.<\/p>\n<p>LSD l\u00edquido 200ug\/gota, venta de \u00e1cido en l\u00ednea, venta de LSD en l\u00ednea, compra de lsd en l\u00ednea, \u00e1cido de LSD a la venta en l\u00ednea, tienda en l\u00ednea de lsd, lsd l\u00edquido a la venta, \u00e1cido a la venta en l\u00ednea<\/p>\n","protected":false},"excerpt":{"rendered":"<p>Comprar LSD en l\u00ednea LSD l\u00edquido, detalles La lisergida (LSD) es un alucin\u00f3geno semisint\u00e9tico y es una de las drogas m\u00e1s potentes que se conocen. Uso recreativo.<\/p>\n<p>Compra online LSD l\u00edquido a bajo coste. LSD l\u00edquido aut\u00e9ntico en venta online | Comprar LSD l\u00edquido en l\u00ednea | Comprar LSD l\u00edquido para la venta| Comprar LSD l\u00edquido barato | D\u00f3nde comprar LSD l\u00edquido en l\u00ednea<\/p>\n","protected":false},"featured_media":4842,"comment_status":"open","ping_status":"closed","template":"","meta":[],"product_brand":[],"product_cat":[703],"product_tag":[],"class_list":{"0":"post-4829","1":"product","2":"type-product","3":"status-publish","4":"has-post-thumbnail","6":"product_cat-comprar-drogas-psicodelicas","8":"first","9":"instock","10":"shipping-taxable","11":"purchasable","12":"product-type-variable","13":"has-default-attributes"},"yoast_head":"<!-- This site is optimized with the Yoast SEO plugin v27.3 - https:\/\/yoast.com\/product\/yoast-seo-wordpress\/ -->\n<title>Comprar Liquid LSD - Best Best Global Meds<\/title>\n<meta name=\"description\" content=\"Compre LSD en l\u00ednea LSD l\u00edquido, detalles La lisergida (LSD) es un alucin\u00f3geno semisint\u00e9tico y es una de las drogas m\u00e1s potentes que se conocen. Uso recreacional .\" \/>\n<meta name=\"robots\" content=\"index, follow, max-snippet:-1, max-image-preview:large, max-video-preview:-1\" \/>\n<link rel=\"canonical\" href=\"https:\/\/medicinasinc.com\/es\/product\/comprar-liquido-lsd\/\" \/>\n<meta property=\"og:locale\" content=\"es_ES\" \/>\n<meta property=\"og:type\" content=\"article\" \/>\n<meta property=\"og:title\" content=\"Comprar Liquid LSD - Best Best Global Meds\" \/>\n<meta property=\"og:description\" content=\"Compre LSD en l\u00ednea LSD l\u00edquido, detalles La lisergida (LSD) es un alucin\u00f3geno semisint\u00e9tico y es una de las drogas m\u00e1s potentes que se conocen. Uso recreacional .\" \/>\n<meta property=\"og:url\" content=\"https:\/\/medicinasinc.com\/es\/product\/comprar-liquido-lsd\/\" \/>\n<meta property=\"og:site_name\" content=\"Medicinas Inc\" \/>\n<meta property=\"article:modified_time\" content=\"2022-03-22T01:03:21+00:00\" \/>\n<meta property=\"og:image\" content=\"https:\/\/medicinasinc.com\/es\/wp-content\/uploads\/sites\/15\/2022\/02\/Buy-Liquid-LSD.jpg\" \/>\n\t<meta property=\"og:image:width\" content=\"512\" \/>\n\t<meta property=\"og:image:height\" content=\"512\" \/>\n\t<meta property=\"og:image:type\" content=\"image\/jpeg\" \/>\n<meta name=\"twitter:card\" content=\"summary_large_image\" \/>\n<meta name=\"twitter:label1\" content=\"Tiempo de lectura\" \/>\n\t<meta name=\"twitter:data1\" content=\"3 minutos\" \/>\n<script type=\"application\/ld+json\" class=\"yoast-schema-graph\">{\"@context\":\"https:\\\/\\\/schema.org\",\"@graph\":[{\"@type\":\"WebPage\",\"@id\":\"https:\\\/\\\/medicinasinc.com\\\/es\\\/product\\\/comprar-liquido-lsd\\\/\",\"url\":\"https:\\\/\\\/medicinasinc.com\\\/es\\\/product\\\/comprar-liquido-lsd\\\/\",\"name\":\"Comprar Liquid LSD - Best Best Global Meds\",\"isPartOf\":{\"@id\":\"https:\\\/\\\/medicinasinc.com\\\/es\\\/#website\"},\"primaryImageOfPage\":{\"@id\":\"https:\\\/\\\/medicinasinc.com\\\/es\\\/product\\\/comprar-liquido-lsd\\\/#primaryimage\"},\"image\":{\"@id\":\"https:\\\/\\\/medicinasinc.com\\\/es\\\/product\\\/comprar-liquido-lsd\\\/#primaryimage\"},\"thumbnailUrl\":\"https:\\\/\\\/medicinasinc.com\\\/es\\\/wp-content\\\/uploads\\\/sites\\\/15\\\/2022\\\/02\\\/Buy-Liquid-LSD.jpg\",\"datePublished\":\"2022-02-20T16:33:58+00:00\",\"dateModified\":\"2022-03-22T01:03:21+00:00\",\"description\":\"Compre LSD en l\u00ednea LSD l\u00edquido, detalles La lisergida (LSD) es un alucin\u00f3geno semisint\u00e9tico y es una de las drogas m\u00e1s potentes que se conocen. Uso recreacional .\",\"breadcrumb\":{\"@id\":\"https:\\\/\\\/medicinasinc.com\\\/es\\\/product\\\/comprar-liquido-lsd\\\/#breadcrumb\"},\"inLanguage\":\"es\",\"potentialAction\":[{\"@type\":\"ReadAction\",\"target\":[\"https:\\\/\\\/medicinasinc.com\\\/es\\\/product\\\/comprar-liquido-lsd\\\/\"]}]},{\"@type\":\"ImageObject\",\"inLanguage\":\"es\",\"@id\":\"https:\\\/\\\/medicinasinc.com\\\/es\\\/product\\\/comprar-liquido-lsd\\\/#primaryimage\",\"url\":\"https:\\\/\\\/medicinasinc.com\\\/es\\\/wp-content\\\/uploads\\\/sites\\\/15\\\/2022\\\/02\\\/Buy-Liquid-LSD.jpg\",\"contentUrl\":\"https:\\\/\\\/medicinasinc.com\\\/es\\\/wp-content\\\/uploads\\\/sites\\\/15\\\/2022\\\/02\\\/Buy-Liquid-LSD.jpg\",\"width\":512,\"height\":512},{\"@type\":\"BreadcrumbList\",\"@id\":\"https:\\\/\\\/medicinasinc.com\\\/es\\\/product\\\/comprar-liquido-lsd\\\/#breadcrumb\",\"itemListElement\":[{\"@type\":\"ListItem\",\"position\":1,\"name\":\"Tienda\",\"item\":\"https:\\\/\\\/medicinasinc.com\\\/es\\\/tienda\\\/\"},{\"@type\":\"ListItem\",\"position\":2,\"name\":\"Comprar LSD L\u00edquido\"}]},{\"@type\":\"WebSite\",\"@id\":\"https:\\\/\\\/medicinasinc.com\\\/es\\\/#website\",\"url\":\"https:\\\/\\\/medicinasinc.com\\\/es\\\/\",\"name\":\"Medicinas Inc\",\"description\":\"Cl\u00ednica M\u00e9dica de Salud\",\"potentialAction\":[{\"@type\":\"SearchAction\",\"target\":{\"@type\":\"EntryPoint\",\"urlTemplate\":\"https:\\\/\\\/medicinasinc.com\\\/es\\\/?s={search_term_string}\"},\"query-input\":{\"@type\":\"PropertyValueSpecification\",\"valueRequired\":true,\"valueName\":\"search_term_string\"}}],\"inLanguage\":\"es\"}]}<\/script>\n<!-- \/ Yoast SEO plugin. -->","yoast_head_json":{"title":"Comprar Liquid LSD - Best Best Global Meds","description":"Compre LSD en l\u00ednea LSD l\u00edquido, detalles La lisergida (LSD) es un alucin\u00f3geno semisint\u00e9tico y es una de las drogas m\u00e1s potentes que se conocen. Uso recreacional .","robots":{"index":"index","follow":"follow","max-snippet":"max-snippet:-1","max-image-preview":"max-image-preview:large","max-video-preview":"max-video-preview:-1"},"canonical":"https:\/\/medicinasinc.com\/es\/product\/comprar-liquido-lsd\/","og_locale":"es_ES","og_type":"article","og_title":"Comprar Liquid LSD - Best Best Global Meds","og_description":"Compre LSD en l\u00ednea LSD l\u00edquido, detalles La lisergida (LSD) es un alucin\u00f3geno semisint\u00e9tico y es una de las drogas m\u00e1s potentes que se conocen. Uso recreacional .","og_url":"https:\/\/medicinasinc.com\/es\/product\/comprar-liquido-lsd\/","og_site_name":"Medicinas Inc","article_modified_time":"2022-03-22T01:03:21+00:00","og_image":[{"width":512,"height":512,"url":"https:\/\/medicinasinc.com\/es\/wp-content\/uploads\/sites\/15\/2022\/02\/Buy-Liquid-LSD.jpg","type":"image\/jpeg"}],"twitter_card":"summary_large_image","twitter_misc":{"Tiempo de lectura":"3 minutos"},"schema":{"@context":"https:\/\/schema.org","@graph":[{"@type":"WebPage","@id":"https:\/\/medicinasinc.com\/es\/product\/comprar-liquido-lsd\/","url":"https:\/\/medicinasinc.com\/es\/product\/comprar-liquido-lsd\/","name":"Comprar Liquid LSD - Best Best Global Meds","isPartOf":{"@id":"https:\/\/medicinasinc.com\/es\/#website"},"primaryImageOfPage":{"@id":"https:\/\/medicinasinc.com\/es\/product\/comprar-liquido-lsd\/#primaryimage"},"image":{"@id":"https:\/\/medicinasinc.com\/es\/product\/comprar-liquido-lsd\/#primaryimage"},"thumbnailUrl":"https:\/\/medicinasinc.com\/es\/wp-content\/uploads\/sites\/15\/2022\/02\/Buy-Liquid-LSD.jpg","datePublished":"2022-02-20T16:33:58+00:00","dateModified":"2022-03-22T01:03:21+00:00","description":"Compre LSD en l\u00ednea LSD l\u00edquido, detalles La lisergida (LSD) es un alucin\u00f3geno semisint\u00e9tico y es una de las drogas m\u00e1s potentes que se conocen. Uso recreacional .","breadcrumb":{"@id":"https:\/\/medicinasinc.com\/es\/product\/comprar-liquido-lsd\/#breadcrumb"},"inLanguage":"es","potentialAction":[{"@type":"ReadAction","target":["https:\/\/medicinasinc.com\/es\/product\/comprar-liquido-lsd\/"]}]},{"@type":"ImageObject","inLanguage":"es","@id":"https:\/\/medicinasinc.com\/es\/product\/comprar-liquido-lsd\/#primaryimage","url":"https:\/\/medicinasinc.com\/es\/wp-content\/uploads\/sites\/15\/2022\/02\/Buy-Liquid-LSD.jpg","contentUrl":"https:\/\/medicinasinc.com\/es\/wp-content\/uploads\/sites\/15\/2022\/02\/Buy-Liquid-LSD.jpg","width":512,"height":512},{"@type":"BreadcrumbList","@id":"https:\/\/medicinasinc.com\/es\/product\/comprar-liquido-lsd\/#breadcrumb","itemListElement":[{"@type":"ListItem","position":1,"name":"Tienda","item":"https:\/\/medicinasinc.com\/es\/tienda\/"},{"@type":"ListItem","position":2,"name":"Comprar LSD L\u00edquido"}]},{"@type":"WebSite","@id":"https:\/\/medicinasinc.com\/es\/#website","url":"https:\/\/medicinasinc.com\/es\/","name":"Medicinas Inc","description":"Cl\u00ednica M\u00e9dica de Salud","potentialAction":[{"@type":"SearchAction","target":{"@type":"EntryPoint","urlTemplate":"https:\/\/medicinasinc.com\/es\/?s={search_term_string}"},"query-input":{"@type":"PropertyValueSpecification","valueRequired":true,"valueName":"search_term_string"}}],"inLanguage":"es"}]}},"_links":{"self":[{"href":"https:\/\/medicinasinc.com\/es\/wp-json\/wp\/v2\/product\/4829","targetHints":{"allow":["GET"]}}],"collection":[{"href":"https:\/\/medicinasinc.com\/es\/wp-json\/wp\/v2\/product"}],"about":[{"href":"https:\/\/medicinasinc.com\/es\/wp-json\/wp\/v2\/types\/product"}],"replies":[{"embeddable":true,"href":"https:\/\/medicinasinc.com\/es\/wp-json\/wp\/v2\/comments?post=4829"}],"wp:featuredmedia":[{"embeddable":true,"href":"https:\/\/medicinasinc.com\/es\/wp-json\/wp\/v2\/media\/4842"}],"wp:attachment":[{"href":"https:\/\/medicinasinc.com\/es\/wp-json\/wp\/v2\/media?parent=4829"}],"wp:term":[{"taxonomy":"product_brand","embeddable":true,"href":"https:\/\/medicinasinc.com\/es\/wp-json\/wp\/v2\/product_brand?post=4829"},{"taxonomy":"product_cat","embeddable":true,"href":"https:\/\/medicinasinc.com\/es\/wp-json\/wp\/v2\/product_cat?post=4829"},{"taxonomy":"product_tag","embeddable":true,"href":"https:\/\/medicinasinc.com\/es\/wp-json\/wp\/v2\/product_tag?post=4829"}],"curies":[{"name":"wp","href":"https:\/\/api.w.org\/{rel}","templated":true}]}}