{"id":4810,"date":"2022-02-20T16:18:47","date_gmt":"2022-02-20T16:18:47","guid":{"rendered":"https:\/\/medicinasinc.com\/es\/?post_type=product&#038;p=4810"},"modified":"2022-03-22T01:03:44","modified_gmt":"2022-03-22T01:03:44","slug":"comprar-thca-crystals-top-shelf","status":"publish","type":"product","link":"https:\/\/medicinasinc.com\/es\/product\/comprar-thca-crystals-top-shelf\/","title":{"rendered":"Comprar cristales de THCA &#8211; Estante superior"},"content":{"rendered":"<p>THCA Crystalline<\/p>\n<p>THCA Crystalline, tambi\u00e9n conocido como \u00abcristales\u00bb, \u00abcristales de THC\u00bb o \u00abdiamantes\u00bb, es un concentrado de cannabis en estado s\u00f3lido. Tiene la apariencia de az\u00facar gruesa, del tipo que se usa t\u00edpicamente para decorar galletas de az\u00facar o para hacer brillar la parte superior de pasteles de frutas horneados. Crystalline se fabrica para eliminar la materia vegetal y los terpenos, que son las caracter\u00edsticas arom\u00e1ticas y de sabor distintivas de un cultivar o variedad de cannabis.<\/p>\n<p>SIGNIFICADO DE THCA Crystalline<\/p>\n<p>Es posible que haya escuchado el t\u00e9rmino \u00bb Cristales de THC\u00bb o \u00abTHC cristalino\u00bb sol\u00eda referirse a cristalino, pero el THC, que produce un subid\u00f3n embriagador, no es cristalino; qu\u00edmicamente, el THC es incapaz de formar una estructura cristalina. En otras palabras, lo que con frecuencia se denomina \u00abcristales de THC\u00bb no es THC puro, sino una forma de THCA puro. En el momento del consumo, el THCA se cristaliza en THC activo a trav\u00e9s de la descarboxilaci\u00f3n. Crystalline se produce con un solo cannabinoide. THCA, CBDA y CBD son los \u00fanicos cannabinoides disponibles en forma cristalina. Cualquiera que consuma THCA, CBDA o CBD no experimentar\u00e1 un subid\u00f3n embriagador, aunque el THCA se convertir\u00e1 en THC cuando se calienta, lo que hace que el cristalino sea embriagador.<\/p>\n<p>C\u00d3MO CREAR THCA CRISTALINO<\/p>\n<p>Crystalline se fuma o se fuma con frecuencia con un rig para dabs. Un rig para dab es un aparato para fumar, similar a un peque\u00f1o bong de agua, que vaporiza cristal calentado para inhalarlo en dosis \u00fanicas y medidas. Los cristales se consumen con frecuencia por v\u00eda oral, ya sea como ingrediente en comestibles o disueltos en aceite para crear un producto similar a una tintura. Los cristales se disuelven con frecuencia en aceite vegetal o mantequilla y se usan como ingrediente en comestibles caseros. Los aceites vegetales y de copra son los disolventes m\u00e1s utilizados para disolver cristales y crear un producto similar a una tintura.<\/p>\n","protected":false},"excerpt":{"rendered":"<p>Compre Thca Crystal en l\u00ednea en Europa, Thca Crystal a la venta, Crystal Diamonds en los Pa\u00edses Bajos, Thc Crystal cerca de m\u00ed, Thc Crystals a la venta en Europa.<\/p>\n<ul>\n<li>Env\u00edo mundial<\/li>\n<li><strong>Un concentrado compuesto por un 97-99 % de THC<\/strong><\/li>\n<li><strong>99 % de THC-A puro<\/strong><\/li>\n<li><strong>Cont\u00e1ctenos <\/strong>\u00a0para pedidos m\u00e1s grandes<\/li>\n<\/ul>\n","protected":false},"featured_media":4823,"comment_status":"open","ping_status":"closed","template":"","meta":[],"product_brand":[],"product_cat":[702],"product_tag":[],"class_list":{"0":"post-4810","1":"product","2":"type-product","3":"status-publish","4":"has-post-thumbnail","6":"product_cat-comprar-cera-de-cannabis","8":"first","9":"instock","10":"shipping-taxable","11":"purchasable","12":"product-type-variable","13":"has-default-attributes"},"yoast_head":"<!-- This site is optimized with the Yoast SEO plugin v27.3 - https:\/\/yoast.com\/product\/yoast-seo-wordpress\/ -->\n<title>Comprar cristales de THCA - Top Shelf - Best Best Global Meds<\/title>\n<meta name=\"description\" content=\"Comprar thca cristalino en l\u00ednea Europa, thca cristal a la venta, diamantes cristalinos NL, thc cristalino cerca de m\u00ed, comprar thc cristales en Europa.\" \/>\n<meta name=\"robots\" content=\"index, follow, max-snippet:-1, max-image-preview:large, max-video-preview:-1\" \/>\n<link rel=\"canonical\" href=\"https:\/\/medicinasinc.com\/es\/product\/comprar-thca-crystals-top-shelf\/\" \/>\n<meta property=\"og:locale\" content=\"es_ES\" \/>\n<meta property=\"og:type\" content=\"article\" \/>\n<meta property=\"og:title\" content=\"Comprar cristales de THCA - Top Shelf - Best Best Global Meds\" \/>\n<meta property=\"og:description\" content=\"Comprar thca cristalino en l\u00ednea Europa, thca cristal a la venta, diamantes cristalinos NL, thc cristalino cerca de m\u00ed, comprar thc cristales en Europa.\" \/>\n<meta property=\"og:url\" content=\"https:\/\/medicinasinc.com\/es\/product\/comprar-thca-crystals-top-shelf\/\" \/>\n<meta property=\"og:site_name\" content=\"Medicinas Inc\" \/>\n<meta property=\"article:modified_time\" content=\"2022-03-22T01:03:44+00:00\" \/>\n<meta property=\"og:image\" content=\"https:\/\/medicinasinc.com\/es\/wp-content\/uploads\/sites\/15\/2022\/02\/Buy-THCA-Crystals-Top-Shelf.jpg\" \/>\n\t<meta property=\"og:image:width\" content=\"600\" \/>\n\t<meta property=\"og:image:height\" content=\"600\" \/>\n\t<meta property=\"og:image:type\" content=\"image\/jpeg\" \/>\n<meta name=\"twitter:card\" content=\"summary_large_image\" \/>\n<meta name=\"twitter:label1\" content=\"Tiempo de lectura\" \/>\n\t<meta name=\"twitter:data1\" content=\"2 minutos\" \/>\n<script type=\"application\/ld+json\" class=\"yoast-schema-graph\">{\"@context\":\"https:\\\/\\\/schema.org\",\"@graph\":[{\"@type\":\"WebPage\",\"@id\":\"https:\\\/\\\/medicinasinc.com\\\/es\\\/product\\\/comprar-thca-crystals-top-shelf\\\/\",\"url\":\"https:\\\/\\\/medicinasinc.com\\\/es\\\/product\\\/comprar-thca-crystals-top-shelf\\\/\",\"name\":\"Comprar cristales de THCA - Top Shelf - Best Best Global Meds\",\"isPartOf\":{\"@id\":\"https:\\\/\\\/medicinasinc.com\\\/es\\\/#website\"},\"primaryImageOfPage\":{\"@id\":\"https:\\\/\\\/medicinasinc.com\\\/es\\\/product\\\/comprar-thca-crystals-top-shelf\\\/#primaryimage\"},\"image\":{\"@id\":\"https:\\\/\\\/medicinasinc.com\\\/es\\\/product\\\/comprar-thca-crystals-top-shelf\\\/#primaryimage\"},\"thumbnailUrl\":\"https:\\\/\\\/medicinasinc.com\\\/es\\\/wp-content\\\/uploads\\\/sites\\\/15\\\/2022\\\/02\\\/Buy-THCA-Crystals-Top-Shelf.jpg\",\"datePublished\":\"2022-02-20T16:18:47+00:00\",\"dateModified\":\"2022-03-22T01:03:44+00:00\",\"description\":\"Comprar thca cristalino en l\u00ednea Europa, thca cristal a la venta, diamantes cristalinos NL, thc cristalino cerca de m\u00ed, comprar thc cristales en Europa.\",\"breadcrumb\":{\"@id\":\"https:\\\/\\\/medicinasinc.com\\\/es\\\/product\\\/comprar-thca-crystals-top-shelf\\\/#breadcrumb\"},\"inLanguage\":\"es\",\"potentialAction\":[{\"@type\":\"ReadAction\",\"target\":[\"https:\\\/\\\/medicinasinc.com\\\/es\\\/product\\\/comprar-thca-crystals-top-shelf\\\/\"]}]},{\"@type\":\"ImageObject\",\"inLanguage\":\"es\",\"@id\":\"https:\\\/\\\/medicinasinc.com\\\/es\\\/product\\\/comprar-thca-crystals-top-shelf\\\/#primaryimage\",\"url\":\"https:\\\/\\\/medicinasinc.com\\\/es\\\/wp-content\\\/uploads\\\/sites\\\/15\\\/2022\\\/02\\\/Buy-THCA-Crystals-Top-Shelf.jpg\",\"contentUrl\":\"https:\\\/\\\/medicinasinc.com\\\/es\\\/wp-content\\\/uploads\\\/sites\\\/15\\\/2022\\\/02\\\/Buy-THCA-Crystals-Top-Shelf.jpg\",\"width\":600,\"height\":600},{\"@type\":\"BreadcrumbList\",\"@id\":\"https:\\\/\\\/medicinasinc.com\\\/es\\\/product\\\/comprar-thca-crystals-top-shelf\\\/#breadcrumb\",\"itemListElement\":[{\"@type\":\"ListItem\",\"position\":1,\"name\":\"Tienda\",\"item\":\"https:\\\/\\\/medicinasinc.com\\\/es\\\/tienda\\\/\"},{\"@type\":\"ListItem\",\"position\":2,\"name\":\"Comprar cristales de THCA &#8211; Estante superior\"}]},{\"@type\":\"WebSite\",\"@id\":\"https:\\\/\\\/medicinasinc.com\\\/es\\\/#website\",\"url\":\"https:\\\/\\\/medicinasinc.com\\\/es\\\/\",\"name\":\"Medicinas Inc\",\"description\":\"Cl\u00ednica M\u00e9dica de Salud\",\"potentialAction\":[{\"@type\":\"SearchAction\",\"target\":{\"@type\":\"EntryPoint\",\"urlTemplate\":\"https:\\\/\\\/medicinasinc.com\\\/es\\\/?s={search_term_string}\"},\"query-input\":{\"@type\":\"PropertyValueSpecification\",\"valueRequired\":true,\"valueName\":\"search_term_string\"}}],\"inLanguage\":\"es\"}]}<\/script>\n<!-- \/ Yoast SEO plugin. -->","yoast_head_json":{"title":"Comprar cristales de THCA - Top Shelf - Best Best Global Meds","description":"Comprar thca cristalino en l\u00ednea Europa, thca cristal a la venta, diamantes cristalinos NL, thc cristalino cerca de m\u00ed, comprar thc cristales en Europa.","robots":{"index":"index","follow":"follow","max-snippet":"max-snippet:-1","max-image-preview":"max-image-preview:large","max-video-preview":"max-video-preview:-1"},"canonical":"https:\/\/medicinasinc.com\/es\/product\/comprar-thca-crystals-top-shelf\/","og_locale":"es_ES","og_type":"article","og_title":"Comprar cristales de THCA - Top Shelf - Best Best Global Meds","og_description":"Comprar thca cristalino en l\u00ednea Europa, thca cristal a la venta, diamantes cristalinos NL, thc cristalino cerca de m\u00ed, comprar thc cristales en Europa.","og_url":"https:\/\/medicinasinc.com\/es\/product\/comprar-thca-crystals-top-shelf\/","og_site_name":"Medicinas Inc","article_modified_time":"2022-03-22T01:03:44+00:00","og_image":[{"width":600,"height":600,"url":"https:\/\/medicinasinc.com\/es\/wp-content\/uploads\/sites\/15\/2022\/02\/Buy-THCA-Crystals-Top-Shelf.jpg","type":"image\/jpeg"}],"twitter_card":"summary_large_image","twitter_misc":{"Tiempo de lectura":"2 minutos"},"schema":{"@context":"https:\/\/schema.org","@graph":[{"@type":"WebPage","@id":"https:\/\/medicinasinc.com\/es\/product\/comprar-thca-crystals-top-shelf\/","url":"https:\/\/medicinasinc.com\/es\/product\/comprar-thca-crystals-top-shelf\/","name":"Comprar cristales de THCA - Top Shelf - Best Best Global Meds","isPartOf":{"@id":"https:\/\/medicinasinc.com\/es\/#website"},"primaryImageOfPage":{"@id":"https:\/\/medicinasinc.com\/es\/product\/comprar-thca-crystals-top-shelf\/#primaryimage"},"image":{"@id":"https:\/\/medicinasinc.com\/es\/product\/comprar-thca-crystals-top-shelf\/#primaryimage"},"thumbnailUrl":"https:\/\/medicinasinc.com\/es\/wp-content\/uploads\/sites\/15\/2022\/02\/Buy-THCA-Crystals-Top-Shelf.jpg","datePublished":"2022-02-20T16:18:47+00:00","dateModified":"2022-03-22T01:03:44+00:00","description":"Comprar thca cristalino en l\u00ednea Europa, thca cristal a la venta, diamantes cristalinos NL, thc cristalino cerca de m\u00ed, comprar thc cristales en Europa.","breadcrumb":{"@id":"https:\/\/medicinasinc.com\/es\/product\/comprar-thca-crystals-top-shelf\/#breadcrumb"},"inLanguage":"es","potentialAction":[{"@type":"ReadAction","target":["https:\/\/medicinasinc.com\/es\/product\/comprar-thca-crystals-top-shelf\/"]}]},{"@type":"ImageObject","inLanguage":"es","@id":"https:\/\/medicinasinc.com\/es\/product\/comprar-thca-crystals-top-shelf\/#primaryimage","url":"https:\/\/medicinasinc.com\/es\/wp-content\/uploads\/sites\/15\/2022\/02\/Buy-THCA-Crystals-Top-Shelf.jpg","contentUrl":"https:\/\/medicinasinc.com\/es\/wp-content\/uploads\/sites\/15\/2022\/02\/Buy-THCA-Crystals-Top-Shelf.jpg","width":600,"height":600},{"@type":"BreadcrumbList","@id":"https:\/\/medicinasinc.com\/es\/product\/comprar-thca-crystals-top-shelf\/#breadcrumb","itemListElement":[{"@type":"ListItem","position":1,"name":"Tienda","item":"https:\/\/medicinasinc.com\/es\/tienda\/"},{"@type":"ListItem","position":2,"name":"Comprar cristales de THCA &#8211; Estante superior"}]},{"@type":"WebSite","@id":"https:\/\/medicinasinc.com\/es\/#website","url":"https:\/\/medicinasinc.com\/es\/","name":"Medicinas Inc","description":"Cl\u00ednica M\u00e9dica de Salud","potentialAction":[{"@type":"SearchAction","target":{"@type":"EntryPoint","urlTemplate":"https:\/\/medicinasinc.com\/es\/?s={search_term_string}"},"query-input":{"@type":"PropertyValueSpecification","valueRequired":true,"valueName":"search_term_string"}}],"inLanguage":"es"}]}},"_links":{"self":[{"href":"https:\/\/medicinasinc.com\/es\/wp-json\/wp\/v2\/product\/4810","targetHints":{"allow":["GET"]}}],"collection":[{"href":"https:\/\/medicinasinc.com\/es\/wp-json\/wp\/v2\/product"}],"about":[{"href":"https:\/\/medicinasinc.com\/es\/wp-json\/wp\/v2\/types\/product"}],"replies":[{"embeddable":true,"href":"https:\/\/medicinasinc.com\/es\/wp-json\/wp\/v2\/comments?post=4810"}],"wp:featuredmedia":[{"embeddable":true,"href":"https:\/\/medicinasinc.com\/es\/wp-json\/wp\/v2\/media\/4823"}],"wp:attachment":[{"href":"https:\/\/medicinasinc.com\/es\/wp-json\/wp\/v2\/media?parent=4810"}],"wp:term":[{"taxonomy":"product_brand","embeddable":true,"href":"https:\/\/medicinasinc.com\/es\/wp-json\/wp\/v2\/product_brand?post=4810"},{"taxonomy":"product_cat","embeddable":true,"href":"https:\/\/medicinasinc.com\/es\/wp-json\/wp\/v2\/product_cat?post=4810"},{"taxonomy":"product_tag","embeddable":true,"href":"https:\/\/medicinasinc.com\/es\/wp-json\/wp\/v2\/product_tag?post=4810"}],"curies":[{"name":"wp","href":"https:\/\/api.w.org\/{rel}","templated":true}]}}