{"id":4808,"date":"2022-02-20T16:17:53","date_gmt":"2022-02-20T16:17:53","guid":{"rendered":"https:\/\/medicinasinc.com\/es\/?post_type=product&#038;p=4808"},"modified":"2022-03-22T01:03:54","modified_gmt":"2022-03-22T01:03:54","slug":"comprar-1p-lsd-100mcg-blotters","status":"publish","type":"product","link":"https:\/\/medicinasinc.com\/es\/product\/comprar-1p-lsd-100mcg-blotters\/","title":{"rendered":"Comprar papel secante 1P-LSD 100mcg"},"content":{"rendered":"<p>Compre papel secante 1P-LSD de 100 mcg con descuento en l\u00ednea.<\/p>\n<p>L.S.D. es una cepa predominantemente Indica que recibi\u00f3 su nombre de un medicamento extremadamente alucin\u00f3geno debido al subid\u00f3n cerebral y extremadamente alucin\u00f3geno de la cepa. La cepa comienza con una en\u00e9rgica sensaci\u00f3n de alegr\u00eda que tiene el potencial de nublar la mente y dejar a algunos clientes completamente aturdidos e \u00abintelectualmente estancados\u00bb. A pesar de la fuerte estimulaci\u00f3n cerebral, algunos clientes informan que se sienten m\u00e1s innovadores o sociales despu\u00e9s de utilizar LSD<\/p>\n<p>Compre Blotters 1P-LSD de 100 mcg en l\u00ednea a un precio de descuento.<\/p>\n<p>Este nivel de estimulaci\u00f3n mental es extremadamente inusual para una Indica. Como cabr\u00eda esperar de una sustancia derivada de Indica, L.S.D. tambi\u00e9n tiene los t\u00edpicos efectos corporales derivados de Indica. Los clientes frecuentemente notan el revolucionario efecto desensibilizante del cuerpo una o dos horas despu\u00e9s de la ingesti\u00f3n, cuando la mayor parte del efecto cerebral ha desaparecido. Los efectos adversos pueden incluir algod\u00f3n en la boca, ojos secos, somnolencia, dolores de cabeza y desconfianza leve.<\/p>\n<p>Para la mayor\u00eda, esta variedad se puede usar en cualquier momento del d\u00eda para aliviar el dolor punzante continuo de leve a intenso. El LSD se prescribe con frecuencia para ayudar a controlar la presi\u00f3n, el malestar o la miseria. Adem\u00e1s, los pacientes usan la cepa para tratar el insomnio y algunos la usan para combatir los dolores de cabeza.<\/p>\n<p>LSD. es un cruce entre una Mazar y una variedad de mofetas extremadamente antigua, Skunk #1, creada por Barney&#8217;s Farm. Si bien esta variedad no se recomienda para nuevos productores, es extremadamente f\u00e1cil de cultivar debido a su resistencia a numerosas infecciones y su capacidad para cultivarse tanto en exteriores como en interiores. Con un tiempo de floraci\u00f3n de entre 65 y 78 d\u00edas, L.S.D. puede producir hasta 650 gramos por metro cuadrado. Ocasionalmente, superando los 60 cent\u00edmetros de longitud, la cepa generalmente termina en abril en el ecuador sur y en octubre en el norte. Esta cepa tiene un contenido de THC de hasta el 24%.<\/p>\n","protected":false},"excerpt":{"rendered":"<p>\u00bfD\u00f3nde puedo comprar secantes 1P-LSD? Los mejores productos qu\u00edmicos de investigaci\u00f3n del mercado &#8211; \u00a1Entrega r\u00e1pida! Compre Blotters 1P-LSD a trav\u00e9s de Bitcoin, transferencia bancaria y otros m\u00e9todos.<\/p>\n","protected":false},"featured_media":4821,"comment_status":"open","ping_status":"closed","template":"","meta":[],"product_brand":[],"product_cat":[703],"product_tag":[],"class_list":{"0":"post-4808","1":"product","2":"type-product","3":"status-publish","4":"has-post-thumbnail","6":"product_cat-comprar-drogas-psicodelicas","8":"first","9":"instock","10":"shipping-taxable","11":"purchasable","12":"product-type-variable","13":"has-default-attributes"},"yoast_head":"<!-- This site is optimized with the Yoast SEO plugin v27.3 - https:\/\/yoast.com\/product\/yoast-seo-wordpress\/ -->\n<title>Comprar 1P-LSD Blotters baratos de 100 mcg - Best Global Meds<\/title>\n<meta name=\"description\" content=\"\u00bfPedir secantes 1P-LSD? Los mejores productos qu\u00edmicos de investigaci\u00f3n: \u00a1entrega r\u00e1pida! Compre Blotters 1P-LSD con Bitcoin, transferencia bancaria y m\u00e1s.\" \/>\n<meta name=\"robots\" content=\"index, follow, max-snippet:-1, max-image-preview:large, max-video-preview:-1\" \/>\n<link rel=\"canonical\" href=\"https:\/\/medicinasinc.com\/es\/product\/comprar-1p-lsd-100mcg-blotters\/\" \/>\n<meta property=\"og:locale\" content=\"es_ES\" \/>\n<meta property=\"og:type\" content=\"article\" \/>\n<meta property=\"og:title\" content=\"Comprar 1P-LSD Blotters baratos de 100 mcg - Best Global Meds\" \/>\n<meta property=\"og:description\" content=\"\u00bfPedir secantes 1P-LSD? Los mejores productos qu\u00edmicos de investigaci\u00f3n: \u00a1entrega r\u00e1pida! Compre Blotters 1P-LSD con Bitcoin, transferencia bancaria y m\u00e1s.\" \/>\n<meta property=\"og:url\" content=\"https:\/\/medicinasinc.com\/es\/product\/comprar-1p-lsd-100mcg-blotters\/\" \/>\n<meta property=\"og:site_name\" content=\"Medicinas Inc\" \/>\n<meta property=\"article:modified_time\" content=\"2022-03-22T01:03:54+00:00\" \/>\n<meta property=\"og:image\" content=\"https:\/\/medicinasinc.com\/es\/wp-content\/uploads\/sites\/15\/2022\/02\/Buy-1P-LSD-100mcg-Blotters-cheap-online.jpg\" \/>\n\t<meta property=\"og:image:width\" content=\"600\" \/>\n\t<meta property=\"og:image:height\" content=\"600\" \/>\n\t<meta property=\"og:image:type\" content=\"image\/jpeg\" \/>\n<meta name=\"twitter:card\" content=\"summary_large_image\" \/>\n<meta name=\"twitter:label1\" content=\"Tiempo de lectura\" \/>\n\t<meta name=\"twitter:data1\" content=\"2 minutos\" \/>\n<script type=\"application\/ld+json\" class=\"yoast-schema-graph\">{\"@context\":\"https:\\\/\\\/schema.org\",\"@graph\":[{\"@type\":\"WebPage\",\"@id\":\"https:\\\/\\\/medicinasinc.com\\\/es\\\/product\\\/comprar-1p-lsd-100mcg-blotters\\\/\",\"url\":\"https:\\\/\\\/medicinasinc.com\\\/es\\\/product\\\/comprar-1p-lsd-100mcg-blotters\\\/\",\"name\":\"Comprar 1P-LSD Blotters baratos de 100 mcg - Best Global Meds\",\"isPartOf\":{\"@id\":\"https:\\\/\\\/medicinasinc.com\\\/es\\\/#website\"},\"primaryImageOfPage\":{\"@id\":\"https:\\\/\\\/medicinasinc.com\\\/es\\\/product\\\/comprar-1p-lsd-100mcg-blotters\\\/#primaryimage\"},\"image\":{\"@id\":\"https:\\\/\\\/medicinasinc.com\\\/es\\\/product\\\/comprar-1p-lsd-100mcg-blotters\\\/#primaryimage\"},\"thumbnailUrl\":\"https:\\\/\\\/medicinasinc.com\\\/es\\\/wp-content\\\/uploads\\\/sites\\\/15\\\/2022\\\/02\\\/Buy-1P-LSD-100mcg-Blotters-cheap-online.jpg\",\"datePublished\":\"2022-02-20T16:17:53+00:00\",\"dateModified\":\"2022-03-22T01:03:54+00:00\",\"description\":\"\u00bfPedir secantes 1P-LSD? Los mejores productos qu\u00edmicos de investigaci\u00f3n: \u00a1entrega r\u00e1pida! Compre Blotters 1P-LSD con Bitcoin, transferencia bancaria y m\u00e1s.\",\"breadcrumb\":{\"@id\":\"https:\\\/\\\/medicinasinc.com\\\/es\\\/product\\\/comprar-1p-lsd-100mcg-blotters\\\/#breadcrumb\"},\"inLanguage\":\"es\",\"potentialAction\":[{\"@type\":\"ReadAction\",\"target\":[\"https:\\\/\\\/medicinasinc.com\\\/es\\\/product\\\/comprar-1p-lsd-100mcg-blotters\\\/\"]}]},{\"@type\":\"ImageObject\",\"inLanguage\":\"es\",\"@id\":\"https:\\\/\\\/medicinasinc.com\\\/es\\\/product\\\/comprar-1p-lsd-100mcg-blotters\\\/#primaryimage\",\"url\":\"https:\\\/\\\/medicinasinc.com\\\/es\\\/wp-content\\\/uploads\\\/sites\\\/15\\\/2022\\\/02\\\/Buy-1P-LSD-100mcg-Blotters-cheap-online.jpg\",\"contentUrl\":\"https:\\\/\\\/medicinasinc.com\\\/es\\\/wp-content\\\/uploads\\\/sites\\\/15\\\/2022\\\/02\\\/Buy-1P-LSD-100mcg-Blotters-cheap-online.jpg\",\"width\":600,\"height\":600},{\"@type\":\"BreadcrumbList\",\"@id\":\"https:\\\/\\\/medicinasinc.com\\\/es\\\/product\\\/comprar-1p-lsd-100mcg-blotters\\\/#breadcrumb\",\"itemListElement\":[{\"@type\":\"ListItem\",\"position\":1,\"name\":\"Tienda\",\"item\":\"https:\\\/\\\/medicinasinc.com\\\/es\\\/tienda\\\/\"},{\"@type\":\"ListItem\",\"position\":2,\"name\":\"Comprar papel secante 1P-LSD 100mcg\"}]},{\"@type\":\"WebSite\",\"@id\":\"https:\\\/\\\/medicinasinc.com\\\/es\\\/#website\",\"url\":\"https:\\\/\\\/medicinasinc.com\\\/es\\\/\",\"name\":\"Medicinas Inc\",\"description\":\"Cl\u00ednica M\u00e9dica de Salud\",\"potentialAction\":[{\"@type\":\"SearchAction\",\"target\":{\"@type\":\"EntryPoint\",\"urlTemplate\":\"https:\\\/\\\/medicinasinc.com\\\/es\\\/?s={search_term_string}\"},\"query-input\":{\"@type\":\"PropertyValueSpecification\",\"valueRequired\":true,\"valueName\":\"search_term_string\"}}],\"inLanguage\":\"es\"}]}<\/script>\n<!-- \/ Yoast SEO plugin. -->","yoast_head_json":{"title":"Comprar 1P-LSD Blotters baratos de 100 mcg - Best Global Meds","description":"\u00bfPedir secantes 1P-LSD? Los mejores productos qu\u00edmicos de investigaci\u00f3n: \u00a1entrega r\u00e1pida! Compre Blotters 1P-LSD con Bitcoin, transferencia bancaria y m\u00e1s.","robots":{"index":"index","follow":"follow","max-snippet":"max-snippet:-1","max-image-preview":"max-image-preview:large","max-video-preview":"max-video-preview:-1"},"canonical":"https:\/\/medicinasinc.com\/es\/product\/comprar-1p-lsd-100mcg-blotters\/","og_locale":"es_ES","og_type":"article","og_title":"Comprar 1P-LSD Blotters baratos de 100 mcg - Best Global Meds","og_description":"\u00bfPedir secantes 1P-LSD? Los mejores productos qu\u00edmicos de investigaci\u00f3n: \u00a1entrega r\u00e1pida! Compre Blotters 1P-LSD con Bitcoin, transferencia bancaria y m\u00e1s.","og_url":"https:\/\/medicinasinc.com\/es\/product\/comprar-1p-lsd-100mcg-blotters\/","og_site_name":"Medicinas Inc","article_modified_time":"2022-03-22T01:03:54+00:00","og_image":[{"width":600,"height":600,"url":"https:\/\/medicinasinc.com\/es\/wp-content\/uploads\/sites\/15\/2022\/02\/Buy-1P-LSD-100mcg-Blotters-cheap-online.jpg","type":"image\/jpeg"}],"twitter_card":"summary_large_image","twitter_misc":{"Tiempo de lectura":"2 minutos"},"schema":{"@context":"https:\/\/schema.org","@graph":[{"@type":"WebPage","@id":"https:\/\/medicinasinc.com\/es\/product\/comprar-1p-lsd-100mcg-blotters\/","url":"https:\/\/medicinasinc.com\/es\/product\/comprar-1p-lsd-100mcg-blotters\/","name":"Comprar 1P-LSD Blotters baratos de 100 mcg - Best Global Meds","isPartOf":{"@id":"https:\/\/medicinasinc.com\/es\/#website"},"primaryImageOfPage":{"@id":"https:\/\/medicinasinc.com\/es\/product\/comprar-1p-lsd-100mcg-blotters\/#primaryimage"},"image":{"@id":"https:\/\/medicinasinc.com\/es\/product\/comprar-1p-lsd-100mcg-blotters\/#primaryimage"},"thumbnailUrl":"https:\/\/medicinasinc.com\/es\/wp-content\/uploads\/sites\/15\/2022\/02\/Buy-1P-LSD-100mcg-Blotters-cheap-online.jpg","datePublished":"2022-02-20T16:17:53+00:00","dateModified":"2022-03-22T01:03:54+00:00","description":"\u00bfPedir secantes 1P-LSD? Los mejores productos qu\u00edmicos de investigaci\u00f3n: \u00a1entrega r\u00e1pida! Compre Blotters 1P-LSD con Bitcoin, transferencia bancaria y m\u00e1s.","breadcrumb":{"@id":"https:\/\/medicinasinc.com\/es\/product\/comprar-1p-lsd-100mcg-blotters\/#breadcrumb"},"inLanguage":"es","potentialAction":[{"@type":"ReadAction","target":["https:\/\/medicinasinc.com\/es\/product\/comprar-1p-lsd-100mcg-blotters\/"]}]},{"@type":"ImageObject","inLanguage":"es","@id":"https:\/\/medicinasinc.com\/es\/product\/comprar-1p-lsd-100mcg-blotters\/#primaryimage","url":"https:\/\/medicinasinc.com\/es\/wp-content\/uploads\/sites\/15\/2022\/02\/Buy-1P-LSD-100mcg-Blotters-cheap-online.jpg","contentUrl":"https:\/\/medicinasinc.com\/es\/wp-content\/uploads\/sites\/15\/2022\/02\/Buy-1P-LSD-100mcg-Blotters-cheap-online.jpg","width":600,"height":600},{"@type":"BreadcrumbList","@id":"https:\/\/medicinasinc.com\/es\/product\/comprar-1p-lsd-100mcg-blotters\/#breadcrumb","itemListElement":[{"@type":"ListItem","position":1,"name":"Tienda","item":"https:\/\/medicinasinc.com\/es\/tienda\/"},{"@type":"ListItem","position":2,"name":"Comprar papel secante 1P-LSD 100mcg"}]},{"@type":"WebSite","@id":"https:\/\/medicinasinc.com\/es\/#website","url":"https:\/\/medicinasinc.com\/es\/","name":"Medicinas Inc","description":"Cl\u00ednica M\u00e9dica de Salud","potentialAction":[{"@type":"SearchAction","target":{"@type":"EntryPoint","urlTemplate":"https:\/\/medicinasinc.com\/es\/?s={search_term_string}"},"query-input":{"@type":"PropertyValueSpecification","valueRequired":true,"valueName":"search_term_string"}}],"inLanguage":"es"}]}},"_links":{"self":[{"href":"https:\/\/medicinasinc.com\/es\/wp-json\/wp\/v2\/product\/4808","targetHints":{"allow":["GET"]}}],"collection":[{"href":"https:\/\/medicinasinc.com\/es\/wp-json\/wp\/v2\/product"}],"about":[{"href":"https:\/\/medicinasinc.com\/es\/wp-json\/wp\/v2\/types\/product"}],"replies":[{"embeddable":true,"href":"https:\/\/medicinasinc.com\/es\/wp-json\/wp\/v2\/comments?post=4808"}],"wp:featuredmedia":[{"embeddable":true,"href":"https:\/\/medicinasinc.com\/es\/wp-json\/wp\/v2\/media\/4821"}],"wp:attachment":[{"href":"https:\/\/medicinasinc.com\/es\/wp-json\/wp\/v2\/media?parent=4808"}],"wp:term":[{"taxonomy":"product_brand","embeddable":true,"href":"https:\/\/medicinasinc.com\/es\/wp-json\/wp\/v2\/product_brand?post=4808"},{"taxonomy":"product_cat","embeddable":true,"href":"https:\/\/medicinasinc.com\/es\/wp-json\/wp\/v2\/product_cat?post=4808"},{"taxonomy":"product_tag","embeddable":true,"href":"https:\/\/medicinasinc.com\/es\/wp-json\/wp\/v2\/product_tag?post=4808"}],"curies":[{"name":"wp","href":"https:\/\/api.w.org\/{rel}","templated":true}]}}