{"id":4794,"date":"2022-02-20T16:06:08","date_gmt":"2022-02-20T16:06:08","guid":{"rendered":"https:\/\/medicinasinc.com\/es\/?post_type=product&#038;p=4794"},"modified":"2022-03-22T01:04:18","modified_gmt":"2022-03-22T01:04:18","slug":"comprar-nyc-diesel-budder-top-shelf","status":"publish","type":"product","link":"https:\/\/medicinasinc.com\/es\/product\/comprar-nyc-diesel-budder-top-shelf\/","title":{"rendered":"Comprar NYC Diesel Budder \u2013 Estante superior"},"content":{"rendered":"<p>Comprar New York City Diesel Budder \u2013 Top Shelf<\/p>\n<p>NYC Diesel es una variedad 60 % Sativa que es un cruce entre la gen\u00e9tica aut\u00f3ctona mexicana y afgana. Huele fuertemente a pomelos \u00e1cidos y c\u00edtricos \u00e1cidos. NYC Diesel es una variedad excelente para el d\u00eda debido a su alta estimulaci\u00f3n cerebral, que promueve la claridad mental y el estado de alerta. Adem\u00e1s de sus efectos energizantes, NYC Diesel eleva el estado de \u00e1nimo y estimula la creatividad, lo que lo convierte en un tratamiento eficaz para la depresi\u00f3n. Con el tiempo, los efectos de esta cepa inducen un leve estado de relajaci\u00f3n en el cuerpo, que no provoca somnolencia, pero puede estimular el apetito en algunos usuarios. El uso m\u00e1s efectivo de NYC Diesel es en el tratamiento de la ansiedad\/ansiedad social, la depresi\u00f3n, el dolor cr\u00f3nico, la p\u00e9rdida de apetito y el bajo estado de \u00e1nimo.<\/p>\n","protected":false},"excerpt":{"rendered":"<p>Comprar NYC Diesel Budderl &#8211; Un cruce entre razas aut\u00f3ctonas mexicanas y afganas, esta cepa 60 por ciento Sativa dominante ahora est\u00e1 disponible al mejor precio.<\/p>\n<ul>\n<li>Env\u00edo mundial<\/li>\n<li><strong>Un concentrado compuesto de 97 -99 % de THC<\/strong><\/li>\n<li><strong>99 % de THC-A puro<\/strong><\/li>\n<li><strong>Cont\u00e1ctanos<\/strong>\u00a0para pedidos mayores<\/li>\n<\/ul>\n","protected":false},"featured_media":4807,"comment_status":"open","ping_status":"closed","template":"","meta":[],"product_brand":[],"product_cat":[702],"product_tag":[],"class_list":{"0":"post-4794","1":"product","2":"type-product","3":"status-publish","4":"has-post-thumbnail","6":"product_cat-comprar-cera-de-cannabis","8":"first","9":"instock","10":"shipping-taxable","11":"purchasable","12":"product-type-variable","13":"has-default-attributes"},"yoast_head":"<!-- This site is optimized with the Yoast SEO plugin v27.3 - https:\/\/yoast.com\/product\/yoast-seo-wordpress\/ -->\n<title>Comprar NYC Diesel Budder \u2013 Top Shelf - Best Best Global Meds<\/title>\n<meta name=\"description\" content=\"Comprar NYC Diesel Budderl - Cruce de landraces mexicanas y afganas, es una variedad con dominancia Sativa al 60%, ya disponible a la venta al mejor precio.\" \/>\n<meta name=\"robots\" content=\"index, follow, max-snippet:-1, max-image-preview:large, max-video-preview:-1\" \/>\n<link rel=\"canonical\" href=\"https:\/\/medicinasinc.com\/es\/product\/comprar-nyc-diesel-budder-top-shelf\/\" \/>\n<meta property=\"og:locale\" content=\"es_ES\" \/>\n<meta property=\"og:type\" content=\"article\" \/>\n<meta property=\"og:title\" content=\"Comprar NYC Diesel Budder \u2013 Top Shelf - Best Best Global Meds\" \/>\n<meta property=\"og:description\" content=\"Comprar NYC Diesel Budderl - Cruce de landraces mexicanas y afganas, es una variedad con dominancia Sativa al 60%, ya disponible a la venta al mejor precio.\" \/>\n<meta property=\"og:url\" content=\"https:\/\/medicinasinc.com\/es\/product\/comprar-nyc-diesel-budder-top-shelf\/\" \/>\n<meta property=\"og:site_name\" content=\"Medicinas Inc\" \/>\n<meta property=\"article:modified_time\" content=\"2022-03-22T01:04:18+00:00\" \/>\n<meta property=\"og:image\" content=\"https:\/\/medicinasinc.com\/es\/wp-content\/uploads\/sites\/15\/2022\/02\/Buy-NYC-Diesel-Budder..jpg\" \/>\n\t<meta property=\"og:image:width\" content=\"600\" \/>\n\t<meta property=\"og:image:height\" content=\"600\" \/>\n\t<meta property=\"og:image:type\" content=\"image\/jpeg\" \/>\n<meta name=\"twitter:card\" content=\"summary_large_image\" \/>\n<meta name=\"twitter:label1\" content=\"Tiempo de lectura\" \/>\n\t<meta name=\"twitter:data1\" content=\"1 minuto\" \/>\n<script type=\"application\/ld+json\" class=\"yoast-schema-graph\">{\"@context\":\"https:\\\/\\\/schema.org\",\"@graph\":[{\"@type\":\"WebPage\",\"@id\":\"https:\\\/\\\/medicinasinc.com\\\/es\\\/product\\\/comprar-nyc-diesel-budder-top-shelf\\\/\",\"url\":\"https:\\\/\\\/medicinasinc.com\\\/es\\\/product\\\/comprar-nyc-diesel-budder-top-shelf\\\/\",\"name\":\"Comprar NYC Diesel Budder \u2013 Top Shelf - Best Best Global Meds\",\"isPartOf\":{\"@id\":\"https:\\\/\\\/medicinasinc.com\\\/es\\\/#website\"},\"primaryImageOfPage\":{\"@id\":\"https:\\\/\\\/medicinasinc.com\\\/es\\\/product\\\/comprar-nyc-diesel-budder-top-shelf\\\/#primaryimage\"},\"image\":{\"@id\":\"https:\\\/\\\/medicinasinc.com\\\/es\\\/product\\\/comprar-nyc-diesel-budder-top-shelf\\\/#primaryimage\"},\"thumbnailUrl\":\"https:\\\/\\\/medicinasinc.com\\\/es\\\/wp-content\\\/uploads\\\/sites\\\/15\\\/2022\\\/02\\\/Buy-NYC-Diesel-Budder..jpg\",\"datePublished\":\"2022-02-20T16:06:08+00:00\",\"dateModified\":\"2022-03-22T01:04:18+00:00\",\"description\":\"Comprar NYC Diesel Budderl - Cruce de landraces mexicanas y afganas, es una variedad con dominancia Sativa al 60%, ya disponible a la venta al mejor precio.\",\"breadcrumb\":{\"@id\":\"https:\\\/\\\/medicinasinc.com\\\/es\\\/product\\\/comprar-nyc-diesel-budder-top-shelf\\\/#breadcrumb\"},\"inLanguage\":\"es\",\"potentialAction\":[{\"@type\":\"ReadAction\",\"target\":[\"https:\\\/\\\/medicinasinc.com\\\/es\\\/product\\\/comprar-nyc-diesel-budder-top-shelf\\\/\"]}]},{\"@type\":\"ImageObject\",\"inLanguage\":\"es\",\"@id\":\"https:\\\/\\\/medicinasinc.com\\\/es\\\/product\\\/comprar-nyc-diesel-budder-top-shelf\\\/#primaryimage\",\"url\":\"https:\\\/\\\/medicinasinc.com\\\/es\\\/wp-content\\\/uploads\\\/sites\\\/15\\\/2022\\\/02\\\/Buy-NYC-Diesel-Budder..jpg\",\"contentUrl\":\"https:\\\/\\\/medicinasinc.com\\\/es\\\/wp-content\\\/uploads\\\/sites\\\/15\\\/2022\\\/02\\\/Buy-NYC-Diesel-Budder..jpg\",\"width\":600,\"height\":600},{\"@type\":\"BreadcrumbList\",\"@id\":\"https:\\\/\\\/medicinasinc.com\\\/es\\\/product\\\/comprar-nyc-diesel-budder-top-shelf\\\/#breadcrumb\",\"itemListElement\":[{\"@type\":\"ListItem\",\"position\":1,\"name\":\"Tienda\",\"item\":\"https:\\\/\\\/medicinasinc.com\\\/es\\\/tienda\\\/\"},{\"@type\":\"ListItem\",\"position\":2,\"name\":\"Comprar NYC Diesel Budder \u2013 Estante superior\"}]},{\"@type\":\"WebSite\",\"@id\":\"https:\\\/\\\/medicinasinc.com\\\/es\\\/#website\",\"url\":\"https:\\\/\\\/medicinasinc.com\\\/es\\\/\",\"name\":\"Medicinas Inc\",\"description\":\"Cl\u00ednica M\u00e9dica de Salud\",\"potentialAction\":[{\"@type\":\"SearchAction\",\"target\":{\"@type\":\"EntryPoint\",\"urlTemplate\":\"https:\\\/\\\/medicinasinc.com\\\/es\\\/?s={search_term_string}\"},\"query-input\":{\"@type\":\"PropertyValueSpecification\",\"valueRequired\":true,\"valueName\":\"search_term_string\"}}],\"inLanguage\":\"es\"}]}<\/script>\n<!-- \/ Yoast SEO plugin. -->","yoast_head_json":{"title":"Comprar NYC Diesel Budder \u2013 Top Shelf - Best Best Global Meds","description":"Comprar NYC Diesel Budderl - Cruce de landraces mexicanas y afganas, es una variedad con dominancia Sativa al 60%, ya disponible a la venta al mejor precio.","robots":{"index":"index","follow":"follow","max-snippet":"max-snippet:-1","max-image-preview":"max-image-preview:large","max-video-preview":"max-video-preview:-1"},"canonical":"https:\/\/medicinasinc.com\/es\/product\/comprar-nyc-diesel-budder-top-shelf\/","og_locale":"es_ES","og_type":"article","og_title":"Comprar NYC Diesel Budder \u2013 Top Shelf - Best Best Global Meds","og_description":"Comprar NYC Diesel Budderl - Cruce de landraces mexicanas y afganas, es una variedad con dominancia Sativa al 60%, ya disponible a la venta al mejor precio.","og_url":"https:\/\/medicinasinc.com\/es\/product\/comprar-nyc-diesel-budder-top-shelf\/","og_site_name":"Medicinas Inc","article_modified_time":"2022-03-22T01:04:18+00:00","og_image":[{"width":600,"height":600,"url":"https:\/\/medicinasinc.com\/es\/wp-content\/uploads\/sites\/15\/2022\/02\/Buy-NYC-Diesel-Budder..jpg","type":"image\/jpeg"}],"twitter_card":"summary_large_image","twitter_misc":{"Tiempo de lectura":"1 minuto"},"schema":{"@context":"https:\/\/schema.org","@graph":[{"@type":"WebPage","@id":"https:\/\/medicinasinc.com\/es\/product\/comprar-nyc-diesel-budder-top-shelf\/","url":"https:\/\/medicinasinc.com\/es\/product\/comprar-nyc-diesel-budder-top-shelf\/","name":"Comprar NYC Diesel Budder \u2013 Top Shelf - Best Best Global Meds","isPartOf":{"@id":"https:\/\/medicinasinc.com\/es\/#website"},"primaryImageOfPage":{"@id":"https:\/\/medicinasinc.com\/es\/product\/comprar-nyc-diesel-budder-top-shelf\/#primaryimage"},"image":{"@id":"https:\/\/medicinasinc.com\/es\/product\/comprar-nyc-diesel-budder-top-shelf\/#primaryimage"},"thumbnailUrl":"https:\/\/medicinasinc.com\/es\/wp-content\/uploads\/sites\/15\/2022\/02\/Buy-NYC-Diesel-Budder..jpg","datePublished":"2022-02-20T16:06:08+00:00","dateModified":"2022-03-22T01:04:18+00:00","description":"Comprar NYC Diesel Budderl - Cruce de landraces mexicanas y afganas, es una variedad con dominancia Sativa al 60%, ya disponible a la venta al mejor precio.","breadcrumb":{"@id":"https:\/\/medicinasinc.com\/es\/product\/comprar-nyc-diesel-budder-top-shelf\/#breadcrumb"},"inLanguage":"es","potentialAction":[{"@type":"ReadAction","target":["https:\/\/medicinasinc.com\/es\/product\/comprar-nyc-diesel-budder-top-shelf\/"]}]},{"@type":"ImageObject","inLanguage":"es","@id":"https:\/\/medicinasinc.com\/es\/product\/comprar-nyc-diesel-budder-top-shelf\/#primaryimage","url":"https:\/\/medicinasinc.com\/es\/wp-content\/uploads\/sites\/15\/2022\/02\/Buy-NYC-Diesel-Budder..jpg","contentUrl":"https:\/\/medicinasinc.com\/es\/wp-content\/uploads\/sites\/15\/2022\/02\/Buy-NYC-Diesel-Budder..jpg","width":600,"height":600},{"@type":"BreadcrumbList","@id":"https:\/\/medicinasinc.com\/es\/product\/comprar-nyc-diesel-budder-top-shelf\/#breadcrumb","itemListElement":[{"@type":"ListItem","position":1,"name":"Tienda","item":"https:\/\/medicinasinc.com\/es\/tienda\/"},{"@type":"ListItem","position":2,"name":"Comprar NYC Diesel Budder \u2013 Estante superior"}]},{"@type":"WebSite","@id":"https:\/\/medicinasinc.com\/es\/#website","url":"https:\/\/medicinasinc.com\/es\/","name":"Medicinas Inc","description":"Cl\u00ednica M\u00e9dica de Salud","potentialAction":[{"@type":"SearchAction","target":{"@type":"EntryPoint","urlTemplate":"https:\/\/medicinasinc.com\/es\/?s={search_term_string}"},"query-input":{"@type":"PropertyValueSpecification","valueRequired":true,"valueName":"search_term_string"}}],"inLanguage":"es"}]}},"_links":{"self":[{"href":"https:\/\/medicinasinc.com\/es\/wp-json\/wp\/v2\/product\/4794","targetHints":{"allow":["GET"]}}],"collection":[{"href":"https:\/\/medicinasinc.com\/es\/wp-json\/wp\/v2\/product"}],"about":[{"href":"https:\/\/medicinasinc.com\/es\/wp-json\/wp\/v2\/types\/product"}],"replies":[{"embeddable":true,"href":"https:\/\/medicinasinc.com\/es\/wp-json\/wp\/v2\/comments?post=4794"}],"wp:featuredmedia":[{"embeddable":true,"href":"https:\/\/medicinasinc.com\/es\/wp-json\/wp\/v2\/media\/4807"}],"wp:attachment":[{"href":"https:\/\/medicinasinc.com\/es\/wp-json\/wp\/v2\/media?parent=4794"}],"wp:term":[{"taxonomy":"product_brand","embeddable":true,"href":"https:\/\/medicinasinc.com\/es\/wp-json\/wp\/v2\/product_brand?post=4794"},{"taxonomy":"product_cat","embeddable":true,"href":"https:\/\/medicinasinc.com\/es\/wp-json\/wp\/v2\/product_cat?post=4794"},{"taxonomy":"product_tag","embeddable":true,"href":"https:\/\/medicinasinc.com\/es\/wp-json\/wp\/v2\/product_tag?post=4794"}],"curies":[{"name":"wp","href":"https:\/\/api.w.org\/{rel}","templated":true}]}}