{"id":4780,"date":"2022-02-20T15:56:42","date_gmt":"2022-02-20T15:56:42","guid":{"rendered":"https:\/\/medicinasinc.com\/es\/?post_type=product&#038;p=4780"},"modified":"2022-03-22T01:04:26","modified_gmt":"2022-03-22T01:04:26","slug":"comprar-grasiento-rosa-bubba-budder-top-shelf","status":"publish","type":"product","link":"https:\/\/medicinasinc.com\/es\/product\/comprar-grasiento-rosa-bubba-budder-top-shelf\/","title":{"rendered":"Comprar Greasy Pink Bubba Budder \u2013 Estante superior"},"content":{"rendered":"<p>Compre Greasy Pink Bubba Budder en un minorista de Top Shelf.<\/p>\n<p>&#8216;Greasy&#8217; Pink Bubba es principalmente una variedad Indica derivada de la gen\u00e9tica Pink Kush y Bubba Kush. Quiz\u00e1s se disfrute mejor por la noche, &#8216;Greasy&#8217; Pink Bubba brinda una poderosa dosis de relajaci\u00f3n f\u00edsica que alivia instant\u00e1neamente los dolores y molestias corporales. Esta relajaci\u00f3n tranquila va acompa\u00f1ada de una euforia tranquila, que lleva gradualmente al usuario a un estado de ensue\u00f1o y paz. Los efectos de &#8216;Greasy&#8217; Pink Bubba se deslizan gradualmente sobre el usuario, arrull\u00e1ndolo suavemente con estos efectos maravillosamente relajantes. Esta cepa tiene un aroma Kush cl\u00e1sico, con matices terrosos y rosados \u200b\u200by notas florales que perduran en el paladar. Pink Bubba &#8216;Greasy&#8217; se puede usar para tratar una variedad de afecciones m\u00e9dicas, que incluyen depresi\u00f3n, ansiedad, estr\u00e9s cr\u00f3nico, n\u00e1useas, dolor e inflamaci\u00f3n cr\u00f3nicos, migra\u00f1as\/dolores de cabeza e insomnio.<\/p>\n","protected":false},"excerpt":{"rendered":"<p>Compre Greasy Pink Bubba Budder en un minorista de Top Shelf.<\/p>\n<p>&nbsp;<\/p>\n<ul>\n<li>Env\u00edo a todo el mundo<\/li>\n<li>La cantidad m\u00ednima de pedido es <strong> 3<\/strong><\/li>\n<li><strong>Cont\u00e1ctenos<\/strong>\u00a0para pedidos m\u00e1s grandes<\/li>\n<\/ul>\n","protected":false},"featured_media":4795,"comment_status":"open","ping_status":"closed","template":"","meta":[],"product_brand":[],"product_cat":[702],"product_tag":[],"class_list":{"0":"post-4780","1":"product","2":"type-product","3":"status-publish","4":"has-post-thumbnail","6":"product_cat-comprar-cera-de-cannabis","8":"first","9":"instock","10":"shipping-taxable","11":"purchasable","12":"product-type-variable","13":"has-default-attributes"},"yoast_head":"<!-- This site is optimized with the Yoast SEO plugin v27.3 - https:\/\/yoast.com\/product\/yoast-seo-wordpress\/ -->\n<title>Comprar Greasy Pink Bubba Budder \u2013 Estante superior - Medicinas Inc<\/title>\n<meta name=\"description\" content=\"Compre Greasy Pink Bubba Budder en un minorista de Top Shelf.\" \/>\n<meta name=\"robots\" content=\"index, follow, max-snippet:-1, max-image-preview:large, max-video-preview:-1\" \/>\n<link rel=\"canonical\" href=\"https:\/\/medicinasinc.com\/es\/product\/comprar-grasiento-rosa-bubba-budder-top-shelf\/\" \/>\n<meta property=\"og:locale\" content=\"es_ES\" \/>\n<meta property=\"og:type\" content=\"article\" \/>\n<meta property=\"og:title\" content=\"Comprar Greasy Pink Bubba Budder \u2013 Estante superior - Medicinas Inc\" \/>\n<meta property=\"og:description\" content=\"Compre Greasy Pink Bubba Budder en un minorista de Top Shelf.\" \/>\n<meta property=\"og:url\" content=\"https:\/\/medicinasinc.com\/es\/product\/comprar-grasiento-rosa-bubba-budder-top-shelf\/\" \/>\n<meta property=\"og:site_name\" content=\"Medicinas Inc\" \/>\n<meta property=\"article:modified_time\" content=\"2022-03-22T01:04:26+00:00\" \/>\n<meta property=\"og:image\" content=\"https:\/\/medicinasinc.com\/es\/wp-content\/uploads\/sites\/15\/2022\/02\/Buy-Greasy-Pink-Bubba-Budder.jpg\" \/>\n\t<meta property=\"og:image:width\" content=\"600\" \/>\n\t<meta property=\"og:image:height\" content=\"600\" \/>\n\t<meta property=\"og:image:type\" content=\"image\/jpeg\" \/>\n<meta name=\"twitter:card\" content=\"summary_large_image\" \/>\n<meta name=\"twitter:label1\" content=\"Tiempo de lectura\" \/>\n\t<meta name=\"twitter:data1\" content=\"1 minuto\" \/>\n<script type=\"application\/ld+json\" class=\"yoast-schema-graph\">{\"@context\":\"https:\\\/\\\/schema.org\",\"@graph\":[{\"@type\":\"WebPage\",\"@id\":\"https:\\\/\\\/medicinasinc.com\\\/es\\\/product\\\/comprar-grasiento-rosa-bubba-budder-top-shelf\\\/\",\"url\":\"https:\\\/\\\/medicinasinc.com\\\/es\\\/product\\\/comprar-grasiento-rosa-bubba-budder-top-shelf\\\/\",\"name\":\"Comprar Greasy Pink Bubba Budder \u2013 Estante superior - Medicinas Inc\",\"isPartOf\":{\"@id\":\"https:\\\/\\\/medicinasinc.com\\\/es\\\/#website\"},\"primaryImageOfPage\":{\"@id\":\"https:\\\/\\\/medicinasinc.com\\\/es\\\/product\\\/comprar-grasiento-rosa-bubba-budder-top-shelf\\\/#primaryimage\"},\"image\":{\"@id\":\"https:\\\/\\\/medicinasinc.com\\\/es\\\/product\\\/comprar-grasiento-rosa-bubba-budder-top-shelf\\\/#primaryimage\"},\"thumbnailUrl\":\"https:\\\/\\\/medicinasinc.com\\\/es\\\/wp-content\\\/uploads\\\/sites\\\/15\\\/2022\\\/02\\\/Buy-Greasy-Pink-Bubba-Budder.jpg\",\"datePublished\":\"2022-02-20T15:56:42+00:00\",\"dateModified\":\"2022-03-22T01:04:26+00:00\",\"description\":\"Compre Greasy Pink Bubba Budder en un minorista de Top Shelf.\",\"breadcrumb\":{\"@id\":\"https:\\\/\\\/medicinasinc.com\\\/es\\\/product\\\/comprar-grasiento-rosa-bubba-budder-top-shelf\\\/#breadcrumb\"},\"inLanguage\":\"es\",\"potentialAction\":[{\"@type\":\"ReadAction\",\"target\":[\"https:\\\/\\\/medicinasinc.com\\\/es\\\/product\\\/comprar-grasiento-rosa-bubba-budder-top-shelf\\\/\"]}]},{\"@type\":\"ImageObject\",\"inLanguage\":\"es\",\"@id\":\"https:\\\/\\\/medicinasinc.com\\\/es\\\/product\\\/comprar-grasiento-rosa-bubba-budder-top-shelf\\\/#primaryimage\",\"url\":\"https:\\\/\\\/medicinasinc.com\\\/es\\\/wp-content\\\/uploads\\\/sites\\\/15\\\/2022\\\/02\\\/Buy-Greasy-Pink-Bubba-Budder.jpg\",\"contentUrl\":\"https:\\\/\\\/medicinasinc.com\\\/es\\\/wp-content\\\/uploads\\\/sites\\\/15\\\/2022\\\/02\\\/Buy-Greasy-Pink-Bubba-Budder.jpg\",\"width\":600,\"height\":600},{\"@type\":\"BreadcrumbList\",\"@id\":\"https:\\\/\\\/medicinasinc.com\\\/es\\\/product\\\/comprar-grasiento-rosa-bubba-budder-top-shelf\\\/#breadcrumb\",\"itemListElement\":[{\"@type\":\"ListItem\",\"position\":1,\"name\":\"Tienda\",\"item\":\"https:\\\/\\\/medicinasinc.com\\\/es\\\/tienda\\\/\"},{\"@type\":\"ListItem\",\"position\":2,\"name\":\"Comprar Greasy Pink Bubba Budder \u2013 Estante superior\"}]},{\"@type\":\"WebSite\",\"@id\":\"https:\\\/\\\/medicinasinc.com\\\/es\\\/#website\",\"url\":\"https:\\\/\\\/medicinasinc.com\\\/es\\\/\",\"name\":\"Medicinas Inc\",\"description\":\"Cl\u00ednica M\u00e9dica de Salud\",\"potentialAction\":[{\"@type\":\"SearchAction\",\"target\":{\"@type\":\"EntryPoint\",\"urlTemplate\":\"https:\\\/\\\/medicinasinc.com\\\/es\\\/?s={search_term_string}\"},\"query-input\":{\"@type\":\"PropertyValueSpecification\",\"valueRequired\":true,\"valueName\":\"search_term_string\"}}],\"inLanguage\":\"es\"}]}<\/script>\n<!-- \/ Yoast SEO plugin. -->","yoast_head_json":{"title":"Comprar Greasy Pink Bubba Budder \u2013 Estante superior - Medicinas Inc","description":"Compre Greasy Pink Bubba Budder en un minorista de Top Shelf.","robots":{"index":"index","follow":"follow","max-snippet":"max-snippet:-1","max-image-preview":"max-image-preview:large","max-video-preview":"max-video-preview:-1"},"canonical":"https:\/\/medicinasinc.com\/es\/product\/comprar-grasiento-rosa-bubba-budder-top-shelf\/","og_locale":"es_ES","og_type":"article","og_title":"Comprar Greasy Pink Bubba Budder \u2013 Estante superior - Medicinas Inc","og_description":"Compre Greasy Pink Bubba Budder en un minorista de Top Shelf.","og_url":"https:\/\/medicinasinc.com\/es\/product\/comprar-grasiento-rosa-bubba-budder-top-shelf\/","og_site_name":"Medicinas Inc","article_modified_time":"2022-03-22T01:04:26+00:00","og_image":[{"width":600,"height":600,"url":"https:\/\/medicinasinc.com\/es\/wp-content\/uploads\/sites\/15\/2022\/02\/Buy-Greasy-Pink-Bubba-Budder.jpg","type":"image\/jpeg"}],"twitter_card":"summary_large_image","twitter_misc":{"Tiempo de lectura":"1 minuto"},"schema":{"@context":"https:\/\/schema.org","@graph":[{"@type":"WebPage","@id":"https:\/\/medicinasinc.com\/es\/product\/comprar-grasiento-rosa-bubba-budder-top-shelf\/","url":"https:\/\/medicinasinc.com\/es\/product\/comprar-grasiento-rosa-bubba-budder-top-shelf\/","name":"Comprar Greasy Pink Bubba Budder \u2013 Estante superior - Medicinas Inc","isPartOf":{"@id":"https:\/\/medicinasinc.com\/es\/#website"},"primaryImageOfPage":{"@id":"https:\/\/medicinasinc.com\/es\/product\/comprar-grasiento-rosa-bubba-budder-top-shelf\/#primaryimage"},"image":{"@id":"https:\/\/medicinasinc.com\/es\/product\/comprar-grasiento-rosa-bubba-budder-top-shelf\/#primaryimage"},"thumbnailUrl":"https:\/\/medicinasinc.com\/es\/wp-content\/uploads\/sites\/15\/2022\/02\/Buy-Greasy-Pink-Bubba-Budder.jpg","datePublished":"2022-02-20T15:56:42+00:00","dateModified":"2022-03-22T01:04:26+00:00","description":"Compre Greasy Pink Bubba Budder en un minorista de Top Shelf.","breadcrumb":{"@id":"https:\/\/medicinasinc.com\/es\/product\/comprar-grasiento-rosa-bubba-budder-top-shelf\/#breadcrumb"},"inLanguage":"es","potentialAction":[{"@type":"ReadAction","target":["https:\/\/medicinasinc.com\/es\/product\/comprar-grasiento-rosa-bubba-budder-top-shelf\/"]}]},{"@type":"ImageObject","inLanguage":"es","@id":"https:\/\/medicinasinc.com\/es\/product\/comprar-grasiento-rosa-bubba-budder-top-shelf\/#primaryimage","url":"https:\/\/medicinasinc.com\/es\/wp-content\/uploads\/sites\/15\/2022\/02\/Buy-Greasy-Pink-Bubba-Budder.jpg","contentUrl":"https:\/\/medicinasinc.com\/es\/wp-content\/uploads\/sites\/15\/2022\/02\/Buy-Greasy-Pink-Bubba-Budder.jpg","width":600,"height":600},{"@type":"BreadcrumbList","@id":"https:\/\/medicinasinc.com\/es\/product\/comprar-grasiento-rosa-bubba-budder-top-shelf\/#breadcrumb","itemListElement":[{"@type":"ListItem","position":1,"name":"Tienda","item":"https:\/\/medicinasinc.com\/es\/tienda\/"},{"@type":"ListItem","position":2,"name":"Comprar Greasy Pink Bubba Budder \u2013 Estante superior"}]},{"@type":"WebSite","@id":"https:\/\/medicinasinc.com\/es\/#website","url":"https:\/\/medicinasinc.com\/es\/","name":"Medicinas Inc","description":"Cl\u00ednica M\u00e9dica de Salud","potentialAction":[{"@type":"SearchAction","target":{"@type":"EntryPoint","urlTemplate":"https:\/\/medicinasinc.com\/es\/?s={search_term_string}"},"query-input":{"@type":"PropertyValueSpecification","valueRequired":true,"valueName":"search_term_string"}}],"inLanguage":"es"}]}},"_links":{"self":[{"href":"https:\/\/medicinasinc.com\/es\/wp-json\/wp\/v2\/product\/4780","targetHints":{"allow":["GET"]}}],"collection":[{"href":"https:\/\/medicinasinc.com\/es\/wp-json\/wp\/v2\/product"}],"about":[{"href":"https:\/\/medicinasinc.com\/es\/wp-json\/wp\/v2\/types\/product"}],"replies":[{"embeddable":true,"href":"https:\/\/medicinasinc.com\/es\/wp-json\/wp\/v2\/comments?post=4780"}],"wp:featuredmedia":[{"embeddable":true,"href":"https:\/\/medicinasinc.com\/es\/wp-json\/wp\/v2\/media\/4795"}],"wp:attachment":[{"href":"https:\/\/medicinasinc.com\/es\/wp-json\/wp\/v2\/media?parent=4780"}],"wp:term":[{"taxonomy":"product_brand","embeddable":true,"href":"https:\/\/medicinasinc.com\/es\/wp-json\/wp\/v2\/product_brand?post=4780"},{"taxonomy":"product_cat","embeddable":true,"href":"https:\/\/medicinasinc.com\/es\/wp-json\/wp\/v2\/product_cat?post=4780"},{"taxonomy":"product_tag","embeddable":true,"href":"https:\/\/medicinasinc.com\/es\/wp-json\/wp\/v2\/product_tag?post=4780"}],"curies":[{"name":"wp","href":"https:\/\/api.w.org\/{rel}","templated":true}]}}