{"id":4779,"date":"2022-02-20T15:55:42","date_gmt":"2022-02-20T15:55:42","guid":{"rendered":"https:\/\/medicinasinc.com\/es\/?post_type=product&#038;p=4779"},"modified":"2022-08-05T15:18:20","modified_gmt":"2022-08-05T15:18:20","slug":"comprar-alaska-thunder-fuck-budder-top-shelf","status":"publish","type":"product","link":"https:\/\/medicinasinc.com\/es\/product\/comprar-alaska-thunder-fuck-budder-top-shelf\/","title":{"rendered":"Comprar Alaskan Thunder Fuck Budder &#8211; Estante superior"},"content":{"rendered":"<p>Comprar Alaskan Thunder Fuck Budder \u2013 Calidad Premium<\/p>\n<p>Alaskan Thunder Fuck, abreviado ATF, Matanuska Thunder Fuck, o Matanuska Tundra, es una rara variedad sativa dominante que se origin\u00f3 en el valle de Matanuska en Alaska. Se cree que se origin\u00f3 como un cruce entre una sativa del norte de California y una ruderalis rusa, antes de cruzarse con gen\u00e9tica afgana a fines de la d\u00e9cada de 1970. Esta cepa tiene un aroma penetrante que combina pino y lim\u00f3n con notas de skunk y mentol. ATF es adorado por sus propiedades estimulantes del apetito y sus propiedades similares a las de las enredaderas. El subid\u00f3n de ATF comienza con una explosi\u00f3n de estimulaci\u00f3n cerebral, que promueve la interacci\u00f3n social y la creatividad. A medida que aumenta la intensidad de la euforia, el cuerpo comienza a relajarse y comienza el hambre. Alaskan Thunder Fuck se puede usar para tratar el estr\u00e9s cr\u00f3nico, la depresi\u00f3n y el dolor leve a moderado.<\/p>\n","protected":false},"excerpt":{"rendered":"<p>Comprar Alaskan Thunder Fuck Budder: calidad premium<\/p>\n<p>&nbsp;<\/p>\n<ul>\n<li>Env\u00edo a todo el mundo<\/li>\n<li>La cantidad m\u00ednima de pedido es <strong>3<\/strong><\/li>\n<li><strong>Cont\u00e1ctenos<\/strong>\u00a0para pedidos m\u00e1s grandes<\/li>\n<\/ul>\n","protected":false},"featured_media":4793,"comment_status":"open","ping_status":"closed","template":"","meta":[],"product_brand":[],"product_cat":[702],"product_tag":[],"class_list":{"0":"post-4779","1":"product","2":"type-product","3":"status-publish","4":"has-post-thumbnail","6":"product_cat-comprar-cera-de-cannabis","8":"first","9":"instock","10":"shipping-taxable","11":"purchasable","12":"product-type-variable","13":"has-default-attributes"},"yoast_head":"<!-- This site is optimized with the Yoast SEO plugin v27.3 - https:\/\/yoast.com\/product\/yoast-seo-wordpress\/ -->\n<title>Comprar Alaskan Thunder Fuck Budder - Estante superior - Medicinas Inc<\/title>\n<meta name=\"description\" content=\"Comprar Alaskan Thunder Fuck Budder \u2013 Calidad Premium\" \/>\n<meta name=\"robots\" content=\"index, follow, max-snippet:-1, max-image-preview:large, max-video-preview:-1\" \/>\n<link rel=\"canonical\" href=\"https:\/\/medicinasinc.com\/es\/product\/comprar-alaska-thunder-fuck-budder-top-shelf\/\" \/>\n<meta property=\"og:locale\" content=\"es_ES\" \/>\n<meta property=\"og:type\" content=\"article\" \/>\n<meta property=\"og:title\" content=\"Comprar Alaskan Thunder Fuck Budder - Estante superior - Medicinas Inc\" \/>\n<meta property=\"og:description\" content=\"Comprar Alaskan Thunder Fuck Budder \u2013 Calidad Premium\" \/>\n<meta property=\"og:url\" content=\"https:\/\/medicinasinc.com\/es\/product\/comprar-alaska-thunder-fuck-budder-top-shelf\/\" \/>\n<meta property=\"og:site_name\" content=\"Medicinas Inc\" \/>\n<meta property=\"article:modified_time\" content=\"2022-08-05T15:18:20+00:00\" \/>\n<meta property=\"og:image\" content=\"https:\/\/medicinasinc.com\/es\/wp-content\/uploads\/sites\/15\/2022\/02\/Buy-Alaskan-Thunder-Fuck-Budder.jpg\" \/>\n\t<meta property=\"og:image:width\" content=\"600\" \/>\n\t<meta property=\"og:image:height\" content=\"600\" \/>\n\t<meta property=\"og:image:type\" content=\"image\/jpeg\" \/>\n<meta name=\"twitter:card\" content=\"summary_large_image\" \/>\n<meta name=\"twitter:label1\" content=\"Tiempo de lectura\" \/>\n\t<meta name=\"twitter:data1\" content=\"1 minuto\" \/>\n<script type=\"application\/ld+json\" class=\"yoast-schema-graph\">{\"@context\":\"https:\\\/\\\/schema.org\",\"@graph\":[{\"@type\":\"WebPage\",\"@id\":\"https:\\\/\\\/medicinasinc.com\\\/es\\\/product\\\/comprar-alaska-thunder-fuck-budder-top-shelf\\\/\",\"url\":\"https:\\\/\\\/medicinasinc.com\\\/es\\\/product\\\/comprar-alaska-thunder-fuck-budder-top-shelf\\\/\",\"name\":\"Comprar Alaskan Thunder Fuck Budder - Estante superior - Medicinas Inc\",\"isPartOf\":{\"@id\":\"https:\\\/\\\/medicinasinc.com\\\/es\\\/#website\"},\"primaryImageOfPage\":{\"@id\":\"https:\\\/\\\/medicinasinc.com\\\/es\\\/product\\\/comprar-alaska-thunder-fuck-budder-top-shelf\\\/#primaryimage\"},\"image\":{\"@id\":\"https:\\\/\\\/medicinasinc.com\\\/es\\\/product\\\/comprar-alaska-thunder-fuck-budder-top-shelf\\\/#primaryimage\"},\"thumbnailUrl\":\"https:\\\/\\\/medicinasinc.com\\\/es\\\/wp-content\\\/uploads\\\/sites\\\/15\\\/2022\\\/02\\\/Buy-Alaskan-Thunder-Fuck-Budder.jpg\",\"datePublished\":\"2022-02-20T15:55:42+00:00\",\"dateModified\":\"2022-08-05T15:18:20+00:00\",\"description\":\"Comprar Alaskan Thunder Fuck Budder \u2013 Calidad Premium\",\"breadcrumb\":{\"@id\":\"https:\\\/\\\/medicinasinc.com\\\/es\\\/product\\\/comprar-alaska-thunder-fuck-budder-top-shelf\\\/#breadcrumb\"},\"inLanguage\":\"es\",\"potentialAction\":[{\"@type\":\"ReadAction\",\"target\":[\"https:\\\/\\\/medicinasinc.com\\\/es\\\/product\\\/comprar-alaska-thunder-fuck-budder-top-shelf\\\/\"]}]},{\"@type\":\"ImageObject\",\"inLanguage\":\"es\",\"@id\":\"https:\\\/\\\/medicinasinc.com\\\/es\\\/product\\\/comprar-alaska-thunder-fuck-budder-top-shelf\\\/#primaryimage\",\"url\":\"https:\\\/\\\/medicinasinc.com\\\/es\\\/wp-content\\\/uploads\\\/sites\\\/15\\\/2022\\\/02\\\/Buy-Alaskan-Thunder-Fuck-Budder.jpg\",\"contentUrl\":\"https:\\\/\\\/medicinasinc.com\\\/es\\\/wp-content\\\/uploads\\\/sites\\\/15\\\/2022\\\/02\\\/Buy-Alaskan-Thunder-Fuck-Budder.jpg\",\"width\":600,\"height\":600},{\"@type\":\"BreadcrumbList\",\"@id\":\"https:\\\/\\\/medicinasinc.com\\\/es\\\/product\\\/comprar-alaska-thunder-fuck-budder-top-shelf\\\/#breadcrumb\",\"itemListElement\":[{\"@type\":\"ListItem\",\"position\":1,\"name\":\"Tienda\",\"item\":\"https:\\\/\\\/medicinasinc.com\\\/es\\\/tienda\\\/\"},{\"@type\":\"ListItem\",\"position\":2,\"name\":\"Comprar Alaskan Thunder Fuck Budder &#8211; Estante superior\"}]},{\"@type\":\"WebSite\",\"@id\":\"https:\\\/\\\/medicinasinc.com\\\/es\\\/#website\",\"url\":\"https:\\\/\\\/medicinasinc.com\\\/es\\\/\",\"name\":\"Medicinas Inc\",\"description\":\"Cl\u00ednica M\u00e9dica de Salud\",\"potentialAction\":[{\"@type\":\"SearchAction\",\"target\":{\"@type\":\"EntryPoint\",\"urlTemplate\":\"https:\\\/\\\/medicinasinc.com\\\/es\\\/?s={search_term_string}\"},\"query-input\":{\"@type\":\"PropertyValueSpecification\",\"valueRequired\":true,\"valueName\":\"search_term_string\"}}],\"inLanguage\":\"es\"}]}<\/script>\n<!-- \/ Yoast SEO plugin. -->","yoast_head_json":{"title":"Comprar Alaskan Thunder Fuck Budder - Estante superior - Medicinas Inc","description":"Comprar Alaskan Thunder Fuck Budder \u2013 Calidad Premium","robots":{"index":"index","follow":"follow","max-snippet":"max-snippet:-1","max-image-preview":"max-image-preview:large","max-video-preview":"max-video-preview:-1"},"canonical":"https:\/\/medicinasinc.com\/es\/product\/comprar-alaska-thunder-fuck-budder-top-shelf\/","og_locale":"es_ES","og_type":"article","og_title":"Comprar Alaskan Thunder Fuck Budder - Estante superior - Medicinas Inc","og_description":"Comprar Alaskan Thunder Fuck Budder \u2013 Calidad Premium","og_url":"https:\/\/medicinasinc.com\/es\/product\/comprar-alaska-thunder-fuck-budder-top-shelf\/","og_site_name":"Medicinas Inc","article_modified_time":"2022-08-05T15:18:20+00:00","og_image":[{"width":600,"height":600,"url":"https:\/\/medicinasinc.com\/es\/wp-content\/uploads\/sites\/15\/2022\/02\/Buy-Alaskan-Thunder-Fuck-Budder.jpg","type":"image\/jpeg"}],"twitter_card":"summary_large_image","twitter_misc":{"Tiempo de lectura":"1 minuto"},"schema":{"@context":"https:\/\/schema.org","@graph":[{"@type":"WebPage","@id":"https:\/\/medicinasinc.com\/es\/product\/comprar-alaska-thunder-fuck-budder-top-shelf\/","url":"https:\/\/medicinasinc.com\/es\/product\/comprar-alaska-thunder-fuck-budder-top-shelf\/","name":"Comprar Alaskan Thunder Fuck Budder - Estante superior - Medicinas Inc","isPartOf":{"@id":"https:\/\/medicinasinc.com\/es\/#website"},"primaryImageOfPage":{"@id":"https:\/\/medicinasinc.com\/es\/product\/comprar-alaska-thunder-fuck-budder-top-shelf\/#primaryimage"},"image":{"@id":"https:\/\/medicinasinc.com\/es\/product\/comprar-alaska-thunder-fuck-budder-top-shelf\/#primaryimage"},"thumbnailUrl":"https:\/\/medicinasinc.com\/es\/wp-content\/uploads\/sites\/15\/2022\/02\/Buy-Alaskan-Thunder-Fuck-Budder.jpg","datePublished":"2022-02-20T15:55:42+00:00","dateModified":"2022-08-05T15:18:20+00:00","description":"Comprar Alaskan Thunder Fuck Budder \u2013 Calidad Premium","breadcrumb":{"@id":"https:\/\/medicinasinc.com\/es\/product\/comprar-alaska-thunder-fuck-budder-top-shelf\/#breadcrumb"},"inLanguage":"es","potentialAction":[{"@type":"ReadAction","target":["https:\/\/medicinasinc.com\/es\/product\/comprar-alaska-thunder-fuck-budder-top-shelf\/"]}]},{"@type":"ImageObject","inLanguage":"es","@id":"https:\/\/medicinasinc.com\/es\/product\/comprar-alaska-thunder-fuck-budder-top-shelf\/#primaryimage","url":"https:\/\/medicinasinc.com\/es\/wp-content\/uploads\/sites\/15\/2022\/02\/Buy-Alaskan-Thunder-Fuck-Budder.jpg","contentUrl":"https:\/\/medicinasinc.com\/es\/wp-content\/uploads\/sites\/15\/2022\/02\/Buy-Alaskan-Thunder-Fuck-Budder.jpg","width":600,"height":600},{"@type":"BreadcrumbList","@id":"https:\/\/medicinasinc.com\/es\/product\/comprar-alaska-thunder-fuck-budder-top-shelf\/#breadcrumb","itemListElement":[{"@type":"ListItem","position":1,"name":"Tienda","item":"https:\/\/medicinasinc.com\/es\/tienda\/"},{"@type":"ListItem","position":2,"name":"Comprar Alaskan Thunder Fuck Budder &#8211; Estante superior"}]},{"@type":"WebSite","@id":"https:\/\/medicinasinc.com\/es\/#website","url":"https:\/\/medicinasinc.com\/es\/","name":"Medicinas Inc","description":"Cl\u00ednica M\u00e9dica de Salud","potentialAction":[{"@type":"SearchAction","target":{"@type":"EntryPoint","urlTemplate":"https:\/\/medicinasinc.com\/es\/?s={search_term_string}"},"query-input":{"@type":"PropertyValueSpecification","valueRequired":true,"valueName":"search_term_string"}}],"inLanguage":"es"}]}},"_links":{"self":[{"href":"https:\/\/medicinasinc.com\/es\/wp-json\/wp\/v2\/product\/4779","targetHints":{"allow":["GET"]}}],"collection":[{"href":"https:\/\/medicinasinc.com\/es\/wp-json\/wp\/v2\/product"}],"about":[{"href":"https:\/\/medicinasinc.com\/es\/wp-json\/wp\/v2\/types\/product"}],"replies":[{"embeddable":true,"href":"https:\/\/medicinasinc.com\/es\/wp-json\/wp\/v2\/comments?post=4779"}],"wp:featuredmedia":[{"embeddable":true,"href":"https:\/\/medicinasinc.com\/es\/wp-json\/wp\/v2\/media\/4793"}],"wp:attachment":[{"href":"https:\/\/medicinasinc.com\/es\/wp-json\/wp\/v2\/media?parent=4779"}],"wp:term":[{"taxonomy":"product_brand","embeddable":true,"href":"https:\/\/medicinasinc.com\/es\/wp-json\/wp\/v2\/product_brand?post=4779"},{"taxonomy":"product_cat","embeddable":true,"href":"https:\/\/medicinasinc.com\/es\/wp-json\/wp\/v2\/product_cat?post=4779"},{"taxonomy":"product_tag","embeddable":true,"href":"https:\/\/medicinasinc.com\/es\/wp-json\/wp\/v2\/product_tag?post=4779"}],"curies":[{"name":"wp","href":"https:\/\/api.w.org\/{rel}","templated":true}]}}