{"id":4768,"date":"2022-02-20T15:46:58","date_gmt":"2022-02-20T15:46:58","guid":{"rendered":"https:\/\/medicinasinc.com\/es\/?post_type=product&#038;p=4768"},"modified":"2022-03-22T01:04:46","modified_gmt":"2022-03-22T01:04:46","slug":"comprar-k2-incienso-spray","status":"publish","type":"product","link":"https:\/\/medicinasinc.com\/es\/product\/comprar-k2-incienso-spray\/","title":{"rendered":"Comprar Incienso K2 Spray"},"content":{"rendered":"<p>Compra en l\u00ednea del aerosol de incienso K2<\/p>\n<p>Adem\u00e1s, vendemos papel K2.<\/p>\n<p>El aerosol K2 est\u00e1 disponible para su compra. Es inodoro e incoloro.<\/p>\n<p>25 ml son suficientes para rociar una hoja de papel A4 completa.<\/p>\n<p>Flavour y K2 son los dos nombres m\u00e1s comunes para la marihuana sint\u00e9tica. Est\u00e1n construidos con material vegetal seco que ha sido infundido con un cannabinoide dise\u00f1ado. Los cannabinoides dise\u00f1ados son compuestos sint\u00e9ticos que act\u00faan sobre los receptores de cannabinoides del cerebro de la misma manera que lo hace el Delta9-tetrahidrocannabinol (THC). Las personas que usan Spice informan que experimentan sensaciones similares a las asociadas con la marihuana. La marihuana es una planta que contiene Cannabinoides, que son mezclas. Sabor y K2 son dos t\u00e9rminos que se refieren a una colecci\u00f3n de prescripciones denominadas cannabinoides dise\u00f1ados (ingenier\u00eda). Est\u00e1n construidos con materiales vegetales secos que han sido rociados con qu\u00edmicos sint\u00e9ticos que alteran la mente. Los analistas prepararon inicialmente estos medicamentos fabricados para usarlos en el examen.<\/p>\n<p>Adem\u00e1s, K2 est\u00e1 disponible en forma l\u00edquida que se degrada en los cigarrillos electr\u00f3nicos. Adem\u00e1s, se fuma en pipas, porros o se convierte en t\u00e9. Luego, K2 se roc\u00eda sobre plantas, papel y fibras en su estado l\u00edquido. Si bien los efectos de fumar Spice pueden parecerse a los de fumar marihuana, la raz\u00f3n principal por la que las personas fuman Spice es porque es modesto y considerando c\u00f3mo se sabe que es&#8230; Por lo general, esta sustancia se vende como materia vegetal. Independientemente del hecho de que vendemos un sabor k2 excepcional, el agregado de nuestras mezclas dise\u00f1adas se adhiere a todas las regulaciones actuales. Compre incienso de hierbas en l\u00ednea \u00a1Encienda sus sentidos con el incienso de hierbas Strong K2! Mientras que otros venden mezclas muertas sin suplantaci\u00f3n de poder, cuando nos compra K2, \u00a1nuestra calidad habla por s\u00ed misma! Vendemos incienso de hierbas excepcional y somos \u00fanicos entre los comerciantes de hierbas zing. Tambi\u00e9n conocido como K2, spray de incienso de marihuana sint\u00e9tica y hierba sint\u00e9tica, el spray k2 a la venta es un tranquilizante callejero hecho por el hombre que contiene sustancias dise\u00f1adas rociadas en sabores. Sobre papel, l\u00edquido k2. En la web, puedes adquirir K2 Spray e incienso fluido. Compre papel K2 zing de alta calidad y p\u00eddale que lo entreguen en su puerta. Ha venido al lugar correcto si est\u00e1 buscando los mejores l\u00edquidos de incienso locales K2 y chispas de E-Liquids en la web. Vendemos la mayoria de K2 liquido localmente a los precios mas bajos posibles con el fin de cumplir con los requerimientos de todos los clientes en los Estados Unidos de America y en todo el mundo. Otra aplicaci\u00f3n notable es para crear una ducha K2 que se aplicar\u00e1 t\u00f3picamente en general. Es absolutamente necesario. Los cannabinoides producidos, com\u00fanmente conocidos como \u00abFlavor\u00bb o \u00abK2\u00bb, se legalizaron en los Estados Unidos a principios de la d\u00e9cada de 2000. Papel de especias K2 genuino. Vendemos el mejor papel mezclado K2 disponible en l\u00ednea. C\u00f3mpralo de inmediato. \u00bfDe qu\u00e9 se crea la marihuana (tambi\u00e9n conocida como cannabinoides sint\u00e9ticos, K2 o Spice)? Tenemos la mejor selecci\u00f3n de inciensos locales de la web.<\/p>\n","protected":false},"excerpt":{"rendered":"<div class=\"woocommerce-product-details__short-description\">\n<p>Compra el spray de incienso K2, un spray de incienso inodoro e incoloro. 25 ml son suficientes para rociar una hoja de papel A4 completa. Adem\u00e1s, vendemos papel K2.<\/p>\n<p>spray de especias k2 diablo amazon, spray k2 al por mayor, spray k2 m\u00e1s fuerte a la venta, spray k2 alto legal a la venta, spray k2 a la venta en l\u00ednea en el Reino Unido, incienso l\u00edquido en spray, papel k2 ingredientes, hojas de papel de especias k2<\/p>\n<\/p><\/div>\n","protected":false},"featured_media":4783,"comment_status":"open","ping_status":"closed","template":"","meta":[],"product_brand":[],"product_cat":[690],"product_tag":[701,695,699,696,694,697,700,698],"class_list":{"0":"post-4768","1":"product","2":"type-product","3":"status-publish","4":"has-post-thumbnail","6":"product_cat-comprar-papel-k2","7":"product_tag-venta-al-por-mayor-k2-spray","8":"product_tag-k2-spice-paper-sheets","9":"product_tag-incienso-spray-liquido","10":"product_tag-k2-spice-spray-diablo-amazon","11":"product_tag-k2-paper-ingredients","12":"product_tag-k2-spray-en-venta-online-es","13":"product_tag-spray-k2-ms-fuerte-a-la-venta","14":"product_tag-legal-high-spice-spray-para-la-venta","16":"first","17":"instock","18":"shipping-taxable","19":"purchasable","20":"product-type-variable","21":"has-default-attributes"},"yoast_head":"<!-- This site is optimized with the Yoast SEO plugin v27.3 - https:\/\/yoast.com\/product\/yoast-seo-wordpress\/ -->\n<title>Compre K2 Incense Spray en l\u00ednea - Best Best Global Meds<\/title>\n<meta name=\"description\" content=\"Comprar K2 Incienso Spray, spray K2 inodoro e incoloro disponible para la venta. Necesita 25 ml para rociar una hoja de papel A4 completa. Tambi\u00e9n tenemos papel K2 a la venta.\" \/>\n<meta name=\"robots\" content=\"index, follow, max-snippet:-1, max-image-preview:large, max-video-preview:-1\" \/>\n<link rel=\"canonical\" href=\"https:\/\/medicinasinc.com\/es\/product\/comprar-k2-incienso-spray\/\" \/>\n<meta property=\"og:locale\" content=\"es_ES\" \/>\n<meta property=\"og:type\" content=\"article\" \/>\n<meta property=\"og:title\" content=\"Compre K2 Incense Spray en l\u00ednea - Best Best Global Meds\" \/>\n<meta property=\"og:description\" content=\"Comprar K2 Incienso Spray, spray K2 inodoro e incoloro disponible para la venta. Necesita 25 ml para rociar una hoja de papel A4 completa. Tambi\u00e9n tenemos papel K2 a la venta.\" \/>\n<meta property=\"og:url\" content=\"https:\/\/medicinasinc.com\/es\/product\/comprar-k2-incienso-spray\/\" \/>\n<meta property=\"og:site_name\" content=\"Medicinas Inc\" \/>\n<meta property=\"article:modified_time\" content=\"2022-03-22T01:04:46+00:00\" \/>\n<meta property=\"og:image\" content=\"https:\/\/medicinasinc.com\/es\/wp-content\/uploads\/sites\/15\/2022\/02\/Buy-K2-Incense-Spray.png\" \/>\n\t<meta property=\"og:image:width\" content=\"873\" \/>\n\t<meta property=\"og:image:height\" content=\"433\" \/>\n\t<meta property=\"og:image:type\" content=\"image\/png\" \/>\n<meta name=\"twitter:card\" content=\"summary_large_image\" \/>\n<meta name=\"twitter:label1\" content=\"Tiempo de lectura\" \/>\n\t<meta name=\"twitter:data1\" content=\"3 minutos\" \/>\n<script type=\"application\/ld+json\" class=\"yoast-schema-graph\">{\"@context\":\"https:\\\/\\\/schema.org\",\"@graph\":[{\"@type\":\"WebPage\",\"@id\":\"https:\\\/\\\/medicinasinc.com\\\/es\\\/product\\\/comprar-k2-incienso-spray\\\/\",\"url\":\"https:\\\/\\\/medicinasinc.com\\\/es\\\/product\\\/comprar-k2-incienso-spray\\\/\",\"name\":\"Compre K2 Incense Spray en l\u00ednea - Best Best Global Meds\",\"isPartOf\":{\"@id\":\"https:\\\/\\\/medicinasinc.com\\\/es\\\/#website\"},\"primaryImageOfPage\":{\"@id\":\"https:\\\/\\\/medicinasinc.com\\\/es\\\/product\\\/comprar-k2-incienso-spray\\\/#primaryimage\"},\"image\":{\"@id\":\"https:\\\/\\\/medicinasinc.com\\\/es\\\/product\\\/comprar-k2-incienso-spray\\\/#primaryimage\"},\"thumbnailUrl\":\"https:\\\/\\\/medicinasinc.com\\\/es\\\/wp-content\\\/uploads\\\/sites\\\/15\\\/2022\\\/02\\\/Buy-K2-Incense-Spray.png\",\"datePublished\":\"2022-02-20T15:46:58+00:00\",\"dateModified\":\"2022-03-22T01:04:46+00:00\",\"description\":\"Comprar K2 Incienso Spray, spray K2 inodoro e incoloro disponible para la venta. Necesita 25 ml para rociar una hoja de papel A4 completa. Tambi\u00e9n tenemos papel K2 a la venta.\",\"breadcrumb\":{\"@id\":\"https:\\\/\\\/medicinasinc.com\\\/es\\\/product\\\/comprar-k2-incienso-spray\\\/#breadcrumb\"},\"inLanguage\":\"es\",\"potentialAction\":[{\"@type\":\"ReadAction\",\"target\":[\"https:\\\/\\\/medicinasinc.com\\\/es\\\/product\\\/comprar-k2-incienso-spray\\\/\"]}]},{\"@type\":\"ImageObject\",\"inLanguage\":\"es\",\"@id\":\"https:\\\/\\\/medicinasinc.com\\\/es\\\/product\\\/comprar-k2-incienso-spray\\\/#primaryimage\",\"url\":\"https:\\\/\\\/medicinasinc.com\\\/es\\\/wp-content\\\/uploads\\\/sites\\\/15\\\/2022\\\/02\\\/Buy-K2-Incense-Spray.png\",\"contentUrl\":\"https:\\\/\\\/medicinasinc.com\\\/es\\\/wp-content\\\/uploads\\\/sites\\\/15\\\/2022\\\/02\\\/Buy-K2-Incense-Spray.png\",\"width\":873,\"height\":433},{\"@type\":\"BreadcrumbList\",\"@id\":\"https:\\\/\\\/medicinasinc.com\\\/es\\\/product\\\/comprar-k2-incienso-spray\\\/#breadcrumb\",\"itemListElement\":[{\"@type\":\"ListItem\",\"position\":1,\"name\":\"Tienda\",\"item\":\"https:\\\/\\\/medicinasinc.com\\\/es\\\/tienda\\\/\"},{\"@type\":\"ListItem\",\"position\":2,\"name\":\"Comprar Incienso K2 Spray\"}]},{\"@type\":\"WebSite\",\"@id\":\"https:\\\/\\\/medicinasinc.com\\\/es\\\/#website\",\"url\":\"https:\\\/\\\/medicinasinc.com\\\/es\\\/\",\"name\":\"Medicinas Inc\",\"description\":\"Cl\u00ednica M\u00e9dica de Salud\",\"potentialAction\":[{\"@type\":\"SearchAction\",\"target\":{\"@type\":\"EntryPoint\",\"urlTemplate\":\"https:\\\/\\\/medicinasinc.com\\\/es\\\/?s={search_term_string}\"},\"query-input\":{\"@type\":\"PropertyValueSpecification\",\"valueRequired\":true,\"valueName\":\"search_term_string\"}}],\"inLanguage\":\"es\"}]}<\/script>\n<!-- \/ Yoast SEO plugin. -->","yoast_head_json":{"title":"Compre K2 Incense Spray en l\u00ednea - Best Best Global Meds","description":"Comprar K2 Incienso Spray, spray K2 inodoro e incoloro disponible para la venta. Necesita 25 ml para rociar una hoja de papel A4 completa. Tambi\u00e9n tenemos papel K2 a la venta.","robots":{"index":"index","follow":"follow","max-snippet":"max-snippet:-1","max-image-preview":"max-image-preview:large","max-video-preview":"max-video-preview:-1"},"canonical":"https:\/\/medicinasinc.com\/es\/product\/comprar-k2-incienso-spray\/","og_locale":"es_ES","og_type":"article","og_title":"Compre K2 Incense Spray en l\u00ednea - Best Best Global Meds","og_description":"Comprar K2 Incienso Spray, spray K2 inodoro e incoloro disponible para la venta. Necesita 25 ml para rociar una hoja de papel A4 completa. Tambi\u00e9n tenemos papel K2 a la venta.","og_url":"https:\/\/medicinasinc.com\/es\/product\/comprar-k2-incienso-spray\/","og_site_name":"Medicinas Inc","article_modified_time":"2022-03-22T01:04:46+00:00","og_image":[{"width":873,"height":433,"url":"https:\/\/medicinasinc.com\/es\/wp-content\/uploads\/sites\/15\/2022\/02\/Buy-K2-Incense-Spray.png","type":"image\/png"}],"twitter_card":"summary_large_image","twitter_misc":{"Tiempo de lectura":"3 minutos"},"schema":{"@context":"https:\/\/schema.org","@graph":[{"@type":"WebPage","@id":"https:\/\/medicinasinc.com\/es\/product\/comprar-k2-incienso-spray\/","url":"https:\/\/medicinasinc.com\/es\/product\/comprar-k2-incienso-spray\/","name":"Compre K2 Incense Spray en l\u00ednea - Best Best Global Meds","isPartOf":{"@id":"https:\/\/medicinasinc.com\/es\/#website"},"primaryImageOfPage":{"@id":"https:\/\/medicinasinc.com\/es\/product\/comprar-k2-incienso-spray\/#primaryimage"},"image":{"@id":"https:\/\/medicinasinc.com\/es\/product\/comprar-k2-incienso-spray\/#primaryimage"},"thumbnailUrl":"https:\/\/medicinasinc.com\/es\/wp-content\/uploads\/sites\/15\/2022\/02\/Buy-K2-Incense-Spray.png","datePublished":"2022-02-20T15:46:58+00:00","dateModified":"2022-03-22T01:04:46+00:00","description":"Comprar K2 Incienso Spray, spray K2 inodoro e incoloro disponible para la venta. Necesita 25 ml para rociar una hoja de papel A4 completa. Tambi\u00e9n tenemos papel K2 a la venta.","breadcrumb":{"@id":"https:\/\/medicinasinc.com\/es\/product\/comprar-k2-incienso-spray\/#breadcrumb"},"inLanguage":"es","potentialAction":[{"@type":"ReadAction","target":["https:\/\/medicinasinc.com\/es\/product\/comprar-k2-incienso-spray\/"]}]},{"@type":"ImageObject","inLanguage":"es","@id":"https:\/\/medicinasinc.com\/es\/product\/comprar-k2-incienso-spray\/#primaryimage","url":"https:\/\/medicinasinc.com\/es\/wp-content\/uploads\/sites\/15\/2022\/02\/Buy-K2-Incense-Spray.png","contentUrl":"https:\/\/medicinasinc.com\/es\/wp-content\/uploads\/sites\/15\/2022\/02\/Buy-K2-Incense-Spray.png","width":873,"height":433},{"@type":"BreadcrumbList","@id":"https:\/\/medicinasinc.com\/es\/product\/comprar-k2-incienso-spray\/#breadcrumb","itemListElement":[{"@type":"ListItem","position":1,"name":"Tienda","item":"https:\/\/medicinasinc.com\/es\/tienda\/"},{"@type":"ListItem","position":2,"name":"Comprar Incienso K2 Spray"}]},{"@type":"WebSite","@id":"https:\/\/medicinasinc.com\/es\/#website","url":"https:\/\/medicinasinc.com\/es\/","name":"Medicinas Inc","description":"Cl\u00ednica M\u00e9dica de Salud","potentialAction":[{"@type":"SearchAction","target":{"@type":"EntryPoint","urlTemplate":"https:\/\/medicinasinc.com\/es\/?s={search_term_string}"},"query-input":{"@type":"PropertyValueSpecification","valueRequired":true,"valueName":"search_term_string"}}],"inLanguage":"es"}]}},"_links":{"self":[{"href":"https:\/\/medicinasinc.com\/es\/wp-json\/wp\/v2\/product\/4768","targetHints":{"allow":["GET"]}}],"collection":[{"href":"https:\/\/medicinasinc.com\/es\/wp-json\/wp\/v2\/product"}],"about":[{"href":"https:\/\/medicinasinc.com\/es\/wp-json\/wp\/v2\/types\/product"}],"replies":[{"embeddable":true,"href":"https:\/\/medicinasinc.com\/es\/wp-json\/wp\/v2\/comments?post=4768"}],"wp:featuredmedia":[{"embeddable":true,"href":"https:\/\/medicinasinc.com\/es\/wp-json\/wp\/v2\/media\/4783"}],"wp:attachment":[{"href":"https:\/\/medicinasinc.com\/es\/wp-json\/wp\/v2\/media?parent=4768"}],"wp:term":[{"taxonomy":"product_brand","embeddable":true,"href":"https:\/\/medicinasinc.com\/es\/wp-json\/wp\/v2\/product_brand?post=4768"},{"taxonomy":"product_cat","embeddable":true,"href":"https:\/\/medicinasinc.com\/es\/wp-json\/wp\/v2\/product_cat?post=4768"},{"taxonomy":"product_tag","embeddable":true,"href":"https:\/\/medicinasinc.com\/es\/wp-json\/wp\/v2\/product_tag?post=4768"}],"curies":[{"name":"wp","href":"https:\/\/api.w.org\/{rel}","templated":true}]}}