{"id":4767,"date":"2022-02-20T15:46:01","date_gmt":"2022-02-20T15:46:01","guid":{"rendered":"https:\/\/medicinasinc.com\/es\/?post_type=product&#038;p=4767"},"modified":"2022-03-22T01:04:58","modified_gmt":"2022-03-22T01:04:58","slug":"comprar-papel-k2","status":"publish","type":"product","link":"https:\/\/medicinasinc.com\/es\/product\/comprar-papel-k2\/","title":{"rendered":"Comprar papel K2"},"content":{"rendered":"<p>Obtenga hojas de papel K2 de bajo costo directamente en su puerta.<\/p>\n<p>La marihuana sint\u00e9tica est\u00e1 ganando r\u00e1pidamente popularidad entre los consumidores de marihuana. El papel con infusi\u00f3n de K2 es una mezcla de materiales vegetales triturados y productos qu\u00edmicos sint\u00e9ticos con propiedades psicod\u00e9licas. Seg\u00fan la investigaci\u00f3n, los qu\u00edmicos se unen a los mismos receptores de las c\u00e9lulas nerviosas en el cerebro que el THC, provocando sentimientos de bienestar, relajaci\u00f3n, percepci\u00f3n alterada y psicosis. Si est\u00e1 buscando una tienda en l\u00ednea de buena reputaci\u00f3n para comprar un producto de alta calidad, no busque m\u00e1s all\u00e1 de nuestra tienda en l\u00ednea de buena reputaci\u00f3n. Para garantizar la seguridad de nuestros clientes, obtenemos nuestro inventario de fabricantes de renombre. Danos una oportunidad; le garantizamos que no se sentir\u00e1 decepcionado.<\/p>\n<p>Los cannabinoides son compuestos qu\u00edmicos que se encuentran naturalmente en las plantas de marihuana y sirven como base para una variedad de drogas sint\u00e9ticas. Qu\u00edmicamente, el papel de hierba sint\u00e9tica K2 est\u00e1 relacionado con el ingrediente activo de la marihuana. Los efectos son m\u00e1s intensos y al final de una sesi\u00f3n, uno puede sentirse relajado y elevado. A medida que m\u00e1s personas se dan cuenta de los verdaderos beneficios de la marihuana, este producto se usa como una alternativa segura para una variedad de prop\u00f3sitos m\u00e9dicos y recreativos. Sin embargo, debe tener cuidado, ya que un consumo excesivo puede provocar efectos secundarios adversos como ansiedad, alucinaciones, hipertensi\u00f3n, dolor en el pecho, dificultad para respirar, convulsiones y v\u00f3mitos. Ciertos productos de especias K2 en el mercado tambi\u00e9n pueden contener ingredientes t\u00f3xicos. Como resultado, es fundamental comprar de un proveedor de confianza.<\/p>\n<p>\u00bfEst\u00e1 buscando comprar productos herbales de la m\u00e1s alta calidad? Con una base de clientes global, le brindamos una excelente oportunidad para comprar papel K2 en l\u00ednea a precios competitivos. Junto con la mayor selecci\u00f3n, ofrecemos m\u00e9todos de pago seguros y env\u00edos discretos. No es necesario que visite las tiendas de conveniencia cercanas o las paradas de descanso. El objetivo de la empresa es mejorar continuamente la calidad del producto y el servicio al cliente para mantenerse por delante de la competencia. Nuestra primera prioridad es su satisfacci\u00f3n, y contamos con un equipo experimentado disponible para manejar cualquier contratiempo. No dude en ponerse en contacto con nosotros si tiene alguna pregunta o inquietud.<\/p>\n","protected":false},"excerpt":{"rendered":"<div class=\"woocommerce-product-details__short-description\">\n<p>Cada hoja A4 contiene\u00a0<em><strong>25 ml=0,845351 onzas l\u00edquidas<\/strong><\/em>\u00a0de K2 l\u00edquido. <strong>Papel K2 inodoro e incoloro<\/strong> a la venta. <strong>Tambi\u00e9n tenemos a la venta K2 Spray<\/strong><\/p>\n<\/p><\/div>\n","protected":false},"featured_media":4781,"comment_status":"open","ping_status":"closed","template":"","meta":[],"product_brand":[],"product_cat":[690],"product_tag":[691,693,692],"class_list":{"0":"post-4767","1":"product","2":"type-product","3":"status-publish","4":"has-post-thumbnail","6":"product_cat-comprar-papel-k2","7":"product_tag-comprar-papel-k2-online-es","8":"product_tag-buy-k2-paper-sheet","9":"product_tag-comprar-papel-k2","11":"first","12":"instock","13":"shipping-taxable","14":"purchasable","15":"product-type-variable","16":"has-default-attributes"},"yoast_head":"<!-- This site is optimized with the Yoast SEO plugin v27.3 - https:\/\/yoast.com\/product\/yoast-seo-wordpress\/ -->\n<title>Comprar papel K2 en l\u00ednea - Best Best Global Meds<\/title>\n<meta name=\"description\" content=\"Compre papel K2 en l\u00ednea a precios econ\u00f3micos. Cada hoja A4 contiene 25 ml = 0,845351 onzas l\u00edquidas de K2 l\u00edquido. Venta de papel K2 inodoro e incoloro. Tambi\u00e9n tenemos K2 Spray a la venta\" \/>\n<meta name=\"robots\" content=\"index, follow, max-snippet:-1, max-image-preview:large, max-video-preview:-1\" \/>\n<link rel=\"canonical\" href=\"https:\/\/medicinasinc.com\/es\/product\/comprar-papel-k2\/\" \/>\n<meta property=\"og:locale\" content=\"es_ES\" \/>\n<meta property=\"og:type\" content=\"article\" \/>\n<meta property=\"og:title\" content=\"Comprar papel K2 en l\u00ednea - Best Best Global Meds\" \/>\n<meta property=\"og:description\" content=\"Compre papel K2 en l\u00ednea a precios econ\u00f3micos. Cada hoja A4 contiene 25 ml = 0,845351 onzas l\u00edquidas de K2 l\u00edquido. Venta de papel K2 inodoro e incoloro. Tambi\u00e9n tenemos K2 Spray a la venta\" \/>\n<meta property=\"og:url\" content=\"https:\/\/medicinasinc.com\/es\/product\/comprar-papel-k2\/\" \/>\n<meta property=\"og:site_name\" content=\"Medicinas Inc\" \/>\n<meta property=\"article:modified_time\" content=\"2022-03-22T01:04:58+00:00\" \/>\n<meta property=\"og:image\" content=\"https:\/\/medicinasinc.com\/es\/wp-content\/uploads\/sites\/15\/2022\/02\/Buy-K2-paper-online.jpg\" \/>\n\t<meta property=\"og:image:width\" content=\"600\" \/>\n\t<meta property=\"og:image:height\" content=\"600\" \/>\n\t<meta property=\"og:image:type\" content=\"image\/jpeg\" \/>\n<meta name=\"twitter:card\" content=\"summary_large_image\" \/>\n<meta name=\"twitter:label1\" content=\"Tiempo de lectura\" \/>\n\t<meta name=\"twitter:data1\" content=\"2 minutos\" \/>\n<script type=\"application\/ld+json\" class=\"yoast-schema-graph\">{\"@context\":\"https:\\\/\\\/schema.org\",\"@graph\":[{\"@type\":\"WebPage\",\"@id\":\"https:\\\/\\\/medicinasinc.com\\\/es\\\/product\\\/comprar-papel-k2\\\/\",\"url\":\"https:\\\/\\\/medicinasinc.com\\\/es\\\/product\\\/comprar-papel-k2\\\/\",\"name\":\"Comprar papel K2 en l\u00ednea - Best Best Global Meds\",\"isPartOf\":{\"@id\":\"https:\\\/\\\/medicinasinc.com\\\/es\\\/#website\"},\"primaryImageOfPage\":{\"@id\":\"https:\\\/\\\/medicinasinc.com\\\/es\\\/product\\\/comprar-papel-k2\\\/#primaryimage\"},\"image\":{\"@id\":\"https:\\\/\\\/medicinasinc.com\\\/es\\\/product\\\/comprar-papel-k2\\\/#primaryimage\"},\"thumbnailUrl\":\"https:\\\/\\\/medicinasinc.com\\\/es\\\/wp-content\\\/uploads\\\/sites\\\/15\\\/2022\\\/02\\\/Buy-K2-paper-online.jpg\",\"datePublished\":\"2022-02-20T15:46:01+00:00\",\"dateModified\":\"2022-03-22T01:04:58+00:00\",\"description\":\"Compre papel K2 en l\u00ednea a precios econ\u00f3micos. Cada hoja A4 contiene 25 ml = 0,845351 onzas l\u00edquidas de K2 l\u00edquido. Venta de papel K2 inodoro e incoloro. Tambi\u00e9n tenemos K2 Spray a la venta\",\"breadcrumb\":{\"@id\":\"https:\\\/\\\/medicinasinc.com\\\/es\\\/product\\\/comprar-papel-k2\\\/#breadcrumb\"},\"inLanguage\":\"es\",\"potentialAction\":[{\"@type\":\"ReadAction\",\"target\":[\"https:\\\/\\\/medicinasinc.com\\\/es\\\/product\\\/comprar-papel-k2\\\/\"]}]},{\"@type\":\"ImageObject\",\"inLanguage\":\"es\",\"@id\":\"https:\\\/\\\/medicinasinc.com\\\/es\\\/product\\\/comprar-papel-k2\\\/#primaryimage\",\"url\":\"https:\\\/\\\/medicinasinc.com\\\/es\\\/wp-content\\\/uploads\\\/sites\\\/15\\\/2022\\\/02\\\/Buy-K2-paper-online.jpg\",\"contentUrl\":\"https:\\\/\\\/medicinasinc.com\\\/es\\\/wp-content\\\/uploads\\\/sites\\\/15\\\/2022\\\/02\\\/Buy-K2-paper-online.jpg\",\"width\":600,\"height\":600},{\"@type\":\"BreadcrumbList\",\"@id\":\"https:\\\/\\\/medicinasinc.com\\\/es\\\/product\\\/comprar-papel-k2\\\/#breadcrumb\",\"itemListElement\":[{\"@type\":\"ListItem\",\"position\":1,\"name\":\"Tienda\",\"item\":\"https:\\\/\\\/medicinasinc.com\\\/es\\\/tienda\\\/\"},{\"@type\":\"ListItem\",\"position\":2,\"name\":\"Comprar papel K2\"}]},{\"@type\":\"WebSite\",\"@id\":\"https:\\\/\\\/medicinasinc.com\\\/es\\\/#website\",\"url\":\"https:\\\/\\\/medicinasinc.com\\\/es\\\/\",\"name\":\"Medicinas Inc\",\"description\":\"Cl\u00ednica M\u00e9dica de Salud\",\"potentialAction\":[{\"@type\":\"SearchAction\",\"target\":{\"@type\":\"EntryPoint\",\"urlTemplate\":\"https:\\\/\\\/medicinasinc.com\\\/es\\\/?s={search_term_string}\"},\"query-input\":{\"@type\":\"PropertyValueSpecification\",\"valueRequired\":true,\"valueName\":\"search_term_string\"}}],\"inLanguage\":\"es\"}]}<\/script>\n<!-- \/ Yoast SEO plugin. -->","yoast_head_json":{"title":"Comprar papel K2 en l\u00ednea - Best Best Global Meds","description":"Compre papel K2 en l\u00ednea a precios econ\u00f3micos. Cada hoja A4 contiene 25 ml = 0,845351 onzas l\u00edquidas de K2 l\u00edquido. Venta de papel K2 inodoro e incoloro. Tambi\u00e9n tenemos K2 Spray a la venta","robots":{"index":"index","follow":"follow","max-snippet":"max-snippet:-1","max-image-preview":"max-image-preview:large","max-video-preview":"max-video-preview:-1"},"canonical":"https:\/\/medicinasinc.com\/es\/product\/comprar-papel-k2\/","og_locale":"es_ES","og_type":"article","og_title":"Comprar papel K2 en l\u00ednea - Best Best Global Meds","og_description":"Compre papel K2 en l\u00ednea a precios econ\u00f3micos. Cada hoja A4 contiene 25 ml = 0,845351 onzas l\u00edquidas de K2 l\u00edquido. Venta de papel K2 inodoro e incoloro. Tambi\u00e9n tenemos K2 Spray a la venta","og_url":"https:\/\/medicinasinc.com\/es\/product\/comprar-papel-k2\/","og_site_name":"Medicinas Inc","article_modified_time":"2022-03-22T01:04:58+00:00","og_image":[{"width":600,"height":600,"url":"https:\/\/medicinasinc.com\/es\/wp-content\/uploads\/sites\/15\/2022\/02\/Buy-K2-paper-online.jpg","type":"image\/jpeg"}],"twitter_card":"summary_large_image","twitter_misc":{"Tiempo de lectura":"2 minutos"},"schema":{"@context":"https:\/\/schema.org","@graph":[{"@type":"WebPage","@id":"https:\/\/medicinasinc.com\/es\/product\/comprar-papel-k2\/","url":"https:\/\/medicinasinc.com\/es\/product\/comprar-papel-k2\/","name":"Comprar papel K2 en l\u00ednea - Best Best Global Meds","isPartOf":{"@id":"https:\/\/medicinasinc.com\/es\/#website"},"primaryImageOfPage":{"@id":"https:\/\/medicinasinc.com\/es\/product\/comprar-papel-k2\/#primaryimage"},"image":{"@id":"https:\/\/medicinasinc.com\/es\/product\/comprar-papel-k2\/#primaryimage"},"thumbnailUrl":"https:\/\/medicinasinc.com\/es\/wp-content\/uploads\/sites\/15\/2022\/02\/Buy-K2-paper-online.jpg","datePublished":"2022-02-20T15:46:01+00:00","dateModified":"2022-03-22T01:04:58+00:00","description":"Compre papel K2 en l\u00ednea a precios econ\u00f3micos. Cada hoja A4 contiene 25 ml = 0,845351 onzas l\u00edquidas de K2 l\u00edquido. Venta de papel K2 inodoro e incoloro. Tambi\u00e9n tenemos K2 Spray a la venta","breadcrumb":{"@id":"https:\/\/medicinasinc.com\/es\/product\/comprar-papel-k2\/#breadcrumb"},"inLanguage":"es","potentialAction":[{"@type":"ReadAction","target":["https:\/\/medicinasinc.com\/es\/product\/comprar-papel-k2\/"]}]},{"@type":"ImageObject","inLanguage":"es","@id":"https:\/\/medicinasinc.com\/es\/product\/comprar-papel-k2\/#primaryimage","url":"https:\/\/medicinasinc.com\/es\/wp-content\/uploads\/sites\/15\/2022\/02\/Buy-K2-paper-online.jpg","contentUrl":"https:\/\/medicinasinc.com\/es\/wp-content\/uploads\/sites\/15\/2022\/02\/Buy-K2-paper-online.jpg","width":600,"height":600},{"@type":"BreadcrumbList","@id":"https:\/\/medicinasinc.com\/es\/product\/comprar-papel-k2\/#breadcrumb","itemListElement":[{"@type":"ListItem","position":1,"name":"Tienda","item":"https:\/\/medicinasinc.com\/es\/tienda\/"},{"@type":"ListItem","position":2,"name":"Comprar papel K2"}]},{"@type":"WebSite","@id":"https:\/\/medicinasinc.com\/es\/#website","url":"https:\/\/medicinasinc.com\/es\/","name":"Medicinas Inc","description":"Cl\u00ednica M\u00e9dica de Salud","potentialAction":[{"@type":"SearchAction","target":{"@type":"EntryPoint","urlTemplate":"https:\/\/medicinasinc.com\/es\/?s={search_term_string}"},"query-input":{"@type":"PropertyValueSpecification","valueRequired":true,"valueName":"search_term_string"}}],"inLanguage":"es"}]}},"_links":{"self":[{"href":"https:\/\/medicinasinc.com\/es\/wp-json\/wp\/v2\/product\/4767","targetHints":{"allow":["GET"]}}],"collection":[{"href":"https:\/\/medicinasinc.com\/es\/wp-json\/wp\/v2\/product"}],"about":[{"href":"https:\/\/medicinasinc.com\/es\/wp-json\/wp\/v2\/types\/product"}],"replies":[{"embeddable":true,"href":"https:\/\/medicinasinc.com\/es\/wp-json\/wp\/v2\/comments?post=4767"}],"wp:featuredmedia":[{"embeddable":true,"href":"https:\/\/medicinasinc.com\/es\/wp-json\/wp\/v2\/media\/4781"}],"wp:attachment":[{"href":"https:\/\/medicinasinc.com\/es\/wp-json\/wp\/v2\/media?parent=4767"}],"wp:term":[{"taxonomy":"product_brand","embeddable":true,"href":"https:\/\/medicinasinc.com\/es\/wp-json\/wp\/v2\/product_brand?post=4767"},{"taxonomy":"product_cat","embeddable":true,"href":"https:\/\/medicinasinc.com\/es\/wp-json\/wp\/v2\/product_cat?post=4767"},{"taxonomy":"product_tag","embeddable":true,"href":"https:\/\/medicinasinc.com\/es\/wp-json\/wp\/v2\/product_tag?post=4767"}],"curies":[{"name":"wp","href":"https:\/\/api.w.org\/{rel}","templated":true}]}}