{"id":4761,"date":"2022-02-20T15:41:01","date_gmt":"2022-02-20T15:41:01","guid":{"rendered":"https:\/\/medicinasinc.com\/es\/?post_type=product&#038;p=4761"},"modified":"2022-03-22T01:05:08","modified_gmt":"2022-03-22T01:05:08","slug":"comprar-sour-diesel-cbd-hemp-flower-online","status":"publish","type":"product","link":"https:\/\/medicinasinc.com\/es\/product\/comprar-sour-diesel-cbd-hemp-flower-online\/","title":{"rendered":"Comprar flor de c\u00e1\u00f1amo CBD Sour Diesel en l\u00ednea"},"content":{"rendered":"<div class=\"woocommerce-tabs wc-tabs-wrapper\">\n<div id=\"tab-description\" class=\"woocommerce-Tabs-panel woocommerce-Tabs-panel--panel de descripci\u00f3n entrada-contenido wc-tab\" role=\"tabpanel\" aria-labelledby=\"tab-title-description\">\n<p>La Sour Diesel es una variedad legendaria que desciende de dos cl\u00e1sicos. Combina la abrumadora amargura de la gasolina con el cosquilleo de los c\u00edtricos \u00e1cidos que relame los labios. La hierba ic\u00f3nica ha producido una pl\u00e9tora de cepas, debido a su gen\u00e9tica superior y efectos distintivos, que la convierten en la favorita entre los agricultores que buscan cultivar el pr\u00f3ximo gran \u00e9xito de la industria del c\u00e1\u00f1amo.<\/p>\n<p>La variedad Sour Diesel act\u00faa r\u00e1pidamente. y altamente potente, con efectos que pueden abrumar tu sistema con los beneficios por excelencia de una cepa sativa. Es decir, la posibilidad de una vigilia contundente, sensacional y estimulante que puede promover la energ\u00eda, la productividad, la motivaci\u00f3n y la creatividad.<\/p>\n<p>&nbsp;<\/p>\n<p>La historia de Sour Diesel<\/p>\n<p>La Sour Diesel se considera con frecuencia como una de las cepas de c\u00e1\u00f1amo m\u00e1s esenciales disponibles. Cualquier conocedor del c\u00e1\u00f1amo le dir\u00e1 que Sour Diesel es algo que debe probar cualquiera que profese valorar los beneficios de la hierba. En su mayor parte, la popularidad de la cepa proviene de la reputaci\u00f3n de sus padres: Chemdog 91 y Super Skunk. Estas leyendas del c\u00e1\u00f1amo elevaron la reputaci\u00f3n de la cepa Sour Diesel a nuevas alturas, dot\u00e1ndola de una gen\u00e9tica inigualable que ha dado como resultado que la descendencia de la cepa se convierta en el \u00e9xito del c\u00e1\u00f1amo que es hoy.<\/p>\n<p>Chemdog 91 es una cepa enigm\u00e1tica que se cree que hizo su debut en el mercado en 1991. El cultivar no identificado emite un aroma penetrante y skunk mezclado con notas \u00e1speras de gasolina. Estas caracter\u00edsticas son prominentes en la hierba Sour Diesel, con un perfil de sabor muy parecido al de la variedad Chemdog 91.<\/p>\n<p>Por otro lado, Super Skunk es una variedad nombrada por razones obvias. El cultivar ultra skunk produce una fragancia (u olor, dependiendo de tu nivel de tolerancia) que dejar\u00e1 fuera de juego a tus sentidos olfativos. A pesar del aroma ofensivo de la cepa, brinda una dulzura delicada y deliciosamente sorprendente que cubre la lengua con una bondad similar a la miel.<\/p>\n<p>&nbsp;<\/p>\n<p>Est\u00e9tica y aroma<\/p>\n<p>Tus impresiones iniciales de la cepa Sour Diesel pueden ser decepcionantes. Despu\u00e9s de todo, es solo una pizca de verde, con otros tonos verdosos en todo el interior para crear una paleta monocrom\u00e1tica de tonos de hierba. Los pelos rubios fresa enredan las hojas en el exterior, creando una red de zarcillos amarillos que se espolvorean con una capa helada de tricomas azucarados. Aparte de eso, hay poco m\u00e1s que destacar sobre el cultivar. Sin embargo, lo que le falta en color, lo compensa con su aroma.<\/p>\n<p>Con ambos progenitores exhibiendo fragancias extremadamente penetrantes, no sorprende que Sour Diesel tenga un aroma tan extra\u00f1o. Esta variedad con un aroma extra\u00f1o asalta tus receptores olfativos como un tren de carga mofeta. Ofensivo y abrumador, algunos usuarios afirman detectar notas agudas de queso que se mezclan con gasolina sobre el aroma skunk para crear una experiencia de c\u00e1\u00f1amo para recordar.<\/p>\n<p>&nbsp;<\/p>\n<p>Experiencias y consecuencias<\/p>\n<p>Para empezar, Sour Diesel no es una broma cuando se trata de sabor. El humo de la cepa contiene un sabor extremadamente potente que puede abrumar f\u00e1cilmente a los novatos y usuarios con poca tolerancia. Por lo tanto, considera esto como una advertencia justa: Sour Diesel te joder\u00e1 la mierda, comenzando por su sabor. En pocas palabras, la cepa produce un sabor que es casi id\u00e9ntico a su olor. Es decir, una gran cantidad de skunk combinada con fuertes golpes de gasolina.<\/p>\n<p>Entre los irresistibles maremotos de sabor picante, olas de c\u00edtricos \u00e1cidos rompen el skunk. Las delicadas notas a\u00f1aden suficiente placer a la experiencia, transform\u00e1ndola en un encuentro de sabores verdaderamente din\u00e1mico e interesante.<\/p>\n<p>Otro aspecto que contribuye al encanto de Sour Diesel es su efecto inmediato. Los efectos se activan minutos despu\u00e9s de la inhalaci\u00f3n, brindando efectos de inclinaci\u00f3n sativa de altos vuelos que estimulan los sentidos y despertar tu vigor. En muchos sentidos, se puede decir que la cepa te ayuda a superar tus inhibiciones, haci\u00e9ndote sentir m\u00e1s audaz, audaz y confiado.<\/p>\n<p>Capaz de aliviar las molestias f\u00edsicas y cognitivas, la cepa Sour Diesel infunde tu sistema con energ\u00eda adicional, brind\u00e1ndole la fuerza y \u200b\u200bla motivaci\u00f3n para superar un d\u00eda de trabajo y responsabilidades. Sin embargo, una palabra de precauci\u00f3n: Sour Diesel no es para los d\u00e9biles de coraz\u00f3n. Antes de dar una calada a esta variedad monstruosa, aseg\u00farate de tener la tolerancia para los fuertes efectos sativos y el sabor potente.<\/p>\n<p>&nbsp;<\/p>\n<p>Plantaci\u00f3n y procesamiento<\/p>\n<p> Aunque la variedad Sour Diesel es moderadamente dif\u00edcil para los cultivadores novatos, su gen\u00e9tica \u00fanica la convierte en una excelente opci\u00f3n para aquellos que buscan efectos potentes con el m\u00ednimo esfuerzo. Las cepas con requisitos de cultivo m\u00e1s especializados suelen ser mucho m\u00e1s adecuadas para la extracci\u00f3n, lo que produce concentrados de espectro completo m\u00e1s potentes para productos de c\u00e1\u00f1amo de mayor calidad. Por lo tanto, a pesar de su dificultad moderada, Sour Diesel da sus frutos con un c\u00e1\u00f1amo supremo que es ideal para una variedad de procesos posteriores a la cosecha.<\/p>\n<p>En aproximadamente 11 semanas, m\u00e1s o menos una semana, Sour Diesel florece. El rendimiento moderado se limita a 3 onzas por pie de altura de la planta. A lo sumo, su hierba alcanzar\u00e1 una altura de m\u00e1s de 7 pies, lo que la hace un poco m\u00e1s alta que la mayor\u00eda de las otras variedades.<\/p>\n<p>Debido a los requisitos de espacio de la planta, puede ser ideal cultivarla al aire libre, especialmente si estamos trabajando con espacio limitado. Sin embargo, las condiciones interiores pueden ser favorables para Sour Diesel siempre que se proporcione calor, luz y poca humedad adecuados. Al complementar con nutrientes ricos en f\u00f3sforo hacia el final del per\u00edodo de crecimiento de la planta y dejar de regar aproximadamente tres d\u00edas antes de la cosecha, debe lograr un olor penetrante y desgarrador y una densa capa de tricomas para un viaje excelente.<\/p>\n<p>&nbsp;<\/p>\n<p>\u00bfPara qui\u00e9n est\u00e1 dise\u00f1ado?<\/p>\n<p>Debido al intenso sabor y los monstruosos efectos de Sour Diesel, no todo el mundo disfrutar\u00e1 de la experiencia que proporciona. Los usuarios de baja tolerancia y los principiantes pueden sentirse abrumados no solo por el sabor incre\u00edble, sino tambi\u00e9n por los efectos abrumadores, que pueden causar ansiedad e inquietud en algunos.<\/p>\n<p>Sin embargo, Sour Diesel sigue siendo una variedad legendaria para veteranos y puristas. que aprecian el c\u00e1\u00f1amo potente. Para aquellos con m\u00e1s experiencia, la sensaci\u00f3n retumbante del flujo de energ\u00eda sin precedentes que recorre su sistema puede proporcionar la fuerza, la motivaci\u00f3n y la mentalidad necesarias para completar las responsabilidades de un d\u00eda, y m\u00e1s.<\/p>\n<\/p><\/div><\/div>\n<h2><\/h2>\n<div>\n<div><\/div><\/div>\n","protected":false},"excerpt":{"rendered":"<div class=\"woocommerce-product-details__short-description\">\n<p>Compre la flor de Sour Diesel CBD para la venta en el Reino Unido, Europa es una variedad energizante con dominancia Sativa que lo ayudar\u00e1 a mantenerse concentrado, productivo y equilibrado durante todo el d\u00eda.<\/p>\n<\/p><\/div>\n","protected":false},"featured_media":4775,"comment_status":"open","ping_status":"closed","template":"","meta":[],"product_brand":[],"product_cat":[689],"product_tag":[],"class_list":{"0":"post-4761","1":"product","2":"type-product","3":"status-publish","4":"has-post-thumbnail","6":"product_cat-comprar-flor-de-canamo","8":"first","9":"instock","10":"shipping-taxable","11":"purchasable","12":"product-type-variable","13":"has-default-attributes"},"yoast_head":"<!-- This site is optimized with the Yoast SEO plugin v27.2 - https:\/\/yoast.com\/product\/yoast-seo-wordpress\/ -->\n<title>Comprar flor de c\u00e1\u00f1amo CBD Sour Diesel en l\u00ednea - Best Best Global Meds<\/title>\n<meta name=\"description\" content=\"Comprar Sour Diesel CBD flower Reino Unido, Europa es una cepa energizante con dominancia Sativa que te ayudar\u00e1 a mantenerte concentrado, productivo y equilibrado durante todo el d\u00eda.\" \/>\n<meta name=\"robots\" content=\"index, follow, max-snippet:-1, max-image-preview:large, max-video-preview:-1\" \/>\n<link rel=\"canonical\" href=\"https:\/\/medicinasinc.com\/es\/product\/comprar-sour-diesel-cbd-hemp-flower-online\/\" \/>\n<meta property=\"og:locale\" content=\"es_ES\" \/>\n<meta property=\"og:type\" content=\"article\" \/>\n<meta property=\"og:title\" content=\"Comprar flor de c\u00e1\u00f1amo CBD Sour Diesel en l\u00ednea - Best Best Global Meds\" \/>\n<meta property=\"og:description\" content=\"Comprar Sour Diesel CBD flower Reino Unido, Europa es una cepa energizante con dominancia Sativa que te ayudar\u00e1 a mantenerte concentrado, productivo y equilibrado durante todo el d\u00eda.\" \/>\n<meta property=\"og:url\" content=\"https:\/\/medicinasinc.com\/es\/product\/comprar-sour-diesel-cbd-hemp-flower-online\/\" \/>\n<meta property=\"og:site_name\" content=\"Medicinas Inc\" \/>\n<meta property=\"article:modified_time\" content=\"2022-03-22T01:05:08+00:00\" \/>\n<meta property=\"og:image\" content=\"https:\/\/medicinasinc.com\/es\/wp-content\/uploads\/sites\/15\/2022\/02\/Buy-Sour-Diesel-CBD-Hemp-Flower-Online.jpg\" \/>\n\t<meta property=\"og:image:width\" content=\"600\" \/>\n\t<meta property=\"og:image:height\" content=\"600\" \/>\n\t<meta property=\"og:image:type\" content=\"image\/jpeg\" \/>\n<meta name=\"twitter:card\" content=\"summary_large_image\" \/>\n<meta name=\"twitter:label1\" content=\"Tiempo de lectura\" \/>\n\t<meta name=\"twitter:data1\" content=\"5 minutos\" \/>\n<script type=\"application\/ld+json\" class=\"yoast-schema-graph\">{\"@context\":\"https:\/\/schema.org\",\"@graph\":[{\"@type\":\"WebPage\",\"@id\":\"https:\/\/medicinasinc.com\/es\/product\/comprar-sour-diesel-cbd-hemp-flower-online\/\",\"url\":\"https:\/\/medicinasinc.com\/es\/product\/comprar-sour-diesel-cbd-hemp-flower-online\/\",\"name\":\"Comprar flor de c\u00e1\u00f1amo CBD Sour Diesel en l\u00ednea - Best Best Global Meds\",\"isPartOf\":{\"@id\":\"https:\/\/medicinasinc.com\/es\/#website\"},\"primaryImageOfPage\":{\"@id\":\"https:\/\/medicinasinc.com\/es\/product\/comprar-sour-diesel-cbd-hemp-flower-online\/#primaryimage\"},\"image\":{\"@id\":\"https:\/\/medicinasinc.com\/es\/product\/comprar-sour-diesel-cbd-hemp-flower-online\/#primaryimage\"},\"thumbnailUrl\":\"https:\/\/medicinasinc.com\/es\/wp-content\/uploads\/sites\/15\/2022\/02\/Buy-Sour-Diesel-CBD-Hemp-Flower-Online.jpg\",\"datePublished\":\"2022-02-20T15:41:01+00:00\",\"dateModified\":\"2022-03-22T01:05:08+00:00\",\"description\":\"Comprar Sour Diesel CBD flower Reino Unido, Europa es una cepa energizante con dominancia Sativa que te ayudar\u00e1 a mantenerte concentrado, productivo y equilibrado durante todo el d\u00eda.\",\"breadcrumb\":{\"@id\":\"https:\/\/medicinasinc.com\/es\/product\/comprar-sour-diesel-cbd-hemp-flower-online\/#breadcrumb\"},\"inLanguage\":\"es\",\"potentialAction\":[{\"@type\":\"ReadAction\",\"target\":[\"https:\/\/medicinasinc.com\/es\/product\/comprar-sour-diesel-cbd-hemp-flower-online\/\"]}]},{\"@type\":\"ImageObject\",\"inLanguage\":\"es\",\"@id\":\"https:\/\/medicinasinc.com\/es\/product\/comprar-sour-diesel-cbd-hemp-flower-online\/#primaryimage\",\"url\":\"https:\/\/medicinasinc.com\/es\/wp-content\/uploads\/sites\/15\/2022\/02\/Buy-Sour-Diesel-CBD-Hemp-Flower-Online.jpg\",\"contentUrl\":\"https:\/\/medicinasinc.com\/es\/wp-content\/uploads\/sites\/15\/2022\/02\/Buy-Sour-Diesel-CBD-Hemp-Flower-Online.jpg\",\"width\":600,\"height\":600},{\"@type\":\"BreadcrumbList\",\"@id\":\"https:\/\/medicinasinc.com\/es\/product\/comprar-sour-diesel-cbd-hemp-flower-online\/#breadcrumb\",\"itemListElement\":[{\"@type\":\"ListItem\",\"position\":1,\"name\":\"Tienda\",\"item\":\"https:\/\/medicinasinc.com\/es\/tienda\/\"},{\"@type\":\"ListItem\",\"position\":2,\"name\":\"Comprar flor de c\u00e1\u00f1amo CBD Sour Diesel en l\u00ednea\"}]},{\"@type\":\"WebSite\",\"@id\":\"https:\/\/medicinasinc.com\/es\/#website\",\"url\":\"https:\/\/medicinasinc.com\/es\/\",\"name\":\"Medicinas Inc\",\"description\":\"Cl\u00ednica M\u00e9dica de Salud\",\"potentialAction\":[{\"@type\":\"SearchAction\",\"target\":{\"@type\":\"EntryPoint\",\"urlTemplate\":\"https:\/\/medicinasinc.com\/es\/?s={search_term_string}\"},\"query-input\":{\"@type\":\"PropertyValueSpecification\",\"valueRequired\":true,\"valueName\":\"search_term_string\"}}],\"inLanguage\":\"es\"}]}<\/script>\n<!-- \/ Yoast SEO plugin. -->","yoast_head_json":{"title":"Comprar flor de c\u00e1\u00f1amo CBD Sour Diesel en l\u00ednea - Best Best Global Meds","description":"Comprar Sour Diesel CBD flower Reino Unido, Europa es una cepa energizante con dominancia Sativa que te ayudar\u00e1 a mantenerte concentrado, productivo y equilibrado durante todo el d\u00eda.","robots":{"index":"index","follow":"follow","max-snippet":"max-snippet:-1","max-image-preview":"max-image-preview:large","max-video-preview":"max-video-preview:-1"},"canonical":"https:\/\/medicinasinc.com\/es\/product\/comprar-sour-diesel-cbd-hemp-flower-online\/","og_locale":"es_ES","og_type":"article","og_title":"Comprar flor de c\u00e1\u00f1amo CBD Sour Diesel en l\u00ednea - Best Best Global Meds","og_description":"Comprar Sour Diesel CBD flower Reino Unido, Europa es una cepa energizante con dominancia Sativa que te ayudar\u00e1 a mantenerte concentrado, productivo y equilibrado durante todo el d\u00eda.","og_url":"https:\/\/medicinasinc.com\/es\/product\/comprar-sour-diesel-cbd-hemp-flower-online\/","og_site_name":"Medicinas Inc","article_modified_time":"2022-03-22T01:05:08+00:00","og_image":[{"width":600,"height":600,"url":"https:\/\/medicinasinc.com\/es\/wp-content\/uploads\/sites\/15\/2022\/02\/Buy-Sour-Diesel-CBD-Hemp-Flower-Online.jpg","type":"image\/jpeg"}],"twitter_card":"summary_large_image","twitter_misc":{"Tiempo de lectura":"5 minutos"},"schema":{"@context":"https:\/\/schema.org","@graph":[{"@type":"WebPage","@id":"https:\/\/medicinasinc.com\/es\/product\/comprar-sour-diesel-cbd-hemp-flower-online\/","url":"https:\/\/medicinasinc.com\/es\/product\/comprar-sour-diesel-cbd-hemp-flower-online\/","name":"Comprar flor de c\u00e1\u00f1amo CBD Sour Diesel en l\u00ednea - Best Best Global Meds","isPartOf":{"@id":"https:\/\/medicinasinc.com\/es\/#website"},"primaryImageOfPage":{"@id":"https:\/\/medicinasinc.com\/es\/product\/comprar-sour-diesel-cbd-hemp-flower-online\/#primaryimage"},"image":{"@id":"https:\/\/medicinasinc.com\/es\/product\/comprar-sour-diesel-cbd-hemp-flower-online\/#primaryimage"},"thumbnailUrl":"https:\/\/medicinasinc.com\/es\/wp-content\/uploads\/sites\/15\/2022\/02\/Buy-Sour-Diesel-CBD-Hemp-Flower-Online.jpg","datePublished":"2022-02-20T15:41:01+00:00","dateModified":"2022-03-22T01:05:08+00:00","description":"Comprar Sour Diesel CBD flower Reino Unido, Europa es una cepa energizante con dominancia Sativa que te ayudar\u00e1 a mantenerte concentrado, productivo y equilibrado durante todo el d\u00eda.","breadcrumb":{"@id":"https:\/\/medicinasinc.com\/es\/product\/comprar-sour-diesel-cbd-hemp-flower-online\/#breadcrumb"},"inLanguage":"es","potentialAction":[{"@type":"ReadAction","target":["https:\/\/medicinasinc.com\/es\/product\/comprar-sour-diesel-cbd-hemp-flower-online\/"]}]},{"@type":"ImageObject","inLanguage":"es","@id":"https:\/\/medicinasinc.com\/es\/product\/comprar-sour-diesel-cbd-hemp-flower-online\/#primaryimage","url":"https:\/\/medicinasinc.com\/es\/wp-content\/uploads\/sites\/15\/2022\/02\/Buy-Sour-Diesel-CBD-Hemp-Flower-Online.jpg","contentUrl":"https:\/\/medicinasinc.com\/es\/wp-content\/uploads\/sites\/15\/2022\/02\/Buy-Sour-Diesel-CBD-Hemp-Flower-Online.jpg","width":600,"height":600},{"@type":"BreadcrumbList","@id":"https:\/\/medicinasinc.com\/es\/product\/comprar-sour-diesel-cbd-hemp-flower-online\/#breadcrumb","itemListElement":[{"@type":"ListItem","position":1,"name":"Tienda","item":"https:\/\/medicinasinc.com\/es\/tienda\/"},{"@type":"ListItem","position":2,"name":"Comprar flor de c\u00e1\u00f1amo CBD Sour Diesel en l\u00ednea"}]},{"@type":"WebSite","@id":"https:\/\/medicinasinc.com\/es\/#website","url":"https:\/\/medicinasinc.com\/es\/","name":"Medicinas Inc","description":"Cl\u00ednica M\u00e9dica de Salud","potentialAction":[{"@type":"SearchAction","target":{"@type":"EntryPoint","urlTemplate":"https:\/\/medicinasinc.com\/es\/?s={search_term_string}"},"query-input":{"@type":"PropertyValueSpecification","valueRequired":true,"valueName":"search_term_string"}}],"inLanguage":"es"}]}},"_links":{"self":[{"href":"https:\/\/medicinasinc.com\/es\/wp-json\/wp\/v2\/product\/4761","targetHints":{"allow":["GET"]}}],"collection":[{"href":"https:\/\/medicinasinc.com\/es\/wp-json\/wp\/v2\/product"}],"about":[{"href":"https:\/\/medicinasinc.com\/es\/wp-json\/wp\/v2\/types\/product"}],"replies":[{"embeddable":true,"href":"https:\/\/medicinasinc.com\/es\/wp-json\/wp\/v2\/comments?post=4761"}],"wp:featuredmedia":[{"embeddable":true,"href":"https:\/\/medicinasinc.com\/es\/wp-json\/wp\/v2\/media\/4775"}],"wp:attachment":[{"href":"https:\/\/medicinasinc.com\/es\/wp-json\/wp\/v2\/media?parent=4761"}],"wp:term":[{"taxonomy":"product_brand","embeddable":true,"href":"https:\/\/medicinasinc.com\/es\/wp-json\/wp\/v2\/product_brand?post=4761"},{"taxonomy":"product_cat","embeddable":true,"href":"https:\/\/medicinasinc.com\/es\/wp-json\/wp\/v2\/product_cat?post=4761"},{"taxonomy":"product_tag","embeddable":true,"href":"https:\/\/medicinasinc.com\/es\/wp-json\/wp\/v2\/product_tag?post=4761"}],"curies":[{"name":"wp","href":"https:\/\/api.w.org\/{rel}","templated":true}]}}