{"id":4759,"date":"2022-02-20T15:39:59","date_gmt":"2022-02-20T15:39:59","guid":{"rendered":"https:\/\/medicinasinc.com\/es\/?post_type=product&#038;p=4759"},"modified":"2022-03-22T01:05:17","modified_gmt":"2022-03-22T01:05:17","slug":"comprar-suzy-q-cbd-hemp-flower","status":"publish","type":"product","link":"https:\/\/medicinasinc.com\/es\/product\/comprar-suzy-q-cbd-hemp-flower\/","title":{"rendered":"Comprar Suzy Q CBD Flor de c\u00e1\u00f1amo"},"content":{"rendered":"<p>Suzy Q es una variedad de color verde oliva de densidad media con pelos de color \u00e1mbar oscuro. Se recomienda para los entusiastas del cannabis que buscan un efecto edificante y l\u00facido. El sabor robusto de esta cepa se caracteriza por notas amaderadas y un toque especiado. Suzy Q es conocida por su aroma dulce y terroso y su perfil de terpenos a pino y especiados.<\/p>\n<p>El h\u00edbrido uniformemente equilibrado contiene un 50 % de sativa (una variedad m\u00e1s estimulante) y un 50 % de indica (una variedad m\u00e1s relajante). cepa), resultando en un efecto sin\u00e9rgico. Debido a su contenido de CBD relativamente alto, es una excelente opci\u00f3n para aquellos que buscan una experiencia relajante. Est\u00e1 ampliamente considerada como una de las cepas m\u00e1s calmantes disponibles.<\/p>\n<p>Suzy Q contiene una alta concentraci\u00f3n de CBD y solo un rastro de THC, muy por debajo del l\u00edmite legal para el c\u00e1\u00f1amo. Esta proporci\u00f3n indica que debe anticipar una experiencia levemente edificante.<\/p>\n<p>Asegurando la calidad de las flores de c\u00e1\u00f1amo desde la granja hasta la venta<\/p>\n<p>Las flores de c\u00e1\u00f1amo Suzy Q se cultivan en una pintoresca granja de 100 acres en California del norte. El clima id\u00edlico del norte de California crea la ilusi\u00f3n de un verano sin fin, y esos d\u00edas secos y luminosos dan como resultado abundantes cosechas de hermosas flores sin moho ni mildiu polvoriento.<\/p>\n<p>Nuestra granja tiene certificaci\u00f3n org\u00e1nica, lo que significa que no se utilizan productos qu\u00edmicos se utilizan fertilizantes o pesticidas. Nos preocupamos mucho por garantizar una permacultura adecuada: el cultivo de un ecosistema agr\u00edcola autosostenible y autosuficiente. Una forma de hacer esto es a trav\u00e9s de fertilizantes de cobertura, que obligan a las ra\u00edces a trabajar m\u00e1s para promover un entorno de suelo saludable que propicie el crecimiento de las plantas.<\/p>\n<p>Una vez que nuestras plantas de c\u00e1\u00f1amo alcanzan su m\u00e1ximo potencial, se cuelgan boca arriba. abajo para secar, luego curado en seco y recortado a mano. El cannabis es una planta extremadamente delicada. Incluso errores menores durante el cultivo o la cosecha pueden degradar r\u00e1pidamente la calidad de los cogollos. Exigimos total transparencia y control de calidad&#8230; y usted tambi\u00e9n deber\u00eda hacerlo. No se requiere nada menos de las flores de c\u00e1\u00f1amo.<\/p>\n<p>Nuestra flor de c\u00e1\u00f1amo con CBD se ha sometido a pruebas independientes<\/p>\n<p>Cada cultivo se prueba para determinar su pureza y potencia en un laboratorio AHCA registrado por la DEA y acreditado por la norma ISO 17025. -laboratorio independiente acreditado y acreditado por CLIA. La prueba de panel completo examina lo siguiente:<\/p>\n<p>CBD, THC y la potencia de otros cannabinoides.<br \/> Metales lourdes (plomo, mercurio, ars\u00e9nico, cadmio).<br \/> Bacterias como E. coli, as\u00ed como otros pat\u00f3genos<br \/> Contaminantes como micotoxinas.<\/p>\n<p>Cada pedido viene con un Certificado de an\u00e1lisis, lo que garantiza que siempre sepa con precisi\u00f3n lo que obtiene cuando compra Crescent Flower .<\/p>\n","protected":false},"excerpt":{"rendered":"<p>Suzy Q CBD Flor de c\u00e1\u00f1amo Flor de c\u00e1\u00f1amo de espectro completo &#8211; Compre Suzy Q CBD Hemp Flower Flor de c\u00e1\u00f1amo de espectro completo. Suzy Q es una variedad rica en CBD y baja en THC con un sabor a pino que ayuda en el tratamiento de los s\u00edntomas y produce poca o ninguna euforia.<\/p>\n<p>Suzy Q es una variedad rica en CBD y baja en THC con un sabor a pino que ayuda en el tratamiento de los s\u00edntomas con poco o ning\u00fan efecto psicoactivo. Esta es una variedad excelente para agregar a la familia CBD.<br \/> Cbd: 15%\u201317%<\/p>\n<p>0.2 por ciento thc<\/p>\n","protected":false},"featured_media":4773,"comment_status":"open","ping_status":"closed","template":"","meta":[],"product_brand":[],"product_cat":[689],"product_tag":[],"class_list":{"0":"post-4759","1":"product","2":"type-product","3":"status-publish","4":"has-post-thumbnail","6":"product_cat-comprar-flor-de-canamo","8":"first","9":"instock","10":"shipping-taxable","11":"purchasable","12":"product-type-variable","13":"has-default-attributes"},"yoast_head":"<!-- This site is optimized with the Yoast SEO plugin v27.2 - https:\/\/yoast.com\/product\/yoast-seo-wordpress\/ -->\n<title>Comprar Suzy Q CBD Hemp Flower - Best Best Global Meds<\/title>\n<meta name=\"description\" content=\"Compre Suzy Q CBD Hemp Flower Flor de c\u00e1\u00f1amo de espectro completo. Suzy Q es una variedad rica en CBD y baja en THC con un sabor a pino que ayuda a tratar los s\u00edntomas con poca o ninguna euforia.\" \/>\n<meta name=\"robots\" content=\"index, follow, max-snippet:-1, max-image-preview:large, max-video-preview:-1\" \/>\n<link rel=\"canonical\" href=\"https:\/\/medicinasinc.com\/es\/product\/comprar-suzy-q-cbd-hemp-flower\/\" \/>\n<meta property=\"og:locale\" content=\"es_ES\" \/>\n<meta property=\"og:type\" content=\"article\" \/>\n<meta property=\"og:title\" content=\"Comprar Suzy Q CBD Hemp Flower - Best Best Global Meds\" \/>\n<meta property=\"og:description\" content=\"Compre Suzy Q CBD Hemp Flower Flor de c\u00e1\u00f1amo de espectro completo. Suzy Q es una variedad rica en CBD y baja en THC con un sabor a pino que ayuda a tratar los s\u00edntomas con poca o ninguna euforia.\" \/>\n<meta property=\"og:url\" content=\"https:\/\/medicinasinc.com\/es\/product\/comprar-suzy-q-cbd-hemp-flower\/\" \/>\n<meta property=\"og:site_name\" content=\"Medicinas Inc\" \/>\n<meta property=\"article:modified_time\" content=\"2022-03-22T01:05:17+00:00\" \/>\n<meta property=\"og:image\" content=\"https:\/\/medicinasinc.com\/es\/wp-content\/uploads\/sites\/15\/2022\/02\/Buy-Suzy-Q-CBD-Hemp-Flower-Online.jpg\" \/>\n\t<meta property=\"og:image:width\" content=\"600\" \/>\n\t<meta property=\"og:image:height\" content=\"600\" \/>\n\t<meta property=\"og:image:type\" content=\"image\/jpeg\" \/>\n<meta name=\"twitter:card\" content=\"summary_large_image\" \/>\n<meta name=\"twitter:label1\" content=\"Tiempo de lectura\" \/>\n\t<meta name=\"twitter:data1\" content=\"2 minutos\" \/>\n<script type=\"application\/ld+json\" class=\"yoast-schema-graph\">{\"@context\":\"https:\/\/schema.org\",\"@graph\":[{\"@type\":\"WebPage\",\"@id\":\"https:\/\/medicinasinc.com\/es\/product\/comprar-suzy-q-cbd-hemp-flower\/\",\"url\":\"https:\/\/medicinasinc.com\/es\/product\/comprar-suzy-q-cbd-hemp-flower\/\",\"name\":\"Comprar Suzy Q CBD Hemp Flower - Best Best Global Meds\",\"isPartOf\":{\"@id\":\"https:\/\/medicinasinc.com\/es\/#website\"},\"primaryImageOfPage\":{\"@id\":\"https:\/\/medicinasinc.com\/es\/product\/comprar-suzy-q-cbd-hemp-flower\/#primaryimage\"},\"image\":{\"@id\":\"https:\/\/medicinasinc.com\/es\/product\/comprar-suzy-q-cbd-hemp-flower\/#primaryimage\"},\"thumbnailUrl\":\"https:\/\/medicinasinc.com\/es\/wp-content\/uploads\/sites\/15\/2022\/02\/Buy-Suzy-Q-CBD-Hemp-Flower-Online.jpg\",\"datePublished\":\"2022-02-20T15:39:59+00:00\",\"dateModified\":\"2022-03-22T01:05:17+00:00\",\"description\":\"Compre Suzy Q CBD Hemp Flower Flor de c\u00e1\u00f1amo de espectro completo. Suzy Q es una variedad rica en CBD y baja en THC con un sabor a pino que ayuda a tratar los s\u00edntomas con poca o ninguna euforia.\",\"breadcrumb\":{\"@id\":\"https:\/\/medicinasinc.com\/es\/product\/comprar-suzy-q-cbd-hemp-flower\/#breadcrumb\"},\"inLanguage\":\"es\",\"potentialAction\":[{\"@type\":\"ReadAction\",\"target\":[\"https:\/\/medicinasinc.com\/es\/product\/comprar-suzy-q-cbd-hemp-flower\/\"]}]},{\"@type\":\"ImageObject\",\"inLanguage\":\"es\",\"@id\":\"https:\/\/medicinasinc.com\/es\/product\/comprar-suzy-q-cbd-hemp-flower\/#primaryimage\",\"url\":\"https:\/\/medicinasinc.com\/es\/wp-content\/uploads\/sites\/15\/2022\/02\/Buy-Suzy-Q-CBD-Hemp-Flower-Online.jpg\",\"contentUrl\":\"https:\/\/medicinasinc.com\/es\/wp-content\/uploads\/sites\/15\/2022\/02\/Buy-Suzy-Q-CBD-Hemp-Flower-Online.jpg\",\"width\":600,\"height\":600},{\"@type\":\"BreadcrumbList\",\"@id\":\"https:\/\/medicinasinc.com\/es\/product\/comprar-suzy-q-cbd-hemp-flower\/#breadcrumb\",\"itemListElement\":[{\"@type\":\"ListItem\",\"position\":1,\"name\":\"Tienda\",\"item\":\"https:\/\/medicinasinc.com\/es\/tienda\/\"},{\"@type\":\"ListItem\",\"position\":2,\"name\":\"Comprar Suzy Q CBD Flor de c\u00e1\u00f1amo\"}]},{\"@type\":\"WebSite\",\"@id\":\"https:\/\/medicinasinc.com\/es\/#website\",\"url\":\"https:\/\/medicinasinc.com\/es\/\",\"name\":\"Medicinas Inc\",\"description\":\"Cl\u00ednica M\u00e9dica de Salud\",\"potentialAction\":[{\"@type\":\"SearchAction\",\"target\":{\"@type\":\"EntryPoint\",\"urlTemplate\":\"https:\/\/medicinasinc.com\/es\/?s={search_term_string}\"},\"query-input\":{\"@type\":\"PropertyValueSpecification\",\"valueRequired\":true,\"valueName\":\"search_term_string\"}}],\"inLanguage\":\"es\"}]}<\/script>\n<!-- \/ Yoast SEO plugin. -->","yoast_head_json":{"title":"Comprar Suzy Q CBD Hemp Flower - Best Best Global Meds","description":"Compre Suzy Q CBD Hemp Flower Flor de c\u00e1\u00f1amo de espectro completo. Suzy Q es una variedad rica en CBD y baja en THC con un sabor a pino que ayuda a tratar los s\u00edntomas con poca o ninguna euforia.","robots":{"index":"index","follow":"follow","max-snippet":"max-snippet:-1","max-image-preview":"max-image-preview:large","max-video-preview":"max-video-preview:-1"},"canonical":"https:\/\/medicinasinc.com\/es\/product\/comprar-suzy-q-cbd-hemp-flower\/","og_locale":"es_ES","og_type":"article","og_title":"Comprar Suzy Q CBD Hemp Flower - Best Best Global Meds","og_description":"Compre Suzy Q CBD Hemp Flower Flor de c\u00e1\u00f1amo de espectro completo. Suzy Q es una variedad rica en CBD y baja en THC con un sabor a pino que ayuda a tratar los s\u00edntomas con poca o ninguna euforia.","og_url":"https:\/\/medicinasinc.com\/es\/product\/comprar-suzy-q-cbd-hemp-flower\/","og_site_name":"Medicinas Inc","article_modified_time":"2022-03-22T01:05:17+00:00","og_image":[{"width":600,"height":600,"url":"https:\/\/medicinasinc.com\/es\/wp-content\/uploads\/sites\/15\/2022\/02\/Buy-Suzy-Q-CBD-Hemp-Flower-Online.jpg","type":"image\/jpeg"}],"twitter_card":"summary_large_image","twitter_misc":{"Tiempo de lectura":"2 minutos"},"schema":{"@context":"https:\/\/schema.org","@graph":[{"@type":"WebPage","@id":"https:\/\/medicinasinc.com\/es\/product\/comprar-suzy-q-cbd-hemp-flower\/","url":"https:\/\/medicinasinc.com\/es\/product\/comprar-suzy-q-cbd-hemp-flower\/","name":"Comprar Suzy Q CBD Hemp Flower - Best Best Global Meds","isPartOf":{"@id":"https:\/\/medicinasinc.com\/es\/#website"},"primaryImageOfPage":{"@id":"https:\/\/medicinasinc.com\/es\/product\/comprar-suzy-q-cbd-hemp-flower\/#primaryimage"},"image":{"@id":"https:\/\/medicinasinc.com\/es\/product\/comprar-suzy-q-cbd-hemp-flower\/#primaryimage"},"thumbnailUrl":"https:\/\/medicinasinc.com\/es\/wp-content\/uploads\/sites\/15\/2022\/02\/Buy-Suzy-Q-CBD-Hemp-Flower-Online.jpg","datePublished":"2022-02-20T15:39:59+00:00","dateModified":"2022-03-22T01:05:17+00:00","description":"Compre Suzy Q CBD Hemp Flower Flor de c\u00e1\u00f1amo de espectro completo. Suzy Q es una variedad rica en CBD y baja en THC con un sabor a pino que ayuda a tratar los s\u00edntomas con poca o ninguna euforia.","breadcrumb":{"@id":"https:\/\/medicinasinc.com\/es\/product\/comprar-suzy-q-cbd-hemp-flower\/#breadcrumb"},"inLanguage":"es","potentialAction":[{"@type":"ReadAction","target":["https:\/\/medicinasinc.com\/es\/product\/comprar-suzy-q-cbd-hemp-flower\/"]}]},{"@type":"ImageObject","inLanguage":"es","@id":"https:\/\/medicinasinc.com\/es\/product\/comprar-suzy-q-cbd-hemp-flower\/#primaryimage","url":"https:\/\/medicinasinc.com\/es\/wp-content\/uploads\/sites\/15\/2022\/02\/Buy-Suzy-Q-CBD-Hemp-Flower-Online.jpg","contentUrl":"https:\/\/medicinasinc.com\/es\/wp-content\/uploads\/sites\/15\/2022\/02\/Buy-Suzy-Q-CBD-Hemp-Flower-Online.jpg","width":600,"height":600},{"@type":"BreadcrumbList","@id":"https:\/\/medicinasinc.com\/es\/product\/comprar-suzy-q-cbd-hemp-flower\/#breadcrumb","itemListElement":[{"@type":"ListItem","position":1,"name":"Tienda","item":"https:\/\/medicinasinc.com\/es\/tienda\/"},{"@type":"ListItem","position":2,"name":"Comprar Suzy Q CBD Flor de c\u00e1\u00f1amo"}]},{"@type":"WebSite","@id":"https:\/\/medicinasinc.com\/es\/#website","url":"https:\/\/medicinasinc.com\/es\/","name":"Medicinas Inc","description":"Cl\u00ednica M\u00e9dica de Salud","potentialAction":[{"@type":"SearchAction","target":{"@type":"EntryPoint","urlTemplate":"https:\/\/medicinasinc.com\/es\/?s={search_term_string}"},"query-input":{"@type":"PropertyValueSpecification","valueRequired":true,"valueName":"search_term_string"}}],"inLanguage":"es"}]}},"_links":{"self":[{"href":"https:\/\/medicinasinc.com\/es\/wp-json\/wp\/v2\/product\/4759","targetHints":{"allow":["GET"]}}],"collection":[{"href":"https:\/\/medicinasinc.com\/es\/wp-json\/wp\/v2\/product"}],"about":[{"href":"https:\/\/medicinasinc.com\/es\/wp-json\/wp\/v2\/types\/product"}],"replies":[{"embeddable":true,"href":"https:\/\/medicinasinc.com\/es\/wp-json\/wp\/v2\/comments?post=4759"}],"wp:featuredmedia":[{"embeddable":true,"href":"https:\/\/medicinasinc.com\/es\/wp-json\/wp\/v2\/media\/4773"}],"wp:attachment":[{"href":"https:\/\/medicinasinc.com\/es\/wp-json\/wp\/v2\/media?parent=4759"}],"wp:term":[{"taxonomy":"product_brand","embeddable":true,"href":"https:\/\/medicinasinc.com\/es\/wp-json\/wp\/v2\/product_brand?post=4759"},{"taxonomy":"product_cat","embeddable":true,"href":"https:\/\/medicinasinc.com\/es\/wp-json\/wp\/v2\/product_cat?post=4759"},{"taxonomy":"product_tag","embeddable":true,"href":"https:\/\/medicinasinc.com\/es\/wp-json\/wp\/v2\/product_tag?post=4759"}],"curies":[{"name":"wp","href":"https:\/\/api.w.org\/{rel}","templated":true}]}}