{"id":4749,"date":"2022-02-20T15:31:33","date_gmt":"2022-02-20T15:31:33","guid":{"rendered":"https:\/\/medicinasinc.com\/es\/?post_type=product&#038;p=4749"},"modified":"2022-03-22T01:05:27","modified_gmt":"2022-03-22T01:05:27","slug":"comprar-otto-x-cherry-cbd-hemp-flower-online","status":"publish","type":"product","link":"https:\/\/medicinasinc.com\/es\/product\/comprar-otto-x-cherry-cbd-hemp-flower-online\/","title":{"rendered":"Comprar flor de c\u00e1\u00f1amo OTTO X Cherry CBD en l\u00ednea"},"content":{"rendered":"<h1 class=\"product_title entry-title\">Comprar OTTO X Cherry CBD Hemp Flower Online<\/h1>\n<div class=\"product-next-previous\">\n<div class=\"product-prev\"><\/div><\/div>\n","protected":false},"excerpt":{"rendered":"<p>Otto x Cherry crecido tiene una gran cura como el Jazzman. Es de cultivo ecol\u00f3gico y tiene un olor incre\u00edble.<\/p>\n<p>Contenido de Cbd: 21,5 %<\/p>\n<p>Contenido de Thc: inferior al 0,3 %<\/p>\n","protected":false},"featured_media":4762,"comment_status":"open","ping_status":"closed","template":"","meta":[],"product_brand":[],"product_cat":[689],"product_tag":[],"class_list":{"0":"post-4749","1":"product","2":"type-product","3":"status-publish","4":"has-post-thumbnail","6":"product_cat-comprar-flor-de-canamo","8":"first","9":"instock","10":"shipping-taxable","11":"purchasable","12":"product-type-variable","13":"has-default-attributes"},"yoast_head":"<!-- This site is optimized with the Yoast SEO plugin v27.2 - https:\/\/yoast.com\/product\/yoast-seo-wordpress\/ -->\n<title>Comprar flor de c\u00e1\u00f1amo OTTO X Cherry CBD en l\u00ednea - Best Global Meds<\/title>\n<meta name=\"description\" content=\"Otto x Cherry cultivado tiene una gran cura como el Jazzyman. Es de cultivo org\u00e1nico y tiene un olor incre\u00edble. Contenido de Cbd: 21,5 %Contenido de Thc: por debajo del 0,3 %\" \/>\n<meta name=\"robots\" content=\"index, follow, max-snippet:-1, max-image-preview:large, max-video-preview:-1\" \/>\n<link rel=\"canonical\" href=\"https:\/\/medicinasinc.com\/es\/product\/comprar-otto-x-cherry-cbd-hemp-flower-online\/\" \/>\n<meta property=\"og:locale\" content=\"es_ES\" \/>\n<meta property=\"og:type\" content=\"article\" \/>\n<meta property=\"og:title\" content=\"Comprar flor de c\u00e1\u00f1amo OTTO X Cherry CBD en l\u00ednea - Best Global Meds\" \/>\n<meta property=\"og:description\" content=\"Otto x Cherry cultivado tiene una gran cura como el Jazzyman. Es de cultivo org\u00e1nico y tiene un olor incre\u00edble. Contenido de Cbd: 21,5 %Contenido de Thc: por debajo del 0,3 %\" \/>\n<meta property=\"og:url\" content=\"https:\/\/medicinasinc.com\/es\/product\/comprar-otto-x-cherry-cbd-hemp-flower-online\/\" \/>\n<meta property=\"og:site_name\" content=\"Medicinas Inc\" \/>\n<meta property=\"article:modified_time\" content=\"2022-03-22T01:05:27+00:00\" \/>\n<meta property=\"og:image\" content=\"https:\/\/medicinasinc.com\/es\/wp-content\/uploads\/sites\/15\/2022\/02\/Buy-OTTO-X-Cherry-CBD-Hemp-Flower-Online.jpg\" \/>\n\t<meta property=\"og:image:width\" content=\"600\" \/>\n\t<meta property=\"og:image:height\" content=\"600\" \/>\n\t<meta property=\"og:image:type\" content=\"image\/jpeg\" \/>\n<meta name=\"twitter:card\" content=\"summary_large_image\" \/>\n<meta name=\"twitter:label1\" content=\"Tiempo de lectura\" \/>\n\t<meta name=\"twitter:data1\" content=\"1 minuto\" \/>\n<script type=\"application\/ld+json\" class=\"yoast-schema-graph\">{\"@context\":\"https:\/\/schema.org\",\"@graph\":[{\"@type\":\"WebPage\",\"@id\":\"https:\/\/medicinasinc.com\/es\/product\/comprar-otto-x-cherry-cbd-hemp-flower-online\/\",\"url\":\"https:\/\/medicinasinc.com\/es\/product\/comprar-otto-x-cherry-cbd-hemp-flower-online\/\",\"name\":\"Comprar flor de c\u00e1\u00f1amo OTTO X Cherry CBD en l\u00ednea - Best Global Meds\",\"isPartOf\":{\"@id\":\"https:\/\/medicinasinc.com\/es\/#website\"},\"primaryImageOfPage\":{\"@id\":\"https:\/\/medicinasinc.com\/es\/product\/comprar-otto-x-cherry-cbd-hemp-flower-online\/#primaryimage\"},\"image\":{\"@id\":\"https:\/\/medicinasinc.com\/es\/product\/comprar-otto-x-cherry-cbd-hemp-flower-online\/#primaryimage\"},\"thumbnailUrl\":\"https:\/\/medicinasinc.com\/es\/wp-content\/uploads\/sites\/15\/2022\/02\/Buy-OTTO-X-Cherry-CBD-Hemp-Flower-Online.jpg\",\"datePublished\":\"2022-02-20T15:31:33+00:00\",\"dateModified\":\"2022-03-22T01:05:27+00:00\",\"description\":\"Otto x Cherry cultivado tiene una gran cura como el Jazzyman. Es de cultivo org\u00e1nico y tiene un olor incre\u00edble. Contenido de Cbd: 21,5 %Contenido de Thc: por debajo del 0,3 %\",\"breadcrumb\":{\"@id\":\"https:\/\/medicinasinc.com\/es\/product\/comprar-otto-x-cherry-cbd-hemp-flower-online\/#breadcrumb\"},\"inLanguage\":\"es\",\"potentialAction\":[{\"@type\":\"ReadAction\",\"target\":[\"https:\/\/medicinasinc.com\/es\/product\/comprar-otto-x-cherry-cbd-hemp-flower-online\/\"]}]},{\"@type\":\"ImageObject\",\"inLanguage\":\"es\",\"@id\":\"https:\/\/medicinasinc.com\/es\/product\/comprar-otto-x-cherry-cbd-hemp-flower-online\/#primaryimage\",\"url\":\"https:\/\/medicinasinc.com\/es\/wp-content\/uploads\/sites\/15\/2022\/02\/Buy-OTTO-X-Cherry-CBD-Hemp-Flower-Online.jpg\",\"contentUrl\":\"https:\/\/medicinasinc.com\/es\/wp-content\/uploads\/sites\/15\/2022\/02\/Buy-OTTO-X-Cherry-CBD-Hemp-Flower-Online.jpg\",\"width\":600,\"height\":600},{\"@type\":\"BreadcrumbList\",\"@id\":\"https:\/\/medicinasinc.com\/es\/product\/comprar-otto-x-cherry-cbd-hemp-flower-online\/#breadcrumb\",\"itemListElement\":[{\"@type\":\"ListItem\",\"position\":1,\"name\":\"Tienda\",\"item\":\"https:\/\/medicinasinc.com\/es\/tienda\/\"},{\"@type\":\"ListItem\",\"position\":2,\"name\":\"Comprar flor de c\u00e1\u00f1amo OTTO X Cherry CBD en l\u00ednea\"}]},{\"@type\":\"WebSite\",\"@id\":\"https:\/\/medicinasinc.com\/es\/#website\",\"url\":\"https:\/\/medicinasinc.com\/es\/\",\"name\":\"Medicinas Inc\",\"description\":\"Cl\u00ednica M\u00e9dica de Salud\",\"potentialAction\":[{\"@type\":\"SearchAction\",\"target\":{\"@type\":\"EntryPoint\",\"urlTemplate\":\"https:\/\/medicinasinc.com\/es\/?s={search_term_string}\"},\"query-input\":{\"@type\":\"PropertyValueSpecification\",\"valueRequired\":true,\"valueName\":\"search_term_string\"}}],\"inLanguage\":\"es\"}]}<\/script>\n<!-- \/ Yoast SEO plugin. -->","yoast_head_json":{"title":"Comprar flor de c\u00e1\u00f1amo OTTO X Cherry CBD en l\u00ednea - Best Global Meds","description":"Otto x Cherry cultivado tiene una gran cura como el Jazzyman. Es de cultivo org\u00e1nico y tiene un olor incre\u00edble. Contenido de Cbd: 21,5 %Contenido de Thc: por debajo del 0,3 %","robots":{"index":"index","follow":"follow","max-snippet":"max-snippet:-1","max-image-preview":"max-image-preview:large","max-video-preview":"max-video-preview:-1"},"canonical":"https:\/\/medicinasinc.com\/es\/product\/comprar-otto-x-cherry-cbd-hemp-flower-online\/","og_locale":"es_ES","og_type":"article","og_title":"Comprar flor de c\u00e1\u00f1amo OTTO X Cherry CBD en l\u00ednea - Best Global Meds","og_description":"Otto x Cherry cultivado tiene una gran cura como el Jazzyman. Es de cultivo org\u00e1nico y tiene un olor incre\u00edble. Contenido de Cbd: 21,5 %Contenido de Thc: por debajo del 0,3 %","og_url":"https:\/\/medicinasinc.com\/es\/product\/comprar-otto-x-cherry-cbd-hemp-flower-online\/","og_site_name":"Medicinas Inc","article_modified_time":"2022-03-22T01:05:27+00:00","og_image":[{"width":600,"height":600,"url":"https:\/\/medicinasinc.com\/es\/wp-content\/uploads\/sites\/15\/2022\/02\/Buy-OTTO-X-Cherry-CBD-Hemp-Flower-Online.jpg","type":"image\/jpeg"}],"twitter_card":"summary_large_image","twitter_misc":{"Tiempo de lectura":"1 minuto"},"schema":{"@context":"https:\/\/schema.org","@graph":[{"@type":"WebPage","@id":"https:\/\/medicinasinc.com\/es\/product\/comprar-otto-x-cherry-cbd-hemp-flower-online\/","url":"https:\/\/medicinasinc.com\/es\/product\/comprar-otto-x-cherry-cbd-hemp-flower-online\/","name":"Comprar flor de c\u00e1\u00f1amo OTTO X Cherry CBD en l\u00ednea - Best Global Meds","isPartOf":{"@id":"https:\/\/medicinasinc.com\/es\/#website"},"primaryImageOfPage":{"@id":"https:\/\/medicinasinc.com\/es\/product\/comprar-otto-x-cherry-cbd-hemp-flower-online\/#primaryimage"},"image":{"@id":"https:\/\/medicinasinc.com\/es\/product\/comprar-otto-x-cherry-cbd-hemp-flower-online\/#primaryimage"},"thumbnailUrl":"https:\/\/medicinasinc.com\/es\/wp-content\/uploads\/sites\/15\/2022\/02\/Buy-OTTO-X-Cherry-CBD-Hemp-Flower-Online.jpg","datePublished":"2022-02-20T15:31:33+00:00","dateModified":"2022-03-22T01:05:27+00:00","description":"Otto x Cherry cultivado tiene una gran cura como el Jazzyman. Es de cultivo org\u00e1nico y tiene un olor incre\u00edble. Contenido de Cbd: 21,5 %Contenido de Thc: por debajo del 0,3 %","breadcrumb":{"@id":"https:\/\/medicinasinc.com\/es\/product\/comprar-otto-x-cherry-cbd-hemp-flower-online\/#breadcrumb"},"inLanguage":"es","potentialAction":[{"@type":"ReadAction","target":["https:\/\/medicinasinc.com\/es\/product\/comprar-otto-x-cherry-cbd-hemp-flower-online\/"]}]},{"@type":"ImageObject","inLanguage":"es","@id":"https:\/\/medicinasinc.com\/es\/product\/comprar-otto-x-cherry-cbd-hemp-flower-online\/#primaryimage","url":"https:\/\/medicinasinc.com\/es\/wp-content\/uploads\/sites\/15\/2022\/02\/Buy-OTTO-X-Cherry-CBD-Hemp-Flower-Online.jpg","contentUrl":"https:\/\/medicinasinc.com\/es\/wp-content\/uploads\/sites\/15\/2022\/02\/Buy-OTTO-X-Cherry-CBD-Hemp-Flower-Online.jpg","width":600,"height":600},{"@type":"BreadcrumbList","@id":"https:\/\/medicinasinc.com\/es\/product\/comprar-otto-x-cherry-cbd-hemp-flower-online\/#breadcrumb","itemListElement":[{"@type":"ListItem","position":1,"name":"Tienda","item":"https:\/\/medicinasinc.com\/es\/tienda\/"},{"@type":"ListItem","position":2,"name":"Comprar flor de c\u00e1\u00f1amo OTTO X Cherry CBD en l\u00ednea"}]},{"@type":"WebSite","@id":"https:\/\/medicinasinc.com\/es\/#website","url":"https:\/\/medicinasinc.com\/es\/","name":"Medicinas Inc","description":"Cl\u00ednica M\u00e9dica de Salud","potentialAction":[{"@type":"SearchAction","target":{"@type":"EntryPoint","urlTemplate":"https:\/\/medicinasinc.com\/es\/?s={search_term_string}"},"query-input":{"@type":"PropertyValueSpecification","valueRequired":true,"valueName":"search_term_string"}}],"inLanguage":"es"}]}},"_links":{"self":[{"href":"https:\/\/medicinasinc.com\/es\/wp-json\/wp\/v2\/product\/4749","targetHints":{"allow":["GET"]}}],"collection":[{"href":"https:\/\/medicinasinc.com\/es\/wp-json\/wp\/v2\/product"}],"about":[{"href":"https:\/\/medicinasinc.com\/es\/wp-json\/wp\/v2\/types\/product"}],"replies":[{"embeddable":true,"href":"https:\/\/medicinasinc.com\/es\/wp-json\/wp\/v2\/comments?post=4749"}],"wp:featuredmedia":[{"embeddable":true,"href":"https:\/\/medicinasinc.com\/es\/wp-json\/wp\/v2\/media\/4762"}],"wp:attachment":[{"href":"https:\/\/medicinasinc.com\/es\/wp-json\/wp\/v2\/media?parent=4749"}],"wp:term":[{"taxonomy":"product_brand","embeddable":true,"href":"https:\/\/medicinasinc.com\/es\/wp-json\/wp\/v2\/product_brand?post=4749"},{"taxonomy":"product_cat","embeddable":true,"href":"https:\/\/medicinasinc.com\/es\/wp-json\/wp\/v2\/product_cat?post=4749"},{"taxonomy":"product_tag","embeddable":true,"href":"https:\/\/medicinasinc.com\/es\/wp-json\/wp\/v2\/product_tag?post=4749"}],"curies":[{"name":"wp","href":"https:\/\/api.w.org\/{rel}","templated":true}]}}