{"id":4748,"date":"2022-02-20T15:30:50","date_gmt":"2022-02-20T15:30:50","guid":{"rendered":"https:\/\/medicinasinc.com\/es\/?post_type=product&#038;p=4748"},"modified":"2022-03-22T01:05:40","modified_gmt":"2022-03-22T01:05:40","slug":"comprar-flor-de-canamo-pino-hawaiano","status":"publish","type":"product","link":"https:\/\/medicinasinc.com\/es\/product\/comprar-flor-de-canamo-pino-hawaiano\/","title":{"rendered":"Comprar flor de c\u00e1\u00f1amo de pino hawaiano"},"content":{"rendered":"<div class=\"woocommerce-tabs wc-tabs-wrapper\">\n<div id=\"tab-description\" class=\"woocommerce-Tabs-panel woocommerce-Tabs-panel--panel de descripci\u00f3n entrada-contenido wc-tab\" role=\"tabpanel\" aria-labelledby=\"tab-title-description\">\n<p>Flor de c\u00e1\u00f1amo con CBD de pino hawaiano<\/p>\n<p>La variedad de flor de c\u00e1\u00f1amo con CBD de pino hawaiano contiene menos del 2 % de Delta 9 THC, que es el l\u00edmite legal de THC, y si se consume con moderaci\u00f3n, no har\u00e1 que falle una prueba de drogas, pero no ofrecemos garant\u00edas.<\/p>\n<p>En Bud Chasers, damos prioridad a la calidad y la seguridad, por lo que cada El Departamento de Agricultura prueba y aprueba un lote de flor de CBD antes de su distribuci\u00f3n.<\/p>\n<p>Los medicamentos ricos en CBD pueden ayudar con la inflamaci\u00f3n y las convulsiones, pero tienen pocos efectos psicoactivos. Debido al alto contenido de alcohol de grado, recomendamos colocarlo en el costado de la boca (contra la mejilla) y mantenerlo durante 30 a 60 segundos. La tintura se puede diluir en jugo o t\u00e9, pero tardar\u00e1 m\u00e1s en hacer efecto.<\/p>\n<p>La flor de c\u00e1\u00f1amo con CBD de pino hawaiano ya est\u00e1 disponible.<\/p>\n<p>Compre la flor de c\u00e1\u00f1amo con CBD de pino hawaiano de Hemp En l\u00ednea ahora mismo; adicionalmente, puede realizar un pedido aqu\u00ed y realizar una compra inmediata.<\/p>\n<p>Flor de CBD de pino hawaiano<\/p>\n<\/p><\/div><\/div>\n","protected":false},"excerpt":{"rendered":"<div class=\"woocommerce-product-details__short-description\">\n<p>Compre flor de c\u00e1\u00f1amo CBD de pino hawaiano en l\u00ednea en bestglobalmeds.com. Compre una variedad de productos relacionados con la marihuana y m\u00e1s. La entrega es gratuita.<\/p>\n<p>Ofrecemos flor de c\u00e1\u00f1amo CBD de pino hawaiano superior para fines medicinales o recreativos.<\/p>\n<\/p><\/div>\n","protected":false},"featured_media":4760,"comment_status":"open","ping_status":"closed","template":"","meta":[],"product_brand":[],"product_cat":[689],"product_tag":[],"class_list":{"0":"post-4748","1":"product","2":"type-product","3":"status-publish","4":"has-post-thumbnail","6":"product_cat-comprar-flor-de-canamo","8":"first","9":"instock","10":"shipping-taxable","11":"purchasable","12":"product-type-variable","13":"has-default-attributes"},"yoast_head":"<!-- This site is optimized with the Yoast SEO plugin v27.2 - https:\/\/yoast.com\/product\/yoast-seo-wordpress\/ -->\n<title>Comprar flor de c\u00e1\u00f1amo de pino hawaiano - Best Best Global Meds<\/title>\n<meta name=\"description\" content=\"Compre flor de c\u00e1\u00f1amo CBD de pino hawaiano (1 libra) en l\u00ednea en bestglobalmeds.com. Compre una amplia selecci\u00f3n de productos de marihuana y m\u00e1s. Entrega gratis.\" \/>\n<meta name=\"robots\" content=\"index, follow, max-snippet:-1, max-image-preview:large, max-video-preview:-1\" \/>\n<link rel=\"canonical\" href=\"https:\/\/medicinasinc.com\/es\/product\/comprar-flor-de-canamo-pino-hawaiano\/\" \/>\n<meta property=\"og:locale\" content=\"es_ES\" \/>\n<meta property=\"og:type\" content=\"article\" \/>\n<meta property=\"og:title\" content=\"Comprar flor de c\u00e1\u00f1amo de pino hawaiano - Best Best Global Meds\" \/>\n<meta property=\"og:description\" content=\"Compre flor de c\u00e1\u00f1amo CBD de pino hawaiano (1 libra) en l\u00ednea en bestglobalmeds.com. Compre una amplia selecci\u00f3n de productos de marihuana y m\u00e1s. Entrega gratis.\" \/>\n<meta property=\"og:url\" content=\"https:\/\/medicinasinc.com\/es\/product\/comprar-flor-de-canamo-pino-hawaiano\/\" \/>\n<meta property=\"og:site_name\" content=\"Medicinas Inc\" \/>\n<meta property=\"article:modified_time\" content=\"2022-03-22T01:05:40+00:00\" \/>\n<meta property=\"og:image\" content=\"https:\/\/medicinasinc.com\/es\/wp-content\/uploads\/sites\/15\/2022\/02\/Buy-Hawaiian-Pine-Hemp-Flower-Onlin.jpg\" \/>\n\t<meta property=\"og:image:width\" content=\"600\" \/>\n\t<meta property=\"og:image:height\" content=\"600\" \/>\n\t<meta property=\"og:image:type\" content=\"image\/jpeg\" \/>\n<meta name=\"twitter:card\" content=\"summary_large_image\" \/>\n<meta name=\"twitter:label1\" content=\"Tiempo de lectura\" \/>\n\t<meta name=\"twitter:data1\" content=\"1 minuto\" \/>\n<script type=\"application\/ld+json\" class=\"yoast-schema-graph\">{\"@context\":\"https:\/\/schema.org\",\"@graph\":[{\"@type\":\"WebPage\",\"@id\":\"https:\/\/medicinasinc.com\/es\/product\/comprar-flor-de-canamo-pino-hawaiano\/\",\"url\":\"https:\/\/medicinasinc.com\/es\/product\/comprar-flor-de-canamo-pino-hawaiano\/\",\"name\":\"Comprar flor de c\u00e1\u00f1amo de pino hawaiano - Best Best Global Meds\",\"isPartOf\":{\"@id\":\"https:\/\/medicinasinc.com\/es\/#website\"},\"primaryImageOfPage\":{\"@id\":\"https:\/\/medicinasinc.com\/es\/product\/comprar-flor-de-canamo-pino-hawaiano\/#primaryimage\"},\"image\":{\"@id\":\"https:\/\/medicinasinc.com\/es\/product\/comprar-flor-de-canamo-pino-hawaiano\/#primaryimage\"},\"thumbnailUrl\":\"https:\/\/medicinasinc.com\/es\/wp-content\/uploads\/sites\/15\/2022\/02\/Buy-Hawaiian-Pine-Hemp-Flower-Onlin.jpg\",\"datePublished\":\"2022-02-20T15:30:50+00:00\",\"dateModified\":\"2022-03-22T01:05:40+00:00\",\"description\":\"Compre flor de c\u00e1\u00f1amo CBD de pino hawaiano (1 libra) en l\u00ednea en bestglobalmeds.com. Compre una amplia selecci\u00f3n de productos de marihuana y m\u00e1s. Entrega gratis.\",\"breadcrumb\":{\"@id\":\"https:\/\/medicinasinc.com\/es\/product\/comprar-flor-de-canamo-pino-hawaiano\/#breadcrumb\"},\"inLanguage\":\"es\",\"potentialAction\":[{\"@type\":\"ReadAction\",\"target\":[\"https:\/\/medicinasinc.com\/es\/product\/comprar-flor-de-canamo-pino-hawaiano\/\"]}]},{\"@type\":\"ImageObject\",\"inLanguage\":\"es\",\"@id\":\"https:\/\/medicinasinc.com\/es\/product\/comprar-flor-de-canamo-pino-hawaiano\/#primaryimage\",\"url\":\"https:\/\/medicinasinc.com\/es\/wp-content\/uploads\/sites\/15\/2022\/02\/Buy-Hawaiian-Pine-Hemp-Flower-Onlin.jpg\",\"contentUrl\":\"https:\/\/medicinasinc.com\/es\/wp-content\/uploads\/sites\/15\/2022\/02\/Buy-Hawaiian-Pine-Hemp-Flower-Onlin.jpg\",\"width\":600,\"height\":600},{\"@type\":\"BreadcrumbList\",\"@id\":\"https:\/\/medicinasinc.com\/es\/product\/comprar-flor-de-canamo-pino-hawaiano\/#breadcrumb\",\"itemListElement\":[{\"@type\":\"ListItem\",\"position\":1,\"name\":\"Tienda\",\"item\":\"https:\/\/medicinasinc.com\/es\/tienda\/\"},{\"@type\":\"ListItem\",\"position\":2,\"name\":\"Comprar flor de c\u00e1\u00f1amo de pino hawaiano\"}]},{\"@type\":\"WebSite\",\"@id\":\"https:\/\/medicinasinc.com\/es\/#website\",\"url\":\"https:\/\/medicinasinc.com\/es\/\",\"name\":\"Medicinas Inc\",\"description\":\"Cl\u00ednica M\u00e9dica de Salud\",\"potentialAction\":[{\"@type\":\"SearchAction\",\"target\":{\"@type\":\"EntryPoint\",\"urlTemplate\":\"https:\/\/medicinasinc.com\/es\/?s={search_term_string}\"},\"query-input\":{\"@type\":\"PropertyValueSpecification\",\"valueRequired\":true,\"valueName\":\"search_term_string\"}}],\"inLanguage\":\"es\"}]}<\/script>\n<!-- \/ Yoast SEO plugin. -->","yoast_head_json":{"title":"Comprar flor de c\u00e1\u00f1amo de pino hawaiano - Best Best Global Meds","description":"Compre flor de c\u00e1\u00f1amo CBD de pino hawaiano (1 libra) en l\u00ednea en bestglobalmeds.com. Compre una amplia selecci\u00f3n de productos de marihuana y m\u00e1s. Entrega gratis.","robots":{"index":"index","follow":"follow","max-snippet":"max-snippet:-1","max-image-preview":"max-image-preview:large","max-video-preview":"max-video-preview:-1"},"canonical":"https:\/\/medicinasinc.com\/es\/product\/comprar-flor-de-canamo-pino-hawaiano\/","og_locale":"es_ES","og_type":"article","og_title":"Comprar flor de c\u00e1\u00f1amo de pino hawaiano - Best Best Global Meds","og_description":"Compre flor de c\u00e1\u00f1amo CBD de pino hawaiano (1 libra) en l\u00ednea en bestglobalmeds.com. Compre una amplia selecci\u00f3n de productos de marihuana y m\u00e1s. Entrega gratis.","og_url":"https:\/\/medicinasinc.com\/es\/product\/comprar-flor-de-canamo-pino-hawaiano\/","og_site_name":"Medicinas Inc","article_modified_time":"2022-03-22T01:05:40+00:00","og_image":[{"width":600,"height":600,"url":"https:\/\/medicinasinc.com\/es\/wp-content\/uploads\/sites\/15\/2022\/02\/Buy-Hawaiian-Pine-Hemp-Flower-Onlin.jpg","type":"image\/jpeg"}],"twitter_card":"summary_large_image","twitter_misc":{"Tiempo de lectura":"1 minuto"},"schema":{"@context":"https:\/\/schema.org","@graph":[{"@type":"WebPage","@id":"https:\/\/medicinasinc.com\/es\/product\/comprar-flor-de-canamo-pino-hawaiano\/","url":"https:\/\/medicinasinc.com\/es\/product\/comprar-flor-de-canamo-pino-hawaiano\/","name":"Comprar flor de c\u00e1\u00f1amo de pino hawaiano - Best Best Global Meds","isPartOf":{"@id":"https:\/\/medicinasinc.com\/es\/#website"},"primaryImageOfPage":{"@id":"https:\/\/medicinasinc.com\/es\/product\/comprar-flor-de-canamo-pino-hawaiano\/#primaryimage"},"image":{"@id":"https:\/\/medicinasinc.com\/es\/product\/comprar-flor-de-canamo-pino-hawaiano\/#primaryimage"},"thumbnailUrl":"https:\/\/medicinasinc.com\/es\/wp-content\/uploads\/sites\/15\/2022\/02\/Buy-Hawaiian-Pine-Hemp-Flower-Onlin.jpg","datePublished":"2022-02-20T15:30:50+00:00","dateModified":"2022-03-22T01:05:40+00:00","description":"Compre flor de c\u00e1\u00f1amo CBD de pino hawaiano (1 libra) en l\u00ednea en bestglobalmeds.com. Compre una amplia selecci\u00f3n de productos de marihuana y m\u00e1s. Entrega gratis.","breadcrumb":{"@id":"https:\/\/medicinasinc.com\/es\/product\/comprar-flor-de-canamo-pino-hawaiano\/#breadcrumb"},"inLanguage":"es","potentialAction":[{"@type":"ReadAction","target":["https:\/\/medicinasinc.com\/es\/product\/comprar-flor-de-canamo-pino-hawaiano\/"]}]},{"@type":"ImageObject","inLanguage":"es","@id":"https:\/\/medicinasinc.com\/es\/product\/comprar-flor-de-canamo-pino-hawaiano\/#primaryimage","url":"https:\/\/medicinasinc.com\/es\/wp-content\/uploads\/sites\/15\/2022\/02\/Buy-Hawaiian-Pine-Hemp-Flower-Onlin.jpg","contentUrl":"https:\/\/medicinasinc.com\/es\/wp-content\/uploads\/sites\/15\/2022\/02\/Buy-Hawaiian-Pine-Hemp-Flower-Onlin.jpg","width":600,"height":600},{"@type":"BreadcrumbList","@id":"https:\/\/medicinasinc.com\/es\/product\/comprar-flor-de-canamo-pino-hawaiano\/#breadcrumb","itemListElement":[{"@type":"ListItem","position":1,"name":"Tienda","item":"https:\/\/medicinasinc.com\/es\/tienda\/"},{"@type":"ListItem","position":2,"name":"Comprar flor de c\u00e1\u00f1amo de pino hawaiano"}]},{"@type":"WebSite","@id":"https:\/\/medicinasinc.com\/es\/#website","url":"https:\/\/medicinasinc.com\/es\/","name":"Medicinas Inc","description":"Cl\u00ednica M\u00e9dica de Salud","potentialAction":[{"@type":"SearchAction","target":{"@type":"EntryPoint","urlTemplate":"https:\/\/medicinasinc.com\/es\/?s={search_term_string}"},"query-input":{"@type":"PropertyValueSpecification","valueRequired":true,"valueName":"search_term_string"}}],"inLanguage":"es"}]}},"_links":{"self":[{"href":"https:\/\/medicinasinc.com\/es\/wp-json\/wp\/v2\/product\/4748","targetHints":{"allow":["GET"]}}],"collection":[{"href":"https:\/\/medicinasinc.com\/es\/wp-json\/wp\/v2\/product"}],"about":[{"href":"https:\/\/medicinasinc.com\/es\/wp-json\/wp\/v2\/types\/product"}],"replies":[{"embeddable":true,"href":"https:\/\/medicinasinc.com\/es\/wp-json\/wp\/v2\/comments?post=4748"}],"wp:featuredmedia":[{"embeddable":true,"href":"https:\/\/medicinasinc.com\/es\/wp-json\/wp\/v2\/media\/4760"}],"wp:attachment":[{"href":"https:\/\/medicinasinc.com\/es\/wp-json\/wp\/v2\/media?parent=4748"}],"wp:term":[{"taxonomy":"product_brand","embeddable":true,"href":"https:\/\/medicinasinc.com\/es\/wp-json\/wp\/v2\/product_brand?post=4748"},{"taxonomy":"product_cat","embeddable":true,"href":"https:\/\/medicinasinc.com\/es\/wp-json\/wp\/v2\/product_cat?post=4748"},{"taxonomy":"product_tag","embeddable":true,"href":"https:\/\/medicinasinc.com\/es\/wp-json\/wp\/v2\/product_tag?post=4748"}],"curies":[{"name":"wp","href":"https:\/\/api.w.org\/{rel}","templated":true}]}}