{"id":4734,"date":"2022-02-20T15:19:28","date_gmt":"2022-02-20T15:19:28","guid":{"rendered":"https:\/\/medicinasinc.com\/es\/?post_type=product&#038;p=4734"},"modified":"2022-03-22T01:05:49","modified_gmt":"2022-03-22T01:05:49","slug":"extracto-thc-live-diamonds-superior","status":"publish","type":"product","link":"https:\/\/medicinasinc.com\/es\/product\/extracto-thc-live-diamonds-superior\/","title":{"rendered":"THC Live Diamonds &#8211; Extracto superior"},"content":{"rendered":"<p>THC Live Diamonds de calidad superior<br \/> Conocidos a menudo como \u00ablos dabs m\u00e1s fuertes del mundo\u00bb, Superior THC Live Diamonds es un nuevo extracto que est\u00e1 ganando terreno r\u00e1pidamente en la comunidad cann\u00e1bica como el concentrado m\u00e1s potente del mercado. Este extracto cristalizado contiene m\u00e1s del 99 por ciento de THC-A puro, que no produce un efecto psicoactivo cuando se consume, pero requiere descarboxilaci\u00f3n (combusti\u00f3n) para convertirse en THC psicoactivo.<\/p>\n<p>Superior THC Live Diamonds est\u00e1 hecho de vida resina, que ayuda a retener los terpenos, lo que da como resultado un concentrado m\u00e1s sabroso.<br \/> Si bien la resina viva es viscosa, se sella en un recipiente presurizado y se deja enfriar a temperatura ambiente. Dentro de esta mezcla, los cristales de THCA se forman y caen al fondo del frasco con el tiempo. Los terpenos residuales en la resina viva suben a la superficie y forman una capa viscosa. Como resultado, se crea un concentrado que contiene entre un 97 y un 99 % de THC, junto con el sabor y las propiedades medicinales de los terpenos espec\u00edficos de la cepa.<\/p>\n","protected":false},"excerpt":{"rendered":"<ul>\n<li>Un concentrado compuesto de 97-99 % de THC<\/li>\n<li>99 % de THC-A puro<\/li>\n<li>Canada Post Xpresspost Env\u00edo GRATIS para pedidos superiores a $99<\/li>\n<li>Env\u00edo a todo Canad\u00e1 \u00fanicamente<\/li>\n<li>Descripci\u00f3n completa del producto a continuaci\u00f3n<\/li>\n<\/ul>\n","protected":false},"featured_media":4747,"comment_status":"open","ping_status":"closed","template":"","meta":[],"product_brand":[],"product_cat":[610],"product_tag":[],"class_list":{"0":"post-4734","1":"product","2":"type-product","3":"status-publish","4":"has-post-thumbnail","6":"product_cat-comprar-hachis-hachis","8":"first","9":"instock","10":"shipping-taxable","11":"purchasable","12":"product-type-variable","13":"has-default-attributes"},"yoast_head":"<!-- This site is optimized with the Yoast SEO plugin v27.3 - https:\/\/yoast.com\/product\/yoast-seo-wordpress\/ -->\n<title>THC Live Diamonds- Extracto superior - Best Best Global Meds<\/title>\n<meta name=\"description\" content=\"Compre THC Live-Diamonds: extractos superiores en l\u00ednea con env\u00edo y entrega en todo el mundo a su ubicaci\u00f3n preferida. Vendemos al por menor y al por mayor nuestro THC.\" \/>\n<meta name=\"robots\" content=\"index, follow, max-snippet:-1, max-image-preview:large, max-video-preview:-1\" \/>\n<link rel=\"canonical\" href=\"https:\/\/medicinasinc.com\/es\/product\/extracto-thc-live-diamonds-superior\/\" \/>\n<meta property=\"og:locale\" content=\"es_ES\" \/>\n<meta property=\"og:type\" content=\"article\" \/>\n<meta property=\"og:title\" content=\"THC Live Diamonds- Extracto superior - Best Best Global Meds\" \/>\n<meta property=\"og:description\" content=\"Compre THC Live-Diamonds: extractos superiores en l\u00ednea con env\u00edo y entrega en todo el mundo a su ubicaci\u00f3n preferida. Vendemos al por menor y al por mayor nuestro THC.\" \/>\n<meta property=\"og:url\" content=\"https:\/\/medicinasinc.com\/es\/product\/extracto-thc-live-diamonds-superior\/\" \/>\n<meta property=\"og:site_name\" content=\"Medicinas Inc\" \/>\n<meta property=\"article:modified_time\" content=\"2022-03-22T01:05:49+00:00\" \/>\n<meta property=\"og:image\" content=\"https:\/\/medicinasinc.com\/es\/wp-content\/uploads\/sites\/15\/2022\/02\/Buy-THC-Live-Diamonds-Superior-Extract.jpg\" \/>\n\t<meta property=\"og:image:width\" content=\"600\" \/>\n\t<meta property=\"og:image:height\" content=\"600\" \/>\n\t<meta property=\"og:image:type\" content=\"image\/jpeg\" \/>\n<meta name=\"twitter:card\" content=\"summary_large_image\" \/>\n<meta name=\"twitter:label1\" content=\"Tiempo de lectura\" \/>\n\t<meta name=\"twitter:data1\" content=\"1 minuto\" \/>\n<script type=\"application\/ld+json\" class=\"yoast-schema-graph\">{\"@context\":\"https:\\\/\\\/schema.org\",\"@graph\":[{\"@type\":\"WebPage\",\"@id\":\"https:\\\/\\\/medicinasinc.com\\\/es\\\/product\\\/extracto-thc-live-diamonds-superior\\\/\",\"url\":\"https:\\\/\\\/medicinasinc.com\\\/es\\\/product\\\/extracto-thc-live-diamonds-superior\\\/\",\"name\":\"THC Live Diamonds- Extracto superior - Best Best Global Meds\",\"isPartOf\":{\"@id\":\"https:\\\/\\\/medicinasinc.com\\\/es\\\/#website\"},\"primaryImageOfPage\":{\"@id\":\"https:\\\/\\\/medicinasinc.com\\\/es\\\/product\\\/extracto-thc-live-diamonds-superior\\\/#primaryimage\"},\"image\":{\"@id\":\"https:\\\/\\\/medicinasinc.com\\\/es\\\/product\\\/extracto-thc-live-diamonds-superior\\\/#primaryimage\"},\"thumbnailUrl\":\"https:\\\/\\\/medicinasinc.com\\\/es\\\/wp-content\\\/uploads\\\/sites\\\/15\\\/2022\\\/02\\\/Buy-THC-Live-Diamonds-Superior-Extract.jpg\",\"datePublished\":\"2022-02-20T15:19:28+00:00\",\"dateModified\":\"2022-03-22T01:05:49+00:00\",\"description\":\"Compre THC Live-Diamonds: extractos superiores en l\u00ednea con env\u00edo y entrega en todo el mundo a su ubicaci\u00f3n preferida. Vendemos al por menor y al por mayor nuestro THC.\",\"breadcrumb\":{\"@id\":\"https:\\\/\\\/medicinasinc.com\\\/es\\\/product\\\/extracto-thc-live-diamonds-superior\\\/#breadcrumb\"},\"inLanguage\":\"es\",\"potentialAction\":[{\"@type\":\"ReadAction\",\"target\":[\"https:\\\/\\\/medicinasinc.com\\\/es\\\/product\\\/extracto-thc-live-diamonds-superior\\\/\"]}]},{\"@type\":\"ImageObject\",\"inLanguage\":\"es\",\"@id\":\"https:\\\/\\\/medicinasinc.com\\\/es\\\/product\\\/extracto-thc-live-diamonds-superior\\\/#primaryimage\",\"url\":\"https:\\\/\\\/medicinasinc.com\\\/es\\\/wp-content\\\/uploads\\\/sites\\\/15\\\/2022\\\/02\\\/Buy-THC-Live-Diamonds-Superior-Extract.jpg\",\"contentUrl\":\"https:\\\/\\\/medicinasinc.com\\\/es\\\/wp-content\\\/uploads\\\/sites\\\/15\\\/2022\\\/02\\\/Buy-THC-Live-Diamonds-Superior-Extract.jpg\",\"width\":600,\"height\":600},{\"@type\":\"BreadcrumbList\",\"@id\":\"https:\\\/\\\/medicinasinc.com\\\/es\\\/product\\\/extracto-thc-live-diamonds-superior\\\/#breadcrumb\",\"itemListElement\":[{\"@type\":\"ListItem\",\"position\":1,\"name\":\"Tienda\",\"item\":\"https:\\\/\\\/medicinasinc.com\\\/es\\\/tienda\\\/\"},{\"@type\":\"ListItem\",\"position\":2,\"name\":\"THC Live Diamonds &#8211; Extracto superior\"}]},{\"@type\":\"WebSite\",\"@id\":\"https:\\\/\\\/medicinasinc.com\\\/es\\\/#website\",\"url\":\"https:\\\/\\\/medicinasinc.com\\\/es\\\/\",\"name\":\"Medicinas Inc\",\"description\":\"Cl\u00ednica M\u00e9dica de Salud\",\"potentialAction\":[{\"@type\":\"SearchAction\",\"target\":{\"@type\":\"EntryPoint\",\"urlTemplate\":\"https:\\\/\\\/medicinasinc.com\\\/es\\\/?s={search_term_string}\"},\"query-input\":{\"@type\":\"PropertyValueSpecification\",\"valueRequired\":true,\"valueName\":\"search_term_string\"}}],\"inLanguage\":\"es\"}]}<\/script>\n<!-- \/ Yoast SEO plugin. -->","yoast_head_json":{"title":"THC Live Diamonds- Extracto superior - Best Best Global Meds","description":"Compre THC Live-Diamonds: extractos superiores en l\u00ednea con env\u00edo y entrega en todo el mundo a su ubicaci\u00f3n preferida. Vendemos al por menor y al por mayor nuestro THC.","robots":{"index":"index","follow":"follow","max-snippet":"max-snippet:-1","max-image-preview":"max-image-preview:large","max-video-preview":"max-video-preview:-1"},"canonical":"https:\/\/medicinasinc.com\/es\/product\/extracto-thc-live-diamonds-superior\/","og_locale":"es_ES","og_type":"article","og_title":"THC Live Diamonds- Extracto superior - Best Best Global Meds","og_description":"Compre THC Live-Diamonds: extractos superiores en l\u00ednea con env\u00edo y entrega en todo el mundo a su ubicaci\u00f3n preferida. Vendemos al por menor y al por mayor nuestro THC.","og_url":"https:\/\/medicinasinc.com\/es\/product\/extracto-thc-live-diamonds-superior\/","og_site_name":"Medicinas Inc","article_modified_time":"2022-03-22T01:05:49+00:00","og_image":[{"width":600,"height":600,"url":"https:\/\/medicinasinc.com\/es\/wp-content\/uploads\/sites\/15\/2022\/02\/Buy-THC-Live-Diamonds-Superior-Extract.jpg","type":"image\/jpeg"}],"twitter_card":"summary_large_image","twitter_misc":{"Tiempo de lectura":"1 minuto"},"schema":{"@context":"https:\/\/schema.org","@graph":[{"@type":"WebPage","@id":"https:\/\/medicinasinc.com\/es\/product\/extracto-thc-live-diamonds-superior\/","url":"https:\/\/medicinasinc.com\/es\/product\/extracto-thc-live-diamonds-superior\/","name":"THC Live Diamonds- Extracto superior - Best Best Global Meds","isPartOf":{"@id":"https:\/\/medicinasinc.com\/es\/#website"},"primaryImageOfPage":{"@id":"https:\/\/medicinasinc.com\/es\/product\/extracto-thc-live-diamonds-superior\/#primaryimage"},"image":{"@id":"https:\/\/medicinasinc.com\/es\/product\/extracto-thc-live-diamonds-superior\/#primaryimage"},"thumbnailUrl":"https:\/\/medicinasinc.com\/es\/wp-content\/uploads\/sites\/15\/2022\/02\/Buy-THC-Live-Diamonds-Superior-Extract.jpg","datePublished":"2022-02-20T15:19:28+00:00","dateModified":"2022-03-22T01:05:49+00:00","description":"Compre THC Live-Diamonds: extractos superiores en l\u00ednea con env\u00edo y entrega en todo el mundo a su ubicaci\u00f3n preferida. Vendemos al por menor y al por mayor nuestro THC.","breadcrumb":{"@id":"https:\/\/medicinasinc.com\/es\/product\/extracto-thc-live-diamonds-superior\/#breadcrumb"},"inLanguage":"es","potentialAction":[{"@type":"ReadAction","target":["https:\/\/medicinasinc.com\/es\/product\/extracto-thc-live-diamonds-superior\/"]}]},{"@type":"ImageObject","inLanguage":"es","@id":"https:\/\/medicinasinc.com\/es\/product\/extracto-thc-live-diamonds-superior\/#primaryimage","url":"https:\/\/medicinasinc.com\/es\/wp-content\/uploads\/sites\/15\/2022\/02\/Buy-THC-Live-Diamonds-Superior-Extract.jpg","contentUrl":"https:\/\/medicinasinc.com\/es\/wp-content\/uploads\/sites\/15\/2022\/02\/Buy-THC-Live-Diamonds-Superior-Extract.jpg","width":600,"height":600},{"@type":"BreadcrumbList","@id":"https:\/\/medicinasinc.com\/es\/product\/extracto-thc-live-diamonds-superior\/#breadcrumb","itemListElement":[{"@type":"ListItem","position":1,"name":"Tienda","item":"https:\/\/medicinasinc.com\/es\/tienda\/"},{"@type":"ListItem","position":2,"name":"THC Live Diamonds &#8211; Extracto superior"}]},{"@type":"WebSite","@id":"https:\/\/medicinasinc.com\/es\/#website","url":"https:\/\/medicinasinc.com\/es\/","name":"Medicinas Inc","description":"Cl\u00ednica M\u00e9dica de Salud","potentialAction":[{"@type":"SearchAction","target":{"@type":"EntryPoint","urlTemplate":"https:\/\/medicinasinc.com\/es\/?s={search_term_string}"},"query-input":{"@type":"PropertyValueSpecification","valueRequired":true,"valueName":"search_term_string"}}],"inLanguage":"es"}]}},"_links":{"self":[{"href":"https:\/\/medicinasinc.com\/es\/wp-json\/wp\/v2\/product\/4734","targetHints":{"allow":["GET"]}}],"collection":[{"href":"https:\/\/medicinasinc.com\/es\/wp-json\/wp\/v2\/product"}],"about":[{"href":"https:\/\/medicinasinc.com\/es\/wp-json\/wp\/v2\/types\/product"}],"replies":[{"embeddable":true,"href":"https:\/\/medicinasinc.com\/es\/wp-json\/wp\/v2\/comments?post=4734"}],"wp:featuredmedia":[{"embeddable":true,"href":"https:\/\/medicinasinc.com\/es\/wp-json\/wp\/v2\/media\/4747"}],"wp:attachment":[{"href":"https:\/\/medicinasinc.com\/es\/wp-json\/wp\/v2\/media?parent=4734"}],"wp:term":[{"taxonomy":"product_brand","embeddable":true,"href":"https:\/\/medicinasinc.com\/es\/wp-json\/wp\/v2\/product_brand?post=4734"},{"taxonomy":"product_cat","embeddable":true,"href":"https:\/\/medicinasinc.com\/es\/wp-json\/wp\/v2\/product_cat?post=4734"},{"taxonomy":"product_tag","embeddable":true,"href":"https:\/\/medicinasinc.com\/es\/wp-json\/wp\/v2\/product_tag?post=4734"}],"curies":[{"name":"wp","href":"https:\/\/api.w.org\/{rel}","templated":true}]}}