{"id":4733,"date":"2022-02-20T15:18:37","date_gmt":"2022-02-20T15:18:37","guid":{"rendered":"https:\/\/medicinasinc.com\/es\/?post_type=product&#038;p=4733"},"modified":"2022-03-22T01:05:59","modified_gmt":"2022-03-22T01:05:59","slug":"comprar-pink-kush-hachis","status":"publish","type":"product","link":"https:\/\/medicinasinc.com\/es\/product\/comprar-pink-kush-hachis\/","title":{"rendered":"Comprar Hach\u00eds Pink Kush"},"content":{"rendered":"<p>Compra en l\u00ednea de hach\u00eds Pink Kush<\/p>\n<p>Antes de comprar hach\u00eds legal en l\u00ednea, es fundamental comprender qu\u00e9 es, c\u00f3mo se relaciona con el cannabis y qu\u00e9 lo distingue de otros productos de marihuana. Hach\u00eds, otro t\u00e9rmino para \u00abhach\u00eds\u00bb, es un concentrado de cannabis que se transmite a trav\u00e9s de la brea de una planta de marihuana. Esto se logra separando los \u00f3rganos de savia de una planta de cannabis, que se denominan colectivamente tricomas, de sus flores. Se sabe que estos tricomas contienen las concentraciones m\u00e1s altas de cannabinoides y terpenos, que son los compuestos qu\u00edmicos responsables de las propiedades y caracter\u00edsticas \u00fanicas de Maryjane. Debido a la alta concentraci\u00f3n de cannabinoides y terpenos en el hach\u00eds, posee una capacidad extraordinaria para crear encuentros psicoactivos y medicinales alucinantes para los clientes de cannabis. El aceite de hach\u00eds es una forma altamente concentrada de cannabis que se puede fumar, vaporizar, consumir o frotar sobre la piel. Ocasionalmente, el uso de aceite de hach\u00eds se denomina \u00abalcanzar\u00bb o \u00abconsumir\u00bb. El aceite de hach\u00eds se deriva de plantas de cannabis y contiene THC (delta-9-tetrahidrocannabinol), el mismo compuesto revolucionario que se encuentra en otros productos Maryjane.<\/p>\n<p>En cualquier caso, el aceite de hach\u00eds es m\u00e1s potente, con un contenido de hasta un 90 %. THC puro. Por supuesto, en otras partes de la planta de cannabis, la concentraci\u00f3n t\u00edpica de THC es de alrededor del 12%. Confianza<\/p>\n<p>La extracci\u00f3n de CO2 es actualmente el m\u00e9todo m\u00e1s efectivo para extraer aceite de THC. Adem\u00e1s, es el m\u00e9todo m\u00e1s com\u00fan y seguro para producir camiones de aceite, destilado y chicle vivo de cannabis. La raz\u00f3n por la que es tan frecuente en estos d\u00edas es que este aceite de THC no contiene solventes adicionales como licor o butano.<\/p>\n<p>La mayor\u00eda de los aceites de THC contienen una especie de preparaci\u00f3n decreciente. Esto es necesario para garantizar que el aceite mantenga una consistencia ideal para vapear. Los agentes reductores m\u00e1s efectivos son la glicerina vegetal y el propilenglicol (VG y PG), que se encuentran com\u00fanmente en los e-l\u00edquidos convencionales. Algunos contienen varios rellenos, como PEG y, mucho m\u00e1s recientemente, TEC Temper, que es otra condici\u00f3n derivada de los terpenos convencionales. El aceite de hach\u00eds est\u00e1 disponible para su compra.<\/p>\n","protected":false},"excerpt":{"rendered":"<p>Comprar Pink Kush Hash a la venta en el Reino Unido, Europa en l\u00ednea. Pink Kush, tan codiciada como su pariente OG Kush, es un h\u00edbrido de dominancia \u00edndica con potentes efectos centrados en el cuerpo. \u00a1Ordene en l\u00ednea AHORA!<\/p>\n<ul>\n<li>Env\u00edo a todo el mundo<\/li>\n<li>Cont\u00e1ctenos para pedidos m\u00e1s grandes<\/li>\n<\/ul>\n","protected":false},"featured_media":4745,"comment_status":"open","ping_status":"closed","template":"","meta":[],"product_brand":[],"product_cat":[610],"product_tag":[],"class_list":{"0":"post-4733","1":"product","2":"type-product","3":"status-publish","4":"has-post-thumbnail","6":"product_cat-comprar-hachis-hachis","8":"first","9":"instock","10":"shipping-taxable","11":"purchasable","12":"product-type-variable","13":"has-default-attributes"},"yoast_head":"<!-- This site is optimized with the Yoast SEO plugin v27.3 - https:\/\/yoast.com\/product\/yoast-seo-wordpress\/ -->\n<title>Comprar Pink Kush Hash en l\u00ednea - Best Best Global Meds<\/title>\n<meta name=\"description\" content=\"Compre Pink Kush Hash a la venta en el Reino Unido, Europa en l\u00ednea. Pink Kush, tan codiciada como su pariente OG Kush, es un h\u00edbrido de dominancia \u00edndica con potentes efectos centrados en el cuerpo. Ordene en l\u00ednea AHORA!\" \/>\n<meta name=\"robots\" content=\"index, follow, max-snippet:-1, max-image-preview:large, max-video-preview:-1\" \/>\n<link rel=\"canonical\" href=\"https:\/\/medicinasinc.com\/es\/product\/comprar-pink-kush-hachis\/\" \/>\n<meta property=\"og:locale\" content=\"es_ES\" \/>\n<meta property=\"og:type\" content=\"article\" \/>\n<meta property=\"og:title\" content=\"Comprar Pink Kush Hash en l\u00ednea - Best Best Global Meds\" \/>\n<meta property=\"og:description\" content=\"Compre Pink Kush Hash a la venta en el Reino Unido, Europa en l\u00ednea. Pink Kush, tan codiciada como su pariente OG Kush, es un h\u00edbrido de dominancia \u00edndica con potentes efectos centrados en el cuerpo. Ordene en l\u00ednea AHORA!\" \/>\n<meta property=\"og:url\" content=\"https:\/\/medicinasinc.com\/es\/product\/comprar-pink-kush-hachis\/\" \/>\n<meta property=\"og:site_name\" content=\"Medicinas Inc\" \/>\n<meta property=\"article:modified_time\" content=\"2022-03-22T01:05:59+00:00\" \/>\n<meta property=\"og:image\" content=\"https:\/\/medicinasinc.com\/es\/wp-content\/uploads\/sites\/15\/2022\/02\/buy-pink-kush-hash.jpg\" \/>\n\t<meta property=\"og:image:width\" content=\"600\" \/>\n\t<meta property=\"og:image:height\" content=\"600\" \/>\n\t<meta property=\"og:image:type\" content=\"image\/jpeg\" \/>\n<meta name=\"twitter:card\" content=\"summary_large_image\" \/>\n<meta name=\"twitter:label1\" content=\"Tiempo de lectura\" \/>\n\t<meta name=\"twitter:data1\" content=\"2 minutos\" \/>\n<script type=\"application\/ld+json\" class=\"yoast-schema-graph\">{\"@context\":\"https:\\\/\\\/schema.org\",\"@graph\":[{\"@type\":\"WebPage\",\"@id\":\"https:\\\/\\\/medicinasinc.com\\\/es\\\/product\\\/comprar-pink-kush-hachis\\\/\",\"url\":\"https:\\\/\\\/medicinasinc.com\\\/es\\\/product\\\/comprar-pink-kush-hachis\\\/\",\"name\":\"Comprar Pink Kush Hash en l\u00ednea - Best Best Global Meds\",\"isPartOf\":{\"@id\":\"https:\\\/\\\/medicinasinc.com\\\/es\\\/#website\"},\"primaryImageOfPage\":{\"@id\":\"https:\\\/\\\/medicinasinc.com\\\/es\\\/product\\\/comprar-pink-kush-hachis\\\/#primaryimage\"},\"image\":{\"@id\":\"https:\\\/\\\/medicinasinc.com\\\/es\\\/product\\\/comprar-pink-kush-hachis\\\/#primaryimage\"},\"thumbnailUrl\":\"https:\\\/\\\/medicinasinc.com\\\/es\\\/wp-content\\\/uploads\\\/sites\\\/15\\\/2022\\\/02\\\/buy-pink-kush-hash.jpg\",\"datePublished\":\"2022-02-20T15:18:37+00:00\",\"dateModified\":\"2022-03-22T01:05:59+00:00\",\"description\":\"Compre Pink Kush Hash a la venta en el Reino Unido, Europa en l\u00ednea. Pink Kush, tan codiciada como su pariente OG Kush, es un h\u00edbrido de dominancia \u00edndica con potentes efectos centrados en el cuerpo. Ordene en l\u00ednea AHORA!\",\"breadcrumb\":{\"@id\":\"https:\\\/\\\/medicinasinc.com\\\/es\\\/product\\\/comprar-pink-kush-hachis\\\/#breadcrumb\"},\"inLanguage\":\"es\",\"potentialAction\":[{\"@type\":\"ReadAction\",\"target\":[\"https:\\\/\\\/medicinasinc.com\\\/es\\\/product\\\/comprar-pink-kush-hachis\\\/\"]}]},{\"@type\":\"ImageObject\",\"inLanguage\":\"es\",\"@id\":\"https:\\\/\\\/medicinasinc.com\\\/es\\\/product\\\/comprar-pink-kush-hachis\\\/#primaryimage\",\"url\":\"https:\\\/\\\/medicinasinc.com\\\/es\\\/wp-content\\\/uploads\\\/sites\\\/15\\\/2022\\\/02\\\/buy-pink-kush-hash.jpg\",\"contentUrl\":\"https:\\\/\\\/medicinasinc.com\\\/es\\\/wp-content\\\/uploads\\\/sites\\\/15\\\/2022\\\/02\\\/buy-pink-kush-hash.jpg\",\"width\":600,\"height\":600},{\"@type\":\"BreadcrumbList\",\"@id\":\"https:\\\/\\\/medicinasinc.com\\\/es\\\/product\\\/comprar-pink-kush-hachis\\\/#breadcrumb\",\"itemListElement\":[{\"@type\":\"ListItem\",\"position\":1,\"name\":\"Tienda\",\"item\":\"https:\\\/\\\/medicinasinc.com\\\/es\\\/tienda\\\/\"},{\"@type\":\"ListItem\",\"position\":2,\"name\":\"Comprar Hach\u00eds Pink Kush\"}]},{\"@type\":\"WebSite\",\"@id\":\"https:\\\/\\\/medicinasinc.com\\\/es\\\/#website\",\"url\":\"https:\\\/\\\/medicinasinc.com\\\/es\\\/\",\"name\":\"Medicinas Inc\",\"description\":\"Cl\u00ednica M\u00e9dica de Salud\",\"potentialAction\":[{\"@type\":\"SearchAction\",\"target\":{\"@type\":\"EntryPoint\",\"urlTemplate\":\"https:\\\/\\\/medicinasinc.com\\\/es\\\/?s={search_term_string}\"},\"query-input\":{\"@type\":\"PropertyValueSpecification\",\"valueRequired\":true,\"valueName\":\"search_term_string\"}}],\"inLanguage\":\"es\"}]}<\/script>\n<!-- \/ Yoast SEO plugin. -->","yoast_head_json":{"title":"Comprar Pink Kush Hash en l\u00ednea - Best Best Global Meds","description":"Compre Pink Kush Hash a la venta en el Reino Unido, Europa en l\u00ednea. Pink Kush, tan codiciada como su pariente OG Kush, es un h\u00edbrido de dominancia \u00edndica con potentes efectos centrados en el cuerpo. Ordene en l\u00ednea AHORA!","robots":{"index":"index","follow":"follow","max-snippet":"max-snippet:-1","max-image-preview":"max-image-preview:large","max-video-preview":"max-video-preview:-1"},"canonical":"https:\/\/medicinasinc.com\/es\/product\/comprar-pink-kush-hachis\/","og_locale":"es_ES","og_type":"article","og_title":"Comprar Pink Kush Hash en l\u00ednea - Best Best Global Meds","og_description":"Compre Pink Kush Hash a la venta en el Reino Unido, Europa en l\u00ednea. Pink Kush, tan codiciada como su pariente OG Kush, es un h\u00edbrido de dominancia \u00edndica con potentes efectos centrados en el cuerpo. Ordene en l\u00ednea AHORA!","og_url":"https:\/\/medicinasinc.com\/es\/product\/comprar-pink-kush-hachis\/","og_site_name":"Medicinas Inc","article_modified_time":"2022-03-22T01:05:59+00:00","og_image":[{"width":600,"height":600,"url":"https:\/\/medicinasinc.com\/es\/wp-content\/uploads\/sites\/15\/2022\/02\/buy-pink-kush-hash.jpg","type":"image\/jpeg"}],"twitter_card":"summary_large_image","twitter_misc":{"Tiempo de lectura":"2 minutos"},"schema":{"@context":"https:\/\/schema.org","@graph":[{"@type":"WebPage","@id":"https:\/\/medicinasinc.com\/es\/product\/comprar-pink-kush-hachis\/","url":"https:\/\/medicinasinc.com\/es\/product\/comprar-pink-kush-hachis\/","name":"Comprar Pink Kush Hash en l\u00ednea - Best Best Global Meds","isPartOf":{"@id":"https:\/\/medicinasinc.com\/es\/#website"},"primaryImageOfPage":{"@id":"https:\/\/medicinasinc.com\/es\/product\/comprar-pink-kush-hachis\/#primaryimage"},"image":{"@id":"https:\/\/medicinasinc.com\/es\/product\/comprar-pink-kush-hachis\/#primaryimage"},"thumbnailUrl":"https:\/\/medicinasinc.com\/es\/wp-content\/uploads\/sites\/15\/2022\/02\/buy-pink-kush-hash.jpg","datePublished":"2022-02-20T15:18:37+00:00","dateModified":"2022-03-22T01:05:59+00:00","description":"Compre Pink Kush Hash a la venta en el Reino Unido, Europa en l\u00ednea. Pink Kush, tan codiciada como su pariente OG Kush, es un h\u00edbrido de dominancia \u00edndica con potentes efectos centrados en el cuerpo. Ordene en l\u00ednea AHORA!","breadcrumb":{"@id":"https:\/\/medicinasinc.com\/es\/product\/comprar-pink-kush-hachis\/#breadcrumb"},"inLanguage":"es","potentialAction":[{"@type":"ReadAction","target":["https:\/\/medicinasinc.com\/es\/product\/comprar-pink-kush-hachis\/"]}]},{"@type":"ImageObject","inLanguage":"es","@id":"https:\/\/medicinasinc.com\/es\/product\/comprar-pink-kush-hachis\/#primaryimage","url":"https:\/\/medicinasinc.com\/es\/wp-content\/uploads\/sites\/15\/2022\/02\/buy-pink-kush-hash.jpg","contentUrl":"https:\/\/medicinasinc.com\/es\/wp-content\/uploads\/sites\/15\/2022\/02\/buy-pink-kush-hash.jpg","width":600,"height":600},{"@type":"BreadcrumbList","@id":"https:\/\/medicinasinc.com\/es\/product\/comprar-pink-kush-hachis\/#breadcrumb","itemListElement":[{"@type":"ListItem","position":1,"name":"Tienda","item":"https:\/\/medicinasinc.com\/es\/tienda\/"},{"@type":"ListItem","position":2,"name":"Comprar Hach\u00eds Pink Kush"}]},{"@type":"WebSite","@id":"https:\/\/medicinasinc.com\/es\/#website","url":"https:\/\/medicinasinc.com\/es\/","name":"Medicinas Inc","description":"Cl\u00ednica M\u00e9dica de Salud","potentialAction":[{"@type":"SearchAction","target":{"@type":"EntryPoint","urlTemplate":"https:\/\/medicinasinc.com\/es\/?s={search_term_string}"},"query-input":{"@type":"PropertyValueSpecification","valueRequired":true,"valueName":"search_term_string"}}],"inLanguage":"es"}]}},"_links":{"self":[{"href":"https:\/\/medicinasinc.com\/es\/wp-json\/wp\/v2\/product\/4733","targetHints":{"allow":["GET"]}}],"collection":[{"href":"https:\/\/medicinasinc.com\/es\/wp-json\/wp\/v2\/product"}],"about":[{"href":"https:\/\/medicinasinc.com\/es\/wp-json\/wp\/v2\/types\/product"}],"replies":[{"embeddable":true,"href":"https:\/\/medicinasinc.com\/es\/wp-json\/wp\/v2\/comments?post=4733"}],"wp:featuredmedia":[{"embeddable":true,"href":"https:\/\/medicinasinc.com\/es\/wp-json\/wp\/v2\/media\/4745"}],"wp:attachment":[{"href":"https:\/\/medicinasinc.com\/es\/wp-json\/wp\/v2\/media?parent=4733"}],"wp:term":[{"taxonomy":"product_brand","embeddable":true,"href":"https:\/\/medicinasinc.com\/es\/wp-json\/wp\/v2\/product_brand?post=4733"},{"taxonomy":"product_cat","embeddable":true,"href":"https:\/\/medicinasinc.com\/es\/wp-json\/wp\/v2\/product_cat?post=4733"},{"taxonomy":"product_tag","embeddable":true,"href":"https:\/\/medicinasinc.com\/es\/wp-json\/wp\/v2\/product_tag?post=4733"}],"curies":[{"name":"wp","href":"https:\/\/api.w.org\/{rel}","templated":true}]}}