{"id":4717,"date":"2022-02-20T15:05:15","date_gmt":"2022-02-20T15:05:15","guid":{"rendered":"https:\/\/medicinasinc.com\/es\/?post_type=product&#038;p=4717"},"modified":"2022-03-22T01:06:07","modified_gmt":"2022-03-22T01:06:07","slug":"comprar-nepales-stick-hachis","status":"publish","type":"product","link":"https:\/\/medicinasinc.com\/es\/product\/comprar-nepales-stick-hachis\/","title":{"rendered":"Comprar hach\u00eds palo nepal\u00ed"},"content":{"rendered":"<p>Compra en l\u00ednea de Nepalese Stick Hash<\/p>\n<p>Nepalese Stick Hash se prepara de la misma manera que Temple Balls. Las plantas de cannabis las cultivan. Primero se recolectan y cosechan los cogollos o las flores de cannabis. Frota estos cogollos entre tus manos para extraer las resinas o tricomas. Temple Balls se crean a partir de las resinas obtenidas. Luego, las bolas del templo se presionan contra un estante o losa gruesa y dura.<\/p>\n<p>El hach\u00eds Nepalese Stick es negro por fuera y marr\u00f3n por dentro. Contienen casi un 15-20% de THC. Estos son altamente concentrados y tienen un sabor especiado o dulce.<\/p>\n<p>Efectos:<\/p>\n<p>Los efectos de Stick Hash generalmente dependen de las concentraciones de THC y resina. Tienen una tendencia a elevar la temperatura de su cuerpo y elevarlo a un nivel peligrosamente alto, incluso en peque\u00f1as cantidades. Por lo general, es seguro de usar y tiene una vida media de 6 a 7 horas. Estos palos de hach\u00eds son ideales para aquellos que necesitan mantenerse colocados durante un per\u00edodo prolongado de tiempo.<\/p>\n<p>C\u00f3mo utilizar:<\/p>\n<p>Nepalese Stick Hash es un producto de Nepal. Se pueden fumar, infundir en una pipa, incorporar en comestibles o vapear. Cuando Stick Hash se usa en comestibles, tarda aproximadamente 1-2 horas en hacer efecto y mostrar los efectos.<\/p>\n<p>\u00bfD\u00f3nde puedo comprar Nepalese Stick Hash en Internet?<\/p>\n<p>Puede comprar Stick Hash nepal\u00ed reci\u00e9n preparado en nuestro sitio web. Le proporcionamos sticks de hach\u00eds extremadamente potentes y de alta calidad. Estos se producen de forma natural en Nepal. Puedes adquirirlos a un precio razonable y recibirlos r\u00e1pidamente.<\/p>\n","protected":false},"excerpt":{"rendered":"<p>Comprar Stick Hash de Nepal en l\u00ednea Nepal\u00ed se refiere a cualquier cepa que crece ingenuamente en la regi\u00f3n de Nepal. Ordene Weed Online, estas variedades aut\u00f3ctonas.<\/p>\n","protected":false},"featured_media":4730,"comment_status":"open","ping_status":"closed","template":"","meta":[],"product_brand":[],"product_cat":[610],"product_tag":[],"class_list":{"0":"post-4717","1":"product","2":"type-product","3":"status-publish","4":"has-post-thumbnail","6":"product_cat-comprar-hachis-hachis","8":"first","9":"instock","10":"shipping-taxable","11":"purchasable","12":"product-type-variable","13":"has-default-attributes"},"yoast_head":"<!-- This site is optimized with the Yoast SEO plugin v27.3 - https:\/\/yoast.com\/product\/yoast-seo-wordpress\/ -->\n<title>Comprar hach\u00eds en barra de Nepal - Best Best Global Meds<\/title>\n<meta name=\"description\" content=\"Compre Nepalese Stick Hash en l\u00ednea Nepal\u00e9s se refiere a cualquier cepa que crece ingenuamente en la regi\u00f3n de Nepal. Solicite Weed en l\u00ednea, estas variedades aut\u00f3ctonas.\" \/>\n<meta name=\"robots\" content=\"index, follow, max-snippet:-1, max-image-preview:large, max-video-preview:-1\" \/>\n<link rel=\"canonical\" href=\"https:\/\/medicinasinc.com\/es\/product\/comprar-nepales-stick-hachis\/\" \/>\n<meta property=\"og:locale\" content=\"es_ES\" \/>\n<meta property=\"og:type\" content=\"article\" \/>\n<meta property=\"og:title\" content=\"Comprar hach\u00eds en barra de Nepal - Best Best Global Meds\" \/>\n<meta property=\"og:description\" content=\"Compre Nepalese Stick Hash en l\u00ednea Nepal\u00e9s se refiere a cualquier cepa que crece ingenuamente en la regi\u00f3n de Nepal. Solicite Weed en l\u00ednea, estas variedades aut\u00f3ctonas.\" \/>\n<meta property=\"og:url\" content=\"https:\/\/medicinasinc.com\/es\/product\/comprar-nepales-stick-hachis\/\" \/>\n<meta property=\"og:site_name\" content=\"Medicinas Inc\" \/>\n<meta property=\"article:modified_time\" content=\"2022-03-22T01:06:07+00:00\" \/>\n<meta property=\"og:image\" content=\"https:\/\/medicinasinc.com\/es\/wp-content\/uploads\/sites\/15\/2022\/02\/Buy-Nepalese-Stick-Hash.jpg\" \/>\n\t<meta property=\"og:image:width\" content=\"600\" \/>\n\t<meta property=\"og:image:height\" content=\"600\" \/>\n\t<meta property=\"og:image:type\" content=\"image\/jpeg\" \/>\n<meta name=\"twitter:card\" content=\"summary_large_image\" \/>\n<meta name=\"twitter:label1\" content=\"Tiempo de lectura\" \/>\n\t<meta name=\"twitter:data1\" content=\"2 minutos\" \/>\n<script type=\"application\/ld+json\" class=\"yoast-schema-graph\">{\"@context\":\"https:\\\/\\\/schema.org\",\"@graph\":[{\"@type\":\"WebPage\",\"@id\":\"https:\\\/\\\/medicinasinc.com\\\/es\\\/product\\\/comprar-nepales-stick-hachis\\\/\",\"url\":\"https:\\\/\\\/medicinasinc.com\\\/es\\\/product\\\/comprar-nepales-stick-hachis\\\/\",\"name\":\"Comprar hach\u00eds en barra de Nepal - Best Best Global Meds\",\"isPartOf\":{\"@id\":\"https:\\\/\\\/medicinasinc.com\\\/es\\\/#website\"},\"primaryImageOfPage\":{\"@id\":\"https:\\\/\\\/medicinasinc.com\\\/es\\\/product\\\/comprar-nepales-stick-hachis\\\/#primaryimage\"},\"image\":{\"@id\":\"https:\\\/\\\/medicinasinc.com\\\/es\\\/product\\\/comprar-nepales-stick-hachis\\\/#primaryimage\"},\"thumbnailUrl\":\"https:\\\/\\\/medicinasinc.com\\\/es\\\/wp-content\\\/uploads\\\/sites\\\/15\\\/2022\\\/02\\\/Buy-Nepalese-Stick-Hash.jpg\",\"datePublished\":\"2022-02-20T15:05:15+00:00\",\"dateModified\":\"2022-03-22T01:06:07+00:00\",\"description\":\"Compre Nepalese Stick Hash en l\u00ednea Nepal\u00e9s se refiere a cualquier cepa que crece ingenuamente en la regi\u00f3n de Nepal. Solicite Weed en l\u00ednea, estas variedades aut\u00f3ctonas.\",\"breadcrumb\":{\"@id\":\"https:\\\/\\\/medicinasinc.com\\\/es\\\/product\\\/comprar-nepales-stick-hachis\\\/#breadcrumb\"},\"inLanguage\":\"es\",\"potentialAction\":[{\"@type\":\"ReadAction\",\"target\":[\"https:\\\/\\\/medicinasinc.com\\\/es\\\/product\\\/comprar-nepales-stick-hachis\\\/\"]}]},{\"@type\":\"ImageObject\",\"inLanguage\":\"es\",\"@id\":\"https:\\\/\\\/medicinasinc.com\\\/es\\\/product\\\/comprar-nepales-stick-hachis\\\/#primaryimage\",\"url\":\"https:\\\/\\\/medicinasinc.com\\\/es\\\/wp-content\\\/uploads\\\/sites\\\/15\\\/2022\\\/02\\\/Buy-Nepalese-Stick-Hash.jpg\",\"contentUrl\":\"https:\\\/\\\/medicinasinc.com\\\/es\\\/wp-content\\\/uploads\\\/sites\\\/15\\\/2022\\\/02\\\/Buy-Nepalese-Stick-Hash.jpg\",\"width\":600,\"height\":600},{\"@type\":\"BreadcrumbList\",\"@id\":\"https:\\\/\\\/medicinasinc.com\\\/es\\\/product\\\/comprar-nepales-stick-hachis\\\/#breadcrumb\",\"itemListElement\":[{\"@type\":\"ListItem\",\"position\":1,\"name\":\"Tienda\",\"item\":\"https:\\\/\\\/medicinasinc.com\\\/es\\\/tienda\\\/\"},{\"@type\":\"ListItem\",\"position\":2,\"name\":\"Comprar hach\u00eds palo nepal\u00ed\"}]},{\"@type\":\"WebSite\",\"@id\":\"https:\\\/\\\/medicinasinc.com\\\/es\\\/#website\",\"url\":\"https:\\\/\\\/medicinasinc.com\\\/es\\\/\",\"name\":\"Medicinas Inc\",\"description\":\"Cl\u00ednica M\u00e9dica de Salud\",\"potentialAction\":[{\"@type\":\"SearchAction\",\"target\":{\"@type\":\"EntryPoint\",\"urlTemplate\":\"https:\\\/\\\/medicinasinc.com\\\/es\\\/?s={search_term_string}\"},\"query-input\":{\"@type\":\"PropertyValueSpecification\",\"valueRequired\":true,\"valueName\":\"search_term_string\"}}],\"inLanguage\":\"es\"}]}<\/script>\n<!-- \/ Yoast SEO plugin. -->","yoast_head_json":{"title":"Comprar hach\u00eds en barra de Nepal - Best Best Global Meds","description":"Compre Nepalese Stick Hash en l\u00ednea Nepal\u00e9s se refiere a cualquier cepa que crece ingenuamente en la regi\u00f3n de Nepal. Solicite Weed en l\u00ednea, estas variedades aut\u00f3ctonas.","robots":{"index":"index","follow":"follow","max-snippet":"max-snippet:-1","max-image-preview":"max-image-preview:large","max-video-preview":"max-video-preview:-1"},"canonical":"https:\/\/medicinasinc.com\/es\/product\/comprar-nepales-stick-hachis\/","og_locale":"es_ES","og_type":"article","og_title":"Comprar hach\u00eds en barra de Nepal - Best Best Global Meds","og_description":"Compre Nepalese Stick Hash en l\u00ednea Nepal\u00e9s se refiere a cualquier cepa que crece ingenuamente en la regi\u00f3n de Nepal. Solicite Weed en l\u00ednea, estas variedades aut\u00f3ctonas.","og_url":"https:\/\/medicinasinc.com\/es\/product\/comprar-nepales-stick-hachis\/","og_site_name":"Medicinas Inc","article_modified_time":"2022-03-22T01:06:07+00:00","og_image":[{"width":600,"height":600,"url":"https:\/\/medicinasinc.com\/es\/wp-content\/uploads\/sites\/15\/2022\/02\/Buy-Nepalese-Stick-Hash.jpg","type":"image\/jpeg"}],"twitter_card":"summary_large_image","twitter_misc":{"Tiempo de lectura":"2 minutos"},"schema":{"@context":"https:\/\/schema.org","@graph":[{"@type":"WebPage","@id":"https:\/\/medicinasinc.com\/es\/product\/comprar-nepales-stick-hachis\/","url":"https:\/\/medicinasinc.com\/es\/product\/comprar-nepales-stick-hachis\/","name":"Comprar hach\u00eds en barra de Nepal - Best Best Global Meds","isPartOf":{"@id":"https:\/\/medicinasinc.com\/es\/#website"},"primaryImageOfPage":{"@id":"https:\/\/medicinasinc.com\/es\/product\/comprar-nepales-stick-hachis\/#primaryimage"},"image":{"@id":"https:\/\/medicinasinc.com\/es\/product\/comprar-nepales-stick-hachis\/#primaryimage"},"thumbnailUrl":"https:\/\/medicinasinc.com\/es\/wp-content\/uploads\/sites\/15\/2022\/02\/Buy-Nepalese-Stick-Hash.jpg","datePublished":"2022-02-20T15:05:15+00:00","dateModified":"2022-03-22T01:06:07+00:00","description":"Compre Nepalese Stick Hash en l\u00ednea Nepal\u00e9s se refiere a cualquier cepa que crece ingenuamente en la regi\u00f3n de Nepal. Solicite Weed en l\u00ednea, estas variedades aut\u00f3ctonas.","breadcrumb":{"@id":"https:\/\/medicinasinc.com\/es\/product\/comprar-nepales-stick-hachis\/#breadcrumb"},"inLanguage":"es","potentialAction":[{"@type":"ReadAction","target":["https:\/\/medicinasinc.com\/es\/product\/comprar-nepales-stick-hachis\/"]}]},{"@type":"ImageObject","inLanguage":"es","@id":"https:\/\/medicinasinc.com\/es\/product\/comprar-nepales-stick-hachis\/#primaryimage","url":"https:\/\/medicinasinc.com\/es\/wp-content\/uploads\/sites\/15\/2022\/02\/Buy-Nepalese-Stick-Hash.jpg","contentUrl":"https:\/\/medicinasinc.com\/es\/wp-content\/uploads\/sites\/15\/2022\/02\/Buy-Nepalese-Stick-Hash.jpg","width":600,"height":600},{"@type":"BreadcrumbList","@id":"https:\/\/medicinasinc.com\/es\/product\/comprar-nepales-stick-hachis\/#breadcrumb","itemListElement":[{"@type":"ListItem","position":1,"name":"Tienda","item":"https:\/\/medicinasinc.com\/es\/tienda\/"},{"@type":"ListItem","position":2,"name":"Comprar hach\u00eds palo nepal\u00ed"}]},{"@type":"WebSite","@id":"https:\/\/medicinasinc.com\/es\/#website","url":"https:\/\/medicinasinc.com\/es\/","name":"Medicinas Inc","description":"Cl\u00ednica M\u00e9dica de Salud","potentialAction":[{"@type":"SearchAction","target":{"@type":"EntryPoint","urlTemplate":"https:\/\/medicinasinc.com\/es\/?s={search_term_string}"},"query-input":{"@type":"PropertyValueSpecification","valueRequired":true,"valueName":"search_term_string"}}],"inLanguage":"es"}]}},"_links":{"self":[{"href":"https:\/\/medicinasinc.com\/es\/wp-json\/wp\/v2\/product\/4717","targetHints":{"allow":["GET"]}}],"collection":[{"href":"https:\/\/medicinasinc.com\/es\/wp-json\/wp\/v2\/product"}],"about":[{"href":"https:\/\/medicinasinc.com\/es\/wp-json\/wp\/v2\/types\/product"}],"replies":[{"embeddable":true,"href":"https:\/\/medicinasinc.com\/es\/wp-json\/wp\/v2\/comments?post=4717"}],"wp:featuredmedia":[{"embeddable":true,"href":"https:\/\/medicinasinc.com\/es\/wp-json\/wp\/v2\/media\/4730"}],"wp:attachment":[{"href":"https:\/\/medicinasinc.com\/es\/wp-json\/wp\/v2\/media?parent=4717"}],"wp:term":[{"taxonomy":"product_brand","embeddable":true,"href":"https:\/\/medicinasinc.com\/es\/wp-json\/wp\/v2\/product_brand?post=4717"},{"taxonomy":"product_cat","embeddable":true,"href":"https:\/\/medicinasinc.com\/es\/wp-json\/wp\/v2\/product_cat?post=4717"},{"taxonomy":"product_tag","embeddable":true,"href":"https:\/\/medicinasinc.com\/es\/wp-json\/wp\/v2\/product_tag?post=4717"}],"curies":[{"name":"wp","href":"https:\/\/api.w.org\/{rel}","templated":true}]}}