{"id":4716,"date":"2022-02-20T15:05:01","date_gmt":"2022-02-20T15:05:01","guid":{"rendered":"https:\/\/medicinasinc.com\/es\/?post_type=product&#038;p=4716"},"modified":"2022-03-22T01:06:21","modified_gmt":"2022-03-22T01:06:21","slug":"comprar-nederhash-hachis","status":"publish","type":"product","link":"https:\/\/medicinasinc.com\/es\/product\/comprar-nederhash-hachis\/","title":{"rendered":"Comprar Hach\u00eds Nederhash"},"content":{"rendered":"<p>Compra online de Hach\u00eds Nederhash<\/p>\n<p>\u00bfQu\u00e9 es exactamente un hach\u00eds? El hach\u00eds se extrae de plantas de cannabis cultivadas en los Pa\u00edses Bajos. Por lo general, las plantas se cultivan en interiores, pero tambi\u00e9n hay algunos desarrollos en exteriores e invernaderos. Generaci\u00f3n: Las t\u00e9cnicas de montaje var\u00edan seg\u00fan el fabricante. Si bien la mayor\u00eda del hach\u00eds se entrega a trav\u00e9s de cribado, como es el caso en Marruecos, tambi\u00e9n se produce una peque\u00f1a cantidad de hach\u00eds lavado a mano utilizando la estrategia afgana (que obviamente ha mejorado enormemente). En cualquier caso, solo se altera una peque\u00f1a cantidad de Weed en Hashish. Sombreado: Generalmente muy verde, pero esto var\u00eda seg\u00fan el tipo de Weed utilizado y el fabricante. Olor: T\u00edpicamente a hierba o skunk, pero esto depende del tipo de Weed. Sabor: Id\u00e9ntico al comentado anteriormente. Consistencia: una gran parte del hach\u00eds holand\u00e9s no se exprime con precisi\u00f3n (esto es mano de obra), y los hocicos generalmente se separan con demasiada eficacia. En cualquier caso, la consistencia ha mejorado recientemente y parecen adaptarse r\u00e1pidamente. Obviamente, lo anterior no se refiere al hach\u00eds lavado a mano, que es extremadamente delicado, similar al afgano. Por lo general, el hach\u00eds se compone de cabezas femeninas que han sido aplastadas y exprimidas bajo enormes cargas para crear una fuerte irregularidad que se pulveriza por completo. El tipo de subid\u00f3n var\u00eda seg\u00fan la cepa de Weed utilizada, pero en su mayor parte, el subid\u00f3n es muy din\u00e1mico y cerebral. Intensidad: De potente a poderoso, este material supera a cualquier otro tipo de Hash disponible para el usuario promedio. Incluso supera a la mayor\u00eda de los nepal\u00edes ya casi todos los afganos ben\u00e9volos. (Contiene hasta un 59 por ciento de THC) Disponibilidad: Extremadamente rara fuera de los Pa\u00edses Bajos y los pa\u00edses vecinos. No aguantar\u00eda la respiraci\u00f3n esperando que esto apareciera en el mercado brit\u00e1nico. En general, la calidad var\u00eda, pero el costo siempre es alto. No existe una clasificaci\u00f3n est\u00e1ndar para el hash holand\u00e9s. Sensi-Hash es el nombre que se le da al extraordinario polvo, que es esencialmente gemas de THC muy densamente empaquetadas.<\/p>\n<p>\u00bfC\u00f3mo se crea el hach\u00eds?<\/p>\n<p>La mayor\u00eda del hach\u00eds se produce frotando plantas secas contra una malla muy fina. Despu\u00e9s de eso, los tricomas caen por el tamiz, separ\u00e1ndolos del material vegetal. Luego, las gl\u00e1ndulas de resina se calientan y comprimen para formar una masa cohesiva de hach\u00eds.<\/p>\n<p>\u00bfHach\u00eds vs. marihuana?<\/p>\n<p>Para empezar, la conexi\u00f3n obvia entre la marihuana y el hach\u00eds es que ambos se derivan de la misma planta de cannabis. Como probablemente ya sepas, la marihuana es el capullo floral de la planta de cannabis hembra. El hash weed se compone de los mismos cogollos que la marihuana, pero se procesa de forma diferente. Mientras una planta de cannabis est\u00e1 en plena floraci\u00f3n, se cosechan los botones florales y el agricultor proceder\u00e1 en una de dos direcciones. En el caso del hach\u00eds, las flores se colgar\u00e1n para que se sequen. El producto resultante es la planta con la que todos estamos familiarizados, despu\u00e9s de eliminar cada semilla, primavera y exceso de hoja. Depende totalmente de ti si prefieres la marihuana o el hach\u00eds, pero la \u00fanica forma de acceder a todos los beneficios del cannabis es a trav\u00e9s de la educaci\u00f3n personal. Realice una investigaci\u00f3n antes de fumar y, como siempre, suscr\u00edbase a nuestro bolet\u00edn para obtener m\u00e1s consejos y trucos.<\/p>\n<p>\u00bfQu\u00e9 es exactamente el hach\u00eds?<\/p>\n<p>\u00bfQu\u00e9 es una sustancia de hach\u00eds? El hach\u00eds, tambi\u00e9n conocido como \u00abhach\u00eds\u00bb, es un tipo de cogollo de marihuana creado al comprimir y procesar los tricomas de la planta de cannabis. Por lo general, se fuma en pipa, bong, vaporizador o porro, pero tambi\u00e9n se puede consumir por v\u00eda oral. \u00bfC\u00f3mo se produce el hach\u00eds? Compra online de Hach\u00eds Nederhash. El hach\u00eds se produce separando estos tricomas de los cogollos, las hojas y los tallos de la planta y calent\u00e1ndolos\/prens\u00e1ndolos para crear una sustancia potente.<\/p>\n<p>\u00bfC\u00f3mo liar un porro con hach\u00eds?<\/p>\n<p> p&gt; <\/p>\n<p>Comb\u00ednalo con hierba y tabaco en un canuto. Si tiene un bloque seco, simplemente puede triturarlo o romper peque\u00f1os guijarros e incorporarlo a su liado de porros. Comb\u00ednalo con tabaco o marihuana. El segundo m\u00e9todo implica un subid\u00f3n m\u00e1s intenso, que es probable que busques si eres un buscador de aventuras. La mejor manera de liar un porro de hach\u00eds es romper el hach\u00eds y combinarlo con hierba. Esta es verdaderamente la mejor manera de fumar hach\u00eds porque es f\u00e1cil de compartir y el sabor del hach\u00eds realza el doobie. \u00bfEs legal el hach\u00eds en los Estados Unidos? Aunque la venta de cannabis se prohibi\u00f3 en 1989, las leyes rara vez se hacen cumplir y la droga se vende abiertamente en muchas partes del pa\u00eds. Barbados, legal para uso espiritual por parte de organizaciones religiosas registradas<\/p>\n<p>\u00bfCu\u00e1les son los efectos del hach\u00eds?<\/p>\n<p>A corto plazo, el consumo de hach\u00eds puede provocar dificultades con la memoria y el aprendizaje; percepci\u00f3n distorsionada (vistas, sonidos, tiempo, tacto); dificultad para pensar y resolver problemas; p\u00e9rdida de coordinaci\u00f3n; y aumento del ritmo card\u00edaco, ansiedad y ataques de p\u00e1nico. Debido a la alta concentraci\u00f3n de THC en el hach\u00eds y otros concentrados, los efectos pueden ser m\u00e1s intensos.<\/p>\n<p>El bubble hach\u00eds es un concentrado de cannabis compuesto por miles de tricomas, o gl\u00e1ndulas resinosas, que se han extra\u00eddo del planta usando agua helada, agitaci\u00f3n y un colador. El t\u00e9rmino \u00abhach\u00eds de burbujas\u00bb se refiere a la forma en que burbujea cuando se expone a las llamas. Adem\u00e1s, las bolsas que se utilizan para hacerla en casa se denominan \u00abbolsas de burbujas\u00bb.<\/p>\n<p>La Hash Plant, un cl\u00e1sico de Sensi Seeds, se mantiene compacta durante su per\u00edodo de floraci\u00f3n ultracorto. Este producto 90% India es el resultado de una meticulosa selecci\u00f3n gen\u00e9tica, que incluy\u00f3 el cruce de la enigm\u00e1tica Hash Plant de Estados Unidos con Northern Lights.<\/p>\n","protected":false},"excerpt":{"rendered":"<p>Compra en l\u00ednea de Hach\u00eds Nederhash,\u00a0comprar marihuana medicinal en Alemania \u00bfD\u00f3nde puedo comprar drogas ilegales en l\u00ednea? Farmacias en l\u00ednea cerca de m\u00ed Venta de medicamentos en la web oscura.<\/p>\n<p>&nbsp;<\/p>\n","protected":false},"featured_media":4728,"comment_status":"open","ping_status":"closed","template":"","meta":[],"product_brand":[],"product_cat":[610],"product_tag":[],"class_list":{"0":"post-4716","1":"product","2":"type-product","3":"status-publish","4":"has-post-thumbnail","6":"product_cat-comprar-hachis-hachis","8":"first","9":"instock","10":"shipping-taxable","11":"purchasable","12":"product-type-variable","13":"has-default-attributes"},"yoast_head":"<!-- This site is optimized with the Yoast SEO plugin v27.2 - https:\/\/yoast.com\/product\/yoast-seo-wordpress\/ -->\n<title>Comprar Hach\u00eds Nederhash - Best Best Global Meds<\/title>\n<meta name=\"description\" content=\"Compre Nederhash Hashish en l\u00ednea Compre hierba medicinal en Alemania D\u00f3nde comprar drogas ilegales en l\u00ednea Drogas a la venta en l\u00ednea cerca de m\u00ed Drogas de las ventas de la Dark web.\" \/>\n<meta name=\"robots\" content=\"index, follow, max-snippet:-1, max-image-preview:large, max-video-preview:-1\" \/>\n<link rel=\"canonical\" href=\"https:\/\/medicinasinc.com\/es\/product\/comprar-nederhash-hachis\/\" \/>\n<meta property=\"og:locale\" content=\"es_ES\" \/>\n<meta property=\"og:type\" content=\"article\" \/>\n<meta property=\"og:title\" content=\"Comprar Hach\u00eds Nederhash - Best Best Global Meds\" \/>\n<meta property=\"og:description\" content=\"Compre Nederhash Hashish en l\u00ednea Compre hierba medicinal en Alemania D\u00f3nde comprar drogas ilegales en l\u00ednea Drogas a la venta en l\u00ednea cerca de m\u00ed Drogas de las ventas de la Dark web.\" \/>\n<meta property=\"og:url\" content=\"https:\/\/medicinasinc.com\/es\/product\/comprar-nederhash-hachis\/\" \/>\n<meta property=\"og:site_name\" content=\"Medicinas Inc\" \/>\n<meta property=\"article:modified_time\" content=\"2022-03-22T01:06:21+00:00\" \/>\n<meta property=\"og:image\" content=\"https:\/\/medicinasinc.com\/es\/wp-content\/uploads\/sites\/15\/2022\/02\/Buy-Nederhash-Hashish-Online.jpg\" \/>\n\t<meta property=\"og:image:width\" content=\"600\" \/>\n\t<meta property=\"og:image:height\" content=\"600\" \/>\n\t<meta property=\"og:image:type\" content=\"image\/jpeg\" \/>\n<meta name=\"twitter:card\" content=\"summary_large_image\" \/>\n<meta name=\"twitter:label1\" content=\"Tiempo de lectura\" \/>\n\t<meta name=\"twitter:data1\" content=\"4 minutos\" \/>\n<script type=\"application\/ld+json\" class=\"yoast-schema-graph\">{\"@context\":\"https:\/\/schema.org\",\"@graph\":[{\"@type\":\"WebPage\",\"@id\":\"https:\/\/medicinasinc.com\/es\/product\/comprar-nederhash-hachis\/\",\"url\":\"https:\/\/medicinasinc.com\/es\/product\/comprar-nederhash-hachis\/\",\"name\":\"Comprar Hach\u00eds Nederhash - Best Best Global Meds\",\"isPartOf\":{\"@id\":\"https:\/\/medicinasinc.com\/es\/#website\"},\"primaryImageOfPage\":{\"@id\":\"https:\/\/medicinasinc.com\/es\/product\/comprar-nederhash-hachis\/#primaryimage\"},\"image\":{\"@id\":\"https:\/\/medicinasinc.com\/es\/product\/comprar-nederhash-hachis\/#primaryimage\"},\"thumbnailUrl\":\"https:\/\/medicinasinc.com\/es\/wp-content\/uploads\/sites\/15\/2022\/02\/Buy-Nederhash-Hashish-Online.jpg\",\"datePublished\":\"2022-02-20T15:05:01+00:00\",\"dateModified\":\"2022-03-22T01:06:21+00:00\",\"description\":\"Compre Nederhash Hashish en l\u00ednea Compre hierba medicinal en Alemania D\u00f3nde comprar drogas ilegales en l\u00ednea Drogas a la venta en l\u00ednea cerca de m\u00ed Drogas de las ventas de la Dark web.\",\"breadcrumb\":{\"@id\":\"https:\/\/medicinasinc.com\/es\/product\/comprar-nederhash-hachis\/#breadcrumb\"},\"inLanguage\":\"es\",\"potentialAction\":[{\"@type\":\"ReadAction\",\"target\":[\"https:\/\/medicinasinc.com\/es\/product\/comprar-nederhash-hachis\/\"]}]},{\"@type\":\"ImageObject\",\"inLanguage\":\"es\",\"@id\":\"https:\/\/medicinasinc.com\/es\/product\/comprar-nederhash-hachis\/#primaryimage\",\"url\":\"https:\/\/medicinasinc.com\/es\/wp-content\/uploads\/sites\/15\/2022\/02\/Buy-Nederhash-Hashish-Online.jpg\",\"contentUrl\":\"https:\/\/medicinasinc.com\/es\/wp-content\/uploads\/sites\/15\/2022\/02\/Buy-Nederhash-Hashish-Online.jpg\",\"width\":600,\"height\":600},{\"@type\":\"BreadcrumbList\",\"@id\":\"https:\/\/medicinasinc.com\/es\/product\/comprar-nederhash-hachis\/#breadcrumb\",\"itemListElement\":[{\"@type\":\"ListItem\",\"position\":1,\"name\":\"Tienda\",\"item\":\"https:\/\/medicinasinc.com\/es\/tienda\/\"},{\"@type\":\"ListItem\",\"position\":2,\"name\":\"Comprar Hach\u00eds Nederhash\"}]},{\"@type\":\"WebSite\",\"@id\":\"https:\/\/medicinasinc.com\/es\/#website\",\"url\":\"https:\/\/medicinasinc.com\/es\/\",\"name\":\"Medicinas Inc\",\"description\":\"Cl\u00ednica M\u00e9dica de Salud\",\"potentialAction\":[{\"@type\":\"SearchAction\",\"target\":{\"@type\":\"EntryPoint\",\"urlTemplate\":\"https:\/\/medicinasinc.com\/es\/?s={search_term_string}\"},\"query-input\":{\"@type\":\"PropertyValueSpecification\",\"valueRequired\":true,\"valueName\":\"search_term_string\"}}],\"inLanguage\":\"es\"}]}<\/script>\n<!-- \/ Yoast SEO plugin. -->","yoast_head_json":{"title":"Comprar Hach\u00eds Nederhash - Best Best Global Meds","description":"Compre Nederhash Hashish en l\u00ednea Compre hierba medicinal en Alemania D\u00f3nde comprar drogas ilegales en l\u00ednea Drogas a la venta en l\u00ednea cerca de m\u00ed Drogas de las ventas de la Dark web.","robots":{"index":"index","follow":"follow","max-snippet":"max-snippet:-1","max-image-preview":"max-image-preview:large","max-video-preview":"max-video-preview:-1"},"canonical":"https:\/\/medicinasinc.com\/es\/product\/comprar-nederhash-hachis\/","og_locale":"es_ES","og_type":"article","og_title":"Comprar Hach\u00eds Nederhash - Best Best Global Meds","og_description":"Compre Nederhash Hashish en l\u00ednea Compre hierba medicinal en Alemania D\u00f3nde comprar drogas ilegales en l\u00ednea Drogas a la venta en l\u00ednea cerca de m\u00ed Drogas de las ventas de la Dark web.","og_url":"https:\/\/medicinasinc.com\/es\/product\/comprar-nederhash-hachis\/","og_site_name":"Medicinas Inc","article_modified_time":"2022-03-22T01:06:21+00:00","og_image":[{"width":600,"height":600,"url":"https:\/\/medicinasinc.com\/es\/wp-content\/uploads\/sites\/15\/2022\/02\/Buy-Nederhash-Hashish-Online.jpg","type":"image\/jpeg"}],"twitter_card":"summary_large_image","twitter_misc":{"Tiempo de lectura":"4 minutos"},"schema":{"@context":"https:\/\/schema.org","@graph":[{"@type":"WebPage","@id":"https:\/\/medicinasinc.com\/es\/product\/comprar-nederhash-hachis\/","url":"https:\/\/medicinasinc.com\/es\/product\/comprar-nederhash-hachis\/","name":"Comprar Hach\u00eds Nederhash - Best Best Global Meds","isPartOf":{"@id":"https:\/\/medicinasinc.com\/es\/#website"},"primaryImageOfPage":{"@id":"https:\/\/medicinasinc.com\/es\/product\/comprar-nederhash-hachis\/#primaryimage"},"image":{"@id":"https:\/\/medicinasinc.com\/es\/product\/comprar-nederhash-hachis\/#primaryimage"},"thumbnailUrl":"https:\/\/medicinasinc.com\/es\/wp-content\/uploads\/sites\/15\/2022\/02\/Buy-Nederhash-Hashish-Online.jpg","datePublished":"2022-02-20T15:05:01+00:00","dateModified":"2022-03-22T01:06:21+00:00","description":"Compre Nederhash Hashish en l\u00ednea Compre hierba medicinal en Alemania D\u00f3nde comprar drogas ilegales en l\u00ednea Drogas a la venta en l\u00ednea cerca de m\u00ed Drogas de las ventas de la Dark web.","breadcrumb":{"@id":"https:\/\/medicinasinc.com\/es\/product\/comprar-nederhash-hachis\/#breadcrumb"},"inLanguage":"es","potentialAction":[{"@type":"ReadAction","target":["https:\/\/medicinasinc.com\/es\/product\/comprar-nederhash-hachis\/"]}]},{"@type":"ImageObject","inLanguage":"es","@id":"https:\/\/medicinasinc.com\/es\/product\/comprar-nederhash-hachis\/#primaryimage","url":"https:\/\/medicinasinc.com\/es\/wp-content\/uploads\/sites\/15\/2022\/02\/Buy-Nederhash-Hashish-Online.jpg","contentUrl":"https:\/\/medicinasinc.com\/es\/wp-content\/uploads\/sites\/15\/2022\/02\/Buy-Nederhash-Hashish-Online.jpg","width":600,"height":600},{"@type":"BreadcrumbList","@id":"https:\/\/medicinasinc.com\/es\/product\/comprar-nederhash-hachis\/#breadcrumb","itemListElement":[{"@type":"ListItem","position":1,"name":"Tienda","item":"https:\/\/medicinasinc.com\/es\/tienda\/"},{"@type":"ListItem","position":2,"name":"Comprar Hach\u00eds Nederhash"}]},{"@type":"WebSite","@id":"https:\/\/medicinasinc.com\/es\/#website","url":"https:\/\/medicinasinc.com\/es\/","name":"Medicinas Inc","description":"Cl\u00ednica M\u00e9dica de Salud","potentialAction":[{"@type":"SearchAction","target":{"@type":"EntryPoint","urlTemplate":"https:\/\/medicinasinc.com\/es\/?s={search_term_string}"},"query-input":{"@type":"PropertyValueSpecification","valueRequired":true,"valueName":"search_term_string"}}],"inLanguage":"es"}]}},"_links":{"self":[{"href":"https:\/\/medicinasinc.com\/es\/wp-json\/wp\/v2\/product\/4716","targetHints":{"allow":["GET"]}}],"collection":[{"href":"https:\/\/medicinasinc.com\/es\/wp-json\/wp\/v2\/product"}],"about":[{"href":"https:\/\/medicinasinc.com\/es\/wp-json\/wp\/v2\/types\/product"}],"replies":[{"embeddable":true,"href":"https:\/\/medicinasinc.com\/es\/wp-json\/wp\/v2\/comments?post=4716"}],"wp:featuredmedia":[{"embeddable":true,"href":"https:\/\/medicinasinc.com\/es\/wp-json\/wp\/v2\/media\/4728"}],"wp:attachment":[{"href":"https:\/\/medicinasinc.com\/es\/wp-json\/wp\/v2\/media?parent=4716"}],"wp:term":[{"taxonomy":"product_brand","embeddable":true,"href":"https:\/\/medicinasinc.com\/es\/wp-json\/wp\/v2\/product_brand?post=4716"},{"taxonomy":"product_cat","embeddable":true,"href":"https:\/\/medicinasinc.com\/es\/wp-json\/wp\/v2\/product_cat?post=4716"},{"taxonomy":"product_tag","embeddable":true,"href":"https:\/\/medicinasinc.com\/es\/wp-json\/wp\/v2\/product_tag?post=4716"}],"curies":[{"name":"wp","href":"https:\/\/api.w.org\/{rel}","templated":true}]}}