{"id":4701,"date":"2022-02-20T14:53:39","date_gmt":"2022-02-20T14:53:39","guid":{"rendered":"https:\/\/medicinasinc.com\/es\/?post_type=product&#038;p=4701"},"modified":"2022-03-22T01:06:30","modified_gmt":"2022-03-22T01:06:30","slug":"comprar-marroqui-caramello-hash","status":"publish","type":"product","link":"https:\/\/medicinasinc.com\/es\/product\/comprar-marroqui-caramello-hash\/","title":{"rendered":"Comprar Hach\u00eds Caramelo Marroqu\u00ed"},"content":{"rendered":"<p>Comprar Caramello Hash de Marruecos<\/p>\n<p>Comprar Caramello Hash de Marruecos. Marroqu\u00ed Caramello Hash es un clon de la planta de hach\u00eds. Es, en general, legal, y seguir\u00e1 siendo legal hasta el final de los tiempos. Est\u00e1 libre de THC, cannabinoides modificados y otros cannabinoides sint\u00e9ticos de grado de investigaci\u00f3n (como JWH-018, JWH-073, JWH-250, AM-2209, etc.). Es casi seguro que es el mejor hach\u00eds legal disponible. Solo utilizamos materiales naturales y ricos en nutrientes. Parece que el hach\u00eds parece hach\u00eds, se siente como hach\u00eds, huele a c\u00e1\u00f1amo y tiene un sabor excelente en general. El hach\u00eds marroqu\u00ed Caramello Hash es solo un poco m\u00e1s oscuro que nuestros otros productos. Si tiene curiosidad acerca de nuestros productos, le recomendamos comprar primero un paquete de ejemplo. Compre medicamentos legales en l\u00ednea.<\/p>\n","protected":false},"excerpt":{"rendered":"<div class=\"woocommerce-product-details__short-description\">\n<p>Moroccan Caramello Hash est\u00e1 disponible para comprar en l\u00ednea y contiene 5 g de aceite esencial de c\u00e1\u00f1amo. Moroccan Caramello Hash es un producto de cannabis totalmente natural.<\/p>\n<p>S\u00d3LO ACEPTAMOS PAGOS A TRAV\u00c9S DE WESTERN UNION, MONEY GRAM O BTC. El tiempo de entrega es de aproximadamente tres d\u00edas o veinticuatro horas.<\/p>\n<\/p><\/div>\n","protected":false},"featured_media":4714,"comment_status":"open","ping_status":"closed","template":"","meta":[],"product_brand":[],"product_cat":[610],"product_tag":[],"class_list":{"0":"post-4701","1":"product","2":"type-product","3":"status-publish","4":"has-post-thumbnail","6":"product_cat-comprar-hachis-hachis","8":"first","9":"instock","10":"shipping-taxable","11":"purchasable","12":"product-type-variable","13":"has-default-attributes"},"yoast_head":"<!-- This site is optimized with the Yoast SEO plugin v27.3 - https:\/\/yoast.com\/product\/yoast-seo-wordpress\/ -->\n<title>Comprar hach\u00eds de Caramello marroqu\u00ed - Best Best Global Meds<\/title>\n<meta name=\"description\" content=\"Comprar Hach\u00eds de Caramello Marroqu\u00ed Online, contiene 5g de aceite esencial de c\u00e1\u00f1amo. El Caramello Hash Marroqu\u00ed es un producto de hach\u00eds 100% natural.\" \/>\n<meta name=\"robots\" content=\"index, follow, max-snippet:-1, max-image-preview:large, max-video-preview:-1\" \/>\n<link rel=\"canonical\" href=\"https:\/\/medicinasinc.com\/es\/product\/comprar-marroqui-caramello-hash\/\" \/>\n<meta property=\"og:locale\" content=\"es_ES\" \/>\n<meta property=\"og:type\" content=\"article\" \/>\n<meta property=\"og:title\" content=\"Comprar hach\u00eds de Caramello marroqu\u00ed - Best Best Global Meds\" \/>\n<meta property=\"og:description\" content=\"Comprar Hach\u00eds de Caramello Marroqu\u00ed Online, contiene 5g de aceite esencial de c\u00e1\u00f1amo. El Caramello Hash Marroqu\u00ed es un producto de hach\u00eds 100% natural.\" \/>\n<meta property=\"og:url\" content=\"https:\/\/medicinasinc.com\/es\/product\/comprar-marroqui-caramello-hash\/\" \/>\n<meta property=\"og:site_name\" content=\"Medicinas Inc\" \/>\n<meta property=\"article:modified_time\" content=\"2022-03-22T01:06:30+00:00\" \/>\n<meta property=\"og:image\" content=\"https:\/\/medicinasinc.com\/es\/wp-content\/uploads\/sites\/15\/2022\/02\/Buy-Moroccan-Caramello-Hash.jpg\" \/>\n\t<meta property=\"og:image:width\" content=\"600\" \/>\n\t<meta property=\"og:image:height\" content=\"600\" \/>\n\t<meta property=\"og:image:type\" content=\"image\/jpeg\" \/>\n<meta name=\"twitter:card\" content=\"summary_large_image\" \/>\n<meta name=\"twitter:label1\" content=\"Tiempo de lectura\" \/>\n\t<meta name=\"twitter:data1\" content=\"1 minuto\" \/>\n<script type=\"application\/ld+json\" class=\"yoast-schema-graph\">{\"@context\":\"https:\\\/\\\/schema.org\",\"@graph\":[{\"@type\":\"WebPage\",\"@id\":\"https:\\\/\\\/medicinasinc.com\\\/es\\\/product\\\/comprar-marroqui-caramello-hash\\\/\",\"url\":\"https:\\\/\\\/medicinasinc.com\\\/es\\\/product\\\/comprar-marroqui-caramello-hash\\\/\",\"name\":\"Comprar hach\u00eds de Caramello marroqu\u00ed - Best Best Global Meds\",\"isPartOf\":{\"@id\":\"https:\\\/\\\/medicinasinc.com\\\/es\\\/#website\"},\"primaryImageOfPage\":{\"@id\":\"https:\\\/\\\/medicinasinc.com\\\/es\\\/product\\\/comprar-marroqui-caramello-hash\\\/#primaryimage\"},\"image\":{\"@id\":\"https:\\\/\\\/medicinasinc.com\\\/es\\\/product\\\/comprar-marroqui-caramello-hash\\\/#primaryimage\"},\"thumbnailUrl\":\"https:\\\/\\\/medicinasinc.com\\\/es\\\/wp-content\\\/uploads\\\/sites\\\/15\\\/2022\\\/02\\\/Buy-Moroccan-Caramello-Hash.jpg\",\"datePublished\":\"2022-02-20T14:53:39+00:00\",\"dateModified\":\"2022-03-22T01:06:30+00:00\",\"description\":\"Comprar Hach\u00eds de Caramello Marroqu\u00ed Online, contiene 5g de aceite esencial de c\u00e1\u00f1amo. El Caramello Hash Marroqu\u00ed es un producto de hach\u00eds 100% natural.\",\"breadcrumb\":{\"@id\":\"https:\\\/\\\/medicinasinc.com\\\/es\\\/product\\\/comprar-marroqui-caramello-hash\\\/#breadcrumb\"},\"inLanguage\":\"es\",\"potentialAction\":[{\"@type\":\"ReadAction\",\"target\":[\"https:\\\/\\\/medicinasinc.com\\\/es\\\/product\\\/comprar-marroqui-caramello-hash\\\/\"]}]},{\"@type\":\"ImageObject\",\"inLanguage\":\"es\",\"@id\":\"https:\\\/\\\/medicinasinc.com\\\/es\\\/product\\\/comprar-marroqui-caramello-hash\\\/#primaryimage\",\"url\":\"https:\\\/\\\/medicinasinc.com\\\/es\\\/wp-content\\\/uploads\\\/sites\\\/15\\\/2022\\\/02\\\/Buy-Moroccan-Caramello-Hash.jpg\",\"contentUrl\":\"https:\\\/\\\/medicinasinc.com\\\/es\\\/wp-content\\\/uploads\\\/sites\\\/15\\\/2022\\\/02\\\/Buy-Moroccan-Caramello-Hash.jpg\",\"width\":600,\"height\":600},{\"@type\":\"BreadcrumbList\",\"@id\":\"https:\\\/\\\/medicinasinc.com\\\/es\\\/product\\\/comprar-marroqui-caramello-hash\\\/#breadcrumb\",\"itemListElement\":[{\"@type\":\"ListItem\",\"position\":1,\"name\":\"Tienda\",\"item\":\"https:\\\/\\\/medicinasinc.com\\\/es\\\/tienda\\\/\"},{\"@type\":\"ListItem\",\"position\":2,\"name\":\"Comprar Hach\u00eds Caramelo Marroqu\u00ed\"}]},{\"@type\":\"WebSite\",\"@id\":\"https:\\\/\\\/medicinasinc.com\\\/es\\\/#website\",\"url\":\"https:\\\/\\\/medicinasinc.com\\\/es\\\/\",\"name\":\"Medicinas Inc\",\"description\":\"Cl\u00ednica M\u00e9dica de Salud\",\"potentialAction\":[{\"@type\":\"SearchAction\",\"target\":{\"@type\":\"EntryPoint\",\"urlTemplate\":\"https:\\\/\\\/medicinasinc.com\\\/es\\\/?s={search_term_string}\"},\"query-input\":{\"@type\":\"PropertyValueSpecification\",\"valueRequired\":true,\"valueName\":\"search_term_string\"}}],\"inLanguage\":\"es\"}]}<\/script>\n<!-- \/ Yoast SEO plugin. -->","yoast_head_json":{"title":"Comprar hach\u00eds de Caramello marroqu\u00ed - Best Best Global Meds","description":"Comprar Hach\u00eds de Caramello Marroqu\u00ed Online, contiene 5g de aceite esencial de c\u00e1\u00f1amo. El Caramello Hash Marroqu\u00ed es un producto de hach\u00eds 100% natural.","robots":{"index":"index","follow":"follow","max-snippet":"max-snippet:-1","max-image-preview":"max-image-preview:large","max-video-preview":"max-video-preview:-1"},"canonical":"https:\/\/medicinasinc.com\/es\/product\/comprar-marroqui-caramello-hash\/","og_locale":"es_ES","og_type":"article","og_title":"Comprar hach\u00eds de Caramello marroqu\u00ed - Best Best Global Meds","og_description":"Comprar Hach\u00eds de Caramello Marroqu\u00ed Online, contiene 5g de aceite esencial de c\u00e1\u00f1amo. El Caramello Hash Marroqu\u00ed es un producto de hach\u00eds 100% natural.","og_url":"https:\/\/medicinasinc.com\/es\/product\/comprar-marroqui-caramello-hash\/","og_site_name":"Medicinas Inc","article_modified_time":"2022-03-22T01:06:30+00:00","og_image":[{"width":600,"height":600,"url":"https:\/\/medicinasinc.com\/es\/wp-content\/uploads\/sites\/15\/2022\/02\/Buy-Moroccan-Caramello-Hash.jpg","type":"image\/jpeg"}],"twitter_card":"summary_large_image","twitter_misc":{"Tiempo de lectura":"1 minuto"},"schema":{"@context":"https:\/\/schema.org","@graph":[{"@type":"WebPage","@id":"https:\/\/medicinasinc.com\/es\/product\/comprar-marroqui-caramello-hash\/","url":"https:\/\/medicinasinc.com\/es\/product\/comprar-marroqui-caramello-hash\/","name":"Comprar hach\u00eds de Caramello marroqu\u00ed - Best Best Global Meds","isPartOf":{"@id":"https:\/\/medicinasinc.com\/es\/#website"},"primaryImageOfPage":{"@id":"https:\/\/medicinasinc.com\/es\/product\/comprar-marroqui-caramello-hash\/#primaryimage"},"image":{"@id":"https:\/\/medicinasinc.com\/es\/product\/comprar-marroqui-caramello-hash\/#primaryimage"},"thumbnailUrl":"https:\/\/medicinasinc.com\/es\/wp-content\/uploads\/sites\/15\/2022\/02\/Buy-Moroccan-Caramello-Hash.jpg","datePublished":"2022-02-20T14:53:39+00:00","dateModified":"2022-03-22T01:06:30+00:00","description":"Comprar Hach\u00eds de Caramello Marroqu\u00ed Online, contiene 5g de aceite esencial de c\u00e1\u00f1amo. El Caramello Hash Marroqu\u00ed es un producto de hach\u00eds 100% natural.","breadcrumb":{"@id":"https:\/\/medicinasinc.com\/es\/product\/comprar-marroqui-caramello-hash\/#breadcrumb"},"inLanguage":"es","potentialAction":[{"@type":"ReadAction","target":["https:\/\/medicinasinc.com\/es\/product\/comprar-marroqui-caramello-hash\/"]}]},{"@type":"ImageObject","inLanguage":"es","@id":"https:\/\/medicinasinc.com\/es\/product\/comprar-marroqui-caramello-hash\/#primaryimage","url":"https:\/\/medicinasinc.com\/es\/wp-content\/uploads\/sites\/15\/2022\/02\/Buy-Moroccan-Caramello-Hash.jpg","contentUrl":"https:\/\/medicinasinc.com\/es\/wp-content\/uploads\/sites\/15\/2022\/02\/Buy-Moroccan-Caramello-Hash.jpg","width":600,"height":600},{"@type":"BreadcrumbList","@id":"https:\/\/medicinasinc.com\/es\/product\/comprar-marroqui-caramello-hash\/#breadcrumb","itemListElement":[{"@type":"ListItem","position":1,"name":"Tienda","item":"https:\/\/medicinasinc.com\/es\/tienda\/"},{"@type":"ListItem","position":2,"name":"Comprar Hach\u00eds Caramelo Marroqu\u00ed"}]},{"@type":"WebSite","@id":"https:\/\/medicinasinc.com\/es\/#website","url":"https:\/\/medicinasinc.com\/es\/","name":"Medicinas Inc","description":"Cl\u00ednica M\u00e9dica de Salud","potentialAction":[{"@type":"SearchAction","target":{"@type":"EntryPoint","urlTemplate":"https:\/\/medicinasinc.com\/es\/?s={search_term_string}"},"query-input":{"@type":"PropertyValueSpecification","valueRequired":true,"valueName":"search_term_string"}}],"inLanguage":"es"}]}},"_links":{"self":[{"href":"https:\/\/medicinasinc.com\/es\/wp-json\/wp\/v2\/product\/4701","targetHints":{"allow":["GET"]}}],"collection":[{"href":"https:\/\/medicinasinc.com\/es\/wp-json\/wp\/v2\/product"}],"about":[{"href":"https:\/\/medicinasinc.com\/es\/wp-json\/wp\/v2\/types\/product"}],"replies":[{"embeddable":true,"href":"https:\/\/medicinasinc.com\/es\/wp-json\/wp\/v2\/comments?post=4701"}],"wp:featuredmedia":[{"embeddable":true,"href":"https:\/\/medicinasinc.com\/es\/wp-json\/wp\/v2\/media\/4714"}],"wp:attachment":[{"href":"https:\/\/medicinasinc.com\/es\/wp-json\/wp\/v2\/media?parent=4701"}],"wp:term":[{"taxonomy":"product_brand","embeddable":true,"href":"https:\/\/medicinasinc.com\/es\/wp-json\/wp\/v2\/product_brand?post=4701"},{"taxonomy":"product_cat","embeddable":true,"href":"https:\/\/medicinasinc.com\/es\/wp-json\/wp\/v2\/product_cat?post=4701"},{"taxonomy":"product_tag","embeddable":true,"href":"https:\/\/medicinasinc.com\/es\/wp-json\/wp\/v2\/product_tag?post=4701"}],"curies":[{"name":"wp","href":"https:\/\/api.w.org\/{rel}","templated":true}]}}