{"id":4700,"date":"2022-02-20T14:53:18","date_gmt":"2022-02-20T14:53:18","guid":{"rendered":"https:\/\/medicinasinc.com\/es\/?post_type=product&#038;p=4700"},"modified":"2022-03-22T01:06:41","modified_gmt":"2022-03-22T01:06:41","slug":"comprar-marroqui-primero-hachis","status":"publish","type":"product","link":"https:\/\/medicinasinc.com\/es\/product\/comprar-marroqui-primero-hachis\/","title":{"rendered":"Comprar Primero hach\u00eds marroqu\u00ed"},"content":{"rendered":"<p>Comprar Primo Hash marroqu\u00ed<\/p>\n<p>Comprar Primo Hash marroqu\u00ed. Moroccan Primero Hash es un respetable clon de hach\u00eds. Es, en general, legal, y seguir\u00e1 siendo legal hasta el final de los tiempos. Est\u00e1 libre de THC, cannabinoides sint\u00e9ticos y otros sint\u00e9ticos de investigaci\u00f3n (como JWH-018, JWH-073, JWH-250, AM-2209, etc.). Es presumiblemente el mejor clon de hach\u00eds legal disponible. Solo utilizamos materiales naturales y ricos en nutrientes. Parece que el hach\u00eds parece hach\u00eds, se siente como hach\u00eds, huele a c\u00e1\u00f1amo y tiene un sabor incre\u00edble. El hach\u00eds Primero marroqu\u00ed es solo un poco m\u00e1s oscuro que nuestros otros productos. Si tiene curiosidad acerca de nuestros productos, le recomendamos comprar primero un paquete de ejemplo. Compra m\u00e1s de nuestros art\u00edculos de clones hash legales para ahorrar dinero.<\/p>\n","protected":false},"excerpt":{"rendered":"<div class=\"woocommerce-product-details__short-description\">\n<p>compre hach\u00eds premiero marroqu\u00ed en l\u00ednea en bestglobalmed con entrega r\u00e1pida en todo el mundo. Hash marroqu\u00ed de alta calidad a la venta. compre ahora.<\/p>\n<\/p><\/div>\n","protected":false},"featured_media":4712,"comment_status":"open","ping_status":"closed","template":"","meta":[],"product_brand":[],"product_cat":[610],"product_tag":[684,686,685,683,688,687],"class_list":{"0":"post-4700","1":"product","2":"type-product","3":"status-publish","4":"has-post-thumbnail","6":"product_cat-comprar-hachis-hachis","7":"product_tag-buy-cannabis-coconut-oil","8":"product_tag-comprar-nepaleses-templo-bolas","9":"product_tag-comprar-marruecos-caramelo-online","10":"product_tag-comprar-comprar-burbuja-hachs-online","11":"product_tag-rubia-marroqui-miel-hash","12":"product_tag-halls-fresa-pastillas-para-la-tos","14":"first","15":"instock","16":"shipping-taxable","17":"purchasable","18":"product-type-variable","19":"has-default-attributes"},"yoast_head":"<!-- This site is optimized with the Yoast SEO plugin v27.3 - https:\/\/yoast.com\/product\/yoast-seo-wordpress\/ -->\n<title>Comprar Primero Hash Marroqu\u00ed - Best Best Global Meds<\/title>\n<meta name=\"description\" content=\"compre hach\u00eds premiero marroqu\u00ed en l\u00ednea en bestglobalmed con entrega r\u00e1pida en todo el mundo. Hash marroqu\u00ed de alta calidad a la venta. Compra ahora.\" \/>\n<meta name=\"robots\" content=\"index, follow, max-snippet:-1, max-image-preview:large, max-video-preview:-1\" \/>\n<link rel=\"canonical\" href=\"https:\/\/medicinasinc.com\/es\/product\/comprar-marroqui-primero-hachis\/\" \/>\n<meta property=\"og:locale\" content=\"es_ES\" \/>\n<meta property=\"og:type\" content=\"article\" \/>\n<meta property=\"og:title\" content=\"Comprar Primero Hash Marroqu\u00ed - Best Best Global Meds\" \/>\n<meta property=\"og:description\" content=\"compre hach\u00eds premiero marroqu\u00ed en l\u00ednea en bestglobalmed con entrega r\u00e1pida en todo el mundo. Hash marroqu\u00ed de alta calidad a la venta. Compra ahora.\" \/>\n<meta property=\"og:url\" content=\"https:\/\/medicinasinc.com\/es\/product\/comprar-marroqui-primero-hachis\/\" \/>\n<meta property=\"og:site_name\" content=\"Medicinas Inc\" \/>\n<meta property=\"article:modified_time\" content=\"2022-03-22T01:06:41+00:00\" \/>\n<meta property=\"og:image\" content=\"https:\/\/medicinasinc.com\/es\/wp-content\/uploads\/sites\/15\/2022\/02\/Buy-Moroccan-Primero-Hash.jpg\" \/>\n\t<meta property=\"og:image:width\" content=\"600\" \/>\n\t<meta property=\"og:image:height\" content=\"600\" \/>\n\t<meta property=\"og:image:type\" content=\"image\/jpeg\" \/>\n<meta name=\"twitter:card\" content=\"summary_large_image\" \/>\n<meta name=\"twitter:label1\" content=\"Tiempo de lectura\" \/>\n\t<meta name=\"twitter:data1\" content=\"1 minuto\" \/>\n<script type=\"application\/ld+json\" class=\"yoast-schema-graph\">{\"@context\":\"https:\\\/\\\/schema.org\",\"@graph\":[{\"@type\":\"WebPage\",\"@id\":\"https:\\\/\\\/medicinasinc.com\\\/es\\\/product\\\/comprar-marroqui-primero-hachis\\\/\",\"url\":\"https:\\\/\\\/medicinasinc.com\\\/es\\\/product\\\/comprar-marroqui-primero-hachis\\\/\",\"name\":\"Comprar Primero Hash Marroqu\u00ed - Best Best Global Meds\",\"isPartOf\":{\"@id\":\"https:\\\/\\\/medicinasinc.com\\\/es\\\/#website\"},\"primaryImageOfPage\":{\"@id\":\"https:\\\/\\\/medicinasinc.com\\\/es\\\/product\\\/comprar-marroqui-primero-hachis\\\/#primaryimage\"},\"image\":{\"@id\":\"https:\\\/\\\/medicinasinc.com\\\/es\\\/product\\\/comprar-marroqui-primero-hachis\\\/#primaryimage\"},\"thumbnailUrl\":\"https:\\\/\\\/medicinasinc.com\\\/es\\\/wp-content\\\/uploads\\\/sites\\\/15\\\/2022\\\/02\\\/Buy-Moroccan-Primero-Hash.jpg\",\"datePublished\":\"2022-02-20T14:53:18+00:00\",\"dateModified\":\"2022-03-22T01:06:41+00:00\",\"description\":\"compre hach\u00eds premiero marroqu\u00ed en l\u00ednea en bestglobalmed con entrega r\u00e1pida en todo el mundo. Hash marroqu\u00ed de alta calidad a la venta. Compra ahora.\",\"breadcrumb\":{\"@id\":\"https:\\\/\\\/medicinasinc.com\\\/es\\\/product\\\/comprar-marroqui-primero-hachis\\\/#breadcrumb\"},\"inLanguage\":\"es\",\"potentialAction\":[{\"@type\":\"ReadAction\",\"target\":[\"https:\\\/\\\/medicinasinc.com\\\/es\\\/product\\\/comprar-marroqui-primero-hachis\\\/\"]}]},{\"@type\":\"ImageObject\",\"inLanguage\":\"es\",\"@id\":\"https:\\\/\\\/medicinasinc.com\\\/es\\\/product\\\/comprar-marroqui-primero-hachis\\\/#primaryimage\",\"url\":\"https:\\\/\\\/medicinasinc.com\\\/es\\\/wp-content\\\/uploads\\\/sites\\\/15\\\/2022\\\/02\\\/Buy-Moroccan-Primero-Hash.jpg\",\"contentUrl\":\"https:\\\/\\\/medicinasinc.com\\\/es\\\/wp-content\\\/uploads\\\/sites\\\/15\\\/2022\\\/02\\\/Buy-Moroccan-Primero-Hash.jpg\",\"width\":600,\"height\":600},{\"@type\":\"BreadcrumbList\",\"@id\":\"https:\\\/\\\/medicinasinc.com\\\/es\\\/product\\\/comprar-marroqui-primero-hachis\\\/#breadcrumb\",\"itemListElement\":[{\"@type\":\"ListItem\",\"position\":1,\"name\":\"Tienda\",\"item\":\"https:\\\/\\\/medicinasinc.com\\\/es\\\/tienda\\\/\"},{\"@type\":\"ListItem\",\"position\":2,\"name\":\"Comprar Primero hach\u00eds marroqu\u00ed\"}]},{\"@type\":\"WebSite\",\"@id\":\"https:\\\/\\\/medicinasinc.com\\\/es\\\/#website\",\"url\":\"https:\\\/\\\/medicinasinc.com\\\/es\\\/\",\"name\":\"Medicinas Inc\",\"description\":\"Cl\u00ednica M\u00e9dica de Salud\",\"potentialAction\":[{\"@type\":\"SearchAction\",\"target\":{\"@type\":\"EntryPoint\",\"urlTemplate\":\"https:\\\/\\\/medicinasinc.com\\\/es\\\/?s={search_term_string}\"},\"query-input\":{\"@type\":\"PropertyValueSpecification\",\"valueRequired\":true,\"valueName\":\"search_term_string\"}}],\"inLanguage\":\"es\"}]}<\/script>\n<!-- \/ Yoast SEO plugin. -->","yoast_head_json":{"title":"Comprar Primero Hash Marroqu\u00ed - Best Best Global Meds","description":"compre hach\u00eds premiero marroqu\u00ed en l\u00ednea en bestglobalmed con entrega r\u00e1pida en todo el mundo. Hash marroqu\u00ed de alta calidad a la venta. Compra ahora.","robots":{"index":"index","follow":"follow","max-snippet":"max-snippet:-1","max-image-preview":"max-image-preview:large","max-video-preview":"max-video-preview:-1"},"canonical":"https:\/\/medicinasinc.com\/es\/product\/comprar-marroqui-primero-hachis\/","og_locale":"es_ES","og_type":"article","og_title":"Comprar Primero Hash Marroqu\u00ed - Best Best Global Meds","og_description":"compre hach\u00eds premiero marroqu\u00ed en l\u00ednea en bestglobalmed con entrega r\u00e1pida en todo el mundo. Hash marroqu\u00ed de alta calidad a la venta. Compra ahora.","og_url":"https:\/\/medicinasinc.com\/es\/product\/comprar-marroqui-primero-hachis\/","og_site_name":"Medicinas Inc","article_modified_time":"2022-03-22T01:06:41+00:00","og_image":[{"width":600,"height":600,"url":"https:\/\/medicinasinc.com\/es\/wp-content\/uploads\/sites\/15\/2022\/02\/Buy-Moroccan-Primero-Hash.jpg","type":"image\/jpeg"}],"twitter_card":"summary_large_image","twitter_misc":{"Tiempo de lectura":"1 minuto"},"schema":{"@context":"https:\/\/schema.org","@graph":[{"@type":"WebPage","@id":"https:\/\/medicinasinc.com\/es\/product\/comprar-marroqui-primero-hachis\/","url":"https:\/\/medicinasinc.com\/es\/product\/comprar-marroqui-primero-hachis\/","name":"Comprar Primero Hash Marroqu\u00ed - Best Best Global Meds","isPartOf":{"@id":"https:\/\/medicinasinc.com\/es\/#website"},"primaryImageOfPage":{"@id":"https:\/\/medicinasinc.com\/es\/product\/comprar-marroqui-primero-hachis\/#primaryimage"},"image":{"@id":"https:\/\/medicinasinc.com\/es\/product\/comprar-marroqui-primero-hachis\/#primaryimage"},"thumbnailUrl":"https:\/\/medicinasinc.com\/es\/wp-content\/uploads\/sites\/15\/2022\/02\/Buy-Moroccan-Primero-Hash.jpg","datePublished":"2022-02-20T14:53:18+00:00","dateModified":"2022-03-22T01:06:41+00:00","description":"compre hach\u00eds premiero marroqu\u00ed en l\u00ednea en bestglobalmed con entrega r\u00e1pida en todo el mundo. Hash marroqu\u00ed de alta calidad a la venta. Compra ahora.","breadcrumb":{"@id":"https:\/\/medicinasinc.com\/es\/product\/comprar-marroqui-primero-hachis\/#breadcrumb"},"inLanguage":"es","potentialAction":[{"@type":"ReadAction","target":["https:\/\/medicinasinc.com\/es\/product\/comprar-marroqui-primero-hachis\/"]}]},{"@type":"ImageObject","inLanguage":"es","@id":"https:\/\/medicinasinc.com\/es\/product\/comprar-marroqui-primero-hachis\/#primaryimage","url":"https:\/\/medicinasinc.com\/es\/wp-content\/uploads\/sites\/15\/2022\/02\/Buy-Moroccan-Primero-Hash.jpg","contentUrl":"https:\/\/medicinasinc.com\/es\/wp-content\/uploads\/sites\/15\/2022\/02\/Buy-Moroccan-Primero-Hash.jpg","width":600,"height":600},{"@type":"BreadcrumbList","@id":"https:\/\/medicinasinc.com\/es\/product\/comprar-marroqui-primero-hachis\/#breadcrumb","itemListElement":[{"@type":"ListItem","position":1,"name":"Tienda","item":"https:\/\/medicinasinc.com\/es\/tienda\/"},{"@type":"ListItem","position":2,"name":"Comprar Primero hach\u00eds marroqu\u00ed"}]},{"@type":"WebSite","@id":"https:\/\/medicinasinc.com\/es\/#website","url":"https:\/\/medicinasinc.com\/es\/","name":"Medicinas Inc","description":"Cl\u00ednica M\u00e9dica de Salud","potentialAction":[{"@type":"SearchAction","target":{"@type":"EntryPoint","urlTemplate":"https:\/\/medicinasinc.com\/es\/?s={search_term_string}"},"query-input":{"@type":"PropertyValueSpecification","valueRequired":true,"valueName":"search_term_string"}}],"inLanguage":"es"}]}},"_links":{"self":[{"href":"https:\/\/medicinasinc.com\/es\/wp-json\/wp\/v2\/product\/4700","targetHints":{"allow":["GET"]}}],"collection":[{"href":"https:\/\/medicinasinc.com\/es\/wp-json\/wp\/v2\/product"}],"about":[{"href":"https:\/\/medicinasinc.com\/es\/wp-json\/wp\/v2\/types\/product"}],"replies":[{"embeddable":true,"href":"https:\/\/medicinasinc.com\/es\/wp-json\/wp\/v2\/comments?post=4700"}],"wp:featuredmedia":[{"embeddable":true,"href":"https:\/\/medicinasinc.com\/es\/wp-json\/wp\/v2\/media\/4712"}],"wp:attachment":[{"href":"https:\/\/medicinasinc.com\/es\/wp-json\/wp\/v2\/media?parent=4700"}],"wp:term":[{"taxonomy":"product_brand","embeddable":true,"href":"https:\/\/medicinasinc.com\/es\/wp-json\/wp\/v2\/product_brand?post=4700"},{"taxonomy":"product_cat","embeddable":true,"href":"https:\/\/medicinasinc.com\/es\/wp-json\/wp\/v2\/product_cat?post=4700"},{"taxonomy":"product_tag","embeddable":true,"href":"https:\/\/medicinasinc.com\/es\/wp-json\/wp\/v2\/product_tag?post=4700"}],"curies":[{"name":"wp","href":"https:\/\/api.w.org\/{rel}","templated":true}]}}