{"id":4685,"date":"2022-02-20T14:41:24","date_gmt":"2022-02-20T14:41:24","guid":{"rendered":"https:\/\/medicinasinc.com\/es\/?post_type=product&#038;p=4685"},"modified":"2022-03-22T01:06:50","modified_gmt":"2022-03-22T01:06:50","slug":"comprar-iso-hash-online","status":"publish","type":"product","link":"https:\/\/medicinasinc.com\/es\/product\/comprar-iso-hash-online\/","title":{"rendered":"Comprar Hach\u00eds Iso Online"},"content":{"rendered":"<p>Compra online de hach\u00eds iso<\/p>\n<p>El hach\u00eds iso se puede comprar online.<\/p>\n<p>El hach\u00eds iso se obtiene mediante la extracci\u00f3n del licor isoprop\u00edlico. QWISO es un acr\u00f3nimo de hach\u00eds de alcohol isoprop\u00edlico de lavado r\u00e1pido, un m\u00e9todo bien conocido para producir hach\u00eds de alcohol isoprop\u00edlico. Usar licor como soluble es extremadamente descuidado; sin embargo, el sabor es inferior al de otros solventes\/t\u00e9cnicas. El art\u00edculo depende del tipo de cannabis y su extracci\u00f3n. El excelente QWISO suele tener un aspecto transparente y amarillo, parecido a una rotura, con una superficie flexible. El hach\u00eds iso de baja calidad suele ser verde (de la clorofila vegetal) u oscuro, con una superficie pegajosa.<\/p>\n","protected":false},"excerpt":{"rendered":"<div class=\"woocommerce-product-details__short-description\">\n<p>Comprar hach\u00eds Iso es el producto de una extracci\u00f3n con alcohol isoprop\u00edlico. QWISO es un acr\u00f3nimo de hach\u00eds de alcohol isoprop\u00edlico de lavado r\u00e1pido.<\/p>\n<\/p><\/div>\n","protected":false},"featured_media":4698,"comment_status":"open","ping_status":"closed","template":"","meta":[],"product_brand":[],"product_cat":[610],"product_tag":[],"class_list":{"0":"post-4685","1":"product","2":"type-product","3":"status-publish","4":"has-post-thumbnail","6":"product_cat-comprar-hachis-hachis","8":"first","9":"instock","10":"shipping-taxable","11":"purchasable","12":"product-type-variable","13":"has-default-attributes"},"yoast_head":"<!-- This site is optimized with the Yoast SEO plugin v27.3 - https:\/\/yoast.com\/product\/yoast-seo-wordpress\/ -->\n<title>Compre Iso Hash en l\u00ednea - Best Best Global Meds<\/title>\n<meta name=\"description\" content=\"Comprar Iso hach\u00eds es el producto de una extracci\u00f3n con alcohol isoprop\u00edlico. QWISO es un acr\u00f3nimo de hach\u00eds de alcohol isoprop\u00edlico de lavado r\u00e1pido.\" \/>\n<meta name=\"robots\" content=\"index, follow, max-snippet:-1, max-image-preview:large, max-video-preview:-1\" \/>\n<link rel=\"canonical\" href=\"https:\/\/medicinasinc.com\/es\/product\/comprar-iso-hash-online\/\" \/>\n<meta property=\"og:locale\" content=\"es_ES\" \/>\n<meta property=\"og:type\" content=\"article\" \/>\n<meta property=\"og:title\" content=\"Compre Iso Hash en l\u00ednea - Best Best Global Meds\" \/>\n<meta property=\"og:description\" content=\"Comprar Iso hach\u00eds es el producto de una extracci\u00f3n con alcohol isoprop\u00edlico. QWISO es un acr\u00f3nimo de hach\u00eds de alcohol isoprop\u00edlico de lavado r\u00e1pido.\" \/>\n<meta property=\"og:url\" content=\"https:\/\/medicinasinc.com\/es\/product\/comprar-iso-hash-online\/\" \/>\n<meta property=\"og:site_name\" content=\"Medicinas Inc\" \/>\n<meta property=\"article:modified_time\" content=\"2022-03-22T01:06:50+00:00\" \/>\n<meta property=\"og:image\" content=\"https:\/\/medicinasinc.com\/es\/wp-content\/uploads\/sites\/15\/2022\/02\/Buy-Iso-hash-online.jpg\" \/>\n\t<meta property=\"og:image:width\" content=\"600\" \/>\n\t<meta property=\"og:image:height\" content=\"600\" \/>\n\t<meta property=\"og:image:type\" content=\"image\/jpeg\" \/>\n<meta name=\"twitter:card\" content=\"summary_large_image\" \/>\n<meta name=\"twitter:label1\" content=\"Tiempo de lectura\" \/>\n\t<meta name=\"twitter:data1\" content=\"1 minuto\" \/>\n<script type=\"application\/ld+json\" class=\"yoast-schema-graph\">{\"@context\":\"https:\\\/\\\/schema.org\",\"@graph\":[{\"@type\":\"WebPage\",\"@id\":\"https:\\\/\\\/medicinasinc.com\\\/es\\\/product\\\/comprar-iso-hash-online\\\/\",\"url\":\"https:\\\/\\\/medicinasinc.com\\\/es\\\/product\\\/comprar-iso-hash-online\\\/\",\"name\":\"Compre Iso Hash en l\u00ednea - Best Best Global Meds\",\"isPartOf\":{\"@id\":\"https:\\\/\\\/medicinasinc.com\\\/es\\\/#website\"},\"primaryImageOfPage\":{\"@id\":\"https:\\\/\\\/medicinasinc.com\\\/es\\\/product\\\/comprar-iso-hash-online\\\/#primaryimage\"},\"image\":{\"@id\":\"https:\\\/\\\/medicinasinc.com\\\/es\\\/product\\\/comprar-iso-hash-online\\\/#primaryimage\"},\"thumbnailUrl\":\"https:\\\/\\\/medicinasinc.com\\\/es\\\/wp-content\\\/uploads\\\/sites\\\/15\\\/2022\\\/02\\\/Buy-Iso-hash-online.jpg\",\"datePublished\":\"2022-02-20T14:41:24+00:00\",\"dateModified\":\"2022-03-22T01:06:50+00:00\",\"description\":\"Comprar Iso hach\u00eds es el producto de una extracci\u00f3n con alcohol isoprop\u00edlico. QWISO es un acr\u00f3nimo de hach\u00eds de alcohol isoprop\u00edlico de lavado r\u00e1pido.\",\"breadcrumb\":{\"@id\":\"https:\\\/\\\/medicinasinc.com\\\/es\\\/product\\\/comprar-iso-hash-online\\\/#breadcrumb\"},\"inLanguage\":\"es\",\"potentialAction\":[{\"@type\":\"ReadAction\",\"target\":[\"https:\\\/\\\/medicinasinc.com\\\/es\\\/product\\\/comprar-iso-hash-online\\\/\"]}]},{\"@type\":\"ImageObject\",\"inLanguage\":\"es\",\"@id\":\"https:\\\/\\\/medicinasinc.com\\\/es\\\/product\\\/comprar-iso-hash-online\\\/#primaryimage\",\"url\":\"https:\\\/\\\/medicinasinc.com\\\/es\\\/wp-content\\\/uploads\\\/sites\\\/15\\\/2022\\\/02\\\/Buy-Iso-hash-online.jpg\",\"contentUrl\":\"https:\\\/\\\/medicinasinc.com\\\/es\\\/wp-content\\\/uploads\\\/sites\\\/15\\\/2022\\\/02\\\/Buy-Iso-hash-online.jpg\",\"width\":600,\"height\":600},{\"@type\":\"BreadcrumbList\",\"@id\":\"https:\\\/\\\/medicinasinc.com\\\/es\\\/product\\\/comprar-iso-hash-online\\\/#breadcrumb\",\"itemListElement\":[{\"@type\":\"ListItem\",\"position\":1,\"name\":\"Tienda\",\"item\":\"https:\\\/\\\/medicinasinc.com\\\/es\\\/tienda\\\/\"},{\"@type\":\"ListItem\",\"position\":2,\"name\":\"Comprar Hach\u00eds Iso Online\"}]},{\"@type\":\"WebSite\",\"@id\":\"https:\\\/\\\/medicinasinc.com\\\/es\\\/#website\",\"url\":\"https:\\\/\\\/medicinasinc.com\\\/es\\\/\",\"name\":\"Medicinas Inc\",\"description\":\"Cl\u00ednica M\u00e9dica de Salud\",\"potentialAction\":[{\"@type\":\"SearchAction\",\"target\":{\"@type\":\"EntryPoint\",\"urlTemplate\":\"https:\\\/\\\/medicinasinc.com\\\/es\\\/?s={search_term_string}\"},\"query-input\":{\"@type\":\"PropertyValueSpecification\",\"valueRequired\":true,\"valueName\":\"search_term_string\"}}],\"inLanguage\":\"es\"}]}<\/script>\n<!-- \/ Yoast SEO plugin. -->","yoast_head_json":{"title":"Compre Iso Hash en l\u00ednea - Best Best Global Meds","description":"Comprar Iso hach\u00eds es el producto de una extracci\u00f3n con alcohol isoprop\u00edlico. QWISO es un acr\u00f3nimo de hach\u00eds de alcohol isoprop\u00edlico de lavado r\u00e1pido.","robots":{"index":"index","follow":"follow","max-snippet":"max-snippet:-1","max-image-preview":"max-image-preview:large","max-video-preview":"max-video-preview:-1"},"canonical":"https:\/\/medicinasinc.com\/es\/product\/comprar-iso-hash-online\/","og_locale":"es_ES","og_type":"article","og_title":"Compre Iso Hash en l\u00ednea - Best Best Global Meds","og_description":"Comprar Iso hach\u00eds es el producto de una extracci\u00f3n con alcohol isoprop\u00edlico. QWISO es un acr\u00f3nimo de hach\u00eds de alcohol isoprop\u00edlico de lavado r\u00e1pido.","og_url":"https:\/\/medicinasinc.com\/es\/product\/comprar-iso-hash-online\/","og_site_name":"Medicinas Inc","article_modified_time":"2022-03-22T01:06:50+00:00","og_image":[{"width":600,"height":600,"url":"https:\/\/medicinasinc.com\/es\/wp-content\/uploads\/sites\/15\/2022\/02\/Buy-Iso-hash-online.jpg","type":"image\/jpeg"}],"twitter_card":"summary_large_image","twitter_misc":{"Tiempo de lectura":"1 minuto"},"schema":{"@context":"https:\/\/schema.org","@graph":[{"@type":"WebPage","@id":"https:\/\/medicinasinc.com\/es\/product\/comprar-iso-hash-online\/","url":"https:\/\/medicinasinc.com\/es\/product\/comprar-iso-hash-online\/","name":"Compre Iso Hash en l\u00ednea - Best Best Global Meds","isPartOf":{"@id":"https:\/\/medicinasinc.com\/es\/#website"},"primaryImageOfPage":{"@id":"https:\/\/medicinasinc.com\/es\/product\/comprar-iso-hash-online\/#primaryimage"},"image":{"@id":"https:\/\/medicinasinc.com\/es\/product\/comprar-iso-hash-online\/#primaryimage"},"thumbnailUrl":"https:\/\/medicinasinc.com\/es\/wp-content\/uploads\/sites\/15\/2022\/02\/Buy-Iso-hash-online.jpg","datePublished":"2022-02-20T14:41:24+00:00","dateModified":"2022-03-22T01:06:50+00:00","description":"Comprar Iso hach\u00eds es el producto de una extracci\u00f3n con alcohol isoprop\u00edlico. QWISO es un acr\u00f3nimo de hach\u00eds de alcohol isoprop\u00edlico de lavado r\u00e1pido.","breadcrumb":{"@id":"https:\/\/medicinasinc.com\/es\/product\/comprar-iso-hash-online\/#breadcrumb"},"inLanguage":"es","potentialAction":[{"@type":"ReadAction","target":["https:\/\/medicinasinc.com\/es\/product\/comprar-iso-hash-online\/"]}]},{"@type":"ImageObject","inLanguage":"es","@id":"https:\/\/medicinasinc.com\/es\/product\/comprar-iso-hash-online\/#primaryimage","url":"https:\/\/medicinasinc.com\/es\/wp-content\/uploads\/sites\/15\/2022\/02\/Buy-Iso-hash-online.jpg","contentUrl":"https:\/\/medicinasinc.com\/es\/wp-content\/uploads\/sites\/15\/2022\/02\/Buy-Iso-hash-online.jpg","width":600,"height":600},{"@type":"BreadcrumbList","@id":"https:\/\/medicinasinc.com\/es\/product\/comprar-iso-hash-online\/#breadcrumb","itemListElement":[{"@type":"ListItem","position":1,"name":"Tienda","item":"https:\/\/medicinasinc.com\/es\/tienda\/"},{"@type":"ListItem","position":2,"name":"Comprar Hach\u00eds Iso Online"}]},{"@type":"WebSite","@id":"https:\/\/medicinasinc.com\/es\/#website","url":"https:\/\/medicinasinc.com\/es\/","name":"Medicinas Inc","description":"Cl\u00ednica M\u00e9dica de Salud","potentialAction":[{"@type":"SearchAction","target":{"@type":"EntryPoint","urlTemplate":"https:\/\/medicinasinc.com\/es\/?s={search_term_string}"},"query-input":{"@type":"PropertyValueSpecification","valueRequired":true,"valueName":"search_term_string"}}],"inLanguage":"es"}]}},"_links":{"self":[{"href":"https:\/\/medicinasinc.com\/es\/wp-json\/wp\/v2\/product\/4685","targetHints":{"allow":["GET"]}}],"collection":[{"href":"https:\/\/medicinasinc.com\/es\/wp-json\/wp\/v2\/product"}],"about":[{"href":"https:\/\/medicinasinc.com\/es\/wp-json\/wp\/v2\/types\/product"}],"replies":[{"embeddable":true,"href":"https:\/\/medicinasinc.com\/es\/wp-json\/wp\/v2\/comments?post=4685"}],"wp:featuredmedia":[{"embeddable":true,"href":"https:\/\/medicinasinc.com\/es\/wp-json\/wp\/v2\/media\/4698"}],"wp:attachment":[{"href":"https:\/\/medicinasinc.com\/es\/wp-json\/wp\/v2\/media?parent=4685"}],"wp:term":[{"taxonomy":"product_brand","embeddable":true,"href":"https:\/\/medicinasinc.com\/es\/wp-json\/wp\/v2\/product_brand?post=4685"},{"taxonomy":"product_cat","embeddable":true,"href":"https:\/\/medicinasinc.com\/es\/wp-json\/wp\/v2\/product_cat?post=4685"},{"taxonomy":"product_tag","embeddable":true,"href":"https:\/\/medicinasinc.com\/es\/wp-json\/wp\/v2\/product_tag?post=4685"}],"curies":[{"name":"wp","href":"https:\/\/api.w.org\/{rel}","templated":true}]}}