{"id":4667,"date":"2022-02-20T14:27:35","date_gmt":"2022-02-20T14:27:35","guid":{"rendered":"https:\/\/medicinasinc.com\/es\/?post_type=product&#038;p=4667"},"modified":"2022-03-22T01:07:15","modified_gmt":"2022-03-22T01:07:15","slug":"comprar-india-charas-black-hash","status":"publish","type":"product","link":"https:\/\/medicinasinc.com\/es\/product\/comprar-india-charas-black-hash\/","title":{"rendered":"Comprar India Charas Hach\u00eds Negro"},"content":{"rendered":"<p>Compra online de India Charas Black Hash| Compra online de India Charas Black Hash<\/p>\n<p>Compra online de India Charas Black Hash. Es f\u00e1cil de trabajar, tiene un aroma fuerte y especiado, y proporciona a los usuarios un fuerte subid\u00f3n en todo el cuerpo. Cultivada y producida en The Parvati Valley, que es famoso por una cepa \u00fanica de Charas llamada Malana Cream, que es apreciada por su alto contenido de THC. Es una excelente compa\u00f1era diurna para fumadores experimentados que pueden manejar el subid\u00f3n fuerte. El t\u00e9rmino \u00abIndian Charas Black Hash\u00bb se refiere al hach\u00eds que ha sido elaborado artesanalmente en India, Pakist\u00e1n o Nepal. Por fuera, el hach\u00eds es de color marr\u00f3n oscuro. Cuando se abre el hach\u00eds, revela un interior de color marr\u00f3n verdoso oscuro. El aroma distintivo var\u00eda de picante a extremadamente picante. Produce un subid\u00f3n f\u00edsico y extremadamente pedregoso. India Charas Black Hash est\u00e1 disponible para su compra en l\u00ednea.<\/p>\n<p>Beneficios<\/p>\n<p>Ayuda en el alivio de lo siguiente:<\/p>\n<p>StresssDepressionsPainsHeadaches<br \/> Insomnia<br \/> D\u00f3nde comprar en India Charas Black Hash en l\u00ednea<\/p>\n<p>Nuestro objetivo es complacer a nuestros clientes y brindarles la mejor experiencia de compra en l\u00ednea posible. Nos aseguramos de que todos nuestros productos sean de la m\u00e1s alta calidad para garantizar que nuestros clientes reciban solo lo mejor. Ofrecemos aut\u00e9ntico India Charas Black Hash. Nuestros precios son los m\u00e1s bajos disponibles en l\u00ednea. Compra calidad y descubre de lo que todo el mundo habla. Haga su pedido de India Charas Black Hash en l\u00ednea con nosotros hoy y tenga la seguridad de la seguridad y los mejores servicios de entrega. Est\u00e1 a solo unos clics de comprar India Charas Black Hash Online.<\/p>\n","protected":false},"excerpt":{"rendered":"<p>Compre India Charas Black Hash en l\u00ednea. F\u00e1cil de trabajar, alberga un aroma fuerte y especiado y proporciona un potente subid\u00f3n corporal. Pide hach\u00eds negro aqu\u00ed.<\/p>\n<ul>\n<li>Env\u00edo a todo el mundo<\/li>\n<li><strong>Grado: AAAAA<\/strong><\/li>\n<li>Cont\u00e1ctenos para pedidos m\u00e1s grandes<\/li>\n<\/ul>\n","protected":false},"featured_media":4681,"comment_status":"open","ping_status":"closed","template":"","meta":[],"product_brand":[],"product_cat":[610],"product_tag":[],"class_list":{"0":"post-4667","1":"product","2":"type-product","3":"status-publish","4":"has-post-thumbnail","6":"product_cat-comprar-hachis-hachis","8":"first","9":"instock","10":"shipping-taxable","11":"purchasable","12":"product-type-variable","13":"has-default-attributes"},"yoast_head":"<!-- This site is optimized with the Yoast SEO plugin v27.3 - https:\/\/yoast.com\/product\/yoast-seo-wordpress\/ -->\n<title>Comprar India Charas Black Hash - Best Best Global Meds<\/title>\n<meta name=\"description\" content=\"Compre India Charas Black Hash en l\u00ednea. F\u00e1cil de trabajar, alberga un aroma fuerte y especiado y proporciona un potente subid\u00f3n corporal. Pide hach\u00eds negro aqu\u00ed.\" \/>\n<meta name=\"robots\" content=\"index, follow, max-snippet:-1, max-image-preview:large, max-video-preview:-1\" \/>\n<link rel=\"canonical\" href=\"https:\/\/medicinasinc.com\/es\/product\/comprar-india-charas-black-hash\/\" \/>\n<meta property=\"og:locale\" content=\"es_ES\" \/>\n<meta property=\"og:type\" content=\"article\" \/>\n<meta property=\"og:title\" content=\"Comprar India Charas Black Hash - Best Best Global Meds\" \/>\n<meta property=\"og:description\" content=\"Compre India Charas Black Hash en l\u00ednea. F\u00e1cil de trabajar, alberga un aroma fuerte y especiado y proporciona un potente subid\u00f3n corporal. Pide hach\u00eds negro aqu\u00ed.\" \/>\n<meta property=\"og:url\" content=\"https:\/\/medicinasinc.com\/es\/product\/comprar-india-charas-black-hash\/\" \/>\n<meta property=\"og:site_name\" content=\"Medicinas Inc\" \/>\n<meta property=\"article:modified_time\" content=\"2022-03-22T01:07:15+00:00\" \/>\n<meta property=\"og:image\" content=\"https:\/\/medicinasinc.com\/es\/wp-content\/uploads\/sites\/15\/2022\/02\/Buy-India-Charas-Black-Hash.jpg\" \/>\n\t<meta property=\"og:image:width\" content=\"600\" \/>\n\t<meta property=\"og:image:height\" content=\"600\" \/>\n\t<meta property=\"og:image:type\" content=\"image\/jpeg\" \/>\n<meta name=\"twitter:card\" content=\"summary_large_image\" \/>\n<meta name=\"twitter:label1\" content=\"Tiempo de lectura\" \/>\n\t<meta name=\"twitter:data1\" content=\"2 minutos\" \/>\n<script type=\"application\/ld+json\" class=\"yoast-schema-graph\">{\"@context\":\"https:\\\/\\\/schema.org\",\"@graph\":[{\"@type\":\"WebPage\",\"@id\":\"https:\\\/\\\/medicinasinc.com\\\/es\\\/product\\\/comprar-india-charas-black-hash\\\/\",\"url\":\"https:\\\/\\\/medicinasinc.com\\\/es\\\/product\\\/comprar-india-charas-black-hash\\\/\",\"name\":\"Comprar India Charas Black Hash - Best Best Global Meds\",\"isPartOf\":{\"@id\":\"https:\\\/\\\/medicinasinc.com\\\/es\\\/#website\"},\"primaryImageOfPage\":{\"@id\":\"https:\\\/\\\/medicinasinc.com\\\/es\\\/product\\\/comprar-india-charas-black-hash\\\/#primaryimage\"},\"image\":{\"@id\":\"https:\\\/\\\/medicinasinc.com\\\/es\\\/product\\\/comprar-india-charas-black-hash\\\/#primaryimage\"},\"thumbnailUrl\":\"https:\\\/\\\/medicinasinc.com\\\/es\\\/wp-content\\\/uploads\\\/sites\\\/15\\\/2022\\\/02\\\/Buy-India-Charas-Black-Hash.jpg\",\"datePublished\":\"2022-02-20T14:27:35+00:00\",\"dateModified\":\"2022-03-22T01:07:15+00:00\",\"description\":\"Compre India Charas Black Hash en l\u00ednea. F\u00e1cil de trabajar, alberga un aroma fuerte y especiado y proporciona un potente subid\u00f3n corporal. Pide hach\u00eds negro aqu\u00ed.\",\"breadcrumb\":{\"@id\":\"https:\\\/\\\/medicinasinc.com\\\/es\\\/product\\\/comprar-india-charas-black-hash\\\/#breadcrumb\"},\"inLanguage\":\"es\",\"potentialAction\":[{\"@type\":\"ReadAction\",\"target\":[\"https:\\\/\\\/medicinasinc.com\\\/es\\\/product\\\/comprar-india-charas-black-hash\\\/\"]}]},{\"@type\":\"ImageObject\",\"inLanguage\":\"es\",\"@id\":\"https:\\\/\\\/medicinasinc.com\\\/es\\\/product\\\/comprar-india-charas-black-hash\\\/#primaryimage\",\"url\":\"https:\\\/\\\/medicinasinc.com\\\/es\\\/wp-content\\\/uploads\\\/sites\\\/15\\\/2022\\\/02\\\/Buy-India-Charas-Black-Hash.jpg\",\"contentUrl\":\"https:\\\/\\\/medicinasinc.com\\\/es\\\/wp-content\\\/uploads\\\/sites\\\/15\\\/2022\\\/02\\\/Buy-India-Charas-Black-Hash.jpg\",\"width\":600,\"height\":600},{\"@type\":\"BreadcrumbList\",\"@id\":\"https:\\\/\\\/medicinasinc.com\\\/es\\\/product\\\/comprar-india-charas-black-hash\\\/#breadcrumb\",\"itemListElement\":[{\"@type\":\"ListItem\",\"position\":1,\"name\":\"Tienda\",\"item\":\"https:\\\/\\\/medicinasinc.com\\\/es\\\/tienda\\\/\"},{\"@type\":\"ListItem\",\"position\":2,\"name\":\"Comprar India Charas Hach\u00eds Negro\"}]},{\"@type\":\"WebSite\",\"@id\":\"https:\\\/\\\/medicinasinc.com\\\/es\\\/#website\",\"url\":\"https:\\\/\\\/medicinasinc.com\\\/es\\\/\",\"name\":\"Medicinas Inc\",\"description\":\"Cl\u00ednica M\u00e9dica de Salud\",\"potentialAction\":[{\"@type\":\"SearchAction\",\"target\":{\"@type\":\"EntryPoint\",\"urlTemplate\":\"https:\\\/\\\/medicinasinc.com\\\/es\\\/?s={search_term_string}\"},\"query-input\":{\"@type\":\"PropertyValueSpecification\",\"valueRequired\":true,\"valueName\":\"search_term_string\"}}],\"inLanguage\":\"es\"}]}<\/script>\n<!-- \/ Yoast SEO plugin. -->","yoast_head_json":{"title":"Comprar India Charas Black Hash - Best Best Global Meds","description":"Compre India Charas Black Hash en l\u00ednea. F\u00e1cil de trabajar, alberga un aroma fuerte y especiado y proporciona un potente subid\u00f3n corporal. Pide hach\u00eds negro aqu\u00ed.","robots":{"index":"index","follow":"follow","max-snippet":"max-snippet:-1","max-image-preview":"max-image-preview:large","max-video-preview":"max-video-preview:-1"},"canonical":"https:\/\/medicinasinc.com\/es\/product\/comprar-india-charas-black-hash\/","og_locale":"es_ES","og_type":"article","og_title":"Comprar India Charas Black Hash - Best Best Global Meds","og_description":"Compre India Charas Black Hash en l\u00ednea. F\u00e1cil de trabajar, alberga un aroma fuerte y especiado y proporciona un potente subid\u00f3n corporal. Pide hach\u00eds negro aqu\u00ed.","og_url":"https:\/\/medicinasinc.com\/es\/product\/comprar-india-charas-black-hash\/","og_site_name":"Medicinas Inc","article_modified_time":"2022-03-22T01:07:15+00:00","og_image":[{"width":600,"height":600,"url":"https:\/\/medicinasinc.com\/es\/wp-content\/uploads\/sites\/15\/2022\/02\/Buy-India-Charas-Black-Hash.jpg","type":"image\/jpeg"}],"twitter_card":"summary_large_image","twitter_misc":{"Tiempo de lectura":"2 minutos"},"schema":{"@context":"https:\/\/schema.org","@graph":[{"@type":"WebPage","@id":"https:\/\/medicinasinc.com\/es\/product\/comprar-india-charas-black-hash\/","url":"https:\/\/medicinasinc.com\/es\/product\/comprar-india-charas-black-hash\/","name":"Comprar India Charas Black Hash - Best Best Global Meds","isPartOf":{"@id":"https:\/\/medicinasinc.com\/es\/#website"},"primaryImageOfPage":{"@id":"https:\/\/medicinasinc.com\/es\/product\/comprar-india-charas-black-hash\/#primaryimage"},"image":{"@id":"https:\/\/medicinasinc.com\/es\/product\/comprar-india-charas-black-hash\/#primaryimage"},"thumbnailUrl":"https:\/\/medicinasinc.com\/es\/wp-content\/uploads\/sites\/15\/2022\/02\/Buy-India-Charas-Black-Hash.jpg","datePublished":"2022-02-20T14:27:35+00:00","dateModified":"2022-03-22T01:07:15+00:00","description":"Compre India Charas Black Hash en l\u00ednea. F\u00e1cil de trabajar, alberga un aroma fuerte y especiado y proporciona un potente subid\u00f3n corporal. Pide hach\u00eds negro aqu\u00ed.","breadcrumb":{"@id":"https:\/\/medicinasinc.com\/es\/product\/comprar-india-charas-black-hash\/#breadcrumb"},"inLanguage":"es","potentialAction":[{"@type":"ReadAction","target":["https:\/\/medicinasinc.com\/es\/product\/comprar-india-charas-black-hash\/"]}]},{"@type":"ImageObject","inLanguage":"es","@id":"https:\/\/medicinasinc.com\/es\/product\/comprar-india-charas-black-hash\/#primaryimage","url":"https:\/\/medicinasinc.com\/es\/wp-content\/uploads\/sites\/15\/2022\/02\/Buy-India-Charas-Black-Hash.jpg","contentUrl":"https:\/\/medicinasinc.com\/es\/wp-content\/uploads\/sites\/15\/2022\/02\/Buy-India-Charas-Black-Hash.jpg","width":600,"height":600},{"@type":"BreadcrumbList","@id":"https:\/\/medicinasinc.com\/es\/product\/comprar-india-charas-black-hash\/#breadcrumb","itemListElement":[{"@type":"ListItem","position":1,"name":"Tienda","item":"https:\/\/medicinasinc.com\/es\/tienda\/"},{"@type":"ListItem","position":2,"name":"Comprar India Charas Hach\u00eds Negro"}]},{"@type":"WebSite","@id":"https:\/\/medicinasinc.com\/es\/#website","url":"https:\/\/medicinasinc.com\/es\/","name":"Medicinas Inc","description":"Cl\u00ednica M\u00e9dica de Salud","potentialAction":[{"@type":"SearchAction","target":{"@type":"EntryPoint","urlTemplate":"https:\/\/medicinasinc.com\/es\/?s={search_term_string}"},"query-input":{"@type":"PropertyValueSpecification","valueRequired":true,"valueName":"search_term_string"}}],"inLanguage":"es"}]}},"_links":{"self":[{"href":"https:\/\/medicinasinc.com\/es\/wp-json\/wp\/v2\/product\/4667","targetHints":{"allow":["GET"]}}],"collection":[{"href":"https:\/\/medicinasinc.com\/es\/wp-json\/wp\/v2\/product"}],"about":[{"href":"https:\/\/medicinasinc.com\/es\/wp-json\/wp\/v2\/types\/product"}],"replies":[{"embeddable":true,"href":"https:\/\/medicinasinc.com\/es\/wp-json\/wp\/v2\/comments?post=4667"}],"wp:featuredmedia":[{"embeddable":true,"href":"https:\/\/medicinasinc.com\/es\/wp-json\/wp\/v2\/media\/4681"}],"wp:attachment":[{"href":"https:\/\/medicinasinc.com\/es\/wp-json\/wp\/v2\/media?parent=4667"}],"wp:term":[{"taxonomy":"product_brand","embeddable":true,"href":"https:\/\/medicinasinc.com\/es\/wp-json\/wp\/v2\/product_brand?post=4667"},{"taxonomy":"product_cat","embeddable":true,"href":"https:\/\/medicinasinc.com\/es\/wp-json\/wp\/v2\/product_cat?post=4667"},{"taxonomy":"product_tag","embeddable":true,"href":"https:\/\/medicinasinc.com\/es\/wp-json\/wp\/v2\/product_tag?post=4667"}],"curies":[{"name":"wp","href":"https:\/\/api.w.org\/{rel}","templated":true}]}}