{"id":4666,"date":"2022-02-20T14:26:53","date_gmt":"2022-02-20T14:26:53","guid":{"rendered":"https:\/\/medicinasinc.com\/es\/?post_type=product&#038;p=4666"},"modified":"2022-03-22T01:07:25","modified_gmt":"2022-03-22T01:07:25","slug":"comprar-palitos-de-hachis-hielo","status":"publish","type":"product","link":"https:\/\/medicinasinc.com\/es\/product\/comprar-palitos-de-hachis-hielo\/","title":{"rendered":"Comprar palitos de hach\u00eds helado"},"content":{"rendered":"<p>Ice Hash est\u00e1 ganando popularidad r\u00e1pidamente como un m\u00e9todo de bajo mantenimiento para producir hach\u00eds de alta calidad. La marihuana se combina con agua y luego se filtra a trav\u00e9s de varios tipos de tela. La resina que resulta es incre\u00edble. Hash Sticks hechos de hielo. Existen numerosos m\u00e9todos para crear Ice Hash. Puedes comprar Ice-o-lators en l\u00ednea para crear Ice Hash. Compra Sticks de Hach\u00eds Hechos de Hielo<\/p>\n<p>\u00bfC\u00f3mo se define el Hach\u00eds (Hash)?<\/p>\n<p>\u201cEl Hach\u00eds es una sustancia psicoactiva derivada de las gl\u00e1ndulas de resina de la planta hembra de Cannabis (pistilado). [\u2026 ] El objetivo es aislar (y as\u00ed concentrar) la resina que contiene THC para producir hach\u00eds\u00bb. Palitos De Hach\u00eds Hechos De Hielo<\/p>\n<p>Comprar Palitos De Hach\u00eds De Hielo | Compra palitos de hach\u00eds helado | Compra Ice Hash Sticks<\/p>\n<p>En pocas palabras, el hach\u00eds (al que ahora nos referiremos como hach\u00eds) son las gl\u00e1ndulas de resina aisladas de la planta de cannabis. A\u00fan m\u00e1s simple, el hach\u00eds es cuando las cosas buenas y pegajosas de tu cannabis se extraen completamente solas. \u00a1El hach\u00eds es, en cierto sentido, cannabis destilado! Palitos de hach\u00eds hechos de hielo<\/p>\n<p>Hacer hach\u00eds con hielo seco es el m\u00e9todo m\u00e1s sencillo, r\u00e1pido y eficaz para extraer la resina del cannabis. En pocas palabras, esta es nuestra opini\u00f3n colectiva. Dry Ice Hash es el m\u00e9todo \u00f3ptimo de producci\u00f3n de hach\u00eds. Sticks de hach\u00eds hechos de hielo<\/p>\n<p>&nbsp;<\/p>\n<p>\u00bfQu\u00e9 hace que Dry Ice Hash sea \u00fanico?<\/p>\n<p>Aunque no todos los hashes son id\u00e9nticos, muchos son bastante similares.<\/p>\n<p>Hach\u00eds de agua, tambi\u00e9n conocido como hach\u00eds de hielo, hach\u00eds de burbujas, hach\u00eds de gravedad (Gumby) y hach\u00eds de hielo seco, todos producen gl\u00e1ndulas de resina aisladas.<\/p>\n<p>Palitos de hach\u00eds hechos de hielo<\/p>\n<p>Si bien muchos m\u00e9todos producen el mismo producto o uno similar, el uso de hielo seco tiene una serie de ventajas sobre otros m\u00e9todos de recolecci\u00f3n de resina:<\/p>\n<p>Es m\u00e1s conveniente que los m\u00e9todos alternativos.<br \/> Puede \u00a1completa el hach\u00eds de hielo seco en aproximadamente 1\/25 del tiempo que lleva completar el hach\u00eds de gravedad! Aunque ese ejemplo es extremo, hacer hach\u00eds con hielo seco toma solo unos minutos y es significativamente m\u00e1s r\u00e1pido que otros m\u00e9todos. Hash Sticks Made of Ice<br \/> Es rid\u00edculamente simple, y esa simplicidad se traduce en una gratificaci\u00f3n instant\u00e1nea. Obtienes hach\u00eds premium por menos de 15 minutos agitando un balde y una bolsa.<br \/> \u00a1No hay humedad presente!<br \/> \u00a1Eso significa que la resina est\u00e1 lista inmediatamente despu\u00e9s de ser sacudida!<\/p>\n","protected":false},"excerpt":{"rendered":"<div class=\"woocommerce-product-details__short-description\">\n<p>Los Ice Hash Sticks, tambi\u00e9n conocidos como Thai Sticks, son una variedad aut\u00f3ctona sativa pura que se origin\u00f3 en Tailandia y lleg\u00f3 a los Estados Unidos en la d\u00e9cada de 1970.<\/p>\n<p>Ice Hash est\u00e1 ganando popularidad r\u00e1pidamente como un m\u00e9todo de bajo mantenimiento para producir hach\u00eds de alta calidad. La marihuana se combina con agua y luego se filtra a trav\u00e9s de varios tipos de tela. La resina que resulta es incre\u00edble. Hash Sticks hechos de hielo. Existen numerosos m\u00e9todos para crear Ice Hash. Puedes comprar Ice-o-lators en l\u00ednea para crear Ice Hash. Comprar palitos de hach\u00eds hechos de hielo<\/p>\n<\/p><\/div>\n","protected":false},"featured_media":4679,"comment_status":"open","ping_status":"closed","template":"","meta":[],"product_brand":[],"product_cat":[610],"product_tag":[],"class_list":{"0":"post-4666","1":"product","2":"type-product","3":"status-publish","4":"has-post-thumbnail","6":"product_cat-comprar-hachis-hachis","8":"first","9":"instock","10":"shipping-taxable","11":"purchasable","12":"product-type-variable","13":"has-default-attributes"},"yoast_head":"<!-- This site is optimized with the Yoast SEO plugin v27.3 - https:\/\/yoast.com\/product\/yoast-seo-wordpress\/ -->\n<title>Comprar Ice Hash Sticks - Best Best Global Meds<\/title>\n<meta name=\"description\" content=\"Compre Ice Hash Sticks a la venta en el Reino Unido, Europa en l\u00ednea, tambi\u00e9n conocida como Thai Sticks, es una variedad aut\u00f3ctona de sativa pura que comenz\u00f3 en Tailandia y solo lleg\u00f3 a los EE. UU. en los a\u00f1os 70.\" \/>\n<meta name=\"robots\" content=\"index, follow, max-snippet:-1, max-image-preview:large, max-video-preview:-1\" \/>\n<link rel=\"canonical\" href=\"https:\/\/medicinasinc.com\/es\/product\/comprar-palitos-de-hachis-hielo\/\" \/>\n<meta property=\"og:locale\" content=\"es_ES\" \/>\n<meta property=\"og:type\" content=\"article\" \/>\n<meta property=\"og:title\" content=\"Comprar Ice Hash Sticks - Best Best Global Meds\" \/>\n<meta property=\"og:description\" content=\"Compre Ice Hash Sticks a la venta en el Reino Unido, Europa en l\u00ednea, tambi\u00e9n conocida como Thai Sticks, es una variedad aut\u00f3ctona de sativa pura que comenz\u00f3 en Tailandia y solo lleg\u00f3 a los EE. UU. en los a\u00f1os 70.\" \/>\n<meta property=\"og:url\" content=\"https:\/\/medicinasinc.com\/es\/product\/comprar-palitos-de-hachis-hielo\/\" \/>\n<meta property=\"og:site_name\" content=\"Medicinas Inc\" \/>\n<meta property=\"article:modified_time\" content=\"2022-03-22T01:07:25+00:00\" \/>\n<meta property=\"og:image\" content=\"https:\/\/medicinasinc.com\/es\/wp-content\/uploads\/sites\/15\/2022\/02\/Buy-Ice-Hash-Sticks.jpg\" \/>\n\t<meta property=\"og:image:width\" content=\"600\" \/>\n\t<meta property=\"og:image:height\" content=\"600\" \/>\n\t<meta property=\"og:image:type\" content=\"image\/jpeg\" \/>\n<meta name=\"twitter:card\" content=\"summary_large_image\" \/>\n<meta name=\"twitter:label1\" content=\"Tiempo de lectura\" \/>\n\t<meta name=\"twitter:data1\" content=\"2 minutos\" \/>\n<script type=\"application\/ld+json\" class=\"yoast-schema-graph\">{\"@context\":\"https:\\\/\\\/schema.org\",\"@graph\":[{\"@type\":\"WebPage\",\"@id\":\"https:\\\/\\\/medicinasinc.com\\\/es\\\/product\\\/comprar-palitos-de-hachis-hielo\\\/\",\"url\":\"https:\\\/\\\/medicinasinc.com\\\/es\\\/product\\\/comprar-palitos-de-hachis-hielo\\\/\",\"name\":\"Comprar Ice Hash Sticks - Best Best Global Meds\",\"isPartOf\":{\"@id\":\"https:\\\/\\\/medicinasinc.com\\\/es\\\/#website\"},\"primaryImageOfPage\":{\"@id\":\"https:\\\/\\\/medicinasinc.com\\\/es\\\/product\\\/comprar-palitos-de-hachis-hielo\\\/#primaryimage\"},\"image\":{\"@id\":\"https:\\\/\\\/medicinasinc.com\\\/es\\\/product\\\/comprar-palitos-de-hachis-hielo\\\/#primaryimage\"},\"thumbnailUrl\":\"https:\\\/\\\/medicinasinc.com\\\/es\\\/wp-content\\\/uploads\\\/sites\\\/15\\\/2022\\\/02\\\/Buy-Ice-Hash-Sticks.jpg\",\"datePublished\":\"2022-02-20T14:26:53+00:00\",\"dateModified\":\"2022-03-22T01:07:25+00:00\",\"description\":\"Compre Ice Hash Sticks a la venta en el Reino Unido, Europa en l\u00ednea, tambi\u00e9n conocida como Thai Sticks, es una variedad aut\u00f3ctona de sativa pura que comenz\u00f3 en Tailandia y solo lleg\u00f3 a los EE. UU. en los a\u00f1os 70.\",\"breadcrumb\":{\"@id\":\"https:\\\/\\\/medicinasinc.com\\\/es\\\/product\\\/comprar-palitos-de-hachis-hielo\\\/#breadcrumb\"},\"inLanguage\":\"es\",\"potentialAction\":[{\"@type\":\"ReadAction\",\"target\":[\"https:\\\/\\\/medicinasinc.com\\\/es\\\/product\\\/comprar-palitos-de-hachis-hielo\\\/\"]}]},{\"@type\":\"ImageObject\",\"inLanguage\":\"es\",\"@id\":\"https:\\\/\\\/medicinasinc.com\\\/es\\\/product\\\/comprar-palitos-de-hachis-hielo\\\/#primaryimage\",\"url\":\"https:\\\/\\\/medicinasinc.com\\\/es\\\/wp-content\\\/uploads\\\/sites\\\/15\\\/2022\\\/02\\\/Buy-Ice-Hash-Sticks.jpg\",\"contentUrl\":\"https:\\\/\\\/medicinasinc.com\\\/es\\\/wp-content\\\/uploads\\\/sites\\\/15\\\/2022\\\/02\\\/Buy-Ice-Hash-Sticks.jpg\",\"width\":600,\"height\":600},{\"@type\":\"BreadcrumbList\",\"@id\":\"https:\\\/\\\/medicinasinc.com\\\/es\\\/product\\\/comprar-palitos-de-hachis-hielo\\\/#breadcrumb\",\"itemListElement\":[{\"@type\":\"ListItem\",\"position\":1,\"name\":\"Tienda\",\"item\":\"https:\\\/\\\/medicinasinc.com\\\/es\\\/tienda\\\/\"},{\"@type\":\"ListItem\",\"position\":2,\"name\":\"Comprar palitos de hach\u00eds helado\"}]},{\"@type\":\"WebSite\",\"@id\":\"https:\\\/\\\/medicinasinc.com\\\/es\\\/#website\",\"url\":\"https:\\\/\\\/medicinasinc.com\\\/es\\\/\",\"name\":\"Medicinas Inc\",\"description\":\"Cl\u00ednica M\u00e9dica de Salud\",\"potentialAction\":[{\"@type\":\"SearchAction\",\"target\":{\"@type\":\"EntryPoint\",\"urlTemplate\":\"https:\\\/\\\/medicinasinc.com\\\/es\\\/?s={search_term_string}\"},\"query-input\":{\"@type\":\"PropertyValueSpecification\",\"valueRequired\":true,\"valueName\":\"search_term_string\"}}],\"inLanguage\":\"es\"}]}<\/script>\n<!-- \/ Yoast SEO plugin. -->","yoast_head_json":{"title":"Comprar Ice Hash Sticks - Best Best Global Meds","description":"Compre Ice Hash Sticks a la venta en el Reino Unido, Europa en l\u00ednea, tambi\u00e9n conocida como Thai Sticks, es una variedad aut\u00f3ctona de sativa pura que comenz\u00f3 en Tailandia y solo lleg\u00f3 a los EE. UU. en los a\u00f1os 70.","robots":{"index":"index","follow":"follow","max-snippet":"max-snippet:-1","max-image-preview":"max-image-preview:large","max-video-preview":"max-video-preview:-1"},"canonical":"https:\/\/medicinasinc.com\/es\/product\/comprar-palitos-de-hachis-hielo\/","og_locale":"es_ES","og_type":"article","og_title":"Comprar Ice Hash Sticks - Best Best Global Meds","og_description":"Compre Ice Hash Sticks a la venta en el Reino Unido, Europa en l\u00ednea, tambi\u00e9n conocida como Thai Sticks, es una variedad aut\u00f3ctona de sativa pura que comenz\u00f3 en Tailandia y solo lleg\u00f3 a los EE. UU. en los a\u00f1os 70.","og_url":"https:\/\/medicinasinc.com\/es\/product\/comprar-palitos-de-hachis-hielo\/","og_site_name":"Medicinas Inc","article_modified_time":"2022-03-22T01:07:25+00:00","og_image":[{"width":600,"height":600,"url":"https:\/\/medicinasinc.com\/es\/wp-content\/uploads\/sites\/15\/2022\/02\/Buy-Ice-Hash-Sticks.jpg","type":"image\/jpeg"}],"twitter_card":"summary_large_image","twitter_misc":{"Tiempo de lectura":"2 minutos"},"schema":{"@context":"https:\/\/schema.org","@graph":[{"@type":"WebPage","@id":"https:\/\/medicinasinc.com\/es\/product\/comprar-palitos-de-hachis-hielo\/","url":"https:\/\/medicinasinc.com\/es\/product\/comprar-palitos-de-hachis-hielo\/","name":"Comprar Ice Hash Sticks - Best Best Global Meds","isPartOf":{"@id":"https:\/\/medicinasinc.com\/es\/#website"},"primaryImageOfPage":{"@id":"https:\/\/medicinasinc.com\/es\/product\/comprar-palitos-de-hachis-hielo\/#primaryimage"},"image":{"@id":"https:\/\/medicinasinc.com\/es\/product\/comprar-palitos-de-hachis-hielo\/#primaryimage"},"thumbnailUrl":"https:\/\/medicinasinc.com\/es\/wp-content\/uploads\/sites\/15\/2022\/02\/Buy-Ice-Hash-Sticks.jpg","datePublished":"2022-02-20T14:26:53+00:00","dateModified":"2022-03-22T01:07:25+00:00","description":"Compre Ice Hash Sticks a la venta en el Reino Unido, Europa en l\u00ednea, tambi\u00e9n conocida como Thai Sticks, es una variedad aut\u00f3ctona de sativa pura que comenz\u00f3 en Tailandia y solo lleg\u00f3 a los EE. UU. en los a\u00f1os 70.","breadcrumb":{"@id":"https:\/\/medicinasinc.com\/es\/product\/comprar-palitos-de-hachis-hielo\/#breadcrumb"},"inLanguage":"es","potentialAction":[{"@type":"ReadAction","target":["https:\/\/medicinasinc.com\/es\/product\/comprar-palitos-de-hachis-hielo\/"]}]},{"@type":"ImageObject","inLanguage":"es","@id":"https:\/\/medicinasinc.com\/es\/product\/comprar-palitos-de-hachis-hielo\/#primaryimage","url":"https:\/\/medicinasinc.com\/es\/wp-content\/uploads\/sites\/15\/2022\/02\/Buy-Ice-Hash-Sticks.jpg","contentUrl":"https:\/\/medicinasinc.com\/es\/wp-content\/uploads\/sites\/15\/2022\/02\/Buy-Ice-Hash-Sticks.jpg","width":600,"height":600},{"@type":"BreadcrumbList","@id":"https:\/\/medicinasinc.com\/es\/product\/comprar-palitos-de-hachis-hielo\/#breadcrumb","itemListElement":[{"@type":"ListItem","position":1,"name":"Tienda","item":"https:\/\/medicinasinc.com\/es\/tienda\/"},{"@type":"ListItem","position":2,"name":"Comprar palitos de hach\u00eds helado"}]},{"@type":"WebSite","@id":"https:\/\/medicinasinc.com\/es\/#website","url":"https:\/\/medicinasinc.com\/es\/","name":"Medicinas Inc","description":"Cl\u00ednica M\u00e9dica de Salud","potentialAction":[{"@type":"SearchAction","target":{"@type":"EntryPoint","urlTemplate":"https:\/\/medicinasinc.com\/es\/?s={search_term_string}"},"query-input":{"@type":"PropertyValueSpecification","valueRequired":true,"valueName":"search_term_string"}}],"inLanguage":"es"}]}},"_links":{"self":[{"href":"https:\/\/medicinasinc.com\/es\/wp-json\/wp\/v2\/product\/4666","targetHints":{"allow":["GET"]}}],"collection":[{"href":"https:\/\/medicinasinc.com\/es\/wp-json\/wp\/v2\/product"}],"about":[{"href":"https:\/\/medicinasinc.com\/es\/wp-json\/wp\/v2\/types\/product"}],"replies":[{"embeddable":true,"href":"https:\/\/medicinasinc.com\/es\/wp-json\/wp\/v2\/comments?post=4666"}],"wp:featuredmedia":[{"embeddable":true,"href":"https:\/\/medicinasinc.com\/es\/wp-json\/wp\/v2\/media\/4679"}],"wp:attachment":[{"href":"https:\/\/medicinasinc.com\/es\/wp-json\/wp\/v2\/media?parent=4666"}],"wp:term":[{"taxonomy":"product_brand","embeddable":true,"href":"https:\/\/medicinasinc.com\/es\/wp-json\/wp\/v2\/product_brand?post=4666"},{"taxonomy":"product_cat","embeddable":true,"href":"https:\/\/medicinasinc.com\/es\/wp-json\/wp\/v2\/product_cat?post=4666"},{"taxonomy":"product_tag","embeddable":true,"href":"https:\/\/medicinasinc.com\/es\/wp-json\/wp\/v2\/product_tag?post=4666"}],"curies":[{"name":"wp","href":"https:\/\/api.w.org\/{rel}","templated":true}]}}