{"id":4658,"date":"2022-02-20T14:22:15","date_gmt":"2022-02-20T14:22:15","guid":{"rendered":"https:\/\/medicinasinc.com\/es\/?post_type=product&#038;p=4658"},"modified":"2022-03-22T01:07:33","modified_gmt":"2022-03-22T01:07:33","slug":"comprar-miel-rubia-marroqui-hachis","status":"publish","type":"product","link":"https:\/\/medicinasinc.com\/es\/product\/comprar-miel-rubia-marroqui-hachis\/","title":{"rendered":"Comprar Hach\u00eds Rubio Marroqu\u00ed Miel"},"content":{"rendered":"<div class=\"woocommerce-tabs wc-tabs-wrapper\">\n<div id=\"tab-description\" class=\"woocommerce-Tabs-panel woocommerce-Tabs-panel--panel de descripci\u00f3n entrada-contenido wc-tab\" role=\"tabpanel\" aria-labelledby=\"tab-title-description\">\n<p>Compra en l\u00ednea de hach\u00eds rubio marroqu\u00ed con miel. Kif se usa con frecuencia junto con hach\u00eds. Kif se usa con frecuencia en Occidente para crear el exclusivo Hash Honey Moroccan Blonde. Cuando se usan las hojas m\u00e1s suaves, se denomina \u00abhabisha\u00bb, que es similar a la marihuana.<\/p>\n<p>Honey Moroccan Blonde Hash tiene un sabor t\u00edpicamente dulce con una sensaci\u00f3n suave en la lengua. Es el tipo de sabor que adoran las papilas gustativas. Es posible tener un hach\u00eds extremadamente resinoso.<\/p>\n<p>Sabor Honey Moroccan Blonde Hash:<\/p>\n<p>Honey Moroccan Blonde Hash tiene un sabor dulce y una textura suave en la lengua. Es el tipo de sabor que las papilas gustativas aprecian. Es posible tener un hach\u00eds muy resinoso. Compra online de hach\u00eds rubio marroqu\u00ed con miel<\/p>\n<\/p><\/div><\/div>\n","protected":false},"excerpt":{"rendered":"<div class=\"woocommerce-product-details__short-description\">\n<p>Comprar Honey Moroccan Blonde Hash para la venta Reino Unido, Europa. Es ligeramente arom\u00e1tica con un toque especiado que produce un subid\u00f3n cerebral y activo. hach\u00eds rubio.<\/p>\n<\/p><\/div>\n","protected":false},"featured_media":4671,"comment_status":"open","ping_status":"closed","template":"","meta":[],"product_brand":[],"product_cat":[610],"product_tag":[],"class_list":{"0":"post-4658","1":"product","2":"type-product","3":"status-publish","4":"has-post-thumbnail","6":"product_cat-comprar-hachis-hachis","8":"first","9":"instock","10":"shipping-taxable","11":"purchasable","12":"product-type-variable","13":"has-default-attributes"},"yoast_head":"<!-- This site is optimized with the Yoast SEO plugin v27.2 - https:\/\/yoast.com\/product\/yoast-seo-wordpress\/ -->\n<title>Comprar Hach\u00eds Rubio Marroqu\u00ed Miel - Best Global Medicina<\/title>\n<meta name=\"description\" content=\"Comprar Honey Moroccan Blonde Hash para la venta Reino Unido, Europa. Es ligeramente arom\u00e1tica con un toque especiado que produce un subid\u00f3n cerebral y activo. hach\u00eds rubio.\" \/>\n<meta name=\"robots\" content=\"index, follow, max-snippet:-1, max-image-preview:large, max-video-preview:-1\" \/>\n<link rel=\"canonical\" href=\"https:\/\/medicinasinc.com\/es\/product\/comprar-miel-rubia-marroqui-hachis\/\" \/>\n<meta property=\"og:locale\" content=\"es_ES\" \/>\n<meta property=\"og:type\" content=\"article\" \/>\n<meta property=\"og:title\" content=\"Comprar Hach\u00eds Rubio Marroqu\u00ed Miel - Best Global Medicina\" \/>\n<meta property=\"og:description\" content=\"Comprar Honey Moroccan Blonde Hash para la venta Reino Unido, Europa. Es ligeramente arom\u00e1tica con un toque especiado que produce un subid\u00f3n cerebral y activo. hach\u00eds rubio.\" \/>\n<meta property=\"og:url\" content=\"https:\/\/medicinasinc.com\/es\/product\/comprar-miel-rubia-marroqui-hachis\/\" \/>\n<meta property=\"og:site_name\" content=\"Medicinas Inc\" \/>\n<meta property=\"article:modified_time\" content=\"2022-03-22T01:07:33+00:00\" \/>\n<meta property=\"og:image\" content=\"https:\/\/medicinasinc.com\/es\/wp-content\/uploads\/sites\/15\/2022\/02\/Buy-Honey-Moroccan-Blonde-Hash.jpg\" \/>\n\t<meta property=\"og:image:width\" content=\"600\" \/>\n\t<meta property=\"og:image:height\" content=\"600\" \/>\n\t<meta property=\"og:image:type\" content=\"image\/jpeg\" \/>\n<meta name=\"twitter:card\" content=\"summary_large_image\" \/>\n<meta name=\"twitter:label1\" content=\"Tiempo de lectura\" \/>\n\t<meta name=\"twitter:data1\" content=\"1 minuto\" \/>\n<script type=\"application\/ld+json\" class=\"yoast-schema-graph\">{\"@context\":\"https:\/\/schema.org\",\"@graph\":[{\"@type\":\"WebPage\",\"@id\":\"https:\/\/medicinasinc.com\/es\/product\/comprar-miel-rubia-marroqui-hachis\/\",\"url\":\"https:\/\/medicinasinc.com\/es\/product\/comprar-miel-rubia-marroqui-hachis\/\",\"name\":\"Comprar Hach\u00eds Rubio Marroqu\u00ed Miel - Best Global Medicina\",\"isPartOf\":{\"@id\":\"https:\/\/medicinasinc.com\/es\/#website\"},\"primaryImageOfPage\":{\"@id\":\"https:\/\/medicinasinc.com\/es\/product\/comprar-miel-rubia-marroqui-hachis\/#primaryimage\"},\"image\":{\"@id\":\"https:\/\/medicinasinc.com\/es\/product\/comprar-miel-rubia-marroqui-hachis\/#primaryimage\"},\"thumbnailUrl\":\"https:\/\/medicinasinc.com\/es\/wp-content\/uploads\/sites\/15\/2022\/02\/Buy-Honey-Moroccan-Blonde-Hash.jpg\",\"datePublished\":\"2022-02-20T14:22:15+00:00\",\"dateModified\":\"2022-03-22T01:07:33+00:00\",\"description\":\"Comprar Honey Moroccan Blonde Hash para la venta Reino Unido, Europa. Es ligeramente arom\u00e1tica con un toque especiado que produce un subid\u00f3n cerebral y activo. hach\u00eds rubio.\",\"breadcrumb\":{\"@id\":\"https:\/\/medicinasinc.com\/es\/product\/comprar-miel-rubia-marroqui-hachis\/#breadcrumb\"},\"inLanguage\":\"es\",\"potentialAction\":[{\"@type\":\"ReadAction\",\"target\":[\"https:\/\/medicinasinc.com\/es\/product\/comprar-miel-rubia-marroqui-hachis\/\"]}]},{\"@type\":\"ImageObject\",\"inLanguage\":\"es\",\"@id\":\"https:\/\/medicinasinc.com\/es\/product\/comprar-miel-rubia-marroqui-hachis\/#primaryimage\",\"url\":\"https:\/\/medicinasinc.com\/es\/wp-content\/uploads\/sites\/15\/2022\/02\/Buy-Honey-Moroccan-Blonde-Hash.jpg\",\"contentUrl\":\"https:\/\/medicinasinc.com\/es\/wp-content\/uploads\/sites\/15\/2022\/02\/Buy-Honey-Moroccan-Blonde-Hash.jpg\",\"width\":600,\"height\":600},{\"@type\":\"BreadcrumbList\",\"@id\":\"https:\/\/medicinasinc.com\/es\/product\/comprar-miel-rubia-marroqui-hachis\/#breadcrumb\",\"itemListElement\":[{\"@type\":\"ListItem\",\"position\":1,\"name\":\"Tienda\",\"item\":\"https:\/\/medicinasinc.com\/es\/tienda\/\"},{\"@type\":\"ListItem\",\"position\":2,\"name\":\"Comprar Hach\u00eds Rubio Marroqu\u00ed Miel\"}]},{\"@type\":\"WebSite\",\"@id\":\"https:\/\/medicinasinc.com\/es\/#website\",\"url\":\"https:\/\/medicinasinc.com\/es\/\",\"name\":\"Medicinas Inc\",\"description\":\"Cl\u00ednica M\u00e9dica de Salud\",\"potentialAction\":[{\"@type\":\"SearchAction\",\"target\":{\"@type\":\"EntryPoint\",\"urlTemplate\":\"https:\/\/medicinasinc.com\/es\/?s={search_term_string}\"},\"query-input\":{\"@type\":\"PropertyValueSpecification\",\"valueRequired\":true,\"valueName\":\"search_term_string\"}}],\"inLanguage\":\"es\"}]}<\/script>\n<!-- \/ Yoast SEO plugin. -->","yoast_head_json":{"title":"Comprar Hach\u00eds Rubio Marroqu\u00ed Miel - Best Global Medicina","description":"Comprar Honey Moroccan Blonde Hash para la venta Reino Unido, Europa. Es ligeramente arom\u00e1tica con un toque especiado que produce un subid\u00f3n cerebral y activo. hach\u00eds rubio.","robots":{"index":"index","follow":"follow","max-snippet":"max-snippet:-1","max-image-preview":"max-image-preview:large","max-video-preview":"max-video-preview:-1"},"canonical":"https:\/\/medicinasinc.com\/es\/product\/comprar-miel-rubia-marroqui-hachis\/","og_locale":"es_ES","og_type":"article","og_title":"Comprar Hach\u00eds Rubio Marroqu\u00ed Miel - Best Global Medicina","og_description":"Comprar Honey Moroccan Blonde Hash para la venta Reino Unido, Europa. Es ligeramente arom\u00e1tica con un toque especiado que produce un subid\u00f3n cerebral y activo. hach\u00eds rubio.","og_url":"https:\/\/medicinasinc.com\/es\/product\/comprar-miel-rubia-marroqui-hachis\/","og_site_name":"Medicinas Inc","article_modified_time":"2022-03-22T01:07:33+00:00","og_image":[{"width":600,"height":600,"url":"https:\/\/medicinasinc.com\/es\/wp-content\/uploads\/sites\/15\/2022\/02\/Buy-Honey-Moroccan-Blonde-Hash.jpg","type":"image\/jpeg"}],"twitter_card":"summary_large_image","twitter_misc":{"Tiempo de lectura":"1 minuto"},"schema":{"@context":"https:\/\/schema.org","@graph":[{"@type":"WebPage","@id":"https:\/\/medicinasinc.com\/es\/product\/comprar-miel-rubia-marroqui-hachis\/","url":"https:\/\/medicinasinc.com\/es\/product\/comprar-miel-rubia-marroqui-hachis\/","name":"Comprar Hach\u00eds Rubio Marroqu\u00ed Miel - Best Global Medicina","isPartOf":{"@id":"https:\/\/medicinasinc.com\/es\/#website"},"primaryImageOfPage":{"@id":"https:\/\/medicinasinc.com\/es\/product\/comprar-miel-rubia-marroqui-hachis\/#primaryimage"},"image":{"@id":"https:\/\/medicinasinc.com\/es\/product\/comprar-miel-rubia-marroqui-hachis\/#primaryimage"},"thumbnailUrl":"https:\/\/medicinasinc.com\/es\/wp-content\/uploads\/sites\/15\/2022\/02\/Buy-Honey-Moroccan-Blonde-Hash.jpg","datePublished":"2022-02-20T14:22:15+00:00","dateModified":"2022-03-22T01:07:33+00:00","description":"Comprar Honey Moroccan Blonde Hash para la venta Reino Unido, Europa. Es ligeramente arom\u00e1tica con un toque especiado que produce un subid\u00f3n cerebral y activo. hach\u00eds rubio.","breadcrumb":{"@id":"https:\/\/medicinasinc.com\/es\/product\/comprar-miel-rubia-marroqui-hachis\/#breadcrumb"},"inLanguage":"es","potentialAction":[{"@type":"ReadAction","target":["https:\/\/medicinasinc.com\/es\/product\/comprar-miel-rubia-marroqui-hachis\/"]}]},{"@type":"ImageObject","inLanguage":"es","@id":"https:\/\/medicinasinc.com\/es\/product\/comprar-miel-rubia-marroqui-hachis\/#primaryimage","url":"https:\/\/medicinasinc.com\/es\/wp-content\/uploads\/sites\/15\/2022\/02\/Buy-Honey-Moroccan-Blonde-Hash.jpg","contentUrl":"https:\/\/medicinasinc.com\/es\/wp-content\/uploads\/sites\/15\/2022\/02\/Buy-Honey-Moroccan-Blonde-Hash.jpg","width":600,"height":600},{"@type":"BreadcrumbList","@id":"https:\/\/medicinasinc.com\/es\/product\/comprar-miel-rubia-marroqui-hachis\/#breadcrumb","itemListElement":[{"@type":"ListItem","position":1,"name":"Tienda","item":"https:\/\/medicinasinc.com\/es\/tienda\/"},{"@type":"ListItem","position":2,"name":"Comprar Hach\u00eds Rubio Marroqu\u00ed Miel"}]},{"@type":"WebSite","@id":"https:\/\/medicinasinc.com\/es\/#website","url":"https:\/\/medicinasinc.com\/es\/","name":"Medicinas Inc","description":"Cl\u00ednica M\u00e9dica de Salud","potentialAction":[{"@type":"SearchAction","target":{"@type":"EntryPoint","urlTemplate":"https:\/\/medicinasinc.com\/es\/?s={search_term_string}"},"query-input":{"@type":"PropertyValueSpecification","valueRequired":true,"valueName":"search_term_string"}}],"inLanguage":"es"}]}},"_links":{"self":[{"href":"https:\/\/medicinasinc.com\/es\/wp-json\/wp\/v2\/product\/4658","targetHints":{"allow":["GET"]}}],"collection":[{"href":"https:\/\/medicinasinc.com\/es\/wp-json\/wp\/v2\/product"}],"about":[{"href":"https:\/\/medicinasinc.com\/es\/wp-json\/wp\/v2\/types\/product"}],"replies":[{"embeddable":true,"href":"https:\/\/medicinasinc.com\/es\/wp-json\/wp\/v2\/comments?post=4658"}],"wp:featuredmedia":[{"embeddable":true,"href":"https:\/\/medicinasinc.com\/es\/wp-json\/wp\/v2\/media\/4671"}],"wp:attachment":[{"href":"https:\/\/medicinasinc.com\/es\/wp-json\/wp\/v2\/media?parent=4658"}],"wp:term":[{"taxonomy":"product_brand","embeddable":true,"href":"https:\/\/medicinasinc.com\/es\/wp-json\/wp\/v2\/product_brand?post=4658"},{"taxonomy":"product_cat","embeddable":true,"href":"https:\/\/medicinasinc.com\/es\/wp-json\/wp\/v2\/product_cat?post=4658"},{"taxonomy":"product_tag","embeddable":true,"href":"https:\/\/medicinasinc.com\/es\/wp-json\/wp\/v2\/product_tag?post=4658"}],"curies":[{"name":"wp","href":"https:\/\/api.w.org\/{rel}","templated":true}]}}