{"id":4635,"date":"2022-02-20T14:04:42","date_gmt":"2022-02-20T14:04:42","guid":{"rendered":"https:\/\/medicinasinc.com\/es\/?post_type=product&#038;p=4635"},"modified":"2022-03-22T01:07:57","modified_gmt":"2022-03-22T01:07:57","slug":"comprar-charas-hachis","status":"publish","type":"product","link":"https:\/\/medicinasinc.com\/es\/product\/comprar-charas-hachis\/","title":{"rendered":"Comprar Hach\u00eds de Charas"},"content":{"rendered":"<p>Compra online de Charas Hash<\/p>\n<p>Compra online de Charas Hash. Creado frotando cuidadosamente los cogollos femeninos entre los dedos. La brea se entrega en Hash-Balls y se exprime en trozos est\u00e1ndar antes del env\u00edo. Negro por fuera, verdoso tenue\/oscuro por dentro. Aroma: Picante a extremadamente picante. Tiene un aroma inconfundible. Sabor: Muy picante, bastante \u00e1spero en la garganta, pero mucho menos que Afghani. Consistencia: Extremadamente delicada, similar a Afghani en su capacidad para ser masajeado con eficacia. Ocasionalmente muy fino, pero consistentemente espeso. Impacto: subid\u00f3n extremadamente pedregoso y f\u00edsicamente estimulante. Cerebral. Potente a extremadamente potente. Charas, como Nepali, produce con frecuencia un excelente humo. (10-26% THC) Disponibilidad: Extremadamente raro; cantidades extremadamente peque\u00f1as ocasionalmente est\u00e1n disponibles. La mayor\u00eda de este tipo de hach\u00eds es importado a la India por viajeros privados. Naturalmente, el costo es alto en t\u00e9rminos nepal\u00edes. Charas normalmente se vende como un \u00abdedo\u00bb, que es un picadillo con forma de perrito caliente.<\/p>\n","protected":false},"excerpt":{"rendered":"<div class=\"woocommerce-product-details__short-description\">\n<p>Compre Charas Hash a la venta en el Reino Unido, Europa, en l\u00ednea, barato y con env\u00edo a todo el mundo. Es un concentrado distintivo y robusto que es muy bueno para el dolor, la ansiedad y las n\u00e1useas.<\/p>\n<\/p><\/div>\n","protected":false},"featured_media":4649,"comment_status":"open","ping_status":"closed","template":"","meta":[],"product_brand":[],"product_cat":[610],"product_tag":[],"class_list":{"0":"post-4635","1":"product","2":"type-product","3":"status-publish","4":"has-post-thumbnail","6":"product_cat-comprar-hachis-hachis","8":"first","9":"instock","10":"shipping-taxable","11":"purchasable","12":"product-type-variable","13":"has-default-attributes"},"yoast_head":"<!-- This site is optimized with the Yoast SEO plugin v27.3 - https:\/\/yoast.com\/product\/yoast-seo-wordpress\/ -->\n<title>Comprar Charas Hash - Best Best Global Meds<\/title>\n<meta name=\"description\" content=\"Compre Charas Hash a la venta en el Reino Unido, Europa en l\u00ednea barato con env\u00edo a todo el mundo. Es un concentrado distintivo y fuerte que es muy bueno para el dolor, la ansiedad y las n\u00e1useas.\" \/>\n<meta name=\"robots\" content=\"index, follow, max-snippet:-1, max-image-preview:large, max-video-preview:-1\" \/>\n<link rel=\"canonical\" href=\"https:\/\/medicinasinc.com\/es\/product\/comprar-charas-hachis\/\" \/>\n<meta property=\"og:locale\" content=\"es_ES\" \/>\n<meta property=\"og:type\" content=\"article\" \/>\n<meta property=\"og:title\" content=\"Comprar Charas Hash - Best Best Global Meds\" \/>\n<meta property=\"og:description\" content=\"Compre Charas Hash a la venta en el Reino Unido, Europa en l\u00ednea barato con env\u00edo a todo el mundo. Es un concentrado distintivo y fuerte que es muy bueno para el dolor, la ansiedad y las n\u00e1useas.\" \/>\n<meta property=\"og:url\" content=\"https:\/\/medicinasinc.com\/es\/product\/comprar-charas-hachis\/\" \/>\n<meta property=\"og:site_name\" content=\"Medicinas Inc\" \/>\n<meta property=\"article:modified_time\" content=\"2022-03-22T01:07:57+00:00\" \/>\n<meta property=\"og:image\" content=\"https:\/\/medicinasinc.com\/es\/wp-content\/uploads\/sites\/15\/2022\/02\/Buy-Charas-Hash-Online.jpg\" \/>\n\t<meta property=\"og:image:width\" content=\"600\" \/>\n\t<meta property=\"og:image:height\" content=\"600\" \/>\n\t<meta property=\"og:image:type\" content=\"image\/jpeg\" \/>\n<meta name=\"twitter:card\" content=\"summary_large_image\" \/>\n<meta name=\"twitter:label1\" content=\"Tiempo de lectura\" \/>\n\t<meta name=\"twitter:data1\" content=\"1 minuto\" \/>\n<script type=\"application\/ld+json\" class=\"yoast-schema-graph\">{\"@context\":\"https:\\\/\\\/schema.org\",\"@graph\":[{\"@type\":\"WebPage\",\"@id\":\"https:\\\/\\\/medicinasinc.com\\\/es\\\/product\\\/comprar-charas-hachis\\\/\",\"url\":\"https:\\\/\\\/medicinasinc.com\\\/es\\\/product\\\/comprar-charas-hachis\\\/\",\"name\":\"Comprar Charas Hash - Best Best Global Meds\",\"isPartOf\":{\"@id\":\"https:\\\/\\\/medicinasinc.com\\\/es\\\/#website\"},\"primaryImageOfPage\":{\"@id\":\"https:\\\/\\\/medicinasinc.com\\\/es\\\/product\\\/comprar-charas-hachis\\\/#primaryimage\"},\"image\":{\"@id\":\"https:\\\/\\\/medicinasinc.com\\\/es\\\/product\\\/comprar-charas-hachis\\\/#primaryimage\"},\"thumbnailUrl\":\"https:\\\/\\\/medicinasinc.com\\\/es\\\/wp-content\\\/uploads\\\/sites\\\/15\\\/2022\\\/02\\\/Buy-Charas-Hash-Online.jpg\",\"datePublished\":\"2022-02-20T14:04:42+00:00\",\"dateModified\":\"2022-03-22T01:07:57+00:00\",\"description\":\"Compre Charas Hash a la venta en el Reino Unido, Europa en l\u00ednea barato con env\u00edo a todo el mundo. Es un concentrado distintivo y fuerte que es muy bueno para el dolor, la ansiedad y las n\u00e1useas.\",\"breadcrumb\":{\"@id\":\"https:\\\/\\\/medicinasinc.com\\\/es\\\/product\\\/comprar-charas-hachis\\\/#breadcrumb\"},\"inLanguage\":\"es\",\"potentialAction\":[{\"@type\":\"ReadAction\",\"target\":[\"https:\\\/\\\/medicinasinc.com\\\/es\\\/product\\\/comprar-charas-hachis\\\/\"]}]},{\"@type\":\"ImageObject\",\"inLanguage\":\"es\",\"@id\":\"https:\\\/\\\/medicinasinc.com\\\/es\\\/product\\\/comprar-charas-hachis\\\/#primaryimage\",\"url\":\"https:\\\/\\\/medicinasinc.com\\\/es\\\/wp-content\\\/uploads\\\/sites\\\/15\\\/2022\\\/02\\\/Buy-Charas-Hash-Online.jpg\",\"contentUrl\":\"https:\\\/\\\/medicinasinc.com\\\/es\\\/wp-content\\\/uploads\\\/sites\\\/15\\\/2022\\\/02\\\/Buy-Charas-Hash-Online.jpg\",\"width\":600,\"height\":600},{\"@type\":\"BreadcrumbList\",\"@id\":\"https:\\\/\\\/medicinasinc.com\\\/es\\\/product\\\/comprar-charas-hachis\\\/#breadcrumb\",\"itemListElement\":[{\"@type\":\"ListItem\",\"position\":1,\"name\":\"Tienda\",\"item\":\"https:\\\/\\\/medicinasinc.com\\\/es\\\/tienda\\\/\"},{\"@type\":\"ListItem\",\"position\":2,\"name\":\"Comprar Hach\u00eds de Charas\"}]},{\"@type\":\"WebSite\",\"@id\":\"https:\\\/\\\/medicinasinc.com\\\/es\\\/#website\",\"url\":\"https:\\\/\\\/medicinasinc.com\\\/es\\\/\",\"name\":\"Medicinas Inc\",\"description\":\"Cl\u00ednica M\u00e9dica de Salud\",\"potentialAction\":[{\"@type\":\"SearchAction\",\"target\":{\"@type\":\"EntryPoint\",\"urlTemplate\":\"https:\\\/\\\/medicinasinc.com\\\/es\\\/?s={search_term_string}\"},\"query-input\":{\"@type\":\"PropertyValueSpecification\",\"valueRequired\":true,\"valueName\":\"search_term_string\"}}],\"inLanguage\":\"es\"}]}<\/script>\n<!-- \/ Yoast SEO plugin. -->","yoast_head_json":{"title":"Comprar Charas Hash - Best Best Global Meds","description":"Compre Charas Hash a la venta en el Reino Unido, Europa en l\u00ednea barato con env\u00edo a todo el mundo. Es un concentrado distintivo y fuerte que es muy bueno para el dolor, la ansiedad y las n\u00e1useas.","robots":{"index":"index","follow":"follow","max-snippet":"max-snippet:-1","max-image-preview":"max-image-preview:large","max-video-preview":"max-video-preview:-1"},"canonical":"https:\/\/medicinasinc.com\/es\/product\/comprar-charas-hachis\/","og_locale":"es_ES","og_type":"article","og_title":"Comprar Charas Hash - Best Best Global Meds","og_description":"Compre Charas Hash a la venta en el Reino Unido, Europa en l\u00ednea barato con env\u00edo a todo el mundo. Es un concentrado distintivo y fuerte que es muy bueno para el dolor, la ansiedad y las n\u00e1useas.","og_url":"https:\/\/medicinasinc.com\/es\/product\/comprar-charas-hachis\/","og_site_name":"Medicinas Inc","article_modified_time":"2022-03-22T01:07:57+00:00","og_image":[{"width":600,"height":600,"url":"https:\/\/medicinasinc.com\/es\/wp-content\/uploads\/sites\/15\/2022\/02\/Buy-Charas-Hash-Online.jpg","type":"image\/jpeg"}],"twitter_card":"summary_large_image","twitter_misc":{"Tiempo de lectura":"1 minuto"},"schema":{"@context":"https:\/\/schema.org","@graph":[{"@type":"WebPage","@id":"https:\/\/medicinasinc.com\/es\/product\/comprar-charas-hachis\/","url":"https:\/\/medicinasinc.com\/es\/product\/comprar-charas-hachis\/","name":"Comprar Charas Hash - Best Best Global Meds","isPartOf":{"@id":"https:\/\/medicinasinc.com\/es\/#website"},"primaryImageOfPage":{"@id":"https:\/\/medicinasinc.com\/es\/product\/comprar-charas-hachis\/#primaryimage"},"image":{"@id":"https:\/\/medicinasinc.com\/es\/product\/comprar-charas-hachis\/#primaryimage"},"thumbnailUrl":"https:\/\/medicinasinc.com\/es\/wp-content\/uploads\/sites\/15\/2022\/02\/Buy-Charas-Hash-Online.jpg","datePublished":"2022-02-20T14:04:42+00:00","dateModified":"2022-03-22T01:07:57+00:00","description":"Compre Charas Hash a la venta en el Reino Unido, Europa en l\u00ednea barato con env\u00edo a todo el mundo. Es un concentrado distintivo y fuerte que es muy bueno para el dolor, la ansiedad y las n\u00e1useas.","breadcrumb":{"@id":"https:\/\/medicinasinc.com\/es\/product\/comprar-charas-hachis\/#breadcrumb"},"inLanguage":"es","potentialAction":[{"@type":"ReadAction","target":["https:\/\/medicinasinc.com\/es\/product\/comprar-charas-hachis\/"]}]},{"@type":"ImageObject","inLanguage":"es","@id":"https:\/\/medicinasinc.com\/es\/product\/comprar-charas-hachis\/#primaryimage","url":"https:\/\/medicinasinc.com\/es\/wp-content\/uploads\/sites\/15\/2022\/02\/Buy-Charas-Hash-Online.jpg","contentUrl":"https:\/\/medicinasinc.com\/es\/wp-content\/uploads\/sites\/15\/2022\/02\/Buy-Charas-Hash-Online.jpg","width":600,"height":600},{"@type":"BreadcrumbList","@id":"https:\/\/medicinasinc.com\/es\/product\/comprar-charas-hachis\/#breadcrumb","itemListElement":[{"@type":"ListItem","position":1,"name":"Tienda","item":"https:\/\/medicinasinc.com\/es\/tienda\/"},{"@type":"ListItem","position":2,"name":"Comprar Hach\u00eds de Charas"}]},{"@type":"WebSite","@id":"https:\/\/medicinasinc.com\/es\/#website","url":"https:\/\/medicinasinc.com\/es\/","name":"Medicinas Inc","description":"Cl\u00ednica M\u00e9dica de Salud","potentialAction":[{"@type":"SearchAction","target":{"@type":"EntryPoint","urlTemplate":"https:\/\/medicinasinc.com\/es\/?s={search_term_string}"},"query-input":{"@type":"PropertyValueSpecification","valueRequired":true,"valueName":"search_term_string"}}],"inLanguage":"es"}]}},"_links":{"self":[{"href":"https:\/\/medicinasinc.com\/es\/wp-json\/wp\/v2\/product\/4635","targetHints":{"allow":["GET"]}}],"collection":[{"href":"https:\/\/medicinasinc.com\/es\/wp-json\/wp\/v2\/product"}],"about":[{"href":"https:\/\/medicinasinc.com\/es\/wp-json\/wp\/v2\/types\/product"}],"replies":[{"embeddable":true,"href":"https:\/\/medicinasinc.com\/es\/wp-json\/wp\/v2\/comments?post=4635"}],"wp:featuredmedia":[{"embeddable":true,"href":"https:\/\/medicinasinc.com\/es\/wp-json\/wp\/v2\/media\/4649"}],"wp:attachment":[{"href":"https:\/\/medicinasinc.com\/es\/wp-json\/wp\/v2\/media?parent=4635"}],"wp:term":[{"taxonomy":"product_brand","embeddable":true,"href":"https:\/\/medicinasinc.com\/es\/wp-json\/wp\/v2\/product_brand?post=4635"},{"taxonomy":"product_cat","embeddable":true,"href":"https:\/\/medicinasinc.com\/es\/wp-json\/wp\/v2\/product_cat?post=4635"},{"taxonomy":"product_tag","embeddable":true,"href":"https:\/\/medicinasinc.com\/es\/wp-json\/wp\/v2\/product_tag?post=4635"}],"curies":[{"name":"wp","href":"https:\/\/api.w.org\/{rel}","templated":true}]}}