{"id":4627,"date":"2022-02-20T13:57:00","date_gmt":"2022-02-20T13:57:00","guid":{"rendered":"https:\/\/medicinasinc.com\/es\/?post_type=product&#038;p=4627"},"modified":"2022-03-22T01:08:15","modified_gmt":"2022-03-22T01:08:15","slug":"comprar-bc-hash","status":"publish","type":"product","link":"https:\/\/medicinasinc.com\/es\/product\/comprar-bc-hash\/","title":{"rendered":"Comprar hach\u00eds BC"},"content":{"rendered":"<div class=\"woocommerce-tabs wc-tabs-wrapper\">\n<div id=\"tab-description\" class=\"woocommerce-Tabs-panel woocommerce-Tabs-panel--panel de descripci\u00f3n entrada-contenido wc-tab\" role=\"tabpanel\" aria-labelledby=\"tab-title-description\">\n<p>BC-Hash se puede comprar en l\u00ednea.<\/p>\n<p>\u00bfTe gustar\u00eda probar algo nuevo hoy? Nuestra recomendaci\u00f3n es echar un vistazo a este hach\u00eds de alta calidad que es popular entre los usuarios de marihuana novatos y experimentados. BC-Hash se puede comprar en l\u00ednea.<\/p>\n<p>BC Hash tiene un aroma y sabor distintivos a pino.<\/p>\n<p>Si bien muchas personas anticipan un aroma fuerte, la realidad es que es bastante suave, por lo que este producto bastante pr\u00e1ctico tambi\u00e9n. La mejor parte es que el subid\u00f3n no comienza de inmediato, as\u00ed que puedes tomarte tu tiempo y esperar que dure mucho tiempo. Esta es una excelente opci\u00f3n tanto para quienes buscan un d\u00eda de relajaci\u00f3n como para quienes buscan combatir la ansiedad. Realizamos env\u00edos a los Estados Unidos de Am\u00e9rica, el Reino Unido, Australia, Canad\u00e1 y Europa, as\u00ed como a nivel internacional.<\/p>\n<\/p><\/div><\/div>\n","protected":false},"excerpt":{"rendered":"<p>Compre BC Hash a la venta en el Reino Unido en l\u00ednea en Best Global Mess. Ordene productos de aceite de hach\u00eds y hach\u00eds BC. Compra marihuana online aqu\u00ed y disfruta de un env\u00edo r\u00e1pido a cualquier parte de Europa y Reino Unido.<\/p>\n<p>&nbsp;<\/p>\n<ul>\n<li>Env\u00edo a todo el mundo<\/li>\n<li><strong>Grado: AAAA<\/strong><\/li>\n<li><strong>Cont\u00e1ctenos<\/strong>\u00a0para pedidos m\u00e1s grandes<\/li>\n<\/ul>\n","protected":false},"featured_media":4639,"comment_status":"open","ping_status":"closed","template":"","meta":[],"product_brand":[],"product_cat":[610],"product_tag":[611,612,614,615,616,617,623,624,625,454,455,627,630,631,459,635,639,461,640,641,645,646,470,647,648,473,475,649,650,653,654,636,637,621,643,638,642,644,619,620,622,618,626,634,628,629,652,632,633,651,655,666,667,668,669,659,657,658,663,665,656,664,613,677,675,676,673,674,672,680,660,662,661,678,679,671,670,682,681],"class_list":{"0":"post-4627","1":"product","2":"type-product","3":"status-publish","4":"has-post-thumbnail","6":"product_cat-comprar-hachis-hachis","7":"product_tag-420-mail-order-marijuana-usa","8":"product_tag-420-pedido-por-correo-usa","9":"product_tag-best-online-dispensary","10":"product_tag-buy-cannabis-oil-online","11":"product_tag-buy-cannabis-online-kuwait","12":"product_tag-buy-cannabis-online-malaysia","13":"product_tag-buy-high-thc-cannabis-oil-online","14":"product_tag-buy-kush-online","15":"product_tag-buy-kush-online-usa","16":"product_tag-buy-marijuana-edibles-online","17":"product_tag-buy-marijuana-online","18":"product_tag-buy-marijuana-online-australia","19":"product_tag-buy-marijuana-online-discreet-packaging","20":"product_tag-buy-marijuana-online-latin-american","21":"product_tag-buy-marijuana-online-usa","22":"product_tag-buy-marijuana-online-with-worldwide-shipping","23":"product_tag-buy-marijuana-wax-online-uk","24":"product_tag-buy-medical-marijuana-online","25":"product_tag-buy-moon-rocks-online","26":"product_tag-buy-pre-rolled-joints-online","27":"product_tag-buy-wax-online-with-worldwide-shipping","28":"product_tag-buy-weed-edibles-online","29":"product_tag-buy-weed-online","30":"product_tag-buy-weed-online-asia","31":"product_tag-buy-weed-online-australia","32":"product_tag-buy-weed-online-europe","33":"product_tag-buy-weed-online-uk","34":"product_tag-buy-weed-online-usa","35":"product_tag-buy-weed-online-with-worldwide-shipping","36":"product_tag-buying-weed-online-usa-reviews","37":"product_tag-california-dispensary-shipping-worldwide","38":"product_tag-comprar-marihuana-shatter-wax-online-con-envios-mundiales","39":"product_tag-comprar-marihuana-shatterwax-online-con-envios-mundiales","40":"product_tag-comprar-aceite-de-hachs-online-australia","41":"product_tag-comprar-aceite-thc-online","42":"product_tag-comprar-cera-de-marihuana-online-australia","43":"product_tag-comprar-shatter-wax-online","44":"product_tag-comprar-thc-cera-online","45":"product_tag-comprar-dabs-online","46":"product_tag-comprar-dabs-online-pedido-por-correo","47":"product_tag-comprar-hachs-online-es","48":"product_tag-comprar-barato-hierba-online-usa","49":"product_tag-comprar-legal-hierba-online","50":"product_tag-comprar-marihuana-online-es","51":"product_tag-comprar-marihuana-online-brasil","52":"product_tag-comprar-marihuana-online-ca","53":"product_tag-compra-marihuana-online-usa","54":"product_tag-comprar-marihuana-online-malasia","55":"product_tag-comprar-marihuana-online-oriente-medio","56":"product_tag-comprar-cera-de-hierba-en-linea-con-envio-mundial","57":"product_tag-comestibles-envios-mundiales","58":"product_tag-envio-dispensario-online","59":"product_tag-online-dispensary-shipping-uk","60":"product_tag-online-dispensary-shipping-usa","61":"product_tag-online-dispensary-shipping-worldwide","62":"product_tag-envo-dispensario-en-lnea-legtimo-en-todo-el-mundo","63":"product_tag-legit-online-dispensary","64":"product_tag-legit-online-dispensary-shipping-usa","65":"product_tag-mail-order-weed-online-with-worldwide-shipping","66":"product_tag-marihuana-online-usa","67":"product_tag-legal-marijuana-for-sale-usa","68":"product_tag-marijuana-for-sale-usa","69":"product_tag-mejor-marihuana-tienda-online-usa","70":"product_tag-order-shatter-online-usa","71":"product_tag-ordenar-marihuana-online-usa","72":"product_tag-pedir-marihuana-online-envios-mundiales","73":"product_tag-ordenar-marihuana-online-europa","74":"product_tag-pedir-marihuana-online-francia","75":"product_tag-order-marijuana-online","76":"product_tag-ordering-weed-online-in-usa","77":"product_tag-pedido-por-correo-marihuana-online","78":"product_tag-pedido-por-correo-de-marihuana-en-linea-con-envio-mundial","79":"product_tag-pedido-por-correo-marihuana-online-usa","80":"product_tag-orden-hierba-online","81":"product_tag-order-weed-online-usa","82":"product_tag-orden-kush-online-usa","83":"product_tag-online-dispensary-shipping-worldwide-reviews","84":"product_tag-todo-el-mundo-cannabis-tienda-online","85":"product_tag-hierba-para-la-venta-online-usa","87":"first","88":"instock","89":"shipping-taxable","90":"purchasable","91":"product-type-variable","92":"has-default-attributes"},"yoast_head":"<!-- This site is optimized with the Yoast SEO plugin v27.3 - https:\/\/yoast.com\/product\/yoast-seo-wordpress\/ -->\n<title>Compre BC Hash en l\u00ednea - Best Best Global Meds<\/title>\n<meta name=\"description\" content=\"Compre BC Hash a la venta en el Reino Unido en l\u00ednea en Best Global Mess. Ordene productos de aceite de hach\u00eds y hach\u00eds BC. Compre hierba en l\u00ednea aqu\u00ed y obtenga un env\u00edo r\u00e1pido a cualquier parte de Europa, Reino Unido.\" \/>\n<meta name=\"robots\" content=\"index, follow, max-snippet:-1, max-image-preview:large, max-video-preview:-1\" \/>\n<link rel=\"canonical\" href=\"https:\/\/medicinasinc.com\/es\/product\/comprar-bc-hash\/\" \/>\n<meta property=\"og:locale\" content=\"es_ES\" \/>\n<meta property=\"og:type\" content=\"article\" \/>\n<meta property=\"og:title\" content=\"Compre BC Hash en l\u00ednea - Best Best Global Meds\" \/>\n<meta property=\"og:description\" content=\"Compre BC Hash a la venta en el Reino Unido en l\u00ednea en Best Global Mess. Ordene productos de aceite de hach\u00eds y hach\u00eds BC. Compre hierba en l\u00ednea aqu\u00ed y obtenga un env\u00edo r\u00e1pido a cualquier parte de Europa, Reino Unido.\" \/>\n<meta property=\"og:url\" content=\"https:\/\/medicinasinc.com\/es\/product\/comprar-bc-hash\/\" \/>\n<meta property=\"og:site_name\" content=\"Medicinas Inc\" \/>\n<meta property=\"article:modified_time\" content=\"2022-03-22T01:08:15+00:00\" \/>\n<meta property=\"og:image\" content=\"https:\/\/medicinasinc.com\/es\/wp-content\/uploads\/sites\/15\/2022\/02\/Buy-BC-Hash.jpg\" \/>\n\t<meta property=\"og:image:width\" content=\"600\" \/>\n\t<meta property=\"og:image:height\" content=\"600\" \/>\n\t<meta property=\"og:image:type\" content=\"image\/jpeg\" \/>\n<meta name=\"twitter:card\" content=\"summary_large_image\" \/>\n<meta name=\"twitter:label1\" content=\"Tiempo de lectura\" \/>\n\t<meta name=\"twitter:data1\" content=\"1 minuto\" \/>\n<script type=\"application\/ld+json\" class=\"yoast-schema-graph\">{\"@context\":\"https:\\\/\\\/schema.org\",\"@graph\":[{\"@type\":\"WebPage\",\"@id\":\"https:\\\/\\\/medicinasinc.com\\\/es\\\/product\\\/comprar-bc-hash\\\/\",\"url\":\"https:\\\/\\\/medicinasinc.com\\\/es\\\/product\\\/comprar-bc-hash\\\/\",\"name\":\"Compre BC Hash en l\u00ednea - Best Best Global Meds\",\"isPartOf\":{\"@id\":\"https:\\\/\\\/medicinasinc.com\\\/es\\\/#website\"},\"primaryImageOfPage\":{\"@id\":\"https:\\\/\\\/medicinasinc.com\\\/es\\\/product\\\/comprar-bc-hash\\\/#primaryimage\"},\"image\":{\"@id\":\"https:\\\/\\\/medicinasinc.com\\\/es\\\/product\\\/comprar-bc-hash\\\/#primaryimage\"},\"thumbnailUrl\":\"https:\\\/\\\/medicinasinc.com\\\/es\\\/wp-content\\\/uploads\\\/sites\\\/15\\\/2022\\\/02\\\/Buy-BC-Hash.jpg\",\"datePublished\":\"2022-02-20T13:57:00+00:00\",\"dateModified\":\"2022-03-22T01:08:15+00:00\",\"description\":\"Compre BC Hash a la venta en el Reino Unido en l\u00ednea en Best Global Mess. Ordene productos de aceite de hach\u00eds y hach\u00eds BC. Compre hierba en l\u00ednea aqu\u00ed y obtenga un env\u00edo r\u00e1pido a cualquier parte de Europa, Reino Unido.\",\"breadcrumb\":{\"@id\":\"https:\\\/\\\/medicinasinc.com\\\/es\\\/product\\\/comprar-bc-hash\\\/#breadcrumb\"},\"inLanguage\":\"es\",\"potentialAction\":[{\"@type\":\"ReadAction\",\"target\":[\"https:\\\/\\\/medicinasinc.com\\\/es\\\/product\\\/comprar-bc-hash\\\/\"]}]},{\"@type\":\"ImageObject\",\"inLanguage\":\"es\",\"@id\":\"https:\\\/\\\/medicinasinc.com\\\/es\\\/product\\\/comprar-bc-hash\\\/#primaryimage\",\"url\":\"https:\\\/\\\/medicinasinc.com\\\/es\\\/wp-content\\\/uploads\\\/sites\\\/15\\\/2022\\\/02\\\/Buy-BC-Hash.jpg\",\"contentUrl\":\"https:\\\/\\\/medicinasinc.com\\\/es\\\/wp-content\\\/uploads\\\/sites\\\/15\\\/2022\\\/02\\\/Buy-BC-Hash.jpg\",\"width\":600,\"height\":600},{\"@type\":\"BreadcrumbList\",\"@id\":\"https:\\\/\\\/medicinasinc.com\\\/es\\\/product\\\/comprar-bc-hash\\\/#breadcrumb\",\"itemListElement\":[{\"@type\":\"ListItem\",\"position\":1,\"name\":\"Tienda\",\"item\":\"https:\\\/\\\/medicinasinc.com\\\/es\\\/tienda\\\/\"},{\"@type\":\"ListItem\",\"position\":2,\"name\":\"Comprar hach\u00eds BC\"}]},{\"@type\":\"WebSite\",\"@id\":\"https:\\\/\\\/medicinasinc.com\\\/es\\\/#website\",\"url\":\"https:\\\/\\\/medicinasinc.com\\\/es\\\/\",\"name\":\"Medicinas Inc\",\"description\":\"Cl\u00ednica M\u00e9dica de Salud\",\"potentialAction\":[{\"@type\":\"SearchAction\",\"target\":{\"@type\":\"EntryPoint\",\"urlTemplate\":\"https:\\\/\\\/medicinasinc.com\\\/es\\\/?s={search_term_string}\"},\"query-input\":{\"@type\":\"PropertyValueSpecification\",\"valueRequired\":true,\"valueName\":\"search_term_string\"}}],\"inLanguage\":\"es\"}]}<\/script>\n<!-- \/ Yoast SEO plugin. -->","yoast_head_json":{"title":"Compre BC Hash en l\u00ednea - Best Best Global Meds","description":"Compre BC Hash a la venta en el Reino Unido en l\u00ednea en Best Global Mess. Ordene productos de aceite de hach\u00eds y hach\u00eds BC. Compre hierba en l\u00ednea aqu\u00ed y obtenga un env\u00edo r\u00e1pido a cualquier parte de Europa, Reino Unido.","robots":{"index":"index","follow":"follow","max-snippet":"max-snippet:-1","max-image-preview":"max-image-preview:large","max-video-preview":"max-video-preview:-1"},"canonical":"https:\/\/medicinasinc.com\/es\/product\/comprar-bc-hash\/","og_locale":"es_ES","og_type":"article","og_title":"Compre BC Hash en l\u00ednea - Best Best Global Meds","og_description":"Compre BC Hash a la venta en el Reino Unido en l\u00ednea en Best Global Mess. Ordene productos de aceite de hach\u00eds y hach\u00eds BC. Compre hierba en l\u00ednea aqu\u00ed y obtenga un env\u00edo r\u00e1pido a cualquier parte de Europa, Reino Unido.","og_url":"https:\/\/medicinasinc.com\/es\/product\/comprar-bc-hash\/","og_site_name":"Medicinas Inc","article_modified_time":"2022-03-22T01:08:15+00:00","og_image":[{"width":600,"height":600,"url":"https:\/\/medicinasinc.com\/es\/wp-content\/uploads\/sites\/15\/2022\/02\/Buy-BC-Hash.jpg","type":"image\/jpeg"}],"twitter_card":"summary_large_image","twitter_misc":{"Tiempo de lectura":"1 minuto"},"schema":{"@context":"https:\/\/schema.org","@graph":[{"@type":"WebPage","@id":"https:\/\/medicinasinc.com\/es\/product\/comprar-bc-hash\/","url":"https:\/\/medicinasinc.com\/es\/product\/comprar-bc-hash\/","name":"Compre BC Hash en l\u00ednea - Best Best Global Meds","isPartOf":{"@id":"https:\/\/medicinasinc.com\/es\/#website"},"primaryImageOfPage":{"@id":"https:\/\/medicinasinc.com\/es\/product\/comprar-bc-hash\/#primaryimage"},"image":{"@id":"https:\/\/medicinasinc.com\/es\/product\/comprar-bc-hash\/#primaryimage"},"thumbnailUrl":"https:\/\/medicinasinc.com\/es\/wp-content\/uploads\/sites\/15\/2022\/02\/Buy-BC-Hash.jpg","datePublished":"2022-02-20T13:57:00+00:00","dateModified":"2022-03-22T01:08:15+00:00","description":"Compre BC Hash a la venta en el Reino Unido en l\u00ednea en Best Global Mess. Ordene productos de aceite de hach\u00eds y hach\u00eds BC. Compre hierba en l\u00ednea aqu\u00ed y obtenga un env\u00edo r\u00e1pido a cualquier parte de Europa, Reino Unido.","breadcrumb":{"@id":"https:\/\/medicinasinc.com\/es\/product\/comprar-bc-hash\/#breadcrumb"},"inLanguage":"es","potentialAction":[{"@type":"ReadAction","target":["https:\/\/medicinasinc.com\/es\/product\/comprar-bc-hash\/"]}]},{"@type":"ImageObject","inLanguage":"es","@id":"https:\/\/medicinasinc.com\/es\/product\/comprar-bc-hash\/#primaryimage","url":"https:\/\/medicinasinc.com\/es\/wp-content\/uploads\/sites\/15\/2022\/02\/Buy-BC-Hash.jpg","contentUrl":"https:\/\/medicinasinc.com\/es\/wp-content\/uploads\/sites\/15\/2022\/02\/Buy-BC-Hash.jpg","width":600,"height":600},{"@type":"BreadcrumbList","@id":"https:\/\/medicinasinc.com\/es\/product\/comprar-bc-hash\/#breadcrumb","itemListElement":[{"@type":"ListItem","position":1,"name":"Tienda","item":"https:\/\/medicinasinc.com\/es\/tienda\/"},{"@type":"ListItem","position":2,"name":"Comprar hach\u00eds BC"}]},{"@type":"WebSite","@id":"https:\/\/medicinasinc.com\/es\/#website","url":"https:\/\/medicinasinc.com\/es\/","name":"Medicinas Inc","description":"Cl\u00ednica M\u00e9dica de Salud","potentialAction":[{"@type":"SearchAction","target":{"@type":"EntryPoint","urlTemplate":"https:\/\/medicinasinc.com\/es\/?s={search_term_string}"},"query-input":{"@type":"PropertyValueSpecification","valueRequired":true,"valueName":"search_term_string"}}],"inLanguage":"es"}]}},"_links":{"self":[{"href":"https:\/\/medicinasinc.com\/es\/wp-json\/wp\/v2\/product\/4627","targetHints":{"allow":["GET"]}}],"collection":[{"href":"https:\/\/medicinasinc.com\/es\/wp-json\/wp\/v2\/product"}],"about":[{"href":"https:\/\/medicinasinc.com\/es\/wp-json\/wp\/v2\/types\/product"}],"replies":[{"embeddable":true,"href":"https:\/\/medicinasinc.com\/es\/wp-json\/wp\/v2\/comments?post=4627"}],"wp:featuredmedia":[{"embeddable":true,"href":"https:\/\/medicinasinc.com\/es\/wp-json\/wp\/v2\/media\/4639"}],"wp:attachment":[{"href":"https:\/\/medicinasinc.com\/es\/wp-json\/wp\/v2\/media?parent=4627"}],"wp:term":[{"taxonomy":"product_brand","embeddable":true,"href":"https:\/\/medicinasinc.com\/es\/wp-json\/wp\/v2\/product_brand?post=4627"},{"taxonomy":"product_cat","embeddable":true,"href":"https:\/\/medicinasinc.com\/es\/wp-json\/wp\/v2\/product_cat?post=4627"},{"taxonomy":"product_tag","embeddable":true,"href":"https:\/\/medicinasinc.com\/es\/wp-json\/wp\/v2\/product_tag?post=4627"}],"curies":[{"name":"wp","href":"https:\/\/api.w.org\/{rel}","templated":true}]}}