{"id":4609,"date":"2022-02-20T13:44:35","date_gmt":"2022-02-20T13:44:35","guid":{"rendered":"https:\/\/medicinasinc.com\/es\/?post_type=product&#038;p=4609"},"modified":"2022-03-22T01:08:42","modified_gmt":"2022-03-22T01:08:42","slug":"comprar-real-verde-manzana-extasis-pastillas","status":"publish","type":"product","link":"https:\/\/medicinasinc.com\/es\/product\/comprar-real-verde-manzana-extasis-pastillas\/","title":{"rendered":"Comprar pastillas de \u00e9xtasis de manzana verde real"},"content":{"rendered":"<p>Compre \u00e9xtasis de manzana verde genuino en l\u00ednea.<\/p>\n<p>Estoy seguro de que es conocido por este axioma. \u00abUna manzana al d\u00eda aleja al especialista\u00bb, dice el proverbio. Dados los numerosos beneficios para la salud asociados con el consumo de manzanas, este adagio diet\u00e9tico puede no estar demasiado lejos de la realidad. Estos son algunos de los beneficios para la salud asociados con el consumo de manzanas verdes.<\/p>\n<p>Se ha demostrado que el consumo de manzanas mejora la salud del coraz\u00f3n y reduce el riesgo de desarrollar enfermedades cardiovasculares.<\/p>\n<p>El mecanismo preciso por qu\u00e9 manzanas mejoran la salud del coraz\u00f3n es confuso. Una posible explicaci\u00f3n es que las manzanas contienen una gran cantidad de fibra diet\u00e9tica, que se ha relacionado con la reducci\u00f3n del colesterol LDL.<\/p>\n<p>Reduce el riesgo de desarrollar diabetes tipo 2<\/p>\n<p>Consumir tan solo una pocas manzanas verdes por semana pueden reducir el riesgo de desarrollar diabetes tipo 2, seg\u00fan un estudio; sin embargo, se deben realizar investigaciones adicionales. A\u00fan se desconoce si los compuestos que se encuentran en las manzanas verdes ayudan a las personas a controlar los s\u00edntomas de la diabetes.<\/p>\n<p>As\u00ed como la manzana verde tiene una gran cantidad de ventajas, las p\u00edldoras de manzana verde tambi\u00e9n tienen una gran cantidad de ventajas. Deber\u00edamos tener una discusi\u00f3n sobre las p\u00edldoras de manzana verde.<br \/> Si le gusta beber jugo de manzana fresco en un caluroso d\u00eda de verano, las p\u00edldoras de manzana verde y manzana mejorar\u00e1n su experiencia y satisfacci\u00f3n en un par de muescas. Hecho en Washington con pastillas de manzana verde, el grupo ha infundido estas pastillas con el mejor cannabis del estado.<\/p>\n<p>El THC puede ser dif\u00edcil de quemar desde la perspectiva de la dosificaci\u00f3n, especialmente si los titulares no est\u00e1n marcados excepcionalmente bien. Las p\u00edldoras Green Apple han cambiado todo eso, ya que ahora ofrecen tres cepas distintas de su famosa mezcla de 12 oz en diferentes grados de fuerza. Los grandes bateadores apreciar\u00e1n su mezcla m\u00e1s molida, que contiene 100 mg por cada 12 oz.<\/p>\n<p>Debido al hecho de que las p\u00edldoras Green Apple incorporan cannabis a trav\u00e9s de un m\u00e9todo novedoso, los clientes no tienen olor ni sabor a hierba detectable. haci\u00e9ndolas ideales para las personas que buscan drogarse pero no pueden ir m\u00e1s all\u00e1 del tipo de otras p\u00edldoras. Adem\u00e1s, tomar tu cannabis contribuye al avance de un estilo de vida m\u00e1s saludable, ya que el humo de las flores o vapores puede volverse da\u00f1ino despu\u00e9s de un tiempo. La pastilla de manzana verde es beneficiosa durante un a\u00f1o y contiene pocas calor\u00edas, por lo que lo \u00fanico que debes preocuparte es abstenerte de comer despu\u00e9s de tomar el medicamento.<\/p>\n<table style=\"height: 104px\" width=\"508\">\n<tbody>\n<tr>\n<th><span style=\"font-weight: 400\">Color:<\/span><\/th>\n<td>Verde<\/td>\n<\/tr>\n<tr>\n<th> <span style=\"font-weight: 400\">Tama\u00f1o:<\/span><\/th>\n<td>279 mg<\/td>\n<\/tr>\n<\/tbody>\n<\/table>\n","protected":false},"excerpt":{"rendered":"<div class=\"woocommerce-product-details__short-description\">\n<p>Compre pastillas de \u00e9xtasis de manzana verde real para la venta en l\u00ednea en el Reino Unido, Europa a los mejores precios del mejor proveedor confiable de MDMA. Garantizamos una entrega discreta y segura en todo el mundo<\/p>\n<p><strong>El pedido m\u00ednimo<\/strong><strong> es de 50 pastillas.<\/strong><\/p>\n<\/p><\/div>\n","protected":false},"featured_media":4620,"comment_status":"open","ping_status":"closed","template":"","meta":[],"product_brand":[],"product_cat":[498],"product_tag":[595,593,597,596,594,598,599,604,605,606,607,600,602,608,601,603,609],"class_list":{"0":"post-4609","1":"product","2":"type-product","3":"status-publish","4":"has-post-thumbnail","6":"product_cat-comprar-pastillas-de-extasis","7":"product_tag-applepills","8":"product_tag-droga-de-manzana","9":"product_tag-droga-manzana-verde","10":"product_tag-e-pldora-rosa","11":"product_tag-xtasis-de-manzana","12":"product_tag-green-apple-drugs","13":"product_tag-green-apple-ecstasy","14":"product_tag-green-pills","15":"product_tag-green-pills-drugs","16":"product_tag-green-rolex-pill","17":"product_tag-green-rolex-pill-report","18":"product_tag-logo-manzana-verde","19":"product_tag-pldora-de-xtasis-verde","20":"product_tag-pastilla-pastilla-verde","21":"product_tag-pastillas-de-manzana-verde","22":"product_tag-pastillas-verdes-extacy","23":"product_tag-pequeas-pastillas-verdes","25":"first","26":"instock","27":"shipping-taxable","28":"purchasable","29":"product-type-variable","30":"has-default-attributes"},"yoast_head":"<!-- This site is optimized with the Yoast SEO plugin v27.3 - https:\/\/yoast.com\/product\/yoast-seo-wordpress\/ -->\n<title>Comprar pastillas de \u00e9xtasis de manzana verde real en l\u00ednea - Best Best Global Meds<\/title>\n<meta name=\"description\" content=\"Compre pastillas de \u00e9xtasis de manzana verde real para la venta en l\u00ednea en el Reino Unido, Europa a los mejores precios del mejor proveedor confiable de MDMA. Garantizamos una entrega discreta y segura en todo el mundo.\" \/>\n<meta name=\"robots\" content=\"index, follow, max-snippet:-1, max-image-preview:large, max-video-preview:-1\" \/>\n<link rel=\"canonical\" href=\"https:\/\/medicinasinc.com\/es\/product\/comprar-real-verde-manzana-extasis-pastillas\/\" \/>\n<meta property=\"og:locale\" content=\"es_ES\" \/>\n<meta property=\"og:type\" content=\"article\" \/>\n<meta property=\"og:title\" content=\"Comprar pastillas de \u00e9xtasis de manzana verde real en l\u00ednea - Best Best Global Meds\" \/>\n<meta property=\"og:description\" content=\"Compre pastillas de \u00e9xtasis de manzana verde real para la venta en l\u00ednea en el Reino Unido, Europa a los mejores precios del mejor proveedor confiable de MDMA. Garantizamos una entrega discreta y segura en todo el mundo.\" \/>\n<meta property=\"og:url\" content=\"https:\/\/medicinasinc.com\/es\/product\/comprar-real-verde-manzana-extasis-pastillas\/\" \/>\n<meta property=\"og:site_name\" content=\"Medicinas Inc\" \/>\n<meta property=\"article:modified_time\" content=\"2022-03-22T01:08:42+00:00\" \/>\n<meta property=\"og:image\" content=\"https:\/\/medicinasinc.com\/es\/wp-content\/uploads\/sites\/15\/2022\/02\/order-real-green-apple-ecstasy-pills-online.jpg\" \/>\n\t<meta property=\"og:image:width\" content=\"600\" \/>\n\t<meta property=\"og:image:height\" content=\"600\" \/>\n\t<meta property=\"og:image:type\" content=\"image\/jpeg\" \/>\n<meta name=\"twitter:card\" content=\"summary_large_image\" \/>\n<meta name=\"twitter:label1\" content=\"Tiempo de lectura\" \/>\n\t<meta name=\"twitter:data1\" content=\"2 minutos\" \/>\n<script type=\"application\/ld+json\" class=\"yoast-schema-graph\">{\"@context\":\"https:\\\/\\\/schema.org\",\"@graph\":[{\"@type\":\"WebPage\",\"@id\":\"https:\\\/\\\/medicinasinc.com\\\/es\\\/product\\\/comprar-real-verde-manzana-extasis-pastillas\\\/\",\"url\":\"https:\\\/\\\/medicinasinc.com\\\/es\\\/product\\\/comprar-real-verde-manzana-extasis-pastillas\\\/\",\"name\":\"Comprar pastillas de \u00e9xtasis de manzana verde real en l\u00ednea - Best Best Global Meds\",\"isPartOf\":{\"@id\":\"https:\\\/\\\/medicinasinc.com\\\/es\\\/#website\"},\"primaryImageOfPage\":{\"@id\":\"https:\\\/\\\/medicinasinc.com\\\/es\\\/product\\\/comprar-real-verde-manzana-extasis-pastillas\\\/#primaryimage\"},\"image\":{\"@id\":\"https:\\\/\\\/medicinasinc.com\\\/es\\\/product\\\/comprar-real-verde-manzana-extasis-pastillas\\\/#primaryimage\"},\"thumbnailUrl\":\"https:\\\/\\\/medicinasinc.com\\\/es\\\/wp-content\\\/uploads\\\/sites\\\/15\\\/2022\\\/02\\\/order-real-green-apple-ecstasy-pills-online.jpg\",\"datePublished\":\"2022-02-20T13:44:35+00:00\",\"dateModified\":\"2022-03-22T01:08:42+00:00\",\"description\":\"Compre pastillas de \u00e9xtasis de manzana verde real para la venta en l\u00ednea en el Reino Unido, Europa a los mejores precios del mejor proveedor confiable de MDMA. Garantizamos una entrega discreta y segura en todo el mundo.\",\"breadcrumb\":{\"@id\":\"https:\\\/\\\/medicinasinc.com\\\/es\\\/product\\\/comprar-real-verde-manzana-extasis-pastillas\\\/#breadcrumb\"},\"inLanguage\":\"es\",\"potentialAction\":[{\"@type\":\"ReadAction\",\"target\":[\"https:\\\/\\\/medicinasinc.com\\\/es\\\/product\\\/comprar-real-verde-manzana-extasis-pastillas\\\/\"]}]},{\"@type\":\"ImageObject\",\"inLanguage\":\"es\",\"@id\":\"https:\\\/\\\/medicinasinc.com\\\/es\\\/product\\\/comprar-real-verde-manzana-extasis-pastillas\\\/#primaryimage\",\"url\":\"https:\\\/\\\/medicinasinc.com\\\/es\\\/wp-content\\\/uploads\\\/sites\\\/15\\\/2022\\\/02\\\/order-real-green-apple-ecstasy-pills-online.jpg\",\"contentUrl\":\"https:\\\/\\\/medicinasinc.com\\\/es\\\/wp-content\\\/uploads\\\/sites\\\/15\\\/2022\\\/02\\\/order-real-green-apple-ecstasy-pills-online.jpg\",\"width\":600,\"height\":600},{\"@type\":\"BreadcrumbList\",\"@id\":\"https:\\\/\\\/medicinasinc.com\\\/es\\\/product\\\/comprar-real-verde-manzana-extasis-pastillas\\\/#breadcrumb\",\"itemListElement\":[{\"@type\":\"ListItem\",\"position\":1,\"name\":\"Tienda\",\"item\":\"https:\\\/\\\/medicinasinc.com\\\/es\\\/tienda\\\/\"},{\"@type\":\"ListItem\",\"position\":2,\"name\":\"Comprar pastillas de \u00e9xtasis de manzana verde real\"}]},{\"@type\":\"WebSite\",\"@id\":\"https:\\\/\\\/medicinasinc.com\\\/es\\\/#website\",\"url\":\"https:\\\/\\\/medicinasinc.com\\\/es\\\/\",\"name\":\"Medicinas Inc\",\"description\":\"Cl\u00ednica M\u00e9dica de Salud\",\"potentialAction\":[{\"@type\":\"SearchAction\",\"target\":{\"@type\":\"EntryPoint\",\"urlTemplate\":\"https:\\\/\\\/medicinasinc.com\\\/es\\\/?s={search_term_string}\"},\"query-input\":{\"@type\":\"PropertyValueSpecification\",\"valueRequired\":true,\"valueName\":\"search_term_string\"}}],\"inLanguage\":\"es\"}]}<\/script>\n<!-- \/ Yoast SEO plugin. -->","yoast_head_json":{"title":"Comprar pastillas de \u00e9xtasis de manzana verde real en l\u00ednea - Best Best Global Meds","description":"Compre pastillas de \u00e9xtasis de manzana verde real para la venta en l\u00ednea en el Reino Unido, Europa a los mejores precios del mejor proveedor confiable de MDMA. Garantizamos una entrega discreta y segura en todo el mundo.","robots":{"index":"index","follow":"follow","max-snippet":"max-snippet:-1","max-image-preview":"max-image-preview:large","max-video-preview":"max-video-preview:-1"},"canonical":"https:\/\/medicinasinc.com\/es\/product\/comprar-real-verde-manzana-extasis-pastillas\/","og_locale":"es_ES","og_type":"article","og_title":"Comprar pastillas de \u00e9xtasis de manzana verde real en l\u00ednea - Best Best Global Meds","og_description":"Compre pastillas de \u00e9xtasis de manzana verde real para la venta en l\u00ednea en el Reino Unido, Europa a los mejores precios del mejor proveedor confiable de MDMA. Garantizamos una entrega discreta y segura en todo el mundo.","og_url":"https:\/\/medicinasinc.com\/es\/product\/comprar-real-verde-manzana-extasis-pastillas\/","og_site_name":"Medicinas Inc","article_modified_time":"2022-03-22T01:08:42+00:00","og_image":[{"width":600,"height":600,"url":"https:\/\/medicinasinc.com\/es\/wp-content\/uploads\/sites\/15\/2022\/02\/order-real-green-apple-ecstasy-pills-online.jpg","type":"image\/jpeg"}],"twitter_card":"summary_large_image","twitter_misc":{"Tiempo de lectura":"2 minutos"},"schema":{"@context":"https:\/\/schema.org","@graph":[{"@type":"WebPage","@id":"https:\/\/medicinasinc.com\/es\/product\/comprar-real-verde-manzana-extasis-pastillas\/","url":"https:\/\/medicinasinc.com\/es\/product\/comprar-real-verde-manzana-extasis-pastillas\/","name":"Comprar pastillas de \u00e9xtasis de manzana verde real en l\u00ednea - Best Best Global Meds","isPartOf":{"@id":"https:\/\/medicinasinc.com\/es\/#website"},"primaryImageOfPage":{"@id":"https:\/\/medicinasinc.com\/es\/product\/comprar-real-verde-manzana-extasis-pastillas\/#primaryimage"},"image":{"@id":"https:\/\/medicinasinc.com\/es\/product\/comprar-real-verde-manzana-extasis-pastillas\/#primaryimage"},"thumbnailUrl":"https:\/\/medicinasinc.com\/es\/wp-content\/uploads\/sites\/15\/2022\/02\/order-real-green-apple-ecstasy-pills-online.jpg","datePublished":"2022-02-20T13:44:35+00:00","dateModified":"2022-03-22T01:08:42+00:00","description":"Compre pastillas de \u00e9xtasis de manzana verde real para la venta en l\u00ednea en el Reino Unido, Europa a los mejores precios del mejor proveedor confiable de MDMA. Garantizamos una entrega discreta y segura en todo el mundo.","breadcrumb":{"@id":"https:\/\/medicinasinc.com\/es\/product\/comprar-real-verde-manzana-extasis-pastillas\/#breadcrumb"},"inLanguage":"es","potentialAction":[{"@type":"ReadAction","target":["https:\/\/medicinasinc.com\/es\/product\/comprar-real-verde-manzana-extasis-pastillas\/"]}]},{"@type":"ImageObject","inLanguage":"es","@id":"https:\/\/medicinasinc.com\/es\/product\/comprar-real-verde-manzana-extasis-pastillas\/#primaryimage","url":"https:\/\/medicinasinc.com\/es\/wp-content\/uploads\/sites\/15\/2022\/02\/order-real-green-apple-ecstasy-pills-online.jpg","contentUrl":"https:\/\/medicinasinc.com\/es\/wp-content\/uploads\/sites\/15\/2022\/02\/order-real-green-apple-ecstasy-pills-online.jpg","width":600,"height":600},{"@type":"BreadcrumbList","@id":"https:\/\/medicinasinc.com\/es\/product\/comprar-real-verde-manzana-extasis-pastillas\/#breadcrumb","itemListElement":[{"@type":"ListItem","position":1,"name":"Tienda","item":"https:\/\/medicinasinc.com\/es\/tienda\/"},{"@type":"ListItem","position":2,"name":"Comprar pastillas de \u00e9xtasis de manzana verde real"}]},{"@type":"WebSite","@id":"https:\/\/medicinasinc.com\/es\/#website","url":"https:\/\/medicinasinc.com\/es\/","name":"Medicinas Inc","description":"Cl\u00ednica M\u00e9dica de Salud","potentialAction":[{"@type":"SearchAction","target":{"@type":"EntryPoint","urlTemplate":"https:\/\/medicinasinc.com\/es\/?s={search_term_string}"},"query-input":{"@type":"PropertyValueSpecification","valueRequired":true,"valueName":"search_term_string"}}],"inLanguage":"es"}]}},"_links":{"self":[{"href":"https:\/\/medicinasinc.com\/es\/wp-json\/wp\/v2\/product\/4609","targetHints":{"allow":["GET"]}}],"collection":[{"href":"https:\/\/medicinasinc.com\/es\/wp-json\/wp\/v2\/product"}],"about":[{"href":"https:\/\/medicinasinc.com\/es\/wp-json\/wp\/v2\/types\/product"}],"replies":[{"embeddable":true,"href":"https:\/\/medicinasinc.com\/es\/wp-json\/wp\/v2\/comments?post=4609"}],"wp:featuredmedia":[{"embeddable":true,"href":"https:\/\/medicinasinc.com\/es\/wp-json\/wp\/v2\/media\/4620"}],"wp:attachment":[{"href":"https:\/\/medicinasinc.com\/es\/wp-json\/wp\/v2\/media?parent=4609"}],"wp:term":[{"taxonomy":"product_brand","embeddable":true,"href":"https:\/\/medicinasinc.com\/es\/wp-json\/wp\/v2\/product_brand?post=4609"},{"taxonomy":"product_cat","embeddable":true,"href":"https:\/\/medicinasinc.com\/es\/wp-json\/wp\/v2\/product_cat?post=4609"},{"taxonomy":"product_tag","embeddable":true,"href":"https:\/\/medicinasinc.com\/es\/wp-json\/wp\/v2\/product_tag?post=4609"}],"curies":[{"name":"wp","href":"https:\/\/api.w.org\/{rel}","templated":true}]}}