{"id":4592,"date":"2022-02-20T13:31:58","date_gmt":"2022-02-20T13:31:58","guid":{"rendered":"https:\/\/medicinasinc.com\/es\/?post_type=product&#038;p=4592"},"modified":"2022-08-09T02:09:47","modified_gmt":"2022-08-09T02:09:47","slug":"comprar-extasis-philipp-plein-blue-524-mg-mdma-pastillas","status":"publish","type":"product","link":"https:\/\/medicinasinc.com\/es\/product\/comprar-extasis-philipp-plein-blue-524-mg-mdma-pastillas\/","title":{"rendered":"Comprar Ecstasy- Philipp Plein Blue- 524mg MDMA Pills"},"content":{"rendered":"<div class=\"woocommerce-tabs wc-tabs-wrapper\">\n<div id=\"tab-description\" class=\"woocommerce-Tabs-panel woocommerce-Tabs-panel--panel de descripci\u00f3n entrada-contenido wc-tab\" role=\"tabpanel\" aria-labelledby=\"tab-title-description\">\n<p>Compra en l\u00ednea de pastillas de MDMA XTC- Philipp Plein Blue-524 mg.<\/p>\n<p>\u2013 Philipp Plein 524MG brinda una experiencia excepcional. Es un producto completamente seguro e higi\u00e9nico. Excelente calidad a un precio asequible. \u2013 Los efectos comienzan aproximadamente 30 minutos despu\u00e9s y duran aproximadamente 6 horas.<br \/> \u2013 Use la mitad de esta p\u00edldora a la vez. Consuma una cantidad adecuada de agua mientras toma medicamentos.<\/p>\n<h1><a style=\"font-size: 16px\" href=\"https:\/\/merrydrug.com\/\">.<\/a><\/h1>\n<\/p><\/div><\/div>\n<div class=\"productos relacionados\"><\/div>\n","protected":false},"excerpt":{"rendered":"<div class=\"woocommerce-product-details__short-description\">\n<p>Compra Philipp Plein Blue- 524 Mg MDMA en Reino Unido y Europa al mejor precio del mercado. Todos nuestros productos est\u00e1n hechos con ingredientes totalmente naturales y libres de THC. \u00a1Haga su pedido en l\u00ednea ahora!<\/p>\n<p>Philipp Blue-524 es una p\u00edldora de fiesta extrema y una droga MDMA que se usa ampliamente en los Estados Unidos de Am\u00e9rica y Corea. Sus propiedades psicoactivas se descubrieron a mediados de la d\u00e9cada de 1750. Si alguien quiere experimentar un nivel extremo de subid\u00f3n, no dejar\u00e1 este producto despu\u00e9s de probarlo. Philipp Blue tambi\u00e9n se usa en ceremonias religiosas y se ha mantenido como un producto de alta calidad durante a\u00f1os porque las personas son conscientes de sus beneficios y no pueden vivir sin \u00e9l.<\/p>\n<p>Las personas vuelven a pedirlo debido a sus potentes efectos y r\u00e1pidos resultados. Debido a su eficacia, nunca permanecer\u00e1 en stock durante un per\u00edodo prolongado de tiempo.<\/p>\n<p>Compra de pastillas Philipp Plein Blue-524<\/p>\n<p>La cantidad m\u00ednima de pedido es de cincuenta pastillas.<\/p>\n<\/p><\/div>\n","protected":false},"featured_media":4605,"comment_status":"open","ping_status":"closed","template":"","meta":[],"product_brand":[],"product_cat":[498],"product_tag":[590,501,584,583,585,586,588,587,589,512,591,592],"class_list":{"0":"post-4592","1":"product","2":"type-product","3":"status-publish","4":"has-post-thumbnail","6":"product_cat-comprar-pastillas-de-extasis","7":"product_tag-drogas-de-amor","8":"product_tag-buy-mdma-online","9":"product_tag-buy-xtc-pills-online","10":"product_tag-comprar-pastillas-de-extasis-online","11":"product_tag-comprar-xtasis-philipp-plein-blue-524-mg-mdma-pastillas-online","12":"product_tag-drogas","13":"product_tag-ecstasy-tablets","14":"product_tag-xtasis","15":"product_tag-ghb","16":"product_tag-mdma","17":"product_tag-mg-mdma","18":"product_tag-xtc-pldoras","20":"first","21":"instock","22":"shipping-taxable","23":"purchasable","24":"product-type-variable","25":"has-default-attributes"},"yoast_head":"<!-- This site is optimized with the Yoast SEO plugin v27.3 - https:\/\/yoast.com\/product\/yoast-seo-wordpress\/ -->\n<title>Comprar \u00c9xtasis- Philipp Plein Blue- 524mg MDMA Pastillas - Global Medicina<\/title>\n<meta name=\"description\" content=\"Comprar Philipp Plein Blue- 524 Mg MDMA Reino Unido, Europa al mejor precio del mercado. Todos nuestros productos est\u00e1n hechos con ingredientes naturales puros libres de THC. \u00a1Ordene en l\u00ednea ahora!\" \/>\n<meta name=\"robots\" content=\"index, follow, max-snippet:-1, max-image-preview:large, max-video-preview:-1\" \/>\n<link rel=\"canonical\" href=\"https:\/\/medicinasinc.com\/es\/product\/comprar-extasis-philipp-plein-blue-524-mg-mdma-pastillas\/\" \/>\n<meta property=\"og:locale\" content=\"es_ES\" \/>\n<meta property=\"og:type\" content=\"article\" \/>\n<meta property=\"og:title\" content=\"Comprar \u00c9xtasis- Philipp Plein Blue- 524mg MDMA Pastillas - Global Medicina\" \/>\n<meta property=\"og:description\" content=\"Comprar Philipp Plein Blue- 524 Mg MDMA Reino Unido, Europa al mejor precio del mercado. Todos nuestros productos est\u00e1n hechos con ingredientes naturales puros libres de THC. \u00a1Ordene en l\u00ednea ahora!\" \/>\n<meta property=\"og:url\" content=\"https:\/\/medicinasinc.com\/es\/product\/comprar-extasis-philipp-plein-blue-524-mg-mdma-pastillas\/\" \/>\n<meta property=\"og:site_name\" content=\"Medicinas Inc\" \/>\n<meta property=\"article:modified_time\" content=\"2022-08-09T02:09:47+00:00\" \/>\n<meta property=\"og:image\" content=\"https:\/\/medicinasinc.com\/es\/wp-content\/uploads\/sites\/15\/2022\/02\/buy-xtc-philipp-plein-blue-524-mg-mdma-pills-online.jpg\" \/>\n\t<meta property=\"og:image:width\" content=\"600\" \/>\n\t<meta property=\"og:image:height\" content=\"600\" \/>\n\t<meta property=\"og:image:type\" content=\"image\/jpeg\" \/>\n<meta name=\"twitter:card\" content=\"summary_large_image\" \/>\n<meta name=\"twitter:label1\" content=\"Tiempo de lectura\" \/>\n\t<meta name=\"twitter:data1\" content=\"1 minuto\" \/>\n<script type=\"application\/ld+json\" class=\"yoast-schema-graph\">{\"@context\":\"https:\\\/\\\/schema.org\",\"@graph\":[{\"@type\":\"WebPage\",\"@id\":\"https:\\\/\\\/medicinasinc.com\\\/es\\\/product\\\/comprar-extasis-philipp-plein-blue-524-mg-mdma-pastillas\\\/\",\"url\":\"https:\\\/\\\/medicinasinc.com\\\/es\\\/product\\\/comprar-extasis-philipp-plein-blue-524-mg-mdma-pastillas\\\/\",\"name\":\"Comprar \u00c9xtasis- Philipp Plein Blue- 524mg MDMA Pastillas - Global Medicina\",\"isPartOf\":{\"@id\":\"https:\\\/\\\/medicinasinc.com\\\/es\\\/#website\"},\"primaryImageOfPage\":{\"@id\":\"https:\\\/\\\/medicinasinc.com\\\/es\\\/product\\\/comprar-extasis-philipp-plein-blue-524-mg-mdma-pastillas\\\/#primaryimage\"},\"image\":{\"@id\":\"https:\\\/\\\/medicinasinc.com\\\/es\\\/product\\\/comprar-extasis-philipp-plein-blue-524-mg-mdma-pastillas\\\/#primaryimage\"},\"thumbnailUrl\":\"https:\\\/\\\/medicinasinc.com\\\/es\\\/wp-content\\\/uploads\\\/sites\\\/15\\\/2022\\\/02\\\/buy-xtc-philipp-plein-blue-524-mg-mdma-pills-online.jpg\",\"datePublished\":\"2022-02-20T13:31:58+00:00\",\"dateModified\":\"2022-08-09T02:09:47+00:00\",\"description\":\"Comprar Philipp Plein Blue- 524 Mg MDMA Reino Unido, Europa al mejor precio del mercado. Todos nuestros productos est\u00e1n hechos con ingredientes naturales puros libres de THC. \u00a1Ordene en l\u00ednea ahora!\",\"breadcrumb\":{\"@id\":\"https:\\\/\\\/medicinasinc.com\\\/es\\\/product\\\/comprar-extasis-philipp-plein-blue-524-mg-mdma-pastillas\\\/#breadcrumb\"},\"inLanguage\":\"es\",\"potentialAction\":[{\"@type\":\"ReadAction\",\"target\":[\"https:\\\/\\\/medicinasinc.com\\\/es\\\/product\\\/comprar-extasis-philipp-plein-blue-524-mg-mdma-pastillas\\\/\"]}]},{\"@type\":\"ImageObject\",\"inLanguage\":\"es\",\"@id\":\"https:\\\/\\\/medicinasinc.com\\\/es\\\/product\\\/comprar-extasis-philipp-plein-blue-524-mg-mdma-pastillas\\\/#primaryimage\",\"url\":\"https:\\\/\\\/medicinasinc.com\\\/es\\\/wp-content\\\/uploads\\\/sites\\\/15\\\/2022\\\/02\\\/buy-xtc-philipp-plein-blue-524-mg-mdma-pills-online.jpg\",\"contentUrl\":\"https:\\\/\\\/medicinasinc.com\\\/es\\\/wp-content\\\/uploads\\\/sites\\\/15\\\/2022\\\/02\\\/buy-xtc-philipp-plein-blue-524-mg-mdma-pills-online.jpg\",\"width\":600,\"height\":600},{\"@type\":\"BreadcrumbList\",\"@id\":\"https:\\\/\\\/medicinasinc.com\\\/es\\\/product\\\/comprar-extasis-philipp-plein-blue-524-mg-mdma-pastillas\\\/#breadcrumb\",\"itemListElement\":[{\"@type\":\"ListItem\",\"position\":1,\"name\":\"Tienda\",\"item\":\"https:\\\/\\\/medicinasinc.com\\\/es\\\/tienda\\\/\"},{\"@type\":\"ListItem\",\"position\":2,\"name\":\"Comprar Ecstasy- Philipp Plein Blue- 524mg MDMA Pills\"}]},{\"@type\":\"WebSite\",\"@id\":\"https:\\\/\\\/medicinasinc.com\\\/es\\\/#website\",\"url\":\"https:\\\/\\\/medicinasinc.com\\\/es\\\/\",\"name\":\"Medicinas Inc\",\"description\":\"Cl\u00ednica M\u00e9dica de Salud\",\"potentialAction\":[{\"@type\":\"SearchAction\",\"target\":{\"@type\":\"EntryPoint\",\"urlTemplate\":\"https:\\\/\\\/medicinasinc.com\\\/es\\\/?s={search_term_string}\"},\"query-input\":{\"@type\":\"PropertyValueSpecification\",\"valueRequired\":true,\"valueName\":\"search_term_string\"}}],\"inLanguage\":\"es\"}]}<\/script>\n<!-- \/ Yoast SEO plugin. -->","yoast_head_json":{"title":"Comprar \u00c9xtasis- Philipp Plein Blue- 524mg MDMA Pastillas - Global Medicina","description":"Comprar Philipp Plein Blue- 524 Mg MDMA Reino Unido, Europa al mejor precio del mercado. Todos nuestros productos est\u00e1n hechos con ingredientes naturales puros libres de THC. \u00a1Ordene en l\u00ednea ahora!","robots":{"index":"index","follow":"follow","max-snippet":"max-snippet:-1","max-image-preview":"max-image-preview:large","max-video-preview":"max-video-preview:-1"},"canonical":"https:\/\/medicinasinc.com\/es\/product\/comprar-extasis-philipp-plein-blue-524-mg-mdma-pastillas\/","og_locale":"es_ES","og_type":"article","og_title":"Comprar \u00c9xtasis- Philipp Plein Blue- 524mg MDMA Pastillas - Global Medicina","og_description":"Comprar Philipp Plein Blue- 524 Mg MDMA Reino Unido, Europa al mejor precio del mercado. Todos nuestros productos est\u00e1n hechos con ingredientes naturales puros libres de THC. \u00a1Ordene en l\u00ednea ahora!","og_url":"https:\/\/medicinasinc.com\/es\/product\/comprar-extasis-philipp-plein-blue-524-mg-mdma-pastillas\/","og_site_name":"Medicinas Inc","article_modified_time":"2022-08-09T02:09:47+00:00","og_image":[{"width":600,"height":600,"url":"https:\/\/medicinasinc.com\/es\/wp-content\/uploads\/sites\/15\/2022\/02\/buy-xtc-philipp-plein-blue-524-mg-mdma-pills-online.jpg","type":"image\/jpeg"}],"twitter_card":"summary_large_image","twitter_misc":{"Tiempo de lectura":"1 minuto"},"schema":{"@context":"https:\/\/schema.org","@graph":[{"@type":"WebPage","@id":"https:\/\/medicinasinc.com\/es\/product\/comprar-extasis-philipp-plein-blue-524-mg-mdma-pastillas\/","url":"https:\/\/medicinasinc.com\/es\/product\/comprar-extasis-philipp-plein-blue-524-mg-mdma-pastillas\/","name":"Comprar \u00c9xtasis- Philipp Plein Blue- 524mg MDMA Pastillas - Global Medicina","isPartOf":{"@id":"https:\/\/medicinasinc.com\/es\/#website"},"primaryImageOfPage":{"@id":"https:\/\/medicinasinc.com\/es\/product\/comprar-extasis-philipp-plein-blue-524-mg-mdma-pastillas\/#primaryimage"},"image":{"@id":"https:\/\/medicinasinc.com\/es\/product\/comprar-extasis-philipp-plein-blue-524-mg-mdma-pastillas\/#primaryimage"},"thumbnailUrl":"https:\/\/medicinasinc.com\/es\/wp-content\/uploads\/sites\/15\/2022\/02\/buy-xtc-philipp-plein-blue-524-mg-mdma-pills-online.jpg","datePublished":"2022-02-20T13:31:58+00:00","dateModified":"2022-08-09T02:09:47+00:00","description":"Comprar Philipp Plein Blue- 524 Mg MDMA Reino Unido, Europa al mejor precio del mercado. Todos nuestros productos est\u00e1n hechos con ingredientes naturales puros libres de THC. \u00a1Ordene en l\u00ednea ahora!","breadcrumb":{"@id":"https:\/\/medicinasinc.com\/es\/product\/comprar-extasis-philipp-plein-blue-524-mg-mdma-pastillas\/#breadcrumb"},"inLanguage":"es","potentialAction":[{"@type":"ReadAction","target":["https:\/\/medicinasinc.com\/es\/product\/comprar-extasis-philipp-plein-blue-524-mg-mdma-pastillas\/"]}]},{"@type":"ImageObject","inLanguage":"es","@id":"https:\/\/medicinasinc.com\/es\/product\/comprar-extasis-philipp-plein-blue-524-mg-mdma-pastillas\/#primaryimage","url":"https:\/\/medicinasinc.com\/es\/wp-content\/uploads\/sites\/15\/2022\/02\/buy-xtc-philipp-plein-blue-524-mg-mdma-pills-online.jpg","contentUrl":"https:\/\/medicinasinc.com\/es\/wp-content\/uploads\/sites\/15\/2022\/02\/buy-xtc-philipp-plein-blue-524-mg-mdma-pills-online.jpg","width":600,"height":600},{"@type":"BreadcrumbList","@id":"https:\/\/medicinasinc.com\/es\/product\/comprar-extasis-philipp-plein-blue-524-mg-mdma-pastillas\/#breadcrumb","itemListElement":[{"@type":"ListItem","position":1,"name":"Tienda","item":"https:\/\/medicinasinc.com\/es\/tienda\/"},{"@type":"ListItem","position":2,"name":"Comprar Ecstasy- Philipp Plein Blue- 524mg MDMA Pills"}]},{"@type":"WebSite","@id":"https:\/\/medicinasinc.com\/es\/#website","url":"https:\/\/medicinasinc.com\/es\/","name":"Medicinas Inc","description":"Cl\u00ednica M\u00e9dica de Salud","potentialAction":[{"@type":"SearchAction","target":{"@type":"EntryPoint","urlTemplate":"https:\/\/medicinasinc.com\/es\/?s={search_term_string}"},"query-input":{"@type":"PropertyValueSpecification","valueRequired":true,"valueName":"search_term_string"}}],"inLanguage":"es"}]}},"_links":{"self":[{"href":"https:\/\/medicinasinc.com\/es\/wp-json\/wp\/v2\/product\/4592","targetHints":{"allow":["GET"]}}],"collection":[{"href":"https:\/\/medicinasinc.com\/es\/wp-json\/wp\/v2\/product"}],"about":[{"href":"https:\/\/medicinasinc.com\/es\/wp-json\/wp\/v2\/types\/product"}],"replies":[{"embeddable":true,"href":"https:\/\/medicinasinc.com\/es\/wp-json\/wp\/v2\/comments?post=4592"}],"wp:featuredmedia":[{"embeddable":true,"href":"https:\/\/medicinasinc.com\/es\/wp-json\/wp\/v2\/media\/4605"}],"wp:attachment":[{"href":"https:\/\/medicinasinc.com\/es\/wp-json\/wp\/v2\/media?parent=4592"}],"wp:term":[{"taxonomy":"product_brand","embeddable":true,"href":"https:\/\/medicinasinc.com\/es\/wp-json\/wp\/v2\/product_brand?post=4592"},{"taxonomy":"product_cat","embeddable":true,"href":"https:\/\/medicinasinc.com\/es\/wp-json\/wp\/v2\/product_cat?post=4592"},{"taxonomy":"product_tag","embeddable":true,"href":"https:\/\/medicinasinc.com\/es\/wp-json\/wp\/v2\/product_tag?post=4592"}],"curies":[{"name":"wp","href":"https:\/\/api.w.org\/{rel}","templated":true}]}}