{"id":4576,"date":"2022-02-20T13:20:42","date_gmt":"2022-02-20T13:20:42","guid":{"rendered":"https:\/\/medicinasinc.com\/es\/?post_type=product&#038;p=4576"},"modified":"2022-03-22T01:09:15","modified_gmt":"2022-03-22T01:09:15","slug":"comprar-pastillas-de-extasis-tesla-de-naranja","status":"publish","type":"product","link":"https:\/\/medicinasinc.com\/es\/product\/comprar-pastillas-de-extasis-tesla-de-naranja\/","title":{"rendered":"Comprar pastillas de \u00e9xtasis naranja Tesla"},"content":{"rendered":"<p>Orange Tesla Ecstasy Pills Comprar<\/p>\n<p>3,4 metilenodioxi-metanfetamina es el ingrediente activo de las p\u00edldoras de \u00e9xtasis Orange Tesla (MDMA). Las peque\u00f1as tabletas de color naranja tienen forma de escudo y llevan la palabra \u00abTesla\u00bb sobre el logotipo de Tesla en forma de t.<\/p>\n<p>Brillan en la oscuridad y algunas est\u00e1n salpicadas de purpurina p\u00farpura.<\/p>\n<p>Son populares porque son fuertes, tienen un dise\u00f1o divertido y est\u00e1n asociados con una marca conocida con una reputaci\u00f3n positiva. Es m\u00e1s probable que la mayor\u00eda de las personas compre una p\u00edldora de \u00e9xtasis con un logotipo reconocido que una simple p\u00edldora blanca fabricada por cualquier persona.<\/p>\n<p>Sin embargo, las p\u00edldoras naranjas de Tesla no tienen nada que ver con el Tesla de Elon Musk, un fabricante de autom\u00f3viles estadounidense y empresa de energ\u00eda limpia.<\/p>\n<p>La marca no implica que sean de alta calidad o incluso que sean consistentes. Mediante el uso de una prensa y un tinte similares, cualquiera puede replicar una pastilla de \u00e9xtasis naranja de Tesla.<\/p>\n","protected":false},"excerpt":{"rendered":"<p>Compre p\u00edldoras de \u00e9xtasis de Orange Tesla para la venta en Europa, Reino Unido. Compre \u00e9xtasis en l\u00ednea, vendedor de \u00e9xtasis, solicite p\u00edldoras de \u00e9xtasis en l\u00ednea, tratamos con los mejores y m\u00e1s puros productos.<\/p>\n<p>En Best global meds\u00a0puede comprar p\u00edldoras de \u00e9xtasis originales de Tesla a un precio asequible. Todos los productos est\u00e1n probados en laboratorio y son de la m\u00e1s alta calidad.<\/p>\n","protected":false},"featured_media":4589,"comment_status":"open","ping_status":"closed","template":"","meta":[],"product_brand":[],"product_cat":[498],"product_tag":[573,575,556,554,555,567,566,559,560,572,565,561,568,557,562,563,564,558,574,569,570,571],"class_list":{"0":"post-4576","1":"product","2":"type-product","3":"status-publish","4":"has-post-thumbnail","6":"product_cat-comprar-pastillas-de-extasis","7":"product_tag-tesla-pldora-advertencia","8":"product_tag-amarillo-tesla-xtasis-tampa","9":"product_tag-bluelight-orange-tesla-xtasis-vs-molly","10":"product_tag-blue-tesla-ecstasy","11":"product_tag-blue-tesla-pill-mg","12":"product_tag-calificacin-de-la-pldora-de-xtasis-de-reddit-tesla-vs-punisher-vs","13":"product_tag-melocotn-duro-tesla-xtasis-con-partitura-en-la-espalda","14":"product_tag-ecstasy-press-pills-tesla","15":"product_tag-ecstasy-tesla","16":"product_tag-tesla-pldora-azul-efectos","17":"product_tag-naranja-tesla-pldora-efectos","18":"product_tag-extacy-pldora-imgenes","19":"product_tag-tesla-xtasis","20":"product_tag-lista-diferentes-pastillas-extacy","21":"product_tag-naranja-tesla-2021","22":"product_tag-orange-tesla-ecstasy-mg","23":"product_tag-orange-tesla-ecstasy-pills-los-angeles-2019","24":"product_tag-pastillas-de-extasis-tesla-sello-de-los-paises-bajos","25":"product_tag-tesla-pastillas-azul","26":"product_tag-pastilla-de-xtasis-tesla","27":"product_tag-revisin-de-xtasis-de-tesla","28":"product_tag-tesla-xtasis-tampa","30":"first","31":"instock","32":"shipping-taxable","33":"purchasable","34":"product-type-variable","35":"has-default-attributes"},"yoast_head":"<!-- This site is optimized with the Yoast SEO plugin v27.3 - https:\/\/yoast.com\/product\/yoast-seo-wordpress\/ -->\n<title>Comprar pastillas de \u00e9xtasis de Orange Tesla - Best Best Global Meds<\/title>\n<meta name=\"description\" content=\"Comprar Orange Tesla Ecstasy Pills para la venta Europa, Reino Unido. Compre \u00e9xtasis en l\u00ednea, vendedor de \u00e9xtasis, solicite pastillas de \u00e9xtasis en l\u00ednea, tratamos con los mejores y m\u00e1s puros productos.\" \/>\n<meta name=\"robots\" content=\"index, follow, max-snippet:-1, max-image-preview:large, max-video-preview:-1\" \/>\n<link rel=\"canonical\" href=\"https:\/\/medicinasinc.com\/es\/product\/comprar-pastillas-de-extasis-tesla-de-naranja\/\" \/>\n<meta property=\"og:locale\" content=\"es_ES\" \/>\n<meta property=\"og:type\" content=\"article\" \/>\n<meta property=\"og:title\" content=\"Comprar pastillas de \u00e9xtasis de Orange Tesla - Best Best Global Meds\" \/>\n<meta property=\"og:description\" content=\"Comprar Orange Tesla Ecstasy Pills para la venta Europa, Reino Unido. Compre \u00e9xtasis en l\u00ednea, vendedor de \u00e9xtasis, solicite pastillas de \u00e9xtasis en l\u00ednea, tratamos con los mejores y m\u00e1s puros productos.\" \/>\n<meta property=\"og:url\" content=\"https:\/\/medicinasinc.com\/es\/product\/comprar-pastillas-de-extasis-tesla-de-naranja\/\" \/>\n<meta property=\"og:site_name\" content=\"Medicinas Inc\" \/>\n<meta property=\"article:modified_time\" content=\"2022-03-22T01:09:15+00:00\" \/>\n<meta property=\"og:image\" content=\"https:\/\/medicinasinc.com\/es\/wp-content\/uploads\/sites\/15\/2022\/02\/Buy-Orange-Tesla-Ecstasy-Pills.jpg\" \/>\n\t<meta property=\"og:image:width\" content=\"747\" \/>\n\t<meta property=\"og:image:height\" content=\"560\" \/>\n\t<meta property=\"og:image:type\" content=\"image\/jpeg\" \/>\n<meta name=\"twitter:card\" content=\"summary_large_image\" \/>\n<meta name=\"twitter:label1\" content=\"Tiempo de lectura\" \/>\n\t<meta name=\"twitter:data1\" content=\"1 minuto\" \/>\n<script type=\"application\/ld+json\" class=\"yoast-schema-graph\">{\"@context\":\"https:\\\/\\\/schema.org\",\"@graph\":[{\"@type\":\"WebPage\",\"@id\":\"https:\\\/\\\/medicinasinc.com\\\/es\\\/product\\\/comprar-pastillas-de-extasis-tesla-de-naranja\\\/\",\"url\":\"https:\\\/\\\/medicinasinc.com\\\/es\\\/product\\\/comprar-pastillas-de-extasis-tesla-de-naranja\\\/\",\"name\":\"Comprar pastillas de \u00e9xtasis de Orange Tesla - Best Best Global Meds\",\"isPartOf\":{\"@id\":\"https:\\\/\\\/medicinasinc.com\\\/es\\\/#website\"},\"primaryImageOfPage\":{\"@id\":\"https:\\\/\\\/medicinasinc.com\\\/es\\\/product\\\/comprar-pastillas-de-extasis-tesla-de-naranja\\\/#primaryimage\"},\"image\":{\"@id\":\"https:\\\/\\\/medicinasinc.com\\\/es\\\/product\\\/comprar-pastillas-de-extasis-tesla-de-naranja\\\/#primaryimage\"},\"thumbnailUrl\":\"https:\\\/\\\/medicinasinc.com\\\/es\\\/wp-content\\\/uploads\\\/sites\\\/15\\\/2022\\\/02\\\/Buy-Orange-Tesla-Ecstasy-Pills.jpg\",\"datePublished\":\"2022-02-20T13:20:42+00:00\",\"dateModified\":\"2022-03-22T01:09:15+00:00\",\"description\":\"Comprar Orange Tesla Ecstasy Pills para la venta Europa, Reino Unido. Compre \u00e9xtasis en l\u00ednea, vendedor de \u00e9xtasis, solicite pastillas de \u00e9xtasis en l\u00ednea, tratamos con los mejores y m\u00e1s puros productos.\",\"breadcrumb\":{\"@id\":\"https:\\\/\\\/medicinasinc.com\\\/es\\\/product\\\/comprar-pastillas-de-extasis-tesla-de-naranja\\\/#breadcrumb\"},\"inLanguage\":\"es\",\"potentialAction\":[{\"@type\":\"ReadAction\",\"target\":[\"https:\\\/\\\/medicinasinc.com\\\/es\\\/product\\\/comprar-pastillas-de-extasis-tesla-de-naranja\\\/\"]}]},{\"@type\":\"ImageObject\",\"inLanguage\":\"es\",\"@id\":\"https:\\\/\\\/medicinasinc.com\\\/es\\\/product\\\/comprar-pastillas-de-extasis-tesla-de-naranja\\\/#primaryimage\",\"url\":\"https:\\\/\\\/medicinasinc.com\\\/es\\\/wp-content\\\/uploads\\\/sites\\\/15\\\/2022\\\/02\\\/Buy-Orange-Tesla-Ecstasy-Pills.jpg\",\"contentUrl\":\"https:\\\/\\\/medicinasinc.com\\\/es\\\/wp-content\\\/uploads\\\/sites\\\/15\\\/2022\\\/02\\\/Buy-Orange-Tesla-Ecstasy-Pills.jpg\",\"width\":747,\"height\":560},{\"@type\":\"BreadcrumbList\",\"@id\":\"https:\\\/\\\/medicinasinc.com\\\/es\\\/product\\\/comprar-pastillas-de-extasis-tesla-de-naranja\\\/#breadcrumb\",\"itemListElement\":[{\"@type\":\"ListItem\",\"position\":1,\"name\":\"Tienda\",\"item\":\"https:\\\/\\\/medicinasinc.com\\\/es\\\/tienda\\\/\"},{\"@type\":\"ListItem\",\"position\":2,\"name\":\"Comprar pastillas de \u00e9xtasis naranja Tesla\"}]},{\"@type\":\"WebSite\",\"@id\":\"https:\\\/\\\/medicinasinc.com\\\/es\\\/#website\",\"url\":\"https:\\\/\\\/medicinasinc.com\\\/es\\\/\",\"name\":\"Medicinas Inc\",\"description\":\"Cl\u00ednica M\u00e9dica de Salud\",\"potentialAction\":[{\"@type\":\"SearchAction\",\"target\":{\"@type\":\"EntryPoint\",\"urlTemplate\":\"https:\\\/\\\/medicinasinc.com\\\/es\\\/?s={search_term_string}\"},\"query-input\":{\"@type\":\"PropertyValueSpecification\",\"valueRequired\":true,\"valueName\":\"search_term_string\"}}],\"inLanguage\":\"es\"}]}<\/script>\n<!-- \/ Yoast SEO plugin. -->","yoast_head_json":{"title":"Comprar pastillas de \u00e9xtasis de Orange Tesla - Best Best Global Meds","description":"Comprar Orange Tesla Ecstasy Pills para la venta Europa, Reino Unido. Compre \u00e9xtasis en l\u00ednea, vendedor de \u00e9xtasis, solicite pastillas de \u00e9xtasis en l\u00ednea, tratamos con los mejores y m\u00e1s puros productos.","robots":{"index":"index","follow":"follow","max-snippet":"max-snippet:-1","max-image-preview":"max-image-preview:large","max-video-preview":"max-video-preview:-1"},"canonical":"https:\/\/medicinasinc.com\/es\/product\/comprar-pastillas-de-extasis-tesla-de-naranja\/","og_locale":"es_ES","og_type":"article","og_title":"Comprar pastillas de \u00e9xtasis de Orange Tesla - Best Best Global Meds","og_description":"Comprar Orange Tesla Ecstasy Pills para la venta Europa, Reino Unido. Compre \u00e9xtasis en l\u00ednea, vendedor de \u00e9xtasis, solicite pastillas de \u00e9xtasis en l\u00ednea, tratamos con los mejores y m\u00e1s puros productos.","og_url":"https:\/\/medicinasinc.com\/es\/product\/comprar-pastillas-de-extasis-tesla-de-naranja\/","og_site_name":"Medicinas Inc","article_modified_time":"2022-03-22T01:09:15+00:00","og_image":[{"width":747,"height":560,"url":"https:\/\/medicinasinc.com\/es\/wp-content\/uploads\/sites\/15\/2022\/02\/Buy-Orange-Tesla-Ecstasy-Pills.jpg","type":"image\/jpeg"}],"twitter_card":"summary_large_image","twitter_misc":{"Tiempo de lectura":"1 minuto"},"schema":{"@context":"https:\/\/schema.org","@graph":[{"@type":"WebPage","@id":"https:\/\/medicinasinc.com\/es\/product\/comprar-pastillas-de-extasis-tesla-de-naranja\/","url":"https:\/\/medicinasinc.com\/es\/product\/comprar-pastillas-de-extasis-tesla-de-naranja\/","name":"Comprar pastillas de \u00e9xtasis de Orange Tesla - Best Best Global Meds","isPartOf":{"@id":"https:\/\/medicinasinc.com\/es\/#website"},"primaryImageOfPage":{"@id":"https:\/\/medicinasinc.com\/es\/product\/comprar-pastillas-de-extasis-tesla-de-naranja\/#primaryimage"},"image":{"@id":"https:\/\/medicinasinc.com\/es\/product\/comprar-pastillas-de-extasis-tesla-de-naranja\/#primaryimage"},"thumbnailUrl":"https:\/\/medicinasinc.com\/es\/wp-content\/uploads\/sites\/15\/2022\/02\/Buy-Orange-Tesla-Ecstasy-Pills.jpg","datePublished":"2022-02-20T13:20:42+00:00","dateModified":"2022-03-22T01:09:15+00:00","description":"Comprar Orange Tesla Ecstasy Pills para la venta Europa, Reino Unido. Compre \u00e9xtasis en l\u00ednea, vendedor de \u00e9xtasis, solicite pastillas de \u00e9xtasis en l\u00ednea, tratamos con los mejores y m\u00e1s puros productos.","breadcrumb":{"@id":"https:\/\/medicinasinc.com\/es\/product\/comprar-pastillas-de-extasis-tesla-de-naranja\/#breadcrumb"},"inLanguage":"es","potentialAction":[{"@type":"ReadAction","target":["https:\/\/medicinasinc.com\/es\/product\/comprar-pastillas-de-extasis-tesla-de-naranja\/"]}]},{"@type":"ImageObject","inLanguage":"es","@id":"https:\/\/medicinasinc.com\/es\/product\/comprar-pastillas-de-extasis-tesla-de-naranja\/#primaryimage","url":"https:\/\/medicinasinc.com\/es\/wp-content\/uploads\/sites\/15\/2022\/02\/Buy-Orange-Tesla-Ecstasy-Pills.jpg","contentUrl":"https:\/\/medicinasinc.com\/es\/wp-content\/uploads\/sites\/15\/2022\/02\/Buy-Orange-Tesla-Ecstasy-Pills.jpg","width":747,"height":560},{"@type":"BreadcrumbList","@id":"https:\/\/medicinasinc.com\/es\/product\/comprar-pastillas-de-extasis-tesla-de-naranja\/#breadcrumb","itemListElement":[{"@type":"ListItem","position":1,"name":"Tienda","item":"https:\/\/medicinasinc.com\/es\/tienda\/"},{"@type":"ListItem","position":2,"name":"Comprar pastillas de \u00e9xtasis naranja Tesla"}]},{"@type":"WebSite","@id":"https:\/\/medicinasinc.com\/es\/#website","url":"https:\/\/medicinasinc.com\/es\/","name":"Medicinas Inc","description":"Cl\u00ednica M\u00e9dica de Salud","potentialAction":[{"@type":"SearchAction","target":{"@type":"EntryPoint","urlTemplate":"https:\/\/medicinasinc.com\/es\/?s={search_term_string}"},"query-input":{"@type":"PropertyValueSpecification","valueRequired":true,"valueName":"search_term_string"}}],"inLanguage":"es"}]}},"_links":{"self":[{"href":"https:\/\/medicinasinc.com\/es\/wp-json\/wp\/v2\/product\/4576","targetHints":{"allow":["GET"]}}],"collection":[{"href":"https:\/\/medicinasinc.com\/es\/wp-json\/wp\/v2\/product"}],"about":[{"href":"https:\/\/medicinasinc.com\/es\/wp-json\/wp\/v2\/types\/product"}],"replies":[{"embeddable":true,"href":"https:\/\/medicinasinc.com\/es\/wp-json\/wp\/v2\/comments?post=4576"}],"wp:featuredmedia":[{"embeddable":true,"href":"https:\/\/medicinasinc.com\/es\/wp-json\/wp\/v2\/media\/4589"}],"wp:attachment":[{"href":"https:\/\/medicinasinc.com\/es\/wp-json\/wp\/v2\/media?parent=4576"}],"wp:term":[{"taxonomy":"product_brand","embeddable":true,"href":"https:\/\/medicinasinc.com\/es\/wp-json\/wp\/v2\/product_brand?post=4576"},{"taxonomy":"product_cat","embeddable":true,"href":"https:\/\/medicinasinc.com\/es\/wp-json\/wp\/v2\/product_cat?post=4576"},{"taxonomy":"product_tag","embeddable":true,"href":"https:\/\/medicinasinc.com\/es\/wp-json\/wp\/v2\/product_tag?post=4576"}],"curies":[{"name":"wp","href":"https:\/\/api.w.org\/{rel}","templated":true}]}}