{"id":4553,"date":"2022-02-20T10:45:15","date_gmt":"2022-02-20T10:45:15","guid":{"rendered":"https:\/\/medicinasinc.com\/es\/?post_type=product&#038;p=4553"},"modified":"2022-03-22T01:09:34","modified_gmt":"2022-03-22T01:09:34","slug":"comprar-pink-flugels-250mg-extasis-pastillas","status":"publish","type":"product","link":"https:\/\/medicinasinc.com\/es\/product\/comprar-pink-flugels-250mg-extasis-pastillas\/","title":{"rendered":"Comprar Pink flugels 250mg pastillas de \u00e9xtasis"},"content":{"rendered":"<p>Compra en l\u00ednea de pastillas de \u00e9xtasis pink flugels de 250 mg<\/p>\n<p>pink flugels, informe de p\u00edldoras pink flugels, qu\u00e9 son pink flugels, pastillas pink flugels, pink flugels \u00e9xtasis y cu\u00e1nto mdma hay en pink flugels<\/p>\n<div class=\"producto-siguiente-anterior\">\n<div class=\"producto-anterior\"><\/div><\/div>\n","protected":false},"excerpt":{"rendered":"<p>Comprar Pink Flugels 250mg pastillas de \u00e9xtasis online.<\/p>\n<p><em>Comprar Pink Flugels 250mg<\/em>\u00a0XTC\u00a0<em>Pastillas<\/em>\u00a0al mejor precio del mercado. Todos nuestros productos est\u00e1n hechos con ingredientes naturales puros libres de THC. \u00a1Haz tu pedido en l\u00ednea ahora!<\/p>\n","protected":false},"featured_media":4571,"comment_status":"open","ping_status":"closed","template":"","meta":[],"product_brand":[],"product_cat":[498],"product_tag":[548,551,549,552,550,553],"class_list":{"0":"post-4553","1":"product","2":"type-product","3":"status-publish","4":"has-post-thumbnail","6":"product_cat-comprar-pastillas-de-extasis","7":"product_tag-cuanto-mdma-son-en-flugels-rosas","8":"product_tag-rosa-flugels-xtasis","9":"product_tag-pldora-informe-pink-flugels","10":"product_tag-rosa-flugels-pastillas","11":"product_tag-pink-flugels","12":"product_tag-que-son-flugels-rosas","14":"first","15":"instock","16":"shipping-taxable","17":"purchasable","18":"product-type-variable","19":"has-default-attributes"},"yoast_head":"<!-- This site is optimized with the Yoast SEO plugin v27.3 - https:\/\/yoast.com\/product\/yoast-seo-wordpress\/ -->\n<title>Compre pastillas de \u00e9xtasis de 250 mg de flugel rosa - Best Best Global Meds<\/title>\n<meta name=\"description\" content=\"Comprar Pink Flugels 250mg XTC Pills Reino Unido, Europa al mejor precio del mercado. Todos nuestros productos est\u00e1n hechos con ingredientes naturales puros libres de THC. \u00a1Ordene en l\u00ednea ahora!\" \/>\n<meta name=\"robots\" content=\"index, follow, max-snippet:-1, max-image-preview:large, max-video-preview:-1\" \/>\n<link rel=\"canonical\" href=\"https:\/\/medicinasinc.com\/es\/product\/comprar-pink-flugels-250mg-extasis-pastillas\/\" \/>\n<meta property=\"og:locale\" content=\"es_ES\" \/>\n<meta property=\"og:type\" content=\"article\" \/>\n<meta property=\"og:title\" content=\"Compre pastillas de \u00e9xtasis de 250 mg de flugel rosa - Best Best Global Meds\" \/>\n<meta property=\"og:description\" content=\"Comprar Pink Flugels 250mg XTC Pills Reino Unido, Europa al mejor precio del mercado. Todos nuestros productos est\u00e1n hechos con ingredientes naturales puros libres de THC. \u00a1Ordene en l\u00ednea ahora!\" \/>\n<meta property=\"og:url\" content=\"https:\/\/medicinasinc.com\/es\/product\/comprar-pink-flugels-250mg-extasis-pastillas\/\" \/>\n<meta property=\"og:site_name\" content=\"Medicinas Inc\" \/>\n<meta property=\"article:modified_time\" content=\"2022-03-22T01:09:34+00:00\" \/>\n<meta property=\"og:image\" content=\"https:\/\/medicinasinc.com\/es\/wp-content\/uploads\/sites\/15\/2022\/02\/buy-pink-flugels-250mg-ecstasy-pills-online.jpg\" \/>\n\t<meta property=\"og:image:width\" content=\"600\" \/>\n\t<meta property=\"og:image:height\" content=\"600\" \/>\n\t<meta property=\"og:image:type\" content=\"image\/jpeg\" \/>\n<meta name=\"twitter:card\" content=\"summary_large_image\" \/>\n<meta name=\"twitter:label1\" content=\"Tiempo de lectura\" \/>\n\t<meta name=\"twitter:data1\" content=\"1 minuto\" \/>\n<script type=\"application\/ld+json\" class=\"yoast-schema-graph\">{\"@context\":\"https:\\\/\\\/schema.org\",\"@graph\":[{\"@type\":\"WebPage\",\"@id\":\"https:\\\/\\\/medicinasinc.com\\\/es\\\/product\\\/comprar-pink-flugels-250mg-extasis-pastillas\\\/\",\"url\":\"https:\\\/\\\/medicinasinc.com\\\/es\\\/product\\\/comprar-pink-flugels-250mg-extasis-pastillas\\\/\",\"name\":\"Compre pastillas de \u00e9xtasis de 250 mg de flugel rosa - Best Best Global Meds\",\"isPartOf\":{\"@id\":\"https:\\\/\\\/medicinasinc.com\\\/es\\\/#website\"},\"primaryImageOfPage\":{\"@id\":\"https:\\\/\\\/medicinasinc.com\\\/es\\\/product\\\/comprar-pink-flugels-250mg-extasis-pastillas\\\/#primaryimage\"},\"image\":{\"@id\":\"https:\\\/\\\/medicinasinc.com\\\/es\\\/product\\\/comprar-pink-flugels-250mg-extasis-pastillas\\\/#primaryimage\"},\"thumbnailUrl\":\"https:\\\/\\\/medicinasinc.com\\\/es\\\/wp-content\\\/uploads\\\/sites\\\/15\\\/2022\\\/02\\\/buy-pink-flugels-250mg-ecstasy-pills-online.jpg\",\"datePublished\":\"2022-02-20T10:45:15+00:00\",\"dateModified\":\"2022-03-22T01:09:34+00:00\",\"description\":\"Comprar Pink Flugels 250mg XTC Pills Reino Unido, Europa al mejor precio del mercado. Todos nuestros productos est\u00e1n hechos con ingredientes naturales puros libres de THC. \u00a1Ordene en l\u00ednea ahora!\",\"breadcrumb\":{\"@id\":\"https:\\\/\\\/medicinasinc.com\\\/es\\\/product\\\/comprar-pink-flugels-250mg-extasis-pastillas\\\/#breadcrumb\"},\"inLanguage\":\"es\",\"potentialAction\":[{\"@type\":\"ReadAction\",\"target\":[\"https:\\\/\\\/medicinasinc.com\\\/es\\\/product\\\/comprar-pink-flugels-250mg-extasis-pastillas\\\/\"]}]},{\"@type\":\"ImageObject\",\"inLanguage\":\"es\",\"@id\":\"https:\\\/\\\/medicinasinc.com\\\/es\\\/product\\\/comprar-pink-flugels-250mg-extasis-pastillas\\\/#primaryimage\",\"url\":\"https:\\\/\\\/medicinasinc.com\\\/es\\\/wp-content\\\/uploads\\\/sites\\\/15\\\/2022\\\/02\\\/buy-pink-flugels-250mg-ecstasy-pills-online.jpg\",\"contentUrl\":\"https:\\\/\\\/medicinasinc.com\\\/es\\\/wp-content\\\/uploads\\\/sites\\\/15\\\/2022\\\/02\\\/buy-pink-flugels-250mg-ecstasy-pills-online.jpg\",\"width\":600,\"height\":600},{\"@type\":\"BreadcrumbList\",\"@id\":\"https:\\\/\\\/medicinasinc.com\\\/es\\\/product\\\/comprar-pink-flugels-250mg-extasis-pastillas\\\/#breadcrumb\",\"itemListElement\":[{\"@type\":\"ListItem\",\"position\":1,\"name\":\"Tienda\",\"item\":\"https:\\\/\\\/medicinasinc.com\\\/es\\\/tienda\\\/\"},{\"@type\":\"ListItem\",\"position\":2,\"name\":\"Comprar Pink flugels 250mg pastillas de \u00e9xtasis\"}]},{\"@type\":\"WebSite\",\"@id\":\"https:\\\/\\\/medicinasinc.com\\\/es\\\/#website\",\"url\":\"https:\\\/\\\/medicinasinc.com\\\/es\\\/\",\"name\":\"Medicinas Inc\",\"description\":\"Cl\u00ednica M\u00e9dica de Salud\",\"potentialAction\":[{\"@type\":\"SearchAction\",\"target\":{\"@type\":\"EntryPoint\",\"urlTemplate\":\"https:\\\/\\\/medicinasinc.com\\\/es\\\/?s={search_term_string}\"},\"query-input\":{\"@type\":\"PropertyValueSpecification\",\"valueRequired\":true,\"valueName\":\"search_term_string\"}}],\"inLanguage\":\"es\"}]}<\/script>\n<!-- \/ Yoast SEO plugin. -->","yoast_head_json":{"title":"Compre pastillas de \u00e9xtasis de 250 mg de flugel rosa - Best Best Global Meds","description":"Comprar Pink Flugels 250mg XTC Pills Reino Unido, Europa al mejor precio del mercado. Todos nuestros productos est\u00e1n hechos con ingredientes naturales puros libres de THC. \u00a1Ordene en l\u00ednea ahora!","robots":{"index":"index","follow":"follow","max-snippet":"max-snippet:-1","max-image-preview":"max-image-preview:large","max-video-preview":"max-video-preview:-1"},"canonical":"https:\/\/medicinasinc.com\/es\/product\/comprar-pink-flugels-250mg-extasis-pastillas\/","og_locale":"es_ES","og_type":"article","og_title":"Compre pastillas de \u00e9xtasis de 250 mg de flugel rosa - Best Best Global Meds","og_description":"Comprar Pink Flugels 250mg XTC Pills Reino Unido, Europa al mejor precio del mercado. Todos nuestros productos est\u00e1n hechos con ingredientes naturales puros libres de THC. \u00a1Ordene en l\u00ednea ahora!","og_url":"https:\/\/medicinasinc.com\/es\/product\/comprar-pink-flugels-250mg-extasis-pastillas\/","og_site_name":"Medicinas Inc","article_modified_time":"2022-03-22T01:09:34+00:00","og_image":[{"width":600,"height":600,"url":"https:\/\/medicinasinc.com\/es\/wp-content\/uploads\/sites\/15\/2022\/02\/buy-pink-flugels-250mg-ecstasy-pills-online.jpg","type":"image\/jpeg"}],"twitter_card":"summary_large_image","twitter_misc":{"Tiempo de lectura":"1 minuto"},"schema":{"@context":"https:\/\/schema.org","@graph":[{"@type":"WebPage","@id":"https:\/\/medicinasinc.com\/es\/product\/comprar-pink-flugels-250mg-extasis-pastillas\/","url":"https:\/\/medicinasinc.com\/es\/product\/comprar-pink-flugels-250mg-extasis-pastillas\/","name":"Compre pastillas de \u00e9xtasis de 250 mg de flugel rosa - Best Best Global Meds","isPartOf":{"@id":"https:\/\/medicinasinc.com\/es\/#website"},"primaryImageOfPage":{"@id":"https:\/\/medicinasinc.com\/es\/product\/comprar-pink-flugels-250mg-extasis-pastillas\/#primaryimage"},"image":{"@id":"https:\/\/medicinasinc.com\/es\/product\/comprar-pink-flugels-250mg-extasis-pastillas\/#primaryimage"},"thumbnailUrl":"https:\/\/medicinasinc.com\/es\/wp-content\/uploads\/sites\/15\/2022\/02\/buy-pink-flugels-250mg-ecstasy-pills-online.jpg","datePublished":"2022-02-20T10:45:15+00:00","dateModified":"2022-03-22T01:09:34+00:00","description":"Comprar Pink Flugels 250mg XTC Pills Reino Unido, Europa al mejor precio del mercado. Todos nuestros productos est\u00e1n hechos con ingredientes naturales puros libres de THC. \u00a1Ordene en l\u00ednea ahora!","breadcrumb":{"@id":"https:\/\/medicinasinc.com\/es\/product\/comprar-pink-flugels-250mg-extasis-pastillas\/#breadcrumb"},"inLanguage":"es","potentialAction":[{"@type":"ReadAction","target":["https:\/\/medicinasinc.com\/es\/product\/comprar-pink-flugels-250mg-extasis-pastillas\/"]}]},{"@type":"ImageObject","inLanguage":"es","@id":"https:\/\/medicinasinc.com\/es\/product\/comprar-pink-flugels-250mg-extasis-pastillas\/#primaryimage","url":"https:\/\/medicinasinc.com\/es\/wp-content\/uploads\/sites\/15\/2022\/02\/buy-pink-flugels-250mg-ecstasy-pills-online.jpg","contentUrl":"https:\/\/medicinasinc.com\/es\/wp-content\/uploads\/sites\/15\/2022\/02\/buy-pink-flugels-250mg-ecstasy-pills-online.jpg","width":600,"height":600},{"@type":"BreadcrumbList","@id":"https:\/\/medicinasinc.com\/es\/product\/comprar-pink-flugels-250mg-extasis-pastillas\/#breadcrumb","itemListElement":[{"@type":"ListItem","position":1,"name":"Tienda","item":"https:\/\/medicinasinc.com\/es\/tienda\/"},{"@type":"ListItem","position":2,"name":"Comprar Pink flugels 250mg pastillas de \u00e9xtasis"}]},{"@type":"WebSite","@id":"https:\/\/medicinasinc.com\/es\/#website","url":"https:\/\/medicinasinc.com\/es\/","name":"Medicinas Inc","description":"Cl\u00ednica M\u00e9dica de Salud","potentialAction":[{"@type":"SearchAction","target":{"@type":"EntryPoint","urlTemplate":"https:\/\/medicinasinc.com\/es\/?s={search_term_string}"},"query-input":{"@type":"PropertyValueSpecification","valueRequired":true,"valueName":"search_term_string"}}],"inLanguage":"es"}]}},"_links":{"self":[{"href":"https:\/\/medicinasinc.com\/es\/wp-json\/wp\/v2\/product\/4553","targetHints":{"allow":["GET"]}}],"collection":[{"href":"https:\/\/medicinasinc.com\/es\/wp-json\/wp\/v2\/product"}],"about":[{"href":"https:\/\/medicinasinc.com\/es\/wp-json\/wp\/v2\/types\/product"}],"replies":[{"embeddable":true,"href":"https:\/\/medicinasinc.com\/es\/wp-json\/wp\/v2\/comments?post=4553"}],"wp:featuredmedia":[{"embeddable":true,"href":"https:\/\/medicinasinc.com\/es\/wp-json\/wp\/v2\/media\/4571"}],"wp:attachment":[{"href":"https:\/\/medicinasinc.com\/es\/wp-json\/wp\/v2\/media?parent=4553"}],"wp:term":[{"taxonomy":"product_brand","embeddable":true,"href":"https:\/\/medicinasinc.com\/es\/wp-json\/wp\/v2\/product_brand?post=4553"},{"taxonomy":"product_cat","embeddable":true,"href":"https:\/\/medicinasinc.com\/es\/wp-json\/wp\/v2\/product_cat?post=4553"},{"taxonomy":"product_tag","embeddable":true,"href":"https:\/\/medicinasinc.com\/es\/wp-json\/wp\/v2\/product_tag?post=4553"}],"curies":[{"name":"wp","href":"https:\/\/api.w.org\/{rel}","templated":true}]}}