{"id":4535,"date":"2022-02-20T10:31:14","date_gmt":"2022-02-20T10:31:14","guid":{"rendered":"https:\/\/medicinasinc.com\/es\/?post_type=product&#038;p=4535"},"modified":"2022-03-22T01:09:56","modified_gmt":"2022-03-22T01:09:56","slug":"comprar-gray-bugatti-mdma-pastillas","status":"publish","type":"product","link":"https:\/\/medicinasinc.com\/es\/product\/comprar-gray-bugatti-mdma-pastillas\/","title":{"rendered":"Comprar pastillas Grey Bugatti MDMA"},"content":{"rendered":"<p>COMPRAR EN L\u00cdNEA PASTILLAS DE MDMA BUGATTI GRIS<\/p>\n<p>La MDMA (metanfetamina-metilendioximetanfetamina) es un estimulante sint\u00e9tico que altera la percepci\u00f3n y el estado de \u00e1nimo (conciencia de las condiciones y objetos circundantes). Qu\u00edmicamente, es similar a los alucin\u00f3genos y estimulantes, provocando sentimientos de mayor placer, energ\u00eda, calidez emocional, percepci\u00f3n del tiempo y percepci\u00f3n sensorial distorsionada. Compre mdma pura en l\u00ednea.<\/p>\n<p>La MDMA fue inicialmente popular en las fiestas nocturnas y en los clubes nocturnos, pero la droga ahora afecta a un grupo diverso de personas que se refieren a ella como Molly o \u00e9xtasis. Compra en l\u00ednea de pastillas Grey Bugatti MDMA<\/p>\n<p>El \u00e9xtasis es una droga estimulante que tiene el potencial de causar alucinaciones. Se hace referencia a los individuos como una droga de dise\u00f1o porque hacen que una persona se sienta relajada, llena de energ\u00eda y drogada. La droga es particularmente popular entre los adultos j\u00f3venes y los adolescentes que asisten a conciertos, clubes y fiestas \u00abrave\u00bb. Compre mdma en l\u00ednea<\/p>\n<p>El \u00e9xtasis se conoce con frecuencia como \u00abla p\u00edldora del amor\u00bb porque mejora la percepci\u00f3n del sonido y el color y supuestamente amplifica las sensaciones cuando uno acaricia o toca a otro, sobre todo durante el sexo. Tambi\u00e9n puede comprar Viagra para mejorar el rendimiento sexual.<\/p>\n<p>Los usuarios creen que la droga los har\u00e1 sentir relajados y bien, y los mantendr\u00e1 activos durante d\u00edas sin descanso. Las personas que consumen \u00e9xtasis desconocen los peligros asociados con este medicamento. \u00bfD\u00f3nde puedo comprar mdma puro en l\u00ednea?<\/p>\n<p>El \u00e9xtasis se ha convertido en una de las drogas callejeras m\u00e1s disponibles. El \u00e9xtasis nos ha enviado a varios de nosotros a las salas de emergencia en los \u00faltimos a\u00f1os debido a sus peligrosos efectos secundarios. Solicite MDMA en la Uni\u00f3n Europea, \u00bfpuedo comprar MDMA en l\u00ednea, MDMA al por mayor en l\u00ednea, MDMA puro a la venta en l\u00ednea, mdma real a la venta en l\u00ednea en los Estados Unidos de Am\u00e9rica?<\/p>\n","protected":false},"excerpt":{"rendered":"<p>Comprar Pastillas MDMA Bugatti Gris en venta Online al mejor precio. Garantizamos env\u00edos seguros y protegidos a todo el mundo. Pedir MDMA en la UE, puedo comprar MDMA online, MDMA al por mayor online<\/p>\n<p><em>Comprar pastillas Grey Bugatti MDMA<\/em>\u00a0Online al mejor precio. Garantizamos env\u00edos seguros y protegidos a todo el mundo. WhatsApp ahora<\/p>\n","protected":false},"featured_media":4558,"comment_status":"open","ping_status":"closed","template":"","meta":[],"product_brand":[],"product_cat":[498],"product_tag":[508,499,501,502,503,505,506,510,500,504,507,546,547,544,545,511,537,512,513,514,515,516,520,517,521,522,524,523,526,518,519,531,532,542,509,538,525,530,540,533,539,536,541,543,529,528,534,527,535],"class_list":{"0":"post-4535","1":"product","2":"type-product","3":"status-publish","4":"has-post-thumbnail","6":"product_cat-comprar-pastillas-de-extasis","7":"product_tag-puedo-pedir-mdma-online","8":"product_tag-buy-gray-bugatti-mdma-pills-online","9":"product_tag-buy-mdma-online","10":"product_tag-buy-mdma-pills","11":"product_tag-buy-mdma-pills-online","12":"product_tag-buy-mollymdma-online","13":"product_tag-buy-pure-mdma-online","14":"product_tag-como-pedir-mdma","15":"product_tag-comprar-mdma","16":"product_tag-comprar-molly-online","17":"product_tag-comprar-investigacion-quimicos-online","18":"product_tag-donde-comprar-mdma-puro-online","19":"product_tag-donde-comprar-molly-puro-en-linea","20":"product_tag-donde-comprar-pastillas-mdma","21":"product_tag-donde-comprar-pastillas-mdma-online","22":"product_tag-drogas-ilegales-para-la-venta-online-mdma","23":"product_tag-en-lnea","24":"product_tag-mdma","25":"product_tag-mdma-100mg","26":"product_tag-mdma-1g","27":"product_tag-mdma-3-4-metilendioxi-n-metilanfetamina","28":"product_tag-mdma-3g","29":"product_tag-mdma-en-venta-pedido-online","30":"product_tag-mdma-for-sale","31":"product_tag-mdma-molly","32":"product_tag-mdma-molly-crystals","33":"product_tag-mdma-molly-polvo","34":"product_tag-mdma-molly-en-venta","35":"product_tag-mdma-online-sale","36":"product_tag-mdma-en-venta-online","37":"product_tag-mdma-en-venta-online-usa","38":"product_tag-mdma-pics","39":"product_tag-mdma-pill","40":"product_tag-mdma-puro-en-venta-online","41":"product_tag-get-mdma-online","42":"product_tag-online-mdma-sales","43":"product_tag-mdma-pedido-en-lnea","44":"product_tag-mdma-order-online","45":"product_tag-order-pure-mdma-online","46":"product_tag-mdma-pastillas-para-la-venta-online","47":"product_tag-orden-mdma-online","48":"product_tag-molly-mdma-polvo","49":"product_tag-pure-mdma","50":"product_tag-real-mdma-for-sale-online","51":"product_tag-mdma-tienda-online","52":"product_tag-mdma-online-ventas-proveedores","53":"product_tag-mdma-venta","54":"product_tag-mdma-online-ventas","55":"product_tag-mdma-ventas","57":"first","58":"instock","59":"shipping-taxable","60":"purchasable","61":"product-type-variable","62":"has-default-attributes"},"yoast_head":"<!-- This site is optimized with the Yoast SEO plugin v27.3 - https:\/\/yoast.com\/product\/yoast-seo-wordpress\/ -->\n<title>Comprar pastillas Grey Bugatti MDMA - Best Best Global Meds<\/title>\n<meta name=\"description\" content=\"Comprar Pastillas MDMA Bugatti Gris en venta Online al mejor precio. Garantizamos env\u00edos seguros y protegidos a todo el mundo. Ordene MDMA en la UE, \u00bfpuedo comprar MDMA en l\u00ednea, venta al por mayor de MDMA en l\u00ednea?\" \/>\n<meta name=\"robots\" content=\"index, follow, max-snippet:-1, max-image-preview:large, max-video-preview:-1\" \/>\n<link rel=\"canonical\" href=\"https:\/\/medicinasinc.com\/es\/product\/comprar-gray-bugatti-mdma-pastillas\/\" \/>\n<meta property=\"og:locale\" content=\"es_ES\" \/>\n<meta property=\"og:type\" content=\"article\" \/>\n<meta property=\"og:title\" content=\"Comprar pastillas Grey Bugatti MDMA - Best Best Global Meds\" \/>\n<meta property=\"og:description\" content=\"Comprar Pastillas MDMA Bugatti Gris en venta Online al mejor precio. Garantizamos env\u00edos seguros y protegidos a todo el mundo. Ordene MDMA en la UE, \u00bfpuedo comprar MDMA en l\u00ednea, venta al por mayor de MDMA en l\u00ednea?\" \/>\n<meta property=\"og:url\" content=\"https:\/\/medicinasinc.com\/es\/product\/comprar-gray-bugatti-mdma-pastillas\/\" \/>\n<meta property=\"og:site_name\" content=\"Medicinas Inc\" \/>\n<meta property=\"article:modified_time\" content=\"2022-03-22T01:09:56+00:00\" \/>\n<meta property=\"og:image\" content=\"https:\/\/medicinasinc.com\/es\/wp-content\/uploads\/sites\/15\/2022\/02\/buy-gray-bugatti-mdma-pills-online.jpg\" \/>\n\t<meta property=\"og:image:width\" content=\"600\" \/>\n\t<meta property=\"og:image:height\" content=\"600\" \/>\n\t<meta property=\"og:image:type\" content=\"image\/jpeg\" \/>\n<meta name=\"twitter:card\" content=\"summary_large_image\" \/>\n<meta name=\"twitter:label1\" content=\"Tiempo de lectura\" \/>\n\t<meta name=\"twitter:data1\" content=\"2 minutos\" \/>\n<script type=\"application\/ld+json\" class=\"yoast-schema-graph\">{\"@context\":\"https:\\\/\\\/schema.org\",\"@graph\":[{\"@type\":\"WebPage\",\"@id\":\"https:\\\/\\\/medicinasinc.com\\\/es\\\/product\\\/comprar-gray-bugatti-mdma-pastillas\\\/\",\"url\":\"https:\\\/\\\/medicinasinc.com\\\/es\\\/product\\\/comprar-gray-bugatti-mdma-pastillas\\\/\",\"name\":\"Comprar pastillas Grey Bugatti MDMA - Best Best Global Meds\",\"isPartOf\":{\"@id\":\"https:\\\/\\\/medicinasinc.com\\\/es\\\/#website\"},\"primaryImageOfPage\":{\"@id\":\"https:\\\/\\\/medicinasinc.com\\\/es\\\/product\\\/comprar-gray-bugatti-mdma-pastillas\\\/#primaryimage\"},\"image\":{\"@id\":\"https:\\\/\\\/medicinasinc.com\\\/es\\\/product\\\/comprar-gray-bugatti-mdma-pastillas\\\/#primaryimage\"},\"thumbnailUrl\":\"https:\\\/\\\/medicinasinc.com\\\/es\\\/wp-content\\\/uploads\\\/sites\\\/15\\\/2022\\\/02\\\/buy-gray-bugatti-mdma-pills-online.jpg\",\"datePublished\":\"2022-02-20T10:31:14+00:00\",\"dateModified\":\"2022-03-22T01:09:56+00:00\",\"description\":\"Comprar Pastillas MDMA Bugatti Gris en venta Online al mejor precio. Garantizamos env\u00edos seguros y protegidos a todo el mundo. Ordene MDMA en la UE, \u00bfpuedo comprar MDMA en l\u00ednea, venta al por mayor de MDMA en l\u00ednea?\",\"breadcrumb\":{\"@id\":\"https:\\\/\\\/medicinasinc.com\\\/es\\\/product\\\/comprar-gray-bugatti-mdma-pastillas\\\/#breadcrumb\"},\"inLanguage\":\"es\",\"potentialAction\":[{\"@type\":\"ReadAction\",\"target\":[\"https:\\\/\\\/medicinasinc.com\\\/es\\\/product\\\/comprar-gray-bugatti-mdma-pastillas\\\/\"]}]},{\"@type\":\"ImageObject\",\"inLanguage\":\"es\",\"@id\":\"https:\\\/\\\/medicinasinc.com\\\/es\\\/product\\\/comprar-gray-bugatti-mdma-pastillas\\\/#primaryimage\",\"url\":\"https:\\\/\\\/medicinasinc.com\\\/es\\\/wp-content\\\/uploads\\\/sites\\\/15\\\/2022\\\/02\\\/buy-gray-bugatti-mdma-pills-online.jpg\",\"contentUrl\":\"https:\\\/\\\/medicinasinc.com\\\/es\\\/wp-content\\\/uploads\\\/sites\\\/15\\\/2022\\\/02\\\/buy-gray-bugatti-mdma-pills-online.jpg\",\"width\":600,\"height\":600},{\"@type\":\"BreadcrumbList\",\"@id\":\"https:\\\/\\\/medicinasinc.com\\\/es\\\/product\\\/comprar-gray-bugatti-mdma-pastillas\\\/#breadcrumb\",\"itemListElement\":[{\"@type\":\"ListItem\",\"position\":1,\"name\":\"Tienda\",\"item\":\"https:\\\/\\\/medicinasinc.com\\\/es\\\/tienda\\\/\"},{\"@type\":\"ListItem\",\"position\":2,\"name\":\"Comprar pastillas Grey Bugatti MDMA\"}]},{\"@type\":\"WebSite\",\"@id\":\"https:\\\/\\\/medicinasinc.com\\\/es\\\/#website\",\"url\":\"https:\\\/\\\/medicinasinc.com\\\/es\\\/\",\"name\":\"Medicinas Inc\",\"description\":\"Cl\u00ednica M\u00e9dica de Salud\",\"potentialAction\":[{\"@type\":\"SearchAction\",\"target\":{\"@type\":\"EntryPoint\",\"urlTemplate\":\"https:\\\/\\\/medicinasinc.com\\\/es\\\/?s={search_term_string}\"},\"query-input\":{\"@type\":\"PropertyValueSpecification\",\"valueRequired\":true,\"valueName\":\"search_term_string\"}}],\"inLanguage\":\"es\"}]}<\/script>\n<!-- \/ Yoast SEO plugin. -->","yoast_head_json":{"title":"Comprar pastillas Grey Bugatti MDMA - Best Best Global Meds","description":"Comprar Pastillas MDMA Bugatti Gris en venta Online al mejor precio. Garantizamos env\u00edos seguros y protegidos a todo el mundo. Ordene MDMA en la UE, \u00bfpuedo comprar MDMA en l\u00ednea, venta al por mayor de MDMA en l\u00ednea?","robots":{"index":"index","follow":"follow","max-snippet":"max-snippet:-1","max-image-preview":"max-image-preview:large","max-video-preview":"max-video-preview:-1"},"canonical":"https:\/\/medicinasinc.com\/es\/product\/comprar-gray-bugatti-mdma-pastillas\/","og_locale":"es_ES","og_type":"article","og_title":"Comprar pastillas Grey Bugatti MDMA - Best Best Global Meds","og_description":"Comprar Pastillas MDMA Bugatti Gris en venta Online al mejor precio. Garantizamos env\u00edos seguros y protegidos a todo el mundo. Ordene MDMA en la UE, \u00bfpuedo comprar MDMA en l\u00ednea, venta al por mayor de MDMA en l\u00ednea?","og_url":"https:\/\/medicinasinc.com\/es\/product\/comprar-gray-bugatti-mdma-pastillas\/","og_site_name":"Medicinas Inc","article_modified_time":"2022-03-22T01:09:56+00:00","og_image":[{"width":600,"height":600,"url":"https:\/\/medicinasinc.com\/es\/wp-content\/uploads\/sites\/15\/2022\/02\/buy-gray-bugatti-mdma-pills-online.jpg","type":"image\/jpeg"}],"twitter_card":"summary_large_image","twitter_misc":{"Tiempo de lectura":"2 minutos"},"schema":{"@context":"https:\/\/schema.org","@graph":[{"@type":"WebPage","@id":"https:\/\/medicinasinc.com\/es\/product\/comprar-gray-bugatti-mdma-pastillas\/","url":"https:\/\/medicinasinc.com\/es\/product\/comprar-gray-bugatti-mdma-pastillas\/","name":"Comprar pastillas Grey Bugatti MDMA - Best Best Global Meds","isPartOf":{"@id":"https:\/\/medicinasinc.com\/es\/#website"},"primaryImageOfPage":{"@id":"https:\/\/medicinasinc.com\/es\/product\/comprar-gray-bugatti-mdma-pastillas\/#primaryimage"},"image":{"@id":"https:\/\/medicinasinc.com\/es\/product\/comprar-gray-bugatti-mdma-pastillas\/#primaryimage"},"thumbnailUrl":"https:\/\/medicinasinc.com\/es\/wp-content\/uploads\/sites\/15\/2022\/02\/buy-gray-bugatti-mdma-pills-online.jpg","datePublished":"2022-02-20T10:31:14+00:00","dateModified":"2022-03-22T01:09:56+00:00","description":"Comprar Pastillas MDMA Bugatti Gris en venta Online al mejor precio. Garantizamos env\u00edos seguros y protegidos a todo el mundo. Ordene MDMA en la UE, \u00bfpuedo comprar MDMA en l\u00ednea, venta al por mayor de MDMA en l\u00ednea?","breadcrumb":{"@id":"https:\/\/medicinasinc.com\/es\/product\/comprar-gray-bugatti-mdma-pastillas\/#breadcrumb"},"inLanguage":"es","potentialAction":[{"@type":"ReadAction","target":["https:\/\/medicinasinc.com\/es\/product\/comprar-gray-bugatti-mdma-pastillas\/"]}]},{"@type":"ImageObject","inLanguage":"es","@id":"https:\/\/medicinasinc.com\/es\/product\/comprar-gray-bugatti-mdma-pastillas\/#primaryimage","url":"https:\/\/medicinasinc.com\/es\/wp-content\/uploads\/sites\/15\/2022\/02\/buy-gray-bugatti-mdma-pills-online.jpg","contentUrl":"https:\/\/medicinasinc.com\/es\/wp-content\/uploads\/sites\/15\/2022\/02\/buy-gray-bugatti-mdma-pills-online.jpg","width":600,"height":600},{"@type":"BreadcrumbList","@id":"https:\/\/medicinasinc.com\/es\/product\/comprar-gray-bugatti-mdma-pastillas\/#breadcrumb","itemListElement":[{"@type":"ListItem","position":1,"name":"Tienda","item":"https:\/\/medicinasinc.com\/es\/tienda\/"},{"@type":"ListItem","position":2,"name":"Comprar pastillas Grey Bugatti MDMA"}]},{"@type":"WebSite","@id":"https:\/\/medicinasinc.com\/es\/#website","url":"https:\/\/medicinasinc.com\/es\/","name":"Medicinas Inc","description":"Cl\u00ednica M\u00e9dica de Salud","potentialAction":[{"@type":"SearchAction","target":{"@type":"EntryPoint","urlTemplate":"https:\/\/medicinasinc.com\/es\/?s={search_term_string}"},"query-input":{"@type":"PropertyValueSpecification","valueRequired":true,"valueName":"search_term_string"}}],"inLanguage":"es"}]}},"_links":{"self":[{"href":"https:\/\/medicinasinc.com\/es\/wp-json\/wp\/v2\/product\/4535","targetHints":{"allow":["GET"]}}],"collection":[{"href":"https:\/\/medicinasinc.com\/es\/wp-json\/wp\/v2\/product"}],"about":[{"href":"https:\/\/medicinasinc.com\/es\/wp-json\/wp\/v2\/types\/product"}],"replies":[{"embeddable":true,"href":"https:\/\/medicinasinc.com\/es\/wp-json\/wp\/v2\/comments?post=4535"}],"wp:featuredmedia":[{"embeddable":true,"href":"https:\/\/medicinasinc.com\/es\/wp-json\/wp\/v2\/media\/4558"}],"wp:attachment":[{"href":"https:\/\/medicinasinc.com\/es\/wp-json\/wp\/v2\/media?parent=4535"}],"wp:term":[{"taxonomy":"product_brand","embeddable":true,"href":"https:\/\/medicinasinc.com\/es\/wp-json\/wp\/v2\/product_brand?post=4535"},{"taxonomy":"product_cat","embeddable":true,"href":"https:\/\/medicinasinc.com\/es\/wp-json\/wp\/v2\/product_cat?post=4535"},{"taxonomy":"product_tag","embeddable":true,"href":"https:\/\/medicinasinc.com\/es\/wp-json\/wp\/v2\/product_tag?post=4535"}],"curies":[{"name":"wp","href":"https:\/\/api.w.org\/{rel}","templated":true}]}}