{"id":4534,"date":"2022-02-20T10:30:39","date_gmt":"2022-02-20T10:30:39","guid":{"rendered":"https:\/\/medicinasinc.com\/es\/?post_type=product&#038;p=4534"},"modified":"2022-03-22T01:10:06","modified_gmt":"2022-03-22T01:10:06","slug":"comprar-pastillas-de-extasis-estrella-verde","status":"publish","type":"product","link":"https:\/\/medicinasinc.com\/es\/product\/comprar-pastillas-de-extasis-estrella-verde\/","title":{"rendered":"Comprar pastillas de \u00e9xtasis Green Star"},"content":{"rendered":"<p>\u00c9xtasis Green Star 254 mg Compre en l\u00ednea<\/p>\n<p>P\u00edldoras de \u00e9xtasis Green Star a la venta en l\u00ednea.<\/p>\n<p>El \u00e9xtasis se concibi\u00f3 en 1912 como resultado de la relaci\u00f3n farmac\u00e9utica de Merck. Fue apodado \u00abMDMA\u00bb debido a su estructura novedosa. Fue utilizado por primera vez por las Fuerzas Armadas de los EE. UU. en 1953 para pruebas de combate mental y se restableci\u00f3 brevemente en la d\u00e9cada de 1960 como una receta de psicoterapia para \u00abreducir las inhibiciones\u00bb. 1 La MDMA no se us\u00f3 como medicamento para asuntos sociales hasta la d\u00e9cada de 1970.<\/p>\n<p>A mediados de la d\u00e9cada de 1980, la MDMA se hab\u00eda promocionado como \u00ablo m\u00e1s burbujeante del m\u00e9todo con la intenci\u00f3n de divertir a trav\u00e9s de la ciencia\u00bb y como el \u00aben medicaci\u00f3n\u00bb para fiestas de larga duraci\u00f3n. La MDMA a\u00fan se vend\u00eda bajo la marca \u00abDelight\u00bb en 1984, pero para 1985, el medicamento se hab\u00eda restringido debido a problemas de seguridad.<br \/> El \u00e9xtasis, la estrella verde, puede ser especialmente beneficioso para quienes enfrentan Problemas de factores apremiantes (TEPT). Numerosos pacientes son incapaces de hablar de los eventos angustiosos que precipitaron sus problemas. De acuerdo con esta teor\u00eda, la alegr\u00eda puede ayudar a las personas a enfrentar estas heridas.<\/p>\n<p>Doblin, de 50 a\u00f1os, no es un experto en la materia ni un investigador, pero tiene una amplia asociaci\u00f3n con la medicina debido a su uso frecuente. . \u00abHa hecho una diferencia significativa en mi vida\u00bb, explic\u00f3. A lo largo de los a\u00f1os, ha admitido haber difundido el mensaje de que Rapture y varios medicamentos alucin\u00f3genos tienen implicaciones cr\u00edticas para la salud.<br \/> Si realmente est\u00e1 buscando un negocio que pueda ofrecer productos de la m\u00e1s alta calidad, ha venido al indicado. lugar. En nuestra fundaci\u00f3n podr\u00e1 elegir los mejores art\u00edculos que le ayudar\u00e1n a generar su confianza y establecer una relaci\u00f3n leg\u00edtima con nosotros debido a la alta calidad de nuestros productos. Env\u00ede su solicitud ahora y el \u00e9xtasis de la estrella verde se entregar\u00e1 en su puerta dentro de los cinco d\u00edas h\u00e1biles.<\/p>\n","protected":false},"excerpt":{"rendered":"<p>Compre pastillas de \u00e9xtasis Green Star para la venta en el Reino Unido, Europa en l\u00ednea. Compre p\u00edldoras de \u00e9xtasis Green Star en l\u00ednea del proveedor de mdma m\u00e1s confiable, garantizamos una entrega discreta y segura<\/p>\n","protected":false},"featured_media":4557,"comment_status":"open","ping_status":"closed","template":"","meta":[],"product_brand":[],"product_cat":[498],"product_tag":[],"class_list":{"0":"post-4534","1":"product","2":"type-product","3":"status-publish","4":"has-post-thumbnail","6":"product_cat-comprar-pastillas-de-extasis","8":"first","9":"instock","10":"shipping-taxable","11":"purchasable","12":"product-type-variable","13":"has-default-attributes"},"yoast_head":"<!-- This site is optimized with the Yoast SEO plugin v27.3 - https:\/\/yoast.com\/product\/yoast-seo-wordpress\/ -->\n<title>Compre Green Star Ecstasy Pills - Best Best Global Meds<\/title>\n<meta name=\"description\" content=\"Compre pastillas de \u00e9xtasis Green Star a la venta en el Reino Unido, Europa en l\u00ednea. Compre pastillas de \u00e9xtasis Green Star en l\u00ednea del proveedor de mdma m\u00e1s confiable, garantizamos una entrega discreta y segura\" \/>\n<meta name=\"robots\" content=\"index, follow, max-snippet:-1, max-image-preview:large, max-video-preview:-1\" \/>\n<link rel=\"canonical\" href=\"https:\/\/medicinasinc.com\/es\/product\/comprar-pastillas-de-extasis-estrella-verde\/\" \/>\n<meta property=\"og:locale\" content=\"es_ES\" \/>\n<meta property=\"og:type\" content=\"article\" \/>\n<meta property=\"og:title\" content=\"Compre Green Star Ecstasy Pills - Best Best Global Meds\" \/>\n<meta property=\"og:description\" content=\"Compre pastillas de \u00e9xtasis Green Star a la venta en el Reino Unido, Europa en l\u00ednea. Compre pastillas de \u00e9xtasis Green Star en l\u00ednea del proveedor de mdma m\u00e1s confiable, garantizamos una entrega discreta y segura\" \/>\n<meta property=\"og:url\" content=\"https:\/\/medicinasinc.com\/es\/product\/comprar-pastillas-de-extasis-estrella-verde\/\" \/>\n<meta property=\"og:site_name\" content=\"Medicinas Inc\" \/>\n<meta property=\"article:modified_time\" content=\"2022-03-22T01:10:06+00:00\" \/>\n<meta property=\"og:image\" content=\"https:\/\/medicinasinc.com\/es\/wp-content\/uploads\/sites\/15\/2022\/02\/buy-green-star-ecstasy-pills-online.jpg\" \/>\n\t<meta property=\"og:image:width\" content=\"600\" \/>\n\t<meta property=\"og:image:height\" content=\"600\" \/>\n\t<meta property=\"og:image:type\" content=\"image\/jpeg\" \/>\n<meta name=\"twitter:card\" content=\"summary_large_image\" \/>\n<meta name=\"twitter:label1\" content=\"Tiempo de lectura\" \/>\n\t<meta name=\"twitter:data1\" content=\"2 minutos\" \/>\n<script type=\"application\/ld+json\" class=\"yoast-schema-graph\">{\"@context\":\"https:\\\/\\\/schema.org\",\"@graph\":[{\"@type\":\"WebPage\",\"@id\":\"https:\\\/\\\/medicinasinc.com\\\/es\\\/product\\\/comprar-pastillas-de-extasis-estrella-verde\\\/\",\"url\":\"https:\\\/\\\/medicinasinc.com\\\/es\\\/product\\\/comprar-pastillas-de-extasis-estrella-verde\\\/\",\"name\":\"Compre Green Star Ecstasy Pills - Best Best Global Meds\",\"isPartOf\":{\"@id\":\"https:\\\/\\\/medicinasinc.com\\\/es\\\/#website\"},\"primaryImageOfPage\":{\"@id\":\"https:\\\/\\\/medicinasinc.com\\\/es\\\/product\\\/comprar-pastillas-de-extasis-estrella-verde\\\/#primaryimage\"},\"image\":{\"@id\":\"https:\\\/\\\/medicinasinc.com\\\/es\\\/product\\\/comprar-pastillas-de-extasis-estrella-verde\\\/#primaryimage\"},\"thumbnailUrl\":\"https:\\\/\\\/medicinasinc.com\\\/es\\\/wp-content\\\/uploads\\\/sites\\\/15\\\/2022\\\/02\\\/buy-green-star-ecstasy-pills-online.jpg\",\"datePublished\":\"2022-02-20T10:30:39+00:00\",\"dateModified\":\"2022-03-22T01:10:06+00:00\",\"description\":\"Compre pastillas de \u00e9xtasis Green Star a la venta en el Reino Unido, Europa en l\u00ednea. Compre pastillas de \u00e9xtasis Green Star en l\u00ednea del proveedor de mdma m\u00e1s confiable, garantizamos una entrega discreta y segura\",\"breadcrumb\":{\"@id\":\"https:\\\/\\\/medicinasinc.com\\\/es\\\/product\\\/comprar-pastillas-de-extasis-estrella-verde\\\/#breadcrumb\"},\"inLanguage\":\"es\",\"potentialAction\":[{\"@type\":\"ReadAction\",\"target\":[\"https:\\\/\\\/medicinasinc.com\\\/es\\\/product\\\/comprar-pastillas-de-extasis-estrella-verde\\\/\"]}]},{\"@type\":\"ImageObject\",\"inLanguage\":\"es\",\"@id\":\"https:\\\/\\\/medicinasinc.com\\\/es\\\/product\\\/comprar-pastillas-de-extasis-estrella-verde\\\/#primaryimage\",\"url\":\"https:\\\/\\\/medicinasinc.com\\\/es\\\/wp-content\\\/uploads\\\/sites\\\/15\\\/2022\\\/02\\\/buy-green-star-ecstasy-pills-online.jpg\",\"contentUrl\":\"https:\\\/\\\/medicinasinc.com\\\/es\\\/wp-content\\\/uploads\\\/sites\\\/15\\\/2022\\\/02\\\/buy-green-star-ecstasy-pills-online.jpg\",\"width\":600,\"height\":600},{\"@type\":\"BreadcrumbList\",\"@id\":\"https:\\\/\\\/medicinasinc.com\\\/es\\\/product\\\/comprar-pastillas-de-extasis-estrella-verde\\\/#breadcrumb\",\"itemListElement\":[{\"@type\":\"ListItem\",\"position\":1,\"name\":\"Tienda\",\"item\":\"https:\\\/\\\/medicinasinc.com\\\/es\\\/tienda\\\/\"},{\"@type\":\"ListItem\",\"position\":2,\"name\":\"Comprar pastillas de \u00e9xtasis Green Star\"}]},{\"@type\":\"WebSite\",\"@id\":\"https:\\\/\\\/medicinasinc.com\\\/es\\\/#website\",\"url\":\"https:\\\/\\\/medicinasinc.com\\\/es\\\/\",\"name\":\"Medicinas Inc\",\"description\":\"Cl\u00ednica M\u00e9dica de Salud\",\"potentialAction\":[{\"@type\":\"SearchAction\",\"target\":{\"@type\":\"EntryPoint\",\"urlTemplate\":\"https:\\\/\\\/medicinasinc.com\\\/es\\\/?s={search_term_string}\"},\"query-input\":{\"@type\":\"PropertyValueSpecification\",\"valueRequired\":true,\"valueName\":\"search_term_string\"}}],\"inLanguage\":\"es\"}]}<\/script>\n<!-- \/ Yoast SEO plugin. -->","yoast_head_json":{"title":"Compre Green Star Ecstasy Pills - Best Best Global Meds","description":"Compre pastillas de \u00e9xtasis Green Star a la venta en el Reino Unido, Europa en l\u00ednea. Compre pastillas de \u00e9xtasis Green Star en l\u00ednea del proveedor de mdma m\u00e1s confiable, garantizamos una entrega discreta y segura","robots":{"index":"index","follow":"follow","max-snippet":"max-snippet:-1","max-image-preview":"max-image-preview:large","max-video-preview":"max-video-preview:-1"},"canonical":"https:\/\/medicinasinc.com\/es\/product\/comprar-pastillas-de-extasis-estrella-verde\/","og_locale":"es_ES","og_type":"article","og_title":"Compre Green Star Ecstasy Pills - Best Best Global Meds","og_description":"Compre pastillas de \u00e9xtasis Green Star a la venta en el Reino Unido, Europa en l\u00ednea. Compre pastillas de \u00e9xtasis Green Star en l\u00ednea del proveedor de mdma m\u00e1s confiable, garantizamos una entrega discreta y segura","og_url":"https:\/\/medicinasinc.com\/es\/product\/comprar-pastillas-de-extasis-estrella-verde\/","og_site_name":"Medicinas Inc","article_modified_time":"2022-03-22T01:10:06+00:00","og_image":[{"width":600,"height":600,"url":"https:\/\/medicinasinc.com\/es\/wp-content\/uploads\/sites\/15\/2022\/02\/buy-green-star-ecstasy-pills-online.jpg","type":"image\/jpeg"}],"twitter_card":"summary_large_image","twitter_misc":{"Tiempo de lectura":"2 minutos"},"schema":{"@context":"https:\/\/schema.org","@graph":[{"@type":"WebPage","@id":"https:\/\/medicinasinc.com\/es\/product\/comprar-pastillas-de-extasis-estrella-verde\/","url":"https:\/\/medicinasinc.com\/es\/product\/comprar-pastillas-de-extasis-estrella-verde\/","name":"Compre Green Star Ecstasy Pills - Best Best Global Meds","isPartOf":{"@id":"https:\/\/medicinasinc.com\/es\/#website"},"primaryImageOfPage":{"@id":"https:\/\/medicinasinc.com\/es\/product\/comprar-pastillas-de-extasis-estrella-verde\/#primaryimage"},"image":{"@id":"https:\/\/medicinasinc.com\/es\/product\/comprar-pastillas-de-extasis-estrella-verde\/#primaryimage"},"thumbnailUrl":"https:\/\/medicinasinc.com\/es\/wp-content\/uploads\/sites\/15\/2022\/02\/buy-green-star-ecstasy-pills-online.jpg","datePublished":"2022-02-20T10:30:39+00:00","dateModified":"2022-03-22T01:10:06+00:00","description":"Compre pastillas de \u00e9xtasis Green Star a la venta en el Reino Unido, Europa en l\u00ednea. Compre pastillas de \u00e9xtasis Green Star en l\u00ednea del proveedor de mdma m\u00e1s confiable, garantizamos una entrega discreta y segura","breadcrumb":{"@id":"https:\/\/medicinasinc.com\/es\/product\/comprar-pastillas-de-extasis-estrella-verde\/#breadcrumb"},"inLanguage":"es","potentialAction":[{"@type":"ReadAction","target":["https:\/\/medicinasinc.com\/es\/product\/comprar-pastillas-de-extasis-estrella-verde\/"]}]},{"@type":"ImageObject","inLanguage":"es","@id":"https:\/\/medicinasinc.com\/es\/product\/comprar-pastillas-de-extasis-estrella-verde\/#primaryimage","url":"https:\/\/medicinasinc.com\/es\/wp-content\/uploads\/sites\/15\/2022\/02\/buy-green-star-ecstasy-pills-online.jpg","contentUrl":"https:\/\/medicinasinc.com\/es\/wp-content\/uploads\/sites\/15\/2022\/02\/buy-green-star-ecstasy-pills-online.jpg","width":600,"height":600},{"@type":"BreadcrumbList","@id":"https:\/\/medicinasinc.com\/es\/product\/comprar-pastillas-de-extasis-estrella-verde\/#breadcrumb","itemListElement":[{"@type":"ListItem","position":1,"name":"Tienda","item":"https:\/\/medicinasinc.com\/es\/tienda\/"},{"@type":"ListItem","position":2,"name":"Comprar pastillas de \u00e9xtasis Green Star"}]},{"@type":"WebSite","@id":"https:\/\/medicinasinc.com\/es\/#website","url":"https:\/\/medicinasinc.com\/es\/","name":"Medicinas Inc","description":"Cl\u00ednica M\u00e9dica de Salud","potentialAction":[{"@type":"SearchAction","target":{"@type":"EntryPoint","urlTemplate":"https:\/\/medicinasinc.com\/es\/?s={search_term_string}"},"query-input":{"@type":"PropertyValueSpecification","valueRequired":true,"valueName":"search_term_string"}}],"inLanguage":"es"}]}},"_links":{"self":[{"href":"https:\/\/medicinasinc.com\/es\/wp-json\/wp\/v2\/product\/4534","targetHints":{"allow":["GET"]}}],"collection":[{"href":"https:\/\/medicinasinc.com\/es\/wp-json\/wp\/v2\/product"}],"about":[{"href":"https:\/\/medicinasinc.com\/es\/wp-json\/wp\/v2\/types\/product"}],"replies":[{"embeddable":true,"href":"https:\/\/medicinasinc.com\/es\/wp-json\/wp\/v2\/comments?post=4534"}],"wp:featuredmedia":[{"embeddable":true,"href":"https:\/\/medicinasinc.com\/es\/wp-json\/wp\/v2\/media\/4557"}],"wp:attachment":[{"href":"https:\/\/medicinasinc.com\/es\/wp-json\/wp\/v2\/media?parent=4534"}],"wp:term":[{"taxonomy":"product_brand","embeddable":true,"href":"https:\/\/medicinasinc.com\/es\/wp-json\/wp\/v2\/product_brand?post=4534"},{"taxonomy":"product_cat","embeddable":true,"href":"https:\/\/medicinasinc.com\/es\/wp-json\/wp\/v2\/product_cat?post=4534"},{"taxonomy":"product_tag","embeddable":true,"href":"https:\/\/medicinasinc.com\/es\/wp-json\/wp\/v2\/product_tag?post=4534"}],"curies":[{"name":"wp","href":"https:\/\/api.w.org\/{rel}","templated":true}]}}