{"id":4508,"date":"2022-02-20T10:06:18","date_gmt":"2022-02-20T10:06:18","guid":{"rendered":"https:\/\/medicinasinc.com\/es\/?post_type=product&#038;p=4508"},"modified":"2022-03-22T01:10:37","modified_gmt":"2022-03-22T01:10:37","slug":"comprar-pastillas-de-extasis-de-superman-azul","status":"publish","type":"product","link":"https:\/\/medicinasinc.com\/es\/product\/comprar-pastillas-de-extasis-de-superman-azul\/","title":{"rendered":"Comprar pastillas de \u00e9xtasis de Superman Azul"},"content":{"rendered":"<h1>Compre pastillas de \u00e9xtasis de Superman azul en l\u00ednea.<\/h1>\n<table style=\"height: 67px\" width=\"506\">\n<tbody>\n<tr>\n<th>Color:<\/th>\n<td>Azul<\/td>\n<\/tr>\n<tr>\n<th>Tama\u00f1o:<\/th>\n<td>353 mg<\/td>\n<\/tr>\n<\/tbody>\n<\/table>\n","protected":false},"excerpt":{"rendered":"<p>\u00a1Compre pastillas de \u00e9xtasis de Blue Superman en l\u00ednea a un precio asequible en Gold Medications! Todos los productos est\u00e1n calificados en laboratorio y tienen una calidad superior.<\/p>\n<p><em>Blue Superman<\/em>\u00a0XTC\u00a0<em>Pastillas<\/em>. XTC\u00a0<em>superman azul<\/em>\u00a0300 mg de XTC\u00a0<em>p\u00edldoras<\/em>. Hardcore\u00a0<em>p\u00edldoras<\/em>\u00a0limpias y muy fuertes, prensadas gruesas, rompen la l\u00ednea. marqu\u00e9s prob\u00f3 OK.<\/p>\n","protected":false},"featured_media":4540,"comment_status":"open","ping_status":"closed","template":"","meta":[],"product_brand":[],"product_cat":[498],"product_tag":[],"class_list":{"0":"post-4508","1":"product","2":"type-product","3":"status-publish","4":"has-post-thumbnail","6":"product_cat-comprar-pastillas-de-extasis","8":"first","9":"instock","10":"shipping-taxable","11":"purchasable","12":"product-type-variable","13":"has-default-attributes"},"yoast_head":"<!-- This site is optimized with the Yoast SEO plugin v27.3 - https:\/\/yoast.com\/product\/yoast-seo-wordpress\/ -->\n<title>Comprar pastillas de \u00e9xtasis de Superman azul en l\u00ednea - Best Best Global Meds<\/title>\n<meta name=\"description\" content=\"\u00a1Compre las p\u00edldoras de \u00e9xtasis de Blue Superman en l\u00ednea a un precio asequible en Gold Medications! Todos los productos est\u00e1n calificados en laboratorio y tienen una calidad superior.\" \/>\n<meta name=\"robots\" content=\"index, follow, max-snippet:-1, max-image-preview:large, max-video-preview:-1\" \/>\n<link rel=\"canonical\" href=\"https:\/\/medicinasinc.com\/es\/product\/comprar-pastillas-de-extasis-de-superman-azul\/\" \/>\n<meta property=\"og:locale\" content=\"es_ES\" \/>\n<meta property=\"og:type\" content=\"article\" \/>\n<meta property=\"og:title\" content=\"Comprar pastillas de \u00e9xtasis de Superman azul en l\u00ednea - Best Best Global Meds\" \/>\n<meta property=\"og:description\" content=\"\u00a1Compre las p\u00edldoras de \u00e9xtasis de Blue Superman en l\u00ednea a un precio asequible en Gold Medications! Todos los productos est\u00e1n calificados en laboratorio y tienen una calidad superior.\" \/>\n<meta property=\"og:url\" content=\"https:\/\/medicinasinc.com\/es\/product\/comprar-pastillas-de-extasis-de-superman-azul\/\" \/>\n<meta property=\"og:site_name\" content=\"Medicinas Inc\" \/>\n<meta property=\"article:modified_time\" content=\"2022-03-22T01:10:37+00:00\" \/>\n<meta property=\"og:image\" content=\"https:\/\/medicinasinc.com\/es\/wp-content\/uploads\/sites\/15\/2022\/02\/buy-blue-superman-ecstasy-pills-online.jpg\" \/>\n\t<meta property=\"og:image:width\" content=\"600\" \/>\n\t<meta property=\"og:image:height\" content=\"600\" \/>\n\t<meta property=\"og:image:type\" content=\"image\/jpeg\" \/>\n<meta name=\"twitter:card\" content=\"summary_large_image\" \/>\n<meta name=\"twitter:label1\" content=\"Tiempo de lectura\" \/>\n\t<meta name=\"twitter:data1\" content=\"1 minuto\" \/>\n<script type=\"application\/ld+json\" class=\"yoast-schema-graph\">{\"@context\":\"https:\\\/\\\/schema.org\",\"@graph\":[{\"@type\":\"WebPage\",\"@id\":\"https:\\\/\\\/medicinasinc.com\\\/es\\\/product\\\/comprar-pastillas-de-extasis-de-superman-azul\\\/\",\"url\":\"https:\\\/\\\/medicinasinc.com\\\/es\\\/product\\\/comprar-pastillas-de-extasis-de-superman-azul\\\/\",\"name\":\"Comprar pastillas de \u00e9xtasis de Superman azul en l\u00ednea - Best Best Global Meds\",\"isPartOf\":{\"@id\":\"https:\\\/\\\/medicinasinc.com\\\/es\\\/#website\"},\"primaryImageOfPage\":{\"@id\":\"https:\\\/\\\/medicinasinc.com\\\/es\\\/product\\\/comprar-pastillas-de-extasis-de-superman-azul\\\/#primaryimage\"},\"image\":{\"@id\":\"https:\\\/\\\/medicinasinc.com\\\/es\\\/product\\\/comprar-pastillas-de-extasis-de-superman-azul\\\/#primaryimage\"},\"thumbnailUrl\":\"https:\\\/\\\/medicinasinc.com\\\/es\\\/wp-content\\\/uploads\\\/sites\\\/15\\\/2022\\\/02\\\/buy-blue-superman-ecstasy-pills-online.jpg\",\"datePublished\":\"2022-02-20T10:06:18+00:00\",\"dateModified\":\"2022-03-22T01:10:37+00:00\",\"description\":\"\u00a1Compre las p\u00edldoras de \u00e9xtasis de Blue Superman en l\u00ednea a un precio asequible en Gold Medications! Todos los productos est\u00e1n calificados en laboratorio y tienen una calidad superior.\",\"breadcrumb\":{\"@id\":\"https:\\\/\\\/medicinasinc.com\\\/es\\\/product\\\/comprar-pastillas-de-extasis-de-superman-azul\\\/#breadcrumb\"},\"inLanguage\":\"es\",\"potentialAction\":[{\"@type\":\"ReadAction\",\"target\":[\"https:\\\/\\\/medicinasinc.com\\\/es\\\/product\\\/comprar-pastillas-de-extasis-de-superman-azul\\\/\"]}]},{\"@type\":\"ImageObject\",\"inLanguage\":\"es\",\"@id\":\"https:\\\/\\\/medicinasinc.com\\\/es\\\/product\\\/comprar-pastillas-de-extasis-de-superman-azul\\\/#primaryimage\",\"url\":\"https:\\\/\\\/medicinasinc.com\\\/es\\\/wp-content\\\/uploads\\\/sites\\\/15\\\/2022\\\/02\\\/buy-blue-superman-ecstasy-pills-online.jpg\",\"contentUrl\":\"https:\\\/\\\/medicinasinc.com\\\/es\\\/wp-content\\\/uploads\\\/sites\\\/15\\\/2022\\\/02\\\/buy-blue-superman-ecstasy-pills-online.jpg\",\"width\":600,\"height\":600},{\"@type\":\"BreadcrumbList\",\"@id\":\"https:\\\/\\\/medicinasinc.com\\\/es\\\/product\\\/comprar-pastillas-de-extasis-de-superman-azul\\\/#breadcrumb\",\"itemListElement\":[{\"@type\":\"ListItem\",\"position\":1,\"name\":\"Tienda\",\"item\":\"https:\\\/\\\/medicinasinc.com\\\/es\\\/tienda\\\/\"},{\"@type\":\"ListItem\",\"position\":2,\"name\":\"Comprar pastillas de \u00e9xtasis de Superman Azul\"}]},{\"@type\":\"WebSite\",\"@id\":\"https:\\\/\\\/medicinasinc.com\\\/es\\\/#website\",\"url\":\"https:\\\/\\\/medicinasinc.com\\\/es\\\/\",\"name\":\"Medicinas Inc\",\"description\":\"Cl\u00ednica M\u00e9dica de Salud\",\"potentialAction\":[{\"@type\":\"SearchAction\",\"target\":{\"@type\":\"EntryPoint\",\"urlTemplate\":\"https:\\\/\\\/medicinasinc.com\\\/es\\\/?s={search_term_string}\"},\"query-input\":{\"@type\":\"PropertyValueSpecification\",\"valueRequired\":true,\"valueName\":\"search_term_string\"}}],\"inLanguage\":\"es\"}]}<\/script>\n<!-- \/ Yoast SEO plugin. -->","yoast_head_json":{"title":"Comprar pastillas de \u00e9xtasis de Superman azul en l\u00ednea - Best Best Global Meds","description":"\u00a1Compre las p\u00edldoras de \u00e9xtasis de Blue Superman en l\u00ednea a un precio asequible en Gold Medications! Todos los productos est\u00e1n calificados en laboratorio y tienen una calidad superior.","robots":{"index":"index","follow":"follow","max-snippet":"max-snippet:-1","max-image-preview":"max-image-preview:large","max-video-preview":"max-video-preview:-1"},"canonical":"https:\/\/medicinasinc.com\/es\/product\/comprar-pastillas-de-extasis-de-superman-azul\/","og_locale":"es_ES","og_type":"article","og_title":"Comprar pastillas de \u00e9xtasis de Superman azul en l\u00ednea - Best Best Global Meds","og_description":"\u00a1Compre las p\u00edldoras de \u00e9xtasis de Blue Superman en l\u00ednea a un precio asequible en Gold Medications! Todos los productos est\u00e1n calificados en laboratorio y tienen una calidad superior.","og_url":"https:\/\/medicinasinc.com\/es\/product\/comprar-pastillas-de-extasis-de-superman-azul\/","og_site_name":"Medicinas Inc","article_modified_time":"2022-03-22T01:10:37+00:00","og_image":[{"width":600,"height":600,"url":"https:\/\/medicinasinc.com\/es\/wp-content\/uploads\/sites\/15\/2022\/02\/buy-blue-superman-ecstasy-pills-online.jpg","type":"image\/jpeg"}],"twitter_card":"summary_large_image","twitter_misc":{"Tiempo de lectura":"1 minuto"},"schema":{"@context":"https:\/\/schema.org","@graph":[{"@type":"WebPage","@id":"https:\/\/medicinasinc.com\/es\/product\/comprar-pastillas-de-extasis-de-superman-azul\/","url":"https:\/\/medicinasinc.com\/es\/product\/comprar-pastillas-de-extasis-de-superman-azul\/","name":"Comprar pastillas de \u00e9xtasis de Superman azul en l\u00ednea - Best Best Global Meds","isPartOf":{"@id":"https:\/\/medicinasinc.com\/es\/#website"},"primaryImageOfPage":{"@id":"https:\/\/medicinasinc.com\/es\/product\/comprar-pastillas-de-extasis-de-superman-azul\/#primaryimage"},"image":{"@id":"https:\/\/medicinasinc.com\/es\/product\/comprar-pastillas-de-extasis-de-superman-azul\/#primaryimage"},"thumbnailUrl":"https:\/\/medicinasinc.com\/es\/wp-content\/uploads\/sites\/15\/2022\/02\/buy-blue-superman-ecstasy-pills-online.jpg","datePublished":"2022-02-20T10:06:18+00:00","dateModified":"2022-03-22T01:10:37+00:00","description":"\u00a1Compre las p\u00edldoras de \u00e9xtasis de Blue Superman en l\u00ednea a un precio asequible en Gold Medications! Todos los productos est\u00e1n calificados en laboratorio y tienen una calidad superior.","breadcrumb":{"@id":"https:\/\/medicinasinc.com\/es\/product\/comprar-pastillas-de-extasis-de-superman-azul\/#breadcrumb"},"inLanguage":"es","potentialAction":[{"@type":"ReadAction","target":["https:\/\/medicinasinc.com\/es\/product\/comprar-pastillas-de-extasis-de-superman-azul\/"]}]},{"@type":"ImageObject","inLanguage":"es","@id":"https:\/\/medicinasinc.com\/es\/product\/comprar-pastillas-de-extasis-de-superman-azul\/#primaryimage","url":"https:\/\/medicinasinc.com\/es\/wp-content\/uploads\/sites\/15\/2022\/02\/buy-blue-superman-ecstasy-pills-online.jpg","contentUrl":"https:\/\/medicinasinc.com\/es\/wp-content\/uploads\/sites\/15\/2022\/02\/buy-blue-superman-ecstasy-pills-online.jpg","width":600,"height":600},{"@type":"BreadcrumbList","@id":"https:\/\/medicinasinc.com\/es\/product\/comprar-pastillas-de-extasis-de-superman-azul\/#breadcrumb","itemListElement":[{"@type":"ListItem","position":1,"name":"Tienda","item":"https:\/\/medicinasinc.com\/es\/tienda\/"},{"@type":"ListItem","position":2,"name":"Comprar pastillas de \u00e9xtasis de Superman Azul"}]},{"@type":"WebSite","@id":"https:\/\/medicinasinc.com\/es\/#website","url":"https:\/\/medicinasinc.com\/es\/","name":"Medicinas Inc","description":"Cl\u00ednica M\u00e9dica de Salud","potentialAction":[{"@type":"SearchAction","target":{"@type":"EntryPoint","urlTemplate":"https:\/\/medicinasinc.com\/es\/?s={search_term_string}"},"query-input":{"@type":"PropertyValueSpecification","valueRequired":true,"valueName":"search_term_string"}}],"inLanguage":"es"}]}},"_links":{"self":[{"href":"https:\/\/medicinasinc.com\/es\/wp-json\/wp\/v2\/product\/4508","targetHints":{"allow":["GET"]}}],"collection":[{"href":"https:\/\/medicinasinc.com\/es\/wp-json\/wp\/v2\/product"}],"about":[{"href":"https:\/\/medicinasinc.com\/es\/wp-json\/wp\/v2\/types\/product"}],"replies":[{"embeddable":true,"href":"https:\/\/medicinasinc.com\/es\/wp-json\/wp\/v2\/comments?post=4508"}],"wp:featuredmedia":[{"embeddable":true,"href":"https:\/\/medicinasinc.com\/es\/wp-json\/wp\/v2\/media\/4540"}],"wp:attachment":[{"href":"https:\/\/medicinasinc.com\/es\/wp-json\/wp\/v2\/media?parent=4508"}],"wp:term":[{"taxonomy":"product_brand","embeddable":true,"href":"https:\/\/medicinasinc.com\/es\/wp-json\/wp\/v2\/product_brand?post=4508"},{"taxonomy":"product_cat","embeddable":true,"href":"https:\/\/medicinasinc.com\/es\/wp-json\/wp\/v2\/product_cat?post=4508"},{"taxonomy":"product_tag","embeddable":true,"href":"https:\/\/medicinasinc.com\/es\/wp-json\/wp\/v2\/product_tag?post=4508"}],"curies":[{"name":"wp","href":"https:\/\/api.w.org\/{rel}","templated":true}]}}