{"id":4479,"date":"2022-02-20T09:44:15","date_gmt":"2022-02-20T09:44:15","guid":{"rendered":"https:\/\/medicinasinc.com\/es\/?post_type=product&#038;p=4479"},"modified":"2022-03-22T01:10:58","modified_gmt":"2022-03-22T01:10:58","slug":"comprar-pastillas-de-extasis-delfin-azul","status":"publish","type":"product","link":"https:\/\/medicinasinc.com\/es\/product\/comprar-pastillas-de-extasis-delfin-azul\/","title":{"rendered":"Comprar pastillas de \u00e9xtasis Blue Dolphin"},"content":{"rendered":"<p>Compre pastillas de \u00e9xtasis Blue Dolphin de 295 mg en l\u00ednea.<\/p>\n<p>Sustancia Blue Dolphin<\/p>\n<p>El \u00e9xtasis fue inventado en 1912 por la relaci\u00f3n de drogas de Merck. Fue apodado \u00abMDMA\u00bb debido a su estructura novedosa. Fue utilizado por primera vez por las Fuerzas Armadas de los EE. UU. en 1953 para pruebas de compromiso mental y regres\u00f3 brevemente en la d\u00e9cada de 1960 como una soluci\u00f3n de psicoterapia para \u00abinhibiciones inferiores\u00bb. 1 La MDMA no se us\u00f3 como receta m\u00e9dica hasta la d\u00e9cada de 1970.<\/p>\n<p>A mediados de la d\u00e9cada de 1980, la MDMA se promocionaba como \u00abla cosa m\u00e1s espumosa en la t\u00e9cnica con la misi\u00f3n de complacer a la gente a trav\u00e9s de la ciencia\u00bb y la \u00aben soluci\u00f3n\u00bb para fiestas de larga duraci\u00f3n. MDMA todav\u00eda estaba ampliamente disponible en 1984 bajo la marca \u00abJoy\u00bb, pero en 1985, el medicamento hab\u00eda sido restringido debido a problemas de seguridad.<br \/> El medicamento Blue Dolphin puede ser especialmente beneficioso para las personas que experimentan problemas de componentes de aplastamiento posteriores al aturdimiento ( TEPT). Numerosos pacientes son incapaces de hablar sobre los eventos peligrosos que precipitaron sus problemas. El cumplimiento, se especula, puede ayudar a las personas a agrandar estas heridas.<\/p>\n<p>\u00c9xtasis del delf\u00edn azul<\/p>\n<p>Doblin, de 50 a\u00f1os, realmente no es un hombre preparado ni un monitor; sin embargo, tiene una amplia responsabilidad con las drogas, habi\u00e9ndolas consumido en numerosas ocasiones. \u00abHa hecho una diferencia significativa en mi vida\u00bb, explic\u00f3. En los \u00faltimos a\u00f1os, ha invertido en difundir el mensaje de que Joy y otras drogas energizantes tienen un \u00e9xito fundamental en condiciones ideales.<br \/> Si realmente est\u00e1 buscando una afiliaci\u00f3n que pueda brindarle art\u00edculos de la mejor calidad, tiene ven al lugar correcto. En nuestra fundaci\u00f3n, puede elegir los mejores art\u00edculos que lo ayudar\u00e1n a generar su confianza y establecer una relaci\u00f3n razonable con nosotros debido a la posibilidad de nuestros art\u00edculos. Haga su pedido ahora y reciba el \u00e9xtasis del delf\u00edn azul en su puerta dentro de los cinco d\u00edas h\u00e1biles. \u00c9xtasis, el delf\u00edn azul<\/p>\n<p>\u00c9xtasis fue desarrollado por la relaci\u00f3n de drogas de Merck en 1912. Fue apodado \u00abMDMA\u00bb debido a su estructura novedosa. Fue utilizado por primera vez por las Fuerzas Armadas de los EE. UU. en 1953 para pruebas de compromiso mental y regres\u00f3 brevemente en la d\u00e9cada de 1960 como una soluci\u00f3n de psicoterapia para \u00abinhibiciones inferiores\u00bb. 1 La MDMA no se us\u00f3 como receta m\u00e9dica hasta la d\u00e9cada de 1970.<\/p>\n<p>A mediados de la d\u00e9cada de 1980, la MDMA se promocionaba como \u00abla cosa m\u00e1s espumosa en la t\u00e9cnica con la misi\u00f3n de complacer a la gente a trav\u00e9s de la ciencia\u00bb y la \u00aben soluci\u00f3n\u00bb para fiestas de larga duraci\u00f3n. MDMA todav\u00eda estaba ampliamente disponible en 1984 bajo la marca \u00abJoy\u00bb, pero en 1985, el medicamento hab\u00eda sido restringido debido a preocupaciones de seguridad.<\/p>\n<p>\u00c9xtasis de delf\u00edn azul, drogas de delf\u00edn azul, \u00e9xtasis de delf\u00edn azul<\/p>\n<table>\n<tbody>\n<tr>\n<th><span style=\"font-weight: 400\">Color:<\/span><\/th>\n<td>Azul<\/td>\n<\/tr>\n<tr>\n<th><span style=\"font-weight: 400\">Tama\u00f1o:<\/span><\/th>\n<td>295 mg<\/td>\n<\/tr>\n<\/tbody>\n<\/table>\n","protected":false},"excerpt":{"rendered":"<p>Compre pastillas de \u00e9xtasis en l\u00ednea. Compre pastillas de \u00e9xtasis Blue Dolphin a la venta en Reino Unido, Europa a excelentes precios con nosotros. El embalaje lo realizan profesionales y la entrega est\u00e1 100% garantizada.<\/p>\n","protected":false},"featured_media":4516,"comment_status":"open","ping_status":"closed","template":"","meta":[],"product_brand":[],"product_cat":[498],"product_tag":[],"class_list":{"0":"post-4479","1":"product","2":"type-product","3":"status-publish","4":"has-post-thumbnail","6":"product_cat-comprar-pastillas-de-extasis","8":"first","9":"instock","10":"shipping-taxable","11":"purchasable","12":"product-type-variable","13":"has-default-attributes"},"yoast_head":"<!-- This site is optimized with the Yoast SEO plugin v27.3 - https:\/\/yoast.com\/product\/yoast-seo-wordpress\/ -->\n<title>Comprar Blue Dolphin Ecstasy Pills Online - Best Best Global Meds<\/title>\n<meta name=\"description\" content=\"Compre pastillas de \u00e9xtasis en l\u00ednea. Compre pastillas de \u00e9xtasis Blue Dolphin a la venta en Reino Unido, Europa a excelentes precios con nosotros. El embalaje lo realizan profesionales y la entrega est\u00e1 100% garantizada.\" \/>\n<meta name=\"robots\" content=\"index, follow, max-snippet:-1, max-image-preview:large, max-video-preview:-1\" \/>\n<link rel=\"canonical\" href=\"https:\/\/medicinasinc.com\/es\/product\/comprar-pastillas-de-extasis-delfin-azul\/\" \/>\n<meta property=\"og:locale\" content=\"es_ES\" \/>\n<meta property=\"og:type\" content=\"article\" \/>\n<meta property=\"og:title\" content=\"Comprar Blue Dolphin Ecstasy Pills Online - Best Best Global Meds\" \/>\n<meta property=\"og:description\" content=\"Compre pastillas de \u00e9xtasis en l\u00ednea. Compre pastillas de \u00e9xtasis Blue Dolphin a la venta en Reino Unido, Europa a excelentes precios con nosotros. El embalaje lo realizan profesionales y la entrega est\u00e1 100% garantizada.\" \/>\n<meta property=\"og:url\" content=\"https:\/\/medicinasinc.com\/es\/product\/comprar-pastillas-de-extasis-delfin-azul\/\" \/>\n<meta property=\"og:site_name\" content=\"Medicinas Inc\" \/>\n<meta property=\"article:modified_time\" content=\"2022-03-22T01:10:58+00:00\" \/>\n<meta property=\"og:image\" content=\"https:\/\/medicinasinc.com\/es\/wp-content\/uploads\/sites\/15\/2022\/02\/buy-blue-dolphin-ecstasy-pills-online.jpg\" \/>\n\t<meta property=\"og:image:width\" content=\"600\" \/>\n\t<meta property=\"og:image:height\" content=\"600\" \/>\n\t<meta property=\"og:image:type\" content=\"image\/jpeg\" \/>\n<meta name=\"twitter:card\" content=\"summary_large_image\" \/>\n<meta name=\"twitter:label1\" content=\"Tiempo de lectura\" \/>\n\t<meta name=\"twitter:data1\" content=\"2 minutos\" \/>\n<script type=\"application\/ld+json\" class=\"yoast-schema-graph\">{\"@context\":\"https:\\\/\\\/schema.org\",\"@graph\":[{\"@type\":\"WebPage\",\"@id\":\"https:\\\/\\\/medicinasinc.com\\\/es\\\/product\\\/comprar-pastillas-de-extasis-delfin-azul\\\/\",\"url\":\"https:\\\/\\\/medicinasinc.com\\\/es\\\/product\\\/comprar-pastillas-de-extasis-delfin-azul\\\/\",\"name\":\"Comprar Blue Dolphin Ecstasy Pills Online - Best Best Global Meds\",\"isPartOf\":{\"@id\":\"https:\\\/\\\/medicinasinc.com\\\/es\\\/#website\"},\"primaryImageOfPage\":{\"@id\":\"https:\\\/\\\/medicinasinc.com\\\/es\\\/product\\\/comprar-pastillas-de-extasis-delfin-azul\\\/#primaryimage\"},\"image\":{\"@id\":\"https:\\\/\\\/medicinasinc.com\\\/es\\\/product\\\/comprar-pastillas-de-extasis-delfin-azul\\\/#primaryimage\"},\"thumbnailUrl\":\"https:\\\/\\\/medicinasinc.com\\\/es\\\/wp-content\\\/uploads\\\/sites\\\/15\\\/2022\\\/02\\\/buy-blue-dolphin-ecstasy-pills-online.jpg\",\"datePublished\":\"2022-02-20T09:44:15+00:00\",\"dateModified\":\"2022-03-22T01:10:58+00:00\",\"description\":\"Compre pastillas de \u00e9xtasis en l\u00ednea. Compre pastillas de \u00e9xtasis Blue Dolphin a la venta en Reino Unido, Europa a excelentes precios con nosotros. El embalaje lo realizan profesionales y la entrega est\u00e1 100% garantizada.\",\"breadcrumb\":{\"@id\":\"https:\\\/\\\/medicinasinc.com\\\/es\\\/product\\\/comprar-pastillas-de-extasis-delfin-azul\\\/#breadcrumb\"},\"inLanguage\":\"es\",\"potentialAction\":[{\"@type\":\"ReadAction\",\"target\":[\"https:\\\/\\\/medicinasinc.com\\\/es\\\/product\\\/comprar-pastillas-de-extasis-delfin-azul\\\/\"]}]},{\"@type\":\"ImageObject\",\"inLanguage\":\"es\",\"@id\":\"https:\\\/\\\/medicinasinc.com\\\/es\\\/product\\\/comprar-pastillas-de-extasis-delfin-azul\\\/#primaryimage\",\"url\":\"https:\\\/\\\/medicinasinc.com\\\/es\\\/wp-content\\\/uploads\\\/sites\\\/15\\\/2022\\\/02\\\/buy-blue-dolphin-ecstasy-pills-online.jpg\",\"contentUrl\":\"https:\\\/\\\/medicinasinc.com\\\/es\\\/wp-content\\\/uploads\\\/sites\\\/15\\\/2022\\\/02\\\/buy-blue-dolphin-ecstasy-pills-online.jpg\",\"width\":600,\"height\":600},{\"@type\":\"BreadcrumbList\",\"@id\":\"https:\\\/\\\/medicinasinc.com\\\/es\\\/product\\\/comprar-pastillas-de-extasis-delfin-azul\\\/#breadcrumb\",\"itemListElement\":[{\"@type\":\"ListItem\",\"position\":1,\"name\":\"Tienda\",\"item\":\"https:\\\/\\\/medicinasinc.com\\\/es\\\/tienda\\\/\"},{\"@type\":\"ListItem\",\"position\":2,\"name\":\"Comprar pastillas de \u00e9xtasis Blue Dolphin\"}]},{\"@type\":\"WebSite\",\"@id\":\"https:\\\/\\\/medicinasinc.com\\\/es\\\/#website\",\"url\":\"https:\\\/\\\/medicinasinc.com\\\/es\\\/\",\"name\":\"Medicinas Inc\",\"description\":\"Cl\u00ednica M\u00e9dica de Salud\",\"potentialAction\":[{\"@type\":\"SearchAction\",\"target\":{\"@type\":\"EntryPoint\",\"urlTemplate\":\"https:\\\/\\\/medicinasinc.com\\\/es\\\/?s={search_term_string}\"},\"query-input\":{\"@type\":\"PropertyValueSpecification\",\"valueRequired\":true,\"valueName\":\"search_term_string\"}}],\"inLanguage\":\"es\"}]}<\/script>\n<!-- \/ Yoast SEO plugin. -->","yoast_head_json":{"title":"Comprar Blue Dolphin Ecstasy Pills Online - Best Best Global Meds","description":"Compre pastillas de \u00e9xtasis en l\u00ednea. Compre pastillas de \u00e9xtasis Blue Dolphin a la venta en Reino Unido, Europa a excelentes precios con nosotros. El embalaje lo realizan profesionales y la entrega est\u00e1 100% garantizada.","robots":{"index":"index","follow":"follow","max-snippet":"max-snippet:-1","max-image-preview":"max-image-preview:large","max-video-preview":"max-video-preview:-1"},"canonical":"https:\/\/medicinasinc.com\/es\/product\/comprar-pastillas-de-extasis-delfin-azul\/","og_locale":"es_ES","og_type":"article","og_title":"Comprar Blue Dolphin Ecstasy Pills Online - Best Best Global Meds","og_description":"Compre pastillas de \u00e9xtasis en l\u00ednea. Compre pastillas de \u00e9xtasis Blue Dolphin a la venta en Reino Unido, Europa a excelentes precios con nosotros. El embalaje lo realizan profesionales y la entrega est\u00e1 100% garantizada.","og_url":"https:\/\/medicinasinc.com\/es\/product\/comprar-pastillas-de-extasis-delfin-azul\/","og_site_name":"Medicinas Inc","article_modified_time":"2022-03-22T01:10:58+00:00","og_image":[{"width":600,"height":600,"url":"https:\/\/medicinasinc.com\/es\/wp-content\/uploads\/sites\/15\/2022\/02\/buy-blue-dolphin-ecstasy-pills-online.jpg","type":"image\/jpeg"}],"twitter_card":"summary_large_image","twitter_misc":{"Tiempo de lectura":"2 minutos"},"schema":{"@context":"https:\/\/schema.org","@graph":[{"@type":"WebPage","@id":"https:\/\/medicinasinc.com\/es\/product\/comprar-pastillas-de-extasis-delfin-azul\/","url":"https:\/\/medicinasinc.com\/es\/product\/comprar-pastillas-de-extasis-delfin-azul\/","name":"Comprar Blue Dolphin Ecstasy Pills Online - Best Best Global Meds","isPartOf":{"@id":"https:\/\/medicinasinc.com\/es\/#website"},"primaryImageOfPage":{"@id":"https:\/\/medicinasinc.com\/es\/product\/comprar-pastillas-de-extasis-delfin-azul\/#primaryimage"},"image":{"@id":"https:\/\/medicinasinc.com\/es\/product\/comprar-pastillas-de-extasis-delfin-azul\/#primaryimage"},"thumbnailUrl":"https:\/\/medicinasinc.com\/es\/wp-content\/uploads\/sites\/15\/2022\/02\/buy-blue-dolphin-ecstasy-pills-online.jpg","datePublished":"2022-02-20T09:44:15+00:00","dateModified":"2022-03-22T01:10:58+00:00","description":"Compre pastillas de \u00e9xtasis en l\u00ednea. Compre pastillas de \u00e9xtasis Blue Dolphin a la venta en Reino Unido, Europa a excelentes precios con nosotros. El embalaje lo realizan profesionales y la entrega est\u00e1 100% garantizada.","breadcrumb":{"@id":"https:\/\/medicinasinc.com\/es\/product\/comprar-pastillas-de-extasis-delfin-azul\/#breadcrumb"},"inLanguage":"es","potentialAction":[{"@type":"ReadAction","target":["https:\/\/medicinasinc.com\/es\/product\/comprar-pastillas-de-extasis-delfin-azul\/"]}]},{"@type":"ImageObject","inLanguage":"es","@id":"https:\/\/medicinasinc.com\/es\/product\/comprar-pastillas-de-extasis-delfin-azul\/#primaryimage","url":"https:\/\/medicinasinc.com\/es\/wp-content\/uploads\/sites\/15\/2022\/02\/buy-blue-dolphin-ecstasy-pills-online.jpg","contentUrl":"https:\/\/medicinasinc.com\/es\/wp-content\/uploads\/sites\/15\/2022\/02\/buy-blue-dolphin-ecstasy-pills-online.jpg","width":600,"height":600},{"@type":"BreadcrumbList","@id":"https:\/\/medicinasinc.com\/es\/product\/comprar-pastillas-de-extasis-delfin-azul\/#breadcrumb","itemListElement":[{"@type":"ListItem","position":1,"name":"Tienda","item":"https:\/\/medicinasinc.com\/es\/tienda\/"},{"@type":"ListItem","position":2,"name":"Comprar pastillas de \u00e9xtasis Blue Dolphin"}]},{"@type":"WebSite","@id":"https:\/\/medicinasinc.com\/es\/#website","url":"https:\/\/medicinasinc.com\/es\/","name":"Medicinas Inc","description":"Cl\u00ednica M\u00e9dica de Salud","potentialAction":[{"@type":"SearchAction","target":{"@type":"EntryPoint","urlTemplate":"https:\/\/medicinasinc.com\/es\/?s={search_term_string}"},"query-input":{"@type":"PropertyValueSpecification","valueRequired":true,"valueName":"search_term_string"}}],"inLanguage":"es"}]}},"_links":{"self":[{"href":"https:\/\/medicinasinc.com\/es\/wp-json\/wp\/v2\/product\/4479","targetHints":{"allow":["GET"]}}],"collection":[{"href":"https:\/\/medicinasinc.com\/es\/wp-json\/wp\/v2\/product"}],"about":[{"href":"https:\/\/medicinasinc.com\/es\/wp-json\/wp\/v2\/types\/product"}],"replies":[{"embeddable":true,"href":"https:\/\/medicinasinc.com\/es\/wp-json\/wp\/v2\/comments?post=4479"}],"wp:featuredmedia":[{"embeddable":true,"href":"https:\/\/medicinasinc.com\/es\/wp-json\/wp\/v2\/media\/4516"}],"wp:attachment":[{"href":"https:\/\/medicinasinc.com\/es\/wp-json\/wp\/v2\/media?parent=4479"}],"wp:term":[{"taxonomy":"product_brand","embeddable":true,"href":"https:\/\/medicinasinc.com\/es\/wp-json\/wp\/v2\/product_brand?post=4479"},{"taxonomy":"product_cat","embeddable":true,"href":"https:\/\/medicinasinc.com\/es\/wp-json\/wp\/v2\/product_cat?post=4479"},{"taxonomy":"product_tag","embeddable":true,"href":"https:\/\/medicinasinc.com\/es\/wp-json\/wp\/v2\/product_tag?post=4479"}],"curies":[{"name":"wp","href":"https:\/\/api.w.org\/{rel}","templated":true}]}}