{"id":4455,"date":"2022-02-20T09:28:05","date_gmt":"2022-02-20T09:28:05","guid":{"rendered":"https:\/\/medicinasinc.com\/es\/?post_type=product&#038;p=4455"},"modified":"2022-03-22T01:12:09","modified_gmt":"2022-03-22T01:12:09","slug":"comprar-jarabe-para-la-tos-de-alta-tecnologia","status":"publish","type":"product","link":"https:\/\/medicinasinc.com\/es\/product\/comprar-jarabe-para-la-tos-de-alta-tecnologia\/","title":{"rendered":"Comprar jarabe para la tos de alta tecnolog\u00eda"},"content":{"rendered":"<p>Compra online de jarabe para la tos Hi-Tech.<\/p>\n<p>Compra online jarabe para la tos Hi-Tech a precios extremadamente bajos. adem\u00e1s, comprar coca\u00edna con el fin de revenderla. Vendemos una variedad de estimulantes y narc\u00f3ticos, incluido el GHB.<\/p>\n<p>Aunque aprecio una palatabilidad decente, creo que tardan demasiado en hacer efecto. Debido a su fuerza y \u200b\u200bsabor, el jarabe de THC puede convertirse en su nuevo sustancia de referencia para obtener ayuda.<\/p>\n<p>El jarabe de cannabis es fant\u00e1stico para clientes reparadores y recreativos. Es fuerte y efectivo, con frecuencia hace efecto dentro de los 20 a 30 minutos, y es prudente usarlo. Simplemente agregue su porci\u00f3n a cualquier comida o bebida y listo. Sin embargo, puedes beber una peque\u00f1a medida sin incidentes. \u00a1Eso es todo!<\/p>\n<p>jarabe para la tos a la venta, jarabe de thc de alta tecnolog\u00eda, jarabe para la tos en l\u00ednea, precio magro de alta tecnolog\u00eda, jarabe para la tos de alta tecnolog\u00eda en l\u00ednea, alta tecnolog\u00eda en l\u00ednea. A aquellos que no pueden soportar la idea de fumar marihuana (o tal vez est\u00e9n demasiado incapacitados para considerarlo) pero a\u00fan desean cosechar los beneficios de esta planta verdaderamente maravillosa, se les anima a considerar el jarabe de THC como un m\u00e9todo alternativo de consumo. Los clientes estrictamente terap\u00e9uticos estar\u00e1n encantados de saber que el jarabe de CBD tambi\u00e9n est\u00e1 disponible. \u00a1Sin embargo, eso es tema para otro art\u00edculo!<\/p>\n<p>HACER JARABE DE THC: INSTRUCCIONES PASO A PASO<\/p>\n<p>Si buscas una receta sencilla de jarabe de THC, no busques m\u00e1s. Sin duda, puedes hacer un jarabe de THC vertible en casa con solo unos pocos ingredientes y un hardware m\u00ednimo. Probablemente sea el art\u00edculo m\u00e1s simple de hacer, ya que no se espera que los sint\u00e9ticos potencialmente peligrosos extraigan el THC del material vegetal.<\/p>\n<p>Para crear su propio jarabe con infusi\u00f3n de THC, necesitar\u00e1&#8230;<\/p>\n<p>Agua. Alrededor de 200 ml producir\u00e1n una cantidad razonable de jarabe. Debido a que la f\u00f3rmula es tan simple, generalmente puedes hacer tantos como quieras m\u00e1s tarde.<\/p>\n<p>Az\u00facar. La cantidad de az\u00facar que use afectar\u00e1 la cantidad de tiempo que se puede almacenar su jarabe de cannabis. El alm\u00edbar hecho con dos partes de az\u00facar y una parte de agua se puede almacenar durante aproximadamente un cuarto de a\u00f1o). Tambi\u00e9n se puede hacer un jarabe 1:1, aunque no durar\u00e1 tanto.<\/p>\n<p>Diversas formas de THC crudamente descarboxilado (floraci\u00f3n, recorte, batido, hach\u00eds, aceite, rotura, cera, en un sentido real se puede utilizar cualquier cosa).<\/p>\n<p>DOSIFICACI\u00d3N DE JARABE DE THC<\/p>\n<p>La cantidad de jarabe de THC que se consume var\u00eda significativamente entre las personas. Es fundamental tener cuidado y sopesar su capacidad frente a la potencia de cualquier elemento que contenga THC. jarabe para la tos en l\u00ednea, jarabe de THC de alta tecnolog\u00eda, precio ajustado de alta tecnolog\u00eda, jarabe para la tos de alta tecnolog\u00eda en l\u00ednea, alta tecnolog\u00eda en l\u00ednea, jarabe para la tos a la venta<\/p>\n<p>El problema con los jarabes mixtos de THC caseros es que su Con frecuencia se desconoce la fuerza del concentrado. Si esto le preocupa o simplemente no quiere lidiar con la molestia (insignificante) de configurar el suyo propio, busque a continuaci\u00f3n nuestras mejores opciones en el mercado actual.<\/p>\n","protected":false},"excerpt":{"rendered":"<p>Compre jarabe para la tos de alta tecnolog\u00eda a la venta en el Reino Unido, Europa en l\u00ednea. Clorhidrato de prometazina de alta tecnolog\u00eda y jarabe de fosfato de code\u00edna&#8230; cada 5 ml contiene: clorhidrato de prometazina 6,25 mg; fosfato de code\u00edna 10 mg. Alcohol 7%Indicaci\u00f3n: Antitus\u00edgeno<\/p>\n","protected":false},"featured_media":4489,"comment_status":"open","ping_status":"closed","template":"","meta":[],"product_brand":[],"product_cat":[497],"product_tag":[],"class_list":{"0":"post-4455","1":"product","2":"type-product","3":"status-publish","4":"has-post-thumbnail","6":"product_cat-comprar-jarabe-para-la-tos","8":"first","9":"instock","10":"shipping-taxable","11":"purchasable","12":"product-type-variable","13":"has-default-attributes"},"yoast_head":"<!-- This site is optimized with the Yoast SEO plugin v27.3 - https:\/\/yoast.com\/product\/yoast-seo-wordpress\/ -->\n<title>Comprar jarabe para la tos de alta tecnolog\u00eda - Best Best Global Meds<\/title>\n<meta name=\"description\" content=\"Compre jarabe para la tos Hi-Tech a la venta en el Reino Unido, Europa en l\u00ednea. Clorhidrato de prometazina de alta tecnolog\u00eda y jarabe de fosfato de code\u00edna... cada 5 ml contiene: clorhidrato de prometazina 6,25 mg; fosfato de code\u00edna 10 mg. Alcohol 7%Indicaci\u00f3n: Antitus\u00edgeno\" \/>\n<meta name=\"robots\" content=\"index, follow, max-snippet:-1, max-image-preview:large, max-video-preview:-1\" \/>\n<link rel=\"canonical\" href=\"https:\/\/medicinasinc.com\/es\/product\/comprar-jarabe-para-la-tos-de-alta-tecnologia\/\" \/>\n<meta property=\"og:locale\" content=\"es_ES\" \/>\n<meta property=\"og:type\" content=\"article\" \/>\n<meta property=\"og:title\" content=\"Comprar jarabe para la tos de alta tecnolog\u00eda - Best Best Global Meds\" \/>\n<meta property=\"og:description\" content=\"Compre jarabe para la tos Hi-Tech a la venta en el Reino Unido, Europa en l\u00ednea. Clorhidrato de prometazina de alta tecnolog\u00eda y jarabe de fosfato de code\u00edna... cada 5 ml contiene: clorhidrato de prometazina 6,25 mg; fosfato de code\u00edna 10 mg. Alcohol 7%Indicaci\u00f3n: Antitus\u00edgeno\" \/>\n<meta property=\"og:url\" content=\"https:\/\/medicinasinc.com\/es\/product\/comprar-jarabe-para-la-tos-de-alta-tecnologia\/\" \/>\n<meta property=\"og:site_name\" content=\"Medicinas Inc\" \/>\n<meta property=\"article:modified_time\" content=\"2022-03-22T01:12:09+00:00\" \/>\n<meta property=\"og:image\" content=\"https:\/\/medicinasinc.com\/es\/wp-content\/uploads\/sites\/15\/2022\/02\/buy-hi-tech-cough-syrup-online.jpg\" \/>\n\t<meta property=\"og:image:width\" content=\"600\" \/>\n\t<meta property=\"og:image:height\" content=\"600\" \/>\n\t<meta property=\"og:image:type\" content=\"image\/jpeg\" \/>\n<meta name=\"twitter:card\" content=\"summary_large_image\" \/>\n<meta name=\"twitter:label1\" content=\"Tiempo de lectura\" \/>\n\t<meta name=\"twitter:data1\" content=\"3 minutos\" \/>\n<script type=\"application\/ld+json\" class=\"yoast-schema-graph\">{\"@context\":\"https:\\\/\\\/schema.org\",\"@graph\":[{\"@type\":\"WebPage\",\"@id\":\"https:\\\/\\\/medicinasinc.com\\\/es\\\/product\\\/comprar-jarabe-para-la-tos-de-alta-tecnologia\\\/\",\"url\":\"https:\\\/\\\/medicinasinc.com\\\/es\\\/product\\\/comprar-jarabe-para-la-tos-de-alta-tecnologia\\\/\",\"name\":\"Comprar jarabe para la tos de alta tecnolog\u00eda - Best Best Global Meds\",\"isPartOf\":{\"@id\":\"https:\\\/\\\/medicinasinc.com\\\/es\\\/#website\"},\"primaryImageOfPage\":{\"@id\":\"https:\\\/\\\/medicinasinc.com\\\/es\\\/product\\\/comprar-jarabe-para-la-tos-de-alta-tecnologia\\\/#primaryimage\"},\"image\":{\"@id\":\"https:\\\/\\\/medicinasinc.com\\\/es\\\/product\\\/comprar-jarabe-para-la-tos-de-alta-tecnologia\\\/#primaryimage\"},\"thumbnailUrl\":\"https:\\\/\\\/medicinasinc.com\\\/es\\\/wp-content\\\/uploads\\\/sites\\\/15\\\/2022\\\/02\\\/buy-hi-tech-cough-syrup-online.jpg\",\"datePublished\":\"2022-02-20T09:28:05+00:00\",\"dateModified\":\"2022-03-22T01:12:09+00:00\",\"description\":\"Compre jarabe para la tos Hi-Tech a la venta en el Reino Unido, Europa en l\u00ednea. Clorhidrato de prometazina de alta tecnolog\u00eda y jarabe de fosfato de code\u00edna... cada 5 ml contiene: clorhidrato de prometazina 6,25 mg; fosfato de code\u00edna 10 mg. Alcohol 7%Indicaci\u00f3n: Antitus\u00edgeno\",\"breadcrumb\":{\"@id\":\"https:\\\/\\\/medicinasinc.com\\\/es\\\/product\\\/comprar-jarabe-para-la-tos-de-alta-tecnologia\\\/#breadcrumb\"},\"inLanguage\":\"es\",\"potentialAction\":[{\"@type\":\"ReadAction\",\"target\":[\"https:\\\/\\\/medicinasinc.com\\\/es\\\/product\\\/comprar-jarabe-para-la-tos-de-alta-tecnologia\\\/\"]}]},{\"@type\":\"ImageObject\",\"inLanguage\":\"es\",\"@id\":\"https:\\\/\\\/medicinasinc.com\\\/es\\\/product\\\/comprar-jarabe-para-la-tos-de-alta-tecnologia\\\/#primaryimage\",\"url\":\"https:\\\/\\\/medicinasinc.com\\\/es\\\/wp-content\\\/uploads\\\/sites\\\/15\\\/2022\\\/02\\\/buy-hi-tech-cough-syrup-online.jpg\",\"contentUrl\":\"https:\\\/\\\/medicinasinc.com\\\/es\\\/wp-content\\\/uploads\\\/sites\\\/15\\\/2022\\\/02\\\/buy-hi-tech-cough-syrup-online.jpg\",\"width\":600,\"height\":600},{\"@type\":\"BreadcrumbList\",\"@id\":\"https:\\\/\\\/medicinasinc.com\\\/es\\\/product\\\/comprar-jarabe-para-la-tos-de-alta-tecnologia\\\/#breadcrumb\",\"itemListElement\":[{\"@type\":\"ListItem\",\"position\":1,\"name\":\"Tienda\",\"item\":\"https:\\\/\\\/medicinasinc.com\\\/es\\\/tienda\\\/\"},{\"@type\":\"ListItem\",\"position\":2,\"name\":\"Comprar jarabe para la tos de alta tecnolog\u00eda\"}]},{\"@type\":\"WebSite\",\"@id\":\"https:\\\/\\\/medicinasinc.com\\\/es\\\/#website\",\"url\":\"https:\\\/\\\/medicinasinc.com\\\/es\\\/\",\"name\":\"Medicinas Inc\",\"description\":\"Cl\u00ednica M\u00e9dica de Salud\",\"potentialAction\":[{\"@type\":\"SearchAction\",\"target\":{\"@type\":\"EntryPoint\",\"urlTemplate\":\"https:\\\/\\\/medicinasinc.com\\\/es\\\/?s={search_term_string}\"},\"query-input\":{\"@type\":\"PropertyValueSpecification\",\"valueRequired\":true,\"valueName\":\"search_term_string\"}}],\"inLanguage\":\"es\"}]}<\/script>\n<!-- \/ Yoast SEO plugin. -->","yoast_head_json":{"title":"Comprar jarabe para la tos de alta tecnolog\u00eda - Best Best Global Meds","description":"Compre jarabe para la tos Hi-Tech a la venta en el Reino Unido, Europa en l\u00ednea. Clorhidrato de prometazina de alta tecnolog\u00eda y jarabe de fosfato de code\u00edna... cada 5 ml contiene: clorhidrato de prometazina 6,25 mg; fosfato de code\u00edna 10 mg. Alcohol 7%Indicaci\u00f3n: Antitus\u00edgeno","robots":{"index":"index","follow":"follow","max-snippet":"max-snippet:-1","max-image-preview":"max-image-preview:large","max-video-preview":"max-video-preview:-1"},"canonical":"https:\/\/medicinasinc.com\/es\/product\/comprar-jarabe-para-la-tos-de-alta-tecnologia\/","og_locale":"es_ES","og_type":"article","og_title":"Comprar jarabe para la tos de alta tecnolog\u00eda - Best Best Global Meds","og_description":"Compre jarabe para la tos Hi-Tech a la venta en el Reino Unido, Europa en l\u00ednea. Clorhidrato de prometazina de alta tecnolog\u00eda y jarabe de fosfato de code\u00edna... cada 5 ml contiene: clorhidrato de prometazina 6,25 mg; fosfato de code\u00edna 10 mg. Alcohol 7%Indicaci\u00f3n: Antitus\u00edgeno","og_url":"https:\/\/medicinasinc.com\/es\/product\/comprar-jarabe-para-la-tos-de-alta-tecnologia\/","og_site_name":"Medicinas Inc","article_modified_time":"2022-03-22T01:12:09+00:00","og_image":[{"width":600,"height":600,"url":"https:\/\/medicinasinc.com\/es\/wp-content\/uploads\/sites\/15\/2022\/02\/buy-hi-tech-cough-syrup-online.jpg","type":"image\/jpeg"}],"twitter_card":"summary_large_image","twitter_misc":{"Tiempo de lectura":"3 minutos"},"schema":{"@context":"https:\/\/schema.org","@graph":[{"@type":"WebPage","@id":"https:\/\/medicinasinc.com\/es\/product\/comprar-jarabe-para-la-tos-de-alta-tecnologia\/","url":"https:\/\/medicinasinc.com\/es\/product\/comprar-jarabe-para-la-tos-de-alta-tecnologia\/","name":"Comprar jarabe para la tos de alta tecnolog\u00eda - Best Best Global Meds","isPartOf":{"@id":"https:\/\/medicinasinc.com\/es\/#website"},"primaryImageOfPage":{"@id":"https:\/\/medicinasinc.com\/es\/product\/comprar-jarabe-para-la-tos-de-alta-tecnologia\/#primaryimage"},"image":{"@id":"https:\/\/medicinasinc.com\/es\/product\/comprar-jarabe-para-la-tos-de-alta-tecnologia\/#primaryimage"},"thumbnailUrl":"https:\/\/medicinasinc.com\/es\/wp-content\/uploads\/sites\/15\/2022\/02\/buy-hi-tech-cough-syrup-online.jpg","datePublished":"2022-02-20T09:28:05+00:00","dateModified":"2022-03-22T01:12:09+00:00","description":"Compre jarabe para la tos Hi-Tech a la venta en el Reino Unido, Europa en l\u00ednea. Clorhidrato de prometazina de alta tecnolog\u00eda y jarabe de fosfato de code\u00edna... cada 5 ml contiene: clorhidrato de prometazina 6,25 mg; fosfato de code\u00edna 10 mg. Alcohol 7%Indicaci\u00f3n: Antitus\u00edgeno","breadcrumb":{"@id":"https:\/\/medicinasinc.com\/es\/product\/comprar-jarabe-para-la-tos-de-alta-tecnologia\/#breadcrumb"},"inLanguage":"es","potentialAction":[{"@type":"ReadAction","target":["https:\/\/medicinasinc.com\/es\/product\/comprar-jarabe-para-la-tos-de-alta-tecnologia\/"]}]},{"@type":"ImageObject","inLanguage":"es","@id":"https:\/\/medicinasinc.com\/es\/product\/comprar-jarabe-para-la-tos-de-alta-tecnologia\/#primaryimage","url":"https:\/\/medicinasinc.com\/es\/wp-content\/uploads\/sites\/15\/2022\/02\/buy-hi-tech-cough-syrup-online.jpg","contentUrl":"https:\/\/medicinasinc.com\/es\/wp-content\/uploads\/sites\/15\/2022\/02\/buy-hi-tech-cough-syrup-online.jpg","width":600,"height":600},{"@type":"BreadcrumbList","@id":"https:\/\/medicinasinc.com\/es\/product\/comprar-jarabe-para-la-tos-de-alta-tecnologia\/#breadcrumb","itemListElement":[{"@type":"ListItem","position":1,"name":"Tienda","item":"https:\/\/medicinasinc.com\/es\/tienda\/"},{"@type":"ListItem","position":2,"name":"Comprar jarabe para la tos de alta tecnolog\u00eda"}]},{"@type":"WebSite","@id":"https:\/\/medicinasinc.com\/es\/#website","url":"https:\/\/medicinasinc.com\/es\/","name":"Medicinas Inc","description":"Cl\u00ednica M\u00e9dica de Salud","potentialAction":[{"@type":"SearchAction","target":{"@type":"EntryPoint","urlTemplate":"https:\/\/medicinasinc.com\/es\/?s={search_term_string}"},"query-input":{"@type":"PropertyValueSpecification","valueRequired":true,"valueName":"search_term_string"}}],"inLanguage":"es"}]}},"_links":{"self":[{"href":"https:\/\/medicinasinc.com\/es\/wp-json\/wp\/v2\/product\/4455","targetHints":{"allow":["GET"]}}],"collection":[{"href":"https:\/\/medicinasinc.com\/es\/wp-json\/wp\/v2\/product"}],"about":[{"href":"https:\/\/medicinasinc.com\/es\/wp-json\/wp\/v2\/types\/product"}],"replies":[{"embeddable":true,"href":"https:\/\/medicinasinc.com\/es\/wp-json\/wp\/v2\/comments?post=4455"}],"wp:featuredmedia":[{"embeddable":true,"href":"https:\/\/medicinasinc.com\/es\/wp-json\/wp\/v2\/media\/4489"}],"wp:attachment":[{"href":"https:\/\/medicinasinc.com\/es\/wp-json\/wp\/v2\/media?parent=4455"}],"wp:term":[{"taxonomy":"product_brand","embeddable":true,"href":"https:\/\/medicinasinc.com\/es\/wp-json\/wp\/v2\/product_brand?post=4455"},{"taxonomy":"product_cat","embeddable":true,"href":"https:\/\/medicinasinc.com\/es\/wp-json\/wp\/v2\/product_cat?post=4455"},{"taxonomy":"product_tag","embeddable":true,"href":"https:\/\/medicinasinc.com\/es\/wp-json\/wp\/v2\/product_tag?post=4455"}],"curies":[{"name":"wp","href":"https:\/\/api.w.org\/{rel}","templated":true}]}}