{"id":4425,"date":"2022-02-20T09:10:27","date_gmt":"2022-02-20T09:10:27","guid":{"rendered":"https:\/\/medicinasinc.com\/es\/?post_type=product&#038;p=4425"},"modified":"2022-03-22T01:12:51","modified_gmt":"2022-03-22T01:12:51","slug":"comprar-skywalker-og-thc-destilado-extracto-kosher","status":"publish","type":"product","link":"https:\/\/medicinasinc.com\/es\/product\/comprar-skywalker-og-thc-destilado-extracto-kosher\/","title":{"rendered":"Comprar Skywalker OG THC Destilado \u2013 Extracto kosher"},"content":{"rendered":"<p>THC Distillate Extract Kosher<\/p>\n<p>THC Distillate es uno de los extractos de cannabis m\u00e1s puros y potentes del mercado, que proporciona una amplia variedad de beneficios y propiedades medicinales. El cannabis se descompone mediante destilaci\u00f3n molecular de v\u00eda corta hasta que pr\u00e1cticamente todos los componentes se separan del THC (esto incluye: terpenos, l\u00edpidos vegetales, pesticidas y otros contaminantes). Este m\u00e9todo produce un extracto de cannabis extremadamente puro sin el uso de solventes para extraer el THC. Junto con esta pureza, la destilaci\u00f3n produce un producto que es significativamente m\u00e1s potente que la hierba seca u otros extractos de cannabis. \u00a1THC Distillate puede contener entre 85 y 99 por ciento de THC!<\/p>\n","protected":false},"excerpt":{"rendered":"<p><em>Comprar Skywalker OG Distillate<\/em>\u00a0Syringe es un aceite Indica relajante que calma la mente, relaja el cuerpo y te pone en un estado de euforia total.<\/p>\n<p><em>Comprar Skywalker OG THC destilado<\/em>\u00a0&#8211; extracto kosher en l\u00ednea de Canad\u00e1 del dispensario en l\u00ednea m\u00e1s grande, Buy My Weed Online.<\/p>\n<ul>\n<li><\/li>\n<li>Env\u00edo mundial<\/li>\n<li>La cantidad m\u00ednima de pedido es 5<\/li>\n<li><strong>Cont\u00e1ctenos<\/strong>\u00a0para pedidos m\u00e1s grandes<\/li>\n<\/ul>\n","protected":false},"featured_media":4459,"comment_status":"open","ping_status":"closed","template":"","meta":[],"product_brand":[],"product_cat":[440],"product_tag":[],"class_list":{"0":"post-4425","1":"product","2":"type-product","3":"status-publish","4":"has-post-thumbnail","6":"product_cat-comprar-cannabis-cbd-oil","8":"first","9":"instock","10":"shipping-taxable","11":"purchasable","12":"product-type-variable","13":"has-default-attributes"},"yoast_head":"<!-- This site is optimized with the Yoast SEO plugin v27.3 - https:\/\/yoast.com\/product\/yoast-seo-wordpress\/ -->\n<title>Compre Skywalker OG THC Distillate \u2013 extracto kosher - Vista previa de la descripci\u00f3n de Best Global MedsMeta:<\/title>\n<meta name=\"description\" content=\"Compre Skywalker OG THC Venta destilada: extracto kosher en l\u00ednea de Europa del dispensario en l\u00ednea m\u00e1s grande, Buy My Weed Online.\" \/>\n<meta name=\"robots\" content=\"index, follow, max-snippet:-1, max-image-preview:large, max-video-preview:-1\" \/>\n<link rel=\"canonical\" href=\"https:\/\/medicinasinc.com\/es\/product\/comprar-skywalker-og-thc-destilado-extracto-kosher\/\" \/>\n<meta property=\"og:locale\" content=\"es_ES\" \/>\n<meta property=\"og:type\" content=\"article\" \/>\n<meta property=\"og:title\" content=\"Compre Skywalker OG THC Distillate \u2013 extracto kosher - Vista previa de la descripci\u00f3n de Best Global MedsMeta:\" \/>\n<meta property=\"og:description\" content=\"Compre Skywalker OG THC Venta destilada: extracto kosher en l\u00ednea de Europa del dispensario en l\u00ednea m\u00e1s grande, Buy My Weed Online.\" \/>\n<meta property=\"og:url\" content=\"https:\/\/medicinasinc.com\/es\/product\/comprar-skywalker-og-thc-destilado-extracto-kosher\/\" \/>\n<meta property=\"og:site_name\" content=\"Medicinas Inc\" \/>\n<meta property=\"article:modified_time\" content=\"2022-03-22T01:12:51+00:00\" \/>\n<meta property=\"og:image\" content=\"https:\/\/medicinasinc.com\/es\/wp-content\/uploads\/sites\/15\/2022\/02\/Buy-Skywalker-OG-THC-Distillate.jpg\" \/>\n\t<meta property=\"og:image:width\" content=\"980\" \/>\n\t<meta property=\"og:image:height\" content=\"980\" \/>\n\t<meta property=\"og:image:type\" content=\"image\/jpeg\" \/>\n<meta name=\"twitter:card\" content=\"summary_large_image\" \/>\n<meta name=\"twitter:label1\" content=\"Tiempo de lectura\" \/>\n\t<meta name=\"twitter:data1\" content=\"1 minuto\" \/>\n<script type=\"application\/ld+json\" class=\"yoast-schema-graph\">{\"@context\":\"https:\\\/\\\/schema.org\",\"@graph\":[{\"@type\":\"WebPage\",\"@id\":\"https:\\\/\\\/medicinasinc.com\\\/es\\\/product\\\/comprar-skywalker-og-thc-destilado-extracto-kosher\\\/\",\"url\":\"https:\\\/\\\/medicinasinc.com\\\/es\\\/product\\\/comprar-skywalker-og-thc-destilado-extracto-kosher\\\/\",\"name\":\"Compre Skywalker OG THC Distillate \u2013 extracto kosher - Vista previa de la descripci\u00f3n de Best Global MedsMeta:\",\"isPartOf\":{\"@id\":\"https:\\\/\\\/medicinasinc.com\\\/es\\\/#website\"},\"primaryImageOfPage\":{\"@id\":\"https:\\\/\\\/medicinasinc.com\\\/es\\\/product\\\/comprar-skywalker-og-thc-destilado-extracto-kosher\\\/#primaryimage\"},\"image\":{\"@id\":\"https:\\\/\\\/medicinasinc.com\\\/es\\\/product\\\/comprar-skywalker-og-thc-destilado-extracto-kosher\\\/#primaryimage\"},\"thumbnailUrl\":\"https:\\\/\\\/medicinasinc.com\\\/es\\\/wp-content\\\/uploads\\\/sites\\\/15\\\/2022\\\/02\\\/Buy-Skywalker-OG-THC-Distillate.jpg\",\"datePublished\":\"2022-02-20T09:10:27+00:00\",\"dateModified\":\"2022-03-22T01:12:51+00:00\",\"description\":\"Compre Skywalker OG THC Venta destilada: extracto kosher en l\u00ednea de Europa del dispensario en l\u00ednea m\u00e1s grande, Buy My Weed Online.\",\"breadcrumb\":{\"@id\":\"https:\\\/\\\/medicinasinc.com\\\/es\\\/product\\\/comprar-skywalker-og-thc-destilado-extracto-kosher\\\/#breadcrumb\"},\"inLanguage\":\"es\",\"potentialAction\":[{\"@type\":\"ReadAction\",\"target\":[\"https:\\\/\\\/medicinasinc.com\\\/es\\\/product\\\/comprar-skywalker-og-thc-destilado-extracto-kosher\\\/\"]}]},{\"@type\":\"ImageObject\",\"inLanguage\":\"es\",\"@id\":\"https:\\\/\\\/medicinasinc.com\\\/es\\\/product\\\/comprar-skywalker-og-thc-destilado-extracto-kosher\\\/#primaryimage\",\"url\":\"https:\\\/\\\/medicinasinc.com\\\/es\\\/wp-content\\\/uploads\\\/sites\\\/15\\\/2022\\\/02\\\/Buy-Skywalker-OG-THC-Distillate.jpg\",\"contentUrl\":\"https:\\\/\\\/medicinasinc.com\\\/es\\\/wp-content\\\/uploads\\\/sites\\\/15\\\/2022\\\/02\\\/Buy-Skywalker-OG-THC-Distillate.jpg\",\"width\":980,\"height\":980},{\"@type\":\"BreadcrumbList\",\"@id\":\"https:\\\/\\\/medicinasinc.com\\\/es\\\/product\\\/comprar-skywalker-og-thc-destilado-extracto-kosher\\\/#breadcrumb\",\"itemListElement\":[{\"@type\":\"ListItem\",\"position\":1,\"name\":\"Tienda\",\"item\":\"https:\\\/\\\/medicinasinc.com\\\/es\\\/tienda\\\/\"},{\"@type\":\"ListItem\",\"position\":2,\"name\":\"Comprar Skywalker OG THC Destilado \u2013 Extracto kosher\"}]},{\"@type\":\"WebSite\",\"@id\":\"https:\\\/\\\/medicinasinc.com\\\/es\\\/#website\",\"url\":\"https:\\\/\\\/medicinasinc.com\\\/es\\\/\",\"name\":\"Medicinas Inc\",\"description\":\"Cl\u00ednica M\u00e9dica de Salud\",\"potentialAction\":[{\"@type\":\"SearchAction\",\"target\":{\"@type\":\"EntryPoint\",\"urlTemplate\":\"https:\\\/\\\/medicinasinc.com\\\/es\\\/?s={search_term_string}\"},\"query-input\":{\"@type\":\"PropertyValueSpecification\",\"valueRequired\":true,\"valueName\":\"search_term_string\"}}],\"inLanguage\":\"es\"}]}<\/script>\n<!-- \/ Yoast SEO plugin. -->","yoast_head_json":{"title":"Compre Skywalker OG THC Distillate \u2013 extracto kosher - Vista previa de la descripci\u00f3n de Best Global MedsMeta:","description":"Compre Skywalker OG THC Venta destilada: extracto kosher en l\u00ednea de Europa del dispensario en l\u00ednea m\u00e1s grande, Buy My Weed Online.","robots":{"index":"index","follow":"follow","max-snippet":"max-snippet:-1","max-image-preview":"max-image-preview:large","max-video-preview":"max-video-preview:-1"},"canonical":"https:\/\/medicinasinc.com\/es\/product\/comprar-skywalker-og-thc-destilado-extracto-kosher\/","og_locale":"es_ES","og_type":"article","og_title":"Compre Skywalker OG THC Distillate \u2013 extracto kosher - Vista previa de la descripci\u00f3n de Best Global MedsMeta:","og_description":"Compre Skywalker OG THC Venta destilada: extracto kosher en l\u00ednea de Europa del dispensario en l\u00ednea m\u00e1s grande, Buy My Weed Online.","og_url":"https:\/\/medicinasinc.com\/es\/product\/comprar-skywalker-og-thc-destilado-extracto-kosher\/","og_site_name":"Medicinas Inc","article_modified_time":"2022-03-22T01:12:51+00:00","og_image":[{"width":980,"height":980,"url":"https:\/\/medicinasinc.com\/es\/wp-content\/uploads\/sites\/15\/2022\/02\/Buy-Skywalker-OG-THC-Distillate.jpg","type":"image\/jpeg"}],"twitter_card":"summary_large_image","twitter_misc":{"Tiempo de lectura":"1 minuto"},"schema":{"@context":"https:\/\/schema.org","@graph":[{"@type":"WebPage","@id":"https:\/\/medicinasinc.com\/es\/product\/comprar-skywalker-og-thc-destilado-extracto-kosher\/","url":"https:\/\/medicinasinc.com\/es\/product\/comprar-skywalker-og-thc-destilado-extracto-kosher\/","name":"Compre Skywalker OG THC Distillate \u2013 extracto kosher - Vista previa de la descripci\u00f3n de Best Global MedsMeta:","isPartOf":{"@id":"https:\/\/medicinasinc.com\/es\/#website"},"primaryImageOfPage":{"@id":"https:\/\/medicinasinc.com\/es\/product\/comprar-skywalker-og-thc-destilado-extracto-kosher\/#primaryimage"},"image":{"@id":"https:\/\/medicinasinc.com\/es\/product\/comprar-skywalker-og-thc-destilado-extracto-kosher\/#primaryimage"},"thumbnailUrl":"https:\/\/medicinasinc.com\/es\/wp-content\/uploads\/sites\/15\/2022\/02\/Buy-Skywalker-OG-THC-Distillate.jpg","datePublished":"2022-02-20T09:10:27+00:00","dateModified":"2022-03-22T01:12:51+00:00","description":"Compre Skywalker OG THC Venta destilada: extracto kosher en l\u00ednea de Europa del dispensario en l\u00ednea m\u00e1s grande, Buy My Weed Online.","breadcrumb":{"@id":"https:\/\/medicinasinc.com\/es\/product\/comprar-skywalker-og-thc-destilado-extracto-kosher\/#breadcrumb"},"inLanguage":"es","potentialAction":[{"@type":"ReadAction","target":["https:\/\/medicinasinc.com\/es\/product\/comprar-skywalker-og-thc-destilado-extracto-kosher\/"]}]},{"@type":"ImageObject","inLanguage":"es","@id":"https:\/\/medicinasinc.com\/es\/product\/comprar-skywalker-og-thc-destilado-extracto-kosher\/#primaryimage","url":"https:\/\/medicinasinc.com\/es\/wp-content\/uploads\/sites\/15\/2022\/02\/Buy-Skywalker-OG-THC-Distillate.jpg","contentUrl":"https:\/\/medicinasinc.com\/es\/wp-content\/uploads\/sites\/15\/2022\/02\/Buy-Skywalker-OG-THC-Distillate.jpg","width":980,"height":980},{"@type":"BreadcrumbList","@id":"https:\/\/medicinasinc.com\/es\/product\/comprar-skywalker-og-thc-destilado-extracto-kosher\/#breadcrumb","itemListElement":[{"@type":"ListItem","position":1,"name":"Tienda","item":"https:\/\/medicinasinc.com\/es\/tienda\/"},{"@type":"ListItem","position":2,"name":"Comprar Skywalker OG THC Destilado \u2013 Extracto kosher"}]},{"@type":"WebSite","@id":"https:\/\/medicinasinc.com\/es\/#website","url":"https:\/\/medicinasinc.com\/es\/","name":"Medicinas Inc","description":"Cl\u00ednica M\u00e9dica de Salud","potentialAction":[{"@type":"SearchAction","target":{"@type":"EntryPoint","urlTemplate":"https:\/\/medicinasinc.com\/es\/?s={search_term_string}"},"query-input":{"@type":"PropertyValueSpecification","valueRequired":true,"valueName":"search_term_string"}}],"inLanguage":"es"}]}},"_links":{"self":[{"href":"https:\/\/medicinasinc.com\/es\/wp-json\/wp\/v2\/product\/4425","targetHints":{"allow":["GET"]}}],"collection":[{"href":"https:\/\/medicinasinc.com\/es\/wp-json\/wp\/v2\/product"}],"about":[{"href":"https:\/\/medicinasinc.com\/es\/wp-json\/wp\/v2\/types\/product"}],"replies":[{"embeddable":true,"href":"https:\/\/medicinasinc.com\/es\/wp-json\/wp\/v2\/comments?post=4425"}],"wp:featuredmedia":[{"embeddable":true,"href":"https:\/\/medicinasinc.com\/es\/wp-json\/wp\/v2\/media\/4459"}],"wp:attachment":[{"href":"https:\/\/medicinasinc.com\/es\/wp-json\/wp\/v2\/media?parent=4425"}],"wp:term":[{"taxonomy":"product_brand","embeddable":true,"href":"https:\/\/medicinasinc.com\/es\/wp-json\/wp\/v2\/product_brand?post=4425"},{"taxonomy":"product_cat","embeddable":true,"href":"https:\/\/medicinasinc.com\/es\/wp-json\/wp\/v2\/product_cat?post=4425"},{"taxonomy":"product_tag","embeddable":true,"href":"https:\/\/medicinasinc.com\/es\/wp-json\/wp\/v2\/product_tag?post=4425"}],"curies":[{"name":"wp","href":"https:\/\/api.w.org\/{rel}","templated":true}]}}