{"id":4413,"date":"2022-02-20T09:01:25","date_gmt":"2022-02-20T09:01:25","guid":{"rendered":"https:\/\/medicinasinc.com\/es\/?post_type=product&#038;p=4413"},"modified":"2022-03-22T01:13:02","modified_gmt":"2022-03-22T01:13:02","slug":"rso-pink-kush-aceite-5ml","status":"publish","type":"product","link":"https:\/\/medicinasinc.com\/es\/product\/rso-pink-kush-aceite-5ml\/","title":{"rendered":"RSO | Aceite Rosa Kush \u2013 5ml"},"content":{"rendered":"<p>Kush Pink (Aceite Rick Simpson)<\/p>\n<p>5mL en un dosificador &#8216;Eos&#8217; fabricado en polipropileno con hilo verde para una dosificaci\u00f3n precisa.<\/p>\n<p>Este aceite Rick Simpson se deriva de Pink \u00a1Flores kush cultivadas en el exuberante interior de la Columbia Brit\u00e1nica!<\/p>\n<p>Se cree que Pink Kush es un pariente lejano del legendario OG Kush (una de las variedades m\u00e1s populares de la historia del cannabis). Pink Kush contin\u00faa con la tradici\u00f3n al proporcionar un cuerpo fuerte, lo que la convierte en una de las cepas m\u00e1s medicinales disponibles. Los efectos de esta cepa son casi instant\u00e1neos. El consumidor se siente inundado por una sensaci\u00f3n corporal c\u00e1lida que se acompa\u00f1a de un zumbido cerebral intensamente euf\u00f3rico. Un h\u00edbrido de dominancia sativa que produce un intenso subid\u00f3n centrado en el cuerpo. Por lo tanto, Pink Kush es un tratamiento eficaz para la ansiedad, la depresi\u00f3n, la inflamaci\u00f3n, el dolor cr\u00f3nico, los dolores de cabeza, el insomnio y la p\u00e9rdida de apetito.<\/p>\n<p>Las pruebas independientes en los laboratorios MB revelaron que este RSO premium contiene m\u00e1s del 73,27 por ciento de cannabinoides, incluido el 68,80 \u00a1por ciento de THC!<\/p>\n<p>Hemos determinado que este producto contiene un 90 % de indica.<\/p>\n<p>1) Delta-9 THC = 68,80 %<br \/> 2) CBG = 1,80 %<br \/> 3) CBC = 0,96 %<br \/> 4) CBN = 0,89 %<br \/> 5) CBD = 0,44 %<\/p>\n<div class=\"product-next-anterior\">\n<div class=\"product-prev \"><\/div><\/div>\n","protected":false},"excerpt":{"rendered":"<p>Comprar RSO | Aceite Pink Kush &#8211; 5ml a la venta en l\u00ednea EE. UU., Europa del dispensario en l\u00ednea m\u00e1s grande, Compre My Weed Online a la venta.<\/p>\n<p><em>Compre<\/em>\u00a0Viridesco&#8217;s\u00a0<em>RSO Pink Kush 5ml<\/em>\u00a0hoy desde la comodidad de tu hogar. <em>Compre RSO<\/em>\u00a0de forma segura y discreta desde cualquier provincia de Canad\u00e1. \u00a1Ordene en l\u00ednea hoy!<\/p>\n<ul>\n<li><\/li>\n<li>Env\u00edo a todo el mundo<\/li>\n<li>La cantidad m\u00ednima de pedido es 5<\/li>\n<li><strong>Cont\u00e1ctenos<\/strong>\u00a0para pedidos m\u00e1s grandes<\/li>\n<\/ul>\n","protected":false},"featured_media":4447,"comment_status":"open","ping_status":"closed","template":"","meta":[],"product_brand":[],"product_cat":[440],"product_tag":[],"class_list":{"0":"post-4413","1":"product","2":"type-product","3":"status-publish","4":"has-post-thumbnail","6":"product_cat-comprar-cannabis-cbd-oil","8":"first","9":"instock","10":"shipping-taxable","11":"purchasable","12":"product-type-variable","13":"has-default-attributes"},"yoast_head":"<!-- This site is optimized with the Yoast SEO plugin v27.3 - https:\/\/yoast.com\/product\/yoast-seo-wordpress\/ -->\n<title>RSO | Aceite Pink Kush - 5ml - Comprar My Weed Online - Global Medicnas<\/title>\n<meta name=\"description\" content=\"Comprar RSO | Pink Kush Oil - 5ml a la venta en l\u00ednea EE. UU., Europa del dispensario en l\u00ednea m\u00e1s grande, Buy My Weed Online a la venta.\" \/>\n<meta name=\"robots\" content=\"index, follow, max-snippet:-1, max-image-preview:large, max-video-preview:-1\" \/>\n<link rel=\"canonical\" href=\"https:\/\/medicinasinc.com\/es\/product\/rso-pink-kush-aceite-5ml\/\" \/>\n<meta property=\"og:locale\" content=\"es_ES\" \/>\n<meta property=\"og:type\" content=\"article\" \/>\n<meta property=\"og:title\" content=\"RSO | Aceite Pink Kush - 5ml - Comprar My Weed Online - Global Medicnas\" \/>\n<meta property=\"og:description\" content=\"Comprar RSO | Pink Kush Oil - 5ml a la venta en l\u00ednea EE. UU., Europa del dispensario en l\u00ednea m\u00e1s grande, Buy My Weed Online a la venta.\" \/>\n<meta property=\"og:url\" content=\"https:\/\/medicinasinc.com\/es\/product\/rso-pink-kush-aceite-5ml\/\" \/>\n<meta property=\"og:site_name\" content=\"Medicinas Inc\" \/>\n<meta property=\"article:modified_time\" content=\"2022-03-22T01:13:02+00:00\" \/>\n<meta property=\"og:image\" content=\"https:\/\/medicinasinc.com\/es\/wp-content\/uploads\/sites\/15\/2022\/02\/Buy-RSO-Pink-Kush-Oil-\u2013-5ml.jpg\" \/>\n\t<meta property=\"og:image:width\" content=\"800\" \/>\n\t<meta property=\"og:image:height\" content=\"800\" \/>\n\t<meta property=\"og:image:type\" content=\"image\/jpeg\" \/>\n<meta name=\"twitter:card\" content=\"summary_large_image\" \/>\n<meta name=\"twitter:label1\" content=\"Tiempo de lectura\" \/>\n\t<meta name=\"twitter:data1\" content=\"1 minuto\" \/>\n<script type=\"application\/ld+json\" class=\"yoast-schema-graph\">{\"@context\":\"https:\\\/\\\/schema.org\",\"@graph\":[{\"@type\":\"WebPage\",\"@id\":\"https:\\\/\\\/medicinasinc.com\\\/es\\\/product\\\/rso-pink-kush-aceite-5ml\\\/\",\"url\":\"https:\\\/\\\/medicinasinc.com\\\/es\\\/product\\\/rso-pink-kush-aceite-5ml\\\/\",\"name\":\"RSO | Aceite Pink Kush - 5ml - Comprar My Weed Online - Global Medicnas\",\"isPartOf\":{\"@id\":\"https:\\\/\\\/medicinasinc.com\\\/es\\\/#website\"},\"primaryImageOfPage\":{\"@id\":\"https:\\\/\\\/medicinasinc.com\\\/es\\\/product\\\/rso-pink-kush-aceite-5ml\\\/#primaryimage\"},\"image\":{\"@id\":\"https:\\\/\\\/medicinasinc.com\\\/es\\\/product\\\/rso-pink-kush-aceite-5ml\\\/#primaryimage\"},\"thumbnailUrl\":\"https:\\\/\\\/medicinasinc.com\\\/es\\\/wp-content\\\/uploads\\\/sites\\\/15\\\/2022\\\/02\\\/Buy-RSO-Pink-Kush-Oil-\u2013-5ml.jpg\",\"datePublished\":\"2022-02-20T09:01:25+00:00\",\"dateModified\":\"2022-03-22T01:13:02+00:00\",\"description\":\"Comprar RSO | Pink Kush Oil - 5ml a la venta en l\u00ednea EE. UU., Europa del dispensario en l\u00ednea m\u00e1s grande, Buy My Weed Online a la venta.\",\"breadcrumb\":{\"@id\":\"https:\\\/\\\/medicinasinc.com\\\/es\\\/product\\\/rso-pink-kush-aceite-5ml\\\/#breadcrumb\"},\"inLanguage\":\"es\",\"potentialAction\":[{\"@type\":\"ReadAction\",\"target\":[\"https:\\\/\\\/medicinasinc.com\\\/es\\\/product\\\/rso-pink-kush-aceite-5ml\\\/\"]}]},{\"@type\":\"ImageObject\",\"inLanguage\":\"es\",\"@id\":\"https:\\\/\\\/medicinasinc.com\\\/es\\\/product\\\/rso-pink-kush-aceite-5ml\\\/#primaryimage\",\"url\":\"https:\\\/\\\/medicinasinc.com\\\/es\\\/wp-content\\\/uploads\\\/sites\\\/15\\\/2022\\\/02\\\/Buy-RSO-Pink-Kush-Oil-\u2013-5ml.jpg\",\"contentUrl\":\"https:\\\/\\\/medicinasinc.com\\\/es\\\/wp-content\\\/uploads\\\/sites\\\/15\\\/2022\\\/02\\\/Buy-RSO-Pink-Kush-Oil-\u2013-5ml.jpg\",\"width\":800,\"height\":800},{\"@type\":\"BreadcrumbList\",\"@id\":\"https:\\\/\\\/medicinasinc.com\\\/es\\\/product\\\/rso-pink-kush-aceite-5ml\\\/#breadcrumb\",\"itemListElement\":[{\"@type\":\"ListItem\",\"position\":1,\"name\":\"Tienda\",\"item\":\"https:\\\/\\\/medicinasinc.com\\\/es\\\/tienda\\\/\"},{\"@type\":\"ListItem\",\"position\":2,\"name\":\"RSO | Aceite Rosa Kush \u2013 5ml\"}]},{\"@type\":\"WebSite\",\"@id\":\"https:\\\/\\\/medicinasinc.com\\\/es\\\/#website\",\"url\":\"https:\\\/\\\/medicinasinc.com\\\/es\\\/\",\"name\":\"Medicinas Inc\",\"description\":\"Cl\u00ednica M\u00e9dica de Salud\",\"potentialAction\":[{\"@type\":\"SearchAction\",\"target\":{\"@type\":\"EntryPoint\",\"urlTemplate\":\"https:\\\/\\\/medicinasinc.com\\\/es\\\/?s={search_term_string}\"},\"query-input\":{\"@type\":\"PropertyValueSpecification\",\"valueRequired\":true,\"valueName\":\"search_term_string\"}}],\"inLanguage\":\"es\"}]}<\/script>\n<!-- \/ Yoast SEO plugin. -->","yoast_head_json":{"title":"RSO | Aceite Pink Kush - 5ml - Comprar My Weed Online - Global Medicnas","description":"Comprar RSO | Pink Kush Oil - 5ml a la venta en l\u00ednea EE. UU., Europa del dispensario en l\u00ednea m\u00e1s grande, Buy My Weed Online a la venta.","robots":{"index":"index","follow":"follow","max-snippet":"max-snippet:-1","max-image-preview":"max-image-preview:large","max-video-preview":"max-video-preview:-1"},"canonical":"https:\/\/medicinasinc.com\/es\/product\/rso-pink-kush-aceite-5ml\/","og_locale":"es_ES","og_type":"article","og_title":"RSO | Aceite Pink Kush - 5ml - Comprar My Weed Online - Global Medicnas","og_description":"Comprar RSO | Pink Kush Oil - 5ml a la venta en l\u00ednea EE. UU., Europa del dispensario en l\u00ednea m\u00e1s grande, Buy My Weed Online a la venta.","og_url":"https:\/\/medicinasinc.com\/es\/product\/rso-pink-kush-aceite-5ml\/","og_site_name":"Medicinas Inc","article_modified_time":"2022-03-22T01:13:02+00:00","og_image":[{"width":800,"height":800,"url":"https:\/\/medicinasinc.com\/es\/wp-content\/uploads\/sites\/15\/2022\/02\/Buy-RSO-Pink-Kush-Oil-\u2013-5ml.jpg","type":"image\/jpeg"}],"twitter_card":"summary_large_image","twitter_misc":{"Tiempo de lectura":"1 minuto"},"schema":{"@context":"https:\/\/schema.org","@graph":[{"@type":"WebPage","@id":"https:\/\/medicinasinc.com\/es\/product\/rso-pink-kush-aceite-5ml\/","url":"https:\/\/medicinasinc.com\/es\/product\/rso-pink-kush-aceite-5ml\/","name":"RSO | Aceite Pink Kush - 5ml - Comprar My Weed Online - Global Medicnas","isPartOf":{"@id":"https:\/\/medicinasinc.com\/es\/#website"},"primaryImageOfPage":{"@id":"https:\/\/medicinasinc.com\/es\/product\/rso-pink-kush-aceite-5ml\/#primaryimage"},"image":{"@id":"https:\/\/medicinasinc.com\/es\/product\/rso-pink-kush-aceite-5ml\/#primaryimage"},"thumbnailUrl":"https:\/\/medicinasinc.com\/es\/wp-content\/uploads\/sites\/15\/2022\/02\/Buy-RSO-Pink-Kush-Oil-\u2013-5ml.jpg","datePublished":"2022-02-20T09:01:25+00:00","dateModified":"2022-03-22T01:13:02+00:00","description":"Comprar RSO | Pink Kush Oil - 5ml a la venta en l\u00ednea EE. UU., Europa del dispensario en l\u00ednea m\u00e1s grande, Buy My Weed Online a la venta.","breadcrumb":{"@id":"https:\/\/medicinasinc.com\/es\/product\/rso-pink-kush-aceite-5ml\/#breadcrumb"},"inLanguage":"es","potentialAction":[{"@type":"ReadAction","target":["https:\/\/medicinasinc.com\/es\/product\/rso-pink-kush-aceite-5ml\/"]}]},{"@type":"ImageObject","inLanguage":"es","@id":"https:\/\/medicinasinc.com\/es\/product\/rso-pink-kush-aceite-5ml\/#primaryimage","url":"https:\/\/medicinasinc.com\/es\/wp-content\/uploads\/sites\/15\/2022\/02\/Buy-RSO-Pink-Kush-Oil-\u2013-5ml.jpg","contentUrl":"https:\/\/medicinasinc.com\/es\/wp-content\/uploads\/sites\/15\/2022\/02\/Buy-RSO-Pink-Kush-Oil-\u2013-5ml.jpg","width":800,"height":800},{"@type":"BreadcrumbList","@id":"https:\/\/medicinasinc.com\/es\/product\/rso-pink-kush-aceite-5ml\/#breadcrumb","itemListElement":[{"@type":"ListItem","position":1,"name":"Tienda","item":"https:\/\/medicinasinc.com\/es\/tienda\/"},{"@type":"ListItem","position":2,"name":"RSO | Aceite Rosa Kush \u2013 5ml"}]},{"@type":"WebSite","@id":"https:\/\/medicinasinc.com\/es\/#website","url":"https:\/\/medicinasinc.com\/es\/","name":"Medicinas Inc","description":"Cl\u00ednica M\u00e9dica de Salud","potentialAction":[{"@type":"SearchAction","target":{"@type":"EntryPoint","urlTemplate":"https:\/\/medicinasinc.com\/es\/?s={search_term_string}"},"query-input":{"@type":"PropertyValueSpecification","valueRequired":true,"valueName":"search_term_string"}}],"inLanguage":"es"}]}},"_links":{"self":[{"href":"https:\/\/medicinasinc.com\/es\/wp-json\/wp\/v2\/product\/4413","targetHints":{"allow":["GET"]}}],"collection":[{"href":"https:\/\/medicinasinc.com\/es\/wp-json\/wp\/v2\/product"}],"about":[{"href":"https:\/\/medicinasinc.com\/es\/wp-json\/wp\/v2\/types\/product"}],"replies":[{"embeddable":true,"href":"https:\/\/medicinasinc.com\/es\/wp-json\/wp\/v2\/comments?post=4413"}],"wp:featuredmedia":[{"embeddable":true,"href":"https:\/\/medicinasinc.com\/es\/wp-json\/wp\/v2\/media\/4447"}],"wp:attachment":[{"href":"https:\/\/medicinasinc.com\/es\/wp-json\/wp\/v2\/media?parent=4413"}],"wp:term":[{"taxonomy":"product_brand","embeddable":true,"href":"https:\/\/medicinasinc.com\/es\/wp-json\/wp\/v2\/product_brand?post=4413"},{"taxonomy":"product_cat","embeddable":true,"href":"https:\/\/medicinasinc.com\/es\/wp-json\/wp\/v2\/product_cat?post=4413"},{"taxonomy":"product_tag","embeddable":true,"href":"https:\/\/medicinasinc.com\/es\/wp-json\/wp\/v2\/product_tag?post=4413"}],"curies":[{"name":"wp","href":"https:\/\/api.w.org\/{rel}","templated":true}]}}