{"id":4412,"date":"2022-02-20T09:00:17","date_gmt":"2022-02-20T09:00:17","guid":{"rendered":"https:\/\/medicinasinc.com\/es\/?post_type=product&#038;p=4412"},"modified":"2022-03-22T01:13:13","modified_gmt":"2022-03-22T01:13:13","slug":"comprar-rick-simpson-aceite","status":"publish","type":"product","link":"https:\/\/medicinasinc.com\/es\/product\/comprar-rick-simpson-aceite\/","title":{"rendered":"Comprar aceite de Rick Simpson"},"content":{"rendered":"<p><strong>Comprar aceite de Rick Simpson<\/strong><\/p>\n<div class=\"woocommerce-tabs wc-tabs-wrapper\">\n<div id=\"tab-description\" class=\"woocommerce-Tabs-panel woocommerce-Tabs-panel--description panel entry-content wc-tab\" role=\"tabpanel\" aria-labelledby=\"tab-title-description\">\n<p><strong>RSO es un aceite derivado de un disolvente que se obtiene lavando cannabis brotes en un solvente como nafta liviana pura y luego hervir el solvente para extraer el aceite.<\/strong><br \/> <strong>RSO es un producto gen\u00e9rico. Eso significa que no hay \u00abRick Simpson Oil\u00bb disponible para comprar. Simpson demuestra c\u00f3mo hacer su aceite ep\u00f3nimo en su sitio web. Sin embargo, no se beneficia del petr\u00f3leo.<\/strong><\/p>\n<\/p><\/div><\/div>\n<div class=\"productos relacionados\">\n<div class=\"woocommerce-tabs wc-tabs-wrapper\">\n<div id=\"tab-description\" class=\"woocommerce-Tabs-panel woocommerce-Tabs-panel--description panel entry-content wc-tab\" role=\"tabpanel\" aria-labelledby=\"tab-title-description\">\n<p>&nbsp;<\/p>\n<\/p><\/div><\/div><\/div>\n<p>&nbsp;<\/p>\n","protected":false},"excerpt":{"rendered":"<p>Comprar aceite Rick Simpson (RSO) a la venta Reino Unido, Europa Ordenar en l\u00ednea. Tenemos la m\u00e1s alta calidad de Rick Simpson Oil For Sale. Ofrecemos la f\u00f3rmula original de RSO con alto contenido de THC.<\/p>\n<p><em>Compra<\/em>\u00a0nuestro\u00a0<em>aceite de Rick Simpson<\/em>\u00a0a la venta y util\u00edzalo correctamente. La\u00a0<em>RSO<\/em>\u00a0cl\u00e1sica generalmente se elabora con cepas predominantemente Indica porque contienen niveles m\u00e1s altos de\u00a0<em>CBD<\/em>.<\/p>\n<ul>\n<li>Env\u00edo a todo el mundo<\/li>\n<li>La cantidad m\u00ednima de pedido es 5<\/li>\n<li><strong>Cont\u00e1ctenos<\/strong>\u00a0para pedidos m\u00e1s grandes<\/li>\n<\/ul>\n","protected":false},"featured_media":4445,"comment_status":"open","ping_status":"closed","template":"","meta":[],"product_brand":[],"product_cat":[440],"product_tag":[493,494,495,490,489,496,491,492],"class_list":{"0":"post-4412","1":"product","2":"type-product","3":"status-publish","4":"has-post-thumbnail","6":"product_cat-comprar-cannabis-cbd-oil","7":"product_tag-aceite-de-rso-cdb-para-la-ansiedad","8":"product_tag-rso-aceite-para-el-dolor","9":"product_tag-rso-aceite-a-la-venta-en-ohio","10":"product_tag-alto-cdb-rso","11":"product_tag-granel-cdb-rso","12":"product_tag-rso-oil-price-colorado","13":"product_tag-rick-simpson-aceite-california","14":"product_tag-rick-simpson-aceite-wiki","16":"first","17":"instock","18":"shipping-taxable","19":"purchasable","20":"product-type-variable","21":"has-default-attributes"},"yoast_head":"<!-- This site is optimized with the Yoast SEO plugin v27.3 - https:\/\/yoast.com\/product\/yoast-seo-wordpress\/ -->\n<title>Comprar aceite de Rick Simpson - EE. UU. - Europa - Best Global Meds<\/title>\n<meta name=\"description\" content=\"Compre Rick Simpson Oil (RSO) a la venta Reino Unido, Europa Haga su pedido en l\u00ednea. Tenemos la m\u00e1s alta calidad de Rick Simpson Oil For Sale. Ofrecemos la f\u00f3rmula original de RSO con alto contenido de THC.\" \/>\n<meta name=\"robots\" content=\"index, follow, max-snippet:-1, max-image-preview:large, max-video-preview:-1\" \/>\n<link rel=\"canonical\" href=\"https:\/\/medicinasinc.com\/es\/product\/comprar-rick-simpson-aceite\/\" \/>\n<meta property=\"og:locale\" content=\"es_ES\" \/>\n<meta property=\"og:type\" content=\"article\" \/>\n<meta property=\"og:title\" content=\"Comprar aceite de Rick Simpson - EE. UU. - Europa - Best Global Meds\" \/>\n<meta property=\"og:description\" content=\"Compre Rick Simpson Oil (RSO) a la venta Reino Unido, Europa Haga su pedido en l\u00ednea. Tenemos la m\u00e1s alta calidad de Rick Simpson Oil For Sale. Ofrecemos la f\u00f3rmula original de RSO con alto contenido de THC.\" \/>\n<meta property=\"og:url\" content=\"https:\/\/medicinasinc.com\/es\/product\/comprar-rick-simpson-aceite\/\" \/>\n<meta property=\"og:site_name\" content=\"Medicinas Inc\" \/>\n<meta property=\"article:modified_time\" content=\"2022-03-22T01:13:13+00:00\" \/>\n<meta property=\"og:image\" content=\"https:\/\/medicinasinc.com\/es\/wp-content\/uploads\/sites\/15\/2022\/02\/Buy-Rick-Simpson-Oil.jpg\" \/>\n\t<meta property=\"og:image:width\" content=\"1170\" \/>\n\t<meta property=\"og:image:height\" content=\"658\" \/>\n\t<meta property=\"og:image:type\" content=\"image\/jpeg\" \/>\n<meta name=\"twitter:card\" content=\"summary_large_image\" \/>\n<meta name=\"twitter:label1\" content=\"Tiempo de lectura\" \/>\n\t<meta name=\"twitter:data1\" content=\"1 minuto\" \/>\n<script type=\"application\/ld+json\" class=\"yoast-schema-graph\">{\"@context\":\"https:\\\/\\\/schema.org\",\"@graph\":[{\"@type\":\"WebPage\",\"@id\":\"https:\\\/\\\/medicinasinc.com\\\/es\\\/product\\\/comprar-rick-simpson-aceite\\\/\",\"url\":\"https:\\\/\\\/medicinasinc.com\\\/es\\\/product\\\/comprar-rick-simpson-aceite\\\/\",\"name\":\"Comprar aceite de Rick Simpson - EE. UU. - Europa - Best Global Meds\",\"isPartOf\":{\"@id\":\"https:\\\/\\\/medicinasinc.com\\\/es\\\/#website\"},\"primaryImageOfPage\":{\"@id\":\"https:\\\/\\\/medicinasinc.com\\\/es\\\/product\\\/comprar-rick-simpson-aceite\\\/#primaryimage\"},\"image\":{\"@id\":\"https:\\\/\\\/medicinasinc.com\\\/es\\\/product\\\/comprar-rick-simpson-aceite\\\/#primaryimage\"},\"thumbnailUrl\":\"https:\\\/\\\/medicinasinc.com\\\/es\\\/wp-content\\\/uploads\\\/sites\\\/15\\\/2022\\\/02\\\/Buy-Rick-Simpson-Oil.jpg\",\"datePublished\":\"2022-02-20T09:00:17+00:00\",\"dateModified\":\"2022-03-22T01:13:13+00:00\",\"description\":\"Compre Rick Simpson Oil (RSO) a la venta Reino Unido, Europa Haga su pedido en l\u00ednea. Tenemos la m\u00e1s alta calidad de Rick Simpson Oil For Sale. Ofrecemos la f\u00f3rmula original de RSO con alto contenido de THC.\",\"breadcrumb\":{\"@id\":\"https:\\\/\\\/medicinasinc.com\\\/es\\\/product\\\/comprar-rick-simpson-aceite\\\/#breadcrumb\"},\"inLanguage\":\"es\",\"potentialAction\":[{\"@type\":\"ReadAction\",\"target\":[\"https:\\\/\\\/medicinasinc.com\\\/es\\\/product\\\/comprar-rick-simpson-aceite\\\/\"]}]},{\"@type\":\"ImageObject\",\"inLanguage\":\"es\",\"@id\":\"https:\\\/\\\/medicinasinc.com\\\/es\\\/product\\\/comprar-rick-simpson-aceite\\\/#primaryimage\",\"url\":\"https:\\\/\\\/medicinasinc.com\\\/es\\\/wp-content\\\/uploads\\\/sites\\\/15\\\/2022\\\/02\\\/Buy-Rick-Simpson-Oil.jpg\",\"contentUrl\":\"https:\\\/\\\/medicinasinc.com\\\/es\\\/wp-content\\\/uploads\\\/sites\\\/15\\\/2022\\\/02\\\/Buy-Rick-Simpson-Oil.jpg\",\"width\":1170,\"height\":658},{\"@type\":\"BreadcrumbList\",\"@id\":\"https:\\\/\\\/medicinasinc.com\\\/es\\\/product\\\/comprar-rick-simpson-aceite\\\/#breadcrumb\",\"itemListElement\":[{\"@type\":\"ListItem\",\"position\":1,\"name\":\"Tienda\",\"item\":\"https:\\\/\\\/medicinasinc.com\\\/es\\\/tienda\\\/\"},{\"@type\":\"ListItem\",\"position\":2,\"name\":\"Comprar aceite de Rick Simpson\"}]},{\"@type\":\"WebSite\",\"@id\":\"https:\\\/\\\/medicinasinc.com\\\/es\\\/#website\",\"url\":\"https:\\\/\\\/medicinasinc.com\\\/es\\\/\",\"name\":\"Medicinas Inc\",\"description\":\"Cl\u00ednica M\u00e9dica de Salud\",\"potentialAction\":[{\"@type\":\"SearchAction\",\"target\":{\"@type\":\"EntryPoint\",\"urlTemplate\":\"https:\\\/\\\/medicinasinc.com\\\/es\\\/?s={search_term_string}\"},\"query-input\":{\"@type\":\"PropertyValueSpecification\",\"valueRequired\":true,\"valueName\":\"search_term_string\"}}],\"inLanguage\":\"es\"}]}<\/script>\n<!-- \/ Yoast SEO plugin. -->","yoast_head_json":{"title":"Comprar aceite de Rick Simpson - EE. UU. - Europa - Best Global Meds","description":"Compre Rick Simpson Oil (RSO) a la venta Reino Unido, Europa Haga su pedido en l\u00ednea. Tenemos la m\u00e1s alta calidad de Rick Simpson Oil For Sale. Ofrecemos la f\u00f3rmula original de RSO con alto contenido de THC.","robots":{"index":"index","follow":"follow","max-snippet":"max-snippet:-1","max-image-preview":"max-image-preview:large","max-video-preview":"max-video-preview:-1"},"canonical":"https:\/\/medicinasinc.com\/es\/product\/comprar-rick-simpson-aceite\/","og_locale":"es_ES","og_type":"article","og_title":"Comprar aceite de Rick Simpson - EE. UU. - Europa - Best Global Meds","og_description":"Compre Rick Simpson Oil (RSO) a la venta Reino Unido, Europa Haga su pedido en l\u00ednea. Tenemos la m\u00e1s alta calidad de Rick Simpson Oil For Sale. Ofrecemos la f\u00f3rmula original de RSO con alto contenido de THC.","og_url":"https:\/\/medicinasinc.com\/es\/product\/comprar-rick-simpson-aceite\/","og_site_name":"Medicinas Inc","article_modified_time":"2022-03-22T01:13:13+00:00","og_image":[{"width":1170,"height":658,"url":"https:\/\/medicinasinc.com\/es\/wp-content\/uploads\/sites\/15\/2022\/02\/Buy-Rick-Simpson-Oil.jpg","type":"image\/jpeg"}],"twitter_card":"summary_large_image","twitter_misc":{"Tiempo de lectura":"1 minuto"},"schema":{"@context":"https:\/\/schema.org","@graph":[{"@type":"WebPage","@id":"https:\/\/medicinasinc.com\/es\/product\/comprar-rick-simpson-aceite\/","url":"https:\/\/medicinasinc.com\/es\/product\/comprar-rick-simpson-aceite\/","name":"Comprar aceite de Rick Simpson - EE. UU. - Europa - Best Global Meds","isPartOf":{"@id":"https:\/\/medicinasinc.com\/es\/#website"},"primaryImageOfPage":{"@id":"https:\/\/medicinasinc.com\/es\/product\/comprar-rick-simpson-aceite\/#primaryimage"},"image":{"@id":"https:\/\/medicinasinc.com\/es\/product\/comprar-rick-simpson-aceite\/#primaryimage"},"thumbnailUrl":"https:\/\/medicinasinc.com\/es\/wp-content\/uploads\/sites\/15\/2022\/02\/Buy-Rick-Simpson-Oil.jpg","datePublished":"2022-02-20T09:00:17+00:00","dateModified":"2022-03-22T01:13:13+00:00","description":"Compre Rick Simpson Oil (RSO) a la venta Reino Unido, Europa Haga su pedido en l\u00ednea. Tenemos la m\u00e1s alta calidad de Rick Simpson Oil For Sale. Ofrecemos la f\u00f3rmula original de RSO con alto contenido de THC.","breadcrumb":{"@id":"https:\/\/medicinasinc.com\/es\/product\/comprar-rick-simpson-aceite\/#breadcrumb"},"inLanguage":"es","potentialAction":[{"@type":"ReadAction","target":["https:\/\/medicinasinc.com\/es\/product\/comprar-rick-simpson-aceite\/"]}]},{"@type":"ImageObject","inLanguage":"es","@id":"https:\/\/medicinasinc.com\/es\/product\/comprar-rick-simpson-aceite\/#primaryimage","url":"https:\/\/medicinasinc.com\/es\/wp-content\/uploads\/sites\/15\/2022\/02\/Buy-Rick-Simpson-Oil.jpg","contentUrl":"https:\/\/medicinasinc.com\/es\/wp-content\/uploads\/sites\/15\/2022\/02\/Buy-Rick-Simpson-Oil.jpg","width":1170,"height":658},{"@type":"BreadcrumbList","@id":"https:\/\/medicinasinc.com\/es\/product\/comprar-rick-simpson-aceite\/#breadcrumb","itemListElement":[{"@type":"ListItem","position":1,"name":"Tienda","item":"https:\/\/medicinasinc.com\/es\/tienda\/"},{"@type":"ListItem","position":2,"name":"Comprar aceite de Rick Simpson"}]},{"@type":"WebSite","@id":"https:\/\/medicinasinc.com\/es\/#website","url":"https:\/\/medicinasinc.com\/es\/","name":"Medicinas Inc","description":"Cl\u00ednica M\u00e9dica de Salud","potentialAction":[{"@type":"SearchAction","target":{"@type":"EntryPoint","urlTemplate":"https:\/\/medicinasinc.com\/es\/?s={search_term_string}"},"query-input":{"@type":"PropertyValueSpecification","valueRequired":true,"valueName":"search_term_string"}}],"inLanguage":"es"}]}},"_links":{"self":[{"href":"https:\/\/medicinasinc.com\/es\/wp-json\/wp\/v2\/product\/4412","targetHints":{"allow":["GET"]}}],"collection":[{"href":"https:\/\/medicinasinc.com\/es\/wp-json\/wp\/v2\/product"}],"about":[{"href":"https:\/\/medicinasinc.com\/es\/wp-json\/wp\/v2\/types\/product"}],"replies":[{"embeddable":true,"href":"https:\/\/medicinasinc.com\/es\/wp-json\/wp\/v2\/comments?post=4412"}],"wp:featuredmedia":[{"embeddable":true,"href":"https:\/\/medicinasinc.com\/es\/wp-json\/wp\/v2\/media\/4445"}],"wp:attachment":[{"href":"https:\/\/medicinasinc.com\/es\/wp-json\/wp\/v2\/media?parent=4412"}],"wp:term":[{"taxonomy":"product_brand","embeddable":true,"href":"https:\/\/medicinasinc.com\/es\/wp-json\/wp\/v2\/product_brand?post=4412"},{"taxonomy":"product_cat","embeddable":true,"href":"https:\/\/medicinasinc.com\/es\/wp-json\/wp\/v2\/product_cat?post=4412"},{"taxonomy":"product_tag","embeddable":true,"href":"https:\/\/medicinasinc.com\/es\/wp-json\/wp\/v2\/product_tag?post=4412"}],"curies":[{"name":"wp","href":"https:\/\/api.w.org\/{rel}","templated":true}]}}