{"id":4404,"date":"2022-02-20T08:55:28","date_gmt":"2022-02-20T08:55:28","guid":{"rendered":"https:\/\/medicinasinc.com\/es\/?post_type=product&#038;p=4404"},"modified":"2022-03-22T01:13:22","modified_gmt":"2022-03-22T01:13:22","slug":"comprar-pink-kush-thc-destilado-dabeast","status":"publish","type":"product","link":"https:\/\/medicinasinc.com\/es\/product\/comprar-pink-kush-thc-destilado-dabeast\/","title":{"rendered":"Comprar Pink Kush THC Destilado \u2013 Dabeast"},"content":{"rendered":"<p>Pink Kush THC destilado a la venta \u2013 Dabeast<\/p>\n<p>Pluma Sabre Vape con Pink Kush THC destilado \u2013 Dabeast<\/p>\n<p>1 x cigarrillo electr\u00f3nico Sabre<br \/> 1 x Pink Kush pre- c\u00e1psula llena<br \/> 1 cable micro USB Y\/O 1 c\u00e1psula precargada Pink Kush<\/p>\n<p>Inserte la c\u00e1psula en el Sabre Pen e inmediatamente comience a vapear. El efecto completo puede tardar hasta quince minutos en sentirse. Se recomiendan de dos a cuatro inhalaciones para pacientes que no han consumido durante un tiempo, pero hasta diez inhalaciones deber\u00edan ser suficientes para aquellos que consumen con m\u00e1s frecuencia.<\/p>\n<p>Kush Pink<br \/> Se desconoce el linaje gen\u00e9tico de Pink Kush: pero se cree que es un pariente del legendario OG Kush. Este h\u00edbrido \u00edndica dominante produce un fuerte subid\u00f3n f\u00edsico, lo que lo convierte en una de las cepas m\u00e1s medicinales disponibles. Pink Kush tiene un aroma dulce que recuerda a vainilla o caramelos azucarados, con matices de pino fresco. Pink Kush proporciona un subid\u00f3n duradero y centrado en el cuerpo que se acompa\u00f1a de efectos euf\u00f3ricos y estimulantes. En dosis altas, algunos usuarios pueden experimentar fuertes antojos, lo que convierte a Pink Kush en una variedad excelente para estimular la p\u00e9rdida de apetito. Pink Kush es un medicamento vers\u00e1til que se puede usar para tratar la depresi\u00f3n, la ansiedad, la inflamaci\u00f3n, el dolor cr\u00f3nico, las migra\u00f1as, los dolores de cabeza, el insomnio y la p\u00e9rdida de apetito.<\/p>\n","protected":false},"excerpt":{"rendered":"<p>Compre bol\u00edgrafos Pink Kush THC Distillate Sabre Vape para la venta en el Reino Unido, Europa y los Estados Unidos de Am\u00e9rica en el dispensario en l\u00ednea m\u00e1s grande del mundo, Buy My Weed Online.<\/p>\n<p>Comprar Jeringas destiladas Pink Kush THC Indica del sitio web de marihuana de pedido por correo n.\u00b0 1 m\u00e1s confiable &#8211; \u00a1Las mejores medicinas a base de hierbas con env\u00edo gratis! M\u00e1s de $150.<\/p>\n<p>&nbsp;<\/p>\n<ul>\n<li>Env\u00edo a todo el mundo<\/li>\n<li>La cantidad m\u00ednima de pedido es de 5 cartuchos<\/li>\n<li><strong>Cont\u00e1ctenos <\/strong>\u00a0para pedidos m\u00e1s grandes<\/li>\n<\/ul>\n","protected":false},"featured_media":4438,"comment_status":"open","ping_status":"closed","template":"","meta":[],"product_brand":[],"product_cat":[440],"product_tag":[],"class_list":{"0":"post-4404","1":"product","2":"type-product","3":"status-publish","4":"has-post-thumbnail","6":"product_cat-comprar-cannabis-cbd-oil","8":"first","9":"instock","10":"shipping-taxable","11":"purchasable","12":"product-type-simple"},"yoast_head":"<!-- This site is optimized with the Yoast SEO plugin v27.3 - https:\/\/yoast.com\/product\/yoast-seo-wordpress\/ -->\n<title>Comprar Pink Kush THC destilado - Dabeast - Best Global Meds<\/title>\n<meta name=\"description\" content=\"Compre Pink Kush THC Distillate Sabre Vape Pen para la venta en el Reino Unido, Europa- Dabeast en l\u00ednea EE. UU. Del dispensario en l\u00ednea m\u00e1s grande, Compre mi hierba en l\u00ednea.\" \/>\n<meta name=\"robots\" content=\"index, follow, max-snippet:-1, max-image-preview:large, max-video-preview:-1\" \/>\n<link rel=\"canonical\" href=\"https:\/\/medicinasinc.com\/es\/product\/comprar-pink-kush-thc-destilado-dabeast\/\" \/>\n<meta property=\"og:locale\" content=\"es_ES\" \/>\n<meta property=\"og:type\" content=\"article\" \/>\n<meta property=\"og:title\" content=\"Comprar Pink Kush THC destilado - Dabeast - Best Global Meds\" \/>\n<meta property=\"og:description\" content=\"Compre Pink Kush THC Distillate Sabre Vape Pen para la venta en el Reino Unido, Europa- Dabeast en l\u00ednea EE. UU. Del dispensario en l\u00ednea m\u00e1s grande, Compre mi hierba en l\u00ednea.\" \/>\n<meta property=\"og:url\" content=\"https:\/\/medicinasinc.com\/es\/product\/comprar-pink-kush-thc-destilado-dabeast\/\" \/>\n<meta property=\"og:site_name\" content=\"Medicinas Inc\" \/>\n<meta property=\"article:modified_time\" content=\"2022-03-22T01:13:22+00:00\" \/>\n<meta property=\"og:image\" content=\"https:\/\/medicinasinc.com\/es\/wp-content\/uploads\/sites\/15\/2022\/02\/Buy-Pink-Kush-THC-Distillate-\u2013-Dabeast.jpg\" \/>\n\t<meta property=\"og:image:width\" content=\"600\" \/>\n\t<meta property=\"og:image:height\" content=\"600\" \/>\n\t<meta property=\"og:image:type\" content=\"image\/jpeg\" \/>\n<meta name=\"twitter:card\" content=\"summary_large_image\" \/>\n<meta name=\"twitter:label1\" content=\"Tiempo de lectura\" \/>\n\t<meta name=\"twitter:data1\" content=\"1 minuto\" \/>\n<script type=\"application\/ld+json\" class=\"yoast-schema-graph\">{\"@context\":\"https:\\\/\\\/schema.org\",\"@graph\":[{\"@type\":\"WebPage\",\"@id\":\"https:\\\/\\\/medicinasinc.com\\\/es\\\/product\\\/comprar-pink-kush-thc-destilado-dabeast\\\/\",\"url\":\"https:\\\/\\\/medicinasinc.com\\\/es\\\/product\\\/comprar-pink-kush-thc-destilado-dabeast\\\/\",\"name\":\"Comprar Pink Kush THC destilado - Dabeast - Best Global Meds\",\"isPartOf\":{\"@id\":\"https:\\\/\\\/medicinasinc.com\\\/es\\\/#website\"},\"primaryImageOfPage\":{\"@id\":\"https:\\\/\\\/medicinasinc.com\\\/es\\\/product\\\/comprar-pink-kush-thc-destilado-dabeast\\\/#primaryimage\"},\"image\":{\"@id\":\"https:\\\/\\\/medicinasinc.com\\\/es\\\/product\\\/comprar-pink-kush-thc-destilado-dabeast\\\/#primaryimage\"},\"thumbnailUrl\":\"https:\\\/\\\/medicinasinc.com\\\/es\\\/wp-content\\\/uploads\\\/sites\\\/15\\\/2022\\\/02\\\/Buy-Pink-Kush-THC-Distillate-\u2013-Dabeast.jpg\",\"datePublished\":\"2022-02-20T08:55:28+00:00\",\"dateModified\":\"2022-03-22T01:13:22+00:00\",\"description\":\"Compre Pink Kush THC Distillate Sabre Vape Pen para la venta en el Reino Unido, Europa- Dabeast en l\u00ednea EE. UU. Del dispensario en l\u00ednea m\u00e1s grande, Compre mi hierba en l\u00ednea.\",\"breadcrumb\":{\"@id\":\"https:\\\/\\\/medicinasinc.com\\\/es\\\/product\\\/comprar-pink-kush-thc-destilado-dabeast\\\/#breadcrumb\"},\"inLanguage\":\"es\",\"potentialAction\":[{\"@type\":\"ReadAction\",\"target\":[\"https:\\\/\\\/medicinasinc.com\\\/es\\\/product\\\/comprar-pink-kush-thc-destilado-dabeast\\\/\"]}]},{\"@type\":\"ImageObject\",\"inLanguage\":\"es\",\"@id\":\"https:\\\/\\\/medicinasinc.com\\\/es\\\/product\\\/comprar-pink-kush-thc-destilado-dabeast\\\/#primaryimage\",\"url\":\"https:\\\/\\\/medicinasinc.com\\\/es\\\/wp-content\\\/uploads\\\/sites\\\/15\\\/2022\\\/02\\\/Buy-Pink-Kush-THC-Distillate-\u2013-Dabeast.jpg\",\"contentUrl\":\"https:\\\/\\\/medicinasinc.com\\\/es\\\/wp-content\\\/uploads\\\/sites\\\/15\\\/2022\\\/02\\\/Buy-Pink-Kush-THC-Distillate-\u2013-Dabeast.jpg\",\"width\":600,\"height\":600},{\"@type\":\"BreadcrumbList\",\"@id\":\"https:\\\/\\\/medicinasinc.com\\\/es\\\/product\\\/comprar-pink-kush-thc-destilado-dabeast\\\/#breadcrumb\",\"itemListElement\":[{\"@type\":\"ListItem\",\"position\":1,\"name\":\"Tienda\",\"item\":\"https:\\\/\\\/medicinasinc.com\\\/es\\\/tienda\\\/\"},{\"@type\":\"ListItem\",\"position\":2,\"name\":\"Comprar Pink Kush THC Destilado \u2013 Dabeast\"}]},{\"@type\":\"WebSite\",\"@id\":\"https:\\\/\\\/medicinasinc.com\\\/es\\\/#website\",\"url\":\"https:\\\/\\\/medicinasinc.com\\\/es\\\/\",\"name\":\"Medicinas Inc\",\"description\":\"Cl\u00ednica M\u00e9dica de Salud\",\"potentialAction\":[{\"@type\":\"SearchAction\",\"target\":{\"@type\":\"EntryPoint\",\"urlTemplate\":\"https:\\\/\\\/medicinasinc.com\\\/es\\\/?s={search_term_string}\"},\"query-input\":{\"@type\":\"PropertyValueSpecification\",\"valueRequired\":true,\"valueName\":\"search_term_string\"}}],\"inLanguage\":\"es\"}]}<\/script>\n<!-- \/ Yoast SEO plugin. -->","yoast_head_json":{"title":"Comprar Pink Kush THC destilado - Dabeast - Best Global Meds","description":"Compre Pink Kush THC Distillate Sabre Vape Pen para la venta en el Reino Unido, Europa- Dabeast en l\u00ednea EE. UU. Del dispensario en l\u00ednea m\u00e1s grande, Compre mi hierba en l\u00ednea.","robots":{"index":"index","follow":"follow","max-snippet":"max-snippet:-1","max-image-preview":"max-image-preview:large","max-video-preview":"max-video-preview:-1"},"canonical":"https:\/\/medicinasinc.com\/es\/product\/comprar-pink-kush-thc-destilado-dabeast\/","og_locale":"es_ES","og_type":"article","og_title":"Comprar Pink Kush THC destilado - Dabeast - Best Global Meds","og_description":"Compre Pink Kush THC Distillate Sabre Vape Pen para la venta en el Reino Unido, Europa- Dabeast en l\u00ednea EE. UU. Del dispensario en l\u00ednea m\u00e1s grande, Compre mi hierba en l\u00ednea.","og_url":"https:\/\/medicinasinc.com\/es\/product\/comprar-pink-kush-thc-destilado-dabeast\/","og_site_name":"Medicinas Inc","article_modified_time":"2022-03-22T01:13:22+00:00","og_image":[{"width":600,"height":600,"url":"https:\/\/medicinasinc.com\/es\/wp-content\/uploads\/sites\/15\/2022\/02\/Buy-Pink-Kush-THC-Distillate-\u2013-Dabeast.jpg","type":"image\/jpeg"}],"twitter_card":"summary_large_image","twitter_misc":{"Tiempo de lectura":"1 minuto"},"schema":{"@context":"https:\/\/schema.org","@graph":[{"@type":"WebPage","@id":"https:\/\/medicinasinc.com\/es\/product\/comprar-pink-kush-thc-destilado-dabeast\/","url":"https:\/\/medicinasinc.com\/es\/product\/comprar-pink-kush-thc-destilado-dabeast\/","name":"Comprar Pink Kush THC destilado - Dabeast - Best Global Meds","isPartOf":{"@id":"https:\/\/medicinasinc.com\/es\/#website"},"primaryImageOfPage":{"@id":"https:\/\/medicinasinc.com\/es\/product\/comprar-pink-kush-thc-destilado-dabeast\/#primaryimage"},"image":{"@id":"https:\/\/medicinasinc.com\/es\/product\/comprar-pink-kush-thc-destilado-dabeast\/#primaryimage"},"thumbnailUrl":"https:\/\/medicinasinc.com\/es\/wp-content\/uploads\/sites\/15\/2022\/02\/Buy-Pink-Kush-THC-Distillate-\u2013-Dabeast.jpg","datePublished":"2022-02-20T08:55:28+00:00","dateModified":"2022-03-22T01:13:22+00:00","description":"Compre Pink Kush THC Distillate Sabre Vape Pen para la venta en el Reino Unido, Europa- Dabeast en l\u00ednea EE. UU. Del dispensario en l\u00ednea m\u00e1s grande, Compre mi hierba en l\u00ednea.","breadcrumb":{"@id":"https:\/\/medicinasinc.com\/es\/product\/comprar-pink-kush-thc-destilado-dabeast\/#breadcrumb"},"inLanguage":"es","potentialAction":[{"@type":"ReadAction","target":["https:\/\/medicinasinc.com\/es\/product\/comprar-pink-kush-thc-destilado-dabeast\/"]}]},{"@type":"ImageObject","inLanguage":"es","@id":"https:\/\/medicinasinc.com\/es\/product\/comprar-pink-kush-thc-destilado-dabeast\/#primaryimage","url":"https:\/\/medicinasinc.com\/es\/wp-content\/uploads\/sites\/15\/2022\/02\/Buy-Pink-Kush-THC-Distillate-\u2013-Dabeast.jpg","contentUrl":"https:\/\/medicinasinc.com\/es\/wp-content\/uploads\/sites\/15\/2022\/02\/Buy-Pink-Kush-THC-Distillate-\u2013-Dabeast.jpg","width":600,"height":600},{"@type":"BreadcrumbList","@id":"https:\/\/medicinasinc.com\/es\/product\/comprar-pink-kush-thc-destilado-dabeast\/#breadcrumb","itemListElement":[{"@type":"ListItem","position":1,"name":"Tienda","item":"https:\/\/medicinasinc.com\/es\/tienda\/"},{"@type":"ListItem","position":2,"name":"Comprar Pink Kush THC Destilado \u2013 Dabeast"}]},{"@type":"WebSite","@id":"https:\/\/medicinasinc.com\/es\/#website","url":"https:\/\/medicinasinc.com\/es\/","name":"Medicinas Inc","description":"Cl\u00ednica M\u00e9dica de Salud","potentialAction":[{"@type":"SearchAction","target":{"@type":"EntryPoint","urlTemplate":"https:\/\/medicinasinc.com\/es\/?s={search_term_string}"},"query-input":{"@type":"PropertyValueSpecification","valueRequired":true,"valueName":"search_term_string"}}],"inLanguage":"es"}]}},"_links":{"self":[{"href":"https:\/\/medicinasinc.com\/es\/wp-json\/wp\/v2\/product\/4404","targetHints":{"allow":["GET"]}}],"collection":[{"href":"https:\/\/medicinasinc.com\/es\/wp-json\/wp\/v2\/product"}],"about":[{"href":"https:\/\/medicinasinc.com\/es\/wp-json\/wp\/v2\/types\/product"}],"replies":[{"embeddable":true,"href":"https:\/\/medicinasinc.com\/es\/wp-json\/wp\/v2\/comments?post=4404"}],"wp:featuredmedia":[{"embeddable":true,"href":"https:\/\/medicinasinc.com\/es\/wp-json\/wp\/v2\/media\/4438"}],"wp:attachment":[{"href":"https:\/\/medicinasinc.com\/es\/wp-json\/wp\/v2\/media?parent=4404"}],"wp:term":[{"taxonomy":"product_brand","embeddable":true,"href":"https:\/\/medicinasinc.com\/es\/wp-json\/wp\/v2\/product_brand?post=4404"},{"taxonomy":"product_cat","embeddable":true,"href":"https:\/\/medicinasinc.com\/es\/wp-json\/wp\/v2\/product_cat?post=4404"},{"taxonomy":"product_tag","embeddable":true,"href":"https:\/\/medicinasinc.com\/es\/wp-json\/wp\/v2\/product_tag?post=4404"}],"curies":[{"name":"wp","href":"https:\/\/api.w.org\/{rel}","templated":true}]}}