{"id":4390,"date":"2022-02-20T08:47:42","date_gmt":"2022-02-20T08:47:42","guid":{"rendered":"https:\/\/medicinasinc.com\/es\/?post_type=product&#038;p=4390"},"modified":"2022-03-22T01:13:43","modified_gmt":"2022-03-22T01:13:43","slug":"comprar-lemon-haze-co2-1g-vape-cartucho","status":"publish","type":"product","link":"https:\/\/medicinasinc.com\/es\/product\/comprar-lemon-haze-co2-1g-vape-cartucho\/","title":{"rendered":"Comprar Cartucho de vaporizador Lemon Haze CO2 1g"},"content":{"rendered":"<p>Venta de cartucho de vaporizador Lemon Haze CO2 1g.<\/p>\n<p>Venta de cartucho de vaporizador Lemon Haze CO2 1g.<\/p>\n<p>Venta de cartuchos de vaporizador Lemon Haze CO2. Por Pure, nos esforzamos por proporcionar el aceite m\u00e1s puro, seguro y consistente disponible. Nuestros sabores est\u00e1n hechos completamente de terpenos de frutas naturales. 1 gramo de aceite de cannabis sin adulterar<br \/> Lemon Skunk Super Silver Haze de Green House Seeds es un h\u00edbrido Sativa dominante de Lemon Skunk y Super Silver Haze que ha ganado dos Cannabis Cups. La Super Lemon Haze es una maravilla multicolor cubierta de kief. Como su nombre lo indica, esta variedad exhibe caracter\u00edsticas distintivas a lim\u00f3n. El aroma es c\u00edtrico, picante y ligeramente dulce. El sabor es exactamente lo que uno esperar\u00eda del hom\u00f3nimo; \u00e1cido y dulce, similar a los caramelos Lemonheads, aunque no tan fuerte como cabr\u00eda esperar.<\/p>\n<p>Contenido de THC: 65,22 % Contenido de CBD: 2,86 %<\/p>\n","protected":false},"excerpt":{"rendered":"<p>Cartucho de vaporizador de Co2 Super Lemon Haze<\/p>\n<p>Compre la cepa de cartucho de vaporizador de aceite de cannabis Super Lemon Haze en el Reino Unido y Europa. M\u00e9todo de extracci\u00f3n de SativaOil: CO2 subcr\u00edtico. Cartucho de vaporizador para aceite de cannabis Super Lemon Haze.<\/p>\n<p>Uno de los mejores cartuchos de vaporizador de Co2 del mercado es el Super Lemon Haze. M\u00e1s espec\u00edficamente, el aroma es picante, c\u00edtrico y ligeramente dulce. El sabor es agrio y dulce, que recuerda a los caramelos de cabeza de lim\u00f3n. Los cartuchos de vaporizador de CO2 X-trates contienen solo aceite de cannabis puro que contiene un amplio espectro de cannabinoides y terpenos org\u00e1nicos. Adem\u00e1s, hay disponibles cartuchos de 1 g y 0,5 ml.<\/p>\n<p>El precio del producto es el siguiente: por cartucho de 1 g<br \/> Se requiere un pedido m\u00ednimo de 5 cartuchos.<\/p>\n","protected":false},"featured_media":4423,"comment_status":"open","ping_status":"closed","template":"","meta":[],"product_brand":[],"product_cat":[440],"product_tag":[485,483,482,481,486,488,484,487],"class_list":{"0":"post-4390","1":"product","2":"type-product","3":"status-publish","4":"has-post-thumbnail","6":"product_cat-comprar-cannabis-cbd-oil","7":"product_tag-super-limn-haze-cartucho-de-aceite","8":"product_tag-super-limon-haze-co2-vape-cartucho","9":"product_tag-super-limon-haze-cartucho","10":"product_tag-cartuchos-de-vape-precargados-europa-etiquetas-super-lemon-haze-allbud","11":"product_tag-super-limon-haze-precio","12":"product_tag-super-lemon-haze-rendimiento-descripcin-revisiones-0","13":"product_tag-super-lemon-haze-kingpen","14":"product_tag-super-limon-haze-semillas","16":"first","17":"instock","18":"shipping-taxable","19":"purchasable","20":"product-type-variable","21":"has-default-attributes"},"yoast_head":"<!-- This site is optimized with the Yoast SEO plugin v27.3 - https:\/\/yoast.com\/product\/yoast-seo-wordpress\/ -->\n<title>Comprar cartucho de vaporizador de CO2 Lemon Haze - Best Global Meds<\/title>\n<meta name=\"description\" content=\"Comprar Super Lemon Haze Cannabis Oil Vape Cartucho Strain para la venta Reino Unido, Europa. M\u00e9todo de extracci\u00f3n de SativaOil: CO2 subcr\u00edtico. Cartucho de vaporizador de aceite de cannabis Super Lemon Haze.\" \/>\n<meta name=\"robots\" content=\"index, follow, max-snippet:-1, max-image-preview:large, max-video-preview:-1\" \/>\n<link rel=\"canonical\" href=\"https:\/\/medicinasinc.com\/es\/product\/comprar-lemon-haze-co2-1g-vape-cartucho\/\" \/>\n<meta property=\"og:locale\" content=\"es_ES\" \/>\n<meta property=\"og:type\" content=\"article\" \/>\n<meta property=\"og:title\" content=\"Comprar cartucho de vaporizador de CO2 Lemon Haze - Best Global Meds\" \/>\n<meta property=\"og:description\" content=\"Comprar Super Lemon Haze Cannabis Oil Vape Cartucho Strain para la venta Reino Unido, Europa. M\u00e9todo de extracci\u00f3n de SativaOil: CO2 subcr\u00edtico. Cartucho de vaporizador de aceite de cannabis Super Lemon Haze.\" \/>\n<meta property=\"og:url\" content=\"https:\/\/medicinasinc.com\/es\/product\/comprar-lemon-haze-co2-1g-vape-cartucho\/\" \/>\n<meta property=\"og:site_name\" content=\"Medicinas Inc\" \/>\n<meta property=\"article:modified_time\" content=\"2022-03-22T01:13:43+00:00\" \/>\n<meta property=\"og:image\" content=\"https:\/\/medicinasinc.com\/es\/wp-content\/uploads\/sites\/15\/2022\/02\/Buy-High-THC-Cannabis-Oil-1g-cartridge-online.jpg\" \/>\n\t<meta property=\"og:image:width\" content=\"600\" \/>\n\t<meta property=\"og:image:height\" content=\"600\" \/>\n\t<meta property=\"og:image:type\" content=\"image\/jpeg\" \/>\n<meta name=\"twitter:card\" content=\"summary_large_image\" \/>\n<meta name=\"twitter:label1\" content=\"Tiempo de lectura\" \/>\n\t<meta name=\"twitter:data1\" content=\"1 minuto\" \/>\n<script type=\"application\/ld+json\" class=\"yoast-schema-graph\">{\"@context\":\"https:\\\/\\\/schema.org\",\"@graph\":[{\"@type\":\"WebPage\",\"@id\":\"https:\\\/\\\/medicinasinc.com\\\/es\\\/product\\\/comprar-lemon-haze-co2-1g-vape-cartucho\\\/\",\"url\":\"https:\\\/\\\/medicinasinc.com\\\/es\\\/product\\\/comprar-lemon-haze-co2-1g-vape-cartucho\\\/\",\"name\":\"Comprar cartucho de vaporizador de CO2 Lemon Haze - Best Global Meds\",\"isPartOf\":{\"@id\":\"https:\\\/\\\/medicinasinc.com\\\/es\\\/#website\"},\"primaryImageOfPage\":{\"@id\":\"https:\\\/\\\/medicinasinc.com\\\/es\\\/product\\\/comprar-lemon-haze-co2-1g-vape-cartucho\\\/#primaryimage\"},\"image\":{\"@id\":\"https:\\\/\\\/medicinasinc.com\\\/es\\\/product\\\/comprar-lemon-haze-co2-1g-vape-cartucho\\\/#primaryimage\"},\"thumbnailUrl\":\"https:\\\/\\\/medicinasinc.com\\\/es\\\/wp-content\\\/uploads\\\/sites\\\/15\\\/2022\\\/02\\\/Buy-High-THC-Cannabis-Oil-1g-cartridge-online.jpg\",\"datePublished\":\"2022-02-20T08:47:42+00:00\",\"dateModified\":\"2022-03-22T01:13:43+00:00\",\"description\":\"Comprar Super Lemon Haze Cannabis Oil Vape Cartucho Strain para la venta Reino Unido, Europa. M\u00e9todo de extracci\u00f3n de SativaOil: CO2 subcr\u00edtico. Cartucho de vaporizador de aceite de cannabis Super Lemon Haze.\",\"breadcrumb\":{\"@id\":\"https:\\\/\\\/medicinasinc.com\\\/es\\\/product\\\/comprar-lemon-haze-co2-1g-vape-cartucho\\\/#breadcrumb\"},\"inLanguage\":\"es\",\"potentialAction\":[{\"@type\":\"ReadAction\",\"target\":[\"https:\\\/\\\/medicinasinc.com\\\/es\\\/product\\\/comprar-lemon-haze-co2-1g-vape-cartucho\\\/\"]}]},{\"@type\":\"ImageObject\",\"inLanguage\":\"es\",\"@id\":\"https:\\\/\\\/medicinasinc.com\\\/es\\\/product\\\/comprar-lemon-haze-co2-1g-vape-cartucho\\\/#primaryimage\",\"url\":\"https:\\\/\\\/medicinasinc.com\\\/es\\\/wp-content\\\/uploads\\\/sites\\\/15\\\/2022\\\/02\\\/Buy-High-THC-Cannabis-Oil-1g-cartridge-online.jpg\",\"contentUrl\":\"https:\\\/\\\/medicinasinc.com\\\/es\\\/wp-content\\\/uploads\\\/sites\\\/15\\\/2022\\\/02\\\/Buy-High-THC-Cannabis-Oil-1g-cartridge-online.jpg\",\"width\":600,\"height\":600},{\"@type\":\"BreadcrumbList\",\"@id\":\"https:\\\/\\\/medicinasinc.com\\\/es\\\/product\\\/comprar-lemon-haze-co2-1g-vape-cartucho\\\/#breadcrumb\",\"itemListElement\":[{\"@type\":\"ListItem\",\"position\":1,\"name\":\"Tienda\",\"item\":\"https:\\\/\\\/medicinasinc.com\\\/es\\\/tienda\\\/\"},{\"@type\":\"ListItem\",\"position\":2,\"name\":\"Comprar Cartucho de vaporizador Lemon Haze CO2 1g\"}]},{\"@type\":\"WebSite\",\"@id\":\"https:\\\/\\\/medicinasinc.com\\\/es\\\/#website\",\"url\":\"https:\\\/\\\/medicinasinc.com\\\/es\\\/\",\"name\":\"Medicinas Inc\",\"description\":\"Cl\u00ednica M\u00e9dica de Salud\",\"potentialAction\":[{\"@type\":\"SearchAction\",\"target\":{\"@type\":\"EntryPoint\",\"urlTemplate\":\"https:\\\/\\\/medicinasinc.com\\\/es\\\/?s={search_term_string}\"},\"query-input\":{\"@type\":\"PropertyValueSpecification\",\"valueRequired\":true,\"valueName\":\"search_term_string\"}}],\"inLanguage\":\"es\"}]}<\/script>\n<!-- \/ Yoast SEO plugin. -->","yoast_head_json":{"title":"Comprar cartucho de vaporizador de CO2 Lemon Haze - Best Global Meds","description":"Comprar Super Lemon Haze Cannabis Oil Vape Cartucho Strain para la venta Reino Unido, Europa. M\u00e9todo de extracci\u00f3n de SativaOil: CO2 subcr\u00edtico. Cartucho de vaporizador de aceite de cannabis Super Lemon Haze.","robots":{"index":"index","follow":"follow","max-snippet":"max-snippet:-1","max-image-preview":"max-image-preview:large","max-video-preview":"max-video-preview:-1"},"canonical":"https:\/\/medicinasinc.com\/es\/product\/comprar-lemon-haze-co2-1g-vape-cartucho\/","og_locale":"es_ES","og_type":"article","og_title":"Comprar cartucho de vaporizador de CO2 Lemon Haze - Best Global Meds","og_description":"Comprar Super Lemon Haze Cannabis Oil Vape Cartucho Strain para la venta Reino Unido, Europa. M\u00e9todo de extracci\u00f3n de SativaOil: CO2 subcr\u00edtico. Cartucho de vaporizador de aceite de cannabis Super Lemon Haze.","og_url":"https:\/\/medicinasinc.com\/es\/product\/comprar-lemon-haze-co2-1g-vape-cartucho\/","og_site_name":"Medicinas Inc","article_modified_time":"2022-03-22T01:13:43+00:00","og_image":[{"width":600,"height":600,"url":"https:\/\/medicinasinc.com\/es\/wp-content\/uploads\/sites\/15\/2022\/02\/Buy-High-THC-Cannabis-Oil-1g-cartridge-online.jpg","type":"image\/jpeg"}],"twitter_card":"summary_large_image","twitter_misc":{"Tiempo de lectura":"1 minuto"},"schema":{"@context":"https:\/\/schema.org","@graph":[{"@type":"WebPage","@id":"https:\/\/medicinasinc.com\/es\/product\/comprar-lemon-haze-co2-1g-vape-cartucho\/","url":"https:\/\/medicinasinc.com\/es\/product\/comprar-lemon-haze-co2-1g-vape-cartucho\/","name":"Comprar cartucho de vaporizador de CO2 Lemon Haze - Best Global Meds","isPartOf":{"@id":"https:\/\/medicinasinc.com\/es\/#website"},"primaryImageOfPage":{"@id":"https:\/\/medicinasinc.com\/es\/product\/comprar-lemon-haze-co2-1g-vape-cartucho\/#primaryimage"},"image":{"@id":"https:\/\/medicinasinc.com\/es\/product\/comprar-lemon-haze-co2-1g-vape-cartucho\/#primaryimage"},"thumbnailUrl":"https:\/\/medicinasinc.com\/es\/wp-content\/uploads\/sites\/15\/2022\/02\/Buy-High-THC-Cannabis-Oil-1g-cartridge-online.jpg","datePublished":"2022-02-20T08:47:42+00:00","dateModified":"2022-03-22T01:13:43+00:00","description":"Comprar Super Lemon Haze Cannabis Oil Vape Cartucho Strain para la venta Reino Unido, Europa. M\u00e9todo de extracci\u00f3n de SativaOil: CO2 subcr\u00edtico. Cartucho de vaporizador de aceite de cannabis Super Lemon Haze.","breadcrumb":{"@id":"https:\/\/medicinasinc.com\/es\/product\/comprar-lemon-haze-co2-1g-vape-cartucho\/#breadcrumb"},"inLanguage":"es","potentialAction":[{"@type":"ReadAction","target":["https:\/\/medicinasinc.com\/es\/product\/comprar-lemon-haze-co2-1g-vape-cartucho\/"]}]},{"@type":"ImageObject","inLanguage":"es","@id":"https:\/\/medicinasinc.com\/es\/product\/comprar-lemon-haze-co2-1g-vape-cartucho\/#primaryimage","url":"https:\/\/medicinasinc.com\/es\/wp-content\/uploads\/sites\/15\/2022\/02\/Buy-High-THC-Cannabis-Oil-1g-cartridge-online.jpg","contentUrl":"https:\/\/medicinasinc.com\/es\/wp-content\/uploads\/sites\/15\/2022\/02\/Buy-High-THC-Cannabis-Oil-1g-cartridge-online.jpg","width":600,"height":600},{"@type":"BreadcrumbList","@id":"https:\/\/medicinasinc.com\/es\/product\/comprar-lemon-haze-co2-1g-vape-cartucho\/#breadcrumb","itemListElement":[{"@type":"ListItem","position":1,"name":"Tienda","item":"https:\/\/medicinasinc.com\/es\/tienda\/"},{"@type":"ListItem","position":2,"name":"Comprar Cartucho de vaporizador Lemon Haze CO2 1g"}]},{"@type":"WebSite","@id":"https:\/\/medicinasinc.com\/es\/#website","url":"https:\/\/medicinasinc.com\/es\/","name":"Medicinas Inc","description":"Cl\u00ednica M\u00e9dica de Salud","potentialAction":[{"@type":"SearchAction","target":{"@type":"EntryPoint","urlTemplate":"https:\/\/medicinasinc.com\/es\/?s={search_term_string}"},"query-input":{"@type":"PropertyValueSpecification","valueRequired":true,"valueName":"search_term_string"}}],"inLanguage":"es"}]}},"_links":{"self":[{"href":"https:\/\/medicinasinc.com\/es\/wp-json\/wp\/v2\/product\/4390","targetHints":{"allow":["GET"]}}],"collection":[{"href":"https:\/\/medicinasinc.com\/es\/wp-json\/wp\/v2\/product"}],"about":[{"href":"https:\/\/medicinasinc.com\/es\/wp-json\/wp\/v2\/types\/product"}],"replies":[{"embeddable":true,"href":"https:\/\/medicinasinc.com\/es\/wp-json\/wp\/v2\/comments?post=4390"}],"wp:featuredmedia":[{"embeddable":true,"href":"https:\/\/medicinasinc.com\/es\/wp-json\/wp\/v2\/media\/4423"}],"wp:attachment":[{"href":"https:\/\/medicinasinc.com\/es\/wp-json\/wp\/v2\/media?parent=4390"}],"wp:term":[{"taxonomy":"product_brand","embeddable":true,"href":"https:\/\/medicinasinc.com\/es\/wp-json\/wp\/v2\/product_brand?post=4390"},{"taxonomy":"product_cat","embeddable":true,"href":"https:\/\/medicinasinc.com\/es\/wp-json\/wp\/v2\/product_cat?post=4390"},{"taxonomy":"product_tag","embeddable":true,"href":"https:\/\/medicinasinc.com\/es\/wp-json\/wp\/v2\/product_tag?post=4390"}],"curies":[{"name":"wp","href":"https:\/\/api.w.org\/{rel}","templated":true}]}}