{"id":4388,"date":"2022-02-20T08:46:53","date_gmt":"2022-02-20T08:46:53","guid":{"rendered":"https:\/\/medicinasinc.com\/es\/?post_type=product&#038;p=4388"},"modified":"2022-03-22T01:13:53","modified_gmt":"2022-03-22T01:13:53","slug":"comprar-cartucho-de-aceite-de-cannabis-alto-en-thc-1g-online","status":"publish","type":"product","link":"https:\/\/medicinasinc.com\/es\/product\/comprar-cartucho-de-aceite-de-cannabis-alto-en-thc-1g-online\/","title":{"rendered":"Comprar cartucho de 1 g de aceite de cannabis con alto contenido de THC en l\u00ednea"},"content":{"rendered":"<p>Compre un cartucho de 1 g de aceite de cannabis con alto contenido de THC en l\u00ednea.<\/p>\n<p>En lugar de mezclar nuestro cannabis, ofrecemos cartuchos en 18 cepas distintas. No utilizamos ning\u00fan aditivo. Nuestro cannabis se cultiva naturalmente en la regi\u00f3n de cannabis premium del norte de California y luego se extrae limpiamente usando un m\u00e9todo de CO2 supercr\u00edtico patentado.<\/p>\n<p>Aceite de cannabis para uso m\u00e9dico. H\u00edbrido, Sativa e Indica<\/p>\n<p>Los beneficios m\u00e9dicos del aceite de cannabis<br \/> Protecci\u00f3n del sistema inmunol\u00f3gico Aumenta significativamente sus posibilidades de remisi\u00f3n<br \/> Ayuda a estabilizar y erradicar el dolor agudo o cr\u00f3nico<br \/> Elimina protocolos farmac\u00e9uticos potencialmente da\u00f1inos<br \/> Reduce o elimina el crecimiento de c\u00e9lulas malignas. Reduce o elimina las n\u00e1useas.<\/p>\n<p>Hist\u00f3ricamente, el cannabis ha contenido concentraciones de THC de entre el 12 y el 21 %.<\/p>\n<p>Las concentraciones de CBD en la mayor\u00eda de las plantas de cannabis oscilan entre el 0,1 y el 0,3 por ciento. Sin embargo, ahora hay disponibles cepas de cannabis con mayor contenido de CBD, lo que hace que los aceites de cannabis ricos en CBD sean m\u00e1s accesibles. Estos aceites de Cannabis est\u00e1n disponibles para su compra y se pueden pedir de forma segura en l\u00ednea con nosotros. aceite de hach\u00eds a la venta en l\u00ednea, c\u00f3mo comprar aceite de hach\u00eds en l\u00ednea, aceite con alto contenido de thc a la venta, pedir aceite de hach\u00eds en l\u00ednea, comprar aceite de hach\u00eds en l\u00ednea, cartucho de aceite de hach\u00eds a la venta, d\u00f3nde puedo comprar aceite de thc en l\u00ednea, aceite de hach\u00eds a la venta, hach\u00eds cartuchos de aceite a la venta en l\u00ednea, d\u00f3nde comprar aceite de thc en l\u00ednea, comprar cartuchos de aceite de hach\u00eds en l\u00ednea<\/p>\n<p>Adem\u00e1s, los aceites ricos en CBD son los preferidos para afecciones como la epilepsia, la ansiedad, el estr\u00e9s y las n\u00e1useas. Los aceites de CBD tambi\u00e9n lo ayudar\u00e1n a relajarse y ayudar\u00e1n en el tratamiento del insomnio, los dolores de cabeza por tensi\u00f3n, los trastornos del estado de \u00e1nimo y el trastorno por d\u00e9ficit de atenci\u00f3n.<\/p>\n<p>Antes de comprar hach\u00eds en l\u00ednea, es fundamental comprender el efecto, c\u00f3mo se relaciona al cannabis, y lo que lo diferencia de otros productos de marihuana. Hach\u00eds, otro t\u00e9rmino para \u00abhach\u00eds\u00bb en el estado, es un concentrado de cannabis que se transmite a trav\u00e9s de la brea de una planta de marihuana. Esto se logra separando los \u00f3rganos de savia de una planta de cannabis, que se denominan colectivamente tricomas, de sus flores. Se sabe que estos tricomas contienen las concentraciones m\u00e1s altas de cannabinoides y terpenos, que son los compuestos qu\u00edmicos responsables de las propiedades y caracter\u00edsticas \u00fanicas de Maryjane. Debido a la alta concentraci\u00f3n de cannabinoides y terpenos en el hach\u00eds, posee una capacidad extraordinaria para crear encuentros psicoactivos y medicinales alucinantes para los clientes de cannabis. El aceite de hach\u00eds es una forma altamente concentrada de cannabis que se puede fumar, vaporizar, consumir o frotar sobre la piel. Ocasionalmente, el uso de aceite de hach\u00eds se denomina \u00abalcanzar\u00bb o \u00abconsumir\u00bb. El aceite de hach\u00eds se deriva de las plantas de cannabis y contiene THC (delta-9-tetrahidrocannabinol), el mismo compuesto revolucionario que se encuentra en otros productos Maryjane. No obstante, el aceite de hach\u00eds es m\u00e1s potente y contiene hasta un 90 % de THC puro. Naturalmente, en otras partes de la planta de cannabis, el contenido de THC suele rondar el 12 %. La extracci\u00f3n de CO2 confiable es actualmente el m\u00e9todo m\u00e1s efectivo para extraer aceite de THC. Adem\u00e1s, es el m\u00e9todo m\u00e1s com\u00fan y seguro para producir camiones de aceite, destilado y chicle vivo de cannabis. La raz\u00f3n por la que es tan frecuente en estos d\u00edas es que este aceite de THC no contiene solventes adicionales como licor o butano. La mayor\u00eda de los aceites de THC contienen un tipo de preparaci\u00f3n decreciente. Esto es necesario para garantizar que el aceite mantenga una consistencia ideal para vapear. Los especialistas en disminuci\u00f3n m\u00e1s notables son la glicerina vegetal y el propilenglicol (VG y PG), que se encuentran com\u00fanmente en el e-l\u00edquido est\u00e1ndar. Algunos contienen varios rellenos como PEG y, m\u00e1s recientemente, TEC Temper, que es otra condici\u00f3n derivada de los terpenos naturales. El aceite de hach\u00eds est\u00e1 disponible para su compra.<\/p>\n","protected":false},"excerpt":{"rendered":"<p>Comprar aceite de marihuana con alto contenido de THC a la venta en el Reino Unido, Europa en l\u00ednea. Compre aceite de cannabis thc 100% puro para la venta en EE. UU. Aceite de cannabis de espectro completo. Aceite de THC para el c\u00e1ncer a la venta. Potencia: 85% THC &amp; 15% CBD<\/p>\n<p>El precio del producto es: por 5 cartuchos<\/p>\n<p>La cantidad m\u00ednima de pedido es: 5 cartuchos<\/p>\n","protected":false},"featured_media":4423,"comment_status":"open","ping_status":"closed","template":"","meta":[],"product_brand":[],"product_cat":[440],"product_tag":[],"class_list":{"0":"post-4388","1":"product","2":"type-product","3":"status-publish","4":"has-post-thumbnail","6":"product_cat-comprar-cannabis-cbd-oil","8":"first","9":"instock","10":"shipping-taxable","11":"purchasable","12":"product-type-variable","13":"has-default-attributes"},"yoast_head":"<!-- This site is optimized with the Yoast SEO plugin v27.3 - https:\/\/yoast.com\/product\/yoast-seo-wordpress\/ -->\n<title>Comprar cartucho de 1 g de aceite de cannabis con alto contenido de THC en l\u00ednea - Best Global Meds<\/title>\n<meta name=\"description\" content=\"Compre aceite de marihuana con alto contenido de THC a la venta en el Reino Unido, Europa en l\u00ednea. Compre aceite de cannabis thc 100% puro para la venta en EE. UU. Aceite de cannabis de espectro completo. Aceite de THC para el c\u00e1ncer a la venta. Potencia: 85% THC &amp; 15% CDB\" \/>\n<meta name=\"robots\" content=\"index, follow, max-snippet:-1, max-image-preview:large, max-video-preview:-1\" \/>\n<link rel=\"canonical\" href=\"https:\/\/medicinasinc.com\/es\/product\/comprar-cartucho-de-aceite-de-cannabis-alto-en-thc-1g-online\/\" \/>\n<meta property=\"og:locale\" content=\"es_ES\" \/>\n<meta property=\"og:type\" content=\"article\" \/>\n<meta property=\"og:title\" content=\"Comprar cartucho de 1 g de aceite de cannabis con alto contenido de THC en l\u00ednea - Best Global Meds\" \/>\n<meta property=\"og:description\" content=\"Compre aceite de marihuana con alto contenido de THC a la venta en el Reino Unido, Europa en l\u00ednea. Compre aceite de cannabis thc 100% puro para la venta en EE. UU. Aceite de cannabis de espectro completo. Aceite de THC para el c\u00e1ncer a la venta. Potencia: 85% THC &amp; 15% CDB\" \/>\n<meta property=\"og:url\" content=\"https:\/\/medicinasinc.com\/es\/product\/comprar-cartucho-de-aceite-de-cannabis-alto-en-thc-1g-online\/\" \/>\n<meta property=\"og:site_name\" content=\"Medicinas Inc\" \/>\n<meta property=\"article:modified_time\" content=\"2022-03-22T01:13:53+00:00\" \/>\n<meta property=\"og:image\" content=\"https:\/\/medicinasinc.com\/es\/wp-content\/uploads\/sites\/15\/2022\/02\/Buy-High-THC-Cannabis-Oil-1g-cartridge-online.jpg\" \/>\n\t<meta property=\"og:image:width\" content=\"600\" \/>\n\t<meta property=\"og:image:height\" content=\"600\" \/>\n\t<meta property=\"og:image:type\" content=\"image\/jpeg\" \/>\n<meta name=\"twitter:card\" content=\"summary_large_image\" \/>\n<meta name=\"twitter:label1\" content=\"Tiempo de lectura\" \/>\n\t<meta name=\"twitter:data1\" content=\"3 minutos\" \/>\n<script type=\"application\/ld+json\" class=\"yoast-schema-graph\">{\"@context\":\"https:\\\/\\\/schema.org\",\"@graph\":[{\"@type\":\"WebPage\",\"@id\":\"https:\\\/\\\/medicinasinc.com\\\/es\\\/product\\\/comprar-cartucho-de-aceite-de-cannabis-alto-en-thc-1g-online\\\/\",\"url\":\"https:\\\/\\\/medicinasinc.com\\\/es\\\/product\\\/comprar-cartucho-de-aceite-de-cannabis-alto-en-thc-1g-online\\\/\",\"name\":\"Comprar cartucho de 1 g de aceite de cannabis con alto contenido de THC en l\u00ednea - Best Global Meds\",\"isPartOf\":{\"@id\":\"https:\\\/\\\/medicinasinc.com\\\/es\\\/#website\"},\"primaryImageOfPage\":{\"@id\":\"https:\\\/\\\/medicinasinc.com\\\/es\\\/product\\\/comprar-cartucho-de-aceite-de-cannabis-alto-en-thc-1g-online\\\/#primaryimage\"},\"image\":{\"@id\":\"https:\\\/\\\/medicinasinc.com\\\/es\\\/product\\\/comprar-cartucho-de-aceite-de-cannabis-alto-en-thc-1g-online\\\/#primaryimage\"},\"thumbnailUrl\":\"https:\\\/\\\/medicinasinc.com\\\/es\\\/wp-content\\\/uploads\\\/sites\\\/15\\\/2022\\\/02\\\/Buy-High-THC-Cannabis-Oil-1g-cartridge-online.jpg\",\"datePublished\":\"2022-02-20T08:46:53+00:00\",\"dateModified\":\"2022-03-22T01:13:53+00:00\",\"description\":\"Compre aceite de marihuana con alto contenido de THC a la venta en el Reino Unido, Europa en l\u00ednea. Compre aceite de cannabis thc 100% puro para la venta en EE. UU. Aceite de cannabis de espectro completo. Aceite de THC para el c\u00e1ncer a la venta. Potencia: 85% THC &amp; 15% CDB\",\"breadcrumb\":{\"@id\":\"https:\\\/\\\/medicinasinc.com\\\/es\\\/product\\\/comprar-cartucho-de-aceite-de-cannabis-alto-en-thc-1g-online\\\/#breadcrumb\"},\"inLanguage\":\"es\",\"potentialAction\":[{\"@type\":\"ReadAction\",\"target\":[\"https:\\\/\\\/medicinasinc.com\\\/es\\\/product\\\/comprar-cartucho-de-aceite-de-cannabis-alto-en-thc-1g-online\\\/\"]}]},{\"@type\":\"ImageObject\",\"inLanguage\":\"es\",\"@id\":\"https:\\\/\\\/medicinasinc.com\\\/es\\\/product\\\/comprar-cartucho-de-aceite-de-cannabis-alto-en-thc-1g-online\\\/#primaryimage\",\"url\":\"https:\\\/\\\/medicinasinc.com\\\/es\\\/wp-content\\\/uploads\\\/sites\\\/15\\\/2022\\\/02\\\/Buy-High-THC-Cannabis-Oil-1g-cartridge-online.jpg\",\"contentUrl\":\"https:\\\/\\\/medicinasinc.com\\\/es\\\/wp-content\\\/uploads\\\/sites\\\/15\\\/2022\\\/02\\\/Buy-High-THC-Cannabis-Oil-1g-cartridge-online.jpg\",\"width\":600,\"height\":600},{\"@type\":\"BreadcrumbList\",\"@id\":\"https:\\\/\\\/medicinasinc.com\\\/es\\\/product\\\/comprar-cartucho-de-aceite-de-cannabis-alto-en-thc-1g-online\\\/#breadcrumb\",\"itemListElement\":[{\"@type\":\"ListItem\",\"position\":1,\"name\":\"Tienda\",\"item\":\"https:\\\/\\\/medicinasinc.com\\\/es\\\/tienda\\\/\"},{\"@type\":\"ListItem\",\"position\":2,\"name\":\"Comprar cartucho de 1 g de aceite de cannabis con alto contenido de THC en l\u00ednea\"}]},{\"@type\":\"WebSite\",\"@id\":\"https:\\\/\\\/medicinasinc.com\\\/es\\\/#website\",\"url\":\"https:\\\/\\\/medicinasinc.com\\\/es\\\/\",\"name\":\"Medicinas Inc\",\"description\":\"Cl\u00ednica M\u00e9dica de Salud\",\"potentialAction\":[{\"@type\":\"SearchAction\",\"target\":{\"@type\":\"EntryPoint\",\"urlTemplate\":\"https:\\\/\\\/medicinasinc.com\\\/es\\\/?s={search_term_string}\"},\"query-input\":{\"@type\":\"PropertyValueSpecification\",\"valueRequired\":true,\"valueName\":\"search_term_string\"}}],\"inLanguage\":\"es\"}]}<\/script>\n<!-- \/ Yoast SEO plugin. -->","yoast_head_json":{"title":"Comprar cartucho de 1 g de aceite de cannabis con alto contenido de THC en l\u00ednea - Best Global Meds","description":"Compre aceite de marihuana con alto contenido de THC a la venta en el Reino Unido, Europa en l\u00ednea. Compre aceite de cannabis thc 100% puro para la venta en EE. UU. Aceite de cannabis de espectro completo. Aceite de THC para el c\u00e1ncer a la venta. Potencia: 85% THC &amp; 15% CDB","robots":{"index":"index","follow":"follow","max-snippet":"max-snippet:-1","max-image-preview":"max-image-preview:large","max-video-preview":"max-video-preview:-1"},"canonical":"https:\/\/medicinasinc.com\/es\/product\/comprar-cartucho-de-aceite-de-cannabis-alto-en-thc-1g-online\/","og_locale":"es_ES","og_type":"article","og_title":"Comprar cartucho de 1 g de aceite de cannabis con alto contenido de THC en l\u00ednea - Best Global Meds","og_description":"Compre aceite de marihuana con alto contenido de THC a la venta en el Reino Unido, Europa en l\u00ednea. Compre aceite de cannabis thc 100% puro para la venta en EE. UU. Aceite de cannabis de espectro completo. Aceite de THC para el c\u00e1ncer a la venta. Potencia: 85% THC &amp; 15% CDB","og_url":"https:\/\/medicinasinc.com\/es\/product\/comprar-cartucho-de-aceite-de-cannabis-alto-en-thc-1g-online\/","og_site_name":"Medicinas Inc","article_modified_time":"2022-03-22T01:13:53+00:00","og_image":[{"width":600,"height":600,"url":"https:\/\/medicinasinc.com\/es\/wp-content\/uploads\/sites\/15\/2022\/02\/Buy-High-THC-Cannabis-Oil-1g-cartridge-online.jpg","type":"image\/jpeg"}],"twitter_card":"summary_large_image","twitter_misc":{"Tiempo de lectura":"3 minutos"},"schema":{"@context":"https:\/\/schema.org","@graph":[{"@type":"WebPage","@id":"https:\/\/medicinasinc.com\/es\/product\/comprar-cartucho-de-aceite-de-cannabis-alto-en-thc-1g-online\/","url":"https:\/\/medicinasinc.com\/es\/product\/comprar-cartucho-de-aceite-de-cannabis-alto-en-thc-1g-online\/","name":"Comprar cartucho de 1 g de aceite de cannabis con alto contenido de THC en l\u00ednea - Best Global Meds","isPartOf":{"@id":"https:\/\/medicinasinc.com\/es\/#website"},"primaryImageOfPage":{"@id":"https:\/\/medicinasinc.com\/es\/product\/comprar-cartucho-de-aceite-de-cannabis-alto-en-thc-1g-online\/#primaryimage"},"image":{"@id":"https:\/\/medicinasinc.com\/es\/product\/comprar-cartucho-de-aceite-de-cannabis-alto-en-thc-1g-online\/#primaryimage"},"thumbnailUrl":"https:\/\/medicinasinc.com\/es\/wp-content\/uploads\/sites\/15\/2022\/02\/Buy-High-THC-Cannabis-Oil-1g-cartridge-online.jpg","datePublished":"2022-02-20T08:46:53+00:00","dateModified":"2022-03-22T01:13:53+00:00","description":"Compre aceite de marihuana con alto contenido de THC a la venta en el Reino Unido, Europa en l\u00ednea. Compre aceite de cannabis thc 100% puro para la venta en EE. UU. Aceite de cannabis de espectro completo. Aceite de THC para el c\u00e1ncer a la venta. Potencia: 85% THC &amp; 15% CDB","breadcrumb":{"@id":"https:\/\/medicinasinc.com\/es\/product\/comprar-cartucho-de-aceite-de-cannabis-alto-en-thc-1g-online\/#breadcrumb"},"inLanguage":"es","potentialAction":[{"@type":"ReadAction","target":["https:\/\/medicinasinc.com\/es\/product\/comprar-cartucho-de-aceite-de-cannabis-alto-en-thc-1g-online\/"]}]},{"@type":"ImageObject","inLanguage":"es","@id":"https:\/\/medicinasinc.com\/es\/product\/comprar-cartucho-de-aceite-de-cannabis-alto-en-thc-1g-online\/#primaryimage","url":"https:\/\/medicinasinc.com\/es\/wp-content\/uploads\/sites\/15\/2022\/02\/Buy-High-THC-Cannabis-Oil-1g-cartridge-online.jpg","contentUrl":"https:\/\/medicinasinc.com\/es\/wp-content\/uploads\/sites\/15\/2022\/02\/Buy-High-THC-Cannabis-Oil-1g-cartridge-online.jpg","width":600,"height":600},{"@type":"BreadcrumbList","@id":"https:\/\/medicinasinc.com\/es\/product\/comprar-cartucho-de-aceite-de-cannabis-alto-en-thc-1g-online\/#breadcrumb","itemListElement":[{"@type":"ListItem","position":1,"name":"Tienda","item":"https:\/\/medicinasinc.com\/es\/tienda\/"},{"@type":"ListItem","position":2,"name":"Comprar cartucho de 1 g de aceite de cannabis con alto contenido de THC en l\u00ednea"}]},{"@type":"WebSite","@id":"https:\/\/medicinasinc.com\/es\/#website","url":"https:\/\/medicinasinc.com\/es\/","name":"Medicinas Inc","description":"Cl\u00ednica M\u00e9dica de Salud","potentialAction":[{"@type":"SearchAction","target":{"@type":"EntryPoint","urlTemplate":"https:\/\/medicinasinc.com\/es\/?s={search_term_string}"},"query-input":{"@type":"PropertyValueSpecification","valueRequired":true,"valueName":"search_term_string"}}],"inLanguage":"es"}]}},"_links":{"self":[{"href":"https:\/\/medicinasinc.com\/es\/wp-json\/wp\/v2\/product\/4388","targetHints":{"allow":["GET"]}}],"collection":[{"href":"https:\/\/medicinasinc.com\/es\/wp-json\/wp\/v2\/product"}],"about":[{"href":"https:\/\/medicinasinc.com\/es\/wp-json\/wp\/v2\/types\/product"}],"replies":[{"embeddable":true,"href":"https:\/\/medicinasinc.com\/es\/wp-json\/wp\/v2\/comments?post=4388"}],"wp:featuredmedia":[{"embeddable":true,"href":"https:\/\/medicinasinc.com\/es\/wp-json\/wp\/v2\/media\/4423"}],"wp:attachment":[{"href":"https:\/\/medicinasinc.com\/es\/wp-json\/wp\/v2\/media?parent=4388"}],"wp:term":[{"taxonomy":"product_brand","embeddable":true,"href":"https:\/\/medicinasinc.com\/es\/wp-json\/wp\/v2\/product_brand?post=4388"},{"taxonomy":"product_cat","embeddable":true,"href":"https:\/\/medicinasinc.com\/es\/wp-json\/wp\/v2\/product_cat?post=4388"},{"taxonomy":"product_tag","embeddable":true,"href":"https:\/\/medicinasinc.com\/es\/wp-json\/wp\/v2\/product_tag?post=4388"}],"curies":[{"name":"wp","href":"https:\/\/api.w.org\/{rel}","templated":true}]}}