{"id":4367,"date":"2022-02-20T08:35:49","date_gmt":"2022-02-20T08:35:49","guid":{"rendered":"https:\/\/medicinasinc.com\/es\/?post_type=product&#038;p=4367"},"modified":"2022-03-22T01:14:23","modified_gmt":"2022-03-22T01:14:23","slug":"comprar-cartuchos-de-aceite-de-co2-cannatonic","status":"publish","type":"product","link":"https:\/\/medicinasinc.com\/es\/product\/comprar-cartuchos-de-aceite-de-co2-cannatonic\/","title":{"rendered":"Comprar cartucho de aceite de CO2 Cannatonic"},"content":{"rendered":"<p>Compre cartuchos de Rick Simpson Cannabis Oil 1g en l\u00ednea en los Estados Unidos de Am\u00e9rica.<\/p>\n<p>Compre cartuchos de Rick Simpson Cannabis Oil 1g en l\u00ednea en los Estados Unidos de Am\u00e9rica.<\/p>\n<p>Despu\u00e9s de remojar el El cannabis m\u00e1s fino en nafta pura o alcohol isoprop\u00edlico, los compuestos terap\u00e9uticos se extraen de la planta, dejando un l\u00edquido similar al alquitr\u00e1n cuando el solvente se evapora por completo. Obtenemos un Aceite de Cannabis Rick Simpson de alta calidad. Puede tomarse por v\u00eda oral o aplicarse directamente sobre la piel.<\/p>\n<p>Washington, DC, aceite de Rick Simpson<\/p>\n<p>El aceite de Rick Simpson es una soluci\u00f3n vaporizada derivada del cannabis. Era una salida del c\u00e1ncer para muchas personas. Adem\u00e1s, el aceite se conoce como aceite de c\u00e1\u00f1amo Rick Simpson y aceite de cannabis Rick Simpson.<\/p>\n<p>Si ha investigado la marihuana con fines medicinales, es posible que se haya topado con el aceite Rick Simpson. RSO es un extracto de cannabis \u00fanico en su tipo que obtuvo su nombre de un hombre llamado, lo adivinaste, Rick Simpson.<\/p>\n<p>Es un extracto de cannabis extremadamente potente con altas concentraciones de THC, el psicoactivo componente del cannabis. El aceite se produce concentrando el contenido de THC de las flores indicadoras secas usando un soluble. Se prefiere Indica sobre otras cepas debido a sus efectos sedantes. Debido a la alta concentraci\u00f3n de material vegetal y la ausencia de aceites transportadores, el aceite resultante es de color terroso oscuro y espeso, en contraste con los numerosos concentrados que estamos acostumbrados a ver.<\/p>\n<p>El aceite fue descubierto en 2003. Rick Simpson fue diagnosticado con un tipo de c\u00e1ncer de piel y recurri\u00f3 al cannabis para su tratamiento. Recientemente pregunt\u00f3 si el cannabis podr\u00eda ayudarlo con sus diversas dolencias, solo para encontrarse insatisfecho. Busc\u00f3 la planta por su cuenta y crey\u00f3 que calmaba sus indicaciones. Cuando se dio cuenta de que ten\u00eda c\u00e1ncer, revis\u00f3 un estudio que descubri\u00f3 que el cannabis pod\u00eda reducir los tumores en ratones y opt\u00f3 por probar una soluci\u00f3n efectiva de cannabis.<\/p>\n<p>Durante cuatro d\u00edas, aplic\u00f3 concentrados de cannabis a una gasa y cubri\u00f3 sus tumores. Cuando elimin\u00f3 las franjas, los tumores desaparecieron. Esta revelaci\u00f3n impuls\u00f3 el establecimiento de Rick Simpson Oil. Empez\u00f3 a compartir su visi\u00f3n, en cualquier caso, cosechando cannabis y produciendo aceite para otros que se vieron privados antes de encontrar dificultades legales. Por el momento, Rick Simpson alienta a otros a hacer su propio aceite y brinda pautas.<\/p>\n<p>Si est\u00e1 buscando el mejor aceite del mundo, Rick Simpson Oil Washington es su mejor opci\u00f3n. Proporcionamos a Washington aceite puro de Rick Simpson. Haga su pedido ahora y se lo entregaremos en la puerta de su casa en unos pocos d\u00edas.<\/p>\n<p>Medicina segura y eficaz<br \/> El aceite de cannabis de Rick Simpson es \u00fanico en su clase debido a que no -naturaleza t\u00f3xica. Si est\u00e1 buscando una forma segura de tratar el c\u00e1ncer o una variedad de otras dolencias, el aceite de c\u00e1\u00f1amo de Rick Simpson puede ser la respuesta. Ni siquiera necesita la supervisi\u00f3n de un m\u00e9dico para usar este aceite.<\/p>\n","protected":false},"excerpt":{"rendered":"<p>Compre cartuchos de aceite de CO2 Cannatonic de forma segura y asequible en l\u00ednea. \u00a1Descubra una selecci\u00f3n diversa de productos de marihuana de alta calidad a la venta en los Estados Unidos de Am\u00e9rica, Europa y el Reino Unido!<\/p>\n<p>Compre cartuchos de Rick Simpson Cannabis Oil 1g en l\u00ednea en los Estados Unidos de Am\u00e9rica.<\/p>\n<p>El aceite de cannabis Rick Simpson est\u00e1 disponible en una variedad de cepas. Diferente CBD &amp; Concentraciones de THC para c\u00e1ncer &amp; m\u00e1s.<\/p>\n<p>Comprar Cartuchos Rick Simpson 1g de Aceite de Cannabis<\/p>\n<p>El precio del producto es el siguiente: por cartucho de 1g<br \/> Se requiere un pedido m\u00ednimo de 5 cartuchos. <\/p>\n","protected":false},"featured_media":4402,"comment_status":"open","ping_status":"closed","template":"","meta":[],"product_brand":[],"product_cat":[440],"product_tag":[454,455,457,458,459,460,461,462,463,465,470,473,474,475,477,451,452,453,469,466,467,472,468,456,471,476,464,480,478,479],"class_list":{"0":"post-4367","1":"product","2":"type-product","3":"status-publish","4":"has-post-thumbnail","6":"product_cat-comprar-cannabis-cbd-oil","7":"product_tag-buy-marijuana-edibles-online","8":"product_tag-buy-marijuana-online","9":"product_tag-buy-marijuana-online-europe","10":"product_tag-buy-marijuana-online-in-usa","11":"product_tag-buy-marijuana-online-usa","12":"product_tag-buy-marijuana-wax-online-usa","13":"product_tag-buy-medical-marijuana-online","14":"product_tag-buy-moonrock-online-bitcoin","15":"product_tag-buy-moonrock-online-uk","16":"product_tag-buy-weed-in-australia","17":"product_tag-buy-weed-online","18":"product_tag-buy-weed-online-europe","19":"product_tag-buy-weed-online-legally","20":"product_tag-buy-weed-online-uk","21":"product_tag-buying-weed-online","22":"product_tag-comprar-cannabis-con-bitcoin","23":"product_tag-comprar-cartuchos-de-aceite-de-co2-cannatonic","24":"product_tag-comprar-cartuchos-de-aceite-de-co2-cannatonic-online","25":"product_tag-comprar-hierba-en-usa","26":"product_tag-comprar-hierba-en-francia","27":"product_tag-comprar-hierba-en-irlanda","28":"product_tag-comprar-hierba-online-discretamente","29":"product_tag-comprar-hierba-en-suiza","30":"product_tag-comprar-marihuana-online-bitcoin","31":"product_tag-comprar-hierba-online-bitcoin","32":"product_tag-compra-marihuana-online","33":"product_tag-comprar-moonrocks-online","34":"product_tag-donde-comprar-marihuana-online","35":"product_tag-kush-en-venta","36":"product_tag-venta-de-marihuana","38":"first","39":"instock","40":"shipping-taxable","41":"purchasable","42":"product-type-variable","43":"has-default-attributes"},"yoast_head":"<!-- This site is optimized with the Yoast SEO plugin v27.3 - https:\/\/yoast.com\/product\/yoast-seo-wordpress\/ -->\n<title>Compre el cartucho Cannatonic CO2 Oil 1g en l\u00ednea (Copia) - Best Global Meds<\/title>\n<meta name=\"description\" content=\"Comprar Cartucho de aceite de CO2 Cannatonic a la venta en l\u00ednea de forma segura a precios asequibles. \u00a1Descubra una amplia gama de productos de marihuana de calidad a la venta en EE. UU., UE y Reino Unido!\" \/>\n<meta name=\"robots\" content=\"index, follow, max-snippet:-1, max-image-preview:large, max-video-preview:-1\" \/>\n<link rel=\"canonical\" href=\"https:\/\/medicinasinc.com\/es\/product\/comprar-cartuchos-de-aceite-de-co2-cannatonic\/\" \/>\n<meta property=\"og:locale\" content=\"es_ES\" \/>\n<meta property=\"og:type\" content=\"article\" \/>\n<meta property=\"og:title\" content=\"Compre el cartucho Cannatonic CO2 Oil 1g en l\u00ednea (Copia) - Best Global Meds\" \/>\n<meta property=\"og:description\" content=\"Comprar Cartucho de aceite de CO2 Cannatonic a la venta en l\u00ednea de forma segura a precios asequibles. \u00a1Descubra una amplia gama de productos de marihuana de calidad a la venta en EE. UU., UE y Reino Unido!\" \/>\n<meta property=\"og:url\" content=\"https:\/\/medicinasinc.com\/es\/product\/comprar-cartuchos-de-aceite-de-co2-cannatonic\/\" \/>\n<meta property=\"og:site_name\" content=\"Medicinas Inc\" \/>\n<meta property=\"article:modified_time\" content=\"2022-03-22T01:14:23+00:00\" \/>\n<meta property=\"og:image\" content=\"https:\/\/medicinasinc.com\/es\/wp-content\/uploads\/sites\/15\/2022\/02\/Buy-Cannatonic-CO2-Oil-Cartridge.png\" \/>\n\t<meta property=\"og:image:width\" content=\"542\" \/>\n\t<meta property=\"og:image:height\" content=\"420\" \/>\n\t<meta property=\"og:image:type\" content=\"image\/png\" \/>\n<meta name=\"twitter:card\" content=\"summary_large_image\" \/>\n<meta name=\"twitter:label1\" content=\"Tiempo de lectura\" \/>\n\t<meta name=\"twitter:data1\" content=\"3 minutos\" \/>\n<script type=\"application\/ld+json\" class=\"yoast-schema-graph\">{\"@context\":\"https:\\\/\\\/schema.org\",\"@graph\":[{\"@type\":\"WebPage\",\"@id\":\"https:\\\/\\\/medicinasinc.com\\\/es\\\/product\\\/comprar-cartuchos-de-aceite-de-co2-cannatonic\\\/\",\"url\":\"https:\\\/\\\/medicinasinc.com\\\/es\\\/product\\\/comprar-cartuchos-de-aceite-de-co2-cannatonic\\\/\",\"name\":\"Compre el cartucho Cannatonic CO2 Oil 1g en l\u00ednea (Copia) - Best Global Meds\",\"isPartOf\":{\"@id\":\"https:\\\/\\\/medicinasinc.com\\\/es\\\/#website\"},\"primaryImageOfPage\":{\"@id\":\"https:\\\/\\\/medicinasinc.com\\\/es\\\/product\\\/comprar-cartuchos-de-aceite-de-co2-cannatonic\\\/#primaryimage\"},\"image\":{\"@id\":\"https:\\\/\\\/medicinasinc.com\\\/es\\\/product\\\/comprar-cartuchos-de-aceite-de-co2-cannatonic\\\/#primaryimage\"},\"thumbnailUrl\":\"https:\\\/\\\/medicinasinc.com\\\/es\\\/wp-content\\\/uploads\\\/sites\\\/15\\\/2022\\\/02\\\/Buy-Cannatonic-CO2-Oil-Cartridge.png\",\"datePublished\":\"2022-02-20T08:35:49+00:00\",\"dateModified\":\"2022-03-22T01:14:23+00:00\",\"description\":\"Comprar Cartucho de aceite de CO2 Cannatonic a la venta en l\u00ednea de forma segura a precios asequibles. \u00a1Descubra una amplia gama de productos de marihuana de calidad a la venta en EE. UU., UE y Reino Unido!\",\"breadcrumb\":{\"@id\":\"https:\\\/\\\/medicinasinc.com\\\/es\\\/product\\\/comprar-cartuchos-de-aceite-de-co2-cannatonic\\\/#breadcrumb\"},\"inLanguage\":\"es\",\"potentialAction\":[{\"@type\":\"ReadAction\",\"target\":[\"https:\\\/\\\/medicinasinc.com\\\/es\\\/product\\\/comprar-cartuchos-de-aceite-de-co2-cannatonic\\\/\"]}]},{\"@type\":\"ImageObject\",\"inLanguage\":\"es\",\"@id\":\"https:\\\/\\\/medicinasinc.com\\\/es\\\/product\\\/comprar-cartuchos-de-aceite-de-co2-cannatonic\\\/#primaryimage\",\"url\":\"https:\\\/\\\/medicinasinc.com\\\/es\\\/wp-content\\\/uploads\\\/sites\\\/15\\\/2022\\\/02\\\/Buy-Cannatonic-CO2-Oil-Cartridge.png\",\"contentUrl\":\"https:\\\/\\\/medicinasinc.com\\\/es\\\/wp-content\\\/uploads\\\/sites\\\/15\\\/2022\\\/02\\\/Buy-Cannatonic-CO2-Oil-Cartridge.png\",\"width\":542,\"height\":420},{\"@type\":\"BreadcrumbList\",\"@id\":\"https:\\\/\\\/medicinasinc.com\\\/es\\\/product\\\/comprar-cartuchos-de-aceite-de-co2-cannatonic\\\/#breadcrumb\",\"itemListElement\":[{\"@type\":\"ListItem\",\"position\":1,\"name\":\"Tienda\",\"item\":\"https:\\\/\\\/medicinasinc.com\\\/es\\\/tienda\\\/\"},{\"@type\":\"ListItem\",\"position\":2,\"name\":\"Comprar cartucho de aceite de CO2 Cannatonic\"}]},{\"@type\":\"WebSite\",\"@id\":\"https:\\\/\\\/medicinasinc.com\\\/es\\\/#website\",\"url\":\"https:\\\/\\\/medicinasinc.com\\\/es\\\/\",\"name\":\"Medicinas Inc\",\"description\":\"Cl\u00ednica M\u00e9dica de Salud\",\"potentialAction\":[{\"@type\":\"SearchAction\",\"target\":{\"@type\":\"EntryPoint\",\"urlTemplate\":\"https:\\\/\\\/medicinasinc.com\\\/es\\\/?s={search_term_string}\"},\"query-input\":{\"@type\":\"PropertyValueSpecification\",\"valueRequired\":true,\"valueName\":\"search_term_string\"}}],\"inLanguage\":\"es\"}]}<\/script>\n<!-- \/ Yoast SEO plugin. -->","yoast_head_json":{"title":"Compre el cartucho Cannatonic CO2 Oil 1g en l\u00ednea (Copia) - Best Global Meds","description":"Comprar Cartucho de aceite de CO2 Cannatonic a la venta en l\u00ednea de forma segura a precios asequibles. \u00a1Descubra una amplia gama de productos de marihuana de calidad a la venta en EE. UU., UE y Reino Unido!","robots":{"index":"index","follow":"follow","max-snippet":"max-snippet:-1","max-image-preview":"max-image-preview:large","max-video-preview":"max-video-preview:-1"},"canonical":"https:\/\/medicinasinc.com\/es\/product\/comprar-cartuchos-de-aceite-de-co2-cannatonic\/","og_locale":"es_ES","og_type":"article","og_title":"Compre el cartucho Cannatonic CO2 Oil 1g en l\u00ednea (Copia) - Best Global Meds","og_description":"Comprar Cartucho de aceite de CO2 Cannatonic a la venta en l\u00ednea de forma segura a precios asequibles. \u00a1Descubra una amplia gama de productos de marihuana de calidad a la venta en EE. UU., UE y Reino Unido!","og_url":"https:\/\/medicinasinc.com\/es\/product\/comprar-cartuchos-de-aceite-de-co2-cannatonic\/","og_site_name":"Medicinas Inc","article_modified_time":"2022-03-22T01:14:23+00:00","og_image":[{"width":542,"height":420,"url":"https:\/\/medicinasinc.com\/es\/wp-content\/uploads\/sites\/15\/2022\/02\/Buy-Cannatonic-CO2-Oil-Cartridge.png","type":"image\/png"}],"twitter_card":"summary_large_image","twitter_misc":{"Tiempo de lectura":"3 minutos"},"schema":{"@context":"https:\/\/schema.org","@graph":[{"@type":"WebPage","@id":"https:\/\/medicinasinc.com\/es\/product\/comprar-cartuchos-de-aceite-de-co2-cannatonic\/","url":"https:\/\/medicinasinc.com\/es\/product\/comprar-cartuchos-de-aceite-de-co2-cannatonic\/","name":"Compre el cartucho Cannatonic CO2 Oil 1g en l\u00ednea (Copia) - Best Global Meds","isPartOf":{"@id":"https:\/\/medicinasinc.com\/es\/#website"},"primaryImageOfPage":{"@id":"https:\/\/medicinasinc.com\/es\/product\/comprar-cartuchos-de-aceite-de-co2-cannatonic\/#primaryimage"},"image":{"@id":"https:\/\/medicinasinc.com\/es\/product\/comprar-cartuchos-de-aceite-de-co2-cannatonic\/#primaryimage"},"thumbnailUrl":"https:\/\/medicinasinc.com\/es\/wp-content\/uploads\/sites\/15\/2022\/02\/Buy-Cannatonic-CO2-Oil-Cartridge.png","datePublished":"2022-02-20T08:35:49+00:00","dateModified":"2022-03-22T01:14:23+00:00","description":"Comprar Cartucho de aceite de CO2 Cannatonic a la venta en l\u00ednea de forma segura a precios asequibles. \u00a1Descubra una amplia gama de productos de marihuana de calidad a la venta en EE. UU., UE y Reino Unido!","breadcrumb":{"@id":"https:\/\/medicinasinc.com\/es\/product\/comprar-cartuchos-de-aceite-de-co2-cannatonic\/#breadcrumb"},"inLanguage":"es","potentialAction":[{"@type":"ReadAction","target":["https:\/\/medicinasinc.com\/es\/product\/comprar-cartuchos-de-aceite-de-co2-cannatonic\/"]}]},{"@type":"ImageObject","inLanguage":"es","@id":"https:\/\/medicinasinc.com\/es\/product\/comprar-cartuchos-de-aceite-de-co2-cannatonic\/#primaryimage","url":"https:\/\/medicinasinc.com\/es\/wp-content\/uploads\/sites\/15\/2022\/02\/Buy-Cannatonic-CO2-Oil-Cartridge.png","contentUrl":"https:\/\/medicinasinc.com\/es\/wp-content\/uploads\/sites\/15\/2022\/02\/Buy-Cannatonic-CO2-Oil-Cartridge.png","width":542,"height":420},{"@type":"BreadcrumbList","@id":"https:\/\/medicinasinc.com\/es\/product\/comprar-cartuchos-de-aceite-de-co2-cannatonic\/#breadcrumb","itemListElement":[{"@type":"ListItem","position":1,"name":"Tienda","item":"https:\/\/medicinasinc.com\/es\/tienda\/"},{"@type":"ListItem","position":2,"name":"Comprar cartucho de aceite de CO2 Cannatonic"}]},{"@type":"WebSite","@id":"https:\/\/medicinasinc.com\/es\/#website","url":"https:\/\/medicinasinc.com\/es\/","name":"Medicinas Inc","description":"Cl\u00ednica M\u00e9dica de Salud","potentialAction":[{"@type":"SearchAction","target":{"@type":"EntryPoint","urlTemplate":"https:\/\/medicinasinc.com\/es\/?s={search_term_string}"},"query-input":{"@type":"PropertyValueSpecification","valueRequired":true,"valueName":"search_term_string"}}],"inLanguage":"es"}]}},"_links":{"self":[{"href":"https:\/\/medicinasinc.com\/es\/wp-json\/wp\/v2\/product\/4367","targetHints":{"allow":["GET"]}}],"collection":[{"href":"https:\/\/medicinasinc.com\/es\/wp-json\/wp\/v2\/product"}],"about":[{"href":"https:\/\/medicinasinc.com\/es\/wp-json\/wp\/v2\/types\/product"}],"replies":[{"embeddable":true,"href":"https:\/\/medicinasinc.com\/es\/wp-json\/wp\/v2\/comments?post=4367"}],"wp:featuredmedia":[{"embeddable":true,"href":"https:\/\/medicinasinc.com\/es\/wp-json\/wp\/v2\/media\/4402"}],"wp:attachment":[{"href":"https:\/\/medicinasinc.com\/es\/wp-json\/wp\/v2\/media?parent=4367"}],"wp:term":[{"taxonomy":"product_brand","embeddable":true,"href":"https:\/\/medicinasinc.com\/es\/wp-json\/wp\/v2\/product_brand?post=4367"},{"taxonomy":"product_cat","embeddable":true,"href":"https:\/\/medicinasinc.com\/es\/wp-json\/wp\/v2\/product_cat?post=4367"},{"taxonomy":"product_tag","embeddable":true,"href":"https:\/\/medicinasinc.com\/es\/wp-json\/wp\/v2\/product_tag?post=4367"}],"curies":[{"name":"wp","href":"https:\/\/api.w.org\/{rel}","templated":true}]}}