{"id":4348,"date":"2022-02-20T08:28:43","date_gmt":"2022-02-20T08:28:43","guid":{"rendered":"https:\/\/medicinasinc.com\/es\/?post_type=product&#038;p=4348"},"modified":"2022-03-22T01:14:56","modified_gmt":"2022-03-22T01:14:56","slug":"comprar-41-tintura-30ml-sabor-hierbabuena-green-godess","status":"publish","type":"product","link":"https:\/\/medicinasinc.com\/es\/product\/comprar-41-tintura-30ml-sabor-hierbabuena-green-godess\/","title":{"rendered":"Comprar Tintura 4:1 (30mL) Sabor Hierbabuena Green Goddess"},"content":{"rendered":"<p>Comprar Green, Goddess 4:1 Tincture (30mL) Spearmint Sabor<\/p>\n<p>Las gotas de tintura tienen ventajas significativas sobre otros m\u00e9todos de administraci\u00f3n de cannabinoides medicinales: un frasco de 30 ml con una aplicaci\u00f3n de gota f\u00e1cil de usar permite una dosis precisa que se administrar\u00e1 por v\u00eda sublingual en la boca. La absorci\u00f3n en el torrente sangu\u00edneo a trav\u00e9s de la mucosa oral es r\u00e1pida y consistente. La tintura no se convierte en un metabolito por el sistema digestivo o el h\u00edgado, como es el caso de los cannabinoides ingeridos por v\u00eda oral en los comestibles.<\/p>\n<p>Formulado a partir de un extracto de toda la planta de cannabis. Agregamos un aceite C8+C10 completamente natural, que se deriva completamente de cocos y es una excelente fuente de poderosos \u00e1cidos grasos de cadena media que ayudan a que el cuerpo y la mente funcionen de manera \u00f3ptima.<\/p>\n<p>13 miligramos por gotero 400 miligramos de CBD 100 miligramos de THC<\/p>\n<p>Ingredientes:<\/p>\n<p>Aceite MCT con sabor a menta verde Extracto integral de planta de cannabis (CBD)<\/p>\n","protected":false},"excerpt":{"rendered":"<p>Compre Tintura 4:1 (30 ml) Green Goddess con sabor a menta verde a la venta en el Reino Unido, Europa en l\u00ednea en EE. UU. del dispensario en l\u00ednea m\u00e1s grande, Buy My Weed Online.<\/p>\n<ul>\n<li>Env\u00edo mundial<\/li>\n<li>Cuentagotas indicado de 30 ml<\/li>\n<li>400 mg de CBD: 100 mg de tintura de THC<\/li>\n<li>Sabor a menta verde<\/li>\n<li>La cantidad m\u00ednima de pedido es 5<\/li>\n<\/ul>\n","protected":false},"featured_media":4383,"comment_status":"open","ping_status":"closed","template":"","meta":[],"product_brand":[],"product_cat":[440],"product_tag":[],"class_list":{"0":"post-4348","1":"product","2":"type-product","3":"status-publish","4":"has-post-thumbnail","6":"product_cat-comprar-cannabis-cbd-oil","8":"first","9":"instock","10":"shipping-taxable","11":"purchasable","12":"product-type-variable","13":"has-default-attributes"},"yoast_head":"<!-- This site is optimized with the Yoast SEO plugin v27.3 - https:\/\/yoast.com\/product\/yoast-seo-wordpress\/ -->\n<title>Comprar Tintura 4:1 (30 ml) Sabor a menta Green Goddess - Best Global Meds<\/title>\n<meta name=\"description\" content=\"Compre 4:1 Tincture (30mL) Spearmint Flavor Green Goddess a la venta en el Reino Unido, Europa en l\u00ednea en EE. UU. del dispensario en l\u00ednea m\u00e1s grande, Buy My Weed Online.\" \/>\n<meta name=\"robots\" content=\"index, follow, max-snippet:-1, max-image-preview:large, max-video-preview:-1\" \/>\n<link rel=\"canonical\" href=\"https:\/\/medicinasinc.com\/es\/product\/comprar-41-tintura-30ml-sabor-hierbabuena-green-godess\/\" \/>\n<meta property=\"og:locale\" content=\"es_ES\" \/>\n<meta property=\"og:type\" content=\"article\" \/>\n<meta property=\"og:title\" content=\"Comprar Tintura 4:1 (30 ml) Sabor a menta Green Goddess - Best Global Meds\" \/>\n<meta property=\"og:description\" content=\"Compre 4:1 Tincture (30mL) Spearmint Flavor Green Goddess a la venta en el Reino Unido, Europa en l\u00ednea en EE. UU. del dispensario en l\u00ednea m\u00e1s grande, Buy My Weed Online.\" \/>\n<meta property=\"og:url\" content=\"https:\/\/medicinasinc.com\/es\/product\/comprar-41-tintura-30ml-sabor-hierbabuena-green-godess\/\" \/>\n<meta property=\"og:site_name\" content=\"Medicinas Inc\" \/>\n<meta property=\"article:modified_time\" content=\"2022-03-22T01:14:56+00:00\" \/>\n<meta property=\"og:image\" content=\"https:\/\/medicinasinc.com\/es\/wp-content\/uploads\/sites\/15\/2022\/02\/Spearmint-Flavour-Green-Goddess.jpg\" \/>\n\t<meta property=\"og:image:width\" content=\"483\" \/>\n\t<meta property=\"og:image:height\" content=\"483\" \/>\n\t<meta property=\"og:image:type\" content=\"image\/jpeg\" \/>\n<meta name=\"twitter:card\" content=\"summary_large_image\" \/>\n<meta name=\"twitter:label1\" content=\"Tiempo de lectura\" \/>\n\t<meta name=\"twitter:data1\" content=\"1 minuto\" \/>\n<script type=\"application\/ld+json\" class=\"yoast-schema-graph\">{\"@context\":\"https:\\\/\\\/schema.org\",\"@graph\":[{\"@type\":\"WebPage\",\"@id\":\"https:\\\/\\\/medicinasinc.com\\\/es\\\/product\\\/comprar-41-tintura-30ml-sabor-hierbabuena-green-godess\\\/\",\"url\":\"https:\\\/\\\/medicinasinc.com\\\/es\\\/product\\\/comprar-41-tintura-30ml-sabor-hierbabuena-green-godess\\\/\",\"name\":\"Comprar Tintura 4:1 (30 ml) Sabor a menta Green Goddess - Best Global Meds\",\"isPartOf\":{\"@id\":\"https:\\\/\\\/medicinasinc.com\\\/es\\\/#website\"},\"primaryImageOfPage\":{\"@id\":\"https:\\\/\\\/medicinasinc.com\\\/es\\\/product\\\/comprar-41-tintura-30ml-sabor-hierbabuena-green-godess\\\/#primaryimage\"},\"image\":{\"@id\":\"https:\\\/\\\/medicinasinc.com\\\/es\\\/product\\\/comprar-41-tintura-30ml-sabor-hierbabuena-green-godess\\\/#primaryimage\"},\"thumbnailUrl\":\"https:\\\/\\\/medicinasinc.com\\\/es\\\/wp-content\\\/uploads\\\/sites\\\/15\\\/2022\\\/02\\\/Spearmint-Flavour-Green-Goddess.jpg\",\"datePublished\":\"2022-02-20T08:28:43+00:00\",\"dateModified\":\"2022-03-22T01:14:56+00:00\",\"description\":\"Compre 4:1 Tincture (30mL) Spearmint Flavor Green Goddess a la venta en el Reino Unido, Europa en l\u00ednea en EE. UU. del dispensario en l\u00ednea m\u00e1s grande, Buy My Weed Online.\",\"breadcrumb\":{\"@id\":\"https:\\\/\\\/medicinasinc.com\\\/es\\\/product\\\/comprar-41-tintura-30ml-sabor-hierbabuena-green-godess\\\/#breadcrumb\"},\"inLanguage\":\"es\",\"potentialAction\":[{\"@type\":\"ReadAction\",\"target\":[\"https:\\\/\\\/medicinasinc.com\\\/es\\\/product\\\/comprar-41-tintura-30ml-sabor-hierbabuena-green-godess\\\/\"]}]},{\"@type\":\"ImageObject\",\"inLanguage\":\"es\",\"@id\":\"https:\\\/\\\/medicinasinc.com\\\/es\\\/product\\\/comprar-41-tintura-30ml-sabor-hierbabuena-green-godess\\\/#primaryimage\",\"url\":\"https:\\\/\\\/medicinasinc.com\\\/es\\\/wp-content\\\/uploads\\\/sites\\\/15\\\/2022\\\/02\\\/Spearmint-Flavour-Green-Goddess.jpg\",\"contentUrl\":\"https:\\\/\\\/medicinasinc.com\\\/es\\\/wp-content\\\/uploads\\\/sites\\\/15\\\/2022\\\/02\\\/Spearmint-Flavour-Green-Goddess.jpg\",\"width\":483,\"height\":483},{\"@type\":\"BreadcrumbList\",\"@id\":\"https:\\\/\\\/medicinasinc.com\\\/es\\\/product\\\/comprar-41-tintura-30ml-sabor-hierbabuena-green-godess\\\/#breadcrumb\",\"itemListElement\":[{\"@type\":\"ListItem\",\"position\":1,\"name\":\"Tienda\",\"item\":\"https:\\\/\\\/medicinasinc.com\\\/es\\\/tienda\\\/\"},{\"@type\":\"ListItem\",\"position\":2,\"name\":\"Comprar Tintura 4:1 (30mL) Sabor Hierbabuena Green Goddess\"}]},{\"@type\":\"WebSite\",\"@id\":\"https:\\\/\\\/medicinasinc.com\\\/es\\\/#website\",\"url\":\"https:\\\/\\\/medicinasinc.com\\\/es\\\/\",\"name\":\"Medicinas Inc\",\"description\":\"Cl\u00ednica M\u00e9dica de Salud\",\"potentialAction\":[{\"@type\":\"SearchAction\",\"target\":{\"@type\":\"EntryPoint\",\"urlTemplate\":\"https:\\\/\\\/medicinasinc.com\\\/es\\\/?s={search_term_string}\"},\"query-input\":{\"@type\":\"PropertyValueSpecification\",\"valueRequired\":true,\"valueName\":\"search_term_string\"}}],\"inLanguage\":\"es\"}]}<\/script>\n<!-- \/ Yoast SEO plugin. -->","yoast_head_json":{"title":"Comprar Tintura 4:1 (30 ml) Sabor a menta Green Goddess - Best Global Meds","description":"Compre 4:1 Tincture (30mL) Spearmint Flavor Green Goddess a la venta en el Reino Unido, Europa en l\u00ednea en EE. UU. del dispensario en l\u00ednea m\u00e1s grande, Buy My Weed Online.","robots":{"index":"index","follow":"follow","max-snippet":"max-snippet:-1","max-image-preview":"max-image-preview:large","max-video-preview":"max-video-preview:-1"},"canonical":"https:\/\/medicinasinc.com\/es\/product\/comprar-41-tintura-30ml-sabor-hierbabuena-green-godess\/","og_locale":"es_ES","og_type":"article","og_title":"Comprar Tintura 4:1 (30 ml) Sabor a menta Green Goddess - Best Global Meds","og_description":"Compre 4:1 Tincture (30mL) Spearmint Flavor Green Goddess a la venta en el Reino Unido, Europa en l\u00ednea en EE. UU. del dispensario en l\u00ednea m\u00e1s grande, Buy My Weed Online.","og_url":"https:\/\/medicinasinc.com\/es\/product\/comprar-41-tintura-30ml-sabor-hierbabuena-green-godess\/","og_site_name":"Medicinas Inc","article_modified_time":"2022-03-22T01:14:56+00:00","og_image":[{"width":483,"height":483,"url":"https:\/\/medicinasinc.com\/es\/wp-content\/uploads\/sites\/15\/2022\/02\/Spearmint-Flavour-Green-Goddess.jpg","type":"image\/jpeg"}],"twitter_card":"summary_large_image","twitter_misc":{"Tiempo de lectura":"1 minuto"},"schema":{"@context":"https:\/\/schema.org","@graph":[{"@type":"WebPage","@id":"https:\/\/medicinasinc.com\/es\/product\/comprar-41-tintura-30ml-sabor-hierbabuena-green-godess\/","url":"https:\/\/medicinasinc.com\/es\/product\/comprar-41-tintura-30ml-sabor-hierbabuena-green-godess\/","name":"Comprar Tintura 4:1 (30 ml) Sabor a menta Green Goddess - Best Global Meds","isPartOf":{"@id":"https:\/\/medicinasinc.com\/es\/#website"},"primaryImageOfPage":{"@id":"https:\/\/medicinasinc.com\/es\/product\/comprar-41-tintura-30ml-sabor-hierbabuena-green-godess\/#primaryimage"},"image":{"@id":"https:\/\/medicinasinc.com\/es\/product\/comprar-41-tintura-30ml-sabor-hierbabuena-green-godess\/#primaryimage"},"thumbnailUrl":"https:\/\/medicinasinc.com\/es\/wp-content\/uploads\/sites\/15\/2022\/02\/Spearmint-Flavour-Green-Goddess.jpg","datePublished":"2022-02-20T08:28:43+00:00","dateModified":"2022-03-22T01:14:56+00:00","description":"Compre 4:1 Tincture (30mL) Spearmint Flavor Green Goddess a la venta en el Reino Unido, Europa en l\u00ednea en EE. UU. del dispensario en l\u00ednea m\u00e1s grande, Buy My Weed Online.","breadcrumb":{"@id":"https:\/\/medicinasinc.com\/es\/product\/comprar-41-tintura-30ml-sabor-hierbabuena-green-godess\/#breadcrumb"},"inLanguage":"es","potentialAction":[{"@type":"ReadAction","target":["https:\/\/medicinasinc.com\/es\/product\/comprar-41-tintura-30ml-sabor-hierbabuena-green-godess\/"]}]},{"@type":"ImageObject","inLanguage":"es","@id":"https:\/\/medicinasinc.com\/es\/product\/comprar-41-tintura-30ml-sabor-hierbabuena-green-godess\/#primaryimage","url":"https:\/\/medicinasinc.com\/es\/wp-content\/uploads\/sites\/15\/2022\/02\/Spearmint-Flavour-Green-Goddess.jpg","contentUrl":"https:\/\/medicinasinc.com\/es\/wp-content\/uploads\/sites\/15\/2022\/02\/Spearmint-Flavour-Green-Goddess.jpg","width":483,"height":483},{"@type":"BreadcrumbList","@id":"https:\/\/medicinasinc.com\/es\/product\/comprar-41-tintura-30ml-sabor-hierbabuena-green-godess\/#breadcrumb","itemListElement":[{"@type":"ListItem","position":1,"name":"Tienda","item":"https:\/\/medicinasinc.com\/es\/tienda\/"},{"@type":"ListItem","position":2,"name":"Comprar Tintura 4:1 (30mL) Sabor Hierbabuena Green Goddess"}]},{"@type":"WebSite","@id":"https:\/\/medicinasinc.com\/es\/#website","url":"https:\/\/medicinasinc.com\/es\/","name":"Medicinas Inc","description":"Cl\u00ednica M\u00e9dica de Salud","potentialAction":[{"@type":"SearchAction","target":{"@type":"EntryPoint","urlTemplate":"https:\/\/medicinasinc.com\/es\/?s={search_term_string}"},"query-input":{"@type":"PropertyValueSpecification","valueRequired":true,"valueName":"search_term_string"}}],"inLanguage":"es"}]}},"_links":{"self":[{"href":"https:\/\/medicinasinc.com\/es\/wp-json\/wp\/v2\/product\/4348","targetHints":{"allow":["GET"]}}],"collection":[{"href":"https:\/\/medicinasinc.com\/es\/wp-json\/wp\/v2\/product"}],"about":[{"href":"https:\/\/medicinasinc.com\/es\/wp-json\/wp\/v2\/types\/product"}],"replies":[{"embeddable":true,"href":"https:\/\/medicinasinc.com\/es\/wp-json\/wp\/v2\/comments?post=4348"}],"wp:featuredmedia":[{"embeddable":true,"href":"https:\/\/medicinasinc.com\/es\/wp-json\/wp\/v2\/media\/4383"}],"wp:attachment":[{"href":"https:\/\/medicinasinc.com\/es\/wp-json\/wp\/v2\/media?parent=4348"}],"wp:term":[{"taxonomy":"product_brand","embeddable":true,"href":"https:\/\/medicinasinc.com\/es\/wp-json\/wp\/v2\/product_brand?post=4348"},{"taxonomy":"product_cat","embeddable":true,"href":"https:\/\/medicinasinc.com\/es\/wp-json\/wp\/v2\/product_cat?post=4348"},{"taxonomy":"product_tag","embeddable":true,"href":"https:\/\/medicinasinc.com\/es\/wp-json\/wp\/v2\/product_tag?post=4348"}],"curies":[{"name":"wp","href":"https:\/\/api.w.org\/{rel}","templated":true}]}}