{"id":4338,"date":"2022-02-20T08:27:22","date_gmt":"2022-02-20T08:27:22","guid":{"rendered":"https:\/\/medicinasinc.com\/es\/?post_type=product&#038;p=4338"},"modified":"2022-03-22T01:15:14","modified_gmt":"2022-03-22T01:15:14","slug":"comprar-250mg-thc-mist-spray-10ml-facilidad","status":"publish","type":"product","link":"https:\/\/medicinasinc.com\/es\/product\/comprar-250mg-thc-mist-spray-10ml-facilidad\/","title":{"rendered":"Comprar 250mg THC Mist Spray 10ml \u2013 Facilidad"},"content":{"rendered":"<p>Comprar 10ml 250mg THC Mist Spray \u2013 Ease<\/p>\n<p>Con nuestro delicioso spray para el aliento con infusi\u00f3n de cannabis, el spray sublingual Ease eleva el concepto de tintura tradicional a un nivel completamente nuevo. Ease Spray te permite dosificar seg\u00fan sea necesario, independientemente de la ubicaci\u00f3n, sin temor al estigma tradicionalmente asociado con la mayor\u00eda de los productos de cannabis. Ease Spray contiene la friolera de 5 mg de medicamento por pulverizaci\u00f3n, lo que le permite medicar con precisi\u00f3n al nivel que satisfaga sus necesidades. Ease Sprays no contiene alcohol, solventes ni petroqu\u00edmicos en su f\u00f3rmula totalmente natural de extractos de coco, terpenos y extractos de cannabis.<\/p>\n<p>\u00a1Este producto simplifica la medicaci\u00f3n sobre la marcha! \u00a1Con el nuevo Ease Shake n Spray Extra Strength!<\/p>\n<p>DOSIFICACIONES PARA BOTELLAS DE SPRAY SUBLINGUAL<\/p>\n<p>250 \u200b\u200bmg de THC en una botella de vidrio de 10 ml<\/p>\n<p>Cada botella contiene 50 -60 pulverizaciones.<\/p>\n","protected":false},"excerpt":{"rendered":"<p>Comprar 250mg THC Mist Spray UK 10ml a la venta en Europa Online. Ease Spray le brinda la libertad de dosificar seg\u00fan sea necesario en cualquier lugar, sin preocuparse por el estigma tradicionalmente<\/p>\n<ul>\n<li>Env\u00edo mundial<\/li>\n<li>SPRAY EXTRA FUERTE THC MIST<\/li>\n<li>Botella de vidrio de 10 ml con 250 mg de THC<\/li>\n<li>La cantidad m\u00ednima de pedido es 5<\/li>\n<li><strong>Cont\u00e1ctenos<\/strong>\u00a0para pedidos m\u00e1s grandes<\/li>\n<\/ul>\n","protected":false},"featured_media":4371,"comment_status":"open","ping_status":"closed","template":"","meta":[],"product_brand":[],"product_cat":[440],"product_tag":[],"class_list":{"0":"post-4338","1":"product","2":"type-product","3":"status-publish","4":"has-post-thumbnail","6":"product_cat-comprar-cannabis-cbd-oil","8":"first","9":"instock","10":"shipping-taxable","11":"purchasable","12":"product-type-variable","13":"has-default-attributes"},"yoast_head":"<!-- This site is optimized with the Yoast SEO plugin v27.3 - https:\/\/yoast.com\/product\/yoast-seo-wordpress\/ -->\n<title>Comprar 250mg THC Mist Spray 10ml \u2013 Facilidad - Best Global Meds<\/title>\n<meta name=\"description\" content=\"Comprar 250mg THC Mist Spray UK 10ml a la venta en Europa Online. Ease Spray le brinda la libertad de dosificar seg\u00fan sea necesario en cualquier lugar, sin preocuparse por el estigma tradicionalmente\" \/>\n<meta name=\"robots\" content=\"index, follow, max-snippet:-1, max-image-preview:large, max-video-preview:-1\" \/>\n<link rel=\"canonical\" href=\"https:\/\/medicinasinc.com\/es\/product\/comprar-250mg-thc-mist-spray-10ml-facilidad\/\" \/>\n<meta property=\"og:locale\" content=\"es_ES\" \/>\n<meta property=\"og:type\" content=\"article\" \/>\n<meta property=\"og:title\" content=\"Comprar 250mg THC Mist Spray 10ml \u2013 Facilidad - Best Global Meds\" \/>\n<meta property=\"og:description\" content=\"Comprar 250mg THC Mist Spray UK 10ml a la venta en Europa Online. Ease Spray le brinda la libertad de dosificar seg\u00fan sea necesario en cualquier lugar, sin preocuparse por el estigma tradicionalmente\" \/>\n<meta property=\"og:url\" content=\"https:\/\/medicinasinc.com\/es\/product\/comprar-250mg-thc-mist-spray-10ml-facilidad\/\" \/>\n<meta property=\"og:site_name\" content=\"Medicinas Inc\" \/>\n<meta property=\"article:modified_time\" content=\"2022-03-22T01:15:14+00:00\" \/>\n<meta property=\"og:image\" content=\"https:\/\/medicinasinc.com\/es\/wp-content\/uploads\/sites\/15\/2022\/02\/Buy-250mg-THC-Mist-Spray-10ml.jpg\" \/>\n\t<meta property=\"og:image:width\" content=\"1500\" \/>\n\t<meta property=\"og:image:height\" content=\"1500\" \/>\n\t<meta property=\"og:image:type\" content=\"image\/jpeg\" \/>\n<meta name=\"twitter:card\" content=\"summary_large_image\" \/>\n<meta name=\"twitter:label1\" content=\"Tiempo de lectura\" \/>\n\t<meta name=\"twitter:data1\" content=\"1 minuto\" \/>\n<script type=\"application\/ld+json\" class=\"yoast-schema-graph\">{\"@context\":\"https:\\\/\\\/schema.org\",\"@graph\":[{\"@type\":\"WebPage\",\"@id\":\"https:\\\/\\\/medicinasinc.com\\\/es\\\/product\\\/comprar-250mg-thc-mist-spray-10ml-facilidad\\\/\",\"url\":\"https:\\\/\\\/medicinasinc.com\\\/es\\\/product\\\/comprar-250mg-thc-mist-spray-10ml-facilidad\\\/\",\"name\":\"Comprar 250mg THC Mist Spray 10ml \u2013 Facilidad - Best Global Meds\",\"isPartOf\":{\"@id\":\"https:\\\/\\\/medicinasinc.com\\\/es\\\/#website\"},\"primaryImageOfPage\":{\"@id\":\"https:\\\/\\\/medicinasinc.com\\\/es\\\/product\\\/comprar-250mg-thc-mist-spray-10ml-facilidad\\\/#primaryimage\"},\"image\":{\"@id\":\"https:\\\/\\\/medicinasinc.com\\\/es\\\/product\\\/comprar-250mg-thc-mist-spray-10ml-facilidad\\\/#primaryimage\"},\"thumbnailUrl\":\"https:\\\/\\\/medicinasinc.com\\\/es\\\/wp-content\\\/uploads\\\/sites\\\/15\\\/2022\\\/02\\\/Buy-250mg-THC-Mist-Spray-10ml.jpg\",\"datePublished\":\"2022-02-20T08:27:22+00:00\",\"dateModified\":\"2022-03-22T01:15:14+00:00\",\"description\":\"Comprar 250mg THC Mist Spray UK 10ml a la venta en Europa Online. Ease Spray le brinda la libertad de dosificar seg\u00fan sea necesario en cualquier lugar, sin preocuparse por el estigma tradicionalmente\",\"breadcrumb\":{\"@id\":\"https:\\\/\\\/medicinasinc.com\\\/es\\\/product\\\/comprar-250mg-thc-mist-spray-10ml-facilidad\\\/#breadcrumb\"},\"inLanguage\":\"es\",\"potentialAction\":[{\"@type\":\"ReadAction\",\"target\":[\"https:\\\/\\\/medicinasinc.com\\\/es\\\/product\\\/comprar-250mg-thc-mist-spray-10ml-facilidad\\\/\"]}]},{\"@type\":\"ImageObject\",\"inLanguage\":\"es\",\"@id\":\"https:\\\/\\\/medicinasinc.com\\\/es\\\/product\\\/comprar-250mg-thc-mist-spray-10ml-facilidad\\\/#primaryimage\",\"url\":\"https:\\\/\\\/medicinasinc.com\\\/es\\\/wp-content\\\/uploads\\\/sites\\\/15\\\/2022\\\/02\\\/Buy-250mg-THC-Mist-Spray-10ml.jpg\",\"contentUrl\":\"https:\\\/\\\/medicinasinc.com\\\/es\\\/wp-content\\\/uploads\\\/sites\\\/15\\\/2022\\\/02\\\/Buy-250mg-THC-Mist-Spray-10ml.jpg\",\"width\":1500,\"height\":1500},{\"@type\":\"BreadcrumbList\",\"@id\":\"https:\\\/\\\/medicinasinc.com\\\/es\\\/product\\\/comprar-250mg-thc-mist-spray-10ml-facilidad\\\/#breadcrumb\",\"itemListElement\":[{\"@type\":\"ListItem\",\"position\":1,\"name\":\"Tienda\",\"item\":\"https:\\\/\\\/medicinasinc.com\\\/es\\\/tienda\\\/\"},{\"@type\":\"ListItem\",\"position\":2,\"name\":\"Comprar 250mg THC Mist Spray 10ml \u2013 Facilidad\"}]},{\"@type\":\"WebSite\",\"@id\":\"https:\\\/\\\/medicinasinc.com\\\/es\\\/#website\",\"url\":\"https:\\\/\\\/medicinasinc.com\\\/es\\\/\",\"name\":\"Medicinas Inc\",\"description\":\"Cl\u00ednica M\u00e9dica de Salud\",\"potentialAction\":[{\"@type\":\"SearchAction\",\"target\":{\"@type\":\"EntryPoint\",\"urlTemplate\":\"https:\\\/\\\/medicinasinc.com\\\/es\\\/?s={search_term_string}\"},\"query-input\":{\"@type\":\"PropertyValueSpecification\",\"valueRequired\":true,\"valueName\":\"search_term_string\"}}],\"inLanguage\":\"es\"}]}<\/script>\n<!-- \/ Yoast SEO plugin. -->","yoast_head_json":{"title":"Comprar 250mg THC Mist Spray 10ml \u2013 Facilidad - Best Global Meds","description":"Comprar 250mg THC Mist Spray UK 10ml a la venta en Europa Online. Ease Spray le brinda la libertad de dosificar seg\u00fan sea necesario en cualquier lugar, sin preocuparse por el estigma tradicionalmente","robots":{"index":"index","follow":"follow","max-snippet":"max-snippet:-1","max-image-preview":"max-image-preview:large","max-video-preview":"max-video-preview:-1"},"canonical":"https:\/\/medicinasinc.com\/es\/product\/comprar-250mg-thc-mist-spray-10ml-facilidad\/","og_locale":"es_ES","og_type":"article","og_title":"Comprar 250mg THC Mist Spray 10ml \u2013 Facilidad - Best Global Meds","og_description":"Comprar 250mg THC Mist Spray UK 10ml a la venta en Europa Online. Ease Spray le brinda la libertad de dosificar seg\u00fan sea necesario en cualquier lugar, sin preocuparse por el estigma tradicionalmente","og_url":"https:\/\/medicinasinc.com\/es\/product\/comprar-250mg-thc-mist-spray-10ml-facilidad\/","og_site_name":"Medicinas Inc","article_modified_time":"2022-03-22T01:15:14+00:00","og_image":[{"width":1500,"height":1500,"url":"https:\/\/medicinasinc.com\/es\/wp-content\/uploads\/sites\/15\/2022\/02\/Buy-250mg-THC-Mist-Spray-10ml.jpg","type":"image\/jpeg"}],"twitter_card":"summary_large_image","twitter_misc":{"Tiempo de lectura":"1 minuto"},"schema":{"@context":"https:\/\/schema.org","@graph":[{"@type":"WebPage","@id":"https:\/\/medicinasinc.com\/es\/product\/comprar-250mg-thc-mist-spray-10ml-facilidad\/","url":"https:\/\/medicinasinc.com\/es\/product\/comprar-250mg-thc-mist-spray-10ml-facilidad\/","name":"Comprar 250mg THC Mist Spray 10ml \u2013 Facilidad - Best Global Meds","isPartOf":{"@id":"https:\/\/medicinasinc.com\/es\/#website"},"primaryImageOfPage":{"@id":"https:\/\/medicinasinc.com\/es\/product\/comprar-250mg-thc-mist-spray-10ml-facilidad\/#primaryimage"},"image":{"@id":"https:\/\/medicinasinc.com\/es\/product\/comprar-250mg-thc-mist-spray-10ml-facilidad\/#primaryimage"},"thumbnailUrl":"https:\/\/medicinasinc.com\/es\/wp-content\/uploads\/sites\/15\/2022\/02\/Buy-250mg-THC-Mist-Spray-10ml.jpg","datePublished":"2022-02-20T08:27:22+00:00","dateModified":"2022-03-22T01:15:14+00:00","description":"Comprar 250mg THC Mist Spray UK 10ml a la venta en Europa Online. Ease Spray le brinda la libertad de dosificar seg\u00fan sea necesario en cualquier lugar, sin preocuparse por el estigma tradicionalmente","breadcrumb":{"@id":"https:\/\/medicinasinc.com\/es\/product\/comprar-250mg-thc-mist-spray-10ml-facilidad\/#breadcrumb"},"inLanguage":"es","potentialAction":[{"@type":"ReadAction","target":["https:\/\/medicinasinc.com\/es\/product\/comprar-250mg-thc-mist-spray-10ml-facilidad\/"]}]},{"@type":"ImageObject","inLanguage":"es","@id":"https:\/\/medicinasinc.com\/es\/product\/comprar-250mg-thc-mist-spray-10ml-facilidad\/#primaryimage","url":"https:\/\/medicinasinc.com\/es\/wp-content\/uploads\/sites\/15\/2022\/02\/Buy-250mg-THC-Mist-Spray-10ml.jpg","contentUrl":"https:\/\/medicinasinc.com\/es\/wp-content\/uploads\/sites\/15\/2022\/02\/Buy-250mg-THC-Mist-Spray-10ml.jpg","width":1500,"height":1500},{"@type":"BreadcrumbList","@id":"https:\/\/medicinasinc.com\/es\/product\/comprar-250mg-thc-mist-spray-10ml-facilidad\/#breadcrumb","itemListElement":[{"@type":"ListItem","position":1,"name":"Tienda","item":"https:\/\/medicinasinc.com\/es\/tienda\/"},{"@type":"ListItem","position":2,"name":"Comprar 250mg THC Mist Spray 10ml \u2013 Facilidad"}]},{"@type":"WebSite","@id":"https:\/\/medicinasinc.com\/es\/#website","url":"https:\/\/medicinasinc.com\/es\/","name":"Medicinas Inc","description":"Cl\u00ednica M\u00e9dica de Salud","potentialAction":[{"@type":"SearchAction","target":{"@type":"EntryPoint","urlTemplate":"https:\/\/medicinasinc.com\/es\/?s={search_term_string}"},"query-input":{"@type":"PropertyValueSpecification","valueRequired":true,"valueName":"search_term_string"}}],"inLanguage":"es"}]}},"_links":{"self":[{"href":"https:\/\/medicinasinc.com\/es\/wp-json\/wp\/v2\/product\/4338","targetHints":{"allow":["GET"]}}],"collection":[{"href":"https:\/\/medicinasinc.com\/es\/wp-json\/wp\/v2\/product"}],"about":[{"href":"https:\/\/medicinasinc.com\/es\/wp-json\/wp\/v2\/types\/product"}],"replies":[{"embeddable":true,"href":"https:\/\/medicinasinc.com\/es\/wp-json\/wp\/v2\/comments?post=4338"}],"wp:featuredmedia":[{"embeddable":true,"href":"https:\/\/medicinasinc.com\/es\/wp-json\/wp\/v2\/media\/4371"}],"wp:attachment":[{"href":"https:\/\/medicinasinc.com\/es\/wp-json\/wp\/v2\/media?parent=4338"}],"wp:term":[{"taxonomy":"product_brand","embeddable":true,"href":"https:\/\/medicinasinc.com\/es\/wp-json\/wp\/v2\/product_brand?post=4338"},{"taxonomy":"product_cat","embeddable":true,"href":"https:\/\/medicinasinc.com\/es\/wp-json\/wp\/v2\/product_cat?post=4338"},{"taxonomy":"product_tag","embeddable":true,"href":"https:\/\/medicinasinc.com\/es\/wp-json\/wp\/v2\/product_tag?post=4338"}],"curies":[{"name":"wp","href":"https:\/\/api.w.org\/{rel}","templated":true}]}}