{"id":4333,"date":"2022-02-20T08:26:46","date_gmt":"2022-02-20T08:26:46","guid":{"rendered":"https:\/\/medicinasinc.com\/es\/?post_type=product&#038;p=4333"},"modified":"2022-03-22T01:15:22","modified_gmt":"2022-03-22T01:15:22","slug":"comprar-capsulas-de-aceite-de-semilla-de-canamo-100mg-thc","status":"publish","type":"product","link":"https:\/\/medicinasinc.com\/es\/product\/comprar-capsulas-de-aceite-de-semilla-de-canamo-100mg-thc\/","title":{"rendered":"Compre c\u00e1psulas de aceite de semilla de c\u00e1\u00f1amo de 100 mg de THC"},"content":{"rendered":"<p>Comprar c\u00e1psulas de aceite de semilla de c\u00e1\u00f1amo de 100 mg de THC<\/p>\n<p>Para distinguir estas c\u00e1psulas de las c\u00e1psulas de polvo de THC de inferior calidad pero ampliamente disponibles, cada c\u00e1psula contiene 100 mg de aceite de semilla de c\u00e1\u00f1amo con THC.<\/p>\n<p>Vendida en paquetes de tres<\/p>\n<p>Nuestras c\u00e1psulas de aceite de THC se derivan de toda la planta de Cannabis y son excepcionalmente ricas en terpenos. Estas c\u00e1psulas contienen el THC m\u00e1s puro y el aceite de semilla de c\u00e1\u00f1amo disponible. El aceite de semilla de c\u00e1\u00f1amo contiene una proporci\u00f3n de 3:1 de \u00e1cidos grasos omega 6 y omega 3, lo que cumple con los requisitos \u00f3ptimos para una salud a largo plazo. Cada lote de aceite de THC se prueba en laboratorio para garantizar su pureza y seguridad.<\/p>\n","protected":false},"excerpt":{"rendered":"<p>Comprar 100 mg de THC C\u00e1psulas de aceite de semilla de c\u00e1\u00f1amo para la venta est\u00e1n formuladas a partir de toda la planta de cannabis y son ricas en terpenos. Estas c\u00e1psulas contienen THC y aceite de semilla de c\u00e1\u00f1amo de la m\u00e1s alta calidad.<\/p>\n<ul>\n<li>Env\u00edo mundial<\/li>\n<li>Cada c\u00e1psula contiene 100 mg de THC.<\/li>\n<li>Cada botella contiene 3 c\u00e1psulas.<\/li>\n<li>La cantidad m\u00ednima de pedido es de 5<strong><em>\u00a0botellas<\/em><\/strong><\/li>\n<li>Cont\u00e1ctenos para pedidos m\u00e1s grandes<\/li>\n<\/ul>\n","protected":false},"featured_media":4365,"comment_status":"open","ping_status":"closed","template":"","meta":[],"product_brand":[],"product_cat":[440],"product_tag":[],"class_list":{"0":"post-4333","1":"product","2":"type-product","3":"status-publish","4":"has-post-thumbnail","6":"product_cat-comprar-cannabis-cbd-oil","8":"first","9":"instock","10":"shipping-taxable","11":"purchasable","12":"product-type-variable","13":"has-default-attributes"},"yoast_head":"<!-- This site is optimized with the Yoast SEO plugin v27.3 - https:\/\/yoast.com\/product\/yoast-seo-wordpress\/ -->\n<title>Compre c\u00e1psulas de aceite de semilla de c\u00e1\u00f1amo THC de 100 mg - Best Global Meds<\/title>\n<meta name=\"description\" content=\"Las c\u00e1psulas de aceite de semilla de c\u00e1\u00f1amo de 100 mg de THC para la venta est\u00e1n formuladas a partir de toda la planta de cannabis y son ricas en terpenos. Estas c\u00e1psulas contienen THC de la m\u00e1s alta calidad y aceite de semilla de c\u00e1\u00f1amo.\" \/>\n<meta name=\"robots\" content=\"index, follow, max-snippet:-1, max-image-preview:large, max-video-preview:-1\" \/>\n<link rel=\"canonical\" href=\"https:\/\/medicinasinc.com\/es\/product\/comprar-capsulas-de-aceite-de-semilla-de-canamo-100mg-thc\/\" \/>\n<meta property=\"og:locale\" content=\"es_ES\" \/>\n<meta property=\"og:type\" content=\"article\" \/>\n<meta property=\"og:title\" content=\"Compre c\u00e1psulas de aceite de semilla de c\u00e1\u00f1amo THC de 100 mg - Best Global Meds\" \/>\n<meta property=\"og:description\" content=\"Las c\u00e1psulas de aceite de semilla de c\u00e1\u00f1amo de 100 mg de THC para la venta est\u00e1n formuladas a partir de toda la planta de cannabis y son ricas en terpenos. Estas c\u00e1psulas contienen THC de la m\u00e1s alta calidad y aceite de semilla de c\u00e1\u00f1amo.\" \/>\n<meta property=\"og:url\" content=\"https:\/\/medicinasinc.com\/es\/product\/comprar-capsulas-de-aceite-de-semilla-de-canamo-100mg-thc\/\" \/>\n<meta property=\"og:site_name\" content=\"Medicinas Inc\" \/>\n<meta property=\"article:modified_time\" content=\"2022-03-22T01:15:22+00:00\" \/>\n<meta property=\"og:image\" content=\"https:\/\/medicinasinc.com\/es\/wp-content\/uploads\/sites\/15\/2022\/02\/Buy-100mg-THC-Hemp-Seed-Oil-Capsules-2.jpg\" \/>\n\t<meta property=\"og:image:width\" content=\"344\" \/>\n\t<meta property=\"og:image:height\" content=\"400\" \/>\n\t<meta property=\"og:image:type\" content=\"image\/jpeg\" \/>\n<meta name=\"twitter:card\" content=\"summary_large_image\" \/>\n<meta name=\"twitter:label1\" content=\"Tiempo de lectura\" \/>\n\t<meta name=\"twitter:data1\" content=\"1 minuto\" \/>\n<script type=\"application\/ld+json\" class=\"yoast-schema-graph\">{\"@context\":\"https:\\\/\\\/schema.org\",\"@graph\":[{\"@type\":\"WebPage\",\"@id\":\"https:\\\/\\\/medicinasinc.com\\\/es\\\/product\\\/comprar-capsulas-de-aceite-de-semilla-de-canamo-100mg-thc\\\/\",\"url\":\"https:\\\/\\\/medicinasinc.com\\\/es\\\/product\\\/comprar-capsulas-de-aceite-de-semilla-de-canamo-100mg-thc\\\/\",\"name\":\"Compre c\u00e1psulas de aceite de semilla de c\u00e1\u00f1amo THC de 100 mg - Best Global Meds\",\"isPartOf\":{\"@id\":\"https:\\\/\\\/medicinasinc.com\\\/es\\\/#website\"},\"primaryImageOfPage\":{\"@id\":\"https:\\\/\\\/medicinasinc.com\\\/es\\\/product\\\/comprar-capsulas-de-aceite-de-semilla-de-canamo-100mg-thc\\\/#primaryimage\"},\"image\":{\"@id\":\"https:\\\/\\\/medicinasinc.com\\\/es\\\/product\\\/comprar-capsulas-de-aceite-de-semilla-de-canamo-100mg-thc\\\/#primaryimage\"},\"thumbnailUrl\":\"https:\\\/\\\/medicinasinc.com\\\/es\\\/wp-content\\\/uploads\\\/sites\\\/15\\\/2022\\\/02\\\/Buy-100mg-THC-Hemp-Seed-Oil-Capsules-2.jpg\",\"datePublished\":\"2022-02-20T08:26:46+00:00\",\"dateModified\":\"2022-03-22T01:15:22+00:00\",\"description\":\"Las c\u00e1psulas de aceite de semilla de c\u00e1\u00f1amo de 100 mg de THC para la venta est\u00e1n formuladas a partir de toda la planta de cannabis y son ricas en terpenos. Estas c\u00e1psulas contienen THC de la m\u00e1s alta calidad y aceite de semilla de c\u00e1\u00f1amo.\",\"breadcrumb\":{\"@id\":\"https:\\\/\\\/medicinasinc.com\\\/es\\\/product\\\/comprar-capsulas-de-aceite-de-semilla-de-canamo-100mg-thc\\\/#breadcrumb\"},\"inLanguage\":\"es\",\"potentialAction\":[{\"@type\":\"ReadAction\",\"target\":[\"https:\\\/\\\/medicinasinc.com\\\/es\\\/product\\\/comprar-capsulas-de-aceite-de-semilla-de-canamo-100mg-thc\\\/\"]}]},{\"@type\":\"ImageObject\",\"inLanguage\":\"es\",\"@id\":\"https:\\\/\\\/medicinasinc.com\\\/es\\\/product\\\/comprar-capsulas-de-aceite-de-semilla-de-canamo-100mg-thc\\\/#primaryimage\",\"url\":\"https:\\\/\\\/medicinasinc.com\\\/es\\\/wp-content\\\/uploads\\\/sites\\\/15\\\/2022\\\/02\\\/Buy-100mg-THC-Hemp-Seed-Oil-Capsules-2.jpg\",\"contentUrl\":\"https:\\\/\\\/medicinasinc.com\\\/es\\\/wp-content\\\/uploads\\\/sites\\\/15\\\/2022\\\/02\\\/Buy-100mg-THC-Hemp-Seed-Oil-Capsules-2.jpg\",\"width\":344,\"height\":400},{\"@type\":\"BreadcrumbList\",\"@id\":\"https:\\\/\\\/medicinasinc.com\\\/es\\\/product\\\/comprar-capsulas-de-aceite-de-semilla-de-canamo-100mg-thc\\\/#breadcrumb\",\"itemListElement\":[{\"@type\":\"ListItem\",\"position\":1,\"name\":\"Tienda\",\"item\":\"https:\\\/\\\/medicinasinc.com\\\/es\\\/tienda\\\/\"},{\"@type\":\"ListItem\",\"position\":2,\"name\":\"Compre c\u00e1psulas de aceite de semilla de c\u00e1\u00f1amo de 100 mg de THC\"}]},{\"@type\":\"WebSite\",\"@id\":\"https:\\\/\\\/medicinasinc.com\\\/es\\\/#website\",\"url\":\"https:\\\/\\\/medicinasinc.com\\\/es\\\/\",\"name\":\"Medicinas Inc\",\"description\":\"Cl\u00ednica M\u00e9dica de Salud\",\"potentialAction\":[{\"@type\":\"SearchAction\",\"target\":{\"@type\":\"EntryPoint\",\"urlTemplate\":\"https:\\\/\\\/medicinasinc.com\\\/es\\\/?s={search_term_string}\"},\"query-input\":{\"@type\":\"PropertyValueSpecification\",\"valueRequired\":true,\"valueName\":\"search_term_string\"}}],\"inLanguage\":\"es\"}]}<\/script>\n<!-- \/ Yoast SEO plugin. -->","yoast_head_json":{"title":"Compre c\u00e1psulas de aceite de semilla de c\u00e1\u00f1amo THC de 100 mg - Best Global Meds","description":"Las c\u00e1psulas de aceite de semilla de c\u00e1\u00f1amo de 100 mg de THC para la venta est\u00e1n formuladas a partir de toda la planta de cannabis y son ricas en terpenos. Estas c\u00e1psulas contienen THC de la m\u00e1s alta calidad y aceite de semilla de c\u00e1\u00f1amo.","robots":{"index":"index","follow":"follow","max-snippet":"max-snippet:-1","max-image-preview":"max-image-preview:large","max-video-preview":"max-video-preview:-1"},"canonical":"https:\/\/medicinasinc.com\/es\/product\/comprar-capsulas-de-aceite-de-semilla-de-canamo-100mg-thc\/","og_locale":"es_ES","og_type":"article","og_title":"Compre c\u00e1psulas de aceite de semilla de c\u00e1\u00f1amo THC de 100 mg - Best Global Meds","og_description":"Las c\u00e1psulas de aceite de semilla de c\u00e1\u00f1amo de 100 mg de THC para la venta est\u00e1n formuladas a partir de toda la planta de cannabis y son ricas en terpenos. Estas c\u00e1psulas contienen THC de la m\u00e1s alta calidad y aceite de semilla de c\u00e1\u00f1amo.","og_url":"https:\/\/medicinasinc.com\/es\/product\/comprar-capsulas-de-aceite-de-semilla-de-canamo-100mg-thc\/","og_site_name":"Medicinas Inc","article_modified_time":"2022-03-22T01:15:22+00:00","og_image":[{"width":344,"height":400,"url":"https:\/\/medicinasinc.com\/es\/wp-content\/uploads\/sites\/15\/2022\/02\/Buy-100mg-THC-Hemp-Seed-Oil-Capsules-2.jpg","type":"image\/jpeg"}],"twitter_card":"summary_large_image","twitter_misc":{"Tiempo de lectura":"1 minuto"},"schema":{"@context":"https:\/\/schema.org","@graph":[{"@type":"WebPage","@id":"https:\/\/medicinasinc.com\/es\/product\/comprar-capsulas-de-aceite-de-semilla-de-canamo-100mg-thc\/","url":"https:\/\/medicinasinc.com\/es\/product\/comprar-capsulas-de-aceite-de-semilla-de-canamo-100mg-thc\/","name":"Compre c\u00e1psulas de aceite de semilla de c\u00e1\u00f1amo THC de 100 mg - Best Global Meds","isPartOf":{"@id":"https:\/\/medicinasinc.com\/es\/#website"},"primaryImageOfPage":{"@id":"https:\/\/medicinasinc.com\/es\/product\/comprar-capsulas-de-aceite-de-semilla-de-canamo-100mg-thc\/#primaryimage"},"image":{"@id":"https:\/\/medicinasinc.com\/es\/product\/comprar-capsulas-de-aceite-de-semilla-de-canamo-100mg-thc\/#primaryimage"},"thumbnailUrl":"https:\/\/medicinasinc.com\/es\/wp-content\/uploads\/sites\/15\/2022\/02\/Buy-100mg-THC-Hemp-Seed-Oil-Capsules-2.jpg","datePublished":"2022-02-20T08:26:46+00:00","dateModified":"2022-03-22T01:15:22+00:00","description":"Las c\u00e1psulas de aceite de semilla de c\u00e1\u00f1amo de 100 mg de THC para la venta est\u00e1n formuladas a partir de toda la planta de cannabis y son ricas en terpenos. Estas c\u00e1psulas contienen THC de la m\u00e1s alta calidad y aceite de semilla de c\u00e1\u00f1amo.","breadcrumb":{"@id":"https:\/\/medicinasinc.com\/es\/product\/comprar-capsulas-de-aceite-de-semilla-de-canamo-100mg-thc\/#breadcrumb"},"inLanguage":"es","potentialAction":[{"@type":"ReadAction","target":["https:\/\/medicinasinc.com\/es\/product\/comprar-capsulas-de-aceite-de-semilla-de-canamo-100mg-thc\/"]}]},{"@type":"ImageObject","inLanguage":"es","@id":"https:\/\/medicinasinc.com\/es\/product\/comprar-capsulas-de-aceite-de-semilla-de-canamo-100mg-thc\/#primaryimage","url":"https:\/\/medicinasinc.com\/es\/wp-content\/uploads\/sites\/15\/2022\/02\/Buy-100mg-THC-Hemp-Seed-Oil-Capsules-2.jpg","contentUrl":"https:\/\/medicinasinc.com\/es\/wp-content\/uploads\/sites\/15\/2022\/02\/Buy-100mg-THC-Hemp-Seed-Oil-Capsules-2.jpg","width":344,"height":400},{"@type":"BreadcrumbList","@id":"https:\/\/medicinasinc.com\/es\/product\/comprar-capsulas-de-aceite-de-semilla-de-canamo-100mg-thc\/#breadcrumb","itemListElement":[{"@type":"ListItem","position":1,"name":"Tienda","item":"https:\/\/medicinasinc.com\/es\/tienda\/"},{"@type":"ListItem","position":2,"name":"Compre c\u00e1psulas de aceite de semilla de c\u00e1\u00f1amo de 100 mg de THC"}]},{"@type":"WebSite","@id":"https:\/\/medicinasinc.com\/es\/#website","url":"https:\/\/medicinasinc.com\/es\/","name":"Medicinas Inc","description":"Cl\u00ednica M\u00e9dica de Salud","potentialAction":[{"@type":"SearchAction","target":{"@type":"EntryPoint","urlTemplate":"https:\/\/medicinasinc.com\/es\/?s={search_term_string}"},"query-input":{"@type":"PropertyValueSpecification","valueRequired":true,"valueName":"search_term_string"}}],"inLanguage":"es"}]}},"_links":{"self":[{"href":"https:\/\/medicinasinc.com\/es\/wp-json\/wp\/v2\/product\/4333","targetHints":{"allow":["GET"]}}],"collection":[{"href":"https:\/\/medicinasinc.com\/es\/wp-json\/wp\/v2\/product"}],"about":[{"href":"https:\/\/medicinasinc.com\/es\/wp-json\/wp\/v2\/types\/product"}],"replies":[{"embeddable":true,"href":"https:\/\/medicinasinc.com\/es\/wp-json\/wp\/v2\/comments?post=4333"}],"wp:featuredmedia":[{"embeddable":true,"href":"https:\/\/medicinasinc.com\/es\/wp-json\/wp\/v2\/media\/4365"}],"wp:attachment":[{"href":"https:\/\/medicinasinc.com\/es\/wp-json\/wp\/v2\/media?parent=4333"}],"wp:term":[{"taxonomy":"product_brand","embeddable":true,"href":"https:\/\/medicinasinc.com\/es\/wp-json\/wp\/v2\/product_brand?post=4333"},{"taxonomy":"product_cat","embeddable":true,"href":"https:\/\/medicinasinc.com\/es\/wp-json\/wp\/v2\/product_cat?post=4333"},{"taxonomy":"product_tag","embeddable":true,"href":"https:\/\/medicinasinc.com\/es\/wp-json\/wp\/v2\/product_tag?post=4333"}],"curies":[{"name":"wp","href":"https:\/\/api.w.org\/{rel}","templated":true}]}}