{"id":4332,"date":"2022-02-20T08:26:42","date_gmt":"2022-02-20T08:26:42","guid":{"rendered":"https:\/\/medicinasinc.com\/es\/?post_type=product&#038;p=4332"},"modified":"2022-03-22T01:15:33","modified_gmt":"2022-03-22T01:15:33","slug":"comprar-1000mg-thc-sabor-tintura-keey","status":"publish","type":"product","link":"https:\/\/medicinasinc.com\/es\/product\/comprar-1000mg-thc-sabor-tintura-keey\/","title":{"rendered":"Comprar tintura con sabor a THC de 1000 mg \u2013 Keey"},"content":{"rendered":"<h1>Comprar tintura con sabor a THC de 1000 mg: Keey<\/h1>\n<p>Menta verde, ar\u00e1ndano, cereza, manzana verde, mango, naranja, fresa, sand\u00eda<\/p>\n","protected":false},"excerpt":{"rendered":"<p>Comprar tintura con sabor a THC de 1000 mg &#8211; Keey a la venta en l\u00ednea Europa, Reino Unido del dispensario en l\u00ednea m\u00e1s grande, Buy My Weed Online.<\/p>\n<ul>\n<li>Env\u00edo a todo el mundo<\/li>\n<li>La cantidad m\u00ednima de pedido es de 5 botellas<\/li>\n<li> Cont\u00e1ctenos para pedidos m\u00e1s grandes<\/li>\n<\/ul>\n","protected":false},"featured_media":4362,"comment_status":"open","ping_status":"closed","template":"","meta":[],"product_brand":[],"product_cat":[440],"product_tag":[],"class_list":{"0":"post-4332","1":"product","2":"type-product","3":"status-publish","4":"has-post-thumbnail","6":"product_cat-comprar-cannabis-cbd-oil","8":"first","9":"instock","10":"shipping-taxable","11":"purchasable","12":"product-type-simple"},"yoast_head":"<!-- This site is optimized with the Yoast SEO plugin v27.3 - https:\/\/yoast.com\/product\/yoast-seo-wordpress\/ -->\n<title>Compre tintura con sabor a THC de 1000 mg - Keey - Best Global Meds<\/title>\n<meta name=\"description\" content=\"Compre 1000 mg de tintura con sabor a THC - Keey a la venta en l\u00ednea en Europa, Reino Unido en el dispensario en l\u00ednea m\u00e1s grande, Buy My Weed Online.\" \/>\n<meta name=\"robots\" content=\"index, follow, max-snippet:-1, max-image-preview:large, max-video-preview:-1\" \/>\n<link rel=\"canonical\" href=\"https:\/\/medicinasinc.com\/es\/product\/comprar-1000mg-thc-sabor-tintura-keey\/\" \/>\n<meta property=\"og:locale\" content=\"es_ES\" \/>\n<meta property=\"og:type\" content=\"article\" \/>\n<meta property=\"og:title\" content=\"Compre tintura con sabor a THC de 1000 mg - Keey - Best Global Meds\" \/>\n<meta property=\"og:description\" content=\"Compre 1000 mg de tintura con sabor a THC - Keey a la venta en l\u00ednea en Europa, Reino Unido en el dispensario en l\u00ednea m\u00e1s grande, Buy My Weed Online.\" \/>\n<meta property=\"og:url\" content=\"https:\/\/medicinasinc.com\/es\/product\/comprar-1000mg-thc-sabor-tintura-keey\/\" \/>\n<meta property=\"og:site_name\" content=\"Medicinas Inc\" \/>\n<meta property=\"article:modified_time\" content=\"2022-03-22T01:15:33+00:00\" \/>\n<meta property=\"og:image\" content=\"https:\/\/medicinasinc.com\/es\/wp-content\/uploads\/sites\/15\/2022\/02\/Buy-1000mg-THC-Flavoured-Tincture.jpg\" \/>\n\t<meta property=\"og:image:width\" content=\"600\" \/>\n\t<meta property=\"og:image:height\" content=\"600\" \/>\n\t<meta property=\"og:image:type\" content=\"image\/jpeg\" \/>\n<meta name=\"twitter:card\" content=\"summary_large_image\" \/>\n<meta name=\"twitter:label1\" content=\"Tiempo de lectura\" \/>\n\t<meta name=\"twitter:data1\" content=\"1 minuto\" \/>\n<script type=\"application\/ld+json\" class=\"yoast-schema-graph\">{\"@context\":\"https:\\\/\\\/schema.org\",\"@graph\":[{\"@type\":\"WebPage\",\"@id\":\"https:\\\/\\\/medicinasinc.com\\\/es\\\/product\\\/comprar-1000mg-thc-sabor-tintura-keey\\\/\",\"url\":\"https:\\\/\\\/medicinasinc.com\\\/es\\\/product\\\/comprar-1000mg-thc-sabor-tintura-keey\\\/\",\"name\":\"Compre tintura con sabor a THC de 1000 mg - Keey - Best Global Meds\",\"isPartOf\":{\"@id\":\"https:\\\/\\\/medicinasinc.com\\\/es\\\/#website\"},\"primaryImageOfPage\":{\"@id\":\"https:\\\/\\\/medicinasinc.com\\\/es\\\/product\\\/comprar-1000mg-thc-sabor-tintura-keey\\\/#primaryimage\"},\"image\":{\"@id\":\"https:\\\/\\\/medicinasinc.com\\\/es\\\/product\\\/comprar-1000mg-thc-sabor-tintura-keey\\\/#primaryimage\"},\"thumbnailUrl\":\"https:\\\/\\\/medicinasinc.com\\\/es\\\/wp-content\\\/uploads\\\/sites\\\/15\\\/2022\\\/02\\\/Buy-1000mg-THC-Flavoured-Tincture.jpg\",\"datePublished\":\"2022-02-20T08:26:42+00:00\",\"dateModified\":\"2022-03-22T01:15:33+00:00\",\"description\":\"Compre 1000 mg de tintura con sabor a THC - Keey a la venta en l\u00ednea en Europa, Reino Unido en el dispensario en l\u00ednea m\u00e1s grande, Buy My Weed Online.\",\"breadcrumb\":{\"@id\":\"https:\\\/\\\/medicinasinc.com\\\/es\\\/product\\\/comprar-1000mg-thc-sabor-tintura-keey\\\/#breadcrumb\"},\"inLanguage\":\"es\",\"potentialAction\":[{\"@type\":\"ReadAction\",\"target\":[\"https:\\\/\\\/medicinasinc.com\\\/es\\\/product\\\/comprar-1000mg-thc-sabor-tintura-keey\\\/\"]}]},{\"@type\":\"ImageObject\",\"inLanguage\":\"es\",\"@id\":\"https:\\\/\\\/medicinasinc.com\\\/es\\\/product\\\/comprar-1000mg-thc-sabor-tintura-keey\\\/#primaryimage\",\"url\":\"https:\\\/\\\/medicinasinc.com\\\/es\\\/wp-content\\\/uploads\\\/sites\\\/15\\\/2022\\\/02\\\/Buy-1000mg-THC-Flavoured-Tincture.jpg\",\"contentUrl\":\"https:\\\/\\\/medicinasinc.com\\\/es\\\/wp-content\\\/uploads\\\/sites\\\/15\\\/2022\\\/02\\\/Buy-1000mg-THC-Flavoured-Tincture.jpg\",\"width\":600,\"height\":600},{\"@type\":\"BreadcrumbList\",\"@id\":\"https:\\\/\\\/medicinasinc.com\\\/es\\\/product\\\/comprar-1000mg-thc-sabor-tintura-keey\\\/#breadcrumb\",\"itemListElement\":[{\"@type\":\"ListItem\",\"position\":1,\"name\":\"Tienda\",\"item\":\"https:\\\/\\\/medicinasinc.com\\\/es\\\/tienda\\\/\"},{\"@type\":\"ListItem\",\"position\":2,\"name\":\"Comprar tintura con sabor a THC de 1000 mg \u2013 Keey\"}]},{\"@type\":\"WebSite\",\"@id\":\"https:\\\/\\\/medicinasinc.com\\\/es\\\/#website\",\"url\":\"https:\\\/\\\/medicinasinc.com\\\/es\\\/\",\"name\":\"Medicinas Inc\",\"description\":\"Cl\u00ednica M\u00e9dica de Salud\",\"potentialAction\":[{\"@type\":\"SearchAction\",\"target\":{\"@type\":\"EntryPoint\",\"urlTemplate\":\"https:\\\/\\\/medicinasinc.com\\\/es\\\/?s={search_term_string}\"},\"query-input\":{\"@type\":\"PropertyValueSpecification\",\"valueRequired\":true,\"valueName\":\"search_term_string\"}}],\"inLanguage\":\"es\"}]}<\/script>\n<!-- \/ Yoast SEO plugin. -->","yoast_head_json":{"title":"Compre tintura con sabor a THC de 1000 mg - Keey - Best Global Meds","description":"Compre 1000 mg de tintura con sabor a THC - Keey a la venta en l\u00ednea en Europa, Reino Unido en el dispensario en l\u00ednea m\u00e1s grande, Buy My Weed Online.","robots":{"index":"index","follow":"follow","max-snippet":"max-snippet:-1","max-image-preview":"max-image-preview:large","max-video-preview":"max-video-preview:-1"},"canonical":"https:\/\/medicinasinc.com\/es\/product\/comprar-1000mg-thc-sabor-tintura-keey\/","og_locale":"es_ES","og_type":"article","og_title":"Compre tintura con sabor a THC de 1000 mg - Keey - Best Global Meds","og_description":"Compre 1000 mg de tintura con sabor a THC - Keey a la venta en l\u00ednea en Europa, Reino Unido en el dispensario en l\u00ednea m\u00e1s grande, Buy My Weed Online.","og_url":"https:\/\/medicinasinc.com\/es\/product\/comprar-1000mg-thc-sabor-tintura-keey\/","og_site_name":"Medicinas Inc","article_modified_time":"2022-03-22T01:15:33+00:00","og_image":[{"width":600,"height":600,"url":"https:\/\/medicinasinc.com\/es\/wp-content\/uploads\/sites\/15\/2022\/02\/Buy-1000mg-THC-Flavoured-Tincture.jpg","type":"image\/jpeg"}],"twitter_card":"summary_large_image","twitter_misc":{"Tiempo de lectura":"1 minuto"},"schema":{"@context":"https:\/\/schema.org","@graph":[{"@type":"WebPage","@id":"https:\/\/medicinasinc.com\/es\/product\/comprar-1000mg-thc-sabor-tintura-keey\/","url":"https:\/\/medicinasinc.com\/es\/product\/comprar-1000mg-thc-sabor-tintura-keey\/","name":"Compre tintura con sabor a THC de 1000 mg - Keey - Best Global Meds","isPartOf":{"@id":"https:\/\/medicinasinc.com\/es\/#website"},"primaryImageOfPage":{"@id":"https:\/\/medicinasinc.com\/es\/product\/comprar-1000mg-thc-sabor-tintura-keey\/#primaryimage"},"image":{"@id":"https:\/\/medicinasinc.com\/es\/product\/comprar-1000mg-thc-sabor-tintura-keey\/#primaryimage"},"thumbnailUrl":"https:\/\/medicinasinc.com\/es\/wp-content\/uploads\/sites\/15\/2022\/02\/Buy-1000mg-THC-Flavoured-Tincture.jpg","datePublished":"2022-02-20T08:26:42+00:00","dateModified":"2022-03-22T01:15:33+00:00","description":"Compre 1000 mg de tintura con sabor a THC - Keey a la venta en l\u00ednea en Europa, Reino Unido en el dispensario en l\u00ednea m\u00e1s grande, Buy My Weed Online.","breadcrumb":{"@id":"https:\/\/medicinasinc.com\/es\/product\/comprar-1000mg-thc-sabor-tintura-keey\/#breadcrumb"},"inLanguage":"es","potentialAction":[{"@type":"ReadAction","target":["https:\/\/medicinasinc.com\/es\/product\/comprar-1000mg-thc-sabor-tintura-keey\/"]}]},{"@type":"ImageObject","inLanguage":"es","@id":"https:\/\/medicinasinc.com\/es\/product\/comprar-1000mg-thc-sabor-tintura-keey\/#primaryimage","url":"https:\/\/medicinasinc.com\/es\/wp-content\/uploads\/sites\/15\/2022\/02\/Buy-1000mg-THC-Flavoured-Tincture.jpg","contentUrl":"https:\/\/medicinasinc.com\/es\/wp-content\/uploads\/sites\/15\/2022\/02\/Buy-1000mg-THC-Flavoured-Tincture.jpg","width":600,"height":600},{"@type":"BreadcrumbList","@id":"https:\/\/medicinasinc.com\/es\/product\/comprar-1000mg-thc-sabor-tintura-keey\/#breadcrumb","itemListElement":[{"@type":"ListItem","position":1,"name":"Tienda","item":"https:\/\/medicinasinc.com\/es\/tienda\/"},{"@type":"ListItem","position":2,"name":"Comprar tintura con sabor a THC de 1000 mg \u2013 Keey"}]},{"@type":"WebSite","@id":"https:\/\/medicinasinc.com\/es\/#website","url":"https:\/\/medicinasinc.com\/es\/","name":"Medicinas Inc","description":"Cl\u00ednica M\u00e9dica de Salud","potentialAction":[{"@type":"SearchAction","target":{"@type":"EntryPoint","urlTemplate":"https:\/\/medicinasinc.com\/es\/?s={search_term_string}"},"query-input":{"@type":"PropertyValueSpecification","valueRequired":true,"valueName":"search_term_string"}}],"inLanguage":"es"}]}},"_links":{"self":[{"href":"https:\/\/medicinasinc.com\/es\/wp-json\/wp\/v2\/product\/4332","targetHints":{"allow":["GET"]}}],"collection":[{"href":"https:\/\/medicinasinc.com\/es\/wp-json\/wp\/v2\/product"}],"about":[{"href":"https:\/\/medicinasinc.com\/es\/wp-json\/wp\/v2\/types\/product"}],"replies":[{"embeddable":true,"href":"https:\/\/medicinasinc.com\/es\/wp-json\/wp\/v2\/comments?post=4332"}],"wp:featuredmedia":[{"embeddable":true,"href":"https:\/\/medicinasinc.com\/es\/wp-json\/wp\/v2\/media\/4362"}],"wp:attachment":[{"href":"https:\/\/medicinasinc.com\/es\/wp-json\/wp\/v2\/media?parent=4332"}],"wp:term":[{"taxonomy":"product_brand","embeddable":true,"href":"https:\/\/medicinasinc.com\/es\/wp-json\/wp\/v2\/product_brand?post=4332"},{"taxonomy":"product_cat","embeddable":true,"href":"https:\/\/medicinasinc.com\/es\/wp-json\/wp\/v2\/product_cat?post=4332"},{"taxonomy":"product_tag","embeddable":true,"href":"https:\/\/medicinasinc.com\/es\/wp-json\/wp\/v2\/product_tag?post=4332"}],"curies":[{"name":"wp","href":"https:\/\/api.w.org\/{rel}","templated":true}]}}