{"id":4327,"date":"2022-02-20T08:26:03","date_gmt":"2022-02-20T08:26:03","guid":{"rendered":"https:\/\/medicinasinc.com\/es\/?post_type=product&#038;p=4327"},"modified":"2022-03-22T01:15:43","modified_gmt":"2022-03-22T01:15:43","slug":"destilado-tintura-1000mg-thc-verde-diosa","status":"publish","type":"product","link":"https:\/\/medicinasinc.com\/es\/product\/destilado-tintura-1000mg-thc-verde-diosa\/","title":{"rendered":"Tintura Destilada &#8211; 1000mg THC &#8211; Diosa Verde"},"content":{"rendered":"<p>Green Goddess: tintura de THC de 1000 mg<\/p>\n<p>Las gotas de tintura de Green Goddess tienen varias ventajas sobre otros m\u00e9todos de administraci\u00f3n de cannabinoides m\u00e9dicos: un frasco de 30 ml con una aplicaci\u00f3n de gotas f\u00e1cil de usar permite una dosificaci\u00f3n sublingual precisa y confiable. La mucosa oral facilita la absorci\u00f3n r\u00e1pida y constante en el torrente sangu\u00edneo. El sistema digestivo y el h\u00edgado no est\u00e1n involucrados en el procesamiento de estas tinturas, como lo est\u00e1n con los cannabinoides ingeridos por v\u00eda oral que se encuentran en los comestibles. Discreto e ideal para no fumadores que buscan los beneficios del THC pero carecen de la capacidad respiratoria necesaria para fumar.<\/p>\n<p>Elaborado a partir de un extracto de la planta de cannabis entera. Agregamos un aceite C8+C10 totalmente natural, una fuente 100 % org\u00e1nica derivada del coco de potentes \u00e1cidos grasos de cadena media que ayudan al cuerpo y la mente a rendir al m\u00e1ximo. Se ha agregado saborizante natural.<\/p>\n<p>Ingredientes:<\/p>\n<p>Aceite MCT infundido con extracto de planta de cannabis (THC)<\/p>\n<p>Sugerencias de uso<\/p>\n<p>1 -2 goteros cada tres o cuatro horas, col\u00f3quese debajo de la lengua y sost\u00e9ngalo durante 30 segundos para obtener el m\u00e1ximo alivio. Consulte a su m\u00e9dico para determinar la dosis adecuada. No se recomienda tomar con el est\u00f3mago vac\u00edo.<\/p>\n","protected":false},"excerpt":{"rendered":"<p>Nuestro aceite de c\u00e1\u00f1amo premium CBD Distillate 1000mg THC Tincture tiene 1000 mg de CBD extra\u00eddos del c\u00e1\u00f1amo org\u00e1nico cultivado en Colorado. \u00a1Toma esta tintura todos los d\u00edas para el bienestar potenciado por las plantas!<\/p>\n<ul>\n<li>Env\u00edo a todo el mundo<\/li>\n<li>1000 mg de THC por 30 ml<\/li>\n<li>La cantidad m\u00ednima de pedido es 5<\/li>\n<li>Cont\u00e1ctenos para pedidos m\u00e1s grandes<\/li>\n<\/ul>\n","protected":false},"featured_media":4357,"comment_status":"open","ping_status":"closed","template":"","meta":[],"product_brand":[],"product_cat":[440],"product_tag":[],"class_list":{"0":"post-4327","1":"product","2":"type-product","3":"status-publish","4":"has-post-thumbnail","6":"product_cat-comprar-cannabis-cbd-oil","8":"first","9":"instock","10":"shipping-taxable","11":"purchasable","12":"product-type-variable","13":"has-default-attributes"},"yoast_head":"<!-- This site is optimized with the Yoast SEO plugin v27.3 - https:\/\/yoast.com\/product\/yoast-seo-wordpress\/ -->\n<title>Tintura destilada de THC de 1000 mg - Diosa verde - Best Global Meds<\/title>\n<meta name=\"description\" content=\"Nuestro aceite de c\u00e1\u00f1amo premium CBD Distillate 1000mg THC Tincture tiene 1000 mg de CBD extra\u00eddos del c\u00e1\u00f1amo org\u00e1nico cultivado en Colorado. \u00a1Toma esta tintura diariamente para el bienestar alimentado por plantas!\" \/>\n<meta name=\"robots\" content=\"index, follow, max-snippet:-1, max-image-preview:large, max-video-preview:-1\" \/>\n<link rel=\"canonical\" href=\"https:\/\/medicinasinc.com\/es\/product\/destilado-tintura-1000mg-thc-verde-diosa\/\" \/>\n<meta property=\"og:locale\" content=\"es_ES\" \/>\n<meta property=\"og:type\" content=\"article\" \/>\n<meta property=\"og:title\" content=\"Tintura destilada de THC de 1000 mg - Diosa verde - Best Global Meds\" \/>\n<meta property=\"og:description\" content=\"Nuestro aceite de c\u00e1\u00f1amo premium CBD Distillate 1000mg THC Tincture tiene 1000 mg de CBD extra\u00eddos del c\u00e1\u00f1amo org\u00e1nico cultivado en Colorado. \u00a1Toma esta tintura diariamente para el bienestar alimentado por plantas!\" \/>\n<meta property=\"og:url\" content=\"https:\/\/medicinasinc.com\/es\/product\/destilado-tintura-1000mg-thc-verde-diosa\/\" \/>\n<meta property=\"og:site_name\" content=\"Medicinas Inc\" \/>\n<meta property=\"article:modified_time\" content=\"2022-03-22T01:15:43+00:00\" \/>\n<meta property=\"og:image\" content=\"https:\/\/medicinasinc.com\/es\/wp-content\/uploads\/sites\/15\/2022\/02\/1000mg-THC-Tincture.jpg\" \/>\n\t<meta property=\"og:image:width\" content=\"600\" \/>\n\t<meta property=\"og:image:height\" content=\"600\" \/>\n\t<meta property=\"og:image:type\" content=\"image\/jpeg\" \/>\n<meta name=\"twitter:card\" content=\"summary_large_image\" \/>\n<meta name=\"twitter:label1\" content=\"Tiempo de lectura\" \/>\n\t<meta name=\"twitter:data1\" content=\"1 minuto\" \/>\n<script type=\"application\/ld+json\" class=\"yoast-schema-graph\">{\"@context\":\"https:\\\/\\\/schema.org\",\"@graph\":[{\"@type\":\"WebPage\",\"@id\":\"https:\\\/\\\/medicinasinc.com\\\/es\\\/product\\\/destilado-tintura-1000mg-thc-verde-diosa\\\/\",\"url\":\"https:\\\/\\\/medicinasinc.com\\\/es\\\/product\\\/destilado-tintura-1000mg-thc-verde-diosa\\\/\",\"name\":\"Tintura destilada de THC de 1000 mg - Diosa verde - Best Global Meds\",\"isPartOf\":{\"@id\":\"https:\\\/\\\/medicinasinc.com\\\/es\\\/#website\"},\"primaryImageOfPage\":{\"@id\":\"https:\\\/\\\/medicinasinc.com\\\/es\\\/product\\\/destilado-tintura-1000mg-thc-verde-diosa\\\/#primaryimage\"},\"image\":{\"@id\":\"https:\\\/\\\/medicinasinc.com\\\/es\\\/product\\\/destilado-tintura-1000mg-thc-verde-diosa\\\/#primaryimage\"},\"thumbnailUrl\":\"https:\\\/\\\/medicinasinc.com\\\/es\\\/wp-content\\\/uploads\\\/sites\\\/15\\\/2022\\\/02\\\/1000mg-THC-Tincture.jpg\",\"datePublished\":\"2022-02-20T08:26:03+00:00\",\"dateModified\":\"2022-03-22T01:15:43+00:00\",\"description\":\"Nuestro aceite de c\u00e1\u00f1amo premium CBD Distillate 1000mg THC Tincture tiene 1000 mg de CBD extra\u00eddos del c\u00e1\u00f1amo org\u00e1nico cultivado en Colorado. \u00a1Toma esta tintura diariamente para el bienestar alimentado por plantas!\",\"breadcrumb\":{\"@id\":\"https:\\\/\\\/medicinasinc.com\\\/es\\\/product\\\/destilado-tintura-1000mg-thc-verde-diosa\\\/#breadcrumb\"},\"inLanguage\":\"es\",\"potentialAction\":[{\"@type\":\"ReadAction\",\"target\":[\"https:\\\/\\\/medicinasinc.com\\\/es\\\/product\\\/destilado-tintura-1000mg-thc-verde-diosa\\\/\"]}]},{\"@type\":\"ImageObject\",\"inLanguage\":\"es\",\"@id\":\"https:\\\/\\\/medicinasinc.com\\\/es\\\/product\\\/destilado-tintura-1000mg-thc-verde-diosa\\\/#primaryimage\",\"url\":\"https:\\\/\\\/medicinasinc.com\\\/es\\\/wp-content\\\/uploads\\\/sites\\\/15\\\/2022\\\/02\\\/1000mg-THC-Tincture.jpg\",\"contentUrl\":\"https:\\\/\\\/medicinasinc.com\\\/es\\\/wp-content\\\/uploads\\\/sites\\\/15\\\/2022\\\/02\\\/1000mg-THC-Tincture.jpg\",\"width\":600,\"height\":600},{\"@type\":\"BreadcrumbList\",\"@id\":\"https:\\\/\\\/medicinasinc.com\\\/es\\\/product\\\/destilado-tintura-1000mg-thc-verde-diosa\\\/#breadcrumb\",\"itemListElement\":[{\"@type\":\"ListItem\",\"position\":1,\"name\":\"Tienda\",\"item\":\"https:\\\/\\\/medicinasinc.com\\\/es\\\/tienda\\\/\"},{\"@type\":\"ListItem\",\"position\":2,\"name\":\"Tintura Destilada &#8211; 1000mg THC &#8211; Diosa Verde\"}]},{\"@type\":\"WebSite\",\"@id\":\"https:\\\/\\\/medicinasinc.com\\\/es\\\/#website\",\"url\":\"https:\\\/\\\/medicinasinc.com\\\/es\\\/\",\"name\":\"Medicinas Inc\",\"description\":\"Cl\u00ednica M\u00e9dica de Salud\",\"potentialAction\":[{\"@type\":\"SearchAction\",\"target\":{\"@type\":\"EntryPoint\",\"urlTemplate\":\"https:\\\/\\\/medicinasinc.com\\\/es\\\/?s={search_term_string}\"},\"query-input\":{\"@type\":\"PropertyValueSpecification\",\"valueRequired\":true,\"valueName\":\"search_term_string\"}}],\"inLanguage\":\"es\"}]}<\/script>\n<!-- \/ Yoast SEO plugin. -->","yoast_head_json":{"title":"Tintura destilada de THC de 1000 mg - Diosa verde - Best Global Meds","description":"Nuestro aceite de c\u00e1\u00f1amo premium CBD Distillate 1000mg THC Tincture tiene 1000 mg de CBD extra\u00eddos del c\u00e1\u00f1amo org\u00e1nico cultivado en Colorado. \u00a1Toma esta tintura diariamente para el bienestar alimentado por plantas!","robots":{"index":"index","follow":"follow","max-snippet":"max-snippet:-1","max-image-preview":"max-image-preview:large","max-video-preview":"max-video-preview:-1"},"canonical":"https:\/\/medicinasinc.com\/es\/product\/destilado-tintura-1000mg-thc-verde-diosa\/","og_locale":"es_ES","og_type":"article","og_title":"Tintura destilada de THC de 1000 mg - Diosa verde - Best Global Meds","og_description":"Nuestro aceite de c\u00e1\u00f1amo premium CBD Distillate 1000mg THC Tincture tiene 1000 mg de CBD extra\u00eddos del c\u00e1\u00f1amo org\u00e1nico cultivado en Colorado. \u00a1Toma esta tintura diariamente para el bienestar alimentado por plantas!","og_url":"https:\/\/medicinasinc.com\/es\/product\/destilado-tintura-1000mg-thc-verde-diosa\/","og_site_name":"Medicinas Inc","article_modified_time":"2022-03-22T01:15:43+00:00","og_image":[{"width":600,"height":600,"url":"https:\/\/medicinasinc.com\/es\/wp-content\/uploads\/sites\/15\/2022\/02\/1000mg-THC-Tincture.jpg","type":"image\/jpeg"}],"twitter_card":"summary_large_image","twitter_misc":{"Tiempo de lectura":"1 minuto"},"schema":{"@context":"https:\/\/schema.org","@graph":[{"@type":"WebPage","@id":"https:\/\/medicinasinc.com\/es\/product\/destilado-tintura-1000mg-thc-verde-diosa\/","url":"https:\/\/medicinasinc.com\/es\/product\/destilado-tintura-1000mg-thc-verde-diosa\/","name":"Tintura destilada de THC de 1000 mg - Diosa verde - Best Global Meds","isPartOf":{"@id":"https:\/\/medicinasinc.com\/es\/#website"},"primaryImageOfPage":{"@id":"https:\/\/medicinasinc.com\/es\/product\/destilado-tintura-1000mg-thc-verde-diosa\/#primaryimage"},"image":{"@id":"https:\/\/medicinasinc.com\/es\/product\/destilado-tintura-1000mg-thc-verde-diosa\/#primaryimage"},"thumbnailUrl":"https:\/\/medicinasinc.com\/es\/wp-content\/uploads\/sites\/15\/2022\/02\/1000mg-THC-Tincture.jpg","datePublished":"2022-02-20T08:26:03+00:00","dateModified":"2022-03-22T01:15:43+00:00","description":"Nuestro aceite de c\u00e1\u00f1amo premium CBD Distillate 1000mg THC Tincture tiene 1000 mg de CBD extra\u00eddos del c\u00e1\u00f1amo org\u00e1nico cultivado en Colorado. \u00a1Toma esta tintura diariamente para el bienestar alimentado por plantas!","breadcrumb":{"@id":"https:\/\/medicinasinc.com\/es\/product\/destilado-tintura-1000mg-thc-verde-diosa\/#breadcrumb"},"inLanguage":"es","potentialAction":[{"@type":"ReadAction","target":["https:\/\/medicinasinc.com\/es\/product\/destilado-tintura-1000mg-thc-verde-diosa\/"]}]},{"@type":"ImageObject","inLanguage":"es","@id":"https:\/\/medicinasinc.com\/es\/product\/destilado-tintura-1000mg-thc-verde-diosa\/#primaryimage","url":"https:\/\/medicinasinc.com\/es\/wp-content\/uploads\/sites\/15\/2022\/02\/1000mg-THC-Tincture.jpg","contentUrl":"https:\/\/medicinasinc.com\/es\/wp-content\/uploads\/sites\/15\/2022\/02\/1000mg-THC-Tincture.jpg","width":600,"height":600},{"@type":"BreadcrumbList","@id":"https:\/\/medicinasinc.com\/es\/product\/destilado-tintura-1000mg-thc-verde-diosa\/#breadcrumb","itemListElement":[{"@type":"ListItem","position":1,"name":"Tienda","item":"https:\/\/medicinasinc.com\/es\/tienda\/"},{"@type":"ListItem","position":2,"name":"Tintura Destilada &#8211; 1000mg THC &#8211; Diosa Verde"}]},{"@type":"WebSite","@id":"https:\/\/medicinasinc.com\/es\/#website","url":"https:\/\/medicinasinc.com\/es\/","name":"Medicinas Inc","description":"Cl\u00ednica M\u00e9dica de Salud","potentialAction":[{"@type":"SearchAction","target":{"@type":"EntryPoint","urlTemplate":"https:\/\/medicinasinc.com\/es\/?s={search_term_string}"},"query-input":{"@type":"PropertyValueSpecification","valueRequired":true,"valueName":"search_term_string"}}],"inLanguage":"es"}]}},"_links":{"self":[{"href":"https:\/\/medicinasinc.com\/es\/wp-json\/wp\/v2\/product\/4327","targetHints":{"allow":["GET"]}}],"collection":[{"href":"https:\/\/medicinasinc.com\/es\/wp-json\/wp\/v2\/product"}],"about":[{"href":"https:\/\/medicinasinc.com\/es\/wp-json\/wp\/v2\/types\/product"}],"replies":[{"embeddable":true,"href":"https:\/\/medicinasinc.com\/es\/wp-json\/wp\/v2\/comments?post=4327"}],"wp:featuredmedia":[{"embeddable":true,"href":"https:\/\/medicinasinc.com\/es\/wp-json\/wp\/v2\/media\/4357"}],"wp:attachment":[{"href":"https:\/\/medicinasinc.com\/es\/wp-json\/wp\/v2\/media?parent=4327"}],"wp:term":[{"taxonomy":"product_brand","embeddable":true,"href":"https:\/\/medicinasinc.com\/es\/wp-json\/wp\/v2\/product_brand?post=4327"},{"taxonomy":"product_cat","embeddable":true,"href":"https:\/\/medicinasinc.com\/es\/wp-json\/wp\/v2\/product_cat?post=4327"},{"taxonomy":"product_tag","embeddable":true,"href":"https:\/\/medicinasinc.com\/es\/wp-json\/wp\/v2\/product_tag?post=4327"}],"curies":[{"name":"wp","href":"https:\/\/api.w.org\/{rel}","templated":true}]}}