{"id":3,"date":"2022-02-19T02:31:18","date_gmt":"2022-02-19T02:31:18","guid":{"rendered":"https:\/\/medicinasinc.com\/es\/?page_id=3"},"modified":"2022-04-13T17:28:47","modified_gmt":"2022-04-13T17:28:47","slug":"politicas","status":"publish","type":"page","link":"https:\/\/medicinasinc.com\/es\/politicas\/","title":{"rendered":"Privacidad y T\u00e9rminos"},"content":{"rendered":"<p>[vc_section][vc_row][vc_column][vc_row_inner][vc_column_inner][vc_custom_heading text=\u00bbNuestras Pol\u00edticas\u00bb font_container=\u00bbtag:h1|text_align:left\u00bb use_theme_fonts=\u00bbyes\u00bb][vc_separator align=\u00bbalign_left\u00bb border_width=\u00bb2&#8243; el_width=\u00bb10&#8243;][\/vc_column_inner][\/vc_row_inner][\/vc_column][\/vc_row][vc_row][vc_column][vc_row_inner][vc_column_inner][vc_empty_space][vc_custom_heading text=\u00bb\u00bfTengo una pregunta?\u00bb use_theme_fonts=\u00bbyes\u00bb][\/vc_column_inner][\/vc_row_inner][vc_row_inner][vc_column_inner][vc_column_text]Eche un vistazo a las preguntas m\u00e1s frecuentes sobre Medicamentos a continuaci\u00f3n.<\/p>\n<p>Si hay una pregunta que est\u00e1 buscando pero no puede encontrarla, no dude en <strong>ponerse en contacto<\/strong> con nosotros.[\/vc_column_text][\/vc_column_inner][\/vc_row_inner][vc_row_inner][vc_column_inner][vc_btn title=\u00bbPonerse en contacto\u00bb link=\u00bburl:%2Fes%2Fcontacto%2F\u00bb][\/vc_column_inner][\/vc_row_inner][\/vc_column][\/vc_row][\/vc_section][vc_section][vc_row][vc_column][vc_row_inner][vc_column_inner][vc_empty_space height=\u00bb75px\u00bb][\/vc_column_inner][\/vc_row_inner][vc_row_inner][vc_column_inner][vc_column_text]<\/p>\n<ul>\n<li><a href=\"#shipping\">Pol\u00edtica de env\u00edo<\/a><\/li>\n<li><a href=\"#cancellation\">Pol\u00edtica de cancelaci\u00f3n de pedidos<\/a><\/li>\n<li><a href=\"#refund\">Pol\u00edtica de reembolso<\/a><\/li>\n<li><a href=\"#privacy\">Pol\u00edtica de privacidad<\/a><\/li>\n<li><a href=\"#disclaimer\">Descargo de responsabilidad<\/a><\/li>\n<\/ul>\n<p>[\/vc_column_text][\/vc_column_inner][\/vc_row_inner][\/vc_column][\/vc_row][\/vc_section][vc_section el_id=\u00bbshipping\u00bb][vc_row][vc_column][vc_row_inner][vc_column_inner][vc_empty_space height=\u00bb75px\u00bb][vc_custom_heading text=\u00bbPolitica de envios\u00bb use_theme_fonts=\u00bbyes\u00bb][\/vc_column_inner][\/vc_row_inner][vc_row_inner][vc_column_inner][vc_column_text]Los medicamentos que ofrecemos se fabrican y env\u00edan desde la India. Es un largo camino por lo que la entrega toma tiempo. Normalmente, los env\u00edos se entregan en un plazo de 10 a 17 d\u00edas, pero en algunos casos, puede haber un retraso de 5 d\u00edas m\u00e1s.<\/p>\n<p>En caso de no entrega despu\u00e9s de la fecha l\u00edmite, por favor cont\u00e1ctenos para informarnos del asunto. Haremos todo lo posible para ofrecerle la soluci\u00f3n que satisfaga plenamente sus intereses. Haz clic <a href=\"\/faq#shipping\" rel=\"nofollow\">aqu\u00ed<\/a> para obtener m\u00e1s informaci\u00f3n sobre el env\u00edo.[\/vc_column_text][\/vc_column_inner][\/vc_row_inner][\/vc_column][\/vc_row][\/vc_section][vc_section el_id=\u00bbcancellation\u00bb][vc_row][vc_column][vc_row_inner][vc_column_inner][vc_empty_space height=\u00bb75px\u00bb][vc_custom_heading text=\u00bbPol\u00edtica de cancelaci\u00f3n de pedidos\u00bb use_theme_fonts=\u00bbyes\u00bb][\/vc_column_inner][\/vc_row_inner][vc_row_inner][vc_column_inner][vc_column_text]Tenga en cuenta que aceptamos cancelaciones de pedidos \u00daNICAMENTE dentro de las 24 horas posteriores al env\u00edo del pedido. Si desea cancelar el pedido, debe comunicarse con nuestro equipo de soporte por tel\u00e9fono o correo electr\u00f3nico ( <a href=\"\/contact\/\" rel=\"nofollow\">Cont\u00e1ctenos<\/a> ) e informarles de su decisi\u00f3n. . En caso de que nos contacte despu\u00e9s de 24 horas, no se procesar\u00e1 ninguna cancelaci\u00f3n del pedido.<\/p>\n<p>Aseg\u00farese de insertar una direcci\u00f3n de env\u00edo v\u00e1lida en el formulario de pedido, le recomendamos que verifique dos veces las notas antes de enviar el pedido. Cualquier error puede causar la no entrega de los productos solicitados. Si ha notado que las notas de direcci\u00f3n se especificaron incorrectamente, cont\u00e1ctenos lo antes posible para informar del asunto ( <a href=\"\/contact\/\" rel=\"nofollow\">Cont\u00e1ctenos<\/a> ).[\/vc_column_text][\/vc_column_inner][\/vc_row_inner][\/vc_column][\/vc_row][\/vc_section][vc_section el_id=\u00bbrefund\u00bb][vc_row][vc_column][vc_row_inner][vc_column_inner][vc_empty_space height=\u00bb75px\u00bb][vc_custom_heading text=\u00bbPolitica de reembolso\u00bb use_theme_fonts=\u00bbyes\u00bb][\/vc_column_inner][\/vc_row_inner][vc_row_inner][vc_column_inner][vc_column_text]Los medicamentos que ofrecemos son gen\u00e9ricamente equivalentes a sus contrapartes de marca. Garantizamos que son qu\u00edmicamente iguales y tienen el mismo efecto m\u00e9dico.<\/p>\n<p>En caso de que no est\u00e9 satisfecho con el efecto que producen nuestros medicamentos, <a href=\"\/contact\/\" rel=\"nofollow\">cont\u00e1ctenos<\/a> para informar el problema. Le proporcionaremos la direcci\u00f3n de devoluci\u00f3n y tan pronto como nuestro departamento de devoluciones reciba el producto, iniciaremos el procedimiento de reembolso.<\/p>\n<p>Antes de ponerse en contacto con nosotros, aseg\u00farese de tomar la dosis correcta de los productos y siga las instrucciones de uso. Tenga en cuenta que los efectos pueden reducirse con los alimentos grasos y el alcohol que toma antes de la pesta\u00f1a.<\/p>\n<p>En caso de <strong>no entrega del producto<\/strong> antes de la fecha l\u00edmite (la entrega demora entre 10 y 17 d\u00edas, puede haber una demora adicional de 5 d\u00edas para el control de aduanas) puede comunicarse con nuestro equipo de soporte ( &lt; a href=\u00bb\/contact\/\u00bb rel=\u00bbnofollow\u00bb&gt;Cont\u00e1ctenos ) para calificar para un reembolso. Su pago ser\u00e1 reembolsado en su totalidad a su tarjeta de cr\u00e9dito. El procedimiento de reembolso suele tardar entre 5 y 7 d\u00edas h\u00e1biles, despu\u00e9s de este per\u00edodo, el reembolso se ver\u00e1 reflejado en el estado de cuenta de su tarjeta de cr\u00e9dito.<\/p>\n<p>Debido a la naturaleza espec\u00edfica de los productos que ofrecemos, no aceptamos devoluciones. Nadie puede garantizar que se cumplan las condiciones de almacenamiento durante el transporte del pedido, por lo que no podemos aceptarlas aunque el paquete permanezca sin abrir.[\/vc_column_text][\/vc_column_inner][\/vc_row_inner][\/vc_column][\/vc_row][\/vc_section][vc_section el_id=\u00bbprivacy\u00bb][vc_row][vc_column][vc_row_inner][vc_column_inner][vc_empty_space height=\u00bb75px\u00bb][vc_custom_heading text=\u00bbPol\u00edtica de privacidad\u00bb use_theme_fonts=\u00bbyes\u00bb][\/vc_column_inner][\/vc_row_inner][vc_row_inner][vc_column_inner][vc_column_text]Entendemos que la privacidad de toda la informaci\u00f3n que proporcione es de primordial importancia. Es por eso que hacemos todo lo posible para usarlo con cuidado y sensatez. Esta informaci\u00f3n nunca se comparte con otras empresas o proveedores de servicios de terceros.<\/p>\n<p>Todas las transacciones en nuestra p\u00e1gina de pago son 100% seguras. Protegemos la seguridad de su informaci\u00f3n utilizando el software Secure Sockets Layer (SSL) de 256 bits, que encripta toda la informaci\u00f3n que ingresa. Adem\u00e1s, nuestros servidores de facturaci\u00f3n est\u00e1n certificados por agencias independientes y acreditadas que garantizan que mantenemos su informaci\u00f3n segura y privada.<\/p>\n<p>Solo los \u00faltimos 4 d\u00edgitos de su tarjeta de cr\u00e9dito se reflejan en nuestra base de datos, por lo que incluso nuestros operadores de atenci\u00f3n al cliente no tienen acceso a la informaci\u00f3n de la tarjeta de cr\u00e9dito.[\/vc_column_text][\/vc_column_inner][\/vc_row_inner][\/vc_column][\/vc_row][\/vc_section][vc_section el_id=\u00bbdisclaimer\u00bb][vc_row][vc_column][vc_row_inner][vc_column_inner][vc_empty_space height=\u00bb75px\u00bb][vc_custom_heading text=\u00bbDescargo de responsabilidad\u00bb use_theme_fonts=\u00bbyes\u00bb][\/vc_column_inner][\/vc_row_inner][vc_row_inner][vc_column_inner][vc_column_text]Nuestra empresa no es responsable y renuncia expresamente a toda responsabilidad por cualquier retraso en la entrega que no supere los 10 d\u00edas despu\u00e9s de la fecha estimada de entrega especificada. 10 (diez) d\u00edas despu\u00e9s de la fecha estimada de entrega especificada, o el siguiente d\u00eda h\u00e1bil, en caso de un d\u00eda festivo local, se considera como fecha l\u00edmite.<\/p>\n<p>Nuestra empresa no es responsable de la entrega fallida en caso de que el Cliente haya especificado una direcci\u00f3n insuficiente, una direcci\u00f3n incorrecta o una direcci\u00f3n que no conduzca a una entrega exitosa de ninguna otra manera.<br \/>\nNuestra empresa no es responsable de la entrega fallida en caso de que el Cliente no reclame el paquete, lo rechace o impida una entrega exitosa de cualquier otra manera. Todos los reenv\u00edos en tales casos se realizan \u00fanicamente a trav\u00e9s de Correo Regular Internacional.<\/p>\n<p>Nuestra empresa no es responsable y renuncia expresamente a toda responsabilidad por la entrega de cualquier producto gen\u00e9rico que no cumpla con las expectativas del Cliente seg\u00fan criterios tales como: color, forma y tama\u00f1o de la p\u00edldora, presencia de cualquier marca impresa o marcada en la p\u00edldora, llevar un nombre comercial o estar fabricado por un fabricante diferente al que el Cliente esperaba obtener.<br \/>\nPara cualquier producto gen\u00e9rico, toda la informaci\u00f3n del producto presentada en el sitio web, como, entre otros, miniaturas, im\u00e1genes de productos, nombres de fabricantes y nombres comerciales, se encuentran all\u00ed \u00fanicamente con fines informativos.<\/p>\n<p>Nuestra empresa no es responsable y renuncia expresamente a toda responsabilidad por la falta de eficiencia del producto recibido en caso de que el producto haya sido comprado para un uso no indicado en la etiqueta.<\/p>\n<p>Al realizar un pedido con nuestra empresa, usted confirma que ha le\u00eddo, entendido y est\u00e1 de acuerdo con este aviso legal. Cualquier acci\u00f3n realizada para reclamar su pago por cualquiera de los motivos enumerados anteriormente se considerar\u00e1 una acci\u00f3n fraudulenta y puede dar lugar a acciones legales y la prohibici\u00f3n de nuestro sistema.[\/vc_column_text][\/vc_column_inner][\/vc_row_inner][\/vc_column][\/vc_row][\/vc_section]<\/p>\n","protected":false},"excerpt":{"rendered":"<p>[vc_section][vc_row][vc_column][vc_row_inner][vc_column_inner][vc_custom_heading text=\u00bbNuestras Pol\u00edticas\u00bb font_container=\u00bbtag:h1|text_align:left\u00bb use_theme_fonts=\u00bbyes\u00bb][vc_separator align=\u00bbalign_left\u00bb border_width=\u00bb2&#8243; el_width=\u00bb10&#8243;][\/vc_column_inner][\/vc_row_inner][\/vc_column][\/vc_row][vc_row][vc_column][vc_row_inner][vc_column_inner][vc_empty_space][vc_custom_heading text=\u00bb\u00bfTengo una pregunta?\u00bb use_theme_fonts=\u00bbyes\u00bb][\/vc_column_inner][\/vc_row_inner][vc_row_inner][vc_column_inner][vc_column_text]Eche un vistazo a las preguntas m\u00e1s frecuentes sobre Medicamentos a continuaci\u00f3n. Si hay una pregunta que est\u00e1 buscando pero no puede encontrarla, no dude en ponerse en contacto con nosotros.[\/vc_column_text][\/vc_column_inner][\/vc_row_inner][vc_row_inner][vc_column_inner][vc_btn title=\u00bbPonerse en contacto\u00bb link=\u00bburl:%2Fes%2Fcontacto%2F\u00bb][\/vc_column_inner][\/vc_row_inner][\/vc_column][\/vc_row][\/vc_section][vc_section][vc_row][vc_column][vc_row_inner][vc_column_inner][vc_empty_space height=\u00bb75px\u00bb][\/vc_column_inner][\/vc_row_inner][vc_row_inner][vc_column_inner][vc_column_text] Pol\u00edtica de env\u00edo Pol\u00edtica de cancelaci\u00f3n de pedidos<\/p>\n","protected":false},"author":1,"featured_media":6021,"parent":0,"menu_order":0,"comment_status":"closed","ping_status":"closed","template":"","meta":{"footnotes":""},"class_list":["post-3","page","type-page","status-publish","has-post-thumbnail","hentry"],"yoast_head":"<!-- This site is optimized with the Yoast SEO plugin v27.3 - https:\/\/yoast.com\/product\/yoast-seo-wordpress\/ -->\n<title>Privacidad y T\u00e9rminos - Medicinas Inc<\/title>\n<meta name=\"robots\" content=\"index, follow, max-snippet:-1, max-image-preview:large, max-video-preview:-1\" \/>\n<link rel=\"canonical\" href=\"https:\/\/medicinasinc.com\/es\/politicas\/\" \/>\n<meta property=\"og:locale\" content=\"es_ES\" \/>\n<meta property=\"og:type\" content=\"article\" \/>\n<meta property=\"og:title\" content=\"Privacidad y T\u00e9rminos - Medicinas Inc\" \/>\n<meta property=\"og:description\" content=\"[vc_section][vc_row][vc_column][vc_row_inner][vc_column_inner][vc_custom_heading text=\u00bbNuestras Pol\u00edticas\u00bb font_container=\u00bbtag:h1|text_align:left\u00bb use_theme_fonts=\u00bbyes\u00bb][vc_separator align=\u00bbalign_left\u00bb border_width=\u00bb2&#8243; el_width=\u00bb10&#8243;][\/vc_column_inner][\/vc_row_inner][\/vc_column][\/vc_row][vc_row][vc_column][vc_row_inner][vc_column_inner][vc_empty_space][vc_custom_heading text=\u00bb\u00bfTengo una pregunta?\u00bb use_theme_fonts=\u00bbyes\u00bb][\/vc_column_inner][\/vc_row_inner][vc_row_inner][vc_column_inner][vc_column_text]Eche un vistazo a las preguntas m\u00e1s frecuentes sobre Medicamentos a continuaci\u00f3n. Si hay una pregunta que est\u00e1 buscando pero no puede encontrarla, no dude en ponerse en contacto con nosotros.[\/vc_column_text][\/vc_column_inner][\/vc_row_inner][vc_row_inner][vc_column_inner][vc_btn title=\u00bbPonerse en contacto\u00bb link=\u00bburl:%2Fes%2Fcontacto%2F\u00bb][\/vc_column_inner][\/vc_row_inner][\/vc_column][\/vc_row][\/vc_section][vc_section][vc_row][vc_column][vc_row_inner][vc_column_inner][vc_empty_space height=\u00bb75px\u00bb][\/vc_column_inner][\/vc_row_inner][vc_row_inner][vc_column_inner][vc_column_text] Pol\u00edtica de env\u00edo Pol\u00edtica de cancelaci\u00f3n de pedidos\" \/>\n<meta property=\"og:url\" content=\"https:\/\/medicinasinc.com\/es\/politicas\/\" \/>\n<meta property=\"og:site_name\" content=\"Medicinas Inc\" \/>\n<meta property=\"article:modified_time\" content=\"2022-04-13T17:28:47+00:00\" \/>\n<meta name=\"twitter:card\" content=\"summary_large_image\" \/>\n<meta name=\"twitter:label1\" content=\"Tiempo de lectura\" \/>\n\t<meta name=\"twitter:data1\" content=\"5 minutos\" \/>\n<script type=\"application\/ld+json\" class=\"yoast-schema-graph\">{\"@context\":\"https:\\\/\\\/schema.org\",\"@graph\":[{\"@type\":\"WebPage\",\"@id\":\"https:\\\/\\\/medicinasinc.com\\\/es\\\/politicas\\\/\",\"url\":\"https:\\\/\\\/medicinasinc.com\\\/es\\\/politicas\\\/\",\"name\":\"Privacidad y T\u00e9rminos - Medicinas Inc\",\"isPartOf\":{\"@id\":\"https:\\\/\\\/medicinasinc.com\\\/es\\\/#website\"},\"primaryImageOfPage\":{\"@id\":\"https:\\\/\\\/medicinasinc.com\\\/es\\\/politicas\\\/#primaryimage\"},\"image\":{\"@id\":\"https:\\\/\\\/medicinasinc.com\\\/es\\\/politicas\\\/#primaryimage\"},\"thumbnailUrl\":\"https:\\\/\\\/medicinasinc.com\\\/es\\\/wp-content\\\/uploads\\\/sites\\\/15\\\/2022\\\/04\\\/woocommerce-placeholder-medicinasinc.com_.png\",\"datePublished\":\"2022-02-19T02:31:18+00:00\",\"dateModified\":\"2022-04-13T17:28:47+00:00\",\"inLanguage\":\"es\",\"potentialAction\":[{\"@type\":\"ReadAction\",\"target\":[\"https:\\\/\\\/medicinasinc.com\\\/es\\\/politicas\\\/\"]}]},{\"@type\":\"ImageObject\",\"inLanguage\":\"es\",\"@id\":\"https:\\\/\\\/medicinasinc.com\\\/es\\\/politicas\\\/#primaryimage\",\"url\":\"https:\\\/\\\/medicinasinc.com\\\/es\\\/wp-content\\\/uploads\\\/sites\\\/15\\\/2022\\\/04\\\/woocommerce-placeholder-medicinasinc.com_.png\",\"contentUrl\":\"https:\\\/\\\/medicinasinc.com\\\/es\\\/wp-content\\\/uploads\\\/sites\\\/15\\\/2022\\\/04\\\/woocommerce-placeholder-medicinasinc.com_.png\",\"width\":1200,\"height\":1200},{\"@type\":\"WebSite\",\"@id\":\"https:\\\/\\\/medicinasinc.com\\\/es\\\/#website\",\"url\":\"https:\\\/\\\/medicinasinc.com\\\/es\\\/\",\"name\":\"Medicinas Inc\",\"description\":\"Cl\u00ednica M\u00e9dica de Salud\",\"potentialAction\":[{\"@type\":\"SearchAction\",\"target\":{\"@type\":\"EntryPoint\",\"urlTemplate\":\"https:\\\/\\\/medicinasinc.com\\\/es\\\/?s={search_term_string}\"},\"query-input\":{\"@type\":\"PropertyValueSpecification\",\"valueRequired\":true,\"valueName\":\"search_term_string\"}}],\"inLanguage\":\"es\"}]}<\/script>\n<!-- \/ Yoast SEO plugin. -->","yoast_head_json":{"title":"Privacidad y T\u00e9rminos - Medicinas Inc","robots":{"index":"index","follow":"follow","max-snippet":"max-snippet:-1","max-image-preview":"max-image-preview:large","max-video-preview":"max-video-preview:-1"},"canonical":"https:\/\/medicinasinc.com\/es\/politicas\/","og_locale":"es_ES","og_type":"article","og_title":"Privacidad y T\u00e9rminos - Medicinas Inc","og_description":"[vc_section][vc_row][vc_column][vc_row_inner][vc_column_inner][vc_custom_heading text=\u00bbNuestras Pol\u00edticas\u00bb font_container=\u00bbtag:h1|text_align:left\u00bb use_theme_fonts=\u00bbyes\u00bb][vc_separator align=\u00bbalign_left\u00bb border_width=\u00bb2&#8243; el_width=\u00bb10&#8243;][\/vc_column_inner][\/vc_row_inner][\/vc_column][\/vc_row][vc_row][vc_column][vc_row_inner][vc_column_inner][vc_empty_space][vc_custom_heading text=\u00bb\u00bfTengo una pregunta?\u00bb use_theme_fonts=\u00bbyes\u00bb][\/vc_column_inner][\/vc_row_inner][vc_row_inner][vc_column_inner][vc_column_text]Eche un vistazo a las preguntas m\u00e1s frecuentes sobre Medicamentos a continuaci\u00f3n. Si hay una pregunta que est\u00e1 buscando pero no puede encontrarla, no dude en ponerse en contacto con nosotros.[\/vc_column_text][\/vc_column_inner][\/vc_row_inner][vc_row_inner][vc_column_inner][vc_btn title=\u00bbPonerse en contacto\u00bb link=\u00bburl:%2Fes%2Fcontacto%2F\u00bb][\/vc_column_inner][\/vc_row_inner][\/vc_column][\/vc_row][\/vc_section][vc_section][vc_row][vc_column][vc_row_inner][vc_column_inner][vc_empty_space height=\u00bb75px\u00bb][\/vc_column_inner][\/vc_row_inner][vc_row_inner][vc_column_inner][vc_column_text] Pol\u00edtica de env\u00edo Pol\u00edtica de cancelaci\u00f3n de pedidos","og_url":"https:\/\/medicinasinc.com\/es\/politicas\/","og_site_name":"Medicinas Inc","article_modified_time":"2022-04-13T17:28:47+00:00","twitter_card":"summary_large_image","twitter_misc":{"Tiempo de lectura":"5 minutos"},"schema":{"@context":"https:\/\/schema.org","@graph":[{"@type":"WebPage","@id":"https:\/\/medicinasinc.com\/es\/politicas\/","url":"https:\/\/medicinasinc.com\/es\/politicas\/","name":"Privacidad y T\u00e9rminos - Medicinas Inc","isPartOf":{"@id":"https:\/\/medicinasinc.com\/es\/#website"},"primaryImageOfPage":{"@id":"https:\/\/medicinasinc.com\/es\/politicas\/#primaryimage"},"image":{"@id":"https:\/\/medicinasinc.com\/es\/politicas\/#primaryimage"},"thumbnailUrl":"https:\/\/medicinasinc.com\/es\/wp-content\/uploads\/sites\/15\/2022\/04\/woocommerce-placeholder-medicinasinc.com_.png","datePublished":"2022-02-19T02:31:18+00:00","dateModified":"2022-04-13T17:28:47+00:00","inLanguage":"es","potentialAction":[{"@type":"ReadAction","target":["https:\/\/medicinasinc.com\/es\/politicas\/"]}]},{"@type":"ImageObject","inLanguage":"es","@id":"https:\/\/medicinasinc.com\/es\/politicas\/#primaryimage","url":"https:\/\/medicinasinc.com\/es\/wp-content\/uploads\/sites\/15\/2022\/04\/woocommerce-placeholder-medicinasinc.com_.png","contentUrl":"https:\/\/medicinasinc.com\/es\/wp-content\/uploads\/sites\/15\/2022\/04\/woocommerce-placeholder-medicinasinc.com_.png","width":1200,"height":1200},{"@type":"WebSite","@id":"https:\/\/medicinasinc.com\/es\/#website","url":"https:\/\/medicinasinc.com\/es\/","name":"Medicinas Inc","description":"Cl\u00ednica M\u00e9dica de Salud","potentialAction":[{"@type":"SearchAction","target":{"@type":"EntryPoint","urlTemplate":"https:\/\/medicinasinc.com\/es\/?s={search_term_string}"},"query-input":{"@type":"PropertyValueSpecification","valueRequired":true,"valueName":"search_term_string"}}],"inLanguage":"es"}]}},"_links":{"self":[{"href":"https:\/\/medicinasinc.com\/es\/wp-json\/wp\/v2\/pages\/3","targetHints":{"allow":["GET"]}}],"collection":[{"href":"https:\/\/medicinasinc.com\/es\/wp-json\/wp\/v2\/pages"}],"about":[{"href":"https:\/\/medicinasinc.com\/es\/wp-json\/wp\/v2\/types\/page"}],"author":[{"embeddable":true,"href":"https:\/\/medicinasinc.com\/es\/wp-json\/wp\/v2\/users\/1"}],"replies":[{"embeddable":true,"href":"https:\/\/medicinasinc.com\/es\/wp-json\/wp\/v2\/comments?post=3"}],"version-history":[{"count":0,"href":"https:\/\/medicinasinc.com\/es\/wp-json\/wp\/v2\/pages\/3\/revisions"}],"wp:featuredmedia":[{"embeddable":true,"href":"https:\/\/medicinasinc.com\/es\/wp-json\/wp\/v2\/media\/6021"}],"wp:attachment":[{"href":"https:\/\/medicinasinc.com\/es\/wp-json\/wp\/v2\/media?parent=3"}],"curies":[{"name":"wp","href":"https:\/\/api.w.org\/{rel}","templated":true}]}}