{"id":5926,"date":"2022-02-22T08:28:02","date_gmt":"2022-02-22T08:28:02","guid":{"rendered":"https:\/\/medicinasinc.com\/de\/?post_type=product&#038;p=5926"},"modified":"2022-03-18T00:06:27","modified_gmt":"2022-03-18T00:06:27","slug":"kauf-thj-018","status":"publish","type":"product","link":"https:\/\/medicinasinc.com\/de\/product\/kauf-thj-018\/","title":{"rendered":"Kaufen Sie THJ-018"},"content":{"rendered":"<p>Trotz der zunehmenden Pr\u00e4valenz neuartiger psychoaktiver Verbindungen sind derzeit keine Daten zum menschlichen Metabolismus verf\u00fcgbar, was die Labordokumentation der Einnahme in Urinproben und die Beurteilung der pharmakodynamischen, pharmakokinetischen und toxikologischen Eigenschaften der Arzneimittel erschwert.<\/p>\n<p>Synthetische Cannabis-Indazol-Analoga von JWH-018 und THJ-2201 wurden 2014 als THJ-018 und THJ-2201 ver\u00f6ffentlicht.<\/p>\n<p>THJ 018 ist ein brandneues synthetisches Medikament, das zum Kauf angeboten wird. Es wird als Cannabinoid eingestuft. Diese Verbindung ist ein Derivat der wohlbekannten Droge jwh 018.<\/p>\n<p>Das National Forensic Laboratory Information System hat laut AM-2201 220 THJ-2201-Berichte. Im Januar 2015 stufte die Drug Enforcement Administration THJ-2201 aufgrund vieler unerw\u00fcnschter Ereignisse als Schedule I ein.<\/p>\n<p>METHODEN: Nach Inkubation von 10 mol\/L THJ-018 und THJ-2201 in menschlichen Hepatozyten f\u00fcr 3 h, Wir haben hochaufl\u00f6sende Massenspektrometrie (HR-MS) (TripleTOF 5600+) eingesetzt, um optimale Metabolitenmarker zu entdecken. Produktions-Ionen-Scans mit Massendefektfiltern wurden durch vollst\u00e4ndigen Scan und informationsabh\u00e4ngige Erfassung aktiviert. MetaSite wurde verwendet, um in silico Metabolitenvorhersagen zu machen, die dann mit Metaboliten verglichen wurden, die in menschlichen Hepatozyten gefunden wurden.<\/p>\n<p>ERGEBNISSE: Dreizehn THJ-018-Metaboliten wurden gefunden, mit Hydroxylierung an der N-Pentylkette und anschlie\u00dfender Oxidation oder Glucuronidierung ist der vorherrschende Stoffwechselweg. In THJ-2201 wurden 27 Metaboliten gefunden, wobei es sich bei den meisten um oxidative Defluorierung gefolgt von Carboxylierung oder Glucuronidierung sowie Glucuronidierung von hydroxylierten Metaboliten handelte.<\/p>\n<p>Beide Verbindungen zeigten eine Dihydrodiolsynthese an der Naphthalineinheit. Die Vorhersage von MetaSite war f\u00fcr THJ-018-Hepatozyten-Metabolite genau, w\u00e4hrend die oxidative Defluorierung von THJ-2201 untersch\u00e4tzt wurde.<\/p>\n<p>SCHLUSSFOLGERUNGEN: Wir untersuchten den Metabolismus von THJ-018 und THJ-2201 in menschlichen Hepatozyten unter Verwendung von HR-MS zur Datenerfassung und Verarbeitung, und wir empfehlen relevante Indikatoren f\u00fcr Labors, um die Einnahme von THJ-018 und THJ-2201 zu identifizieren und dokumentierte Nebenwirkungen mit diesen neuen synthetischen Cannabinoiden in Beziehung zu setzen.<\/p>\n<p>SCs \u200b\u200bbinden an endogene Cannabinoidrezeptoren und erzeugen cannabimimetische Wirkungen, die mit 9 vergleichbar sind -Tetrahydrocannabinol (1, 2). Der Missbrauch von SC3 f\u00fchrt zu schwerwiegenden Nebenwirkungen wie akuten Nierensch\u00e4den, Myokardinfarkt und Tod (3, 4).<\/p>\n<p>Trotz dieser Risiken wird SC weiterhin konsumiert. Viele SCs sind in den USA, Japan und den meisten europ\u00e4ischen L\u00e4ndern geplant (z. B. JWH018, JWH-073, AKB48 und XLR-11); es entstehen jedoch st\u00e4ndig weitere strukturell ver\u00e4nderte Verbindungen.<\/p>\n","protected":false},"excerpt":{"rendered":"<p>Kaufen Sie THJ-018 (SGT-17) zum Verkauf Europa, Gro\u00dfbritannien ist ein synthetisches Cannabinoid, das das Indazol-Analogon von JWH-018 ist und online als Designerdroge verkauft wurde. Gro\u00dfhandelsbestellung verf\u00fcgbar<\/p>\n","protected":false},"featured_media":5940,"comment_status":"open","ping_status":"closed","template":"","meta":[],"product_brand":[],"product_cat":[2596],"product_tag":[4105,4107,4104,4106,4103,4108,4109],"class_list":{"0":"post-5926","1":"product","2":"type-product","3":"status-publish","4":"has-post-thumbnail","6":"product_cat-cannabinoide-zum-verkauf","7":"product_tag-thj-018-online-bestellen","8":"product_tag-der-beste-ort-um-thj-018-online-zu-kaufen","9":"product_tag-how-to-buy-thj-018-online","10":"product_tag-purchase-thj-018-online","11":"product_tag-thj-018-online-kaufen","12":"product_tag-thj-018-zu-verkaufen","13":"product_tag-wo-zu-kaufen-thj-018-online","15":"first","16":"instock","17":"shipping-taxable","18":"purchasable","19":"product-type-variable"},"yoast_head":"<!-- This site is optimized with the Yoast SEO plugin v27.3 - https:\/\/yoast.com\/product\/yoast-seo-wordpress\/ -->\n<title>Kaufen Sie THJ-018 - SGT-17 - Best Best Global Meds<\/title>\n<meta name=\"description\" content=\"Kaufen Sie THJ-018 (SGT-17) zum Verkauf Europa, Gro\u00dfbritannien ist ein synthetisches Cannabinoid, das das Indazol-Analogon von JWH-018 ist und online als Designerdroge verkauft wurde. Gro\u00dfhandelsbestellung verf\u00fcgbar\" \/>\n<meta name=\"robots\" content=\"index, follow, max-snippet:-1, max-image-preview:large, max-video-preview:-1\" \/>\n<link rel=\"canonical\" href=\"https:\/\/medicinasinc.com\/de\/product\/kauf-thj-018\/\" \/>\n<meta property=\"og:locale\" content=\"de_DE\" \/>\n<meta property=\"og:type\" content=\"article\" \/>\n<meta property=\"og:title\" content=\"Kaufen Sie THJ-018 - SGT-17 - Best Best Global Meds\" \/>\n<meta property=\"og:description\" content=\"Kaufen Sie THJ-018 (SGT-17) zum Verkauf Europa, Gro\u00dfbritannien ist ein synthetisches Cannabinoid, das das Indazol-Analogon von JWH-018 ist und online als Designerdroge verkauft wurde. Gro\u00dfhandelsbestellung verf\u00fcgbar\" \/>\n<meta property=\"og:url\" content=\"https:\/\/medicinasinc.com\/de\/product\/kauf-thj-018\/\" \/>\n<meta property=\"og:site_name\" content=\"Medicinas Inc\" \/>\n<meta property=\"article:modified_time\" content=\"2022-03-18T00:06:27+00:00\" \/>\n<meta property=\"og:image\" content=\"https:\/\/medicinasinc.com\/de\/wp-content\/uploads\/sites\/6\/2022\/02\/Buy-THJ-018.jpeg\" \/>\n\t<meta property=\"og:image:width\" content=\"751\" \/>\n\t<meta property=\"og:image:height\" content=\"800\" \/>\n\t<meta property=\"og:image:type\" content=\"image\/jpeg\" \/>\n<meta name=\"twitter:card\" content=\"summary_large_image\" \/>\n<meta name=\"twitter:label1\" content=\"Gesch\u00e4tzte Lesezeit\" \/>\n\t<meta name=\"twitter:data1\" content=\"2\u00a0Minuten\" \/>\n<script type=\"application\/ld+json\" class=\"yoast-schema-graph\">{\"@context\":\"https:\\\/\\\/schema.org\",\"@graph\":[{\"@type\":\"WebPage\",\"@id\":\"https:\\\/\\\/medicinasinc.com\\\/de\\\/product\\\/kauf-thj-018\\\/\",\"url\":\"https:\\\/\\\/medicinasinc.com\\\/de\\\/product\\\/kauf-thj-018\\\/\",\"name\":\"Kaufen Sie THJ-018 - SGT-17 - Best Best Global Meds\",\"isPartOf\":{\"@id\":\"https:\\\/\\\/medicinasinc.com\\\/de\\\/#website\"},\"primaryImageOfPage\":{\"@id\":\"https:\\\/\\\/medicinasinc.com\\\/de\\\/product\\\/kauf-thj-018\\\/#primaryimage\"},\"image\":{\"@id\":\"https:\\\/\\\/medicinasinc.com\\\/de\\\/product\\\/kauf-thj-018\\\/#primaryimage\"},\"thumbnailUrl\":\"https:\\\/\\\/medicinasinc.com\\\/de\\\/wp-content\\\/uploads\\\/sites\\\/6\\\/2022\\\/02\\\/Buy-THJ-018.jpeg\",\"datePublished\":\"2022-02-22T08:28:02+00:00\",\"dateModified\":\"2022-03-18T00:06:27+00:00\",\"description\":\"Kaufen Sie THJ-018 (SGT-17) zum Verkauf Europa, Gro\u00dfbritannien ist ein synthetisches Cannabinoid, das das Indazol-Analogon von JWH-018 ist und online als Designerdroge verkauft wurde. Gro\u00dfhandelsbestellung verf\u00fcgbar\",\"breadcrumb\":{\"@id\":\"https:\\\/\\\/medicinasinc.com\\\/de\\\/product\\\/kauf-thj-018\\\/#breadcrumb\"},\"inLanguage\":\"de\",\"potentialAction\":[{\"@type\":\"ReadAction\",\"target\":[\"https:\\\/\\\/medicinasinc.com\\\/de\\\/product\\\/kauf-thj-018\\\/\"]}]},{\"@type\":\"ImageObject\",\"inLanguage\":\"de\",\"@id\":\"https:\\\/\\\/medicinasinc.com\\\/de\\\/product\\\/kauf-thj-018\\\/#primaryimage\",\"url\":\"https:\\\/\\\/medicinasinc.com\\\/de\\\/wp-content\\\/uploads\\\/sites\\\/6\\\/2022\\\/02\\\/Buy-THJ-018.jpeg\",\"contentUrl\":\"https:\\\/\\\/medicinasinc.com\\\/de\\\/wp-content\\\/uploads\\\/sites\\\/6\\\/2022\\\/02\\\/Buy-THJ-018.jpeg\",\"width\":751,\"height\":800},{\"@type\":\"BreadcrumbList\",\"@id\":\"https:\\\/\\\/medicinasinc.com\\\/de\\\/product\\\/kauf-thj-018\\\/#breadcrumb\",\"itemListElement\":[{\"@type\":\"ListItem\",\"position\":1,\"name\":\"Einkaufen\",\"item\":\"https:\\\/\\\/medicinasinc.com\\\/de\\\/einkaufen\\\/\"},{\"@type\":\"ListItem\",\"position\":2,\"name\":\"Kaufen Sie THJ-018\"}]},{\"@type\":\"WebSite\",\"@id\":\"https:\\\/\\\/medicinasinc.com\\\/de\\\/#website\",\"url\":\"https:\\\/\\\/medicinasinc.com\\\/de\\\/\",\"name\":\"Medicinas Inc\",\"description\":\"Health Medical Clinic\",\"potentialAction\":[{\"@type\":\"SearchAction\",\"target\":{\"@type\":\"EntryPoint\",\"urlTemplate\":\"https:\\\/\\\/medicinasinc.com\\\/de\\\/?s={search_term_string}\"},\"query-input\":{\"@type\":\"PropertyValueSpecification\",\"valueRequired\":true,\"valueName\":\"search_term_string\"}}],\"inLanguage\":\"de\"}]}<\/script>\n<!-- \/ Yoast SEO plugin. -->","yoast_head_json":{"title":"Kaufen Sie THJ-018 - SGT-17 - Best Best Global Meds","description":"Kaufen Sie THJ-018 (SGT-17) zum Verkauf Europa, Gro\u00dfbritannien ist ein synthetisches Cannabinoid, das das Indazol-Analogon von JWH-018 ist und online als Designerdroge verkauft wurde. Gro\u00dfhandelsbestellung verf\u00fcgbar","robots":{"index":"index","follow":"follow","max-snippet":"max-snippet:-1","max-image-preview":"max-image-preview:large","max-video-preview":"max-video-preview:-1"},"canonical":"https:\/\/medicinasinc.com\/de\/product\/kauf-thj-018\/","og_locale":"de_DE","og_type":"article","og_title":"Kaufen Sie THJ-018 - SGT-17 - Best Best Global Meds","og_description":"Kaufen Sie THJ-018 (SGT-17) zum Verkauf Europa, Gro\u00dfbritannien ist ein synthetisches Cannabinoid, das das Indazol-Analogon von JWH-018 ist und online als Designerdroge verkauft wurde. Gro\u00dfhandelsbestellung verf\u00fcgbar","og_url":"https:\/\/medicinasinc.com\/de\/product\/kauf-thj-018\/","og_site_name":"Medicinas Inc","article_modified_time":"2022-03-18T00:06:27+00:00","og_image":[{"width":751,"height":800,"url":"https:\/\/medicinasinc.com\/de\/wp-content\/uploads\/sites\/6\/2022\/02\/Buy-THJ-018.jpeg","type":"image\/jpeg"}],"twitter_card":"summary_large_image","twitter_misc":{"Gesch\u00e4tzte Lesezeit":"2\u00a0Minuten"},"schema":{"@context":"https:\/\/schema.org","@graph":[{"@type":"WebPage","@id":"https:\/\/medicinasinc.com\/de\/product\/kauf-thj-018\/","url":"https:\/\/medicinasinc.com\/de\/product\/kauf-thj-018\/","name":"Kaufen Sie THJ-018 - SGT-17 - Best Best Global Meds","isPartOf":{"@id":"https:\/\/medicinasinc.com\/de\/#website"},"primaryImageOfPage":{"@id":"https:\/\/medicinasinc.com\/de\/product\/kauf-thj-018\/#primaryimage"},"image":{"@id":"https:\/\/medicinasinc.com\/de\/product\/kauf-thj-018\/#primaryimage"},"thumbnailUrl":"https:\/\/medicinasinc.com\/de\/wp-content\/uploads\/sites\/6\/2022\/02\/Buy-THJ-018.jpeg","datePublished":"2022-02-22T08:28:02+00:00","dateModified":"2022-03-18T00:06:27+00:00","description":"Kaufen Sie THJ-018 (SGT-17) zum Verkauf Europa, Gro\u00dfbritannien ist ein synthetisches Cannabinoid, das das Indazol-Analogon von JWH-018 ist und online als Designerdroge verkauft wurde. Gro\u00dfhandelsbestellung verf\u00fcgbar","breadcrumb":{"@id":"https:\/\/medicinasinc.com\/de\/product\/kauf-thj-018\/#breadcrumb"},"inLanguage":"de","potentialAction":[{"@type":"ReadAction","target":["https:\/\/medicinasinc.com\/de\/product\/kauf-thj-018\/"]}]},{"@type":"ImageObject","inLanguage":"de","@id":"https:\/\/medicinasinc.com\/de\/product\/kauf-thj-018\/#primaryimage","url":"https:\/\/medicinasinc.com\/de\/wp-content\/uploads\/sites\/6\/2022\/02\/Buy-THJ-018.jpeg","contentUrl":"https:\/\/medicinasinc.com\/de\/wp-content\/uploads\/sites\/6\/2022\/02\/Buy-THJ-018.jpeg","width":751,"height":800},{"@type":"BreadcrumbList","@id":"https:\/\/medicinasinc.com\/de\/product\/kauf-thj-018\/#breadcrumb","itemListElement":[{"@type":"ListItem","position":1,"name":"Einkaufen","item":"https:\/\/medicinasinc.com\/de\/einkaufen\/"},{"@type":"ListItem","position":2,"name":"Kaufen Sie THJ-018"}]},{"@type":"WebSite","@id":"https:\/\/medicinasinc.com\/de\/#website","url":"https:\/\/medicinasinc.com\/de\/","name":"Medicinas Inc","description":"Health Medical Clinic","potentialAction":[{"@type":"SearchAction","target":{"@type":"EntryPoint","urlTemplate":"https:\/\/medicinasinc.com\/de\/?s={search_term_string}"},"query-input":{"@type":"PropertyValueSpecification","valueRequired":true,"valueName":"search_term_string"}}],"inLanguage":"de"}]}},"_links":{"self":[{"href":"https:\/\/medicinasinc.com\/de\/wp-json\/wp\/v2\/product\/5926","targetHints":{"allow":["GET"]}}],"collection":[{"href":"https:\/\/medicinasinc.com\/de\/wp-json\/wp\/v2\/product"}],"about":[{"href":"https:\/\/medicinasinc.com\/de\/wp-json\/wp\/v2\/types\/product"}],"replies":[{"embeddable":true,"href":"https:\/\/medicinasinc.com\/de\/wp-json\/wp\/v2\/comments?post=5926"}],"wp:featuredmedia":[{"embeddable":true,"href":"https:\/\/medicinasinc.com\/de\/wp-json\/wp\/v2\/media\/5940"}],"wp:attachment":[{"href":"https:\/\/medicinasinc.com\/de\/wp-json\/wp\/v2\/media?parent=5926"}],"wp:term":[{"taxonomy":"product_brand","embeddable":true,"href":"https:\/\/medicinasinc.com\/de\/wp-json\/wp\/v2\/product_brand?post=5926"},{"taxonomy":"product_cat","embeddable":true,"href":"https:\/\/medicinasinc.com\/de\/wp-json\/wp\/v2\/product_cat?post=5926"},{"taxonomy":"product_tag","embeddable":true,"href":"https:\/\/medicinasinc.com\/de\/wp-json\/wp\/v2\/product_tag?post=5926"}],"curies":[{"name":"wp","href":"https:\/\/api.w.org\/{rel}","templated":true}]}}