{"id":5917,"date":"2022-02-22T08:19:52","date_gmt":"2022-02-22T08:19:52","guid":{"rendered":"https:\/\/medicinasinc.com\/de\/?post_type=product&#038;p=5917"},"modified":"2022-03-18T00:06:48","modified_gmt":"2022-03-18T00:06:48","slug":"kaufen-nm-2201","status":"publish","type":"product","link":"https:\/\/medicinasinc.com\/de\/product\/kaufen-nm-2201\/","title":{"rendered":"NM-2201 kaufen"},"content":{"rendered":"<p>Ist ein auf Indol basierendes synthetisches Cannabinoid namens CBL-2201. Es hat wahrscheinlich die gleichen Eigenschaften wie 5F-PB-22 und NNE1, die beide vollst\u00e4ndige Agonisten sind und mit niedriger nanomolarer Affinit\u00e4t an CB1- und CB2-Rezeptoren binden.<\/p>\n<p>NM-2201 kaufen Online ist ein guter Ort, um Forschungschemikalien kaufen. Sie k\u00f6nnen NM-2201 online bei einem vertrauensw\u00fcrdigen Anbieter zu einem g\u00fcnstigen Preis kaufen. Globalhomemed.com ist der richtige Ort, um es zu kaufen. Es ist sicher, NM-2201 von Europa in die Vereinigten Staaten und an andere Orte zu schicken.<\/p>\n<p>Dies ist ein synthetisches Cannabinoid namens NM-2201. Es hat viele der gleichen Eigenschaften wie seine nahen Verwandten 5F-PB-22 und NNE1, die beide vollst\u00e4ndige Agonisten sind und sowohl an CB1- als auch an CB2-Rezeptoren mit niedriger nanomolarer Affinit\u00e4t binden.<\/p>\n<p>Nur f\u00fcr Forschungszwecke. Es darf nicht f\u00fcr andere Zwecke verwendet werden, wie z. B. In-vivo-Diagnostik, Lebensmittel, Medikamente, medizinische Ger\u00e4te und Kosmetika f\u00fcr Menschen und\/oder Tiere, und es darf nicht an Menschen oder Tieren verwendet werden.<\/p>\n<p>5F -PB-22 und NNE1 sind beides synthetische Cannabinoide, die auf Indol basieren. Sie sind beide vollst\u00e4ndige Agonisten und binden sowohl an CB1- als auch an CB2-Rezeptoren mit niedriger nanomolarer Affinit\u00e4t.<\/p>\n<p>1. 1-(5-Fluorpentyl)-1H,3-carbons\u00e4ure-N-naphthalin-1-ylester N-Naphthalin-1-ylester N-Naphthalin-1-ylester N-Naphthalin-1-1-ylester NM-2201 hat die chemische Formel C24H22FNO2 und wiegt 375,16 Gramm. Es ist noch sehr fr\u00fch im Prozess der Untersuchung von NM-2201. Es gibt noch nicht gen\u00fcgend Daten, um zu zeigen, was es kann. Es ist jedoch dasselbe wie AM-2201. Das bedeutet, dass die Eigenschaften gleich sind.<\/p>\n<p>Dies ist ein synthetisches Cannabinoid namens NM-2201. Es hat viele der gleichen Eigenschaften wie seine nahen Verwandten 5F-PB-22 und NNE1, die beide vollst\u00e4ndige Agonisten sind und sowohl an CB1- als auch an CB2-Rezeptoren mit niedriger nanomolarer Affinit\u00e4t binden.<\/p>\n<p>Nur f\u00fcr Forschungszwecke. Es darf nicht f\u00fcr andere Zwecke verwendet werden, wie z. B. In-vivo-Diagnostik, Lebensmittel, Medikamente, medizinische Ger\u00e4te und Kosmetika f\u00fcr Menschen und\/oder Tiere, und es darf nicht an Menschen oder Tieren verwendet werden.<\/p>\n<p>5F -PB-22 und NNE1 sind beides synthetische Cannabinoide, die auf Indol basieren. Sie sind beide vollst\u00e4ndige Agonisten und binden sowohl an CB1- als auch an CB2-Rezeptoren mit niedriger nanomolarer Affinit\u00e4t.<\/p>\n<p>1. 1-(5-Fluorpentyl)-1H,3-carbons\u00e4ure-N-naphthalin-1-ylester N-Naphthalin-1-ylester N-Naphthalin-1-ylester N-Naphthalin-1-1-ylester NM-2201 hat die chemische Formel C24H22FNO2 und wiegt 375,16 Gramm. Es ist noch sehr fr\u00fch im Prozess der Untersuchung von NM-2201. Es gibt noch nicht gen\u00fcgend Daten, um zu zeigen, was es kann. Es ist jedoch dasselbe wie AM-2201. Das bedeutet, dass die Eigenschaften gleich sind.<\/p>\n","protected":false},"excerpt":{"rendered":"<p><b>Kaufen Sie NM-2201 <\/b>zum Verkauf in Europa, Gro\u00dfbritannien (auch bekannt als\u00a0<b>CBL-2201<\/b>) ist ein\u00a0Indol-basiertes\u00a0<a class=\"mw-redirect\" title=\"Synthetisches Cannabinoid\" href=\"https:\/\/en.wikipedia.org\/wiki\/Synthetic_cannabinoid\">synthetisches Cannabinoid<\/a>\u00a0das vermutlich \u00e4hnliche Eigenschaften wie die eng verwandten\u00a05F-PB-22\u00a0und\u00a0NNE1\u00a0hat, die beide vollst\u00e4ndige Agonisten sind und binden unselektiv an CB<sub>1<\/sub>&#8211; und CB<sub>2<\/sub>-Rezeptoren mit niedriger nanomolarer Affinit\u00e4t, im Gro\u00dfhandel erh\u00e4ltlich<\/p>\n","protected":false},"featured_media":5938,"comment_status":"open","ping_status":"closed","template":"","meta":[],"product_brand":[],"product_cat":[2596],"product_tag":[4090,4094,4092,4093,4091,4095],"class_list":{"0":"post-5917","1":"product","2":"type-product","3":"status-publish","4":"has-post-thumbnail","6":"product_cat-cannabinoide-zum-verkauf","7":"product_tag-buy-nm2201-online","8":"product_tag-der-beste-ort-um-nm2201-online-zu-kaufen","9":"product_tag-nm2201-online-bestellen","10":"product_tag-kaufen-nm2201-online","11":"product_tag-nm2201-zu-verkaufen","12":"product_tag-where-to-buy-nm2201-online","14":"first","15":"instock","16":"featured","17":"shipping-taxable","18":"purchasable","19":"product-type-variable"},"yoast_head":"<!-- This site is optimized with the Yoast SEO plugin v27.3 - https:\/\/yoast.com\/product\/yoast-seo-wordpress\/ -->\n<title>Kaufen Sie NM-2201 \u2013 CBL-2201 \u2013 Best Best Global Meds<\/title>\n<meta name=\"description\" content=\"Kaufen Sie NM-2201 zum Verkauf Europa, Gro\u00dfbritannien (auch bekannt als CBL-2201) ist ein synthetisches Cannabinoid auf Indolbasis, das vermutlich \u00e4hnliche Eigenschaften wie das eng verwandte 5F-PB-22 und NNE1 hat, die beide vollst\u00e4ndige Agonisten sind und nicht selektiv binden CB1- und CB2-Rezeptoren mit niedriger nanomolarer Affinit\u00e4t, im Gro\u00dfhandel erh\u00e4ltlich\" \/>\n<meta name=\"robots\" content=\"index, follow, max-snippet:-1, max-image-preview:large, max-video-preview:-1\" \/>\n<link rel=\"canonical\" href=\"https:\/\/medicinasinc.com\/de\/product\/kaufen-nm-2201\/\" \/>\n<meta property=\"og:locale\" content=\"de_DE\" \/>\n<meta property=\"og:type\" content=\"article\" \/>\n<meta property=\"og:title\" content=\"Kaufen Sie NM-2201 \u2013 CBL-2201 \u2013 Best Best Global Meds\" \/>\n<meta property=\"og:description\" content=\"Kaufen Sie NM-2201 zum Verkauf Europa, Gro\u00dfbritannien (auch bekannt als CBL-2201) ist ein synthetisches Cannabinoid auf Indolbasis, das vermutlich \u00e4hnliche Eigenschaften wie das eng verwandte 5F-PB-22 und NNE1 hat, die beide vollst\u00e4ndige Agonisten sind und nicht selektiv binden CB1- und CB2-Rezeptoren mit niedriger nanomolarer Affinit\u00e4t, im Gro\u00dfhandel erh\u00e4ltlich\" \/>\n<meta property=\"og:url\" content=\"https:\/\/medicinasinc.com\/de\/product\/kaufen-nm-2201\/\" \/>\n<meta property=\"og:site_name\" content=\"Medicinas Inc\" \/>\n<meta property=\"article:modified_time\" content=\"2022-03-18T00:06:48+00:00\" \/>\n<meta property=\"og:image\" content=\"https:\/\/medicinasinc.com\/de\/wp-content\/uploads\/sites\/6\/2022\/02\/Buy-NM-2201.jpg\" \/>\n\t<meta property=\"og:image:width\" content=\"458\" \/>\n\t<meta property=\"og:image:height\" content=\"458\" \/>\n\t<meta property=\"og:image:type\" content=\"image\/jpeg\" \/>\n<meta name=\"twitter:card\" content=\"summary_large_image\" \/>\n<meta name=\"twitter:label1\" content=\"Gesch\u00e4tzte Lesezeit\" \/>\n\t<meta name=\"twitter:data1\" content=\"2\u00a0Minuten\" \/>\n<script type=\"application\/ld+json\" class=\"yoast-schema-graph\">{\"@context\":\"https:\\\/\\\/schema.org\",\"@graph\":[{\"@type\":\"WebPage\",\"@id\":\"https:\\\/\\\/medicinasinc.com\\\/de\\\/product\\\/kaufen-nm-2201\\\/\",\"url\":\"https:\\\/\\\/medicinasinc.com\\\/de\\\/product\\\/kaufen-nm-2201\\\/\",\"name\":\"Kaufen Sie NM-2201 \u2013 CBL-2201 \u2013 Best Best Global Meds\",\"isPartOf\":{\"@id\":\"https:\\\/\\\/medicinasinc.com\\\/de\\\/#website\"},\"primaryImageOfPage\":{\"@id\":\"https:\\\/\\\/medicinasinc.com\\\/de\\\/product\\\/kaufen-nm-2201\\\/#primaryimage\"},\"image\":{\"@id\":\"https:\\\/\\\/medicinasinc.com\\\/de\\\/product\\\/kaufen-nm-2201\\\/#primaryimage\"},\"thumbnailUrl\":\"https:\\\/\\\/medicinasinc.com\\\/de\\\/wp-content\\\/uploads\\\/sites\\\/6\\\/2022\\\/02\\\/Buy-NM-2201.jpg\",\"datePublished\":\"2022-02-22T08:19:52+00:00\",\"dateModified\":\"2022-03-18T00:06:48+00:00\",\"description\":\"Kaufen Sie NM-2201 zum Verkauf Europa, Gro\u00dfbritannien (auch bekannt als CBL-2201) ist ein synthetisches Cannabinoid auf Indolbasis, das vermutlich \u00e4hnliche Eigenschaften wie das eng verwandte 5F-PB-22 und NNE1 hat, die beide vollst\u00e4ndige Agonisten sind und nicht selektiv binden CB1- und CB2-Rezeptoren mit niedriger nanomolarer Affinit\u00e4t, im Gro\u00dfhandel erh\u00e4ltlich\",\"breadcrumb\":{\"@id\":\"https:\\\/\\\/medicinasinc.com\\\/de\\\/product\\\/kaufen-nm-2201\\\/#breadcrumb\"},\"inLanguage\":\"de\",\"potentialAction\":[{\"@type\":\"ReadAction\",\"target\":[\"https:\\\/\\\/medicinasinc.com\\\/de\\\/product\\\/kaufen-nm-2201\\\/\"]}]},{\"@type\":\"ImageObject\",\"inLanguage\":\"de\",\"@id\":\"https:\\\/\\\/medicinasinc.com\\\/de\\\/product\\\/kaufen-nm-2201\\\/#primaryimage\",\"url\":\"https:\\\/\\\/medicinasinc.com\\\/de\\\/wp-content\\\/uploads\\\/sites\\\/6\\\/2022\\\/02\\\/Buy-NM-2201.jpg\",\"contentUrl\":\"https:\\\/\\\/medicinasinc.com\\\/de\\\/wp-content\\\/uploads\\\/sites\\\/6\\\/2022\\\/02\\\/Buy-NM-2201.jpg\",\"width\":458,\"height\":458},{\"@type\":\"BreadcrumbList\",\"@id\":\"https:\\\/\\\/medicinasinc.com\\\/de\\\/product\\\/kaufen-nm-2201\\\/#breadcrumb\",\"itemListElement\":[{\"@type\":\"ListItem\",\"position\":1,\"name\":\"Einkaufen\",\"item\":\"https:\\\/\\\/medicinasinc.com\\\/de\\\/einkaufen\\\/\"},{\"@type\":\"ListItem\",\"position\":2,\"name\":\"NM-2201 kaufen\"}]},{\"@type\":\"WebSite\",\"@id\":\"https:\\\/\\\/medicinasinc.com\\\/de\\\/#website\",\"url\":\"https:\\\/\\\/medicinasinc.com\\\/de\\\/\",\"name\":\"Medicinas Inc\",\"description\":\"Health Medical Clinic\",\"potentialAction\":[{\"@type\":\"SearchAction\",\"target\":{\"@type\":\"EntryPoint\",\"urlTemplate\":\"https:\\\/\\\/medicinasinc.com\\\/de\\\/?s={search_term_string}\"},\"query-input\":{\"@type\":\"PropertyValueSpecification\",\"valueRequired\":true,\"valueName\":\"search_term_string\"}}],\"inLanguage\":\"de\"}]}<\/script>\n<!-- \/ Yoast SEO plugin. -->","yoast_head_json":{"title":"Kaufen Sie NM-2201 \u2013 CBL-2201 \u2013 Best Best Global Meds","description":"Kaufen Sie NM-2201 zum Verkauf Europa, Gro\u00dfbritannien (auch bekannt als CBL-2201) ist ein synthetisches Cannabinoid auf Indolbasis, das vermutlich \u00e4hnliche Eigenschaften wie das eng verwandte 5F-PB-22 und NNE1 hat, die beide vollst\u00e4ndige Agonisten sind und nicht selektiv binden CB1- und CB2-Rezeptoren mit niedriger nanomolarer Affinit\u00e4t, im Gro\u00dfhandel erh\u00e4ltlich","robots":{"index":"index","follow":"follow","max-snippet":"max-snippet:-1","max-image-preview":"max-image-preview:large","max-video-preview":"max-video-preview:-1"},"canonical":"https:\/\/medicinasinc.com\/de\/product\/kaufen-nm-2201\/","og_locale":"de_DE","og_type":"article","og_title":"Kaufen Sie NM-2201 \u2013 CBL-2201 \u2013 Best Best Global Meds","og_description":"Kaufen Sie NM-2201 zum Verkauf Europa, Gro\u00dfbritannien (auch bekannt als CBL-2201) ist ein synthetisches Cannabinoid auf Indolbasis, das vermutlich \u00e4hnliche Eigenschaften wie das eng verwandte 5F-PB-22 und NNE1 hat, die beide vollst\u00e4ndige Agonisten sind und nicht selektiv binden CB1- und CB2-Rezeptoren mit niedriger nanomolarer Affinit\u00e4t, im Gro\u00dfhandel erh\u00e4ltlich","og_url":"https:\/\/medicinasinc.com\/de\/product\/kaufen-nm-2201\/","og_site_name":"Medicinas Inc","article_modified_time":"2022-03-18T00:06:48+00:00","og_image":[{"width":458,"height":458,"url":"https:\/\/medicinasinc.com\/de\/wp-content\/uploads\/sites\/6\/2022\/02\/Buy-NM-2201.jpg","type":"image\/jpeg"}],"twitter_card":"summary_large_image","twitter_misc":{"Gesch\u00e4tzte Lesezeit":"2\u00a0Minuten"},"schema":{"@context":"https:\/\/schema.org","@graph":[{"@type":"WebPage","@id":"https:\/\/medicinasinc.com\/de\/product\/kaufen-nm-2201\/","url":"https:\/\/medicinasinc.com\/de\/product\/kaufen-nm-2201\/","name":"Kaufen Sie NM-2201 \u2013 CBL-2201 \u2013 Best Best Global Meds","isPartOf":{"@id":"https:\/\/medicinasinc.com\/de\/#website"},"primaryImageOfPage":{"@id":"https:\/\/medicinasinc.com\/de\/product\/kaufen-nm-2201\/#primaryimage"},"image":{"@id":"https:\/\/medicinasinc.com\/de\/product\/kaufen-nm-2201\/#primaryimage"},"thumbnailUrl":"https:\/\/medicinasinc.com\/de\/wp-content\/uploads\/sites\/6\/2022\/02\/Buy-NM-2201.jpg","datePublished":"2022-02-22T08:19:52+00:00","dateModified":"2022-03-18T00:06:48+00:00","description":"Kaufen Sie NM-2201 zum Verkauf Europa, Gro\u00dfbritannien (auch bekannt als CBL-2201) ist ein synthetisches Cannabinoid auf Indolbasis, das vermutlich \u00e4hnliche Eigenschaften wie das eng verwandte 5F-PB-22 und NNE1 hat, die beide vollst\u00e4ndige Agonisten sind und nicht selektiv binden CB1- und CB2-Rezeptoren mit niedriger nanomolarer Affinit\u00e4t, im Gro\u00dfhandel erh\u00e4ltlich","breadcrumb":{"@id":"https:\/\/medicinasinc.com\/de\/product\/kaufen-nm-2201\/#breadcrumb"},"inLanguage":"de","potentialAction":[{"@type":"ReadAction","target":["https:\/\/medicinasinc.com\/de\/product\/kaufen-nm-2201\/"]}]},{"@type":"ImageObject","inLanguage":"de","@id":"https:\/\/medicinasinc.com\/de\/product\/kaufen-nm-2201\/#primaryimage","url":"https:\/\/medicinasinc.com\/de\/wp-content\/uploads\/sites\/6\/2022\/02\/Buy-NM-2201.jpg","contentUrl":"https:\/\/medicinasinc.com\/de\/wp-content\/uploads\/sites\/6\/2022\/02\/Buy-NM-2201.jpg","width":458,"height":458},{"@type":"BreadcrumbList","@id":"https:\/\/medicinasinc.com\/de\/product\/kaufen-nm-2201\/#breadcrumb","itemListElement":[{"@type":"ListItem","position":1,"name":"Einkaufen","item":"https:\/\/medicinasinc.com\/de\/einkaufen\/"},{"@type":"ListItem","position":2,"name":"NM-2201 kaufen"}]},{"@type":"WebSite","@id":"https:\/\/medicinasinc.com\/de\/#website","url":"https:\/\/medicinasinc.com\/de\/","name":"Medicinas Inc","description":"Health Medical Clinic","potentialAction":[{"@type":"SearchAction","target":{"@type":"EntryPoint","urlTemplate":"https:\/\/medicinasinc.com\/de\/?s={search_term_string}"},"query-input":{"@type":"PropertyValueSpecification","valueRequired":true,"valueName":"search_term_string"}}],"inLanguage":"de"}]}},"_links":{"self":[{"href":"https:\/\/medicinasinc.com\/de\/wp-json\/wp\/v2\/product\/5917","targetHints":{"allow":["GET"]}}],"collection":[{"href":"https:\/\/medicinasinc.com\/de\/wp-json\/wp\/v2\/product"}],"about":[{"href":"https:\/\/medicinasinc.com\/de\/wp-json\/wp\/v2\/types\/product"}],"replies":[{"embeddable":true,"href":"https:\/\/medicinasinc.com\/de\/wp-json\/wp\/v2\/comments?post=5917"}],"wp:featuredmedia":[{"embeddable":true,"href":"https:\/\/medicinasinc.com\/de\/wp-json\/wp\/v2\/media\/5938"}],"wp:attachment":[{"href":"https:\/\/medicinasinc.com\/de\/wp-json\/wp\/v2\/media?parent=5917"}],"wp:term":[{"taxonomy":"product_brand","embeddable":true,"href":"https:\/\/medicinasinc.com\/de\/wp-json\/wp\/v2\/product_brand?post=5917"},{"taxonomy":"product_cat","embeddable":true,"href":"https:\/\/medicinasinc.com\/de\/wp-json\/wp\/v2\/product_cat?post=5917"},{"taxonomy":"product_tag","embeddable":true,"href":"https:\/\/medicinasinc.com\/de\/wp-json\/wp\/v2\/product_tag?post=5917"}],"curies":[{"name":"wp","href":"https:\/\/api.w.org\/{rel}","templated":true}]}}