{"id":5906,"date":"2022-02-22T08:12:00","date_gmt":"2022-02-22T08:12:00","guid":{"rendered":"https:\/\/medicinasinc.com\/de\/?post_type=product&#038;p=5906"},"modified":"2022-08-03T08:26:42","modified_gmt":"2022-08-03T08:26:42","slug":"kaufen-mit-fubinaca","status":"publish","type":"product","link":"https:\/\/medicinasinc.com\/de\/product\/kaufen-mit-fubinaca\/","title":{"rendered":"Kaufen Sie AMB-FUBINACA"},"content":{"rendered":"<p>Das auf Indazol basierende synthetische Cannabinoid AMB-FUBINACA, auch bekannt als FUB-AMB und MMB-FUBINACA, ist ein starker Cannabinoid-Agonist. Es hat Ki-Werte von 10,04 nM bei CB1 und 0,786 nM bei CB2 und EC50-Werte von 0,5433 nM bei CB1 und 0,1278 nM bei CB2. Es wurde online als Designerdroge verkauft. Es wurde zuerst von Pfizer hergestellt, das 2009 ein Patent f\u00fcr die Verbindung anmeldete. Die Verbindung wurde nie an Menschen getestet. 2017 und in der ersten H\u00e4lfte des Jahres 2018 wurden von der DEA viele Drogen beschlagnahmt. Das h\u00e4ufigste synthetische Cannabinoid war AMB-FUBINACA.<\/p>\n<p>Es ist ein auf Indazol basierendes synthetisches Cannabinoid namens AMB-FUBINACA. und es ist ein starker Agonist f\u00fcr die Cannabinoidrezeptoren. Es hat Ki-Werte von 10,04 nM bei CB1 und 0,786 nM bei CB2 und EC50-Werte von 0,5433 nM bei CB1 und 0,1278 nM bei CB2. Es wurde online als Designerdroge verkauft.<\/p>\n","protected":false},"excerpt":{"rendered":"<p>Kaufen Sie AMB-FUBINACA zum Verkauf UK, Europa (auch bekannt als <b>FUB-AMB<\/b>\u00a0und\u00a0<b>MMB-FUBINACA<\/b>) ist ein\u00a0Indazol-basiertes Medikament <a class=\"mw-redirect\" title=\"Synthetisches Cannabinoid\" href=\"https:\/\/en.wikipedia.org\/wiki\/Synthetisches_Cannabinoid\">synthetisches Cannabinoid<\/a>, das ein starker\u00a0<a title=\"Agonist\" href=\"https:\/\/en.wikipedia.org\/wiki\/Agonist\">Agonist<\/a>\u00a0f\u00fcr die\u00a0Cannabinoid-Rezeptoren, mit\u00a0<i>K<\/i><sub>i<\/sub>\u00a0Werten von 10,04\u00a0nM at CB<sub>1<\/sub>\u00a0und 0,786\u00a0nM bei\u00a0CB<sub>2<\/sub>\u00a0und\u00a0EC<sub>50<\/sub>\u00a0Werte von 0,5433\u00a0nM bei CB<sub>1<\/sub>\u00a0und 0,1278\u00a0nM bei CB<sub>2<\/sub>, <sup id=\"cite_ref-1\" class=\"reference\"><\/sup>und wurde online als Designerdroge verkauft<\/p>\n","protected":false},"featured_media":5936,"comment_status":"open","ping_status":"closed","template":"","meta":[],"product_brand":[],"product_cat":[2596],"product_tag":[4080,4077,4078,4081,4079,4082],"class_list":{"0":"post-5906","1":"product","2":"type-product","3":"status-publish","4":"has-post-thumbnail","6":"product_cat-cannabinoide-zum-verkauf","7":"product_tag-fub-mit-online-bestellen","8":"product_tag-buy-fub-amb-online","9":"product_tag-fub-mit-zu-verkaufen","10":"product_tag-kauf-fub-mit-online","11":"product_tag-how-to-buy-fub-amb-online","12":"product_tag-wo-zu-kaufen-fub-amb-online","14":"first","15":"instock","16":"shipping-taxable","17":"purchasable","18":"product-type-variable"},"yoast_head":"<!-- This site is optimized with the Yoast SEO plugin v27.3 - https:\/\/yoast.com\/product\/yoast-seo-wordpress\/ -->\n<title>Kaufen Sie AMB-FUBINACA - FUB-AMB - MMB-FUBINACA - Best Global Meds<\/title>\n<meta name=\"description\" content=\"Kaufen Sie AMB-FUBINACA zum Verkauf UK, Europa (auch bekannt als FUB-AMB\u00a0und\u00a0MMB-FUBINACA) ist ein\u00a0Indazol-basiertes Medikament synthetisches Cannabinoid, das ein starker\u00a0Agonist\u00a0f\u00fcr die\u00a0Cannabinoid-Rezeptoren, mit\u00a0Ki\u00a0Werten von 10,04\u00a0nM at CB1\u00a0und 0,786\u00a0nM bei\u00a0CB2\u00a0und\u00a0EC50\u00a0Werte von 0,5433\u00a0nM bei CB1\u00a0und 0,1278\u00a0nM bei CB2, und wurde online als Designerdroge verkauft\" \/>\n<meta name=\"robots\" content=\"index, follow, max-snippet:-1, max-image-preview:large, max-video-preview:-1\" \/>\n<link rel=\"canonical\" href=\"https:\/\/medicinasinc.com\/de\/product\/kaufen-mit-fubinaca\/\" \/>\n<meta property=\"og:locale\" content=\"de_DE\" \/>\n<meta property=\"og:type\" content=\"article\" \/>\n<meta property=\"og:title\" content=\"Kaufen Sie AMB-FUBINACA - FUB-AMB - MMB-FUBINACA - Best Global Meds\" \/>\n<meta property=\"og:description\" content=\"Kaufen Sie AMB-FUBINACA zum Verkauf UK, Europa (auch bekannt als FUB-AMB\u00a0und\u00a0MMB-FUBINACA) ist ein\u00a0Indazol-basiertes Medikament synthetisches Cannabinoid, das ein starker\u00a0Agonist\u00a0f\u00fcr die\u00a0Cannabinoid-Rezeptoren, mit\u00a0Ki\u00a0Werten von 10,04\u00a0nM at CB1\u00a0und 0,786\u00a0nM bei\u00a0CB2\u00a0und\u00a0EC50\u00a0Werte von 0,5433\u00a0nM bei CB1\u00a0und 0,1278\u00a0nM bei CB2, und wurde online als Designerdroge verkauft\" \/>\n<meta property=\"og:url\" content=\"https:\/\/medicinasinc.com\/de\/product\/kaufen-mit-fubinaca\/\" \/>\n<meta property=\"og:site_name\" content=\"Medicinas Inc\" \/>\n<meta property=\"article:modified_time\" content=\"2022-08-03T08:26:42+00:00\" \/>\n<meta property=\"og:image\" content=\"https:\/\/medicinasinc.com\/de\/wp-content\/uploads\/sites\/6\/2022\/02\/Buy-AMB-FUBINACA.jpg\" \/>\n\t<meta property=\"og:image:width\" content=\"400\" \/>\n\t<meta property=\"og:image:height\" content=\"400\" \/>\n\t<meta property=\"og:image:type\" content=\"image\/jpeg\" \/>\n<meta name=\"twitter:card\" content=\"summary_large_image\" \/>\n<meta name=\"twitter:label1\" content=\"Gesch\u00e4tzte Lesezeit\" \/>\n\t<meta name=\"twitter:data1\" content=\"1\u00a0Minute\" \/>\n<script type=\"application\/ld+json\" class=\"yoast-schema-graph\">{\"@context\":\"https:\\\/\\\/schema.org\",\"@graph\":[{\"@type\":\"WebPage\",\"@id\":\"https:\\\/\\\/medicinasinc.com\\\/de\\\/product\\\/kaufen-mit-fubinaca\\\/\",\"url\":\"https:\\\/\\\/medicinasinc.com\\\/de\\\/product\\\/kaufen-mit-fubinaca\\\/\",\"name\":\"Kaufen Sie AMB-FUBINACA - FUB-AMB - MMB-FUBINACA - Best Global Meds\",\"isPartOf\":{\"@id\":\"https:\\\/\\\/medicinasinc.com\\\/de\\\/#website\"},\"primaryImageOfPage\":{\"@id\":\"https:\\\/\\\/medicinasinc.com\\\/de\\\/product\\\/kaufen-mit-fubinaca\\\/#primaryimage\"},\"image\":{\"@id\":\"https:\\\/\\\/medicinasinc.com\\\/de\\\/product\\\/kaufen-mit-fubinaca\\\/#primaryimage\"},\"thumbnailUrl\":\"https:\\\/\\\/medicinasinc.com\\\/de\\\/wp-content\\\/uploads\\\/sites\\\/6\\\/2022\\\/02\\\/Buy-AMB-FUBINACA.jpg\",\"datePublished\":\"2022-02-22T08:12:00+00:00\",\"dateModified\":\"2022-08-03T08:26:42+00:00\",\"description\":\"Kaufen Sie AMB-FUBINACA zum Verkauf UK, Europa (auch bekannt als FUB-AMB\u00a0und\u00a0MMB-FUBINACA) ist ein\u00a0Indazol-basiertes Medikament synthetisches Cannabinoid, das ein starker\u00a0Agonist\u00a0f\u00fcr die\u00a0Cannabinoid-Rezeptoren, mit\u00a0Ki\u00a0Werten von 10,04\u00a0nM at CB1\u00a0und 0,786\u00a0nM bei\u00a0CB2\u00a0und\u00a0EC50\u00a0Werte von 0,5433\u00a0nM bei CB1\u00a0und 0,1278\u00a0nM bei CB2, und wurde online als Designerdroge verkauft\",\"breadcrumb\":{\"@id\":\"https:\\\/\\\/medicinasinc.com\\\/de\\\/product\\\/kaufen-mit-fubinaca\\\/#breadcrumb\"},\"inLanguage\":\"de\",\"potentialAction\":[{\"@type\":\"ReadAction\",\"target\":[\"https:\\\/\\\/medicinasinc.com\\\/de\\\/product\\\/kaufen-mit-fubinaca\\\/\"]}]},{\"@type\":\"ImageObject\",\"inLanguage\":\"de\",\"@id\":\"https:\\\/\\\/medicinasinc.com\\\/de\\\/product\\\/kaufen-mit-fubinaca\\\/#primaryimage\",\"url\":\"https:\\\/\\\/medicinasinc.com\\\/de\\\/wp-content\\\/uploads\\\/sites\\\/6\\\/2022\\\/02\\\/Buy-AMB-FUBINACA.jpg\",\"contentUrl\":\"https:\\\/\\\/medicinasinc.com\\\/de\\\/wp-content\\\/uploads\\\/sites\\\/6\\\/2022\\\/02\\\/Buy-AMB-FUBINACA.jpg\",\"width\":400,\"height\":400},{\"@type\":\"BreadcrumbList\",\"@id\":\"https:\\\/\\\/medicinasinc.com\\\/de\\\/product\\\/kaufen-mit-fubinaca\\\/#breadcrumb\",\"itemListElement\":[{\"@type\":\"ListItem\",\"position\":1,\"name\":\"Einkaufen\",\"item\":\"https:\\\/\\\/medicinasinc.com\\\/de\\\/einkaufen\\\/\"},{\"@type\":\"ListItem\",\"position\":2,\"name\":\"Kaufen Sie AMB-FUBINACA\"}]},{\"@type\":\"WebSite\",\"@id\":\"https:\\\/\\\/medicinasinc.com\\\/de\\\/#website\",\"url\":\"https:\\\/\\\/medicinasinc.com\\\/de\\\/\",\"name\":\"Medicinas Inc\",\"description\":\"Health Medical Clinic\",\"potentialAction\":[{\"@type\":\"SearchAction\",\"target\":{\"@type\":\"EntryPoint\",\"urlTemplate\":\"https:\\\/\\\/medicinasinc.com\\\/de\\\/?s={search_term_string}\"},\"query-input\":{\"@type\":\"PropertyValueSpecification\",\"valueRequired\":true,\"valueName\":\"search_term_string\"}}],\"inLanguage\":\"de\"}]}<\/script>\n<!-- \/ Yoast SEO plugin. -->","yoast_head_json":{"title":"Kaufen Sie AMB-FUBINACA - FUB-AMB - MMB-FUBINACA - Best Global Meds","description":"Kaufen Sie AMB-FUBINACA zum Verkauf UK, Europa (auch bekannt als FUB-AMB\u00a0und\u00a0MMB-FUBINACA) ist ein\u00a0Indazol-basiertes Medikament synthetisches Cannabinoid, das ein starker\u00a0Agonist\u00a0f\u00fcr die\u00a0Cannabinoid-Rezeptoren, mit\u00a0Ki\u00a0Werten von 10,04\u00a0nM at CB1\u00a0und 0,786\u00a0nM bei\u00a0CB2\u00a0und\u00a0EC50\u00a0Werte von 0,5433\u00a0nM bei CB1\u00a0und 0,1278\u00a0nM bei CB2, und wurde online als Designerdroge verkauft","robots":{"index":"index","follow":"follow","max-snippet":"max-snippet:-1","max-image-preview":"max-image-preview:large","max-video-preview":"max-video-preview:-1"},"canonical":"https:\/\/medicinasinc.com\/de\/product\/kaufen-mit-fubinaca\/","og_locale":"de_DE","og_type":"article","og_title":"Kaufen Sie AMB-FUBINACA - FUB-AMB - MMB-FUBINACA - Best Global Meds","og_description":"Kaufen Sie AMB-FUBINACA zum Verkauf UK, Europa (auch bekannt als FUB-AMB\u00a0und\u00a0MMB-FUBINACA) ist ein\u00a0Indazol-basiertes Medikament synthetisches Cannabinoid, das ein starker\u00a0Agonist\u00a0f\u00fcr die\u00a0Cannabinoid-Rezeptoren, mit\u00a0Ki\u00a0Werten von 10,04\u00a0nM at CB1\u00a0und 0,786\u00a0nM bei\u00a0CB2\u00a0und\u00a0EC50\u00a0Werte von 0,5433\u00a0nM bei CB1\u00a0und 0,1278\u00a0nM bei CB2, und wurde online als Designerdroge verkauft","og_url":"https:\/\/medicinasinc.com\/de\/product\/kaufen-mit-fubinaca\/","og_site_name":"Medicinas Inc","article_modified_time":"2022-08-03T08:26:42+00:00","og_image":[{"width":400,"height":400,"url":"https:\/\/medicinasinc.com\/de\/wp-content\/uploads\/sites\/6\/2022\/02\/Buy-AMB-FUBINACA.jpg","type":"image\/jpeg"}],"twitter_card":"summary_large_image","twitter_misc":{"Gesch\u00e4tzte Lesezeit":"1\u00a0Minute"},"schema":{"@context":"https:\/\/schema.org","@graph":[{"@type":"WebPage","@id":"https:\/\/medicinasinc.com\/de\/product\/kaufen-mit-fubinaca\/","url":"https:\/\/medicinasinc.com\/de\/product\/kaufen-mit-fubinaca\/","name":"Kaufen Sie AMB-FUBINACA - FUB-AMB - MMB-FUBINACA - Best Global Meds","isPartOf":{"@id":"https:\/\/medicinasinc.com\/de\/#website"},"primaryImageOfPage":{"@id":"https:\/\/medicinasinc.com\/de\/product\/kaufen-mit-fubinaca\/#primaryimage"},"image":{"@id":"https:\/\/medicinasinc.com\/de\/product\/kaufen-mit-fubinaca\/#primaryimage"},"thumbnailUrl":"https:\/\/medicinasinc.com\/de\/wp-content\/uploads\/sites\/6\/2022\/02\/Buy-AMB-FUBINACA.jpg","datePublished":"2022-02-22T08:12:00+00:00","dateModified":"2022-08-03T08:26:42+00:00","description":"Kaufen Sie AMB-FUBINACA zum Verkauf UK, Europa (auch bekannt als FUB-AMB\u00a0und\u00a0MMB-FUBINACA) ist ein\u00a0Indazol-basiertes Medikament synthetisches Cannabinoid, das ein starker\u00a0Agonist\u00a0f\u00fcr die\u00a0Cannabinoid-Rezeptoren, mit\u00a0Ki\u00a0Werten von 10,04\u00a0nM at CB1\u00a0und 0,786\u00a0nM bei\u00a0CB2\u00a0und\u00a0EC50\u00a0Werte von 0,5433\u00a0nM bei CB1\u00a0und 0,1278\u00a0nM bei CB2, und wurde online als Designerdroge verkauft","breadcrumb":{"@id":"https:\/\/medicinasinc.com\/de\/product\/kaufen-mit-fubinaca\/#breadcrumb"},"inLanguage":"de","potentialAction":[{"@type":"ReadAction","target":["https:\/\/medicinasinc.com\/de\/product\/kaufen-mit-fubinaca\/"]}]},{"@type":"ImageObject","inLanguage":"de","@id":"https:\/\/medicinasinc.com\/de\/product\/kaufen-mit-fubinaca\/#primaryimage","url":"https:\/\/medicinasinc.com\/de\/wp-content\/uploads\/sites\/6\/2022\/02\/Buy-AMB-FUBINACA.jpg","contentUrl":"https:\/\/medicinasinc.com\/de\/wp-content\/uploads\/sites\/6\/2022\/02\/Buy-AMB-FUBINACA.jpg","width":400,"height":400},{"@type":"BreadcrumbList","@id":"https:\/\/medicinasinc.com\/de\/product\/kaufen-mit-fubinaca\/#breadcrumb","itemListElement":[{"@type":"ListItem","position":1,"name":"Einkaufen","item":"https:\/\/medicinasinc.com\/de\/einkaufen\/"},{"@type":"ListItem","position":2,"name":"Kaufen Sie AMB-FUBINACA"}]},{"@type":"WebSite","@id":"https:\/\/medicinasinc.com\/de\/#website","url":"https:\/\/medicinasinc.com\/de\/","name":"Medicinas Inc","description":"Health Medical Clinic","potentialAction":[{"@type":"SearchAction","target":{"@type":"EntryPoint","urlTemplate":"https:\/\/medicinasinc.com\/de\/?s={search_term_string}"},"query-input":{"@type":"PropertyValueSpecification","valueRequired":true,"valueName":"search_term_string"}}],"inLanguage":"de"}]}},"_links":{"self":[{"href":"https:\/\/medicinasinc.com\/de\/wp-json\/wp\/v2\/product\/5906","targetHints":{"allow":["GET"]}}],"collection":[{"href":"https:\/\/medicinasinc.com\/de\/wp-json\/wp\/v2\/product"}],"about":[{"href":"https:\/\/medicinasinc.com\/de\/wp-json\/wp\/v2\/types\/product"}],"replies":[{"embeddable":true,"href":"https:\/\/medicinasinc.com\/de\/wp-json\/wp\/v2\/comments?post=5906"}],"wp:featuredmedia":[{"embeddable":true,"href":"https:\/\/medicinasinc.com\/de\/wp-json\/wp\/v2\/media\/5936"}],"wp:attachment":[{"href":"https:\/\/medicinasinc.com\/de\/wp-json\/wp\/v2\/media?parent=5906"}],"wp:term":[{"taxonomy":"product_brand","embeddable":true,"href":"https:\/\/medicinasinc.com\/de\/wp-json\/wp\/v2\/product_brand?post=5906"},{"taxonomy":"product_cat","embeddable":true,"href":"https:\/\/medicinasinc.com\/de\/wp-json\/wp\/v2\/product_cat?post=5906"},{"taxonomy":"product_tag","embeddable":true,"href":"https:\/\/medicinasinc.com\/de\/wp-json\/wp\/v2\/product_tag?post=5906"}],"curies":[{"name":"wp","href":"https:\/\/api.w.org\/{rel}","templated":true}]}}